{"id":1775,"date":"2023-10-13T06:57:31","date_gmt":"2023-10-13T06:57:31","guid":{"rendered":"https:\/\/hydraulic-cylinders.net\/?post_type=product&#038;p=1775"},"modified":"2025-04-15T05:54:54","modified_gmt":"2025-04-15T05:54:54","slug":"trailing-suction-dredger-overflow-cylinder","status":"publish","type":"product","link":"https:\/\/www.hydraulic-cylinders.net\/sk\/produkt\/trailing-suction-dredger-overflow-cylinder\/","title":{"rendered":"Prepl\u0148ovac\u00ed valec vle\u010dn\u00e9ho sacieho bagra"},"content":{"rendered":"<h1 style=\"text-align: center;\"><strong>Prepl\u0148ovac\u00ed valec vle\u010dn\u00e9ho sacieho bagra<\/strong><\/h1>\n<h1 style=\"text-align: center;\"><img loading=\"lazy\" decoding=\"async\" class=\"alignnone wp-image-1776\" src=\"https:\/\/hydraulic-cylinders.net\/wp-content\/uploads\/2023\/10\/trailing-suction-dredger-overflow-cylinder-1-300x300.webp\" alt=\"\" width=\"400\" height=\"400\" \/><\/h1>\n<p>Prepadov\u00fd valec \u0165ahan\u00e9ho sacieho bagru je d\u00f4le\u017eitou s\u00fa\u010das\u0165ou modern\u00fdch bagrovac\u00edch zariaden\u00ed. Tento valec, navrhnut\u00fd na optimaliz\u00e1ciu v\u00fdkonu \u0165ahan\u00fdch sac\u00edch bagrov, zohr\u00e1va k\u013e\u00fa\u010dov\u00fa \u00falohu pri riaden\u00ed prepadov\u00e9ho syst\u00e9mu.<\/p>\n<p>Prepadov\u00fd valec \u0165ahan\u00e9ho sacieho bagru je z\u00e1kladnou s\u00fa\u010das\u0165ou pre dosiahnutie efekt\u00edvnych a \u00fa\u010dinn\u00fdch bagrovac\u00edch oper\u00e1ci\u00ed. V\u010faka svojej robustnej kon\u0161trukcii, presn\u00e9mu ovl\u00e1daniu, spo\u013eahliv\u00e9mu ovl\u00e1daniu a prisp\u00f4sobite\u013en\u00fdm nastaveniam tento valec zvy\u0161uje celkov\u00fd v\u00fdkon \u0165ahan\u00fdch sac\u00edch bagrov. Dodr\u017eiavan\u00edm odpor\u00fa\u010dan\u00fdch met\u00f3d pou\u017e\u00edvania a postupov \u00fadr\u017eby m\u00f4\u017eu oper\u00e1tori maximalizova\u0165 v\u00fdkon a \u017eivotnos\u0165 prepadov\u00e9ho valca, \u010d\u00edm sa v kone\u010dnom d\u00f4sledku zlep\u0161\u00ed \u00fa\u010dinnos\u0165 a \u00fa\u010dinnos\u0165 bagrovac\u00edch \u010dinnost\u00ed.<\/p>\n<p>K\u013e\u00fa\u010dov\u00e9 charakteristiky prepadov\u00e9ho valca vle\u010dn\u00e9ho sacieho bagru:<\/p>\n<ol>\n<li>Robustn\u00e1 kon\u0161trukcia:<\/li>\n<\/ol>\n<ul>\n<li>Prepadov\u00fd valec je vyroben\u00fd z vysoko kvalitn\u00fdch materi\u00e1lov, \u010do zais\u0165uje odolnos\u0165 a dlh\u00fa \u017eivotnos\u0165 aj v n\u00e1ro\u010dn\u00fdch bagrovac\u00edch podmienkach.<\/li>\n<li>Jeho robustn\u00e1 kon\u0161trukcia umo\u017e\u0148uje odol\u00e1va\u0165 vysok\u00e9mu tlaku, drsn\u00fdm podmienkam a neust\u00e1lemu pou\u017e\u00edvaniu, pri\u010dom si udr\u017eiava konzistentn\u00fd v\u00fdkon po\u010das bagrovac\u00edch oper\u00e1ci\u00ed.<\/li>\n<\/ul>\n<ol start=\"2\">\n<li>Presn\u00e9 ovl\u00e1danie:<\/li>\n<\/ol>\n<ul>\n<li>Tento valec pon\u00faka presn\u00e9 ovl\u00e1danie nad prepadov\u00fdm syst\u00e9mom, \u010do umo\u017e\u0148uje presn\u00e9 riadenie vybagrovan\u00e9ho materi\u00e1lu.<\/li>\n<li>Zais\u0165uje optim\u00e1lnu kontrolu a regul\u00e1ciu procesu prete\u010denia, \u010do u\u013eah\u010duje efekt\u00edvne oddelenie a vyp\u00fa\u0161\u0165anie sedimentov.<\/li>\n<\/ul>\n<ol start=\"3\">\n<li>Spo\u013eahliv\u00e9 ovl\u00e1danie:<\/li>\n<\/ol>\n<ul>\n<li>Prepadov\u00fd valec poskytuje spo\u013eahliv\u00e9 ovl\u00e1dacie schopnosti, \u010d\u00edm zabezpe\u010duje plynul\u00fd a konzistentn\u00fd chod prepadov\u00e9ho syst\u00e9mu.<\/li>\n<li>Poskytuje potrebn\u00fa silu na riadenie pohybu prepadovej hradly, \u010d\u00edm zabezpe\u010duje efekt\u00edvne riadenie toku vybagrovan\u00e9ho materi\u00e1lu.<\/li>\n<\/ul>\n<ol start=\"4\">\n<li>Prisp\u00f4sobite\u013en\u00e9 nastavenia:<\/li>\n<\/ol>\n<ul>\n<li>Tento valec umo\u017e\u0148uje prisp\u00f4sobite\u013en\u00e9 nastavenie r\u00f4znych parametrov, ako je r\u00fdchlos\u0165 otv\u00e1rania a zatv\u00e1rania, d\u013a\u017eka zdvihu a tlak ovl\u00e1dania.<\/li>\n<li>Prev\u00e1dzkovatelia m\u00f4\u017eu prisp\u00f4sobi\u0165 tieto nastavenia \u0161pecifick\u00fdm po\u017eiadavk\u00e1m na bagrovanie, \u010d\u00edm optimalizuj\u00fa \u00fa\u010dinnos\u0165 a efekt\u00edvnos\u0165 prepadov\u00e9ho syst\u00e9mu.<\/li>\n<\/ul>\n<h2><strong>Parameter prepl\u0148ovacieho valca vle\u010dn\u00e9ho sacieho bagru:<\/strong><\/h2>\n<table border=\"1\" cellspacing=\"0\" cellpadding=\"0\">\n<tbody>\n<tr>\n<td>N\u00e1zov produktu<\/td>\n<td>Prepl\u0148ovac\u00ed valec vle\u010dn\u00e9ho sacieho bagra<\/td>\n<\/tr>\n<tr>\n<td>Vlastnosti:<\/td>\n<td>Zabezpe\u010dte \u0165a\u017en\u00fa silu na zdv\u00edhanie od\u013eah\u010dovacej trubice<\/td>\n<\/tr>\n<tr>\n<td>Priemer otvoru:<\/td>\n<td>Do 280 mm<\/td>\n<\/tr>\n<tr>\n<td>Priemer ty\u010de:<\/td>\n<td>Do 180 mm<br \/>\nZdvih do 6000 mm<\/td>\n<\/tr>\n<tr>\n<td>Tlak:<\/td>\n<td>a\u017e 32 MPa<\/td>\n<\/tr>\n<tr>\n<td>\u0164ahov\u00e1 sila:<\/td>\n<td>Maxim\u00e1lne 900 kN<\/td>\n<\/tr>\n<tr>\n<td>Aplik\u00e1cie:<\/td>\n<td>\u0164ahov\u00fd sac\u00ed bagr<\/td>\n<\/tr>\n<\/tbody>\n<\/table>\n<div><\/div>\n<div>\n<div class=\"txtboxL\">\n<div class=\"txtboxL\">\n<div class=\"txtboxL\">\n<div class=\"txtboxL\">Vlastnosti:<\/div>\n<div class=\"txtboxR\">Zabezpe\u010dte \u0165a\u017en\u00fa silu na zdv\u00edhanie od\u013eah\u010dovacej trubice<\/div>\n<div class=\"txtboxL\">\u0160pecifik\u00e1cia:<\/div>\n<div class=\"txtboxR\">Priemer otvoru: do 280 mm<br \/>\nPriemer ty\u010de: do 180 mm<br \/>\nZdvih do 6000 mm<\/div>\n<div class=\"txtboxL\">Tlak\uff1a<\/div>\n<div class=\"txtboxR\">a\u017e 32 MPa<\/div>\n<div class=\"txtboxL\">\u0164ahov\u00e1 sila:<\/div>\n<div class=\"txtboxR\">Maxim\u00e1lne 900 kN<\/div>\n<\/div>\n<\/div>\n<\/div>\n<\/div>\n<h2><strong>Pou\u017eitie sac\u00edch valcov pre fr\u00e9zy a sacie valce n\u00e1dr\u017e\u00ed na bagre:<\/strong><\/h2>\n<p><img loading=\"lazy\" decoding=\"async\" class=\"alignnone wp-image-1757 size-full\" src=\"https:\/\/hydraulic-cylinders.net\/wp-content\/uploads\/2023\/10\/dredger-tank-cylinder-1.webp\" alt=\"\" width=\"600\" height=\"400\" srcset=\"https:\/\/hydraulic-cylinders.net\/wp-content\/uploads\/2023\/10\/dredger-tank-cylinder-1.webp 600w, https:\/\/hydraulic-cylinders.net\/wp-content\/uploads\/2023\/10\/dredger-tank-cylinder-1-480x320.webp 480w\" sizes=\"(min-width: 0px) and (max-width: 480px) 480px, (min-width: 481px) 600px, 100vw\" \/><\/p>\n<h2><strong>Met\u00f3da pou\u017eitia prepadov\u00e9ho valca vle\u010dn\u00e9ho sacieho bagra<\/strong><strong>:<\/strong><\/h2>\n<ol>\n<li><strong>In\u0161tal\u00e1cia:<\/strong><\/li>\n<\/ol>\n<ul>\n<li>Follow the manufacturer&#8217;s guidelines to install the Overflow Cylinder securely onto the trailing suction dredger.<\/li>\n<li>Zabezpe\u010dte spr\u00e1vne zarovnanie a upevnenie valca k prepadov\u00e9mu uz\u00e1veru a s\u00favisiacim komponentom, aby ste zabezpe\u010dili plynul\u00fd a spo\u013eahliv\u00fd chod.<\/li>\n<\/ul>\n<ol start=\"2\">\n<li><strong>Spr\u00e1va prete\u010den\u00e9ho syst\u00e9mu:<\/strong><\/li>\n<\/ol>\n<ul>\n<li>Utilize the dredger&#8217;s control system to operate and manage the Overflow Cylinder.<\/li>\n<li>Ovl\u00e1dajte otv\u00e1ranie a zatv\u00e1ranie prepadovej br\u00e1ny pomocou ur\u010den\u00fdch ovl\u00e1dac\u00edch prvkov, \u010do umo\u017e\u0148uje presn\u00fa kontrolu toku a vyp\u00fa\u0161\u0165ania vybagrovan\u00e9ho materi\u00e1lu.<\/li>\n<\/ul>\n<ol start=\"3\">\n<li><strong>Bagrovacie oper\u00e1cie:<\/strong><\/li>\n<\/ol>\n<ul>\n<li>Aktivujte prepadov\u00fd valec na nastavenie polohy prepadovej klapky pod\u013ea potreby po\u010das bagrovac\u00edch oper\u00e1ci\u00ed.<\/li>\n<li>Adjust the cylinder&#8217;s settings, such as speed and stroke length, to optimize the overflow process and ensure efficient sediment separation and discharge.<\/li>\n<\/ul>\n<h2><strong>Ako rozobra\u0165 hydraulick\u00fd valec?<\/strong><\/h2>\n<p>Demont\u00e1\u017e hydraulick\u00e9ho valca si vy\u017eaduje starostliv\u00fa pozornos\u0165 a dodr\u017eiavanie spr\u00e1vnych postupov, aby sa zabezpe\u010dila bezpe\u010dn\u00e1 a efekt\u00edvna demont\u00e1\u017e. Tu je podrobn\u00fd n\u00e1vod, ako rozobra\u0165 hydraulick\u00fd valec:<\/p>\n<ol>\n<li><strong>Zhroma\u017edite potrebn\u00e9 n\u00e1stroje a vybavenie:<\/strong>\n<ul>\n<li>Sada k\u013e\u00fa\u010dov alebo obj\u00edmok<\/li>\n<li>P\u00e1\u010didlo alebo skrutkova\u010d<\/li>\n<li>Gumov\u00e9 kladivo alebo kladivo s \u00faderom<\/li>\n<li>\u010cist\u00e9 handry alebo utierky do obchodu<\/li>\n<li>Zachyt\u00e1vacia va\u0148a alebo n\u00e1doba na hydraulick\u00fa kvapalinu<\/li>\n<li>Ochrann\u00e9 rukavice a ochrann\u00e9 okuliare<\/li>\n<\/ul>\n<\/li>\n<li><strong>Pripravte si pracovn\u00fd priestor:<\/strong>\n<ul>\n<li>Uistite sa, \u017ee m\u00e1te \u010dist\u00fd a usporiadan\u00fd pracovn\u00fd priestor s dostato\u010dn\u00fdm priestorom na rozlo\u017eenie rozobrat\u00fdch komponentov.<\/li>\n<li>Na zachytenie rozliatej hydraulickej kvapaliny umiestnite sav\u00fa podlo\u017eku alebo materi\u00e1l absorbuj\u00faci olej.<\/li>\n<\/ul>\n<\/li>\n<li><strong>Uvo\u013enite hydraulick\u00fd tlak:<\/strong>\n<ul>\n<li>Pred za\u010dat\u00edm procesu demont\u00e1\u017ee uvo\u013enite hydraulick\u00fd tlak z valca. To je mo\u017en\u00e9 vykona\u0165 aktiv\u00e1ciou riadiaceho ventilu hydraulick\u00e9ho syst\u00e9mu, aby sa valec \u00faplne zasunul.<\/li>\n<\/ul>\n<\/li>\n<li><strong>Odstr\u00e1nenie armat\u00far a spojov:<\/strong>\n<ul>\n<li>Pomocou k\u013e\u00fa\u010dov alebo sady obj\u00edmok opatrne uvo\u013enite a odstr\u00e1\u0148te v\u0161etky spoje, konektory alebo hydraulick\u00e9 hadice pripojen\u00e9 k valcu.<\/li>\n<li>Pre op\u00e4tovn\u00fa mont\u00e1\u017e si sledujte umiestnenie spojovac\u00edch prvkov a ich pr\u00edslu\u0161n\u00e9 polohy.<\/li>\n<\/ul>\n<\/li>\n<li><strong>Zaistite valec:<\/strong>\n<ul>\n<li>Uistite sa, \u017ee valec je spr\u00e1vne podopret\u00fd vhodn\u00fdm pracovn\u00fdm stolom alebo zver\u00e1kom, aby sa zabr\u00e1nilo jeho p\u00e1du alebo kot\u00fa\u013eaniu po\u010das demont\u00e1\u017ee.<\/li>\n<\/ul>\n<\/li>\n<li><strong>Odstr\u00e1\u0148te priechodku alebo koncov\u00fd uz\u00e1ver:<\/strong>\n<ul>\n<li>Upch\u00e1vka alebo koncov\u00fd uz\u00e1ver sa zvy\u010dajne nach\u00e1dza na konci ty\u010de valca.<\/li>\n<li>Na uvo\u013enenie a odstr\u00e1nenie upev\u0148ovac\u00edch skrutiek alebo mat\u00edc pou\u017eite k\u013e\u00fa\u010d alebo obj\u00edmku.<\/li>\n<li>Ak je upch\u00e1vka alebo koncov\u00fd uz\u00e1ver zaseknut\u00fd, m\u00f4\u017eete ho jemne udrie\u0165 gumov\u00fdm kladivom alebo \u00faderov\u00fdm kladivom, aby ste ho uvo\u013enili.<\/li>\n<li>Po uvo\u013enen\u00ed opatrne odstr\u00e1\u0148te upch\u00e1vku alebo koncov\u00fd uz\u00e1ver a nechajte v\u0161etku hydraulick\u00fa kvapalinu odtiec\u0165 do zachyt\u00e1vacej misky.<\/li>\n<\/ul>\n<\/li>\n<li><strong>V\u00fdber zostavy piestu a ty\u010de:<\/strong>\n<ul>\n<li>Po odstr\u00e1nen\u00ed upch\u00e1vky alebo koncov\u00e9ho uz\u00e1veru m\u00e1te teraz pr\u00edstup k zostave piesta a ty\u010de.<\/li>\n<li>Opatrne vysu\u0148te zostavu piesta a ty\u010de z valca a pevne ju dr\u017ete, aby nespadla alebo sa nepo\u0161kodila.<\/li>\n<li>Ak je zostava zaseknut\u00e1, m\u00f4\u017eete pou\u017ei\u0165 p\u00e1\u010didlo alebo skrutkova\u010d na opatrn\u00e9 vytiahnutie a pom\u00f4c\u0165 pri jej odstr\u00e1nen\u00ed.<\/li>\n<\/ul>\n<\/li>\n<li><strong>Skontrolujte a vy\u010distite komponenty:<\/strong>\n<ul>\n<li>Po demont\u00e1\u017ei skontrolujte v\u0161etky komponenty, \u010di nejavia zn\u00e1mky opotrebovania, po\u0161kodenia alebo kontamin\u00e1cie.<\/li>\n<li>D\u00f4kladne o\u010distite komponenty \u010dist\u00fdmi handrami alebo utierkami a odstr\u00e1\u0148te v\u0161etky ne\u010distoty, \u00falomky alebo hydraulick\u00fa kvapalinu.<\/li>\n<li>Venujte zv\u00fd\u0161en\u00fa pozornos\u0165 piestu, ojnici, valcu a tesneniam.<\/li>\n<\/ul>\n<\/li>\n<li><strong>V\u00fdmena alebo oprava komponentov:<\/strong>\n<ul>\n<li>Ak s\u00fa niektor\u00e9 komponenty opotrebovan\u00e9 alebo po\u0161koden\u00e9, odpor\u00fa\u010da sa ich vymeni\u0165 za nov\u00e9.<\/li>\n<li>Skontrolujte tesnenia, \u010di nejavia zn\u00e1mky opotrebovania, a v pr\u00edpade potreby ich vyme\u0148te.<\/li>\n<li>Consult the manufacturer&#8217;s guidelines or seek professional advice if you are unsure about component replacement or repair.<\/li>\n<\/ul>\n<\/li>\n<li><strong>Op\u00e4tovn\u00e1 mont\u00e1\u017e:<\/strong>\n<ul>\n<li>Follow the manufacturer&#8217;s instructions for reassembling the hydraulic cylinder.<\/li>\n<li>Po\u010das op\u00e4tovnej mont\u00e1\u017ee naneste na tesnenia a komponenty vhodn\u00fa hydraulick\u00fa kvapalinu alebo mazivo.<\/li>\n<li>Uistite sa, \u017ee v\u0161etky spoje a spoje s\u00fa utiahnut\u00e9 na predp\u00edsan\u00fd kr\u00fatiaci moment.<\/li>\n<li>Pred dokon\u010den\u00edm op\u00e4tovnej mont\u00e1\u017ee dvakr\u00e1t skontrolujte spr\u00e1vne zarovnanie a orient\u00e1ciu komponentov.<\/li>\n<\/ul>\n<\/li>\n<\/ol>\n<h2><strong>Schopnos\u0165 a kapacita tov\u00e1rne:<\/strong><\/h2>\n<h3>(1) Mont\u00e1\u017e<\/h3>\n<p>Disponujeme prvotriednou nez\u00e1vislou v\u00fdskumnou a v\u00fdvojovou mont\u00e1\u017enou platformou. Diel\u0148a na v\u00fdrobu hydraulick\u00fdch valcov m\u00e1 \u0161tyri poloautomatick\u00e9 mont\u00e1\u017ene linky zdv\u00edhac\u00edch valcov a jednu automatick\u00fa mont\u00e1\u017enu linku nakl\u00e1pac\u00edch valcov s projektovanou ro\u010dnou v\u00fdrobnou kapacitou 1 mili\u00f3n kusov. Diel\u0148a na v\u00fdrobu \u0161peci\u00e1lnych valcov je vybaven\u00e1 r\u00f4znymi \u0161pecifik\u00e1ciami poloautomatick\u00e9ho syst\u00e9mu \u010distenia a mont\u00e1\u017ee s projektovanou ro\u010dnou v\u00fdrobnou kapacitou 200 000 kusov a je vybaven\u00e1 zn\u00e1mym CNC obr\u00e1bac\u00edm zariaden\u00edm, obr\u00e1bac\u00edm centrom, \u0161peci\u00e1lnym zariaden\u00edm na vysoko presn\u00e9 spracovanie valcov, robotick\u00fdm zv\u00e1rac\u00edm strojom, automatick\u00fdm \u010distiacim strojom, automatick\u00fdm mont\u00e1\u017enym strojom valcov a automatickou lakovacou v\u00fdrobnou linkou. Existuj\u00face kritick\u00e9 zariadenia maj\u00fa viac ako 300 s\u00faprav (s\u00e1d). Optim\u00e1lne alokovanie a efekt\u00edvne vyu\u017e\u00edvanie zdrojov zariaden\u00ed zabezpe\u010duje po\u017eiadavky na presnos\u0165 v\u00fdrobkov a sp\u013a\u0148a po\u017eiadavky na vysok\u00fa kvalitu v\u00fdrobkov.<\/p>\n<p><img loading=\"lazy\" decoding=\"async\" class=\"alignnone wp-image-626\" src=\"https:\/\/hydraulic-cylinders.net\/wp-content\/uploads\/2023\/08\/hydraulic-cylinder-product-1-300x158.webp\" alt=\"\" width=\"495\" height=\"260\" srcset=\"https:\/\/hydraulic-cylinders.net\/wp-content\/uploads\/2023\/08\/hydraulic-cylinder-product-1-300x158.webp 495w, https:\/\/hydraulic-cylinders.net\/wp-content\/uploads\/2023\/08\/hydraulic-cylinder-product-1-480x252.webp 480w\" sizes=\"(min-width: 0px) and (max-width: 480px) 480px, (min-width: 481px) 495px, 100vw\" \/> <img loading=\"lazy\" decoding=\"async\" class=\"alignnone wp-image-627\" src=\"https:\/\/hydraulic-cylinders.net\/wp-content\/uploads\/2023\/08\/hydraulic-cylinder-product-2-300x189.webp\" alt=\"\" width=\"413\" height=\"260\" \/><\/p>\n<h3>(2) Obr\u00e1banie<\/h3>\n<p>Obr\u00e1bacia diel\u0148a je vybaven\u00e1 prisp\u00f4soben\u00fdm s\u00fastru\u017en\u00edckym centrom na \u0161ikm\u00e9 ko\u013eajnice, obr\u00e1bac\u00edm centrom, vysokor\u00fdchlostn\u00fdm honovac\u00edm strojom, zv\u00e1rac\u00edm robotom a \u010fal\u0161\u00edm s\u00favisiacim zariaden\u00edm, ktor\u00e9 dok\u00e1\u017ee spracova\u0165 valcov\u00e9 r\u00fary s maxim\u00e1lnym vn\u00fatorn\u00fdm priemerom 400 mm a maxim\u00e1lnou d\u013a\u017ekou 6 metrov.<\/p>\n<p><img loading=\"lazy\" decoding=\"async\" class=\"alignnone wp-image-628 size-large\" src=\"https:\/\/hydraulic-cylinders.net\/wp-content\/uploads\/2023\/08\/hydraulic-cylinder-product-3-1024x391.webp\" alt=\"\" width=\"1024\" height=\"391\" srcset=\"https:\/\/hydraulic-cylinders.net\/wp-content\/uploads\/2023\/08\/hydraulic-cylinder-product-3-980x374.webp 980w, https:\/\/hydraulic-cylinders.net\/wp-content\/uploads\/2023\/08\/hydraulic-cylinder-product-3-480x183.webp 480w\" sizes=\"(min-width: 0px) and (max-width: 480px) 480px, (min-width: 481px) and (max-width: 980px) 980px, (min-width: 981px) 1024px, 100vw\" \/><\/p>\n<h3>(3) Zv\u00e1ranie<\/h3>\n<p><img loading=\"lazy\" decoding=\"async\" class=\"alignnone wp-image-629 size-large\" src=\"https:\/\/hydraulic-cylinders.net\/wp-content\/uploads\/2023\/08\/hydraulic-cylinder-product-4-1024x510.webp\" alt=\"\" width=\"1024\" height=\"510\" srcset=\"https:\/\/hydraulic-cylinders.net\/wp-content\/uploads\/2023\/08\/hydraulic-cylinder-product-4-980x488.webp 980w, https:\/\/hydraulic-cylinders.net\/wp-content\/uploads\/2023\/08\/hydraulic-cylinder-product-4-480x239.webp 480w\" sizes=\"(min-width: 0px) and (max-width: 480px) 480px, (min-width: 481px) and (max-width: 980px) 980px, (min-width: 981px) 1024px, 100vw\" \/><\/p>\n<h3>(4) Ma\u013eovanie a natieranie<\/h3>\n<p>S mal\u00fdmi a stredne ve\u013ek\u00fdmi valcov\u00fdmi automatick\u00fdmi linkami na nan\u00e1\u0161anie farieb na vodnej b\u00e1ze, na dosiahnutie automatick\u00e9ho nakladania a vykladania robotmi a automatick\u00e9ho striekania, je projektovan\u00e1 kapacita 4000 kusov za smenu;<br \/>\nM\u00e1me tie\u017e poloautomatick\u00fa linku na v\u00fdrobu farieb pre ve\u013ek\u00e9 valce poh\u00e1\u0148an\u00e9 re\u0165azou s projektovanou kapacitou 60 kusov za smenu.<\/p>\n<p><img loading=\"lazy\" decoding=\"async\" class=\"alignnone wp-image-630\" src=\"https:\/\/hydraulic-cylinders.net\/wp-content\/uploads\/2023\/08\/hydraulic-cylinder-product-5-300x213.webp\" alt=\"\" width=\"366\" height=\"260\" \/> <img loading=\"lazy\" decoding=\"async\" class=\"alignnone wp-image-631\" src=\"https:\/\/hydraulic-cylinders.net\/wp-content\/uploads\/2023\/08\/hydraulic-cylinder-product-6-300x225.webp\" alt=\"\" width=\"347\" height=\"260\" \/><\/p>\n<h3>(5) Testovanie<\/h3>\n<p>Disponujeme prvotriednymi kontroln\u00fdmi zariadeniami a sk\u00fa\u0161obn\u00fdmi zariadeniami, ktor\u00e9 zabezpe\u010duj\u00fa, \u017ee v\u00fdkonnos\u0165 valca sp\u013a\u0148a po\u017eiadavky.<\/p>\n<p><img loading=\"lazy\" decoding=\"async\" class=\"alignnone wp-image-632\" src=\"https:\/\/hydraulic-cylinders.net\/wp-content\/uploads\/2023\/08\/hydraulic-cylinder-product-8-300x200.webp\" alt=\"\" width=\"389\" height=\"260\" \/><\/p>\n<p>&nbsp;<\/p>\n<p>&nbsp;<\/p>\n<p>Sme jedn\u00fdm z najlep\u0161\u00edch v\u00fdrobcov hydraulick\u00fdch valcov. Pon\u00fakame komplexn\u00e9 hydraulick\u00e9 valce. Poskytujeme aj zodpovedaj\u00face <a href=\"https:\/\/hzpt.com\/agricultural-pto-gearbox\/\" target=\"_blank\" rel=\"noopener\">po\u013enohospod\u00e1rske prevodovky<\/a>Na\u0161e produkty sme vyv\u00e1\u017eali klientom po celom svete a v\u010faka vynikaj\u00facej kvalite produktov a popredajn\u00e9mu servisu sme si z\u00edskali dobr\u00fa reput\u00e1ciu. V\u00edtame z\u00e1kazn\u00edkov doma aj v zahrani\u010d\u00ed, ktor\u00ed n\u00e1s kontaktuj\u00fa za \u00fa\u010delom rokovania o obchodn\u00fdch z\u00e1le\u017eitostiach, v\u00fdmeny inform\u00e1ci\u00ed a <a href=\"https:\/\/www.hydraulic-cylinders.net\/sk\/contact-us\/\">spolupracova\u0165 s nami<\/a>!<\/p>","protected":false},"excerpt":{"rendered":"<p>Trailing Suction Dredger Overflow Cylinder The trailing suction dredger overflow cylinder is a vital component in modern dredging equipment. Designed to optimize the performance of trailing suction dredgers, this cylinder plays a crucial role in managing the overflow system. The trailing suction dredger overflow cylinder is an essential component for achieving efficient and effective dredging [&hellip;]<\/p>","protected":false},"featured_media":1777,"comment_status":"open","ping_status":"closed","template":"","meta":{"_et_pb_use_builder":"","_et_pb_old_content":"","_et_gb_content_width":""},"product_brand":[],"product_cat":[1535,1549,1552,1376],"product_tag":[1380],"class_list":{"0":"post-1775","1":"product","2":"type-product","3":"status-publish","4":"has-post-thumbnail","6":"product_cat-dredger-hydraulic-cylinders","7":"product_cat-single-acting-hydraulic-cylinder","8":"product_cat-stainless-steel-hydraulic-cylinder","9":"product_cat-hydraulic-cylinder","10":"product_tag-hydraulic-cylinder","12":"first","13":"instock","14":"shipping-taxable","15":"product-type-simple"},"amp_enabled":true,"_links":{"self":[{"href":"https:\/\/www.hydraulic-cylinders.net\/sk\/wp-json\/wp\/v2\/product\/1775","targetHints":{"allow":["GET"]}}],"collection":[{"href":"https:\/\/www.hydraulic-cylinders.net\/sk\/wp-json\/wp\/v2\/product"}],"about":[{"href":"https:\/\/www.hydraulic-cylinders.net\/sk\/wp-json\/wp\/v2\/types\/product"}],"replies":[{"embeddable":true,"href":"https:\/\/www.hydraulic-cylinders.net\/sk\/wp-json\/wp\/v2\/comments?post=1775"}],"wp:featuredmedia":[{"embeddable":true,"href":"https:\/\/www.hydraulic-cylinders.net\/sk\/wp-json\/wp\/v2\/media\/1777"}],"wp:attachment":[{"href":"https:\/\/www.hydraulic-cylinders.net\/sk\/wp-json\/wp\/v2\/media?parent=1775"}],"wp:term":[{"taxonomy":"product_brand","embeddable":true,"href":"https:\/\/www.hydraulic-cylinders.net\/sk\/wp-json\/wp\/v2\/product_brand?post=1775"},{"taxonomy":"product_cat","embeddable":true,"href":"https:\/\/www.hydraulic-cylinders.net\/sk\/wp-json\/wp\/v2\/product_cat?post=1775"},{"taxonomy":"product_tag","embeddable":true,"href":"https:\/\/www.hydraulic-cylinders.net\/sk\/wp-json\/wp\/v2\/product_tag?post=1775"}],"curies":[{"name":"pracovn\u00fd list","href":"https:\/\/api.w.org\/{rel}","templated":true}]}}