{"id":1785,"date":"2023-10-13T08:07:17","date_gmt":"2023-10-13T08:07:17","guid":{"rendered":"https:\/\/hydraulic-cylinders.net\/?post_type=product&#038;p=1785"},"modified":"2025-04-15T05:54:48","modified_gmt":"2025-04-15T05:54:48","slug":"jack-up-offshore-platform-lifting-cylinder","status":"publish","type":"product","link":"https:\/\/www.hydraulic-cylinders.net\/sk\/produkt\/jack-up-offshore-platform-lifting-cylinder\/","title":{"rendered":"Zdv\u00edhac\u00ed valec pre zdv\u00edhaciu plo\u0161inu na mori"},"content":{"rendered":"<h1 style=\"text-align: center;\"><strong>Zdv\u00edhac\u00ed valec pre zdv\u00edhaciu plo\u0161inu na mori<\/strong><\/h1>\n<h1 style=\"text-align: center;\"><img loading=\"lazy\" decoding=\"async\" class=\"alignnone wp-image-1786\" src=\"https:\/\/hydraulic-cylinders.net\/wp-content\/uploads\/2023\/10\/lifting-cylinder-1-2-300x300.webp\" alt=\"\" width=\"400\" height=\"400\" \/><\/h1>\n<p>Zdv\u00edhac\u00ed valec pre offshore plo\u0161iny je \u0161pi\u010dkov\u00fd hydraulick\u00fd syst\u00e9m ur\u010den\u00fd \u0161peci\u00e1lne pre offshore plo\u0161iny. Je k\u013e\u00fa\u010dov\u00fd pri zdv\u00edhan\u00ed a stabiliz\u00e1cii m\u00e9di\u00ed, \u010d\u00edm zabezpe\u010duje bezpe\u010dn\u00fa a efekt\u00edvnu prev\u00e1dzku v n\u00e1ro\u010dn\u00fdch prostrediach na mori. V\u010faka svojim pokro\u010dil\u00fdm funkci\u00e1m a robustnej kon\u0161trukcii je tento zdv\u00edhac\u00ed valec rie\u0161en\u00edm pre offshore priemysel na celom svete.<\/p>\n<p>Zdv\u00edhac\u00ed valec pre zdv\u00edhacie plo\u0161iny na mori je spo\u013eahliv\u00fd a efekt\u00edvny hydraulick\u00fd syst\u00e9m ur\u010den\u00fd na zdv\u00edhanie a stabiliz\u00e1ciu offshore plo\u0161\u00edn. Jeho robustn\u00e1 kon\u0161trukcia, vysok\u00e1 nosnos\u0165 a nastavite\u013en\u00e1 v\u00fd\u0161ka zabezpe\u010duj\u00fa bezpe\u010dn\u00fa a bezprobl\u00e9mov\u00fa prev\u00e1dzku v n\u00e1ro\u010dn\u00fdch prostrediach na mori. Dodr\u017eiavan\u00edm odpor\u00fa\u010dan\u00fdch met\u00f3d pou\u017e\u00edvania a vykon\u00e1van\u00edm pravideln\u00fdch \u00fadr\u017eb\u00e1rskych postupov m\u00f4\u017eu oper\u00e1tori maximalizova\u0165 \u017eivotnos\u0165 a v\u00fdkon tohto z\u00e1kladn\u00e9ho zdv\u00edhacieho rie\u0161enia, \u010d\u00edm prispievaj\u00fa k \u00faspechu offshore projektov.<\/p>\n<p>K\u013e\u00fa\u010dov\u00e9 vlastnosti zdv\u00edhacieho valca pre zdv\u00edhacie plo\u0161iny na mori:<\/p>\n<ul>\n<li>Robustn\u00e1 kon\u0161trukcia: Zdv\u00edhac\u00ed valec je skon\u0161truovan\u00fd tak, aby odolal n\u00e1ro\u010dn\u00fdm podmienkam pobre\u017en\u00e9ho prostredia. Je vyroben\u00fd z vysoko kvalitn\u00fdch materi\u00e1lov odoln\u00fdch vo\u010di kor\u00f3zii, pon\u00faka v\u00fdnimo\u010dn\u00fa odolnos\u0165 a dlh\u00fa \u017eivotnos\u0165, \u010d\u00edm minimalizuje n\u00e1roky na \u00fadr\u017ebu.<\/li>\n<li>Vysok\u00e1 nosnos\u0165: Zdv\u00edhac\u00ed valec sa m\u00f4\u017ee pochv\u00e1li\u0165 p\u00f4sobivou nosnos\u0165ou, ktor\u00e1 mu umo\u017e\u0148uje \u013eahko manipulova\u0165 s \u0165a\u017ek\u00fdmi bremenami. Poskytuje spo\u013eahliv\u00fa oporu pre cel\u00fa plo\u0161inu po\u010das zdv\u00edhania, \u010d\u00edm zais\u0165uje stabilitu a bezpe\u010dnos\u0165 po\u010das prev\u00e1dzky.<\/li>\n<li>Hydraulick\u00fd pohon: Zdv\u00edhac\u00ed valec, poh\u00e1\u0148an\u00fd hydraulick\u00fdm syst\u00e9mom, vyu\u017e\u00edva silu generovan\u00fa tlakov\u00fdmi kvapalinami na zdv\u00edhanie a sp\u00fa\u0161\u0165anie plo\u0161iny. Tento hydraulick\u00fd mechanizmus pon\u00faka presn\u00e9 ovl\u00e1danie procesu zdv\u00edhania a zabezpe\u010duje plynul\u00e9 a kontrolovan\u00e9 pohyby.<\/li>\n<li>Nastavite\u013en\u00e1 v\u00fd\u0161ka: Zdv\u00edhac\u00ed valec plo\u0161iny pre \u0165a\u017ek\u00fa \u200b\u200bplatformu umo\u017e\u0148uje nastavite\u013en\u00fa v\u00fd\u0161ku plo\u0161iny, ktor\u00e1 sa prisp\u00f4sob\u00ed r\u00f4znym h\u013abkam vody a morsk\u00fdm podmienkam. T\u00e1to prisp\u00f4sobivos\u0165 zais\u0165uje optim\u00e1lne umiestnenie plo\u0161iny, zvy\u0161uje stabilitu a u\u013eah\u010duje efekt\u00edvnu prev\u00e1dzku.<\/li>\n<\/ul>\n<h2><strong>Parameter zdv\u00edhacieho valca pre zdv\u00edhaciu plo\u0161inu na mori:<\/strong><\/h2>\n<table border=\"1\" cellspacing=\"0\" cellpadding=\"0\">\n<tbody>\n<tr>\n<td>N\u00e1zov produktu<\/td>\n<td>Zdv\u00edhac\u00ed valec pre zdv\u00edhaciu plo\u0161inu na mori<\/td>\n<\/tr>\n<tr>\n<td>Vlastnosti:<\/td>\n<td>Zdv\u00edhanie a sp\u00fa\u0161\u0165anie plo\u0161iny realizujte poh\u00e1\u0148an\u00edm prstencov\u00e9ho nosn\u00edka<\/td>\n<\/tr>\n<tr>\n<td>Priemer otvoru:<\/td>\n<td>Do 700 mm<\/td>\n<\/tr>\n<tr>\n<td>Priemer ty\u010de:<\/td>\n<td>A\u017e 420 mm<br \/>\nZdvih a\u017e 2150 mm<\/td>\n<\/tr>\n<tr>\n<td>Tlak\uff1a<\/td>\n<td>a\u017e 32 MPa<\/td>\n<\/tr>\n<tr>\n<td>Senzor:<\/td>\n<td>Extern\u00fd sn\u00edma\u010d posunutia je mo\u017en\u00e9 nakonfigurova\u0165 tak, aby sp\u013a\u0148al potreby \u00fadr\u017eby a v\u00fdmeny sn\u00edma\u010da bez demont\u00e1\u017ee valcov.<\/td>\n<\/tr>\n<tr>\n<td>Aplik\u00e1cie:<\/td>\n<td>Zdv\u00edhacia plo\u0161ina na mori<\/td>\n<\/tr>\n<\/tbody>\n<\/table>\n<div><\/div>\n<div>\n<div class=\"txtboxL\">\n<div class=\"txtboxL\">\n<div class=\"txtboxL\">\n<div class=\"txtboxL\">\n<div class=\"txtboxL\">\n<div class=\"txtboxL\">Vlastnosti:<\/div>\n<div class=\"txtboxR\">Zdv\u00edhanie a sp\u00fa\u0161\u0165anie plo\u0161iny realizujte poh\u00e1\u0148an\u00edm prstencov\u00e9ho nosn\u00edka<\/div>\n<div class=\"txtboxL\">\u0160pecifik\u00e1cia:<\/div>\n<div class=\"txtboxR\">Priemer otvoru: do 700 mm<br \/>\nPriemer ty\u010de: do 420 mm<br \/>\nZdvih a\u017e 2150 mm<\/div>\n<div class=\"txtboxL\">Tlak\uff1a<\/div>\n<div class=\"txtboxR\">a\u017e 32 MPa<\/div>\n<div class=\"txtboxL\">Senzor:<\/div>\n<div class=\"txtboxR\">Extern\u00fd sn\u00edma\u010d posunutia je mo\u017en\u00e9 nakonfigurova\u0165 tak, aby sp\u013a\u0148al potreby \u00fadr\u017eby a v\u00fdmeny sn\u00edma\u010da bez demont\u00e1\u017ee valcov.<\/div>\n<\/div>\n<\/div>\n<\/div>\n<\/div>\n<\/div>\n<\/div>\n<h2><strong>Pou\u017eitie zdv\u00edhacieho valca na pobre\u017enej platforme:<\/strong><\/h2>\n<p><img loading=\"lazy\" decoding=\"async\" class=\"alignnone wp-image-1788 size-full\" src=\"https:\/\/hydraulic-cylinders.net\/wp-content\/uploads\/2023\/10\/jack-up-offshore-platform-cylinder-1.webp\" alt=\"\" width=\"1418\" height=\"946\" srcset=\"https:\/\/hydraulic-cylinders.net\/wp-content\/uploads\/2023\/10\/jack-up-offshore-platform-cylinder-1.webp 1418w, https:\/\/hydraulic-cylinders.net\/wp-content\/uploads\/2023\/10\/jack-up-offshore-platform-cylinder-1-1280x854.webp 1280w, https:\/\/hydraulic-cylinders.net\/wp-content\/uploads\/2023\/10\/jack-up-offshore-platform-cylinder-1-980x654.webp 980w, https:\/\/hydraulic-cylinders.net\/wp-content\/uploads\/2023\/10\/jack-up-offshore-platform-cylinder-1-480x320.webp 480w\" sizes=\"(min-width: 0px) and (max-width: 480px) 480px, (min-width: 481px) and (max-width: 980px) 980px, (min-width: 981px) and (max-width: 1280px) 1280px, (min-width: 1281px) 1418px, 100vw\" \/><\/p>\n<h2><strong>Met\u00f3da pou\u017eitia zdv\u00edhacieho valca pre zdv\u00edhaciu plo\u0161inu na mori<\/strong><strong>:<\/strong><\/h2>\n<ol>\n<li>Pr\u00edprava pred zdv\u00edhan\u00edm: Pred za\u010dat\u00edm zdv\u00edhania sa uistite, \u017ee plo\u0161ina je bezpe\u010dne umiestnen\u00e1 a s\u00fa zaveden\u00e9 v\u0161etky bezpe\u010dnostn\u00e9 opatrenia. Vykonajte d\u00f4kladn\u00fa kontrolu zdv\u00edhacieho valca a s\u00favisiacich komponentov.<\/li>\n<li>Aktiv\u00e1cia hydraulick\u00e9ho syst\u00e9mu: Aktivujte hydraulick\u00fd syst\u00e9m a zabezpe\u010dte spr\u00e1vnu \u00farove\u0148 tlaku a pr\u00edvod kvapaliny. T\u00fdm sa zabezpe\u010d\u00ed potrebn\u00e1 sila pre zdv\u00edhac\u00ed valec na zdvihnutie plo\u0161iny.<\/li>\n<li>Kontrolovan\u00e9 zdv\u00edhanie: Aktivujte zdv\u00edhac\u00ed valec pomocou hydraulick\u00fdch ovl\u00e1dac\u00edch prvkov na postupn\u00e9 zdv\u00edhanie plo\u0161iny do po\u017eadovanej v\u00fd\u0161ky. Pozorne sledujte proces a zabezpe\u010dte plynul\u00e9 a kontrolovan\u00e9 pohyby.<\/li>\n<li>Stabiliz\u00e1cia: Po dosiahnut\u00ed po\u017eadovanej v\u00fd\u0161ky aktivujte mechanizmus stabiliz\u00e1cie plo\u0161iny a zabezpe\u010dte, aby plo\u0161ina po\u010das prev\u00e1dzky zostala bezpe\u010dne umiestnen\u00e1 a rovn\u00e1.<\/li>\n<\/ol>\n<h2><strong>Ako odstr\u00e1ni\u0165 \u010dapy hydraulick\u00e9ho valca?<\/strong><\/h2>\n<p>Odstr\u00e1nenie \u010dapov hydraulick\u00e9ho valca si vy\u017eaduje opatrn\u00e9 zaobch\u00e1dzanie a dodr\u017eiavanie bezpe\u010dnostn\u00fdch postupov. Tu je podrobn\u00fd n\u00e1vod, ako odstr\u00e1ni\u0165 \u010dapy hydraulick\u00e9ho valca:<\/p>\n<ol>\n<li><strong>Pripravte si pracovn\u00fd priestor:<\/strong> Uistite sa, \u017ee m\u00e1te \u010dist\u00fd a dobre osvetlen\u00fd pracovn\u00fd priestor. Odstr\u00e1\u0148te v\u0161etky prek\u00e1\u017eky okolo hydraulick\u00e9ho valca, aby ste umo\u017enili \u013eahk\u00fd pr\u00edstup k procesu vyberania \u010dapu.<\/li>\n<li><strong>Uvo\u013e\u0148ovac\u00ed tlak:<\/strong> Pred pokusom o odstr\u00e1nenie \u010dapov uvo\u013enite hydraulick\u00fd tlak v syst\u00e9me. Tento krok je nevyhnutn\u00fd na zabr\u00e1nenie n\u00e1hlemu pohybu alebo neo\u010dak\u00e1van\u00e9mu uvo\u013eneniu uskladnenej energie. Pre bezpe\u010dn\u00e9 uvo\u013enenie tlaku z hydraulick\u00e9ho syst\u00e9mu dodr\u017eiavajte pokyny v\u00fdrobcu.<\/li>\n<li><strong>Identifikujte typy pinov:<\/strong> \u010capy hydraulick\u00fdch valcov m\u00f4\u017eu by\u0165 r\u00f4znych typov, ako napr\u00edklad vidlicov\u00e9 \u010dapy, z\u00e1vla\u010dky alebo poistn\u00e9 kr\u00fa\u017eky. Identifikujte konkr\u00e9tny typ \u010dapu pou\u017eit\u00e9ho vo va\u0161om hydraulickom valci, aby ste ur\u010dili vhodn\u00fa met\u00f3du odstr\u00e1nenia.<\/li>\n<li><strong>Zhroma\u017edi\u0165 n\u00e1stroje:<\/strong> V z\u00e1vislosti od typu \u010dapu m\u00f4\u017eete na jeho odstr\u00e1nenie potrebova\u0165 \u0161pecifick\u00e9 n\u00e1stroje. Medzi be\u017en\u00e9 n\u00e1stroje patr\u00ed kladivo, razn\u00edk, klie\u0161te alebo n\u00e1stroj na odstr\u00e1nenie \u010dapov ur\u010den\u00fd pre hydraulick\u00e9 valce.<\/li>\n<li><strong>Odstr\u00e1\u0148te upev\u0148ovacie prvky:<\/strong> Ak je \u010dap zaisten\u00fd poistn\u00fdmi prvkami, ako s\u00fa napr\u00edklad z\u00e1vla\u010dky alebo poistn\u00e9 kr\u00fa\u017eky, opatrne ich odstr\u00e1\u0148te pomocou vhodn\u00e9ho n\u00e1radia. D\u00e1vajte pozor, aby ste nepo\u0161kodili okolit\u00e9 komponenty.<\/li>\n<li><strong>Aplik\u00e1cia penetra\u010dn\u00e9ho oleja (ak je to potrebn\u00e9):<\/strong> Ak sa zd\u00e1, \u017ee kol\u00edk je zaseknut\u00fd alebo sa nepohybuje, pou\u017eitie penetra\u010dn\u00e9ho oleja m\u00f4\u017ee pom\u00f4c\u0165 uvo\u013eni\u0165 hrdzu alebo ne\u010distoty. Nechajte olej nieko\u013eko min\u00fat prenikn\u00fa\u0165, aby sa \u013eah\u0161ie odstr\u00e1nil.<\/li>\n<li><strong>Klepnite na pin:<\/strong> Pomocou kladiva a razidla alebo n\u00e1stroja na vyberanie \u010dapov jemne poklepte na \u010dap z opa\u010dnej strany upev\u0148ovacieho materi\u00e1lu. Za\u010dnite \u013eahk\u00fdmi poklepaniami, aby ste predi\u0161li po\u0161kodeniu, a v pr\u00edpade potreby postupne zvy\u0161ujte silu. Cie\u013eom je uvo\u013eni\u0165 \u010dap bez pou\u017eitia nadmernej sily.<\/li>\n<li><strong>Kr\u00fati\u0165 a \u0165aha\u0165:<\/strong> Ke\u010f sa \u010dap za\u010dne pohybova\u0165, kr\u00fa\u0165te n\u00edm tam a sp\u00e4\u0165 a z\u00e1rove\u0148 vyv\u00edjajte tlak smerom von, aby ste ho vybrali z hydraulick\u00e9ho valca. Bu\u010fte trpezliv\u00ed a vyhnite sa pou\u017e\u00edvaniu nadmernej sily, preto\u017ee to m\u00f4\u017ee vies\u0165 k po\u0161kodeniu alebo zraneniu.<\/li>\n<li><strong>Skontrolujte \u010dap:<\/strong> Po vybrat\u00ed skontrolujte \u010dap, \u010di nejav\u00ed zn\u00e1mky po\u0161kodenia alebo opotrebovania. Ak je \u010dap po\u0161koden\u00fd, pred op\u00e4tovnou mont\u00e1\u017eou hydraulick\u00e9ho valca ho vyme\u0148te za nov\u00fd.<\/li>\n<li><strong>\u010cistenie a mazanie:<\/strong> D\u00f4kladne vy\u010distite \u010dap a otvory pre \u010dapy v hydraulickom valci. Odstr\u00e1\u0148te v\u0161etky ne\u010distoty, hrdzu alebo star\u00e9 mazivo. Pred op\u00e4tovnou in\u0161tal\u00e1ciou naneste na \u010dap vhodn\u00e9 mazivo, aby ste zabezpe\u010dili hladk\u00fd chod.<\/li>\n<\/ol>\n<h2><strong>Schopnos\u0165 a kapacita tov\u00e1rne:<\/strong><\/h2>\n<h3>(1) Mont\u00e1\u017e<\/h3>\n<p>Disponujeme prvotriednou nez\u00e1vislou v\u00fdskumnou a v\u00fdvojovou mont\u00e1\u017enou platformou. Diel\u0148a na v\u00fdrobu hydraulick\u00fdch valcov m\u00e1 \u0161tyri poloautomatick\u00e9 mont\u00e1\u017ene linky zdv\u00edhac\u00edch valcov a jednu automatick\u00fa mont\u00e1\u017enu linku nakl\u00e1pac\u00edch valcov s projektovanou ro\u010dnou v\u00fdrobnou kapacitou 1 mili\u00f3n kusov. Diel\u0148a na v\u00fdrobu \u0161peci\u00e1lnych valcov je vybaven\u00e1 r\u00f4znymi \u0161pecifik\u00e1ciami poloautomatick\u00e9ho syst\u00e9mu \u010distenia a mont\u00e1\u017ee s projektovanou ro\u010dnou v\u00fdrobnou kapacitou 200 000 kusov a je vybaven\u00e1 zn\u00e1mym CNC obr\u00e1bac\u00edm zariaden\u00edm, obr\u00e1bac\u00edm centrom, \u0161peci\u00e1lnym zariaden\u00edm na vysoko presn\u00e9 spracovanie valcov, robotick\u00fdm zv\u00e1rac\u00edm strojom, automatick\u00fdm \u010distiacim strojom, automatick\u00fdm mont\u00e1\u017enym strojom valcov a automatickou lakovacou v\u00fdrobnou linkou. Existuj\u00face kritick\u00e9 zariadenia maj\u00fa viac ako 300 s\u00faprav (s\u00e1d). Optim\u00e1lne alokovanie a efekt\u00edvne vyu\u017e\u00edvanie zdrojov zariaden\u00ed zabezpe\u010duje po\u017eiadavky na presnos\u0165 v\u00fdrobkov a sp\u013a\u0148a po\u017eiadavky na vysok\u00fa kvalitu v\u00fdrobkov.<\/p>\n<p><img loading=\"lazy\" decoding=\"async\" class=\"alignnone wp-image-626\" src=\"https:\/\/hydraulic-cylinders.net\/wp-content\/uploads\/2023\/08\/hydraulic-cylinder-product-1-300x158.webp\" alt=\"\" width=\"495\" height=\"260\" srcset=\"https:\/\/hydraulic-cylinders.net\/wp-content\/uploads\/2023\/08\/hydraulic-cylinder-product-1-300x158.webp 495w, https:\/\/hydraulic-cylinders.net\/wp-content\/uploads\/2023\/08\/hydraulic-cylinder-product-1-480x252.webp 480w\" sizes=\"(min-width: 0px) and (max-width: 480px) 480px, (min-width: 481px) 495px, 100vw\" \/> <img loading=\"lazy\" decoding=\"async\" class=\"alignnone wp-image-627\" src=\"https:\/\/hydraulic-cylinders.net\/wp-content\/uploads\/2023\/08\/hydraulic-cylinder-product-2-300x189.webp\" alt=\"\" width=\"413\" height=\"260\" \/><\/p>\n<h3>(2) Obr\u00e1banie<\/h3>\n<p>Obr\u00e1bacia diel\u0148a je vybaven\u00e1 prisp\u00f4soben\u00fdm s\u00fastru\u017en\u00edckym centrom na \u0161ikm\u00e9 ko\u013eajnice, obr\u00e1bac\u00edm centrom, vysokor\u00fdchlostn\u00fdm honovac\u00edm strojom, zv\u00e1rac\u00edm robotom a \u010fal\u0161\u00edm s\u00favisiacim zariaden\u00edm, ktor\u00e9 dok\u00e1\u017ee spracova\u0165 valcov\u00e9 r\u00fary s maxim\u00e1lnym vn\u00fatorn\u00fdm priemerom 400 mm a maxim\u00e1lnou d\u013a\u017ekou 6 metrov.<\/p>\n<p><img loading=\"lazy\" decoding=\"async\" class=\"alignnone wp-image-628 size-large\" src=\"https:\/\/hydraulic-cylinders.net\/wp-content\/uploads\/2023\/08\/hydraulic-cylinder-product-3-1024x391.webp\" alt=\"\" width=\"1024\" height=\"391\" srcset=\"https:\/\/hydraulic-cylinders.net\/wp-content\/uploads\/2023\/08\/hydraulic-cylinder-product-3-980x374.webp 980w, https:\/\/hydraulic-cylinders.net\/wp-content\/uploads\/2023\/08\/hydraulic-cylinder-product-3-480x183.webp 480w\" sizes=\"(min-width: 0px) and (max-width: 480px) 480px, (min-width: 481px) and (max-width: 980px) 980px, (min-width: 981px) 1024px, 100vw\" \/><\/p>\n<h3>(3) Zv\u00e1ranie<\/h3>\n<p><img loading=\"lazy\" decoding=\"async\" class=\"alignnone wp-image-629 size-large\" src=\"https:\/\/hydraulic-cylinders.net\/wp-content\/uploads\/2023\/08\/hydraulic-cylinder-product-4-1024x510.webp\" alt=\"\" width=\"1024\" height=\"510\" srcset=\"https:\/\/hydraulic-cylinders.net\/wp-content\/uploads\/2023\/08\/hydraulic-cylinder-product-4-980x488.webp 980w, https:\/\/hydraulic-cylinders.net\/wp-content\/uploads\/2023\/08\/hydraulic-cylinder-product-4-480x239.webp 480w\" sizes=\"(min-width: 0px) and (max-width: 480px) 480px, (min-width: 481px) and (max-width: 980px) 980px, (min-width: 981px) 1024px, 100vw\" \/><\/p>\n<h3>(4) Ma\u013eovanie a natieranie<\/h3>\n<p>S mal\u00fdmi a stredne ve\u013ek\u00fdmi valcov\u00fdmi automatick\u00fdmi linkami na nan\u00e1\u0161anie farieb na vodnej b\u00e1ze, na dosiahnutie automatick\u00e9ho nakladania a vykladania robotmi a automatick\u00e9ho striekania, je projektovan\u00e1 kapacita 4000 kusov za smenu;<br \/>\nM\u00e1me tie\u017e poloautomatick\u00fa linku na v\u00fdrobu farieb pre ve\u013ek\u00e9 valce poh\u00e1\u0148an\u00e9 re\u0165azou s projektovanou kapacitou 60 kusov za smenu.<\/p>\n<p><img loading=\"lazy\" decoding=\"async\" class=\"alignnone wp-image-630\" src=\"https:\/\/hydraulic-cylinders.net\/wp-content\/uploads\/2023\/08\/hydraulic-cylinder-product-5-300x213.webp\" alt=\"\" width=\"366\" height=\"260\" \/> <img loading=\"lazy\" decoding=\"async\" class=\"alignnone wp-image-631\" src=\"https:\/\/hydraulic-cylinders.net\/wp-content\/uploads\/2023\/08\/hydraulic-cylinder-product-6-300x225.webp\" alt=\"\" width=\"347\" height=\"260\" \/><\/p>\n<h3>(5) Testovanie<\/h3>\n<p>Disponujeme prvotriednymi kontroln\u00fdmi zariadeniami a sk\u00fa\u0161obn\u00fdmi zariadeniami, ktor\u00e9 zabezpe\u010duj\u00fa, \u017ee v\u00fdkonnos\u0165 valca sp\u013a\u0148a po\u017eiadavky.<\/p>\n<p><img loading=\"lazy\" decoding=\"async\" class=\"alignnone wp-image-632\" src=\"https:\/\/hydraulic-cylinders.net\/wp-content\/uploads\/2023\/08\/hydraulic-cylinder-product-8-300x200.webp\" alt=\"\" width=\"389\" height=\"260\" \/><\/p>\n<p>&nbsp;<\/p>\n<p>&nbsp;<\/p>\n<p>Sme jedn\u00fdm z najlep\u0161\u00edch v\u00fdrobcov hydraulick\u00fdch valcov. Pon\u00fakame komplexn\u00e9 hydraulick\u00e9 valce. Poskytujeme aj zodpovedaj\u00face <a href=\"https:\/\/hzpt.com\/agricultural-pto-gearbox\/\" target=\"_blank\" rel=\"noopener\">po\u013enohospod\u00e1rske prevodovky<\/a>Na\u0161e produkty sme vyv\u00e1\u017eali klientom po celom svete a v\u010faka vynikaj\u00facej kvalite produktov a popredajn\u00e9mu servisu sme si z\u00edskali dobr\u00fa reput\u00e1ciu. V\u00edtame z\u00e1kazn\u00edkov doma aj v zahrani\u010d\u00ed, ktor\u00ed n\u00e1s kontaktuj\u00fa za \u00fa\u010delom rokovania o obchodn\u00fdch z\u00e1le\u017eitostiach, v\u00fdmeny inform\u00e1ci\u00ed a <a href=\"https:\/\/www.hydraulic-cylinders.net\/sk\/contact-us\/\">spolupracova\u0165 s nami<\/a>!<\/p>","protected":false},"excerpt":{"rendered":"<p>Jack-up Offshore Platform Lifting Cylinder The jack-up offshore platform lifting cylinder is a cutting-edge hydraulic system explicitly designed for offshore platforms. It is crucial in elevating and stabilizing media, ensuring safe and efficient operations in challenging offshore environments. With its advanced features and robust construction, this lifting cylinder is the go-to solution for offshore industries [&hellip;]<\/p>","protected":false},"featured_media":1787,"comment_status":"open","ping_status":"closed","template":"","meta":{"_et_pb_use_builder":"","_et_pb_old_content":"","_et_gb_content_width":""},"product_brand":[],"product_cat":[1536,1549,1552,1376],"product_tag":[1380],"class_list":{"0":"post-1785","1":"product","2":"type-product","3":"status-publish","4":"has-post-thumbnail","6":"product_cat-offshore-platform-hydraulic-cylinders","7":"product_cat-single-acting-hydraulic-cylinder","8":"product_cat-stainless-steel-hydraulic-cylinder","9":"product_cat-hydraulic-cylinder","10":"product_tag-hydraulic-cylinder","12":"first","13":"instock","14":"shipping-taxable","15":"product-type-simple"},"amp_enabled":true,"_links":{"self":[{"href":"https:\/\/www.hydraulic-cylinders.net\/sk\/wp-json\/wp\/v2\/product\/1785","targetHints":{"allow":["GET"]}}],"collection":[{"href":"https:\/\/www.hydraulic-cylinders.net\/sk\/wp-json\/wp\/v2\/product"}],"about":[{"href":"https:\/\/www.hydraulic-cylinders.net\/sk\/wp-json\/wp\/v2\/types\/product"}],"replies":[{"embeddable":true,"href":"https:\/\/www.hydraulic-cylinders.net\/sk\/wp-json\/wp\/v2\/comments?post=1785"}],"wp:featuredmedia":[{"embeddable":true,"href":"https:\/\/www.hydraulic-cylinders.net\/sk\/wp-json\/wp\/v2\/media\/1787"}],"wp:attachment":[{"href":"https:\/\/www.hydraulic-cylinders.net\/sk\/wp-json\/wp\/v2\/media?parent=1785"}],"wp:term":[{"taxonomy":"product_brand","embeddable":true,"href":"https:\/\/www.hydraulic-cylinders.net\/sk\/wp-json\/wp\/v2\/product_brand?post=1785"},{"taxonomy":"product_cat","embeddable":true,"href":"https:\/\/www.hydraulic-cylinders.net\/sk\/wp-json\/wp\/v2\/product_cat?post=1785"},{"taxonomy":"product_tag","embeddable":true,"href":"https:\/\/www.hydraulic-cylinders.net\/sk\/wp-json\/wp\/v2\/product_tag?post=1785"}],"curies":[{"name":"pracovn\u00fd list","href":"https:\/\/api.w.org\/{rel}","templated":true}]}}