{"id":1799,"date":"2023-10-16T03:12:26","date_gmt":"2023-10-16T03:12:26","guid":{"rendered":"https:\/\/hydraulic-cylinders.net\/?post_type=product&#038;p=1799"},"modified":"2025-04-15T05:54:39","modified_gmt":"2025-04-15T05:54:39","slug":"pile-driving-barge-luffing-cylinder","status":"publish","type":"product","link":"https:\/\/www.hydraulic-cylinders.net\/sk\/produkt\/pile-driving-barge-luffing-cylinder\/","title":{"rendered":"Valec na vych\u00fdlenie bar\u017ee"},"content":{"rendered":"<h1 style=\"text-align: center;\"><strong>Valec na vych\u00fdlenie bar\u017ee<\/strong><\/h1>\n<h1 style=\"text-align: center;\"><img loading=\"lazy\" decoding=\"async\" class=\"alignnone wp-image-1801\" src=\"https:\/\/hydraulic-cylinders.net\/wp-content\/uploads\/2023\/10\/luffing-cylinder-1-2-300x300.webp\" alt=\"\" width=\"400\" height=\"400\" \/><\/h1>\n<p>Hydraulick\u00fd valec pre bar\u017ee na zatl\u00e1\u010danie pil\u00f3t je d\u00f4le\u017eit\u00fdm komponentom navrhnut\u00fdm na optimaliz\u00e1ciu v\u00fdkonu a efekt\u00edvnosti oper\u00e1ci\u00ed zatl\u00e1\u010dania pil\u00f3t v projektoch n\u00e1mornej v\u00fdstavby. Tento inovat\u00edvny hydraulick\u00fd valec zohr\u00e1va k\u013e\u00fa\u010dov\u00fa \u00falohu pri riaden\u00ed vychy\u013eovacieho pohybu v\u00fdlo\u017en\u00edka bar\u017ee, \u010do umo\u017e\u0148uje presn\u00e9 umiestnenie pil\u00f3t. V\u010faka svojim v\u00fdnimo\u010dn\u00fdm vlastnostiam a robustnej kon\u0161trukcii je valec pre bar\u017ee na zatl\u00e1\u010danie pil\u00f3t dokonal\u00fdm rie\u0161en\u00edm pre spolo\u010dnosti zaoberaj\u00face sa n\u00e1mornou v\u00fdstavbou, ktor\u00e9 h\u013eadaj\u00fa lep\u0161iu produktivitu a presnos\u0165.<\/p>\n<p>Hydraulick\u00fd valec pre bar\u017ee na zat\u013akanie pil\u00f3t je spo\u013eahliv\u00fd a \u00fa\u010dinn\u00fd hydraulick\u00fd komponent ur\u010den\u00fd na zv\u00fd\u0161enie efektivity a presnosti zat\u013akania pil\u00f3t v projektoch n\u00e1mornej v\u00fdstavby. V\u010faka svojej robustnej kon\u0161trukcii, presn\u00e9mu ovl\u00e1daniu vyk\u013abenia a jednoduchej integr\u00e1cii zvy\u0161uje produktivitu a zabezpe\u010duje presn\u00e9 polohovanie pil\u00f3t. Dodr\u017eiavan\u00edm odpor\u00fa\u010dan\u00fdch met\u00f3d pou\u017e\u00edvania a implement\u00e1ciou pravideln\u00fdch postupov \u00fadr\u017eby m\u00f4\u017eu spolo\u010dnosti zaoberaj\u00face sa n\u00e1mornou v\u00fdstavbou maximalizova\u0165 \u017eivotnos\u0165 a v\u00fdkon tohto z\u00e1kladn\u00e9ho komponentu, \u010d\u00edm prispievaj\u00fa k \u00faspechu svojich projektov.<\/p>\n<p>K\u013e\u00fa\u010dov\u00e9 vlastnosti nap\u00edna\u010da oce\u013eov\u00e9ho lana pre v\u0155taciu plo\u0161inu:<\/p>\n<ol>\n<li>Robustn\u00e1 kon\u0161trukcia: Vychy\u013eovac\u00ed valec pre bar\u017ee je vyroben\u00fd z vysoko kvalitn\u00fdch materi\u00e1lov, aby odolal drsn\u00e9mu morsk\u00e9mu prostrediu. Jeho odoln\u00e1 kon\u0161trukcia zais\u0165uje dlh\u00fa \u017eivotnos\u0165 a minimalizuje po\u017eiadavky na \u00fadr\u017ebu, a to aj v n\u00e1ro\u010dn\u00fdch podmienkach.<\/li>\n<li>Presn\u00e9 ovl\u00e1danie vykl\u00e1pania: Tento valec poskytuje presn\u00e9 ovl\u00e1danie vykl\u00e1pacieho pohybu v\u00fdlo\u017en\u00edka \u010dlna. Oper\u00e1tori m\u00f4\u017eu nastavi\u0165 a udr\u017eiava\u0165 po\u017eadovan\u00fd uhol v\u00fdlo\u017en\u00edka, \u010d\u00edm zabezpe\u010duj\u00fa presn\u00e9 umiestnenie pil\u00f3t a optimalizovan\u00fa efektivitu v\u00fdstavby.<\/li>\n<li>Hydraulick\u00fd pohon: Poh\u00e1\u0148an\u00fd hydraulick\u00fdm syst\u00e9mom, valec na vych\u00fdlenie bar\u017ee vyu\u017e\u00edva tlakov\u00e9 kvapaliny na generovanie sily potrebnej na ovl\u00e1danie vych\u00fdlenia. Hydraulick\u00fd mechanizmus zais\u0165uje plynul\u00fd a citliv\u00fd chod, \u010do umo\u017e\u0148uje presn\u00e9 nastavenie a zv\u00fd\u0161enie produktivity.<\/li>\n<li>Jednoduch\u00e1 in\u0161tal\u00e1cia a integr\u00e1cia: Vychy\u013eovac\u00ed valec pre bar\u017ee na bar\u017eovanie je navrhnut\u00fd pre jednoduch\u00fa in\u0161tal\u00e1ciu a integr\u00e1ciu do existuj\u00facich syst\u00e9mov na bar\u017eovanie. Jeho kompaktn\u00e1 ve\u013ekos\u0165 a v\u0161estrann\u00e9 mo\u017enosti mont\u00e1\u017ee umo\u017e\u0148uj\u00fa bezprobl\u00e9mov\u00fa integr\u00e1ciu a minimalizuj\u00fa prestoje po\u010das in\u0161tal\u00e1cie.<\/li>\n<\/ol>\n<h2><strong>Parameter valca na vych\u00fdlenie bar\u017ee pre pilotn\u00e9 \u010dlny:<\/strong><\/h2>\n<table border=\"1\" cellspacing=\"0\" cellpadding=\"0\">\n<tbody>\n<tr>\n<td>N\u00e1zov produktu<\/td>\n<td>Valec na vych\u00fdlenie bar\u017ee<\/td>\n<\/tr>\n<tr>\n<td>Vlastnosti:<\/td>\n<td>ot\u00e1\u010da\u0165 r\u00e1m pil\u00f3ty a nies\u0165 za\u0165a\u017eenie a prijat\u00e1 vonkaj\u0161ia sila je nielen ve\u013ek\u00e1, ale aj zlo\u017eit\u00e1<\/td>\n<\/tr>\n<tr>\n<td>Priemer otvoru:<\/td>\n<td>A\u017e 1400 mm<\/td>\n<\/tr>\n<tr>\n<td>Priemer ty\u010de:<\/td>\n<td>Do 900 mm<br \/>\nZdvih a\u017e 15500 mm<\/td>\n<\/tr>\n<tr>\n<td>\u0164ahov\u00e1 sila:<\/td>\n<td>28465KN<br \/>\n(tlak 25 MPa)<\/td>\n<\/tr>\n<tr>\n<td>Aplik\u00e1cie:<\/td>\n<td>Zdv\u00edhacia plo\u0161ina na mori<\/td>\n<\/tr>\n<\/tbody>\n<\/table>\n<div><\/div>\n<div>\n<div class=\"txtboxL\">\n<div class=\"txtboxL\">\n<div class=\"txtboxL\">\n<div class=\"txtboxL\">\n<div class=\"txtboxL\">\n<div class=\"txtboxL\">\n<div class=\"txtboxL\">\n<div class=\"txtboxL\">\n<div class=\"txtboxL\">Vlastnosti:<\/div>\n<div class=\"txtboxR\">ot\u00e1\u010da\u0165 r\u00e1m pil\u00f3ty a nies\u0165 za\u0165a\u017eenie a prijat\u00e1 vonkaj\u0161ia sila je nielen ve\u013ek\u00e1, ale aj zlo\u017eit\u00e1<\/div>\n<div class=\"txtboxL\">\u0160pecifik\u00e1cia:<\/div>\n<div class=\"txtboxR\">Priemer otvoru: do 1400 mm<br \/>\nPriemer ty\u010de: do 900 mm<br \/>\nZdvih a\u017e 15500 mm<\/div>\n<div class=\"txtboxL\">\u0164ahov\u00e1 sila:<\/div>\n<div class=\"txtboxR\">28465KN<br \/>\n(tlak 25 MPa)<\/div>\n<\/div>\n<\/div>\n<\/div>\n<\/div>\n<\/div>\n<\/div>\n<\/div>\n<\/div>\n<\/div>\n<h2><strong>Pou\u017eitie valca na bar\u017eov\u00e9 zatl\u00e1\u010danie:<\/strong><\/h2>\n<p><img loading=\"lazy\" decoding=\"async\" class=\"alignnone wp-image-1803 size-full\" src=\"https:\/\/hydraulic-cylinders.net\/wp-content\/uploads\/2023\/10\/pile-driving-barge-cylinder-1.webp\" alt=\"\" width=\"1418\" height=\"946\" srcset=\"https:\/\/hydraulic-cylinders.net\/wp-content\/uploads\/2023\/10\/pile-driving-barge-cylinder-1.webp 1418w, https:\/\/hydraulic-cylinders.net\/wp-content\/uploads\/2023\/10\/pile-driving-barge-cylinder-1-1280x854.webp 1280w, https:\/\/hydraulic-cylinders.net\/wp-content\/uploads\/2023\/10\/pile-driving-barge-cylinder-1-980x654.webp 980w, https:\/\/hydraulic-cylinders.net\/wp-content\/uploads\/2023\/10\/pile-driving-barge-cylinder-1-480x320.webp 480w\" sizes=\"(min-width: 0px) and (max-width: 480px) 480px, (min-width: 481px) and (max-width: 980px) 980px, (min-width: 981px) and (max-width: 1280px) 1280px, (min-width: 1281px) 1418px, 100vw\" \/><\/p>\n<h2><strong>Met\u00f3da pou\u017eitia valca na vych\u00fdlenie bar\u017ee<\/strong><strong>:<\/strong><\/h2>\n<ul>\n<li><strong>Predin\u0161tala\u010dn\u00e1 kontrola:<\/strong> Pred in\u0161tal\u00e1ciou valca na vych\u00fdlenie bar\u017ee pre bar\u017ee d\u00f4kladne skontrolujte valec a s\u00favisiace komponenty. Uistite sa, \u017ee v\u0161etky diely s\u00fa v dobrom stave a \u010di je v\u00fdlo\u017en\u00edk spr\u00e1vne zarovnan\u00fd a zaisten\u00fd.<\/li>\n<li><strong>Mont\u00e1\u017e a pripojenie:<\/strong> Nain\u0161talujte vychy\u013eovac\u00ed valec na ur\u010den\u00e9 miesto na bar\u017ei na zatl\u00e1\u010danie bar\u017e\u00ed pomocou vhodn\u00fdch mont\u00e1\u017enych konzol a hardv\u00e9ru. Pripojte hydraulick\u00e9 potrubia k valcu a zabezpe\u010dte spr\u00e1vne zarovnanie a bezpe\u010dn\u00e9 pripojenia.<\/li>\n<li><strong>Aktiv\u00e1cia hydraulick\u00e9ho syst\u00e9mu:<\/strong> Aktivujte hydraulick\u00fd syst\u00e9m a zabezpe\u010dte spr\u00e1vnu hladinu a tlak kvapal\u00edn. Pri obsluhe hydraulick\u00fdch ovl\u00e1dac\u00edch prvkov a nastavovan\u00ed v\u00fdkyvn\u00e9ho pohybu dodr\u017eiavajte pokyny v\u00fdrobcu.<\/li>\n<li><strong>Nastavenie vych\u00fdlenia:<\/strong> Na nastavenie vykl\u00e1pacieho pohybu v\u00fdlo\u017en\u00edka \u010dlna pou\u017eite hydraulick\u00e9 ovl\u00e1dacie prvky. Pozorne sledujte uhol v\u00fdlo\u017en\u00edka a pod\u013ea potreby vykonajte presn\u00e9 \u00fapravy, aby ste dosiahli po\u017eadovan\u00e9 umiestnenie pil\u00f3t a efekt\u00edvnos\u0165 v\u00fdstavby.<\/li>\n<\/ul>\n<h2><strong>Ako sa vyr\u00e1baj\u00fa hydraulick\u00e9 valce?<\/strong><\/h2>\n<p>Hydraulick\u00e9 valce sa vyr\u00e1baj\u00fa s\u00e9riou procesov, ktor\u00e9 zah\u0155\u0148aj\u00fa presn\u00e9 in\u017einierstvo, obr\u00e1banie a mont\u00e1\u017e. Presn\u00fd v\u00fdrobn\u00fd proces sa m\u00f4\u017ee l\u00ed\u0161i\u0165 v z\u00e1vislosti od konkr\u00e9tneho typu a ve\u013ekosti hydraulick\u00e9ho valca, ako aj od techn\u00edk a zariaden\u00ed v\u00fdrobcu. Tu je v\u0161ak v\u0161eobecn\u00fd preh\u013ead o tom, ako sa hydraulick\u00e9 valce vyr\u00e1baj\u00fa:<\/p>\n<ol>\n<li><strong>Dizajn a in\u017einierstvo:<\/strong> Prv\u00fdm krokom pri v\u00fdrobe hydraulick\u00e9ho valca je f\u00e1za n\u00e1vrhu a in\u017einierstva. In\u017einieri analyzuj\u00fa po\u017eiadavky a \u0161pecifik\u00e1cie valca, pri\u010dom ber\u00fa do \u00favahy faktory, ako je nosnos\u0165, tlakov\u00e9 hodnoty, d\u013a\u017eka zdvihu a mo\u017enosti mont\u00e1\u017ee. Na vytv\u00e1ranie podrobn\u00fdch 3D modelov a technick\u00fdch v\u00fdkresov sa \u010dasto pou\u017e\u00edva softv\u00e9r pre po\u010d\u00edta\u010dom podporovan\u00e9 navrhovanie (CAD).<\/li>\n<li><strong>V\u00fdber materi\u00e1lu:<\/strong> Po dokon\u010den\u00ed n\u00e1vrhu sa vyber\u00fa vhodn\u00e9 materi\u00e1ly na v\u00fdrobu hydraulick\u00e9ho valca. Medzi be\u017ene pou\u017e\u00edvan\u00e9 materi\u00e1ly patr\u00ed vysokopevnostn\u00e1 oce\u013e na valec a piestnu ty\u010d, liatina alebo hlin\u00edk na koncov\u00e9 uz\u00e1very a r\u00f4zne tesnenia a O-kr\u00fa\u017eky vyroben\u00e9 z elastom\u00e9rov alebo in\u00fdch vhodn\u00fdch materi\u00e1lov.<\/li>\n<li><strong>V\u00fdroba valcov\u00fdch valcov:<\/strong> Valec valca sa zvy\u010dajne vyr\u00e1ba honovan\u00edm. To zah\u0155\u0148a obr\u00e1banie vn\u00fatorn\u00e9ho povrchu bez\u0161v\u00edkovej oce\u013eovej r\u00fary, aby sa dosiahla po\u017eadovan\u00e1 hladkos\u0165 a rozmerov\u00e1 presnos\u0165. Proces honovania vytv\u00e1ra presn\u00fd otvor valca, kde sa bude piest pohybova\u0165.<\/li>\n<li><strong>V\u00fdroba piestnych ty\u010d\u00ed:<\/strong> Piestna ty\u010d vy\u010dnieva z jedn\u00e9ho konca valca a zvy\u010dajne je vyroben\u00e1 z vysokopevnostnej oce\u013eovej ty\u010de. Ty\u010d je opracovan\u00e1 na po\u017eadovan\u00e9 rozmery vr\u00e1tane presn\u00e9ho br\u00fasenia povrchovej \u00fapravy, aby sa zabezpe\u010dil plynul\u00fd chod a odolnos\u0165 vo\u010di opotrebovaniu.<\/li>\n<li><strong>Obr\u00e1banie a v\u00fdroba s\u00fa\u010diastok:<\/strong> R\u00f4zne komponenty hydraulick\u00e9ho valca, ako s\u00fa koncov\u00e9 uz\u00e1very, hlavy piestov a mont\u00e1\u017ene konzoly, sa vyr\u00e1baj\u00fa obr\u00e1ban\u00edm. CNC (po\u010d\u00edta\u010dov\u00e9 numerick\u00e9 riadenie) stroje sa be\u017ene pou\u017e\u00edvaj\u00fa na presn\u00e9 tvarovanie a v\u0155tanie otvorov v komponentoch pod\u013ea kon\u0161truk\u010dn\u00fdch \u0161pecifik\u00e1ci\u00ed.<\/li>\n<li><strong>Povrchov\u00e1 \u00faprava:<\/strong> V z\u00e1vislosti od aplik\u00e1cie a po\u017eiadaviek m\u00f4\u017eu by\u0165 ur\u010dit\u00e9 povrchy hydraulick\u00e9ho valca podroben\u00e9 dodato\u010dn\u00fdm \u00faprav\u00e1m. Tieto m\u00f4\u017eu zah\u0155\u0148a\u0165 procesy, ako je tepeln\u00e9 spracovanie na zlep\u0161enie pevnosti a odolnosti, pokovovanie alebo n\u00e1ter pre odolnos\u0165 proti kor\u00f3zii alebo \u0161peci\u00e1lne povrchov\u00e9 \u00fapravy, ako je tvrd\u00e9 chr\u00f3movanie piestnej ty\u010de pre zv\u00fd\u0161en\u00fa odolnos\u0165 proti opotrebovaniu.<\/li>\n<li><strong>Mont\u00e1\u017e:<\/strong> Hydraulick\u00fd valec sa zostav\u00ed po v\u00fdrobe a spracovan\u00ed v\u0161etk\u00fdch potrebn\u00fdch komponentov. To zah\u0155\u0148a starostliv\u00e9 zmontovanie valca, piestu, piestnej ty\u010de, tesnen\u00ed a \u010fal\u0161\u00edch dielov. Presn\u00e9 zarovnanie a spr\u00e1vne utesnenie s\u00fa nevyhnutn\u00e9 na zabezpe\u010denie optim\u00e1lneho v\u00fdkonu a zabr\u00e1nenie \u00fanikom.<\/li>\n<li><strong>Testovanie a zabezpe\u010denie kvality:<\/strong> Predt\u00fdm, ako je hydraulick\u00fd valec pripraven\u00fd na distrib\u00faciu, podlieha pr\u00edsnym testom, aby sa zabezpe\u010dilo, \u017ee sp\u013a\u0148a po\u017eadovan\u00e9 normy a \u0161pecifik\u00e1cie. Tieto testy m\u00f4\u017eu zah\u0155\u0148a\u0165 tlakov\u00e9 sk\u00fa\u0161ky, funk\u010dn\u00e9 sk\u00fa\u0161ky a rozmerov\u00e9 kontroly. Na udr\u017eanie konzistentnej kvality po\u010das cel\u00e9ho v\u00fdrobn\u00e9ho procesu sa zav\u00e1dzaj\u00fa postupy zabezpe\u010denia kvality.<\/li>\n<li><strong>Balenie a distrib\u00facia:<\/strong> Hotov\u00e9 hydraulick\u00e9 valce s\u00fa bezpe\u010dne zabalen\u00e9, aby boli po\u010das prepravy chr\u00e1nen\u00e9. N\u00e1sledne s\u00fa distribuovan\u00e9 z\u00e1kazn\u00edkom alebo uskladnen\u00e9 na sklade pre bud\u00face pou\u017eitie.<\/li>\n<\/ol>\n<h2><strong>Schopnos\u0165 a kapacita tov\u00e1rne:<\/strong><\/h2>\n<h3>(1) Mont\u00e1\u017e<\/h3>\n<p>Disponujeme prvotriednou nez\u00e1vislou v\u00fdskumnou a v\u00fdvojovou mont\u00e1\u017enou platformou. Diel\u0148a na v\u00fdrobu hydraulick\u00fdch valcov m\u00e1 \u0161tyri poloautomatick\u00e9 mont\u00e1\u017ene linky zdv\u00edhac\u00edch valcov a jednu automatick\u00fa mont\u00e1\u017enu linku nakl\u00e1pac\u00edch valcov s projektovanou ro\u010dnou v\u00fdrobnou kapacitou 1 mili\u00f3n kusov. Diel\u0148a na v\u00fdrobu \u0161peci\u00e1lnych valcov je vybaven\u00e1 r\u00f4znymi \u0161pecifik\u00e1ciami poloautomatick\u00e9ho syst\u00e9mu \u010distenia a mont\u00e1\u017ee s projektovanou ro\u010dnou v\u00fdrobnou kapacitou 200 000 kusov a je vybaven\u00e1 zn\u00e1mym CNC obr\u00e1bac\u00edm zariaden\u00edm, obr\u00e1bac\u00edm centrom, \u0161peci\u00e1lnym zariaden\u00edm na vysoko presn\u00e9 spracovanie valcov, robotick\u00fdm zv\u00e1rac\u00edm strojom, automatick\u00fdm \u010distiacim strojom, automatick\u00fdm mont\u00e1\u017enym strojom valcov a automatickou lakovacou v\u00fdrobnou linkou. Existuj\u00face kritick\u00e9 zariadenia maj\u00fa viac ako 300 s\u00faprav (s\u00e1d). Optim\u00e1lne alokovanie a efekt\u00edvne vyu\u017e\u00edvanie zdrojov zariaden\u00ed zabezpe\u010duje po\u017eiadavky na presnos\u0165 v\u00fdrobkov a sp\u013a\u0148a po\u017eiadavky na vysok\u00fa kvalitu v\u00fdrobkov.<\/p>\n<p><img loading=\"lazy\" decoding=\"async\" class=\"alignnone wp-image-626\" src=\"https:\/\/hydraulic-cylinders.net\/wp-content\/uploads\/2023\/08\/hydraulic-cylinder-product-1-300x158.webp\" alt=\"\" width=\"495\" height=\"260\" srcset=\"https:\/\/hydraulic-cylinders.net\/wp-content\/uploads\/2023\/08\/hydraulic-cylinder-product-1-300x158.webp 495w, https:\/\/hydraulic-cylinders.net\/wp-content\/uploads\/2023\/08\/hydraulic-cylinder-product-1-480x252.webp 480w\" sizes=\"(min-width: 0px) and (max-width: 480px) 480px, (min-width: 481px) 495px, 100vw\" \/> <img loading=\"lazy\" decoding=\"async\" class=\"alignnone wp-image-627\" src=\"https:\/\/hydraulic-cylinders.net\/wp-content\/uploads\/2023\/08\/hydraulic-cylinder-product-2-300x189.webp\" alt=\"\" width=\"413\" height=\"260\" \/><\/p>\n<h3>(2) Obr\u00e1banie<\/h3>\n<p>Obr\u00e1bacia diel\u0148a je vybaven\u00e1 prisp\u00f4soben\u00fdm s\u00fastru\u017en\u00edckym centrom na \u0161ikm\u00e9 ko\u013eajnice, obr\u00e1bac\u00edm centrom, vysokor\u00fdchlostn\u00fdm honovac\u00edm strojom, zv\u00e1rac\u00edm robotom a \u010fal\u0161\u00edm s\u00favisiacim zariaden\u00edm, ktor\u00e9 dok\u00e1\u017ee spracova\u0165 valcov\u00e9 r\u00fary s maxim\u00e1lnym vn\u00fatorn\u00fdm priemerom 400 mm a maxim\u00e1lnou d\u013a\u017ekou 6 metrov.<\/p>\n<p><img loading=\"lazy\" decoding=\"async\" class=\"alignnone wp-image-628 size-large\" src=\"https:\/\/hydraulic-cylinders.net\/wp-content\/uploads\/2023\/08\/hydraulic-cylinder-product-3-1024x391.webp\" alt=\"\" width=\"1024\" height=\"391\" srcset=\"https:\/\/hydraulic-cylinders.net\/wp-content\/uploads\/2023\/08\/hydraulic-cylinder-product-3-980x374.webp 980w, https:\/\/hydraulic-cylinders.net\/wp-content\/uploads\/2023\/08\/hydraulic-cylinder-product-3-480x183.webp 480w\" sizes=\"(min-width: 0px) and (max-width: 480px) 480px, (min-width: 481px) and (max-width: 980px) 980px, (min-width: 981px) 1024px, 100vw\" \/><\/p>\n<h3>(3) Zv\u00e1ranie<\/h3>\n<p><img loading=\"lazy\" decoding=\"async\" class=\"alignnone wp-image-629 size-large\" src=\"https:\/\/hydraulic-cylinders.net\/wp-content\/uploads\/2023\/08\/hydraulic-cylinder-product-4-1024x510.webp\" alt=\"\" width=\"1024\" height=\"510\" srcset=\"https:\/\/hydraulic-cylinders.net\/wp-content\/uploads\/2023\/08\/hydraulic-cylinder-product-4-980x488.webp 980w, https:\/\/hydraulic-cylinders.net\/wp-content\/uploads\/2023\/08\/hydraulic-cylinder-product-4-480x239.webp 480w\" sizes=\"(min-width: 0px) and (max-width: 480px) 480px, (min-width: 481px) and (max-width: 980px) 980px, (min-width: 981px) 1024px, 100vw\" \/><\/p>\n<h3>(4) Ma\u013eovanie a natieranie<\/h3>\n<p>S mal\u00fdmi a stredne ve\u013ek\u00fdmi valcov\u00fdmi automatick\u00fdmi linkami na nan\u00e1\u0161anie farieb na vodnej b\u00e1ze, na dosiahnutie automatick\u00e9ho nakladania a vykladania robotmi a automatick\u00e9ho striekania, je projektovan\u00e1 kapacita 4000 kusov za smenu;<br \/>\nM\u00e1me tie\u017e poloautomatick\u00fa linku na v\u00fdrobu farieb pre ve\u013ek\u00e9 valce poh\u00e1\u0148an\u00e9 re\u0165azou s projektovanou kapacitou 60 kusov za smenu.<\/p>\n<p><img loading=\"lazy\" decoding=\"async\" class=\"alignnone wp-image-630\" src=\"https:\/\/hydraulic-cylinders.net\/wp-content\/uploads\/2023\/08\/hydraulic-cylinder-product-5-300x213.webp\" alt=\"\" width=\"366\" height=\"260\" \/> <img loading=\"lazy\" decoding=\"async\" class=\"alignnone wp-image-631\" src=\"https:\/\/hydraulic-cylinders.net\/wp-content\/uploads\/2023\/08\/hydraulic-cylinder-product-6-300x225.webp\" alt=\"\" width=\"347\" height=\"260\" \/><\/p>\n<h3>(5) Testovanie<\/h3>\n<p>Disponujeme prvotriednymi kontroln\u00fdmi zariadeniami a sk\u00fa\u0161obn\u00fdmi zariadeniami, ktor\u00e9 zabezpe\u010duj\u00fa, \u017ee v\u00fdkonnos\u0165 valca sp\u013a\u0148a po\u017eiadavky.<\/p>\n<p><img loading=\"lazy\" decoding=\"async\" class=\"alignnone wp-image-632\" src=\"https:\/\/hydraulic-cylinders.net\/wp-content\/uploads\/2023\/08\/hydraulic-cylinder-product-8-300x200.webp\" alt=\"\" width=\"389\" height=\"260\" \/><\/p>\n<p>&nbsp;<\/p>\n<p>&nbsp;<\/p>\n<p>Sme jedn\u00fdm z najlep\u0161\u00edch v\u00fdrobcov hydraulick\u00fdch valcov. Pon\u00fakame komplexn\u00e9 hydraulick\u00e9 valce. Poskytujeme aj zodpovedaj\u00face <a href=\"https:\/\/hzpt.com\/agricultural-pto-gearbox\/\" target=\"_blank\" rel=\"noopener\">po\u013enohospod\u00e1rske prevodovky<\/a>Na\u0161e produkty sme vyv\u00e1\u017eali klientom po celom svete a v\u010faka vynikaj\u00facej kvalite produktov a popredajn\u00e9mu servisu sme si z\u00edskali dobr\u00fa reput\u00e1ciu. V\u00edtame z\u00e1kazn\u00edkov doma aj v zahrani\u010d\u00ed, ktor\u00ed n\u00e1s kontaktuj\u00fa za \u00fa\u010delom rokovania o obchodn\u00fdch z\u00e1le\u017eitostiach, v\u00fdmeny inform\u00e1ci\u00ed a <a href=\"https:\/\/www.hydraulic-cylinders.net\/sk\/contact-us\/\">spolupracova\u0165 s nami<\/a>!<\/p>","protected":false},"excerpt":{"rendered":"<p>Pile Driving Barge Luffing Cylinder The Pile Driving Barge Luffing Cylinder is a vital component designed to optimize the performance and efficiency of pile driving operations in marine construction projects. This innovative hydraulic cylinder plays a crucial role in controlling the luffing motion of the barge&#8217;s boom, allowing for precise positioning of piles. With its [&hellip;]<\/p>","protected":false},"featured_media":1802,"comment_status":"open","ping_status":"closed","template":"","meta":{"_et_pb_use_builder":"","_et_pb_old_content":"","_et_gb_content_width":""},"product_brand":[],"product_cat":[1550,1536,1552,1376],"product_tag":[1380],"class_list":{"0":"post-1799","1":"product","2":"type-product","3":"status-publish","4":"has-post-thumbnail","6":"product_cat-double-acting-hydraulic-cylinder","7":"product_cat-offshore-platform-hydraulic-cylinders","8":"product_cat-stainless-steel-hydraulic-cylinder","9":"product_cat-hydraulic-cylinder","10":"product_tag-hydraulic-cylinder","12":"first","13":"instock","14":"shipping-taxable","15":"product-type-simple"},"amp_enabled":true,"_links":{"self":[{"href":"https:\/\/www.hydraulic-cylinders.net\/sk\/wp-json\/wp\/v2\/product\/1799","targetHints":{"allow":["GET"]}}],"collection":[{"href":"https:\/\/www.hydraulic-cylinders.net\/sk\/wp-json\/wp\/v2\/product"}],"about":[{"href":"https:\/\/www.hydraulic-cylinders.net\/sk\/wp-json\/wp\/v2\/types\/product"}],"replies":[{"embeddable":true,"href":"https:\/\/www.hydraulic-cylinders.net\/sk\/wp-json\/wp\/v2\/comments?post=1799"}],"wp:featuredmedia":[{"embeddable":true,"href":"https:\/\/www.hydraulic-cylinders.net\/sk\/wp-json\/wp\/v2\/media\/1802"}],"wp:attachment":[{"href":"https:\/\/www.hydraulic-cylinders.net\/sk\/wp-json\/wp\/v2\/media?parent=1799"}],"wp:term":[{"taxonomy":"product_brand","embeddable":true,"href":"https:\/\/www.hydraulic-cylinders.net\/sk\/wp-json\/wp\/v2\/product_brand?post=1799"},{"taxonomy":"product_cat","embeddable":true,"href":"https:\/\/www.hydraulic-cylinders.net\/sk\/wp-json\/wp\/v2\/product_cat?post=1799"},{"taxonomy":"product_tag","embeddable":true,"href":"https:\/\/www.hydraulic-cylinders.net\/sk\/wp-json\/wp\/v2\/product_tag?post=1799"}],"curies":[{"name":"pracovn\u00fd list","href":"https:\/\/api.w.org\/{rel}","templated":true}]}}