{"id":1838,"date":"2023-10-17T06:03:15","date_gmt":"2023-10-17T06:03:15","guid":{"rendered":"https:\/\/hydraulic-cylinders.net\/?post_type=product&#038;p=1838"},"modified":"2025-04-15T05:42:58","modified_gmt":"2025-04-15T05:42:58","slug":"empty-container-stacker-oil-side-shift-cylinder","status":"publish","type":"product","link":"https:\/\/www.hydraulic-cylinders.net\/sk\/produkt\/empty-container-stacker-oil-side-shift-cylinder\/","title":{"rendered":"Bo\u010dn\u00fd posuvn\u00fd valec oleja na stohovanie pr\u00e1zdnych kontajnerov"},"content":{"rendered":"<h1 style=\"text-align: center;\"><strong>Bo\u010dn\u00fd posuvn\u00fd valec oleja na stohovanie pr\u00e1zdnych kontajnerov<\/strong><\/h1>\n<h1 style=\"text-align: center;\"><img loading=\"lazy\" decoding=\"async\" class=\"alignnone wp-image-1839\" src=\"https:\/\/hydraulic-cylinders.net\/wp-content\/uploads\/2023\/10\/side-shift-cylinder-1-300x300.webp\" alt=\"\" width=\"400\" height=\"400\" \/><\/h1>\n<p>Bo\u010dn\u00fd posuvn\u00fd valec pre stohova\u010de pr\u00e1zdnych kontajnerov je k\u013e\u00fa\u010dov\u00fdm komponentom navrhnut\u00fdm na zv\u00fd\u0161enie v\u0161estrannosti a efekt\u00edvnosti stohova\u010dov pr\u00e1zdnych kontajnerov. Tento hydraulick\u00fd valec umo\u017e\u0148uje presn\u00e9 bo\u010dn\u00e9 pos\u00favanie kontajnerov, \u010do obsluhe umo\u017e\u0148uje r\u00fdchlo a presne ich umiestni\u0165. V\u010faka pokro\u010dil\u00fdm funkci\u00e1m, robustnej kon\u0161trukcii a bezprobl\u00e9mov\u00fdm ovl\u00e1dac\u00edm mo\u017enostiam je bo\u010dn\u00fd posuvn\u00fd valec pre stohova\u010de pr\u00e1zdnych kontajnerov nevyhnutn\u00fdm n\u00e1strojom pre spolo\u010dnosti, ktor\u00e9 sa sna\u017eia optimalizova\u0165 svoje oper\u00e1cie manipul\u00e1cie s kontajnermi.<\/p>\n<p>Bo\u010dn\u00fd posuvn\u00fd valec s olejom pre stohova\u010de pr\u00e1zdnych kontajnerov je nevyhnutn\u00fd pre optimaliz\u00e1ciu manipul\u00e1cie s kontajnermi, najm\u00e4 v stohova\u010doch pr\u00e1zdnych kontajnerov. V\u010faka jednoduch\u00e9mu bo\u010dn\u00e9mu posunu, v\u0161estrann\u00fdm manipula\u010dn\u00fdm mo\u017enostiam, robustnej kon\u0161trukcii a presn\u00e9mu ovl\u00e1daniu umo\u017e\u0148uje tento valec oper\u00e1torom r\u00fdchlo a presne umiest\u0148ova\u0165 kontajnery. Dodr\u017eiavan\u00edm odpor\u00fa\u010dan\u00fdch met\u00f3d pou\u017e\u00edvania a implement\u00e1ciou pravideln\u00fdch postupov \u00fadr\u017eby m\u00f4\u017eu spolo\u010dnosti maximalizova\u0165 v\u00fdkon, \u017eivotnos\u0165 a bezpe\u010dnos\u0165 svojich oper\u00e1ci\u00ed manipul\u00e1cie s kontajnermi. S bo\u010dn\u00fdm posuvn\u00fdm valcom s olejom pre stohova\u010de pr\u00e1zdnych kontajnerov m\u00f4\u017eu firmy zv\u00fd\u0161i\u0165 produktivitu, zefekt\u00edvni\u0165 procesy a zabezpe\u010di\u0165 efekt\u00edvne a presn\u00e9 umiestnenie kontajnerov v n\u00e1ro\u010dnom odvetv\u00ed manipul\u00e1cie s kontajnermi.<\/p>\n<p>K\u013e\u00fa\u010dov\u00e9 charakteristiky bo\u010dn\u00e9ho posuvn\u00e9ho valca oleja na stohovanie pr\u00e1zdnych kontajnerov:<\/p>\n<ul>\n<li>Bezprobl\u00e9mov\u00e9 bo\u010dn\u00e9 pos\u00favanie: Olejov\u00fd valec bo\u010dn\u00e9ho pos\u00favania umo\u017e\u0148uje bezprobl\u00e9mov\u00e9 bo\u010dn\u00e9 pos\u00favanie kontajnerov a poskytuje oper\u00e1torom presn\u00fa kontrolu nad ich polohovan\u00edm. Umo\u017e\u0148uje im \u013eahko nastavi\u0165 bo\u010dn\u00fa polohu kontajnerov a prisp\u00f4sobi\u0165 sa tak r\u00f4znym po\u017eiadavk\u00e1m na nakladanie a vykladanie. T\u00e1to bezprobl\u00e9mov\u00e1 schopnos\u0165 bo\u010dn\u00e9ho pos\u00favania skracuje \u010das manipul\u00e1cie, minimalizuje riziko kol\u00edzi\u00ed a zvy\u0161uje celkov\u00fa prev\u00e1dzkov\u00fa efektivitu.<\/li>\n<li>V\u0161estrann\u00e1 manipul\u00e1cia: Bo\u010dn\u00fd posuvn\u00fd valec oleja pre stohova\u010de pr\u00e1zdnych kontajnerov zvy\u0161uje v\u0161estrannos\u0165 stohova\u010dov pr\u00e1zdnych kontajnerov t\u00fdm, \u017ee im umo\u017e\u0148uje manipulova\u0165 s kontajnermi r\u00f4znych ve\u013ekost\u00ed a tvarov. V\u010faka mo\u017enosti nastavenia polohy kontajnera sa oper\u00e1tori m\u00f4\u017eu prisp\u00f4sobi\u0165 r\u00f4znym rozmerom kontajnerov, \u010d\u00edm sa zabezpe\u010d\u00ed bezpe\u010dn\u00e9 uchytenie a minimalizuje riziko po\u0161kodenia po\u010das manipul\u00e1cie.<\/li>\n<li>Robustn\u00e1 kon\u0161trukcia: Valec bo\u010dn\u00e9ho posunu je vyroben\u00fd z vysoko kvalitn\u00fdch materi\u00e1lov a robustnej kon\u0161trukcie, \u010do zaru\u010duje odolnos\u0165 a spo\u013eahlivos\u0165 v n\u00e1ro\u010dn\u00fdch pracovn\u00fdch podmienkach. Je navrhnut\u00fd tak, aby odolal \u0165a\u017ek\u00fdm za\u0165a\u017eeniam, \u010dast\u00fdm pohybom a vystaveniu drsn\u00e9mu prostrediu, \u010d\u00edm minimalizuje po\u017eiadavky na \u00fadr\u017ebu a maximalizuje prev\u00e1dzkov\u00fa prev\u00e1dzkyschopnos\u0165.<\/li>\n<li>Presn\u00e9 ovl\u00e1danie: Bo\u010dn\u00fd posuvn\u00fd valec oleja na stohova\u010di pr\u00e1zdnych kontajnerov pon\u00faka presn\u00e9 ovl\u00e1danie prev\u00e1dzky. Obsluha m\u00f4\u017ee presne nastavi\u0165 bo\u010dn\u00fa polohu kontajnera, \u010do umo\u017e\u0148uje plynul\u00e9 a presn\u00e9 zarovnanie s in\u00fdm zariaden\u00edm alebo skladovac\u00edmi miestami. Toto presn\u00e9 ovl\u00e1danie zais\u0165uje efekt\u00edvnu a bezpe\u010dn\u00fa manipul\u00e1ciu s kontajnermi a zni\u017euje riziko neh\u00f4d alebo po\u0161kodenia.<\/li>\n<\/ul>\n<h2><strong>Parameter bo\u010dn\u00e9ho posuvn\u00e9ho valca oleja na stohovanie pr\u00e1zdnych kontajnerov:<\/strong><\/h2>\n<table border=\"1\" cellspacing=\"0\" cellpadding=\"0\">\n<tbody>\n<tr>\n<td>N\u00e1zov produktu<\/td>\n<td>Bo\u010dn\u00fd posuvn\u00fd valec stohova\u010da pr\u00e1zdnych kontajnerov<\/td>\n<\/tr>\n<tr>\n<td>Vlastnosti:<\/td>\n<td>Realizujte posun pr\u00edslu\u0161enstva do\u013eava a doprava<\/td>\n<\/tr>\n<tr>\n<td>Priemer otvoru:<\/td>\n<td>80 mm\uff5e120 mm<\/td>\n<\/tr>\n<tr>\n<td>Priemer ty\u010de:<\/td>\n<td>50 mm\uff5e65 mm<br \/>\nZdvih \u2264 1500 mm<\/td>\n<\/tr>\n<tr>\n<td>Tlak\uff1a<\/td>\n<td>Maxim\u00e1lne 25 MPa<\/td>\n<\/tr>\n<tr>\n<td>Aplik\u00e1cie:<\/td>\n<td>Stohova\u010d pr\u00e1zdnych kontajnerov<\/td>\n<\/tr>\n<\/tbody>\n<\/table>\n<h2><strong>Pou\u017eitie olejov\u00e9ho valca na stohovanie pr\u00e1zdnych kontajnerov:<\/strong><\/h2>\n<p><img loading=\"lazy\" decoding=\"async\" class=\"alignnone wp-image-1831 size-full\" src=\"https:\/\/hydraulic-cylinders.net\/wp-content\/uploads\/2023\/10\/empty-container-stacker-oil-cylinder-1.webp\" alt=\"\" width=\"1418\" height=\"946\" srcset=\"https:\/\/hydraulic-cylinders.net\/wp-content\/uploads\/2023\/10\/empty-container-stacker-oil-cylinder-1.webp 1418w, https:\/\/hydraulic-cylinders.net\/wp-content\/uploads\/2023\/10\/empty-container-stacker-oil-cylinder-1-1280x854.webp 1280w, https:\/\/hydraulic-cylinders.net\/wp-content\/uploads\/2023\/10\/empty-container-stacker-oil-cylinder-1-980x654.webp 980w, https:\/\/hydraulic-cylinders.net\/wp-content\/uploads\/2023\/10\/empty-container-stacker-oil-cylinder-1-480x320.webp 480w\" sizes=\"(min-width: 0px) and (max-width: 480px) 480px, (min-width: 481px) and (max-width: 980px) 980px, (min-width: 981px) and (max-width: 1280px) 1280px, (min-width: 1281px) 1418px, 100vw\" \/><\/p>\n<h2><strong>Met\u00f3da pou\u017eitia valca bo\u010dn\u00e9ho posunu oleja na stohovanie pr\u00e1zdnych kontajnerov<\/strong><strong>:<\/strong><\/h2>\n<ul>\n<li><strong>In\u0161tal\u00e1cia:<\/strong>\u00a0 Nain\u0161talujte bo\u010dn\u00fd posuvn\u00fd valec oleja pre stohova\u010d pr\u00e1zdnych kontajnerov na ur\u010den\u00e9 miesto v stohova\u010di pr\u00e1zdnych kontajnerov. Dodr\u017eiavajte pokyny a \u0161pecifik\u00e1cie v\u00fdrobcu t\u00fdkaj\u00face sa spr\u00e1vneho zarovnania, mont\u00e1\u017ee a pripojenia. Pre zaru\u010denie optim\u00e1lneho v\u00fdkonu zabezpe\u010dte bezpe\u010dn\u00fa a spr\u00e1vnu in\u0161tal\u00e1ciu.<\/li>\n<li><strong>Hydraulick\u00e9 pripojenia:<\/strong> Pripojte valec k hydraulick\u00e9mu syst\u00e9mu stohova\u010da pr\u00e1zdnych kontajnerov pod\u013ea odpor\u00fa\u010dan\u00ed v\u00fdrobcu. Uistite sa, \u017ee hydraulick\u00e9 potrubia s\u00fa spr\u00e1vne veden\u00e9 a pripojenia s\u00fa bezpe\u010dn\u00e9. Pre zaistenie bezpe\u010dnej a efekt\u00edvnej prev\u00e1dzky dodr\u017eiavajte uveden\u00e9 rozmery had\u00edc, spojovac\u00edch prvkov a menovit\u00fd tlak.<\/li>\n<li><strong>Ovl\u00e1danie a prev\u00e1dzka:<\/strong> Valec bo\u010dn\u00e9ho posunu sa zvy\u010dajne ovl\u00e1da prostredn\u00edctvom existuj\u00faceho riadiaceho syst\u00e9mu stohova\u010da pr\u00e1zdnych kontajnerov. Obsluha m\u00f4\u017ee pou\u017ei\u0165 ovl\u00e1daciu konzolu alebo ovl\u00e1dac\u00ed panel na aktiv\u00e1ciu hydraulick\u00e9ho obvodu a nastavenie bo\u010dnej polohy kontajnera. Ria\u010fte sa pokynmi v\u00fdrobcu a odpor\u00fa\u010dajte bezpe\u010dn\u00e9 a presn\u00e9 postupy bo\u010dn\u00e9ho posunu.<\/li>\n<\/ul>\n<h2><strong>Ako funguje teleskopick\u00fd hydraulick\u00fd valec?<\/strong><\/h2>\n<p>Teleskopick\u00fd hydraulick\u00fd valec, tie\u017e zn\u00e1my ako viacstup\u0148ov\u00fd hydraulick\u00fd valec, je typ hydraulick\u00e9ho aktu\u00e1tora, ktor\u00fd pozost\u00e1va z viacer\u00fdch stup\u0148ov alebo sekci\u00ed vlo\u017een\u00fdch do seba. T\u00e1to kon\u0161trukcia umo\u017e\u0148uje dlh\u0161\u00ed zdvih pri zachovan\u00ed kompaktn\u00fdch celkov\u00fdch rozmerov. Teleskopick\u00fd hydraulick\u00fd valec funguje takto:<\/p>\n<ol>\n<li><strong>Kon\u0161trukcia:<\/strong> Teleskopick\u00fd hydraulick\u00fd valec pozost\u00e1va zo s\u00e9rie valcovit\u00fdch trub\u00edc naz\u00fdvan\u00fdch stupne, pri\u010dom ka\u017ed\u00fd z nich m\u00e1 postupne men\u0161\u00ed priemer. Stupne s\u00fa spojen\u00e9 medzi\u013eahl\u00fdmi ty\u010dami a najv\u00fdznamnej\u0161\u00ed stupe\u0148 sa zvy\u010dajne naz\u00fdva prim\u00e1rny alebo z\u00e1kladn\u00fd stupe\u0148.<\/li>\n<li><strong>Pred\u013a\u017eenie zdvihu:<\/strong> Ke\u010f sa na z\u00e1kladn\u00fd stupe\u0148 aplikuje hydraulick\u00fd tlak, p\u00f4sob\u00ed na piest a tla\u010d\u00ed ho a s n\u00edm spojen\u00e9 medzi\u013eahl\u00e9 ty\u010de dopredu. Tento po\u010diato\u010dn\u00fd pohyb vys\u00fava prv\u00fd stupe\u0148. Hydraulick\u00e1 kvapalina je vytl\u00e1\u010dan\u00e1 zo z\u00e1kladn\u00e9ho stup\u0148a do prv\u00e9ho stup\u0148a, \u010d\u00edm sa vytv\u00e1ra tlakov\u00fd rozdiel.<\/li>\n<li><strong>Sekven\u010dn\u00e9 roz\u0161\u00edrenie:<\/strong> Ke\u010f sa prv\u00fd stupe\u0148 vys\u00fava, medzi\u013eahl\u00e1 ty\u010d, ktor\u00e1 je k nemu pripojen\u00e1, tla\u010d\u00ed na druh\u00fd stupe\u0148, \u010do sp\u00f4sobuje jeho rast. Toto postupn\u00e9 vys\u00favanie pokra\u010duje, ke\u010f sa ka\u017ed\u00fd \u010fal\u0161\u00ed stupe\u0148 pohybuje oproti \u010fal\u0161iemu, a\u017e k\u00fdm sa nedosiahne po\u017eadovan\u00e1 d\u013a\u017eka zdvihu.<\/li>\n<li><strong>Zdvih zasunutia:<\/strong> Hydraulick\u00fd tlak sa uvo\u013en\u00ed a zasunie teleskopick\u00fd valec, \u010d\u00edm sa vyrovn\u00e1 vn\u00fatorn\u00fd tlak. Zasunutie sa zvy\u010dajne dosahuje vonkaj\u0161\u00edmi silami, ako je gravit\u00e1cia, pru\u017einy alebo tlak vyvolan\u00fd za\u0165a\u017een\u00edm. Ke\u010f sa tlak vyrovn\u00e1, stupne sa zasun\u00fa v opa\u010dnom porad\u00ed, pri\u010dom ka\u017ed\u00fd stupe\u0148 sa zasunie sp\u00e4\u0165 do predch\u00e1dzaj\u00faceho, k\u00fdm sa valec \u00faplne nezasunie.<\/li>\n<li><strong>Ovl\u00e1danie a prev\u00e1dzka:<\/strong> Hydraulick\u00fd tlak a prietok s\u00fa riaden\u00e9 ventilmi, ktor\u00e9 s\u00fa ovl\u00e1dan\u00e9 prostredn\u00edctvom riadiaceho syst\u00e9mu. \u00dapravou nastaven\u00ed ventilov sa umo\u017e\u0148uje udr\u017eiava\u0165 r\u00fdchlos\u0165 a silu vys\u00favania a zas\u00favania teleskopick\u00e9ho valca.<\/li>\n<li><strong>Aplik\u00e1cie:<\/strong> Teleskopick\u00e9 hydraulick\u00e9 valce sa be\u017ene pou\u017e\u00edvaj\u00fa tam, kde je potrebn\u00fd dlh\u00fd zdvih v kompaktnom priestore. \u010casto sa pou\u017e\u00edvaj\u00fa v stavebn\u00edctve, manipul\u00e1cii s materi\u00e1lom a doprave, kde je nevyhnutn\u00e1 kombin\u00e1cia pred\u013a\u017een\u00e9ho dosahu a kompaktn\u00fdch rozmerov.<\/li>\n<li><strong>\u00dadr\u017eba:<\/strong> Pravideln\u00e1 \u00fadr\u017eba teleskopick\u00e9ho hydraulick\u00e9ho valca zah\u0155\u0148a kontrolu tesnost\u00ed, kontrolu tesnen\u00ed a tesnen\u00ed a zabezpe\u010denie spr\u00e1vneho fungovania ventilov a riadiacich syst\u00e9mov. Spr\u00e1vne mazanie minimalizuje trenie medzi stup\u0148ami a podporuje plynul\u00fd chod. Pravideln\u00e9 \u010distenie a odstra\u0148ovanie ne\u010dist\u00f4t je tie\u017e nevyhnutn\u00e9 na zabr\u00e1nenie po\u0161kodenia stup\u0148ov a udr\u017eanie optim\u00e1lneho v\u00fdkonu.<\/li>\n<\/ol>\n<h2><strong>Schopnos\u0165 a kapacita tov\u00e1rne:<\/strong><\/h2>\n<h3>(1) Mont\u00e1\u017e<\/h3>\n<p>Disponujeme prvotriednou nez\u00e1vislou v\u00fdskumnou a v\u00fdvojovou mont\u00e1\u017enou platformou. Diel\u0148a na v\u00fdrobu hydraulick\u00fdch valcov m\u00e1 \u0161tyri poloautomatick\u00e9 mont\u00e1\u017ene linky zdv\u00edhac\u00edch valcov a jednu automatick\u00fa mont\u00e1\u017enu linku nakl\u00e1pac\u00edch valcov s projektovanou ro\u010dnou v\u00fdrobnou kapacitou 1 mili\u00f3n kusov. Diel\u0148a na v\u00fdrobu \u0161peci\u00e1lnych valcov je vybaven\u00e1 r\u00f4znymi \u0161pecifik\u00e1ciami poloautomatick\u00e9ho syst\u00e9mu \u010distenia a mont\u00e1\u017ee s projektovanou ro\u010dnou v\u00fdrobnou kapacitou 200 000 kusov a je vybaven\u00e1 zn\u00e1mym CNC obr\u00e1bac\u00edm zariaden\u00edm, obr\u00e1bac\u00edm centrom, \u0161peci\u00e1lnym zariaden\u00edm na vysoko presn\u00e9 spracovanie valcov, robotick\u00fdm zv\u00e1rac\u00edm strojom, automatick\u00fdm \u010distiacim strojom, automatick\u00fdm mont\u00e1\u017enym strojom valcov a automatickou lakovacou v\u00fdrobnou linkou. Existuj\u00face kritick\u00e9 zariadenia maj\u00fa viac ako 300 s\u00faprav (s\u00e1d). Optim\u00e1lne alokovanie a efekt\u00edvne vyu\u017e\u00edvanie zdrojov zariaden\u00ed zabezpe\u010duje po\u017eiadavky na presnos\u0165 v\u00fdrobkov a sp\u013a\u0148a po\u017eiadavky na vysok\u00fa kvalitu v\u00fdrobkov.<\/p>\n<p><img loading=\"lazy\" decoding=\"async\" class=\"alignnone wp-image-626\" src=\"https:\/\/hydraulic-cylinders.net\/wp-content\/uploads\/2023\/08\/hydraulic-cylinder-product-1-300x158.webp\" alt=\"\" width=\"495\" height=\"260\" srcset=\"https:\/\/hydraulic-cylinders.net\/wp-content\/uploads\/2023\/08\/hydraulic-cylinder-product-1-300x158.webp 495w, https:\/\/hydraulic-cylinders.net\/wp-content\/uploads\/2023\/08\/hydraulic-cylinder-product-1-480x252.webp 480w\" sizes=\"(min-width: 0px) and (max-width: 480px) 480px, (min-width: 481px) 495px, 100vw\" \/> <img loading=\"lazy\" decoding=\"async\" class=\"alignnone wp-image-627\" src=\"https:\/\/hydraulic-cylinders.net\/wp-content\/uploads\/2023\/08\/hydraulic-cylinder-product-2-300x189.webp\" alt=\"\" width=\"413\" height=\"260\" \/><\/p>\n<h3>(2) Obr\u00e1banie<\/h3>\n<p>Obr\u00e1bacia diel\u0148a je vybaven\u00e1 prisp\u00f4soben\u00fdm s\u00fastru\u017en\u00edckym centrom na \u0161ikm\u00e9 ko\u013eajnice, obr\u00e1bac\u00edm centrom, vysokor\u00fdchlostn\u00fdm honovac\u00edm strojom, zv\u00e1rac\u00edm robotom a \u010fal\u0161\u00edm s\u00favisiacim zariaden\u00edm, ktor\u00e9 dok\u00e1\u017ee spracova\u0165 valcov\u00e9 r\u00fary s maxim\u00e1lnym vn\u00fatorn\u00fdm priemerom 400 mm a maxim\u00e1lnou d\u013a\u017ekou 6 metrov.<\/p>\n<p><img loading=\"lazy\" decoding=\"async\" class=\"alignnone wp-image-628 size-large\" src=\"https:\/\/hydraulic-cylinders.net\/wp-content\/uploads\/2023\/08\/hydraulic-cylinder-product-3-1024x391.webp\" alt=\"\" width=\"1024\" height=\"391\" srcset=\"https:\/\/hydraulic-cylinders.net\/wp-content\/uploads\/2023\/08\/hydraulic-cylinder-product-3-980x374.webp 980w, https:\/\/hydraulic-cylinders.net\/wp-content\/uploads\/2023\/08\/hydraulic-cylinder-product-3-480x183.webp 480w\" sizes=\"(min-width: 0px) and (max-width: 480px) 480px, (min-width: 481px) and (max-width: 980px) 980px, (min-width: 981px) 1024px, 100vw\" \/><\/p>\n<h3>(3) Zv\u00e1ranie<\/h3>\n<p><img loading=\"lazy\" decoding=\"async\" class=\"alignnone wp-image-629 size-large\" src=\"https:\/\/hydraulic-cylinders.net\/wp-content\/uploads\/2023\/08\/hydraulic-cylinder-product-4-1024x510.webp\" alt=\"\" width=\"1024\" height=\"510\" srcset=\"https:\/\/hydraulic-cylinders.net\/wp-content\/uploads\/2023\/08\/hydraulic-cylinder-product-4-980x488.webp 980w, https:\/\/hydraulic-cylinders.net\/wp-content\/uploads\/2023\/08\/hydraulic-cylinder-product-4-480x239.webp 480w\" sizes=\"(min-width: 0px) and (max-width: 480px) 480px, (min-width: 481px) and (max-width: 980px) 980px, (min-width: 981px) 1024px, 100vw\" \/><\/p>\n<h3>(4) Ma\u013eovanie a natieranie<\/h3>\n<p>S mal\u00fdmi a stredne ve\u013ek\u00fdmi valcov\u00fdmi automatick\u00fdmi linkami na nan\u00e1\u0161anie farieb na vodnej b\u00e1ze, na dosiahnutie automatick\u00e9ho nakladania a vykladania robotmi a automatick\u00e9ho striekania, je projektovan\u00e1 kapacita 4000 kusov za smenu;<br \/>\nM\u00e1me tie\u017e poloautomatick\u00fa linku na v\u00fdrobu farieb pre ve\u013ek\u00e9 valce poh\u00e1\u0148an\u00e9 re\u0165azou s projektovanou kapacitou 60 kusov za smenu.<\/p>\n<p><img loading=\"lazy\" decoding=\"async\" class=\"alignnone wp-image-630\" src=\"https:\/\/hydraulic-cylinders.net\/wp-content\/uploads\/2023\/08\/hydraulic-cylinder-product-5-300x213.webp\" alt=\"\" width=\"366\" height=\"260\" \/> <img loading=\"lazy\" decoding=\"async\" class=\"alignnone wp-image-631\" src=\"https:\/\/hydraulic-cylinders.net\/wp-content\/uploads\/2023\/08\/hydraulic-cylinder-product-6-300x225.webp\" alt=\"\" width=\"347\" height=\"260\" \/><\/p>\n<h3>(5) Testovanie<\/h3>\n<p>Disponujeme prvotriednymi kontroln\u00fdmi zariadeniami a sk\u00fa\u0161obn\u00fdmi zariadeniami, ktor\u00e9 zabezpe\u010duj\u00fa, \u017ee v\u00fdkonnos\u0165 valca sp\u013a\u0148a po\u017eiadavky.<\/p>\n<p><img loading=\"lazy\" decoding=\"async\" class=\"alignnone wp-image-632\" src=\"https:\/\/hydraulic-cylinders.net\/wp-content\/uploads\/2023\/08\/hydraulic-cylinder-product-8-300x200.webp\" alt=\"\" width=\"389\" height=\"260\" \/><\/p>\n<p>&nbsp;<\/p>\n<p>&nbsp;<\/p>\n<p>Sme jedn\u00fdm z najlep\u0161\u00edch v\u00fdrobcov hydraulick\u00fdch valcov. Pon\u00fakame komplexn\u00e9 hydraulick\u00e9 valce. Poskytujeme aj zodpovedaj\u00face <a href=\"https:\/\/hzpt.com\/agricultural-pto-gearbox\/\" target=\"_blank\" rel=\"noopener\">po\u013enohospod\u00e1rske prevodovky<\/a>Na\u0161e produkty sme vyv\u00e1\u017eali klientom po celom svete a v\u010faka vynikaj\u00facej kvalite produktov a popredajn\u00e9mu servisu sme si z\u00edskali dobr\u00fa reput\u00e1ciu. V\u00edtame z\u00e1kazn\u00edkov doma aj v zahrani\u010d\u00ed, ktor\u00ed n\u00e1s kontaktuj\u00fa za \u00fa\u010delom rokovania o obchodn\u00fdch z\u00e1le\u017eitostiach, v\u00fdmeny inform\u00e1ci\u00ed a <a href=\"https:\/\/www.hydraulic-cylinders.net\/sk\/contact-us\/\">spolupracova\u0165 s nami<\/a>!<\/p>\n<p>&nbsp;<\/p>\n<p>&nbsp;<\/p>","protected":false},"excerpt":{"rendered":"<p>Empty Container Stacker Oil Side Shift Cylinder The empty container stacker oil side shift cylinder is a crucial component designed to enhance the versatility and efficiency of empty container stackers. This hydraulic cylinder enables precise side shifting of containers, allowing operators to position them quickly and accurately. With its advanced features, robust construction, and seamless [&hellip;]<\/p>","protected":false},"featured_media":1840,"comment_status":"open","ping_status":"closed","template":"","meta":{"_et_pb_use_builder":"","_et_pb_old_content":"","_et_gb_content_width":""},"product_brand":[],"product_cat":[1550,1516,1552],"product_tag":[1380],"class_list":{"0":"post-1838","1":"product","2":"type-product","3":"status-publish","4":"has-post-thumbnail","6":"product_cat-double-acting-hydraulic-cylinder","7":"product_cat-stacker-reclaimer-hydraulic-cylinders","8":"product_cat-stainless-steel-hydraulic-cylinder","9":"product_tag-hydraulic-cylinder","11":"first","12":"instock","13":"shipping-taxable","14":"product-type-simple"},"amp_enabled":true,"_links":{"self":[{"href":"https:\/\/www.hydraulic-cylinders.net\/sk\/wp-json\/wp\/v2\/product\/1838","targetHints":{"allow":["GET"]}}],"collection":[{"href":"https:\/\/www.hydraulic-cylinders.net\/sk\/wp-json\/wp\/v2\/product"}],"about":[{"href":"https:\/\/www.hydraulic-cylinders.net\/sk\/wp-json\/wp\/v2\/types\/product"}],"replies":[{"embeddable":true,"href":"https:\/\/www.hydraulic-cylinders.net\/sk\/wp-json\/wp\/v2\/comments?post=1838"}],"wp:featuredmedia":[{"embeddable":true,"href":"https:\/\/www.hydraulic-cylinders.net\/sk\/wp-json\/wp\/v2\/media\/1840"}],"wp:attachment":[{"href":"https:\/\/www.hydraulic-cylinders.net\/sk\/wp-json\/wp\/v2\/media?parent=1838"}],"wp:term":[{"taxonomy":"product_brand","embeddable":true,"href":"https:\/\/www.hydraulic-cylinders.net\/sk\/wp-json\/wp\/v2\/product_brand?post=1838"},{"taxonomy":"product_cat","embeddable":true,"href":"https:\/\/www.hydraulic-cylinders.net\/sk\/wp-json\/wp\/v2\/product_cat?post=1838"},{"taxonomy":"product_tag","embeddable":true,"href":"https:\/\/www.hydraulic-cylinders.net\/sk\/wp-json\/wp\/v2\/product_tag?post=1838"}],"curies":[{"name":"pracovn\u00fd list","href":"https:\/\/api.w.org\/{rel}","templated":true}]}}