{"id":1877,"date":"2023-10-18T07:57:51","date_gmt":"2023-10-18T07:57:51","guid":{"rendered":"https:\/\/hydraulic-cylinders.net\/?post_type=product&#038;p=1877"},"modified":"2025-04-11T03:43:31","modified_gmt":"2025-04-11T03:43:31","slug":"shield-machine-articulated-cylinder","status":"publish","type":"product","link":"https:\/\/www.hydraulic-cylinders.net\/sk\/produkt\/shield-machine-articulated-cylinder\/","title":{"rendered":"K\u013abov\u00fd valec Shield Machine"},"content":{"rendered":"<h1 style=\"text-align: center;\"><strong>K\u013abov\u00fd valec Shield Machine<\/strong><\/h1>\n<p><img loading=\"lazy\" decoding=\"async\" class=\"aligncenter wp-image-1878\" src=\"https:\/\/hydraulic-cylinders.net\/wp-content\/uploads\/2023\/10\/articulated-cylinder-1-300x300.webp\" alt=\"\" width=\"400\" height=\"400\" \/><\/p>\n<p>K\u013abov\u00fd valec pre \u0161t\u00edtov\u00e9 stroje je \u0161pi\u010dkov\u00fd hydraulick\u00fd komponent \u0161peci\u00e1lne navrhnut\u00fd pre \u0161t\u00edtov\u00e9 stroje pou\u017e\u00edvan\u00e9 pri tunelovan\u00ed a podzemn\u00fdch stavebn\u00fdch projektoch. V\u010faka svojej v\u00fdnimo\u010dnej flexibilite, spo\u013eahlivosti a \u00fa\u010dinnosti je tento valec nevyhnutn\u00fd pre zabezpe\u010denie plynul\u00fdch v\u00fdkopov\u00fdch oper\u00e1ci\u00ed. Tento \u010dl\u00e1nok sa ponor\u00ed do k\u013e\u00fa\u010dov\u00fdch vlastnost\u00ed, sp\u00f4sobov pou\u017eitia a tipov na \u00fadr\u017ebu tohto pozoruhodn\u00e9ho produktu.<\/p>\n<p>K\u013abov\u00fd valec pre \u0161t\u00edtov\u00fd stroj prin\u00e1\u0161a revol\u00faciu v tunelovac\u00edch oper\u00e1ci\u00e1ch v\u010faka flexibiln\u00e9mu rozsahu pohybu, robustnej kon\u0161trukcii a presn\u00e9mu hydraulick\u00e9mu ovl\u00e1daniu. Jeho k\u013abov\u00e1 kon\u0161trukcia umo\u017e\u0148uje v\u00fdnimo\u010dn\u00fa prisp\u00f4sobivos\u0165, man\u00e9vrovate\u013enos\u0165 a efekt\u00edvnos\u0165, v\u010faka \u010domu je nevyhnutn\u00fd pre \u00faspe\u0161n\u00e9 podzemn\u00e9 stavebn\u00e9 projekty. Dodr\u017eiavan\u00edm odpor\u00fa\u010dan\u00fdch met\u00f3d pou\u017e\u00edvania a vykon\u00e1van\u00edm pravideln\u00fdch \u00fadr\u017eb\u00e1rskych postupov bude k\u013abov\u00fd valec pre \u0161t\u00edtov\u00fd stroj na\u010falej poskytova\u0165 v\u00fdnimo\u010dn\u00fd v\u00fdkon a zabezpe\u010d\u00ed plynul\u00fd priebeh va\u0161ich tunelovac\u00edch pr\u00e1c. Za\u017eite flexibilitu, efekt\u00edvnos\u0165 a spo\u013eahlivos\u0165 k\u013abov\u00e9ho valca pre \u0161t\u00edtov\u00fd stroj a odomknite pln\u00fd potenci\u00e1l svojich tunelovac\u00edch projektov.<\/p>\n<p>K\u013e\u00fa\u010dov\u00e9 vlastnosti k\u013abov\u00e9ho valca Shield Machine:<\/p>\n<ol>\n<li>K\u013abov\u00fd dizajn: K\u013abov\u00fd valec raziaceho stroja sa vyzna\u010duje inovat\u00edvnym k\u013abov\u00fdm dizajnom, ktor\u00fd umo\u017e\u0148uje lep\u0161iu man\u00e9vrovate\u013enos\u0165 a prisp\u00f4sobivos\u0165 po\u010das razenia tunelov. Jeho jedine\u010dn\u00e1 kon\u0161trukcia umo\u017e\u0148uje raziacemu stroju \u013eahko sa pohybova\u0165 v n\u00e1ro\u010dnom ter\u00e9ne, \u00fazkych z\u00e1krut\u00e1ch a meniacom sa trasovan\u00ed tunelov, \u010do zais\u0165uje maxim\u00e1lnu efektivitu a \u00faspech projektu.<\/li>\n<li>Robustn\u00e1 kon\u0161trukcia: Tento valec, vyroben\u00fd z vysoko kvalitn\u00fdch materi\u00e1lov a s presn\u00fdm kon\u0161truk\u010dn\u00fdm rie\u0161en\u00edm, vykazuje v\u00fdnimo\u010dn\u00fa odolnos\u0165 a trvanlivos\u0165 vo\u010di n\u00e1ro\u010dn\u00fdm podmienkam, s ktor\u00fdmi sa stret\u00e1vame pri podzemn\u00fdch stavb\u00e1ch. Jeho robustn\u00e1 kon\u0161trukcia zais\u0165uje spo\u013eahliv\u00fd v\u00fdkon, dlh\u00fa \u017eivotnos\u0165 a minim\u00e1lne prestoje, a to aj v najn\u00e1ro\u010dnej\u0161\u00edch prev\u00e1dzkov\u00fdch podmienkach.<\/li>\n<li>Flexibiln\u00fd rozsah pohybu: K\u013abov\u00fd valec pon\u00faka \u0161irok\u00fd rozsah pohybu, \u010do umo\u017e\u0148uje stroju na kladenie \u0161t\u00edtov pohybova\u0165 sa a upravova\u0165 svoju polohu pod\u013ea potreby. T\u00e1to flexibilita umo\u017e\u0148uje presn\u00e9 zarovnanie, efekt\u00edvne razenie a zlep\u0161en\u00fa presnos\u0165 razenia tunelov, \u010do v kone\u010dnom d\u00f4sledku vedie k r\u00fdchlej\u0161iemu dokon\u010deniu projektu a zn\u00ed\u017eeniu n\u00e1kladov.<\/li>\n<li>Hydraulick\u00fd riadiaci syst\u00e9m: K\u013abov\u00fd valec stroja Shield je vybaven\u00fd pokro\u010dil\u00fdmi hydraulick\u00fdmi riadiacimi syst\u00e9mami a poskytuje presn\u00e9 a citliv\u00e9 ovl\u00e1danie pohybu k\u013abu. To zais\u0165uje plynul\u00fa prev\u00e1dzku a umo\u017e\u0148uje oper\u00e1torom udr\u017eiava\u0165 optim\u00e1lnu kontrolu nad strojom, \u010d\u00edm sa zvy\u0161uje bezpe\u010dnos\u0165 a produktivita.<\/li>\n<\/ol>\n<h2><strong>Parameter k\u013abov\u00e9ho valca \u0161t\u00edtov\u00e9ho stroja:<\/strong><\/h2>\n<table border=\"1\" cellspacing=\"0\" cellpadding=\"0\">\n<tbody>\n<tr>\n<td>N\u00e1zov produktu<\/td>\n<td>K\u013abov\u00fd valec Shield Machine<\/td>\n<\/tr>\n<tr>\n<td>Vlastnosti:<\/td>\n<td>Akt\u00edvne k\u013abov\u00e9 spojenie: riadenie fr\u00e9zovacej hlavy\/koordinovan\u00e1 v\u00fdmena n\u00e1stroja<br \/>\nPas\u00edvna artikul\u00e1cia: potiahnite chvost \u0161t\u00edtu dopredu<\/td>\n<\/tr>\n<tr>\n<td>Priemer otvoru:<\/td>\n<td>125 mm\uff5e550 mm<\/td>\n<\/tr>\n<tr>\n<td>Priemer ty\u010de:<\/td>\n<td>\u00a070 mm\uff5e370 mm<br \/>\nZdvih 140 mm\uff5e1200 mm<\/td>\n<\/tr>\n<tr>\n<td>Tlak\uff1a<\/td>\n<td>A\u017e 35 MPa<\/td>\n<\/tr>\n<tr>\n<td>Aplik\u00e1cie:<\/td>\n<td>\u0160t\u00edtov\u00fd stroj, tunelov\u00e9 v\u0155tacie stroje<\/td>\n<\/tr>\n<\/tbody>\n<\/table>\n<h2><strong>Pou\u017eitie pr\u00edtla\u010dn\u00e9ho valca \u0161t\u00edtov\u00e9ho stroja:<\/strong><\/h2>\n<p><img loading=\"lazy\" decoding=\"async\" class=\"alignnone wp-image-1875 size-full\" src=\"https:\/\/hydraulic-cylinders.net\/wp-content\/uploads\/2023\/10\/harsh-corrosive-cylinder-1.webp\" alt=\"\" width=\"1418\" height=\"946\" srcset=\"https:\/\/hydraulic-cylinders.net\/wp-content\/uploads\/2023\/10\/harsh-corrosive-cylinder-1.webp 1418w, https:\/\/hydraulic-cylinders.net\/wp-content\/uploads\/2023\/10\/harsh-corrosive-cylinder-1-1280x854.webp 1280w, https:\/\/hydraulic-cylinders.net\/wp-content\/uploads\/2023\/10\/harsh-corrosive-cylinder-1-980x654.webp 980w, https:\/\/hydraulic-cylinders.net\/wp-content\/uploads\/2023\/10\/harsh-corrosive-cylinder-1-480x320.webp 480w\" sizes=\"(min-width: 0px) and (max-width: 480px) 480px, (min-width: 481px) and (max-width: 980px) 980px, (min-width: 981px) and (max-width: 1280px) 1280px, (min-width: 1281px) 1418px, 100vw\" \/><\/p>\n<h2><strong>Met\u00f3da pou\u017eitia k\u013abov\u00e9ho valca \u0161t\u00edtov\u00e9ho stroja<\/strong><strong>:<\/strong><\/h2>\n<ul>\n<li><strong>Predin\u0161tala\u010dn\u00e9 pos\u00fadenie:<\/strong>\u00a0 Pred in\u0161tal\u00e1ciou k\u013abov\u00e9ho valca pre \u0161t\u00edtov\u00fd stroj pos\u00fa\u010fte po\u017eiadavky projektu vr\u00e1tane rozmerov tunela, obmedzen\u00ed trasy a podmienok ter\u00e9nu. Toto vyhodnotenie pom\u00f4\u017ee ur\u010di\u0165 vhodn\u00e9 \u0161pecifik\u00e1cie a konfigur\u00e1ciu valca pre optim\u00e1lny v\u00fdkon.<\/li>\n<li><strong>In\u0161tal\u00e1cia a integr\u00e1cia:<\/strong> Pre \u00faspe\u0161n\u00fa in\u0161tal\u00e1ciu postupujte pod\u013ea t\u00fdchto krokov:\n<ul>\n<li>Securely mount the articulated cylinder onto the shield machine, ensuring proper alignment and stability by the manufacturer&#8217;s guidelines.<\/li>\n<li>Pripojte hydraulick\u00e9 potrubia k valcu a zabezpe\u010dte tesn\u00e9 a bez\u00fatesn\u00e9 spojenia. Overte kompatibilitu s hydraulick\u00fdm syst\u00e9mom a pou\u017eite vhodn\u00e9 spoje a hadice.<\/li>\n<\/ul>\n<\/li>\n<li><strong>Nastavenie hydraulick\u00e9ho syst\u00e9mu:<\/strong> Integrate the cylinder into the shield machine&#8217;s hydraulic system, connecting it to a reliable power source and control mechanism. Proper setup and calibration of the hydraulic system are crucial for optimal performance and safety.<\/li>\n<li><strong>Prev\u00e1dzkov\u00e1 kontrola:<\/strong> Familiarize yourself with the control mechanism for the articulated cylinder. Understand the control inputs and their corresponding effects on the cylinder&#8217;s range of motion. Practice operating the control system to ensure smooth and precise articulation during tunneling operations.<\/li>\n<\/ul>\n<h2><strong>Ako odvzdu\u0161ni\u0165 hydraulick\u00fd valec na skl\u00e1pa\u010di?<\/strong><\/h2>\n<p><strong>Krok 1: Pr\u00edprava vozidla a bezpe\u010dnostn\u00e9 opatrenia<\/strong><\/p>\n<ul>\n<li>Zaparkujte skl\u00e1pa\u010d na rovnom povrchu a zatiahnite parkovaciu brzdu.<\/li>\n<li>Vypnite motor a vyberte k\u013e\u00fa\u010d zo zapa\u013eovania, aby ste predi\u0161li n\u00e1hodnej aktiv\u00e1cii hydraulick\u00e9ho syst\u00e9mu.<\/li>\n<li>Noste vhodn\u00e9 osobn\u00e9 ochrann\u00e9 prostriedky, ako s\u00fa rukavice a ochrann\u00e9 okuliare, aby ste sa chr\u00e1nili pred hydraulickou kvapalinou a ne\u010distotami.<\/li>\n<\/ul>\n<p><strong>Krok 2: N\u00e1jdite odvzdu\u0161\u0148ovac\u00ed ventil<\/strong><\/p>\n<ul>\n<li>Identify the hydraulic cylinder(s) that need to be bled. These cylinders are typically connected to the dump truck&#8217;s lifting mechanism.<\/li>\n<li>N\u00e1jdite odvzdu\u0161\u0148ovac\u00ed ventil (ventily) na hydraulickom valci (valcoch). Odvzdu\u0161\u0148ovac\u00ed ventil je mal\u00e1 armat\u00fara s protiprachov\u00fdm krytom.<\/li>\n<\/ul>\n<p><strong>Krok 3: Pripravte sa na krv\u00e1canie<\/strong><\/p>\n<ul>\n<li>Odstr\u00e1\u0148te protiprachov\u00fd kryt z odvzdu\u0161\u0148ovacieho ventilu.<\/li>\n<li>Okolo odvzdu\u0161\u0148ovacieho ventilu umiestnite handry alebo uter\u00e1ky, aby ste zachytili ak\u00fako\u013evek hydraulick\u00fa kvapalinu unikaj\u00facu po\u010das odvzdu\u0161\u0148ovania.<\/li>\n<\/ul>\n<p><strong>Krok 4: Proces krv\u00e1cania<\/strong><\/p>\n<ul>\n<li>S pomocou inej osoby, ktor\u00e1 bude obsluhova\u0165 ovl\u00e1dacie prvky vo vn\u00fatri kab\u00edny, komunikujte a koordinujte proces odvzdu\u0161\u0148ovania.<\/li>\n<li>Depending on the dump truck&#8217;s configuration, instruct the person operating the controls to activate the hydraulic system in the &#8220;lower&#8221; or &#8220;dump&#8221; mode.<\/li>\n<li>Otvorte odvzdu\u0161\u0148ovac\u00ed ventil jeho oto\u010den\u00edm proti smeru hodinov\u00fdch ru\u010di\u010diek. Po otvoren\u00ed ventilu sa zo syst\u00e9mu vypust\u00ed hydraulick\u00e1 kvapalina a vzduchov\u00e9 bubliny.<\/li>\n<li>Nechajte hydraulick\u00fa kvapalinu vyteka\u0165, k\u00fdm neuvid\u00edte st\u00e1ly pr\u00fad, ktor\u00fd signalizuje, \u017ee vzduch bol vytla\u010den\u00fd. Zatvorte odvzdu\u0161\u0148ovac\u00ed ventil oto\u010den\u00edm v smere hodinov\u00fdch ru\u010di\u010diek.<\/li>\n<\/ul>\n<p><strong>Krok 5: Zopakujte postup<\/strong><\/p>\n<ul>\n<li>Opakujte proces odvzdu\u0161nenia pre ka\u017ed\u00fd hydraulick\u00fd valec, ktor\u00fd vy\u017eaduje odvzdu\u0161nenie, pod\u013ea rovnak\u00fdch krokov uveden\u00fdch vy\u0161\u0161ie.<\/li>\n<li>Po odvzdu\u0161nen\u00ed sa uistite, \u017ee ka\u017ed\u00fd odvzdu\u0161\u0148ovac\u00ed ventil je pevne uzavret\u00fd, aby ste predi\u0161li \u00faniku hydraulickej kvapaliny.<\/li>\n<\/ul>\n<p><strong>Krok 6: Skontrolujte hladinu kvapaliny a jej prev\u00e1dzku<\/strong><\/p>\n<ul>\n<li>Inspect the hydraulic fluid level in the dump truck&#8217;s reservoir. Add fluid if necessary, following the manufacturer&#8217;s guidelines.<\/li>\n<li>Na\u0161tartujte motor a aktivujte hydraulick\u00fd syst\u00e9m, aby ste otestovali funk\u010dnos\u0165 odvzdu\u0161nen\u00fdch valcov. Overte, \u010di sa plynulo vys\u00favaj\u00fa a zas\u00favaj\u00fa bez ak\u00fdchko\u013evek abnorm\u00e1lnych zvukov alebo probl\u00e9mov s v\u00fdkonom.<\/li>\n<\/ul>\n<h2><strong>Schopnos\u0165 a kapacita tov\u00e1rne:<\/strong><\/h2>\n<h3>(1) Mont\u00e1\u017e<\/h3>\n<p>Disponujeme prvotriednou nez\u00e1vislou v\u00fdskumnou a v\u00fdvojovou mont\u00e1\u017enou platformou. Diel\u0148a na v\u00fdrobu hydraulick\u00fdch valcov m\u00e1 \u0161tyri poloautomatick\u00e9 mont\u00e1\u017ene linky zdv\u00edhac\u00edch valcov a jednu automatick\u00fa mont\u00e1\u017enu linku nakl\u00e1pac\u00edch valcov s projektovanou ro\u010dnou v\u00fdrobnou kapacitou 1 mili\u00f3n kusov. Diel\u0148a na v\u00fdrobu \u0161peci\u00e1lnych valcov je vybaven\u00e1 r\u00f4znymi \u0161pecifik\u00e1ciami poloautomatick\u00e9ho syst\u00e9mu \u010distenia a mont\u00e1\u017ee s projektovanou ro\u010dnou v\u00fdrobnou kapacitou 200 000 kusov a je vybaven\u00e1 zn\u00e1mym CNC obr\u00e1bac\u00edm zariaden\u00edm, obr\u00e1bac\u00edm centrom, \u0161peci\u00e1lnym zariaden\u00edm na vysoko presn\u00e9 spracovanie valcov, robotick\u00fdm zv\u00e1rac\u00edm strojom, automatick\u00fdm \u010distiacim strojom, automatick\u00fdm mont\u00e1\u017enym strojom valcov a automatickou lakovacou v\u00fdrobnou linkou. Existuj\u00face kritick\u00e9 zariadenia maj\u00fa viac ako 300 s\u00faprav (s\u00e1d). Optim\u00e1lne alokovanie a efekt\u00edvne vyu\u017e\u00edvanie zdrojov zariaden\u00ed zabezpe\u010duje po\u017eiadavky na presnos\u0165 v\u00fdrobkov a sp\u013a\u0148a po\u017eiadavky na vysok\u00fa kvalitu v\u00fdrobkov.<\/p>\n<p><img loading=\"lazy\" decoding=\"async\" class=\"alignnone wp-image-626\" src=\"https:\/\/hydraulic-cylinders.net\/wp-content\/uploads\/2023\/08\/hydraulic-cylinder-product-1-300x158.webp\" alt=\"\" width=\"495\" height=\"260\" srcset=\"https:\/\/hydraulic-cylinders.net\/wp-content\/uploads\/2023\/08\/hydraulic-cylinder-product-1-300x158.webp 495w, https:\/\/hydraulic-cylinders.net\/wp-content\/uploads\/2023\/08\/hydraulic-cylinder-product-1-480x252.webp 480w\" sizes=\"(min-width: 0px) and (max-width: 480px) 480px, (min-width: 481px) 495px, 100vw\" \/> <img loading=\"lazy\" decoding=\"async\" class=\"alignnone wp-image-627\" src=\"https:\/\/hydraulic-cylinders.net\/wp-content\/uploads\/2023\/08\/hydraulic-cylinder-product-2-300x189.webp\" alt=\"\" width=\"413\" height=\"260\" \/><\/p>\n<h3>(2) Obr\u00e1banie<\/h3>\n<p>Obr\u00e1bacia diel\u0148a je vybaven\u00e1 prisp\u00f4soben\u00fdm s\u00fastru\u017en\u00edckym centrom na \u0161ikm\u00e9 ko\u013eajnice, obr\u00e1bac\u00edm centrom, vysokor\u00fdchlostn\u00fdm honovac\u00edm strojom, zv\u00e1rac\u00edm robotom a \u010fal\u0161\u00edm s\u00favisiacim zariaden\u00edm, ktor\u00e9 dok\u00e1\u017ee spracova\u0165 valcov\u00e9 r\u00fary s maxim\u00e1lnym vn\u00fatorn\u00fdm priemerom 400 mm a maxim\u00e1lnou d\u013a\u017ekou 6 metrov.<\/p>\n<p><img loading=\"lazy\" decoding=\"async\" class=\"alignnone wp-image-628 size-large\" src=\"https:\/\/hydraulic-cylinders.net\/wp-content\/uploads\/2023\/08\/hydraulic-cylinder-product-3-1024x391.webp\" alt=\"\" width=\"1024\" height=\"391\" srcset=\"https:\/\/hydraulic-cylinders.net\/wp-content\/uploads\/2023\/08\/hydraulic-cylinder-product-3-980x374.webp 980w, https:\/\/hydraulic-cylinders.net\/wp-content\/uploads\/2023\/08\/hydraulic-cylinder-product-3-480x183.webp 480w\" sizes=\"(min-width: 0px) and (max-width: 480px) 480px, (min-width: 481px) and (max-width: 980px) 980px, (min-width: 981px) 1024px, 100vw\" \/><\/p>\n<h3>(3) Zv\u00e1ranie<\/h3>\n<p><img loading=\"lazy\" decoding=\"async\" class=\"alignnone wp-image-629 size-large\" src=\"https:\/\/hydraulic-cylinders.net\/wp-content\/uploads\/2023\/08\/hydraulic-cylinder-product-4-1024x510.webp\" alt=\"\" width=\"1024\" height=\"510\" srcset=\"https:\/\/hydraulic-cylinders.net\/wp-content\/uploads\/2023\/08\/hydraulic-cylinder-product-4-980x488.webp 980w, https:\/\/hydraulic-cylinders.net\/wp-content\/uploads\/2023\/08\/hydraulic-cylinder-product-4-480x239.webp 480w\" sizes=\"(min-width: 0px) and (max-width: 480px) 480px, (min-width: 481px) and (max-width: 980px) 980px, (min-width: 981px) 1024px, 100vw\" \/><\/p>\n<h3>(4) Ma\u013eovanie a natieranie<\/h3>\n<p>S mal\u00fdmi a stredne ve\u013ek\u00fdmi valcov\u00fdmi automatick\u00fdmi linkami na nan\u00e1\u0161anie farieb na vodnej b\u00e1ze, na dosiahnutie automatick\u00e9ho nakladania a vykladania robotmi a automatick\u00e9ho striekania, je projektovan\u00e1 kapacita 4000 kusov za smenu;<br \/>\nM\u00e1me tie\u017e poloautomatick\u00fa linku na v\u00fdrobu farieb pre ve\u013ek\u00e9 valce poh\u00e1\u0148an\u00e9 re\u0165azou s projektovanou kapacitou 60 kusov za smenu.<\/p>\n<p><img loading=\"lazy\" decoding=\"async\" class=\"alignnone wp-image-630\" src=\"https:\/\/hydraulic-cylinders.net\/wp-content\/uploads\/2023\/08\/hydraulic-cylinder-product-5-300x213.webp\" alt=\"\" width=\"366\" height=\"260\" \/> <img loading=\"lazy\" decoding=\"async\" class=\"alignnone wp-image-631\" src=\"https:\/\/hydraulic-cylinders.net\/wp-content\/uploads\/2023\/08\/hydraulic-cylinder-product-6-300x225.webp\" alt=\"\" width=\"347\" height=\"260\" \/><\/p>\n<h3>(5) Testovanie<\/h3>\n<p>Disponujeme prvotriednymi kontroln\u00fdmi zariadeniami a sk\u00fa\u0161obn\u00fdmi zariadeniami, ktor\u00e9 zabezpe\u010duj\u00fa, \u017ee v\u00fdkonnos\u0165 valca sp\u013a\u0148a po\u017eiadavky.<\/p>\n<p><img loading=\"lazy\" decoding=\"async\" class=\"alignnone wp-image-632\" src=\"https:\/\/hydraulic-cylinders.net\/wp-content\/uploads\/2023\/08\/hydraulic-cylinder-product-8-300x200.webp\" alt=\"\" width=\"389\" height=\"260\" \/><\/p>\n<p>&nbsp;<\/p>\n<p>&nbsp;<\/p>\n<p>Sme jedn\u00fdm z najlep\u0161\u00edch v\u00fdrobcov hydraulick\u00fdch valcov. Pon\u00fakame komplexn\u00e9 hydraulick\u00e9 valce. Poskytujeme aj zodpovedaj\u00face <a href=\"https:\/\/hzpt.com\/agricultural-pto-gearbox\/\" target=\"_blank\" rel=\"noopener\">po\u013enohospod\u00e1rske prevodovky<\/a>Na\u0161e produkty sme vyv\u00e1\u017eali klientom po celom svete a v\u010faka vynikaj\u00facej kvalite produktov a popredajn\u00e9mu servisu sme si z\u00edskali dobr\u00fa reput\u00e1ciu. V\u00edtame z\u00e1kazn\u00edkov doma aj v zahrani\u010d\u00ed, ktor\u00ed n\u00e1s kontaktuj\u00fa za \u00fa\u010delom rokovania o obchodn\u00fdch z\u00e1le\u017eitostiach, v\u00fdmeny inform\u00e1ci\u00ed a <a href=\"https:\/\/www.hydraulic-cylinders.net\/sk\/contact-us\/\">spolupracova\u0165 s nami<\/a>!<\/p>\n<p>&nbsp;<\/p>","protected":false},"excerpt":{"rendered":"<p>Shield Machine Articulated Cylinder The shield machine articulated cylinder is a cutting-edge hydraulic component specifically designed for shield machines used in tunneling and underground construction projects. With its exceptional flexibility, reliability, and efficiency, this cylinder is vital in ensuring smooth excavation operations. This article will delve into the key characteristics, usage methods, and maintenance tips [&hellip;]<\/p>","protected":false},"featured_media":1881,"comment_status":"open","ping_status":"closed","template":"","meta":{"_et_pb_use_builder":"","_et_pb_old_content":"","_et_gb_content_width":""},"product_brand":[],"product_cat":[1550,1519],"product_tag":[1380],"class_list":{"0":"post-1877","1":"product","2":"type-product","3":"status-publish","4":"has-post-thumbnail","6":"product_cat-double-acting-hydraulic-cylinder","7":"product_cat-shield-machine-hydraulic-cylinders","8":"product_tag-hydraulic-cylinder","10":"first","11":"instock","12":"shipping-taxable","13":"product-type-simple"},"amp_enabled":true,"_links":{"self":[{"href":"https:\/\/www.hydraulic-cylinders.net\/sk\/wp-json\/wp\/v2\/product\/1877","targetHints":{"allow":["GET"]}}],"collection":[{"href":"https:\/\/www.hydraulic-cylinders.net\/sk\/wp-json\/wp\/v2\/product"}],"about":[{"href":"https:\/\/www.hydraulic-cylinders.net\/sk\/wp-json\/wp\/v2\/types\/product"}],"replies":[{"embeddable":true,"href":"https:\/\/www.hydraulic-cylinders.net\/sk\/wp-json\/wp\/v2\/comments?post=1877"}],"wp:featuredmedia":[{"embeddable":true,"href":"https:\/\/www.hydraulic-cylinders.net\/sk\/wp-json\/wp\/v2\/media\/1881"}],"wp:attachment":[{"href":"https:\/\/www.hydraulic-cylinders.net\/sk\/wp-json\/wp\/v2\/media?parent=1877"}],"wp:term":[{"taxonomy":"product_brand","embeddable":true,"href":"https:\/\/www.hydraulic-cylinders.net\/sk\/wp-json\/wp\/v2\/product_brand?post=1877"},{"taxonomy":"product_cat","embeddable":true,"href":"https:\/\/www.hydraulic-cylinders.net\/sk\/wp-json\/wp\/v2\/product_cat?post=1877"},{"taxonomy":"product_tag","embeddable":true,"href":"https:\/\/www.hydraulic-cylinders.net\/sk\/wp-json\/wp\/v2\/product_tag?post=1877"}],"curies":[{"name":"pracovn\u00fd list","href":"https:\/\/api.w.org\/{rel}","templated":true}]}}