{"id":1882,"date":"2023-10-18T08:18:09","date_gmt":"2023-10-18T08:18:09","guid":{"rendered":"https:\/\/hydraulic-cylinders.net\/?post_type=product&#038;p=1882"},"modified":"2025-04-11T02:52:07","modified_gmt":"2025-04-11T02:52:07","slug":"shield-machine-assembly-lifting-cylinder","status":"publish","type":"product","link":"https:\/\/www.hydraulic-cylinders.net\/sk\/produkt\/shield-machine-assembly-lifting-cylinder\/","title":{"rendered":"Zdv\u00edhac\u00ed valec zostavy \u0161t\u00edtov\u00e9ho stroja"},"content":{"rendered":"<h1 style=\"text-align: center;\"><strong>Zdv\u00edhac\u00ed valec zostavy \u0161t\u00edtov\u00e9ho stroja<\/strong><\/h1>\n<p><img loading=\"lazy\" decoding=\"async\" class=\"aligncenter wp-image-1884\" src=\"https:\/\/hydraulic-cylinders.net\/wp-content\/uploads\/2023\/10\/assembly-lifting-cylinder-1-300x300.webp\" alt=\"\" width=\"400\" height=\"400\" \/><\/p>\n<p>Zdv\u00edhac\u00ed valec pre mont\u00e1\u017e \u0161t\u00edtov\u00fdch strojov je pokro\u010dil\u00fd hydraulick\u00fd komponent \u0161peci\u00e1lne navrhnut\u00fd pre \u0161t\u00edtov\u00e9 stroje pou\u017e\u00edvan\u00e9 v projektoch v\u00fdstavby tunelov. Tento valec zais\u0165uje efekt\u00edvne a presn\u00e9 mont\u00e1\u017ene oper\u00e1cie v\u010faka svojim v\u00fdnimo\u010dn\u00fdm zdv\u00edhac\u00edm schopnostiam, spo\u013eahlivosti a presnosti. Tento \u010dl\u00e1nok presk\u00fama k\u013e\u00fa\u010dov\u00e9 vlastnosti, sp\u00f4soby pou\u017eitia a pokyny na \u00fadr\u017ebu tohto pozoruhodn\u00e9ho produktu.<\/p>\n<p>Zdv\u00edhac\u00ed valec pre mont\u00e1\u017e \u0161t\u00edtov\u00e9ho stroja je spo\u013eahliv\u00fd a robustn\u00fd hydraulick\u00fd komponent, ktor\u00fd prin\u00e1\u0161a revol\u00faciu do mont\u00e1\u017eneho procesu pri v\u00fdstavbe tunelov. V\u010faka svojej v\u00fdnimo\u010dnej nosnosti, presn\u00e9mu ovl\u00e1daniu a odolnosti tento valec zvy\u0161uje efektivitu a presnos\u0165, skracuje \u010dasov\u00fd harmonogram projektu a zlep\u0161uje produktivitu. Pri dodr\u017eiavan\u00ed odpor\u00fa\u010dan\u00fdch met\u00f3d pou\u017e\u00edvania a pravideln\u00fdch postupov \u00fadr\u017eby bude zdv\u00edhac\u00ed valec pre mont\u00e1\u017e \u0161t\u00edtov\u00e9ho stroja na\u010falej poskytova\u0165 vynikaj\u00faci v\u00fdkon, \u010do zabezpe\u010d\u00ed bezprobl\u00e9mov\u00e9 mont\u00e1\u017ene oper\u00e1cie a \u00faspe\u0161n\u00e9 stavebn\u00e9 pr\u00e1ce pri v\u00fdstavbe tunelov. Pozdvihnite svoje stavebn\u00e9 projekty na vy\u0161\u0161iu \u00farove\u0148 v\u010faka efektivite a presnosti zdv\u00edhacieho valca pre mont\u00e1\u017e \u0161t\u00edtov\u00e9ho stroja.<\/p>\n<p>K\u013e\u00fa\u010dov\u00e9 vlastnosti k\u013abov\u00e9ho valca Shield Machine:<\/p>\n<ul>\n<li>V\u00fdkonn\u00e1 zdv\u00edhacia kapacita: Zdv\u00edhac\u00ed valec na mont\u00e1\u017e \u0161t\u00edtov\u00e9ho stroja sa m\u00f4\u017ee pochv\u00e1li\u0165 robustnou kon\u0161trukciou, ktor\u00e1 umo\u017e\u0148uje \u013eahk\u00fa manipul\u00e1ciu s \u0165a\u017ek\u00fdmi bremenami. V\u010faka svojej vysokej zdv\u00edhacej kapacite tento valec u\u013eah\u010duje plynul\u00fa a efekt\u00edvnu mont\u00e1\u017e komponentov \u0161t\u00edtov\u00e9ho stroja, \u010d\u00edm skracuje \u010das v\u00fdstavby a zvy\u0161uje produktivitu.<\/li>\n<li>Presn\u00e9 ovl\u00e1danie: Tento valec je vybaven\u00fd pokro\u010dil\u00fdmi hydraulick\u00fdmi riadiacimi syst\u00e9mami a poskytuje presn\u00e9 a citliv\u00e9 ovl\u00e1danie zdv\u00edhacej oper\u00e1cie. Oper\u00e1tori m\u00f4\u017eu presne nastavi\u0165 r\u00fdchlos\u0165 a polohu zdv\u00edhania, \u010d\u00edm zabezpe\u010dia optim\u00e1lne zarovnanie a minimalizuj\u00fa riziko ch\u00fdb po\u010das mont\u00e1\u017eneho procesu.<\/li>\n<li>Trvanlivos\u0165 a spo\u013eahlivos\u0165: Zdv\u00edhac\u00ed valec pre mont\u00e1\u017e \u0161t\u00edtov\u00fdch strojov je vyroben\u00fd z vysoko kvalitn\u00fdch materi\u00e1lov a skon\u0161truovan\u00fd tak, aby odolal n\u00e1ro\u010dn\u00fdm podmienkam pri v\u00fdstavbe tunelov. Vyzna\u010duje sa v\u00fdnimo\u010dnou odolnos\u0165ou a spo\u013eahlivos\u0165ou. Jeho robustn\u00e1 kon\u0161trukcia zais\u0165uje dlhotrvaj\u00faci v\u00fdkon, minimalizuje prestoje a n\u00e1klady na \u00fadr\u017ebu.<\/li>\n<li>Bezpe\u010dnostn\u00e9 prvky: Valec obsahuje bezpe\u010dnostn\u00e9 prvky, ktor\u00e9 uprednost\u0148uj\u00fa blaho obsluhy a okolit\u00e9ho prostredia. Medzi tieto prvky m\u00f4\u017eu patri\u0165 mechanizmy ochrany proti pre\u0165a\u017eeniu, funkcia n\u00fadzov\u00e9ho zastavenia a bezpe\u010dnostn\u00e9 syst\u00e9my na predch\u00e1dzanie nehod\u00e1m a zabezpe\u010denie bezpe\u010dn\u00fdch zdv\u00edhac\u00edch oper\u00e1ci\u00ed.<\/li>\n<\/ul>\n<h2><strong>Parameter k\u013abov\u00e9ho valca \u0161t\u00edtov\u00e9ho stroja:<\/strong><\/h2>\n<table border=\"1\" cellspacing=\"0\" cellpadding=\"0\">\n<tbody>\n<tr>\n<td>N\u00e1zov produktu<\/td>\n<td>K\u013abov\u00fd valec Shield Machine<\/td>\n<\/tr>\n<tr>\n<td>Vlastnosti:<\/td>\n<td>Akt\u00edvne k\u013abov\u00e9 spojenie: riadenie fr\u00e9zovacej hlavy\/koordinovan\u00e1 v\u00fdmena n\u00e1stroja<br \/>\nPas\u00edvna artikul\u00e1cia: potiahnite chvost \u0161t\u00edtu dopredu<\/td>\n<\/tr>\n<tr>\n<td>Priemer otvoru:<\/td>\n<td>125 mm\uff5e550 mm<\/td>\n<\/tr>\n<tr>\n<td>Priemer ty\u010de:<\/td>\n<td>\u00a070 mm\uff5e370 mm<br \/>\nZdvih 140 mm\uff5e1200 mm<\/td>\n<\/tr>\n<tr>\n<td>Tlak\uff1a<\/td>\n<td>A\u017e 35 MPa<\/td>\n<\/tr>\n<tr>\n<td>Aplik\u00e1cie:<\/td>\n<td>\u0160t\u00edtov\u00fd stroj, tunelov\u00e9 v\u0155tacie stroje<\/td>\n<\/tr>\n<\/tbody>\n<\/table>\n<h2><strong>Pou\u017eitie pr\u00edtla\u010dn\u00e9ho valca \u0161t\u00edtov\u00e9ho stroja:<\/strong><\/h2>\n<p><img loading=\"lazy\" decoding=\"async\" class=\"alignnone wp-image-1875 size-full\" src=\"https:\/\/hydraulic-cylinders.net\/wp-content\/uploads\/2023\/10\/harsh-corrosive-cylinder-1.webp\" alt=\"\" width=\"1418\" height=\"946\" srcset=\"https:\/\/hydraulic-cylinders.net\/wp-content\/uploads\/2023\/10\/harsh-corrosive-cylinder-1.webp 1418w, https:\/\/hydraulic-cylinders.net\/wp-content\/uploads\/2023\/10\/harsh-corrosive-cylinder-1-1280x854.webp 1280w, https:\/\/hydraulic-cylinders.net\/wp-content\/uploads\/2023\/10\/harsh-corrosive-cylinder-1-980x654.webp 980w, https:\/\/hydraulic-cylinders.net\/wp-content\/uploads\/2023\/10\/harsh-corrosive-cylinder-1-480x320.webp 480w\" sizes=\"(min-width: 0px) and (max-width: 480px) 480px, (min-width: 481px) and (max-width: 980px) 980px, (min-width: 981px) and (max-width: 1280px) 1280px, (min-width: 1281px) 1418px, 100vw\" \/><\/p>\n<h2><strong>Met\u00f3da pou\u017eitia k\u013abov\u00e9ho valca \u0161t\u00edtov\u00e9ho stroja<\/strong><strong>:<\/strong><\/h2>\n<ul>\n<li><strong>Pl\u00e1novanie pred mont\u00e1\u017eou:<\/strong> Pred za\u010dat\u00edm mont\u00e1\u017ee d\u00f4kladne pos\u00fa\u010fte komponenty stroja na zdv\u00edhanie \u0161t\u00edtov, postup mont\u00e1\u017ee a bezpe\u010dnostn\u00e9 po\u017eiadavky. Napl\u00e1nujte si zdv\u00edhacie body a ur\u010dite vhodn\u00e9 umiestnenie zdv\u00edhacieho valca zostavy stroja na zdv\u00edhanie \u0161t\u00edtov pre optim\u00e1lnu \u00fa\u010dinnos\u0165 zdv\u00edhania a stabilitu.<\/li>\n<li><strong>In\u0161tal\u00e1cia valca:<\/strong>\u00a0 Bezpe\u010dne namontujte zdv\u00edhac\u00ed valec zostavy \u0161t\u00edtovacieho stroja na \u0161t\u00edtovac\u00ed stroj a zaistite jeho bezpe\u010dn\u00e9 upevnenie a zarovnanie pod\u013ea pokynov v\u00fdrobcu. Na zabezpe\u010denie stabiln\u00e9ho spojenia pou\u017eite vhodn\u00e9 mont\u00e1\u017ene vybavenie, ako s\u00fa skrutky alebo konzoly.<\/li>\n<li><strong>Integr\u00e1cia hydraulick\u00e9ho syst\u00e9mu:<\/strong> Pripojte valec k hydraulick\u00e9mu syst\u00e9mu stroja na mazanie pomocou kompatibiln\u00fdch had\u00edc a spojok. Zabezpe\u010dte tesn\u00e9 a bez\u00fate\u0161n\u00e9 pripojenia, aby ste predi\u0161li \u00faniku hydraulickej kvapaliny a udr\u017eali optim\u00e1lny v\u00fdkon syst\u00e9mu.<\/li>\n<li><strong>Prev\u00e1dzkov\u00e1 kontrola:<\/strong> Obozn\u00e1mte sa s ovl\u00e1dac\u00edmi mechanizmami a prev\u00e1dzkov\u00fdmi postupmi pre zdv\u00edhac\u00ed valec zostavy Shield Machine. Pochopte ovl\u00e1dacie vstupy a ich zodpovedaj\u00face \u00fa\u010dinky na zdv\u00edhanie. Precvi\u010dte si obsluhu ovl\u00e1dac\u00edch prvkov, aby ste z\u00edskali zru\u010dnos\u0165 a zabezpe\u010dili plynul\u00e9 a presn\u00e9 zdv\u00edhanie po\u010das procesu mont\u00e1\u017ee.<\/li>\n<\/ul>\n<h2><strong>Ako odvzdu\u0161ni\u0165 jedno\u010dinn\u00fd hydraulick\u00fd valec?<\/strong><\/h2>\n<p>Odvzdu\u0161nenie jedno\u010dinn\u00e9ho hydraulick\u00e9ho valca je relat\u00edvne jednoduch\u00fd proces. V jedno\u010dinn\u00fdch valcoch je na jednu stranu piestu p\u00f4sobiaci tlak kvapaliny, zatia\u013e \u010do druh\u00e1 strana sa na n\u00e1vrat do p\u00f4vodnej polohy spolieha na gravit\u00e1ciu alebo vonkaj\u0161iu silu. Tu je podrobn\u00fd n\u00e1vod, ako odvzdu\u0161ni\u0165 jedno\u010dinn\u00fd hydraulick\u00fd valec:<\/p>\n<ol>\n<li><strong>Pr\u00edprava:<\/strong>\n<ul>\n<li>Uistite sa, \u017ee hydraulick\u00fd syst\u00e9m je vypnut\u00fd a tlak je uvo\u013enen\u00fd.<\/li>\n<li>Na ochranu pred hydraulickou kvapalinou si noste osobn\u00e9 ochrann\u00e9 prostriedky, rukavice a ochrann\u00e9 okuliare.<\/li>\n<\/ul>\n<\/li>\n<li><strong>Identifikujte odvzdu\u0161\u0148ovac\u00ed ventil:<\/strong>\n<ul>\n<li>N\u00e1jdite odvzdu\u0161\u0148ovac\u00ed ventil na hydraulickom valci. Zvy\u010dajne ide o mal\u00fd armat\u00faru s protiprachov\u00fdm krytom. Odvzdu\u0161\u0148ovac\u00ed ventil umo\u017e\u0148uje \u00fanik vzduchu zachyten\u00e9ho vo valci.<\/li>\n<\/ul>\n<\/li>\n<li><strong>Umiestnenie valca:<\/strong>\n<ul>\n<li>Presu\u0148te valec do \u00faplne zasunutej polohy. T\u00fdm sa zabezpe\u010d\u00ed pr\u00edstup k odvzdu\u0161\u0148ovaciemu ventilu a umo\u017en\u00ed sa vzduchu st\u00fapa\u0165 nahor k valcu.<\/li>\n<\/ul>\n<\/li>\n<li><strong>Odstr\u00e1\u0148te protiprachov\u00fd kryt:<\/strong>\n<ul>\n<li>Z odvzdu\u0161\u0148ovacieho ventilu odstr\u00e1\u0148te protiprachov\u00fd uz\u00e1ver. Odlo\u017ete ho na bezpe\u010dn\u00e9 miesto.<\/li>\n<\/ul>\n<\/li>\n<li><strong>Otvorte odvzdu\u0161\u0148ovac\u00ed ventil:<\/strong>\n<ul>\n<li>Pomocou vhodn\u00e9ho k\u013e\u00fa\u010da alebo n\u00e1stroja oto\u010dte odvzdu\u0161\u0148ovac\u00ed ventil proti smeru hodinov\u00fdch ru\u010di\u010diek, aby ste ho otvorili. T\u00fdm sa umo\u017en\u00ed \u00fanik vzduchu a akejko\u013evek zachytenej kvapaliny z valca.<\/li>\n<\/ul>\n<\/li>\n<li><strong>Pred\u013a\u017ete valec:<\/strong>\n<ul>\n<li>Aktiv\u00e1ciou hydraulick\u00e9ho \u010derpadla alebo ventilu ovl\u00e1daj\u00faceho valec aplikujte hydraulick\u00fd tlak na valec. T\u00fdm sa valec vysunie a vytla\u010d\u00ed kvapalinu a vzduch von cez otvoren\u00fd odvzdu\u0161\u0148ovac\u00ed ventil.<\/li>\n<\/ul>\n<\/li>\n<li><strong>Pozorujte tok tekutiny:<\/strong>\n<ul>\n<li>Sledujte tok kvapaliny z odvzdu\u0161\u0148ovacieho ventilu. Spo\u010diatku si m\u00f4\u017eete v\u0161imn\u00fa\u0165, \u017ee spolu so \u0161\u0165avou vych\u00e1dzaj\u00fa aj vzduchov\u00e9 bubliny. Nechajte kvapalinu vyteka\u0165, k\u00fdm bubliny nezmizn\u00fa, \u010do znamen\u00e1, \u017ee vzduch bol z valca vytla\u010den\u00fd.<\/li>\n<\/ul>\n<\/li>\n<li><strong>Zatvorte odvzdu\u0161\u0148ovac\u00ed ventil:<\/strong>\n<ul>\n<li>Po odstr\u00e1nen\u00ed v\u0161etk\u00fdch vzduchov\u00fdch bubl\u00edn zatvorte odvzdu\u0161\u0148ovac\u00ed ventil v smere hodinov\u00fdch ru\u010di\u010diek. Uistite sa, \u017ee je pevne uzavret\u00fd, aby ste predi\u0161li \u00faniku kvapaliny.<\/li>\n<\/ul>\n<\/li>\n<li><strong>Zasunutie valca:<\/strong>\n<ul>\n<li>Uvo\u013enite hydraulick\u00fd tlak a nechajte valec \u00faplne sa zasun\u00fa\u0165. M\u00f4\u017ee to zah\u0155\u0148a\u0165 aktiv\u00e1ciu regula\u010dn\u00e9ho ventilu alebo uvo\u013enenie akejko\u013evek vonkaj\u0161ej sily, ktor\u00e1 dr\u017e\u00ed valec vysunut\u00fd.<\/li>\n<\/ul>\n<\/li>\n<li><strong>V pr\u00edpade potreby zopakujte:<\/strong>\n<ul>\n<li>Ak st\u00e1le spozorujete vzduchov\u00e9 bubliny alebo poci\u0165ujete hubovit\u00fd chod valca, opakujte proces odvzdu\u0161nenia, k\u00fdm neodstr\u00e1nite v\u0161etok vzduch.<\/li>\n<\/ul>\n<\/li>\n<li><strong>Skontrolujte hladinu kvapaliny:<\/strong>\n<ul>\n<li>Po odvzdu\u0161nen\u00ed valca skontrolujte hladinu hydraulickej kvapaliny v z\u00e1sobn\u00edku syst\u00e9mu. V pr\u00edpade potreby dopl\u0148te kvapalinu, aby ste udr\u017eali odpor\u00fa\u010dan\u00fa hladinu.<\/li>\n<\/ul>\n<\/li>\n<\/ol>\n<h2><strong>Schopnos\u0165 a kapacita tov\u00e1rne:<\/strong><\/h2>\n<h3>(1) Mont\u00e1\u017e<\/h3>\n<p>Disponujeme prvotriednou nez\u00e1vislou v\u00fdskumnou a v\u00fdvojovou mont\u00e1\u017enou platformou. Diel\u0148a na v\u00fdrobu hydraulick\u00fdch valcov m\u00e1 \u0161tyri poloautomatick\u00e9 mont\u00e1\u017ene linky zdv\u00edhac\u00edch valcov a jednu automatick\u00fa mont\u00e1\u017enu linku nakl\u00e1pac\u00edch valcov s projektovanou ro\u010dnou v\u00fdrobnou kapacitou 1 mili\u00f3n kusov. Diel\u0148a na v\u00fdrobu \u0161peci\u00e1lnych valcov je vybaven\u00e1 r\u00f4znymi \u0161pecifik\u00e1ciami poloautomatick\u00e9ho syst\u00e9mu \u010distenia a mont\u00e1\u017ee s projektovanou ro\u010dnou v\u00fdrobnou kapacitou 200 000 kusov a je vybaven\u00e1 zn\u00e1mym CNC obr\u00e1bac\u00edm zariaden\u00edm, obr\u00e1bac\u00edm centrom, \u0161peci\u00e1lnym zariaden\u00edm na vysoko presn\u00e9 spracovanie valcov, robotick\u00fdm zv\u00e1rac\u00edm strojom, automatick\u00fdm \u010distiacim strojom, automatick\u00fdm mont\u00e1\u017enym strojom valcov a automatickou lakovacou v\u00fdrobnou linkou. Existuj\u00face kritick\u00e9 zariadenia maj\u00fa viac ako 300 s\u00faprav (s\u00e1d). Optim\u00e1lne alokovanie a efekt\u00edvne vyu\u017e\u00edvanie zdrojov zariaden\u00ed zabezpe\u010duje po\u017eiadavky na presnos\u0165 v\u00fdrobkov a sp\u013a\u0148a po\u017eiadavky na vysok\u00fa kvalitu v\u00fdrobkov.<\/p>\n<p><img loading=\"lazy\" decoding=\"async\" class=\"alignnone wp-image-626\" src=\"https:\/\/hydraulic-cylinders.net\/wp-content\/uploads\/2023\/08\/hydraulic-cylinder-product-1-300x158.webp\" alt=\"\" width=\"495\" height=\"260\" srcset=\"https:\/\/hydraulic-cylinders.net\/wp-content\/uploads\/2023\/08\/hydraulic-cylinder-product-1-300x158.webp 495w, https:\/\/hydraulic-cylinders.net\/wp-content\/uploads\/2023\/08\/hydraulic-cylinder-product-1-480x252.webp 480w\" sizes=\"(min-width: 0px) and (max-width: 480px) 480px, (min-width: 481px) 495px, 100vw\" \/> <img loading=\"lazy\" decoding=\"async\" class=\"alignnone wp-image-627\" src=\"https:\/\/hydraulic-cylinders.net\/wp-content\/uploads\/2023\/08\/hydraulic-cylinder-product-2-300x189.webp\" alt=\"\" width=\"413\" height=\"260\" \/><\/p>\n<h3>(2) Obr\u00e1banie<\/h3>\n<p>Obr\u00e1bacia diel\u0148a je vybaven\u00e1 prisp\u00f4soben\u00fdm s\u00fastru\u017en\u00edckym centrom na \u0161ikm\u00e9 ko\u013eajnice, obr\u00e1bac\u00edm centrom, vysokor\u00fdchlostn\u00fdm honovac\u00edm strojom, zv\u00e1rac\u00edm robotom a \u010fal\u0161\u00edm s\u00favisiacim zariaden\u00edm, ktor\u00e9 dok\u00e1\u017ee spracova\u0165 valcov\u00e9 r\u00fary s maxim\u00e1lnym vn\u00fatorn\u00fdm priemerom 400 mm a maxim\u00e1lnou d\u013a\u017ekou 6 metrov.<\/p>\n<p><img loading=\"lazy\" decoding=\"async\" class=\"alignnone wp-image-628 size-large\" src=\"https:\/\/hydraulic-cylinders.net\/wp-content\/uploads\/2023\/08\/hydraulic-cylinder-product-3-1024x391.webp\" alt=\"\" width=\"1024\" height=\"391\" srcset=\"https:\/\/hydraulic-cylinders.net\/wp-content\/uploads\/2023\/08\/hydraulic-cylinder-product-3-980x374.webp 980w, https:\/\/hydraulic-cylinders.net\/wp-content\/uploads\/2023\/08\/hydraulic-cylinder-product-3-480x183.webp 480w\" sizes=\"(min-width: 0px) and (max-width: 480px) 480px, (min-width: 481px) and (max-width: 980px) 980px, (min-width: 981px) 1024px, 100vw\" \/><\/p>\n<h3>(3) Zv\u00e1ranie<\/h3>\n<p><img loading=\"lazy\" decoding=\"async\" class=\"alignnone wp-image-629 size-large\" src=\"https:\/\/hydraulic-cylinders.net\/wp-content\/uploads\/2023\/08\/hydraulic-cylinder-product-4-1024x510.webp\" alt=\"\" width=\"1024\" height=\"510\" srcset=\"https:\/\/hydraulic-cylinders.net\/wp-content\/uploads\/2023\/08\/hydraulic-cylinder-product-4-980x488.webp 980w, https:\/\/hydraulic-cylinders.net\/wp-content\/uploads\/2023\/08\/hydraulic-cylinder-product-4-480x239.webp 480w\" sizes=\"(min-width: 0px) and (max-width: 480px) 480px, (min-width: 481px) and (max-width: 980px) 980px, (min-width: 981px) 1024px, 100vw\" \/><\/p>\n<h3>(4) Ma\u013eovanie a natieranie<\/h3>\n<p>S mal\u00fdmi a stredne ve\u013ek\u00fdmi valcov\u00fdmi automatick\u00fdmi linkami na nan\u00e1\u0161anie farieb na vodnej b\u00e1ze, na dosiahnutie automatick\u00e9ho nakladania a vykladania robotmi a automatick\u00e9ho striekania, je projektovan\u00e1 kapacita 4000 kusov za smenu;<br \/>\nM\u00e1me tie\u017e poloautomatick\u00fa linku na v\u00fdrobu farieb pre ve\u013ek\u00e9 valce poh\u00e1\u0148an\u00e9 re\u0165azou s projektovanou kapacitou 60 kusov za smenu.<\/p>\n<p><img loading=\"lazy\" decoding=\"async\" class=\"alignnone wp-image-630\" src=\"https:\/\/hydraulic-cylinders.net\/wp-content\/uploads\/2023\/08\/hydraulic-cylinder-product-5-300x213.webp\" alt=\"\" width=\"366\" height=\"260\" \/> <img loading=\"lazy\" decoding=\"async\" class=\"alignnone wp-image-631\" src=\"https:\/\/hydraulic-cylinders.net\/wp-content\/uploads\/2023\/08\/hydraulic-cylinder-product-6-300x225.webp\" alt=\"\" width=\"347\" height=\"260\" \/><\/p>\n<h3>(5) Testovanie<\/h3>\n<p>Disponujeme prvotriednymi kontroln\u00fdmi zariadeniami a sk\u00fa\u0161obn\u00fdmi zariadeniami, ktor\u00e9 zabezpe\u010duj\u00fa, \u017ee v\u00fdkonnos\u0165 valca sp\u013a\u0148a po\u017eiadavky.<\/p>\n<p><img loading=\"lazy\" decoding=\"async\" class=\"alignnone wp-image-632\" src=\"https:\/\/hydraulic-cylinders.net\/wp-content\/uploads\/2023\/08\/hydraulic-cylinder-product-8-300x200.webp\" alt=\"\" width=\"389\" height=\"260\" \/><\/p>\n<p>&nbsp;<\/p>\n<p>&nbsp;<\/p>\n<p>Sme jedn\u00fdm z najlep\u0161\u00edch v\u00fdrobcov hydraulick\u00fdch valcov. Pon\u00fakame komplexn\u00e9 hydraulick\u00e9 valce. Poskytujeme aj zodpovedaj\u00face <a href=\"https:\/\/hzpt.com\/agricultural-pto-gearbox\/\" target=\"_blank\" rel=\"noopener\">po\u013enohospod\u00e1rske prevodovky<\/a>Na\u0161e produkty sme vyv\u00e1\u017eali klientom po celom svete a v\u010faka vynikaj\u00facej kvalite produktov a popredajn\u00e9mu servisu sme si z\u00edskali dobr\u00fa reput\u00e1ciu. V\u00edtame z\u00e1kazn\u00edkov doma aj v zahrani\u010d\u00ed, ktor\u00ed n\u00e1s kontaktuj\u00fa za \u00fa\u010delom rokovania o obchodn\u00fdch z\u00e1le\u017eitostiach, v\u00fdmeny inform\u00e1ci\u00ed a <a href=\"https:\/\/www.hydraulic-cylinders.net\/sk\/contact-us\/\">spolupracova\u0165 s nami<\/a>!<\/p>\n<p>&nbsp;<\/p>","protected":false},"excerpt":{"rendered":"<p>Shield Machine Assembly Lifting Cylinder The shield machine assembly lifting cylinder is an advanced hydraulic component explicitly designed for shield machines used in tunnel construction projects. This cylinder ensures efficient and accurate assembly operations with its exceptional lifting capabilities, reliability, and precision. This article will explore the key characteristics, usage methods, and maintenance guidelines for [&hellip;]<\/p>","protected":false},"featured_media":1885,"comment_status":"open","ping_status":"closed","template":"","meta":{"_et_pb_use_builder":"","_et_pb_old_content":"","_et_gb_content_width":""},"product_brand":[],"product_cat":[1519,1549],"product_tag":[1380],"class_list":{"0":"post-1882","1":"product","2":"type-product","3":"status-publish","4":"has-post-thumbnail","6":"product_cat-shield-machine-hydraulic-cylinders","7":"product_cat-single-acting-hydraulic-cylinder","8":"product_tag-hydraulic-cylinder","10":"first","11":"instock","12":"shipping-taxable","13":"product-type-simple"},"amp_enabled":true,"_links":{"self":[{"href":"https:\/\/www.hydraulic-cylinders.net\/sk\/wp-json\/wp\/v2\/product\/1882","targetHints":{"allow":["GET"]}}],"collection":[{"href":"https:\/\/www.hydraulic-cylinders.net\/sk\/wp-json\/wp\/v2\/product"}],"about":[{"href":"https:\/\/www.hydraulic-cylinders.net\/sk\/wp-json\/wp\/v2\/types\/product"}],"replies":[{"embeddable":true,"href":"https:\/\/www.hydraulic-cylinders.net\/sk\/wp-json\/wp\/v2\/comments?post=1882"}],"wp:featuredmedia":[{"embeddable":true,"href":"https:\/\/www.hydraulic-cylinders.net\/sk\/wp-json\/wp\/v2\/media\/1885"}],"wp:attachment":[{"href":"https:\/\/www.hydraulic-cylinders.net\/sk\/wp-json\/wp\/v2\/media?parent=1882"}],"wp:term":[{"taxonomy":"product_brand","embeddable":true,"href":"https:\/\/www.hydraulic-cylinders.net\/sk\/wp-json\/wp\/v2\/product_brand?post=1882"},{"taxonomy":"product_cat","embeddable":true,"href":"https:\/\/www.hydraulic-cylinders.net\/sk\/wp-json\/wp\/v2\/product_cat?post=1882"},{"taxonomy":"product_tag","embeddable":true,"href":"https:\/\/www.hydraulic-cylinders.net\/sk\/wp-json\/wp\/v2\/product_tag?post=1882"}],"curies":[{"name":"pracovn\u00fd list","href":"https:\/\/api.w.org\/{rel}","templated":true}]}}