{"id":18851,"date":"2025-04-07T05:58:36","date_gmt":"2025-04-07T05:58:36","guid":{"rendered":"https:\/\/www.hydraulic-cylinders.net\/product\/boom-cylinder-for-komatsu-middle-excavator-pc200lc-8\/"},"modified":"2025-04-07T05:58:39","modified_gmt":"2025-04-07T05:58:39","slug":"boom-cylinder-for-komatsu-middle-excavator-pc200lc-8","status":"publish","type":"product","link":"https:\/\/www.hydraulic-cylinders.net\/sk\/produkt\/boom-cylinder-for-komatsu-middle-excavator-pc200lc-8\/","title":{"rendered":"Valec v\u00fdlo\u017en\u00edka pre stredn\u00e9 r\u00fdpadlo Komatsu PC200LC-8"},"content":{"rendered":"<h1>Valec v\u00fdlo\u017en\u00edka pre stredn\u00e9 r\u00fdpadlo Komatsu PC200LC-8<\/h1>\n<h2>Preh\u013ead produktu<\/h2>\n<p>Hydraulick\u00fd valec v\u00fdlo\u017en\u00edka je d\u00f4le\u017eitou s\u00fa\u010das\u0165ou r\u00fdpadla Komatsu PC200LC-8, \u0161peci\u00e1lne navrhnut\u00e9ho na ovl\u00e1danie pohybu v\u00fdlo\u017en\u00edka, \u010do umo\u017e\u0148uje obsluhe efekt\u00edvne vykon\u00e1va\u0165 r\u00f4zne \u00falohy. Tento hydraulick\u00fd valec zohr\u00e1va k\u013e\u00fa\u010dov\u00fa \u00falohu v hydraulickom syst\u00e9me a umo\u017e\u0148uje presn\u00e9 ovl\u00e1danie zdv\u00edhania, sp\u00fa\u0161\u0165ania a nakl\u00e1\u0148ania v\u00fdlo\u017en\u00edka. T\u00e1to funkcia je nevyhnutn\u00e1 pre \u00falohy manipul\u00e1cie s materi\u00e1lom, v\u010faka \u010domu je valec v\u00fdlo\u017en\u00edka neoddelite\u013enou s\u00fa\u010das\u0165ou prev\u00e1dzky \u0165a\u017ek\u00fdch strojov.<\/p>\n<p><img decoding=\"async\" src=\"https:\/\/www.hydraulic-cylinders.net\/wp-content\/uploads\/2025\/04\/songte-company-1.webp\" alt=\"Valec v\u00fdlo\u017en\u00edka\" \/><\/p>\n<h3>Defin\u00edcia valca ramena<\/h3>\n<p>Hydraulick\u00fd valec ly\u017eice, \u010dasto ozna\u010dovan\u00fd v spojen\u00ed s valcami v\u00fdlo\u017en\u00edka, je typ hydraulick\u00e9ho valca \u0161peci\u00e1lne navrhnut\u00e9ho na ovl\u00e1danie pohybu ly\u017eice v r\u00f4znych \u0165a\u017ek\u00fdch strojoch. Tieto valce umo\u017e\u0148uj\u00fa zdv\u00edhanie, sp\u00fa\u0161\u0165anie a nakl\u00e1\u0148anie ly\u017eice, \u010do u\u013eah\u010duje efekt\u00edvnu manipul\u00e1ciu s materi\u00e1lom. \u010ci u\u017e ide o r\u00fdpadl\u00e1, r\u00fdpadlo-naklada\u010de alebo \u010deln\u00e9 naklada\u010de, \u00falohou valca ly\u017eice je zv\u00fd\u0161i\u0165 prev\u00e1dzkov\u00fa \u00fa\u010dinnos\u0165 a presnos\u0165 pri kopan\u00ed a premiest\u0148ovan\u00ed materi\u00e1lov.<\/p>\n<h2>K\u013e\u00fa\u010dov\u00e9 vlastnosti<\/h2>\n<ul>\n<li><strong>Vysok\u00e1 pevnos\u0165 a odolnos\u0165:<\/strong> Tieto valce, vyroben\u00e9 z vysokopevnostnej ocele alebo hlin\u00edka, odol\u00e1vaj\u00fa vysok\u00e9mu tlaku a \u0165a\u017ek\u00fdm za\u0165a\u017eeniam, v\u010faka \u010domu s\u00fa vhodn\u00e9 do n\u00e1ro\u010dn\u00fdch pracovn\u00fdch prostred\u00ed.<\/li>\n<li><strong>Efekt\u00edvna hydraulick\u00e1 prev\u00e1dzka:<\/strong> V\u010faka hydraulick\u00e9mu tlaku oleja dosahuje valec v\u00fdlo\u017en\u00edka plynul\u00e9 vys\u00favanie a zas\u00favanie, \u010d\u00edm poskytuje siln\u00fa tla\u010dn\u00fa a \u0165a\u017en\u00fa silu, ide\u00e1lnu na manipul\u00e1ciu s \u0165a\u017ek\u00fdmi materi\u00e1lmi a zlo\u017eit\u00e9 \u00falohy.<\/li>\n<li><strong>R\u00f4zne typy:<\/strong> K dispoz\u00edcii v jedno\u010dinnej (hydraulick\u00fd pohon pou\u017e\u00edvan\u00fd v jednom smere) alebo dvoj\u010dinnej (hydraulick\u00fd pohon pou\u017e\u00edvan\u00fd v oboch smeroch) konfigur\u00e1cii, \u010do umo\u017e\u0148uje rie\u0161enia na mieru pre r\u00f4zne prev\u00e1dzkov\u00e9 potreby.<\/li>\n<li><strong>Kompaktn\u00fd dizajn:<\/strong> Niektor\u00e9 modely maj\u00fa teleskopick\u00fd dizajn, ktor\u00fd umo\u017e\u0148uje v\u00e4\u010d\u0161ie vysunutie bez zv\u00e4\u010d\u0161enia vonkaj\u0161\u00edch rozmerov, \u010do je ide\u00e1lne pre aplik\u00e1cie s obmedzen\u00fdm priestorom.<\/li>\n<li><strong>Spo\u013eahlivos\u0165:<\/strong> Navrhnut\u00e9 s oh\u013eadom na odolnos\u0165 proti opotrebovaniu a kor\u00f3zii, \u010d\u00edm sa predl\u017euje \u017eivotnos\u0165 valca a zabezpe\u010duje nepretr\u017eit\u00fd v\u00fdkon.<\/li>\n<\/ul>\n<p>Tento produkt vyr\u00e1bame tak, aby na\u0161e valce dokonale nahradili existuj\u00face hydraulick\u00e9 valce v r\u00f4znych strojoch.<\/p>\n<p><img decoding=\"async\" src=\"https:\/\/www.hydraulic-cylinders.net\/wp-content\/uploads\/2025\/04\/songte-cylinder-head-with-all-kinds-excavator-models.webp\" alt=\"Modely bagrov\" \/><\/p>\n<h2>Aplik\u00e1cie<\/h2>\n<h3>Stavebn\u00e9 stroje<\/h3>\n<p>V oblasti stavebn\u00fdch strojov sa valce v\u00fdlo\u017en\u00edka nach\u00e1dzaj\u00fa v bagroch, kde s\u00fa nevyhnutn\u00e9 na kopanie, nakladanie a premiest\u0148ovanie zeminy alebo sutiny. Ich schopnos\u0165 vys\u00fava\u0165 sa a zas\u00fava\u0165 umo\u017e\u0148uje obsluhe dosiahnu\u0165 r\u00f4zne h\u013abky a v\u00fd\u0161ky, v\u010faka \u010domu s\u00fa k\u013e\u00fa\u010dov\u00e9 v stavebn\u00fdch projektoch. V r\u00fdpadlo-naklada\u010doch pom\u00e1haj\u00fa valce v\u00fdlo\u017en\u00edka pri kopan\u00ed aj zdv\u00edhan\u00ed, \u010d\u00edm zvy\u0161uj\u00fa efektivitu pracovn\u00e9ho postupu.<\/p>\n<h3>Po\u013enohospod\u00e1rske stroje<\/h3>\n<p>V po\u013enohospod\u00e1rstve \u010deln\u00e9 naklada\u010de vyu\u017e\u00edvaj\u00fa valce v\u00fdlo\u017en\u00edka na \u00falohy, ako je naberanie, zdv\u00edhanie a preprava p\u00f4dy, sena a in\u00fdch materi\u00e1lov. T\u00e1to funkcia je nevyhnutn\u00e1 pre oper\u00e1cie, ktor\u00e9 vy\u017eaduj\u00fa efekt\u00edvnu manipul\u00e1ciu s materi\u00e1lom v po\u013enohospod\u00e1rskych postupoch, a t\u00fdm prispievaj\u00fa k zv\u00fd\u0161eniu produktivity.<\/p>\n<h3>R\u00fdpadl\u00e1<\/h3>\n<p>V r\u00fdpadl\u00e1ch valec ly\u017eice u\u013eah\u010duje kopanie t\u00fdm, \u017ee umo\u017e\u0148uje ly\u017eici prenikn\u00fa\u0165 do p\u00f4dy. T\u00e1to schopnos\u0165 je k\u013e\u00fa\u010dov\u00e1 pre efekt\u00edvne vykon\u00e1vanie v\u00fdkopov\u00fdch \u00faloh a zabezpe\u010duje plynul\u00e9 a efekt\u00edvne vykon\u00e1vanie oper\u00e1ci\u00ed.<\/p>\n<h3>Naklada\u010de<\/h3>\n<p>V \u010deln\u00fdch naklada\u010doch pom\u00e1haj\u00fa valce v\u00fdlo\u017en\u00edka efekt\u00edvne zdv\u00edha\u0165 a vyklada\u0165 bremena. Ich v\u00fdkon v\u00fdznamne prispieva k celkovej efektivite nakladac\u00edch oper\u00e1ci\u00ed, v\u010faka \u010domu s\u00fa k\u013e\u00fa\u010dovou s\u00fa\u010das\u0165ou pri r\u00f4znych \u00faloh\u00e1ch manipul\u00e1cie s materi\u00e1lom.<\/p>\n<h2>\u00davahy o dizajne<\/h2>\n<ul>\n<li><strong>Nosnos\u0165:<\/strong> Je nevyhnutn\u00e9 vybra\u0165 valec v\u00fdlo\u017en\u00edka, ktor\u00fd zvl\u00e1dne \u0161pecifick\u00e9 po\u017eiadavky na za\u0165a\u017eenie stroja. Nosnos\u0165 priamo ovplyv\u0148uje prev\u00e1dzkov\u00fa efektivitu a bezpe\u010dnos\u0165. V\u00fdber spr\u00e1vnej nosnosti zabezpe\u010d\u00ed, \u017ee zariadenie bude fungova\u0165 bez nadmern\u00e9ho za\u0165a\u017eenia, \u010d\u00edm sa predl\u017euje jeho prev\u00e1dzkov\u00e1 \u017eivotnos\u0165.<\/li>\n<li><strong>Tesnenie:<\/strong> Integrita tesnen\u00ed je nevyhnutn\u00e1 pre v\u00fdkon hydraulick\u00e9ho syst\u00e9mu. Spr\u00e1vne utesnenie zabra\u0148uje \u00fanikom, udr\u017eiava tlak a \u00fa\u010dinnos\u0165. Vysokokvalitn\u00e9 tesnenia vyroben\u00e9 z odoln\u00fdch materi\u00e1lov pom\u00e1haj\u00fa odol\u00e1va\u0165 opotrebovaniu a zvy\u0161uj\u00fa spo\u013eahlivos\u0165 hydraulick\u00e9ho syst\u00e9mu.<\/li>\n<li><strong>Trvanlivos\u0165:<\/strong> Materi\u00e1ly pou\u017eit\u00e9 pri v\u00fdrobe valca ramena zohr\u00e1vaj\u00fa v\u00fdznamn\u00fa \u00falohu v jeho odolnosti. Vysokopevnostn\u00e9 materi\u00e1ly, ktor\u00e9 odol\u00e1vaj\u00fa opotrebovaniu a kor\u00f3zii, s\u00fa nevyhnutn\u00e9 pre dlhodob\u00fd v\u00fdkon, najm\u00e4 v n\u00e1ro\u010dn\u00fdch prostrediach.<\/li>\n<li><strong>Bezpe\u010dnos\u0165:<\/strong> Bezpe\u010dnostn\u00e9 prvky musia by\u0165 integrovan\u00e9 do kon\u0161trukcie valcov v\u00fdlo\u017en\u00edka. Tieto m\u00f4\u017eu zah\u0155\u0148a\u0165 pretlakov\u00e9 ventily, ktor\u00e9 zabra\u0148uj\u00fa pre\u0165a\u017eeniu a poruche a zabezpe\u010duj\u00fa bezpe\u010dn\u00fa prev\u00e1dzku po\u010das r\u00f4znych \u00faloh.<\/li>\n<li><strong>\u00dadr\u017eba:<\/strong> Kon\u0161trukcia, ktor\u00e1 umo\u017e\u0148uje jednoduch\u00fd pr\u00edstup ku komponentom, je k\u013e\u00fa\u010dov\u00e1 pre \u00fadr\u017ebu a opravy. Zjednodu\u0161enie \u00faloh \u00fadr\u017eby pom\u00e1ha zabezpe\u010di\u0165 dlh\u00fa \u017eivotnos\u0165 a spo\u013eahlivos\u0165 valca v\u00fdlo\u017en\u00edka.<\/li>\n<\/ul>\n<p><img decoding=\"async\" src=\"https:\/\/www.hydraulic-cylinders.net\/wp-content\/uploads\/2025\/04\/songte-oil-pipes-and-spare-parts.webp\" alt=\"Olejov\u00e9 potrubia a n\u00e1hradn\u00e9 diely\" \/><\/p>\n<h2>Tesnenie a mazanie<\/h2>\n<p>V\u00fdkon valca v\u00fdlo\u017en\u00edka vo ve\u013ekej miere z\u00e1vis\u00ed od \u00fa\u010dinn\u00e9ho tesnenia a mazania. Na udr\u017eanie hydraulick\u00e9ho tlaku sa pou\u017e\u00edvaj\u00fa r\u00f4zne tesnenia, ako s\u00fa piestne tesnenia a tesnenia ty\u010d\u00ed. Be\u017ene sa pou\u017e\u00edvaj\u00fa tesnenia vyroben\u00e9 z materi\u00e1lov odoln\u00fdch vo\u010di opotrebovaniu, ako je polyuret\u00e1n a nitrilov\u00fd kau\u010duk. Okrem toho s\u00fa teleso valca a z\u00e1vitov\u00e9 koncov\u00e9 povrchy jemne upraven\u00e9, aby sa zv\u00fd\u0161ila odolnos\u0165 vo\u010di opotrebovaniu. Pravideln\u00e9 mazanie hydraulick\u00fdm olejom je nevyhnutn\u00e9 na zabezpe\u010denie plynul\u00e9ho chodu a minimaliz\u00e1ciu trenia medzi pohybliv\u00fdmi \u010das\u0165ami, ktor\u00e9 m\u00f4\u017ee \u010dasom vies\u0165 k opotrebovaniu a poruche.<\/p>\n<h2>Pravideln\u00e1 kontrola a prevent\u00edvna \u00fadr\u017eba<\/h2>\n<ul>\n<li><strong>Rutinn\u00e1 kontrola:<\/strong> Pravideln\u00e9 kontroly valca ramena pom\u00e1haj\u00fa v\u010das odhali\u0165 ak\u00e9ko\u013evek zn\u00e1mky opotrebovania alebo po\u0161kodenia. Skontrolujte, \u010di nedoch\u00e1dza k \u00fanikom, nezvy\u010dajn\u00fdm zvukom alebo nezrovnalostiam vo v\u00fdkone, ktor\u00e9 m\u00f4\u017eu nazna\u010dova\u0165 z\u00e1kladn\u00e9 probl\u00e9my.<\/li>\n<li><strong>Vhodn\u00e9 mazanie:<\/strong> Zabezpe\u010denie spr\u00e1vneho naplnenia a \u00fadr\u017eby hydraulick\u00e9ho oleja je k\u013e\u00fa\u010dov\u00e9. Pravideln\u00e9 kontroly a dop\u013a\u0148anie s\u00fa potrebn\u00e9 na zaistenie bezprobl\u00e9movej prev\u00e1dzky valca.<\/li>\n<li><strong>V\u00fdmena tesnenia:<\/strong> Pravideln\u00e1 v\u00fdmena opotrebovan\u00fdch tesnen\u00ed je nevyhnutn\u00e1 na prevenciu \u00fanikov a udr\u017eanie hydraulick\u00e9ho tlaku. T\u00e1to \u00faloha by mala by\u0165 napl\u00e1novan\u00e1 ako s\u00fa\u010das\u0165 be\u017enej \u00fadr\u017eby, aby sa predi\u0161lo neo\u010dak\u00e1van\u00fdm poruch\u00e1m.<\/li>\n<\/ul>\n<h2>Pokyny na in\u0161tal\u00e1ciu<\/h2>\n<p>Spr\u00e1vna in\u0161tal\u00e1cia valca v\u00fdlo\u017en\u00edka je k\u013e\u00fa\u010dov\u00e1 pre optim\u00e1lnu prev\u00e1dzku. Za\u010dnite t\u00fdm, \u017ee sa uist\u00edte, \u017ee mont\u00e1\u017ene body s\u00fa \u010dist\u00e9 a bez ne\u010dist\u00f4t. Na upevnenie valca na mieste pou\u017eite vhodn\u00e9 mont\u00e1\u017ene konzoly a zabezpe\u010dte spr\u00e1vne zarovnanie s v\u00fdlo\u017en\u00edkom. Je d\u00f4le\u017eit\u00e9 dodr\u017eiava\u0165 \u0161pecifik\u00e1cie v\u00fdrobcu t\u00fdkaj\u00face sa nastavenia kr\u00fatiaceho momentu skrutiek a mat\u00edc. Starostliv\u00e9 zarovnanie valca zabr\u00e1ni nadmern\u00e9mu nam\u00e1haniu komponentov a zn\u00ed\u017ei riziko mechanick\u00e9ho po\u0161kodenia. Po in\u0161tal\u00e1cii vykonajte d\u00f4kladn\u00fa kontrolu a uve\u010fte stroj do prev\u00e1dzky, aby ste overili, \u010di valec funguje spr\u00e1vne.<\/p>\n<h2>Be\u017en\u00e9 \u00falohy \u00fadr\u017eby<\/h2>\n<ul>\n<li><strong>Rutinn\u00e1 kontrola:<\/strong> Pravideln\u00e9 kontroly tesnost\u00ed, opotrebovania a v\u00fdkonu pom\u00e1haj\u00fa udr\u017eiava\u0165 funk\u010dnos\u0165 valca ramena. Okam\u017eit\u00e1 pozornos\u0165 venovan\u00e1 ak\u00fdmko\u013evek nezrovnalostiam m\u00f4\u017ee pred\u00eds\u0165 v\u00e4\u010d\u0161\u00edm probl\u00e9mom v bud\u00facnosti.<\/li>\n<li><strong>Spr\u00e1vne mazanie:<\/strong> Udr\u017eiavanie spr\u00e1vnej hladiny hydraulick\u00e9ho oleja a zabezpe\u010denie spr\u00e1vneho fungovania mazacieho syst\u00e9mu je nevyhnutn\u00e9 pre minimaliz\u00e1ciu trenia a zabr\u00e1nenie opotrebovaniu.<\/li>\n<li><strong>V\u00fdmena a kalibr\u00e1cia tesnenia:<\/strong> Pravideln\u00e1 v\u00fdmena tesnen\u00ed a kalibr\u00e1cia syst\u00e9mu zabezpe\u010duje udr\u017eanie hydraulick\u00e9ho tlaku. To je nevyhnutn\u00e9 pre efekt\u00edvnu prev\u00e1dzku a dlh\u00fa \u017eivotnos\u0165 valca.<\/li>\n<\/ul>\n<p><img decoding=\"async\" src=\"https:\/\/www.hydraulic-cylinders.net\/wp-content\/uploads\/2025\/04\/songte-chushion-collar.webp\" alt=\"Vank\u00fa\u0161ov\u00fd golier\" \/><\/p>\n<h2>Bezpe\u010dnostn\u00e9 aspekty a faktory prostredia<\/h2>\n<p>Pri pou\u017e\u00edvan\u00ed valcov ramena je dodr\u017eiavanie bezpe\u010dnostn\u00fdch opatren\u00ed mimoriadne d\u00f4le\u017eit\u00e9. Obsluha by mala by\u0165 vy\u0161kolen\u00e1 v rozpoznan\u00ed potenci\u00e1lnych nebezpe\u010denstiev a zabezpe\u010den\u00ed pou\u017e\u00edvania bezpe\u010dnostn\u00e9ho vybavenia. Okrem toho je spr\u00e1vna likvid\u00e1cia hydraulick\u00fdch kvapal\u00edn a opotrebovan\u00fdch dielov k\u013e\u00fa\u010dov\u00e1 pre minimaliz\u00e1ciu vplyvu na \u017eivotn\u00e9 prostredie. Pravideln\u00e9 \u0161kolenia a kontroly bezpe\u010dnosti m\u00f4\u017eu podpori\u0165 kult\u00faru bezpe\u010dnosti a zabezpe\u010di\u0165, aby v\u0161etci zamestnanci boli obozn\u00e1men\u00ed s osved\u010den\u00fdmi postupmi a normami.<\/p>\n<h2>Rie\u0161enie probl\u00e9mov a be\u017en\u00e9 probl\u00e9my<\/h2>\n<ul>\n<li><strong>\u00danik:<\/strong> Ak zist\u00edte netesnosti, skontrolujte tesnenia a armat\u00fary, \u010di nie s\u00fa po\u0161koden\u00e9. Vyme\u0148te opotrebovan\u00e9 tesnenia a uistite sa, \u017ee armat\u00fary s\u00fa tesn\u00e9, aby ste predi\u0161li \u00faniku kvapaliny.<\/li>\n<li><strong>Strata energie:<\/strong> Zn\u00ed\u017eenie v\u00fdkonu valca m\u00f4\u017ee nazna\u010dova\u0165 n\u00edzku hladinu hydraulickej kvapaliny alebo vzduch v syst\u00e9me. Skontrolujte hladiny kvapal\u00edn a v pr\u00edpade potreby syst\u00e9m odvzdu\u0161nite.<\/li>\n<li><strong>Nezvy\u010dajn\u00e9 zvuky:<\/strong> \u0160k\u0155t\u013eav\u00e9 alebo klepav\u00e9 zvuky m\u00f4\u017eu nazna\u010dova\u0165 mechanick\u00e9 probl\u00e9my. Skontrolujte komponenty, \u010di nie s\u00fa opotrebovan\u00e9, a ihne\u010f ich opravte.<\/li>\n<\/ul>\n<p>Rie\u0161enie t\u00fdchto be\u017en\u00fdch probl\u00e9mov v\u010das m\u00f4\u017ee pred\u00eds\u0165 \u010fal\u0161\u00edm komplik\u00e1ci\u00e1m. Pravideln\u00e1 \u00fadr\u017eba a kontroly s\u00fa k\u013e\u00fa\u010dom k predch\u00e1dzaniu probl\u00e9mom sk\u00f4r, ako sa zhor\u0161ia.<\/p>\n<p><img decoding=\"async\" src=\"https:\/\/www.hydraulic-cylinders.net\/wp-content\/uploads\/2025\/04\/songte-bushings-with-all-kinds-of-excavator-models.webp\" alt=\"Puzdr\u00e1 pre modely r\u00fdpadiel\" \/><\/p>\n<h2>Preh\u013ead spolo\u010dnosti<\/h2>\n<p>Sme v\u00fdrobcom n\u00e1hradn\u00fdch dielov pre hydraulick\u00e9 valce a pon\u00fakame \u0161irok\u00fd sortiment produktov. Na\u0161a spolo\u010dnos\u0165 sa stala jedn\u00fdm z popredn\u00fdch v\u00fdrobcov a ve\u013ekoobchodn\u00edkov na dom\u00e1com aj medzin\u00e1rodnom trhu. Uprednost\u0148ujeme v\u00fdnimo\u010dn\u00fa kvalitu a v na\u0161ich diel\u0148ach zameran\u00fdch na presn\u00fa v\u00fdrobu pou\u017e\u00edvame strat\u00e9giu riadenia priemyselnej v\u00fdroby. Na\u0161e zameranie na technologick\u00e9 talenty, pokro\u010dil\u00e9 digit\u00e1lne v\u00fdrobn\u00e9 zariadenia a profesion\u00e1lne testovacie syst\u00e9my neust\u00e1le zlep\u0161uje na\u0161u v\u00fdrobn\u00fa platformu a kvalitu produktov. V\u010faka robustn\u00fdm kreat\u00edvnym schopnostiam dodr\u017eiavame z\u00e1sady vysokej efektivity, presnosti a kvality, aby sme uspokojili rozmanit\u00e9 potreby z\u00e1kazn\u00edkov.<\/p>\n<h3>Na\u0161a odbornos\u0165<\/h3>\n<p>Na\u0161a spolo\u010dnos\u0165 vynik\u00e1 v nieko\u013ek\u00fdch aspektoch, vr\u00e1tane<\/p>\n<ul>\n<li><strong>Profesionalita:<\/strong> N\u00e1\u0161 t\u00edm sa sklad\u00e1 zo sk\u00fasen\u00fdch odborn\u00edkov \u0161pecializuj\u00facich sa na hydraulick\u00e9 syst\u00e9my, \u010do zabezpe\u010duje poskytovanie \u0161pi\u010dkov\u00fdch produktov a slu\u017eieb.<\/li>\n<li><strong>Medzin\u00e1rodn\u00e9 certifik\u00e1cie:<\/strong> Vlastn\u00edme r\u00f4zne medzin\u00e1rodn\u00e9 certifik\u00e1ty, ktor\u00e9 odr\u00e1\u017eaj\u00fa n\u00e1\u0161 z\u00e1v\u00e4zok ku kvalite a dodr\u017eiavaniu glob\u00e1lnych \u0161tandardov.<\/li>\n<li><strong>Z\u00e1kazn\u00edcke slu\u017eby:<\/strong> Pon\u00fakame rie\u0161enia na mieru, ktor\u00e9 sp\u013a\u0148aj\u00fa \u0161pecifick\u00e9 potreby na\u0161ich klientov a zabezpe\u010duj\u00fa ich spokojnos\u0165 s na\u0161imi produktmi.<\/li>\n<li><strong>Pokro\u010dil\u00e9 v\u00fdrobn\u00e9 zariadenia:<\/strong> Na\u0161e najmodernej\u0161ie v\u00fdrobn\u00e9 zariadenia vyu\u017e\u00edvaj\u00fa najmodernej\u0161ie technol\u00f3gie na v\u00fdrobu vysoko kvalitn\u00fdch hydraulick\u00fdch valcov.<\/li>\n<li><strong>Popredajn\u00fd servis:<\/strong> Pon\u00fakame komplexn\u00fa popredajn\u00fa podporu, aby sme na\u0161im z\u00e1kazn\u00edkom zabezpe\u010dili potrebn\u00fa asistenciu aj dlho po n\u00e1kupe.<\/li>\n<\/ul>\n<p><img decoding=\"async\" src=\"https:\/\/www.hydraulic-cylinders.net\/wp-content\/uploads\/2025\/04\/songte-company-4.webp\" alt=\"Preh\u013ead spolo\u010dnosti\" \/><br \/>\n<img decoding=\"async\" src=\"https:\/\/www.hydraulic-cylinders.net\/wp-content\/uploads\/2025\/04\/songte-company-3.webp\" alt=\"Zariadenia spolo\u010dnosti\" \/><\/p>\n<p>Autor: lyl<\/p>","protected":false},"excerpt":{"rendered":"<p>Boom Cylinder For Komatsu Middle Excavator PC200LC-8 Product Overview The Boom Cylinder is a vital component of the Komatsu PC200LC-8 excavator, specifically designed to control the movement of the boom, allowing the operator to perform various tasks efficiently. This hydraulic cylinder plays a crucial role in the hydraulic system, enabling precise control over the boom&#8217;s [&hellip;]<\/p>","protected":false},"featured_media":17868,"comment_status":"open","ping_status":"closed","template":"","meta":{"_et_pb_use_builder":"","_et_pb_old_content":"","_et_gb_content_width":""},"product_brand":[],"product_cat":[1546],"product_tag":[1547,1496],"class_list":{"0":"post-18851","1":"product","2":"type-product","3":"status-publish","4":"has-post-thumbnail","6":"product_cat-boom-cylinders","7":"product_tag-boom-cylinders","8":"product_tag-hydraulic-cylinders","10":"first","11":"instock","12":"shipping-taxable","13":"product-type-simple"},"amp_enabled":true,"_links":{"self":[{"href":"https:\/\/www.hydraulic-cylinders.net\/sk\/wp-json\/wp\/v2\/product\/18851","targetHints":{"allow":["GET"]}}],"collection":[{"href":"https:\/\/www.hydraulic-cylinders.net\/sk\/wp-json\/wp\/v2\/product"}],"about":[{"href":"https:\/\/www.hydraulic-cylinders.net\/sk\/wp-json\/wp\/v2\/types\/product"}],"replies":[{"embeddable":true,"href":"https:\/\/www.hydraulic-cylinders.net\/sk\/wp-json\/wp\/v2\/comments?post=18851"}],"wp:featuredmedia":[{"embeddable":true,"href":"https:\/\/www.hydraulic-cylinders.net\/sk\/wp-json\/wp\/v2\/media\/17868"}],"wp:attachment":[{"href":"https:\/\/www.hydraulic-cylinders.net\/sk\/wp-json\/wp\/v2\/media?parent=18851"}],"wp:term":[{"taxonomy":"product_brand","embeddable":true,"href":"https:\/\/www.hydraulic-cylinders.net\/sk\/wp-json\/wp\/v2\/product_brand?post=18851"},{"taxonomy":"product_cat","embeddable":true,"href":"https:\/\/www.hydraulic-cylinders.net\/sk\/wp-json\/wp\/v2\/product_cat?post=18851"},{"taxonomy":"product_tag","embeddable":true,"href":"https:\/\/www.hydraulic-cylinders.net\/sk\/wp-json\/wp\/v2\/product_tag?post=18851"}],"curies":[{"name":"pracovn\u00fd list","href":"https:\/\/api.w.org\/{rel}","templated":true}]}}