{"id":18884,"date":"2025-04-07T06:00:21","date_gmt":"2025-04-07T06:00:21","guid":{"rendered":"https:\/\/www.hydraulic-cylinders.net\/product\/boom-cylinder-for-sumitomo-small-excavator-sh60\/"},"modified":"2025-04-07T06:00:24","modified_gmt":"2025-04-07T06:00:24","slug":"boom-cylinder-for-sumitomo-small-excavator-sh60","status":"publish","type":"product","link":"https:\/\/www.hydraulic-cylinders.net\/sk\/produkt\/boom-cylinder-for-sumitomo-small-excavator-sh60\/","title":{"rendered":"Valec v\u00fdlo\u017en\u00edka pre mal\u00e9 r\u00fdpadlo Sumitomo SH60"},"content":{"rendered":"<h1>Valec v\u00fdlo\u017en\u00edka pre mal\u00e9 r\u00fdpadlo Sumitomo SH60<\/h1>\n<h2>Pochopenie valca v\u00fdlo\u017en\u00edka<\/h2>\n<p>Ten\/T\u00e1\/To <strong>Valec v\u00fdlo\u017en\u00edka<\/strong> Sl\u00fa\u017ei ako z\u00e1kladn\u00e1 hydraulick\u00e1 s\u00fa\u010das\u0165 v r\u00f4znych \u0165a\u017ek\u00fdch strojoch, najm\u00e4 v r\u00fdpadl\u00e1ch, ako je Sumitomo SH60. Tento hydraulick\u00fd valec, navrhnut\u00fd na ovl\u00e1danie pohybu v\u00fdlo\u017en\u00edka, je k\u013e\u00fa\u010dov\u00fd pre zdv\u00edhanie, sp\u00fa\u0161\u0165anie a nakl\u00e1\u0148anie v\u00fdlo\u017en\u00edka, \u010do u\u013eah\u010duje efekt\u00edvnu manipul\u00e1ciu s materi\u00e1lom. Valec v\u00fdlo\u017en\u00edka pracuje v r\u00e1mci hydraulick\u00e9ho syst\u00e9mu a premie\u0148a hydraulick\u00fd tlak na mechanick\u00fa silu, \u010do umo\u017e\u0148uje obsluhe vykon\u00e1va\u0165 \u00falohy s presnos\u0165ou a \u00fa\u010dinnos\u0165ou. Tento hydraulick\u00fd valec umo\u017e\u0148uje v\u00fdkopov\u00e9 pr\u00e1ce, nakladanie a premiest\u0148ovanie materi\u00e1lov, ako s\u00fa zemina a sutiny, v\u010faka \u010domu je nevyhnutn\u00fd v stavebn\u00edctve a s\u00favisiacich odvetviach.<\/p>\n<p><img decoding=\"async\" src=\"https:\/\/www.hydraulic-cylinders.net\/wp-content\/uploads\/2025\/04\/songte-company-1.webp\" alt=\"Valec v\u00fdlo\u017en\u00edka pre r\u00fdpadl\u00e1\"><\/p>\n<h3>Vlastnosti valca v\u00fdlo\u017en\u00edka<\/h3>\n<ul>\n<li><strong>Vysok\u00e1 pevnos\u0165 a odolnos\u0165:<\/strong> Valec v\u00fdlo\u017en\u00edka je vyroben\u00fd z vysokopevnostnej ocele alebo hlin\u00edka a odol\u00e1va vysok\u00e9mu tlaku a \u0165a\u017ek\u00e9mu za\u0165a\u017eeniu, v\u010faka \u010domu je vhodn\u00fd do n\u00e1ro\u010dn\u00fdch pracovn\u00fdch prostred\u00ed. Kon\u0161trukcia zoh\u013ead\u0148uje aj odolnos\u0165 proti opotrebovaniu a kor\u00f3zii, \u010do zais\u0165uje dlh\u0161iu \u017eivotnos\u0165.<\/li>\n<li><strong>Efekt\u00edvna hydraulick\u00e1 prev\u00e1dzka:<\/strong> Vyu\u017e\u00edva hydraulick\u00fd tlak oleja pre plynul\u00e9 vys\u00favanie a zas\u00favanie, \u010d\u00edm poskytuje r\u00fdchlu odozvu na ovl\u00e1dacie pr\u00edkazy a z\u00e1rove\u0148 poskytuje zna\u010dn\u00fa silu pri tla\u010den\u00ed a \u0165ahu, ide\u00e1lnu na zvl\u00e1dnutie \u0165a\u017ek\u00fdch a zlo\u017eit\u00fdch \u00faloh.<\/li>\n<li><strong>R\u00f4zne typy:<\/strong> K dispoz\u00edcii s\u00fa jedno\u010dinn\u00e9 (hydraulick\u00fd \u00fa\u010dinok v jednom smere) a dvoj\u010dinn\u00e9 (hydraulick\u00fd \u00fa\u010dinok v oboch smeroch) valce, ktor\u00e9 sp\u013a\u0148aj\u00fa r\u00f4zne prev\u00e1dzkov\u00e9 potreby. Niektor\u00e9 modely s\u00fa teleskopick\u00e9, \u010do umo\u017e\u0148uje v\u00e4\u010d\u0161ie vysunutie bez zv\u00e4\u010d\u0161enia vonkaj\u0161\u00edch rozmerov, a s\u00fa ide\u00e1lne pre aplik\u00e1cie s obmedzen\u00fdm priestorom.<\/li>\n<li><strong>V\u0161estrann\u00e9 aplik\u00e1cie:<\/strong> Navrhnut\u00e9 na pou\u017eitie v r\u00f4znych strojoch, v\u010faka \u010domu s\u00fa flexibilnou vo\u013ebou pre r\u00f4zne typy \u0165a\u017ek\u00fdch zariaden\u00ed.<\/li>\n<li><strong>Z\u00e1kazkov\u00e1 v\u00fdroba:<\/strong> \u0160pecializujeme sa na v\u00fdrobu t\u00fdchto valcov, \u010d\u00edm zabezpe\u010dujeme, \u017ee dokonale nahradia existuj\u00face hydraulick\u00e9 valce a z\u00e1rove\u0148 si zachovaj\u00fa kompatibilitu a v\u00fdkon.<\/li>\n<\/ul>\n<p><img decoding=\"async\" src=\"https:\/\/www.hydraulic-cylinders.net\/wp-content\/uploads\/2025\/04\/songte-cylinder-head-with-all-kinds-excavator-models.webp\" alt=\"Modely r\u00fdpadiel s valcom v\u00fdlo\u017en\u00edka\"><\/p>\n<h2>Aplik\u00e1cie valca v\u00fdlo\u017en\u00edka<\/h2>\n<h3>Stavebn\u00e9 stroje<\/h3>\n<p>V r\u00fdpadl\u00e1ch je valec v\u00fdlo\u017en\u00edka nevyhnutn\u00fd pre kopanie, nakladanie a premiest\u0148ovanie zeminy alebo sutiny. Poskytuje potrebn\u00fa silu na vysunutie v\u00fdlo\u017en\u00edka, \u010do umo\u017e\u0148uje ly\u017eici efekt\u00edvne prenikn\u00fa\u0165 do zeme. Okrem toho v r\u00fdpadlo-naklada\u010doch valec v\u00fdlo\u017en\u00edka pom\u00e1ha nielen pri v\u00fdkopov\u00fdch pr\u00e1cach, ale aj pri zdv\u00edhan\u00ed materi\u00e1lov, \u010d\u00edm zvy\u0161uje produktivitu a prev\u00e1dzkov\u00fa efektivitu.<\/p>\n<h3>Po\u013enohospod\u00e1rske stroje<\/h3>\n<p>Valce v\u00fdlo\u017en\u00edka sa nach\u00e1dzaj\u00fa aj v \u010deln\u00fdch naklada\u010doch, kde sa pou\u017e\u00edvaj\u00fa na naberanie, zdv\u00edhanie a prepravu p\u00f4dy, sena a in\u00fdch materi\u00e1lov. V\u010faka svojej schopnosti ovl\u00e1da\u0165 uhol a v\u00fd\u0161ku ly\u017eice s\u00fa nevyhnutn\u00e9 pre po\u013enohospod\u00e1rske \u00falohy a zabezpe\u010duj\u00fa efekt\u00edvne nakladanie a vykladanie v po\u013enohospod\u00e1rskych oper\u00e1ci\u00e1ch.<\/p>\n<h3>V\u00fdkopov\u00e9 \u00falohy<\/h3>\n<p>V r\u00fdpadl\u00e1ch umo\u017e\u0148uje valec v\u00fdlo\u017en\u00edka prenikn\u00fa\u0165 ly\u017eici do p\u00f4dy, \u010do u\u013eah\u010duje efekt\u00edvne kopanie. Hydraulick\u00e1 sila generovan\u00e1 valcom umo\u017e\u0148uje obsluhe presne riadi\u0165 proces v\u00fdkopu a zabezpe\u010dova\u0165 optim\u00e1lny v\u00fdkon v r\u00f4znych ter\u00e9noch.<\/p>\n<h3>Oper\u00e1cie naklada\u010da<\/h3>\n<p>V \u010deln\u00fdch naklada\u010doch pom\u00e1haj\u00fa valce v\u00fdlo\u017en\u00edka efekt\u00edvne zdv\u00edha\u0165 a vyklada\u0165 bremen\u00e1. Zlep\u0161uj\u00fa ovl\u00e1date\u013enos\u0165 naklada\u010da, \u010do umo\u017e\u0148uje r\u00fdchle a efekt\u00edvne zdv\u00edhanie a vykladanie materi\u00e1lov, \u010do je k\u013e\u00fa\u010dov\u00e9 pri stavebn\u00fdch a krajin\u00e1rskych projektoch.<\/p>\n<h2>\u00davahy o dizajne a krit\u00e9ri\u00e1 v\u00fdberu<\/h2>\n<h3>Nosnos\u0165<\/h3>\n<p>Nosnos\u0165 valca v\u00fdlo\u017en\u00edka je kritick\u00fdm faktorom po\u010das n\u00e1vrhu. Mus\u00ed by\u0165 dostato\u010dne dimenzovan\u00fd, aby zvl\u00e1dol maxim\u00e1lne za\u0165a\u017eenie, ktor\u00e9mu bude \u010deli\u0165 po\u010das prev\u00e1dzky. In\u017einieri zoh\u013ead\u0148uj\u00fa r\u00f4zne faktory vr\u00e1tane hmotnosti bremien, uhlov prev\u00e1dzky a doby pou\u017e\u00edvania. Dobre navrhnut\u00fd valec s vhodnou nosnos\u0165ou zais\u0165uje bezpe\u010dnos\u0165 a spo\u013eahlivos\u0165 prev\u00e1dzky.<\/p>\n<h3>Tesniaci v\u00fdkon<\/h3>\n<p>\u00da\u010dinn\u00e9 tesnenie v hydraulick\u00fdch valcoch je nevyhnutn\u00e9 na zabr\u00e1nenie \u00faniku kvapaliny a udr\u017eanie tlaku. V\u00fdber tesnen\u00ed, ako s\u00fa tesnenia piestov a tesnenia ty\u010d\u00ed, je k\u013e\u00fa\u010dov\u00fd. Na zaistenie trvanlivosti a odolnosti vo\u010di opotrebovaniu sa \u010dasto pou\u017e\u00edvaj\u00fa vysokokvalitn\u00e9 materi\u00e1ly, ako je polyuret\u00e1n a nitrilov\u00e1 guma. Kon\u0161trukcia tesnenia by mala umo\u017e\u0148ova\u0165 jednoduch\u00fa \u00fadr\u017ebu a z\u00e1rove\u0148 poskytova\u0165 spo\u013eahliv\u00fa bari\u00e9ru proti \u00fanikom po\u010das celej \u017eivotnosti valca.<\/p>\n<h3>Trvanlivos\u0165<\/h3>\n<p>Pri kon\u0161trukcii valcov v\u00fdlo\u017en\u00edka je nevyhnutn\u00e1 ich odolnos\u0165 vzh\u013eadom na ich vystavenie drsn\u00fdm podmienkam. Pou\u017eit\u00e9 materi\u00e1ly musia by\u0165 odoln\u00e9 vo\u010di opotrebovaniu, kor\u00f3zii a n\u00e1razom, \u010do m\u00f4\u017ee v\u00fdrazne ovplyvni\u0165 v\u00fdkon a \u017eivotnos\u0165. Pokro\u010dil\u00e9 v\u00fdrobn\u00e9 techniky a pr\u00edsne testovanie zabezpe\u010duj\u00fa, \u017ee valce odol\u00e1vaj\u00fa extr\u00e9mnym prev\u00e1dzkov\u00fdm n\u00e1rokom.<\/p>\n<h3>Bezpe\u010dnostn\u00e9 prvky<\/h3>\n<p>Bezpe\u010dnos\u0165 je pri kon\u0161trukcii hydraulick\u00fdch valcov prvorad\u00fdm h\u013eadiskom. Funkcie, ako s\u00fa vstavan\u00e9 pretlakov\u00e9 ventily, s\u00fa k\u013e\u00fa\u010dov\u00e9 na zabr\u00e1nenie pretlaku, ktor\u00fd m\u00f4\u017ee vies\u0165 ku katastrof\u00e1lnym poruch\u00e1m. Okrem toho musia by\u0165 valce navrhnut\u00e9 s bezpe\u010dnostn\u00fdmi zariadeniami, aby sa zabezpe\u010dilo, \u017ee zvl\u00e1dnu neo\u010dak\u00e1van\u00e9 za\u0165a\u017eenie bez ohrozenia bezpe\u010dnosti obsluhy.<\/p>\n<h3>\u00dadr\u017eba a opravite\u013enos\u0165<\/h3>\n<p>Kon\u0161trukcia pre jednoduch\u00fa \u00fadr\u017ebu umo\u017e\u0148uje v\u010dasn\u00e9 kontroly a opravy, ktor\u00e9 predl\u017euj\u00fa \u017eivotnos\u0165 valca v\u00fdlo\u017en\u00edka. Funkcie, ako s\u00fa vymenite\u013en\u00e9 tesnenia, \u013eahko pr\u00edstupn\u00e9 maznice a modul\u00e1rne kon\u0161trukcie, u\u013eah\u010duj\u00fa be\u017en\u00fa \u00fadr\u017ebu a zabezpe\u010duj\u00fa, \u017ee zariadenie zostane funk\u010dn\u00e9 a spo\u013eahliv\u00e9 po\u010das celej jeho prev\u00e1dzkovej \u017eivotnosti.<\/p>\n<p><img decoding=\"async\" src=\"https:\/\/www.hydraulic-cylinders.net\/wp-content\/uploads\/2025\/04\/songte-oil-pipes-and-spare-parts.webp\" alt=\"\u010casti hydraulick\u00e9ho valca\"><\/p>\n<h2>Utesnenie a mazanie valca v\u00fdlo\u017en\u00edka<\/h2>\n<p>Tesnenie a mazanie valca v\u00fdlo\u017en\u00edka s\u00fa neoddelite\u013enou s\u00fa\u010das\u0165ou jeho v\u00fdkonu. R\u00f4zne tesnenia, vr\u00e1tane tesnen\u00ed piestov a tesnen\u00ed ty\u010d\u00ed, s\u00fa k\u013e\u00fa\u010dov\u00fdmi komponentmi, ktor\u00e9 zabra\u0148uj\u00fa \u00faniku hydraulickej kvapaliny a udr\u017eiavaj\u00fa tlak vo valci. V\u00fdber tesnen\u00ed vyroben\u00fdch z materi\u00e1lov odoln\u00fdch vo\u010di opotrebovaniu, ako je polyuret\u00e1n a nitrilov\u00e1 guma, zvy\u0161uje odolnos\u0165 a predl\u017euje \u017eivotnos\u0165 valca. Teleso valca a z\u00e1vitov\u00e9 koncov\u00e9 povrchy prech\u00e1dzaj\u00fa d\u00f4kladnou povrchovou \u00fapravou, aby sa zlep\u0161ila odolnos\u0165 vo\u010di opotrebovaniu.<\/p>\n<p>Pravideln\u00e9 mazanie je nevyhnutn\u00e9 pre optim\u00e1lnu funk\u010dnos\u0165. Hydraulick\u00fd olej je potrebn\u00e9 pravidelne dop\u013a\u0148a\u0165, aby sa zabezpe\u010dila hladk\u00e1 prev\u00e1dzka a zabr\u00e1nilo sa vn\u00fatorn\u00e9mu opotrebovaniu. Spr\u00e1vne mazanie minimalizuje trenie medzi pohybliv\u00fdmi \u010das\u0165ami, \u010d\u00edm sa zni\u017euje riziko prehriatia a pred\u010dasn\u00e9ho zlyhania hydraulick\u00e9ho valca. Stanovenie pravideln\u00e9ho harmonogramu mazania je nevyhnutn\u00e9 pre zabezpe\u010denie spo\u013eahlivosti a \u00fa\u010dinnosti valca v\u00fdlo\u017en\u00edka.<\/p>\n<h2>Opatrenia prevent\u00edvnej \u00fadr\u017eby<\/h2>\n<ul>\n<li><strong>Pravideln\u00e9 kontroly:<\/strong> Vykon\u00e1vanie pravideln\u00fdch kontrol pom\u00e1ha identifikova\u0165 opotrebovanie sk\u00f4r, ako povedie k v\u00fdznamn\u00fdm poruch\u00e1m. H\u013eadajte zn\u00e1mky netesnost\u00ed, kor\u00f3zie a po\u0161koden\u00fdch tesnen\u00ed. V\u010dasn\u00e9 odhalenie umo\u017e\u0148uje v\u010dasn\u00e9 opravy a skr\u00e1tenie prestojov.<\/li>\n<li><strong>Spr\u00e1vne mazanie:<\/strong> Udr\u017eiavanie spr\u00e1vnej hladiny mazania je k\u013e\u00fa\u010dov\u00e9 pre plynul\u00fd chod valca ramena. Uistite sa, \u017ee hydraulick\u00fd olej je na spr\u00e1vnej hladine a \u017ee je \u010dist\u00fd, aby ste predi\u0161li kontamin\u00e1cii, ktor\u00e1 by mohla po\u0161kodi\u0165 tesnenia a vn\u00fatorn\u00e9 komponenty.<\/li>\n<li><strong>V\u00fdmena tesnenia:<\/strong> Monitorovanie stavu tesnen\u00ed je nevyhnutn\u00e9. Opotrebovan\u00e9 alebo po\u0161koden\u00e9 tesnenia v\u010das vyme\u0148te, aby ste predi\u0161li \u00fanikom a udr\u017eali v\u00fdkon valca. Pravideln\u00e9 kontroly tesnen\u00ed m\u00f4\u017eu pom\u00f4c\u0165 pred\u00eds\u0165 n\u00e1kladn\u00fdm oprav\u00e1m v d\u00f4sledku straty kvapaliny.<\/li>\n<\/ul>\n<h2>Pokyny na in\u0161tal\u00e1ciu<\/h2>\n<p>Spr\u00e1vna in\u0161tal\u00e1cia je nevyhnutn\u00e1 pre efekt\u00edvnu prev\u00e1dzku valca ramena. Za\u010dnite t\u00fdm, \u017ee sa uist\u00edte, \u017ee mont\u00e1\u017ene konzoly s\u00fa spr\u00e1vne zarovnan\u00e9. Nespr\u00e1vne zarovnanie m\u00f4\u017ee vies\u0165 k nerovnomern\u00e9mu opotrebovaniu a pred\u010dasn\u00e9mu zlyhaniu. Na pevn\u00e9 upevnenie valca na mieste pou\u017eite vhodn\u00e9 mont\u00e1\u017ene konzoly.<\/p>\n<p>Pred in\u0161tal\u00e1ciou o\u010distite mont\u00e1\u017ene povrchy od ne\u010dist\u00f4t alebo \u00falomkov, ktor\u00e9 by mohli zasahova\u0165 do tesniacich povrchov. Pred in\u0161tal\u00e1ciou skontrolujte valec, \u010di nie je po\u0161koden\u00fd. \u200b\u200bPo in\u0161tal\u00e1cii overte zarovnanie kontrolou vys\u00favania a zas\u00favania valca, aby ste zabezpe\u010dili jeho plynul\u00fd chod.<\/p>\n<p>Po in\u0161tal\u00e1cii sa odpor\u00fa\u010da vykona\u0165 sk\u00fa\u0161obn\u00fa prev\u00e1dzku pri n\u00edzkom tlaku, aby sa skontrolovali pr\u00edpadn\u00e9 netesnosti alebo prev\u00e1dzkov\u00e9 probl\u00e9my. Postupne zvy\u0161ujte tlak na prev\u00e1dzkov\u00fa \u00farove\u0148 a z\u00e1rove\u0148 sledujte funkciu valca. Spr\u00e1vne in\u0161tala\u010dn\u00e9 postupy pred\u013a\u017eia \u017eivotnos\u0165 a v\u00fdkon valca ramena.<\/p>\n<h2>\u00dalohy \u00fadr\u017eby<\/h2>\n<h3>Pravideln\u00e9 kontroly<\/h3>\n<p>Pravideln\u00e9 kontroly s\u00fa nevyhnutn\u00e9 na zabezpe\u010denie optim\u00e1lnej prev\u00e1dzky valca ramena. Po\u010das prev\u00e1dzky h\u013eadajte zn\u00e1mky opotrebovania, netesnosti alebo ak\u00e9ko\u013evek nezvy\u010dajn\u00e9 zvuky. Ak\u00e9ko\u013evek nezrovnalosti by sa mali okam\u017eite rie\u0161i\u0165, aby sa predi\u0161lo vzniku v\u00e1\u017enej\u0161\u00edch probl\u00e9mov. Pravideln\u00e9 kontroly pom\u00e1haj\u00fa udr\u017eiava\u0165 \u00fa\u010dinnos\u0165 hydraulick\u00e9ho syst\u00e9mu a predl\u017euj\u00fa \u017eivotnos\u0165 valca.<\/p>\n<h3>Spr\u00e1vne mazanie<\/h3>\n<p>Mazanie je k\u013e\u00fa\u010dovou \u00falohou \u00fadr\u017eby, ktor\u00e1 zabezpe\u010duje plynul\u00fd chod valca v\u00fdlo\u017en\u00edka. Dodr\u017eiavajte pokyny v\u00fdrobcu t\u00fdkaj\u00face sa frekvencie mazania a typu hydraulick\u00e9ho oleja, ktor\u00fd sa m\u00e1 pou\u017ei\u0165. Spr\u00e1vne mazanie zni\u017euje trenie, minimalizuje opotrebovanie komponentov a zais\u0165uje neporu\u0161enos\u0165 tesnen\u00ed, \u010d\u00edm sa predch\u00e1dza \u00fanikom a udr\u017eiava tlak.<\/p>\n<h3>V\u00fdmena tesnenia a kontroly kalibr\u00e1cie<\/h3>\n<p>Pravideln\u00e1 v\u00fdmena tesnen\u00ed ako s\u00fa\u010das\u0165 prevent\u00edvnej \u00fadr\u017eby je nevyhnutn\u00e1 na predch\u00e1dzanie \u00fanikom hydraulickej kvapaliny. Sledujte tesnenia, \u010di nevykazuj\u00fa zn\u00e1mky opotrebovania, a v pr\u00edpade potreby ich vyme\u0148te. Okrem toho pravideln\u00e9 kalibra\u010dn\u00e9 kontroly zabezpe\u010duj\u00fa, \u017ee valec funguje v r\u00e1mci \u0161pecifikovan\u00fdch prev\u00e1dzkov\u00fdch parametrov, \u010d\u00edm sa maximalizuje \u00fa\u010dinnos\u0165 a bezpe\u010dnos\u0165.<\/p>\n<h2>Bezpe\u010dnostn\u00e9 aspekty a faktory prostredia<\/h2>\n<p>Pri pr\u00e1ci s hydraulick\u00fdmi syst\u00e9mami, ako je napr\u00edklad valec v\u00fdlo\u017en\u00edka, s\u00fa bezpe\u010dnostn\u00e9 opatrenia mimoriadne d\u00f4le\u017eit\u00e9. Obsluha by mala by\u0165 vy\u0161kolen\u00e1 v bezpe\u010dn\u00fdch prev\u00e1dzkov\u00fdch postupoch, aby sa predi\u0161lo nehod\u00e1m. Pri kontrole a \u00fadr\u017ebe zariadenia by sa mali pou\u017e\u00edva\u0165 vhodn\u00e9 osobn\u00e9 ochrann\u00e9 prostriedky (OOP).<\/p>\n<p>Mali by sa zv\u00e1\u017ei\u0165 aj environment\u00e1lne faktory. Spr\u00e1vna likvid\u00e1cia hydraulick\u00fdch kvapal\u00edn a pou\u017eit\u00fdch tesnen\u00ed je nevyhnutn\u00e1 na zabr\u00e1nenie kontamin\u00e1cie \u017eivotn\u00e9ho prostredia. Zav\u00e1dzanie recykla\u010dn\u00fdch postupov a dodr\u017eiavanie miestnych predpisov zabezpe\u010duje, \u017ee prev\u00e1dzka zostane \u0161etrn\u00e1 k \u017eivotn\u00e9mu prostrediu.<\/p>\n<h2>Diagnostika por\u00fach a be\u017en\u00e9 probl\u00e9my<\/h2>\n<ul>\n<li><strong>\u00danik:<\/strong> Jedn\u00fdm z naj\u010dastej\u0161\u00edch probl\u00e9mov s hydraulick\u00fdmi valcami je netesnos\u0165, ktor\u00e1 m\u00f4\u017ee by\u0165 sp\u00f4soben\u00e1 opotrebovan\u00fdmi tesneniami alebo po\u0161koden\u00fdmi komponentmi. Pravideln\u00e9 kontroly m\u00f4\u017eu pom\u00f4c\u0165 v\u010das odhali\u0165 netesnosti.<\/li>\n<li><strong>Zn\u00ed\u017een\u00fd v\u00fdkon:<\/strong> Ak valec v\u00fdlo\u017en\u00edka funguje pomaly alebo sa \u00faplne nevysunie\/zasunie, m\u00f4\u017ee to znamena\u0165 n\u00edzku hladinu hydraulickej kvapaliny alebo vn\u00fatorn\u00e9 po\u0161kodenie. Kontrola hladiny kvapal\u00edn a vykonanie d\u00f4kladnej kontroly m\u00f4\u017eu pom\u00f4c\u0165 diagnostikova\u0165 probl\u00e9m.<\/li>\n<li><strong>Prehriatie:<\/strong> K prehriatiu m\u00f4\u017ee d\u00f4js\u0165 v d\u00f4sledku nedostato\u010dn\u00e9ho mazania alebo nadmern\u00e9ho za\u0165a\u017eenia. Monitorovanie prev\u00e1dzkovej teploty a zabezpe\u010denie spr\u00e1vneho mazania m\u00f4\u017ee toto riziko zmierni\u0165.<\/li>\n<\/ul>\n<h2>Tipy na rie\u0161enie probl\u00e9mov<\/h2>\n<p>Pre efekt\u00edvne rie\u0161enie probl\u00e9mov s valcom v\u00fdlo\u017en\u00edka za\u010dnite overen\u00edm hladiny hydraulickej kvapaliny a jej doplnen\u00edm v pr\u00edpade potreby. Skontrolujte tesnenia, \u010di nie s\u00fa po\u0161koden\u00e9 alebo opotrebovan\u00e9, a ihne\u010f ich vyme\u0148te. V pr\u00edpade probl\u00e9mov s v\u00fdkonom sa uistite, \u017ee je valec spr\u00e1vne zarovnan\u00fd a namontovan\u00fd. Pravideln\u00e1 \u00fadr\u017eba a dodr\u017eiavanie prev\u00e1dzkov\u00fdch pokynov m\u00f4\u017ee v\u00fdrazne zn\u00ed\u017ei\u0165 v\u00fdskyt probl\u00e9mov a pred\u013a\u017ei\u0165 \u017eivotnos\u0165 hydraulick\u00e9ho valca.<\/p>\n<p><img decoding=\"async\" src=\"https:\/\/www.hydraulic-cylinders.net\/wp-content\/uploads\/2025\/04\/songte-bushings-with-all-kinds-of-excavator-models.webp\" alt=\"Puzdr\u00e1 bagerov\"><\/p>\n<h2>O na\u0161ej spolo\u010dnosti<\/h2>\n<p>Sme popredn\u00fdm v\u00fdrobcom n\u00e1hradn\u00fdch hydraulick\u00fdch valcov, \u0161pecializuj\u00facim sa na \u0161irok\u00fa \u0161k\u00e1lu produktov pre dom\u00e1ci aj medzin\u00e1rodn\u00fd trh. N\u00e1\u0161 z\u00e1v\u00e4zok k excelentnosti v kvalite je podlo\u017een\u00fd prepracovanou v\u00fdrobnou strat\u00e9giou, ktor\u00e1 uprednost\u0148uje presnos\u0165 a efekt\u00edvnos\u0165. Na\u0161e zariadenia vyu\u017e\u00edvaj\u00fa modern\u00e9 v\u00fdrobn\u00e9 zariadenia a profesion\u00e1lne testovacie syst\u00e9my na neust\u00e1le zlep\u0161ovanie na\u0161ich v\u00fdrobn\u00fdch kapac\u00edt.<\/p>\n<p>Na\u0161e produkty s\u00fa navrhnut\u00e9 s d\u00f4razom na uspokojenie rozmanit\u00fdch potrieb z\u00e1kazn\u00edkov, s podporou t\u00edmu kvalifikovan\u00fdch odborn\u00edkov a pr\u00edsnych opatren\u00ed kontroly kvality. Na\u0161e rozsiahle sk\u00fasenosti v tomto odvetv\u00ed n\u00e1m umo\u017e\u0148uj\u00fa pon\u00faka\u0165 rie\u0161enia na mieru, ktor\u00e9 sp\u013a\u0148aj\u00fa \u0161pecifick\u00e9 po\u017eiadavky klientov. Zameriavame sa na poskytovanie v\u00fdnimo\u010dn\u00e9ho popredajn\u00e9ho servisu a zabezpe\u010dovanie spokojnosti z\u00e1kazn\u00edkov v ka\u017edej f\u00e1ze n\u00e1kupn\u00e9ho procesu.<\/p>\n<p><img decoding=\"async\" src=\"https:\/\/www.hydraulic-cylinders.net\/wp-content\/uploads\/2025\/04\/songte-company-4.webp\" alt=\"V\u00fdrobn\u00fd proces spolo\u010dnosti\"><br \/>\n<img decoding=\"async\" src=\"https:\/\/www.hydraulic-cylinders.net\/wp-content\/uploads\/2025\/04\/songte-company-3.webp\" alt=\"Zabezpe\u010denie kvality spolo\u010dnosti\"><\/p>\n<p>Autor: lyl<\/p>","protected":false},"excerpt":{"rendered":"<p>Boom Cylinder For Sumitomo Small Excavator SH60 Understanding the Boom Cylinder The Boom Cylinder serves as an essential hydraulic component in various heavy machinery, particularly in excavators like the Sumitomo SH60. Designed for controlling the movement of the boom, this hydraulic cylinder is crucial for lifting, lowering, and tilting the boom, facilitating effective material handling [&hellip;]<\/p>","protected":false},"featured_media":17871,"comment_status":"open","ping_status":"closed","template":"","meta":{"_et_pb_use_builder":"","_et_pb_old_content":"","_et_gb_content_width":""},"product_brand":[],"product_cat":[1546],"product_tag":[1547,1496],"class_list":{"0":"post-18884","1":"product","2":"type-product","3":"status-publish","4":"has-post-thumbnail","6":"product_cat-boom-cylinders","7":"product_tag-boom-cylinders","8":"product_tag-hydraulic-cylinders","10":"first","11":"instock","12":"shipping-taxable","13":"product-type-simple"},"amp_enabled":true,"_links":{"self":[{"href":"https:\/\/www.hydraulic-cylinders.net\/sk\/wp-json\/wp\/v2\/product\/18884","targetHints":{"allow":["GET"]}}],"collection":[{"href":"https:\/\/www.hydraulic-cylinders.net\/sk\/wp-json\/wp\/v2\/product"}],"about":[{"href":"https:\/\/www.hydraulic-cylinders.net\/sk\/wp-json\/wp\/v2\/types\/product"}],"replies":[{"embeddable":true,"href":"https:\/\/www.hydraulic-cylinders.net\/sk\/wp-json\/wp\/v2\/comments?post=18884"}],"wp:featuredmedia":[{"embeddable":true,"href":"https:\/\/www.hydraulic-cylinders.net\/sk\/wp-json\/wp\/v2\/media\/17871"}],"wp:attachment":[{"href":"https:\/\/www.hydraulic-cylinders.net\/sk\/wp-json\/wp\/v2\/media?parent=18884"}],"wp:term":[{"taxonomy":"product_brand","embeddable":true,"href":"https:\/\/www.hydraulic-cylinders.net\/sk\/wp-json\/wp\/v2\/product_brand?post=18884"},{"taxonomy":"product_cat","embeddable":true,"href":"https:\/\/www.hydraulic-cylinders.net\/sk\/wp-json\/wp\/v2\/product_cat?post=18884"},{"taxonomy":"product_tag","embeddable":true,"href":"https:\/\/www.hydraulic-cylinders.net\/sk\/wp-json\/wp\/v2\/product_tag?post=18884"}],"curies":[{"name":"pracovn\u00fd list","href":"https:\/\/api.w.org\/{rel}","templated":true}]}}