{"id":18898,"date":"2025-04-07T06:01:09","date_gmt":"2025-04-07T06:01:09","guid":{"rendered":"https:\/\/www.hydraulic-cylinders.net\/product\/boom-cylinder-for-sumitomo-middle-excavator-sh210lc-5\/"},"modified":"2025-04-07T06:01:12","modified_gmt":"2025-04-07T06:01:12","slug":"boom-cylinder-for-sumitomo-middle-excavator-sh210lc-5","status":"publish","type":"product","link":"https:\/\/www.hydraulic-cylinders.net\/sk\/produkt\/boom-cylinder-for-sumitomo-middle-excavator-sh210lc-5\/","title":{"rendered":"Valec v\u00fdlo\u017en\u00edka pre stredn\u00e9 r\u00fdpadlo Sumitomo SH210LC-5"},"content":{"rendered":"<h1>Valec v\u00fdlo\u017en\u00edka pre stredn\u00e9 r\u00fdpadlo Sumitomo SH210LC-5<\/h1>\n<h2>Preh\u013ead produktu<\/h2>\n<p>Hydraulick\u00fd valec v\u00fdlo\u017en\u00edka je z\u00e1kladn\u00fd komponent navrhnut\u00fd \u0161peci\u00e1lne pre r\u00fdpadlo Sumitomo SH210LC-5. Tento hydraulick\u00fd valec hr\u00e1 k\u013e\u00fa\u010dov\u00fa \u00falohu pri ovl\u00e1dan\u00ed pohybu v\u00fdlo\u017en\u00edka a umo\u017e\u0148uje jeho efekt\u00edvne vys\u00favanie, zas\u00favanie a nakl\u00e1\u0148anie. U\u013eah\u010den\u00edm pohybu v\u00fdlo\u017en\u00edka tento valec umo\u017e\u0148uje r\u00fdpadlu vykon\u00e1va\u0165 r\u00f4zne \u00falohy vr\u00e1tane presn\u00e9ho zdv\u00edhania, sp\u00fa\u0161\u0165ania a polohovania ly\u017eice. Valec ly\u017eice je hydraulick\u00e9 zariadenie, ktor\u00e9 poh\u00e1\u0148a \u010dinnos\u0165 ly\u017eice, v\u010faka \u010domu je nevyhnutn\u00fd pri prev\u00e1dzke \u0165a\u017ek\u00fdch strojov.<\/p>\n<p><img decoding=\"async\" src=\"https:\/\/www.hydraulic-cylinders.net\/wp-content\/uploads\/2025\/04\/songte-company-1.webp\" alt=\"Obr\u00e1zok valca v\u00fdlo\u017en\u00edka\"><\/p>\n<h3>Defin\u00edcia a funk\u010dnos\u0165<\/h3>\n<p>Hydraulick\u00e9 valce ly\u017e\u00edc s\u00fa \u0161peci\u00e1lne navrhnut\u00e9 na riadenie prev\u00e1dzky ly\u017e\u00edc v \u0165a\u017ek\u00fdch zariadeniach, ako s\u00fa bagre, r\u00fdpadlo-naklada\u010de a \u010deln\u00e9 naklada\u010de. Umo\u017e\u0148uj\u00fa zdv\u00edhanie, sp\u00fa\u0161\u0165anie a nakl\u00e1\u0148anie ly\u017eice, \u010do u\u013eah\u010duje efekt\u00edvnu manipul\u00e1ciu s materi\u00e1lom. Tieto valce s\u00fa k\u013e\u00fa\u010dov\u00e9 pre v\u00fdkon a funk\u010dnos\u0165 hydraulick\u00fdch syst\u00e9mov, \u010d\u00edm zvy\u0161uj\u00fa celkov\u00fa schopnos\u0165 a efektivitu strojov v r\u00f4znych oper\u00e1ci\u00e1ch.<\/p>\n<h2>Vlastnosti valca v\u00fdlo\u017en\u00edka<\/h2>\n<ul>\n<li><strong>Vysok\u00e1 pevnos\u0165 a odolnos\u0165:<\/strong> Tieto valce, ktor\u00e9 s\u00fa zvy\u010dajne vyroben\u00e9 z vysokopevnostnej ocele alebo hlin\u00edka, odol\u00e1vaj\u00fa vysok\u00e9mu tlaku a ve\u013ek\u00e9mu za\u0165a\u017eeniu, v\u010faka \u010domu s\u00fa vhodn\u00e9 do n\u00e1ro\u010dn\u00fdch pracovn\u00fdch prostred\u00ed. Ich kon\u0161trukcia zoh\u013ead\u0148uje odolnos\u0165 vo\u010di opotrebovaniu a kor\u00f3zii, \u010d\u00edm sa predl\u017euje ich \u017eivotnos\u0165.<\/li>\n<li><strong>Efekt\u00edvna hydraulick\u00e1 prev\u00e1dzka:<\/strong> V\u010faka hydraulick\u00e9mu tlaku oleja zabezpe\u010duje valec v\u00fdlo\u017en\u00edka plynul\u00e9 pohyby vys\u00favania a zas\u00favania, r\u00fdchlo reaguje na povely oper\u00e1tora a poskytuje zna\u010dn\u00fa tla\u010dn\u00fa a \u0165a\u017en\u00fa silu na manipul\u00e1ciu s \u0165a\u017ek\u00fdmi materi\u00e1lmi a zlo\u017eit\u00fdmi \u00falohami.<\/li>\n<li><strong>R\u00f4zne typy:<\/strong> K dispoz\u00edcii s\u00fa v jedno\u010dinnej (hydraulick\u00e9 pou\u017eitie v jednom smere) alebo dvoj\u010dinnej (hydraulick\u00e9 pou\u017eitie v oboch smeroch) konfigur\u00e1cii, \u010do umo\u017e\u0148uje \u0161pecifick\u00e9 prev\u00e1dzkov\u00e9 potreby. Niektor\u00e9 modely s\u00fa teleskopick\u00e9, \u010do umo\u017e\u0148uje v\u00e4\u010d\u0161\u00ed dosah bez zv\u00e4\u010d\u0161enia vonkaj\u0161\u00edch rozmerov, ide\u00e1lne do stiesnen\u00fdch priestorov.<\/li>\n<li><strong>V\u0161estrann\u00e9 aplik\u00e1cie:<\/strong> S\u00fa navrhnut\u00e9 tak, aby sp\u013a\u0148ali r\u00f4zne prev\u00e1dzkov\u00e9 po\u017eiadavky, v\u010faka \u010domu s\u00fa vhodn\u00e9 pre r\u00f4zne typy strojov.<\/li>\n<li><strong>Z\u00e1kazkov\u00e1 v\u00fdroba:<\/strong> Na\u0161e produkty dok\u00e1\u017eu dokonale nahradi\u0165 tieto hydraulick\u00e9 valce s pr\u00edsnymi \u0161tandardmi kvality.<\/li>\n<\/ul>\n<p><img decoding=\"async\" src=\"https:\/\/www.hydraulic-cylinders.net\/wp-content\/uploads\/2025\/04\/songte-cylinder-head-with-all-kinds-excavator-models.webp\" alt=\"V\u00fdmena hydraulick\u00e9ho valca\"><\/p>\n<h2>Aplik\u00e1cie valca v\u00fdlo\u017en\u00edka<\/h2>\n<h3>Stavebn\u00e9 stroje<\/h3>\n<p>V r\u00fdpadl\u00e1ch s\u00fa valce v\u00fdlo\u017en\u00edka nevyhnutn\u00e9 pre kopanie, nakladanie a prepravu zeminy alebo sutiny. Umo\u017e\u0148uj\u00fa obsluhe efekt\u00edvne man\u00e9vrova\u0165 s ly\u017eicou pri r\u00f4znych \u00faloh\u00e1ch, \u010d\u00edm zvy\u0161uj\u00fa produktivitu na stavenisk\u00e1ch. V r\u00fdpadlov\u00fdch naklada\u010doch tieto valce pom\u00e1haj\u00fa nielen pri v\u00fdkopov\u00fdch, ale aj pri zdv\u00edhac\u00edch oper\u00e1ci\u00e1ch, v\u010faka \u010domu s\u00fa nevyhnutn\u00e9 pre stavebn\u00e9 projekty.<\/p>\n<h3>Po\u013enohospod\u00e1rske stroje<\/h3>\n<p>\u010celn\u00e9 naklada\u010de sa spoliehaj\u00fa na naberanie, zdv\u00edhanie a prepravu p\u00f4dy, sena a in\u00fdch materi\u00e1lov pomocou valcov v\u00fdlo\u017en\u00edka. Zabezpe\u010den\u00edm presnej kontroly nad pohybom ly\u017eice tieto valce pom\u00e1haj\u00fa farm\u00e1rom optimalizova\u0165 ich prev\u00e1dzku, zni\u017eova\u0165 pracovn\u00fa silu a zvy\u0161ova\u0165 efektivitu po\u013enohospod\u00e1rskych \u00faloh.<\/p>\n<h3>R\u00fdpadl\u00e1<\/h3>\n<p>V r\u00fdpadl\u00e1ch umo\u017e\u0148uje valec ly\u017eice efekt\u00edvne prenikanie ly\u017eice do zeme, \u010do u\u013eah\u010duje kopanie. Jeho robustn\u00e1 kon\u0161trukcia umo\u017e\u0148uje konzistentn\u00fd v\u00fdkon pri r\u00f4znych za\u0165a\u017eeniach, \u010d\u00edm sa zabezpe\u010duje, \u017ee r\u00fdpadl\u00e1 m\u00f4\u017eu efekt\u00edvne pracova\u0165 v r\u00f4znych ter\u00e9noch a podmienkach.<\/p>\n<h3>Naklada\u010de<\/h3>\n<p>V \u010deln\u00fdch naklada\u010doch prispievaj\u00fa valce v\u00fdlo\u017en\u00edka k zdv\u00edhaniu a vysyp\u00e1vaniu materi\u00e1lov. Ich spo\u013eahliv\u00fd v\u00fdkon umo\u017e\u0148uje obsluhe \u013eahko manipulova\u0165 s \u0165a\u017ek\u00fdmi bremenami, \u010d\u00edm sa zvy\u0161uje prev\u00e1dzkov\u00e1 efektivita a bezpe\u010dnos\u0165 na stavenisku.<\/p>\n<h2>\u00davahy o dizajne a \u0161tandardy v\u00fdberu<\/h2>\n<h3>Nosnos\u0165<\/h3>\n<p>Pri v\u00fdbere valca v\u00fdlo\u017en\u00edka je nosnos\u0165 prvorad\u00e1. Valec mus\u00ed odola\u0165 hmotnosti prepravovan\u00fdch materi\u00e1lov bez kompromisov v oblasti v\u00fdkonu alebo bezpe\u010dnosti. Zoh\u013eadnenie maxim\u00e1lneho za\u0165a\u017eenia, ktor\u00e9mu bude vystaven\u00fd, zais\u0165uje odolnos\u0165 a spo\u013eahlivos\u0165 prev\u00e1dzky.<\/p>\n<h3>Tesniace mechanizmy<\/h3>\n<p>\u00da\u010dinn\u00e9 tesnenie je k\u013e\u00fa\u010dov\u00e9 pre zabr\u00e1nenie \u00faniku hydraulickej kvapaliny a zabezpe\u010denie dlhej \u017eivotnosti valca. Vysokokvalitn\u00e9 tesnenia vyroben\u00e9 z odoln\u00fdch materi\u00e1lov s\u00fa nevyhnutn\u00e9 pre udr\u017eanie v\u00fdkonu a ochranu pred ne\u010distotami a kontaminantmi.<\/p>\n<h3>Trvanlivos\u0165<\/h3>\n<p>Trvanlivos\u0165 je k\u013e\u00fa\u010dov\u00fdm faktorom pri kon\u0161trukcii valcov v\u00fdlo\u017en\u00edka. Schopnos\u0165 odol\u00e1va\u0165 n\u00e1ro\u010dn\u00fdm prev\u00e1dzkov\u00fdm podmienkam vr\u00e1tane extr\u00e9mnych tepl\u00f4t a v\u00fdkyvov tlaku je nevyhnutn\u00e1 pre maximaliz\u00e1ciu \u017eivotnosti a minimaliz\u00e1ciu potrieb \u00fadr\u017eby.<\/p>\n<h3>Bezpe\u010dnostn\u00e9 prvky<\/h3>\n<p>Bezpe\u010dnos\u0165 je k\u013e\u00fa\u010dov\u00fdm faktorom pri kon\u0161trukcii hydraulick\u00fdch valcov. Za\u010dlenenie prvkov, ako je ochrana proti pre\u0165a\u017eeniu a pretlakov\u00e9 ventily, zais\u0165uje bezpe\u010dn\u00fa prev\u00e1dzku a zabra\u0148uje katastrofick\u00fdm poruch\u00e1m, \u010d\u00edm chr\u00e1ni strojn\u00e9 zariadenie aj obsluhu.<\/p>\n<h3>Pr\u00edstupnos\u0165 \u00fadr\u017eby<\/h3>\n<p>Navrhnutie pre pr\u00edstupnos\u0165 pri \u00fadr\u017ebe umo\u017e\u0148uje jednoduch\u00fa kontrolu a opravu. Funkcie, ako s\u00fa odn\u00edmate\u013en\u00e9 tesnenia a jednoduch\u00fd pr\u00edstup k hydraulick\u00fdm pripojeniam, u\u013eah\u010duj\u00fa pravideln\u00fa \u00fadr\u017ebu a zvy\u0161uj\u00fa celkov\u00fa spo\u013eahlivos\u0165 valca.<\/p>\n<p><img decoding=\"async\" src=\"https:\/\/www.hydraulic-cylinders.net\/wp-content\/uploads\/2025\/04\/songte-oil-pipes-and-spare-parts.webp\" alt=\"\u010casti hydraulick\u00e9ho valca\"><\/p>\n<h2>Tesnenie a mazanie<\/h2>\n<p>\u00da\u010dinnos\u0165 valca v\u00fdlo\u017en\u00edka vo ve\u013ekej miere z\u00e1vis\u00ed od jeho tesniacich a mazac\u00edch syst\u00e9mov. Na zabr\u00e1nenie \u00faniku hydraulickej kvapaliny a z\u00e1rove\u0148 na zabezpe\u010denie plynul\u00e9ho chodu sa pou\u017e\u00edvaj\u00fa r\u00f4zne tesnenia, ako s\u00fa piestne tesnenia a tesnenia ty\u010d\u00ed. Tesnenia vyroben\u00e9 z odoln\u00fdch materi\u00e1lov, ako je polyuret\u00e1n a nitrilov\u00fd kau\u010duk, zvy\u0161uj\u00fa trvanlivos\u0165 a odolnos\u0165 vo\u010di opotrebovaniu. Spr\u00e1vne mazanie hydraulick\u00fdm olejom je nevyhnutn\u00e9 pre optim\u00e1lnu funkciu a vy\u017eaduje si pravideln\u00e9 kontroly a \u00fadr\u017ebu, aby valec fungoval hladko.<\/p>\n<h2>Opatrenia prevent\u00edvnej \u00fadr\u017eby<\/h2>\n<ul>\n<li><strong>Pravideln\u00e9 kontroly:<\/strong> Pravideln\u00e9 kontroly pom\u00e1haj\u00fa identifikova\u0165 potenci\u00e1lne probl\u00e9my sk\u00f4r, ako sa premenia na z\u00e1va\u017en\u00e9 probl\u00e9my. H\u013eadajte zn\u00e1mky opotrebovania, netesnost\u00ed a nezrovnalost\u00ed vo v\u00fdkone.<\/li>\n<li><strong>Mazanie:<\/strong> Zabezpe\u010dte dostato\u010dn\u00e9 mazanie, aby sa zabezpe\u010dila hladk\u00e1 prev\u00e1dzka a zn\u00ed\u017eilo trenie, ktor\u00e9 m\u00f4\u017ee vies\u0165 k pred\u010dasn\u00e9mu opotrebovaniu a poruche valca.<\/li>\n<li><strong>V\u00fdmena tesnenia:<\/strong> Pravidelne kontrolujte tesnenia, \u010di nie s\u00fa po\u0161koden\u00e9 alebo opotrebovan\u00e9, a pod\u013ea potreby ich vyme\u0148te, aby ste predi\u0161li \u00faniku kvapaliny a udr\u017eali optim\u00e1lny v\u00fdkon.<\/li>\n<\/ul>\n<h2>Pokyny na in\u0161tal\u00e1ciu<\/h2>\n<p>Spr\u00e1vna in\u0161tal\u00e1cia valca ramena je nevyhnutn\u00e1 pre zabezpe\u010denie optim\u00e1lneho v\u00fdkonu. Za\u010dnite t\u00fdm, \u017ee sa uist\u00edte, \u017ee v\u0161etky komponenty s\u00fa \u010dist\u00e9 a bez ne\u010dist\u00f4t. Valec spr\u00e1vne zarovnajte s mont\u00e1\u017enymi konzolami, aby ste predi\u0161li probl\u00e9mom s nespr\u00e1vnym zarovnan\u00edm. Na pevn\u00e9 upevnenie valca sa odpor\u00fa\u010da pou\u017ei\u0165 vhodn\u00e9 mont\u00e1\u017ene konzoly. Pri u\u0165ahovan\u00ed skrutiek dodr\u017eiavajte pokyny v\u00fdrobcu t\u00fdkaj\u00face sa \u0161pecifik\u00e1ci\u00ed kr\u00fatiaceho momentu. Po in\u0161tal\u00e1cii vykonajte d\u00f4kladn\u00fa kontrolu a sk\u00fa\u0161obn\u00fa jazdu, aby ste sa uistili, \u017ee valec funguje pod\u013ea o\u010dak\u00e1vania, a skontrolujte, \u010di nedoch\u00e1dza k netesnostiam alebo nezvy\u010dajn\u00fdm zvukom.<\/p>\n<p><img decoding=\"async\" src=\"https:\/\/www.hydraulic-cylinders.net\/wp-content\/uploads\/2025\/04\/songte-chushion-collar.webp\" alt=\"In\u0161tal\u00e1cia hydraulick\u00e9ho valca\"><\/p>\n<h2>\u00dalohy \u00fadr\u017eby<\/h2>\n<ul>\n<li><strong>Pravideln\u00e9 kontroly:<\/strong> Pravideln\u00e9 kontroly s\u00fa nevyhnutn\u00e9 pre zabezpe\u010denie dlhodobej funk\u010dnosti valca ramena. Obsluha by mala pravidelne kontrolova\u0165 ak\u00e9ko\u013evek zn\u00e1mky opotrebovania, netesnost\u00ed a in\u00fdch potenci\u00e1lnych probl\u00e9mov. V\u010dasn\u00e9 odhalenie probl\u00e9mov pom\u00e1ha predch\u00e1dza\u0165 z\u00e1va\u017enej\u0161\u00edm poruch\u00e1m a n\u00e1kladn\u00fdm oprav\u00e1m.<\/li>\n<li><strong>Spr\u00e1vne mazanie:<\/strong> Dostato\u010dn\u00e9 mazanie je nevyhnutn\u00e9 na zn\u00ed\u017eenie trenia a opotrebenia pohybliv\u00fdch \u010dast\u00ed valca. Obsluha mus\u00ed dodr\u017eiava\u0165 pl\u00e1n mazania stanoven\u00fd v\u00fdrobcom, aby udr\u017eala hydraulick\u00fa kvapalinu na optim\u00e1lnej \u00farovni a zachovala v\u00fdkon valca.<\/li>\n<li><strong>V\u00fdmena tesnenia a kontroly kalibr\u00e1cie:<\/strong> Tesnenia by sa mali \u010dasto kontrolova\u0165 a vymie\u0148a\u0165, ke\u010f sa zistia zn\u00e1mky opotrebovania. Pravideln\u00e9 kalibra\u010dn\u00e9 kontroly pom\u00e1haj\u00fa zabezpe\u010di\u0165, aby valec fungoval v r\u00e1mci stanoven\u00fdch parametrov, \u010d\u00edm sa predch\u00e1dza prev\u00e1dzkovej neefekt\u00edvnosti.<\/li>\n<\/ul>\n<h2>Bezpe\u010dnostn\u00e9 aspekty a faktory prostredia<\/h2>\n<p>Pri pou\u017e\u00edvan\u00ed hydraulick\u00fdch komponentov s\u00fa bezpe\u010dnostn\u00e9 opatrenia prvorad\u00e9. Obsluha mus\u00ed by\u0165 vy\u0161kolen\u00e1 v bezpe\u010dn\u00fdch prev\u00e1dzkov\u00fdch postupoch vr\u00e1tane spr\u00e1vnej manipul\u00e1cie a \u00fadr\u017eby hydraulick\u00fdch syst\u00e9mov. Je nevyhnutn\u00e9 pochopi\u0165 potenci\u00e1lne rizik\u00e1 spojen\u00e9 s \u00fanikmi hydraulickej kvapaliny, ktor\u00e9 m\u00f4\u017eu predstavova\u0165 environment\u00e1lne riziko. Implement\u00e1cia opatren\u00ed na prevenciu \u00faniku a zavedenie pl\u00e1nu reakcie je k\u013e\u00fa\u010dov\u00e9 pre ochranu person\u00e1lu aj \u017eivotn\u00e9ho prostredia.<\/p>\n<h2>Rie\u0161enie probl\u00e9mov a be\u017en\u00e9 probl\u00e9my<\/h2>\n<ul>\n<li><strong>\u00danik:<\/strong> K \u00fanikom m\u00f4\u017ee d\u00f4js\u0165 v d\u00f4sledku opotrebovan\u00fdch tesnen\u00ed alebo po\u0161koden\u00fdch komponentov, \u010do vedie k zn\u00ed\u017eenej \u00fa\u010dinnosti a potenci\u00e1lnym environment\u00e1lnym rizik\u00e1m. Tesnenia pravidelne kontrolujte a v pr\u00edpade potreby ich vyme\u0148te.<\/li>\n<li><strong>Pomal\u00e1 prev\u00e1dzka:<\/strong> Ak valec ramena reaguje pomaly, m\u00f4\u017ee to znamena\u0165 n\u00edzku hladinu hydraulickej kvapaliny alebo zne\u010distenie hydraulick\u00e9ho syst\u00e9mu. Skontrolujte hladiny kvapal\u00edn a stav filtra, aby ste zabezpe\u010dili spr\u00e1vnu prev\u00e1dzku.<\/li>\n<li><strong>Hluk po\u010das prev\u00e1dzky:<\/strong> Nezvy\u010dajn\u00e9 zvuky m\u00f4\u017eu signalizova\u0165 mechanick\u00e9 probl\u00e9my alebo vzduch v hydraulickom syst\u00e9me. Presk\u00famajte zdroj hluku a okam\u017eite ho odstr\u00e1\u0148te, aby ste predi\u0161li \u010fal\u0161iemu po\u0161kodeniu.<\/li>\n<\/ul>\n<p><img decoding=\"async\" src=\"https:\/\/www.hydraulic-cylinders.net\/wp-content\/uploads\/2025\/04\/songte-bushings-with-all-kinds-of-excavator-models.webp\" alt=\"Rie\u0161enie probl\u00e9mov s hydraulick\u00fdm valcom\"><\/p>\n<h2>Diagnostick\u00e9 tipy a prevent\u00edvne opatrenia<\/h2>\n<p>Aby bolo mo\u017en\u00e9 efekt\u00edvne diagnostikova\u0165 probl\u00e9my s valcom v\u00fdlo\u017en\u00edka, oper\u00e1tori by si mali vies\u0165 podrobn\u00e9 z\u00e1znamy o v\u00fdkone a \u00fadr\u017ebe. Pravideln\u00e9 monitorovanie prev\u00e1dzkov\u00fdch parametrov valca m\u00f4\u017ee pom\u00f4c\u0165 identifikova\u0165 trendy, ktor\u00e9 m\u00f4\u017eu nazna\u010dova\u0165 vznikaj\u00face probl\u00e9my. Prevent\u00edvne opatrenia, ako je v\u010dasn\u00e1 \u00fadr\u017eba a rie\u0161enie men\u0161\u00edch probl\u00e9mov sk\u00f4r, ako sa stup\u0148ovaj\u00fa, s\u00fa k\u013e\u00fa\u010dov\u00e9 pre skr\u00e1tenie prestojov a pred\u013a\u017eenie \u017eivotnosti hydraulick\u00e9ho valca.<\/p>\n<h2>O na\u0161ej spolo\u010dnosti<\/h2>\n<p>Sme popredn\u00fdm v\u00fdrobcom n\u00e1hradn\u00fdch hydraulick\u00fdch valcov a pon\u00fakame \u0161irok\u00fa \u0161k\u00e1lu produktov, ktor\u00e9 uspokoja dom\u00e1ci aj medzin\u00e1rodn\u00fd trh. N\u00e1\u0161 z\u00e1v\u00e4zok k excelentnosti sa odr\u00e1\u017ea v na\u0161ej prec\u00edznej v\u00fdrobnej dielni a strat\u00e9gi\u00e1ch riadenia priemyselnej v\u00fdroby. Vyu\u017e\u00edvame na\u0161e technick\u00e9 znalosti, modern\u00e9 v\u00fdrobn\u00e9 zariadenia a profesion\u00e1lne testovacie syst\u00e9my na neust\u00e1le zlep\u0161ovanie na\u0161ich v\u00fdrobn\u00fdch kapac\u00edt. Na\u0161\u00edm cie\u013eom je uspokojova\u0165 rozmanit\u00e9 potreby z\u00e1kazn\u00edkov prostredn\u00edctvom vysokej efektivity, presnosti a kvality, \u010d\u00edm zabezpe\u010dujeme, aby na\u0161e produkty trvalo prekra\u010dovali priemyseln\u00e9 \u0161tandardy.<\/p>\n<p><img decoding=\"async\" src=\"https:\/\/www.hydraulic-cylinders.net\/wp-content\/uploads\/2025\/04\/songte-company-4.webp\" alt=\"Obr\u00e1zok preh\u013eadu spolo\u010dnosti\"><br \/>\n<img decoding=\"async\" src=\"https:\/\/www.hydraulic-cylinders.net\/wp-content\/uploads\/2025\/04\/songte-company-3.webp\" alt=\"Obr\u00e1zok v\u00fdroby spolo\u010dnosti\"><\/p>\n<p>Autor: lyl<\/p>","protected":false},"excerpt":{"rendered":"<p>Boom Cylinder For Sumitomo Middle Excavator SH210LC-5 Product Overview The Boom Cylinder is an essential component designed specifically for the Sumitomo SH210LC-5 excavator. This hydraulic cylinder plays a critical role in controlling the movement of the boom, allowing it to extend, retract, and tilt efficiently. By facilitating the boom&#8217;s motion, this cylinder enables the excavator [&hellip;]<\/p>","protected":false},"featured_media":17870,"comment_status":"open","ping_status":"closed","template":"","meta":{"_et_pb_use_builder":"","_et_pb_old_content":"","_et_gb_content_width":""},"product_brand":[],"product_cat":[1546],"product_tag":[1547,1496],"class_list":{"0":"post-18898","1":"product","2":"type-product","3":"status-publish","4":"has-post-thumbnail","6":"product_cat-boom-cylinders","7":"product_tag-boom-cylinders","8":"product_tag-hydraulic-cylinders","10":"first","11":"instock","12":"shipping-taxable","13":"product-type-simple"},"amp_enabled":true,"_links":{"self":[{"href":"https:\/\/www.hydraulic-cylinders.net\/sk\/wp-json\/wp\/v2\/product\/18898","targetHints":{"allow":["GET"]}}],"collection":[{"href":"https:\/\/www.hydraulic-cylinders.net\/sk\/wp-json\/wp\/v2\/product"}],"about":[{"href":"https:\/\/www.hydraulic-cylinders.net\/sk\/wp-json\/wp\/v2\/types\/product"}],"replies":[{"embeddable":true,"href":"https:\/\/www.hydraulic-cylinders.net\/sk\/wp-json\/wp\/v2\/comments?post=18898"}],"wp:featuredmedia":[{"embeddable":true,"href":"https:\/\/www.hydraulic-cylinders.net\/sk\/wp-json\/wp\/v2\/media\/17870"}],"wp:attachment":[{"href":"https:\/\/www.hydraulic-cylinders.net\/sk\/wp-json\/wp\/v2\/media?parent=18898"}],"wp:term":[{"taxonomy":"product_brand","embeddable":true,"href":"https:\/\/www.hydraulic-cylinders.net\/sk\/wp-json\/wp\/v2\/product_brand?post=18898"},{"taxonomy":"product_cat","embeddable":true,"href":"https:\/\/www.hydraulic-cylinders.net\/sk\/wp-json\/wp\/v2\/product_cat?post=18898"},{"taxonomy":"product_tag","embeddable":true,"href":"https:\/\/www.hydraulic-cylinders.net\/sk\/wp-json\/wp\/v2\/product_tag?post=18898"}],"curies":[{"name":"pracovn\u00fd list","href":"https:\/\/api.w.org\/{rel}","templated":true}]}}