{"id":18907,"date":"2025-04-07T06:01:33","date_gmt":"2025-04-07T06:01:33","guid":{"rendered":"https:\/\/www.hydraulic-cylinders.net\/product\/boom-cylinder-for-sumitomo-large-excavator-sh340\/"},"modified":"2025-04-07T06:01:36","modified_gmt":"2025-04-07T06:01:36","slug":"boom-cylinder-for-sumitomo-large-excavator-sh340","status":"publish","type":"product","link":"https:\/\/www.hydraulic-cylinders.net\/sk\/produkt\/boom-cylinder-for-sumitomo-large-excavator-sh340\/","title":{"rendered":"Valec v\u00fdlo\u017en\u00edka pre ve\u013ek\u00e9 r\u00fdpadlo Sumitomo SH340"},"content":{"rendered":"<h1>Valec v\u00fdlo\u017en\u00edka pre ve\u013ek\u00e9 r\u00fdpadlo Sumitomo SH340<\/h1>\n<h2>Preh\u013ead produktu<\/h2>\n<p>Hydraulick\u00fd valec v\u00fdlo\u017en\u00edka pre ve\u013ek\u00e9 r\u00fdpadlo Sumitomo SH340 je \u0161pecializovan\u00fd hydraulick\u00fd valec ur\u010den\u00fd pre \u0165a\u017ek\u00e9 stroje. Tento valec zohr\u00e1va k\u013e\u00fa\u010dov\u00fa \u00falohu pri riaden\u00ed pohybu v\u00fdlo\u017en\u00edka r\u00fdpadla, \u010do umo\u017e\u0148uje presn\u00e9 zdv\u00edhanie, sp\u00fa\u0161\u0165anie a nakl\u00e1\u0148anie. V podstate umo\u017e\u0148uje efekt\u00edvnu manipul\u00e1ciu s materi\u00e1lom t\u00fdm, \u017ee poh\u00e1\u0148a pohyby ly\u017eice, \u010d\u00edm u\u013eah\u010duje kopanie, nakladanie a prepravu r\u00f4znych materi\u00e1lov.<\/p>\n<p><img decoding=\"async\" src=\"https:\/\/www.hydraulic-cylinders.net\/wp-content\/uploads\/2025\/04\/songte-company-1.webp\" alt=\"Valec v\u00fdlo\u017en\u00edka pre r\u00fdpadl\u00e1\"><\/p>\n<h3>Defin\u00edcia a funkcia<\/h3>\n<p>Hydraulick\u00fd valec ly\u017eice je typ hydraulick\u00e9ho valca, ktor\u00fd sa pou\u017e\u00edva \u0161peci\u00e1lne na ovl\u00e1danie pohybu ly\u017e\u00edc v \u0165a\u017ek\u00fdch strojoch, ako s\u00fa bagre, r\u00fdpadlo-naklada\u010de a \u010deln\u00e9 naklada\u010de. Tento hydraulick\u00fd komponent premie\u0148a hydraulick\u00fd tlak na mechanick\u00fa silu, \u010do umo\u017e\u0148uje obsluhe vykon\u00e1va\u0165 \u00falohy r\u00fdchlo a efekt\u00edvne. Ka\u017ed\u00fd valec ly\u017eice je navrhnut\u00fd tak, aby odolal obrovsk\u00e9mu tlaku generovan\u00e9mu po\u010das prev\u00e1dzky, \u010d\u00edm sa zabezpe\u010duje odolnos\u0165 a spo\u013eahlivos\u0165 v n\u00e1ro\u010dn\u00fdch prostrediach.<\/p>\n<h2>K\u013e\u00fa\u010dov\u00e9 vlastnosti<\/h2>\n<ul>\n<li><strong>Vysok\u00e1 pevnos\u0165 a odolnos\u0165:<\/strong> Tieto valce s\u00fa vyroben\u00e9 z vysokopevnostnej ocele alebo hlin\u00edka, znes\u00fa vysok\u00fd tlak a \u0165a\u017ek\u00e9 za\u0165a\u017eenie, s\u00fa navrhnut\u00e9 tak, aby odolali n\u00e1ro\u010dn\u00fdm pracovn\u00fdm podmienkam a s\u00fa odoln\u00e9 vo\u010di opotrebovaniu a kor\u00f3zii, \u010d\u00edm sa predl\u017euje ich \u017eivotnos\u0165.<\/li>\n<li><strong>Efekt\u00edvna hydraulick\u00e1 prev\u00e1dzka:<\/strong> V\u010faka hydraulick\u00e9mu tlaku oleja pre plynul\u00e9 vys\u00favanie a zas\u00favanie r\u00fdchlo reaguj\u00fa na povely obsluhy a poskytuj\u00fa siln\u00e9 tlakov\u00e9 a \u0165ahov\u00e9 sily, ide\u00e1lne na zvl\u00e1dnutie \u0165a\u017ek\u00fdch a zlo\u017eit\u00fdch \u00faloh.<\/li>\n<li><strong>R\u00f4zne typy:<\/strong> K dispoz\u00edcii s\u00fa jedno\u010dinn\u00e9 (s hydraulick\u00fdm tlakom v jednom smere) alebo dvoj\u010dinn\u00e9 (s hydraulick\u00fdm tlakom v oboch smeroch) konfigur\u00e1cie, niektor\u00e9 modely s\u00fa teleskopick\u00e9, \u010do umo\u017e\u0148uje v\u00e4\u010d\u0161ie vysunutie bez zv\u00e4\u010d\u0161enia vonkaj\u0161\u00edch rozmerov, vhodn\u00e9 pre aplik\u00e1cie s obmedzen\u00fdm priestorom.<\/li>\n<\/ul>\n<p>Na\u0161e produkty dok\u00e1\u017eu dokonale nahradi\u0165 tieto hydraulick\u00e9 valce.<\/p>\n<p><img decoding=\"async\" src=\"https:\/\/www.hydraulic-cylinders.net\/wp-content\/uploads\/2025\/04\/songte-cylinder-head-with-all-kinds-excavator-models.webp\" alt=\"Modely bagrov\"><\/p>\n<h2>Aplik\u00e1cie<\/h2>\n<h3>Stavebn\u00e9 stroje<\/h3>\n<p>V r\u00fdpadl\u00e1ch s\u00fa valce v\u00fdlo\u017en\u00edka nevyhnutn\u00e9 na kopanie, nakladanie a premiest\u0148ovanie zeminy alebo sutiny. Umo\u017e\u0148uj\u00fa ly\u017eici efekt\u00edvne prenika\u0165 do zeme, \u010d\u00edm zabezpe\u010duj\u00fa efekt\u00edvne v\u00fdkopov\u00e9 pr\u00e1ce. Tieto valce tie\u017e pom\u00e1haj\u00fa pri zdv\u00edhan\u00ed a umiest\u0148ovan\u00ed materi\u00e1lov, \u010d\u00edm zvy\u0161uj\u00fa produktivitu na stavenisk\u00e1ch.<\/p>\n<h3>Po\u013enohospod\u00e1rske stroje<\/h3>\n<p>Tieto valce, ktor\u00e9 sa pou\u017e\u00edvaj\u00fa v \u010deln\u00fdch naklada\u010doch, s\u00fa nevyhnutn\u00e9 na naberanie, zdv\u00edhanie a prepravu p\u00f4dy, sena a in\u00fdch materi\u00e1lov. Ich spo\u013eahliv\u00e1 prev\u00e1dzka umo\u017e\u0148uje po\u013enohospod\u00e1rom efekt\u00edvne hospod\u00e1ri\u0165 s materi\u00e1lmi, \u010d\u00edm sa zlep\u0161uje prev\u00e1dzkov\u00e1 efektivita pri po\u013enohospod\u00e1rskych \u00faloh\u00e1ch.<\/p>\n<h3>R\u00fdpadl\u00e1<\/h3>\n<p>V r\u00fdpadl\u00e1ch umo\u017e\u0148uje valec v\u00fdlo\u017en\u00edka zar\u00fdva\u0165 sa do p\u00f4dy, \u010do umo\u017e\u0148uje efekt\u00edvne v\u00fdkopov\u00e9 pr\u00e1ce. T\u00e1to schopnos\u0165 je z\u00e1kladn\u00e1 pre r\u00f4zne \u00falohy, ako je h\u013abenie v\u00fdkopov a pr\u00edprava staveniska, \u010do v\u00fdrazne ovplyv\u0148uje celkov\u00e9 \u010dasov\u00e9 harmonogramy projektu.<\/p>\n<h3>Naklada\u010de<\/h3>\n<p>V \u010deln\u00fdch naklada\u010doch s\u00fa tieto valce k\u013e\u00fa\u010dov\u00e9 pre efekt\u00edvne zdv\u00edhanie a vykladanie bremien. Podopieraj\u00fa \u0161irok\u00fa \u0161k\u00e1lu materi\u00e1lov, od zeminy a\u017e po stavebn\u00fa su\u0165, v\u010faka \u010domu s\u00fa nevyhnutn\u00e9 pri r\u00f4znych nakladac\u00edch oper\u00e1ci\u00e1ch.<\/p>\n<h2>\u00davahy o dizajne a krit\u00e9ri\u00e1 v\u00fdberu<\/h2>\n<h3>Nosnos\u0165<\/h3>\n<p>Je nevyhnutn\u00e9 zabezpe\u010di\u0165, aby valec v\u00fdlo\u017en\u00edka zvl\u00e1dol maxim\u00e1lne za\u0165a\u017eenie, ktor\u00e9mu bude vystaven\u00fd po\u010das prev\u00e1dzky. Spr\u00e1vny v\u00fdber nosnosti zabra\u0148uje mechanick\u00e9mu po\u0161kodeniu, \u010d\u00edm sa zais\u0165uje bezpe\u010dnos\u0165 a prev\u00e1dzkov\u00e1 \u00fa\u010dinnos\u0165. Pre\u0165a\u017eenie m\u00f4\u017ee vies\u0165 k zna\u010dn\u00e9mu po\u0161kodeniu, ovplyvneniu produktivity a n\u00e1kladn\u00fdm oprav\u00e1m.<\/p>\n<h3>Tesniaci v\u00fdkon<\/h3>\n<p>\u00da\u010dinn\u00e9 tesnenie je pre hydraulick\u00e9 valce k\u013e\u00fa\u010dov\u00e9. Vysokokvalitn\u00e9 tesnenia zabra\u0148uj\u00fa \u00faniku hydraulickej kvapaliny, \u010d\u00edm udr\u017eiavaj\u00fa tlak a v\u00fdkon. Pou\u017eitie pokro\u010dil\u00fdch tesniacich materi\u00e1lov, ako je polyuret\u00e1n a nitrilov\u00e1 guma, zvy\u0161uje odolnos\u0165 a minimalizuje po\u017eiadavky na \u00fadr\u017ebu. Pravideln\u00e1 kontrola tesnen\u00ed je nevyhnutn\u00e1 na zabezpe\u010denie dlhej \u017eivotnosti a v\u00fdkonu.<\/p>\n<h3>Trvanlivos\u0165<\/h3>\n<p>Trvanlivos\u0165 je k\u013e\u00fa\u010dov\u00fdm faktorom pri kon\u0161trukcii hydraulick\u00fdch valcov. Musia odol\u00e1va\u0165 n\u00e1ro\u010dn\u00fdm prev\u00e1dzkov\u00fdm podmienkam vr\u00e1tane extr\u00e9mnych tepl\u00f4t a vystavenia ne\u010distot\u00e1m. V\u00fdber materi\u00e1lov, ktor\u00e9 poskytuj\u00fa odolnos\u0165 vo\u010di kor\u00f3zii a opotrebeniu, je nevyhnutn\u00fd pre zabezpe\u010denie dlhej \u017eivotnosti. Dobre navrhnut\u00fd valec bude spo\u013eahlivo fungova\u0165 po\u010das celej svojej \u017eivotnosti, \u010d\u00edm sa v\u00fdrazne skr\u00e1tia prestoje.<\/p>\n<h3>Bezpe\u010dnostn\u00e9 prvky<\/h3>\n<p>Za\u010dlenenie bezpe\u010dnostn\u00fdch prvkov do kon\u0161trukcie valca v\u00fdlo\u017en\u00edka je k\u013e\u00fa\u010dov\u00e9. Patria sem pretlakov\u00e9 ventily, ktor\u00e9 zabra\u0148uj\u00fa pretlaku a zais\u0165uj\u00fa bezpe\u010dn\u00fa prev\u00e1dzku. Implement\u00e1cia bezpe\u010dnostn\u00fdch prvkov nielen chr\u00e1ni zariadenie, ale zais\u0165uje aj bezpe\u010dnos\u0165 obsluhy a okolit\u00fdch pracovn\u00edkov na mieste.<\/p>\n<h3>Pou\u017eite\u013enos\u0165<\/h3>\n<p>Navrhovanie pre jednoduch\u00fa \u00fadr\u017ebu je nevyhnutn\u00e9. Valec, ktor\u00fd sa d\u00e1 \u013eahko rozobra\u0165 na kontrolu a opravu, z dlhodob\u00e9ho h\u013eadiska u\u0161etr\u00ed \u010das a n\u00e1klady. Funkcie, ako s\u00fa vymenite\u013en\u00e9 tesnenia a \u013eahk\u00fd pr\u00edstup k vn\u00fatorn\u00fdm komponentom, zvy\u0161uj\u00fa prev\u00e1dzkyschopnos\u0165 hydraulick\u00fdch valcov, v\u010faka \u010domu je pravideln\u00e1 \u00fadr\u017eba jednoduch\u00e1 a efekt\u00edvna.<\/p>\n<p><img decoding=\"async\" src=\"https:\/\/www.hydraulic-cylinders.net\/wp-content\/uploads\/2025\/04\/songte-oil-pipes-and-spare-parts.webp\" alt=\"Hydraulick\u00e9 diely\"><\/p>\n<h2>Tesnenie a mazanie<\/h2>\n<p>\u00da\u010dinn\u00e9 tesnenie a mazanie s\u00fa k\u013e\u00fa\u010dov\u00e9 pre optim\u00e1lne fungovanie hydraulick\u00fdch valcov. Na zabr\u00e1nenie \u00faniku hydraulickej kvapaliny sa pou\u017e\u00edvaj\u00fa r\u00f4zne tesniace prvky, ako s\u00fa tesnenia piestov a tesnenia ty\u010d\u00ed. V\u00fdber odoln\u00fdch materi\u00e1lov, ako je polyuret\u00e1n a nitrilov\u00fd kau\u010duk, zvy\u0161uje odolnos\u0165 proti opotrebovaniu. Okrem toho teleso valca a z\u00e1vitov\u00e9 koncov\u00e9 plochy prech\u00e1dzaj\u00fa jemn\u00fdmi procesmi \u00fapravy, aby sa zv\u00fd\u0161ila odolnos\u0165. Pravideln\u00e9 mazanie hydraulick\u00fdm olejom je nevyhnutn\u00e9 na minimaliz\u00e1ciu trenia a opotrebenia, \u010d\u00edm sa zabezpe\u010d\u00ed plynul\u00fd chod a pred\u013a\u017ei \u017eivotnos\u0165 valca.<\/p>\n<h2>Pravideln\u00e1 kontrola a prevent\u00edvna \u00fadr\u017eba<\/h2>\n<ul>\n<li><strong>Rutinn\u00e1 kontrola:<\/strong> Pravideln\u00e9 kontroly pom\u00e1haj\u00fa identifikova\u0165 potenci\u00e1lne probl\u00e9my sk\u00f4r, ako sa zhor\u0161ia. Kontrolou tesnen\u00ed, had\u00edc a spojov m\u00f4\u017eete zabezpe\u010di\u0165, aby sa ak\u00e9ko\u013evek opotrebenie okam\u017eite vyrie\u0161ilo.<\/li>\n<li><strong>Spr\u00e1vne mazanie:<\/strong> Udr\u017eiavanie spr\u00e1vnej hladiny hydraulick\u00e9ho oleja je nevyhnutn\u00e9 pre dlh\u00fa \u017eivotnos\u0165 valca. Napl\u00e1nujte si pravideln\u00e9 mazanie, aby ste predi\u0161li prehriatiu a opotrebovaniu.<\/li>\n<li><strong>V\u00fdmena tesnenia:<\/strong> Pravidelne kontrolujte tesnenia a pod\u013ea potreby ich vymie\u0148ajte. Opotrebovan\u00e9 tesnenia m\u00f4\u017eu vies\u0165 k \u00fanikom a zn\u00ed\u017eeniu v\u00fdkonu, preto je k\u013e\u00fa\u010dov\u00e1 ich proakt\u00edvna v\u00fdmena.<\/li>\n<\/ul>\n<h2>In\u0161tala\u010dn\u00e1 pr\u00edru\u010dka<\/h2>\n<p>Pre zabezpe\u010denie spr\u00e1vnej in\u0161tal\u00e1cie valca ramena postupujte pod\u013ea t\u00fdchto pokynov:<br \/>\n1. Za\u010dnite t\u00fdm, \u017ee sa uist\u00edte, \u017ee valec a mont\u00e1\u017ene konzoly s\u00fa spr\u00e1vne zarovnan\u00e9. Nespr\u00e1vne zarovnanie m\u00f4\u017ee vies\u0165 k pred\u010dasn\u00e9mu opotrebovaniu a poruche.<br \/>\n2. Na pevn\u00e9 upevnenie valca pou\u017eite vhodn\u00e9 mont\u00e1\u017ene konzoly. T\u00e1to stabilita je k\u013e\u00fa\u010dov\u00e1 pre bezpe\u010dn\u00fa prev\u00e1dzku.<br \/>\n3. Hydraulick\u00e9 potrubia ve\u010fte opatrne, aby ste sa vyhli ostr\u00fdm ohybom alebo zlomom, ktor\u00e9 m\u00f4\u017eu obmedzi\u0165 prietok kvapaliny a sp\u00f4sobi\u0165 po\u0161kodenie.<br \/>\n4. Po in\u0161tal\u00e1cii vykonajte d\u00f4kladn\u00fa kontrolu a otestujte hydraulick\u00fd syst\u00e9m, aby ste sa uistili, \u017ee nedoch\u00e1dza k \u00fanikom a \u017ee valec funguje hladko.<br \/>\n5. Dodr\u017eiavajte pokyny v\u00fdrobcu t\u00fdkaj\u00face sa nastavenia kr\u00fatiaceho momentu na v\u0161etk\u00fdch skrutk\u00e1ch a spojovac\u00edch prvkoch, aby ste zabezpe\u010dili bezpe\u010dn\u00e9 spojenia.<\/p>\n<p><img decoding=\"async\" src=\"https:\/\/www.hydraulic-cylinders.net\/wp-content\/uploads\/2025\/04\/songte-chushion-collar.webp\" alt=\"Vank\u00fa\u0161ov\u00fd golier\"><\/p>\n<h2>\u00dalohy \u00fadr\u017eby<\/h2>\n<h3>Pravideln\u00e9 kontroly<\/h3>\n<p>Vykon\u00e1vajte pravideln\u00e9 kontroly valca ramena, aby ste identifikovali ak\u00e9ko\u013evek zn\u00e1mky opotrebovania alebo potenci\u00e1lne probl\u00e9my. Toto prevent\u00edvne opatrenie pom\u00e1ha v\u010das odhali\u0165 probl\u00e9my, \u010d\u00edm sa zabezpe\u010d\u00ed, \u017ee valec zostane funk\u010dn\u00fd, a zn\u00ed\u017ei sa riziko poruchy po\u010das kritick\u00fdch \u00faloh.<\/p>\n<h3>Spr\u00e1vne mazanie<\/h3>\n<p>Udr\u017eiavanie spr\u00e1vnej hladiny mazania je nevyhnutn\u00e9 pre spr\u00e1vnu funkciu hydraulick\u00fdch valcov. Pravidelne kontrolujte hladiny kvapal\u00edn a pod\u013ea potreby dop\u013a\u0148ajte hydraulick\u00fd olej, aby ste zabezpe\u010dili plynul\u00fd chod a minimalizovali opotrebovanie vn\u00fatorn\u00fdch komponentov.<\/p>\n<h3>V\u00fdmena tesnenia<\/h3>\n<p>Tesnenia sa \u010dasom m\u00f4\u017eu degradova\u0165 v d\u00f4sledku vystavenia hydraulick\u00fdm kvapalin\u00e1m a environment\u00e1lnym faktorom. Pravidelne kontrolujte tesnenia a vyme\u0148te ich, ke\u010f sa objavia zn\u00e1mky opotrebovania. T\u00e1to proakt\u00edvna \u00fadr\u017eba pom\u00e1ha predch\u00e1dza\u0165 \u00fanikom a zais\u0165uje efekt\u00edvnu prev\u00e1dzku valca.<\/p>\n<h2>Bezpe\u010dnostn\u00e9 aspekty a faktory prostredia<\/h2>\n<p>Pri pr\u00e1ci s hydraulick\u00fdmi valcami je implement\u00e1cia bezpe\u010dnostn\u00fdch opatren\u00ed k\u013e\u00fa\u010dov\u00e1. Obsluha mus\u00ed by\u0165 vy\u0161kolen\u00e1, aby rozpoznala pr\u00edznaky poruchy valca a pochopila fungovanie hydraulick\u00e9ho syst\u00e9mu. Mali by sa nosi\u0165 vhodn\u00e9 bezpe\u010dnostn\u00e9 vybavenie a mali by sa jasne stanovi\u0165 n\u00fadzov\u00e9 postupy. Okrem toho je nevyhnutn\u00e9 pochopi\u0165 vplyv hydraulick\u00fdch kvapal\u00edn na \u017eivotn\u00e9 prostredie, \u010do si vy\u017eaduje spr\u00e1vne postupy likvid\u00e1cie a riadenia na ochranu okolit\u00fdch ekosyst\u00e9mov.<\/p>\n<h2>Rie\u0161enie probl\u00e9mov a be\u017en\u00e9 probl\u00e9my<\/h2>\n<ul>\n<li><strong>\u00danik:<\/strong> Ak sa zistia netesnosti, skontrolujte tesnenia a spoje. Opotrebovan\u00e9 tesnenia by sa mali vymeni\u0165 a spoje by sa mali dotiahnu\u0165, aby sa zabr\u00e1nilo \u00faniku kvapaliny.<\/li>\n<li><strong>Zn\u00ed\u017een\u00fd v\u00fdkon:<\/strong> Ak valec nefunguje spr\u00e1vne, skontrolujte, \u010di nie s\u00fa hydraulick\u00e9 potrubia upchat\u00e9 alebo \u010di nie je n\u00edzka hladina kvapaliny. Zabezpe\u010denie spr\u00e1vneho mazania m\u00f4\u017ee tie\u017e vyrie\u0161i\u0165 probl\u00e9my s v\u00fdkonom.<\/li>\n<li><strong>Neo\u010dak\u00e1van\u00e9 zvuky:<\/strong> Ak\u00e9ko\u013evek nezvy\u010dajn\u00e9 zvuky po\u010das prev\u00e1dzky m\u00f4\u017eu nazna\u010dova\u0165 vn\u00fatorn\u00e9 po\u0161kodenie. V tak\u00fdchto pr\u00edpadoch je potrebn\u00e1 d\u00f4kladn\u00e1 kontrola na pos\u00fadenie stavu valca.<\/li>\n<\/ul>\n<h2>Tipy na rie\u0161enie probl\u00e9mov<\/h2>\n<p>Pre efekt\u00edvne rie\u0161enie probl\u00e9mov si ve\u010fte z\u00e1znamy o v\u0161etk\u00fdch probl\u00e9moch a ich rie\u0161eniach, aby ste v priebehu \u010dasu identifikovali ich vzorce. Pravidelne vzdel\u00e1vajte oper\u00e1torov o be\u017en\u00fdch pr\u00edznakoch por\u00fach a povzbudzujte ich k okam\u017eit\u00e9mu hl\u00e1seniu ak\u00fdchko\u013evek nezrovnalost\u00ed. Tento proakt\u00edvny pr\u00edstup minimalizuje potenci\u00e1lne probl\u00e9my a zabezpe\u010duje efekt\u00edvnu prev\u00e1dzku.<\/p>\n<p><img decoding=\"async\" src=\"https:\/\/www.hydraulic-cylinders.net\/wp-content\/uploads\/2025\/04\/songte-bushings-with-all-kinds-of-excavator-models.webp\" alt=\"Puzdr\u00e1 bagerov\"><\/p>\n<h2>Preh\u013ead spolo\u010dnosti<\/h2>\n<p>Sme v\u00fdrobcovia n\u00e1hradn\u00fdch hydraulick\u00fdch valcov, pon\u00fakame \u0161irok\u00fd sortiment produktov a st\u00e1vame sa jedn\u00fdm z popredn\u00fdch v\u00fdrobcov a ve\u013ekoobchodn\u00fdch distrib\u00fatorov na dom\u00e1com aj medzin\u00e1rodnom trhu. Dodr\u017eiavame vynikaj\u00facu kvalitu a implementujeme prepracovan\u00fa strat\u00e9giu v\u00fdrobnej dielne. Na\u0161a spolo\u010dnos\u0165 neust\u00e1le vylep\u0161uje svoju v\u00fdrobn\u00fa platformu vyu\u017e\u00edvan\u00edm kvalifikovan\u00fdch pracovn\u00edkov, \u0161pi\u010dkov\u00fdch digit\u00e1lnych v\u00fdrobn\u00fdch zariaden\u00ed a profesion\u00e1lnych testovac\u00edch syst\u00e9mov. Vybudovali sme si siln\u00fa inova\u010dn\u00fa kapacitu a uspokojujeme rozmanit\u00e9 potreby z\u00e1kazn\u00edkov s vysokou efektivitou, presnos\u0165ou a kvalitou.<\/p>\n<p><img decoding=\"async\" src=\"https:\/\/www.hydraulic-cylinders.net\/wp-content\/uploads\/2025\/04\/songte-company-4.webp\" alt=\"Preh\u013ead spolo\u010dnosti\"><br \/>\n<img decoding=\"async\" src=\"https:\/\/www.hydraulic-cylinders.net\/wp-content\/uploads\/2025\/04\/songte-company-3.webp\" alt=\"V\u00fdroba spolo\u010dnosti\"><\/p>\n<p>Na\u0161a spolo\u010dnos\u0165 kladie d\u00f4raz na profesionalitu, medzin\u00e1rodn\u00e9 certifik\u00e1cie, prisp\u00f4soben\u00e9 slu\u017eby, modern\u00e9 v\u00fdrobn\u00e9 zariadenia a komplexn\u00e9 popredajn\u00e9 slu\u017eby s cie\u013eom zabezpe\u010di\u0165 spokojnos\u0165 z\u00e1kazn\u00edkov a spo\u013eahlivos\u0165 produktov.<\/p>\n<p>Autor: lyl<\/p>","protected":false},"excerpt":{"rendered":"<p>Boom Cylinder For Sumitomo Large Excavator SH340 Product Overview The Boom Cylinder for Sumitomo Large Excavator SH340 is a specialized hydraulic cylinder designed for heavy-duty machinery. This cylinder plays a crucial role in controlling the movement of the excavator&#8217;s boom, allowing for precise lifting, lowering, and tilting actions. Essentially, it enables efficient material handling tasks [&hellip;]<\/p>","protected":false},"featured_media":17879,"comment_status":"open","ping_status":"closed","template":"","meta":{"_et_pb_use_builder":"","_et_pb_old_content":"","_et_gb_content_width":""},"product_brand":[],"product_cat":[1546],"product_tag":[1547,1496],"class_list":{"0":"post-18907","1":"product","2":"type-product","3":"status-publish","4":"has-post-thumbnail","6":"product_cat-boom-cylinders","7":"product_tag-boom-cylinders","8":"product_tag-hydraulic-cylinders","10":"first","11":"instock","12":"shipping-taxable","13":"product-type-simple"},"amp_enabled":true,"_links":{"self":[{"href":"https:\/\/www.hydraulic-cylinders.net\/sk\/wp-json\/wp\/v2\/product\/18907","targetHints":{"allow":["GET"]}}],"collection":[{"href":"https:\/\/www.hydraulic-cylinders.net\/sk\/wp-json\/wp\/v2\/product"}],"about":[{"href":"https:\/\/www.hydraulic-cylinders.net\/sk\/wp-json\/wp\/v2\/types\/product"}],"replies":[{"embeddable":true,"href":"https:\/\/www.hydraulic-cylinders.net\/sk\/wp-json\/wp\/v2\/comments?post=18907"}],"wp:featuredmedia":[{"embeddable":true,"href":"https:\/\/www.hydraulic-cylinders.net\/sk\/wp-json\/wp\/v2\/media\/17879"}],"wp:attachment":[{"href":"https:\/\/www.hydraulic-cylinders.net\/sk\/wp-json\/wp\/v2\/media?parent=18907"}],"wp:term":[{"taxonomy":"product_brand","embeddable":true,"href":"https:\/\/www.hydraulic-cylinders.net\/sk\/wp-json\/wp\/v2\/product_brand?post=18907"},{"taxonomy":"product_cat","embeddable":true,"href":"https:\/\/www.hydraulic-cylinders.net\/sk\/wp-json\/wp\/v2\/product_cat?post=18907"},{"taxonomy":"product_tag","embeddable":true,"href":"https:\/\/www.hydraulic-cylinders.net\/sk\/wp-json\/wp\/v2\/product_tag?post=18907"}],"curies":[{"name":"pracovn\u00fd list","href":"https:\/\/api.w.org\/{rel}","templated":true}]}}