{"id":18918,"date":"2025-04-07T06:02:13","date_gmt":"2025-04-07T06:02:13","guid":{"rendered":"https:\/\/www.hydraulic-cylinders.net\/product\/boom-cylinder-for-caterpillar-small-excavator-e70-70b\/"},"modified":"2025-04-07T06:02:16","modified_gmt":"2025-04-07T06:02:16","slug":"boom-cylinder-for-caterpillar-small-excavator-e70-70b","status":"publish","type":"product","link":"https:\/\/www.hydraulic-cylinders.net\/sk\/produkt\/boom-cylinder-for-caterpillar-small-excavator-e70-70b\/","title":{"rendered":"Valec v\u00fdlo\u017en\u00edka pre mal\u00e9 r\u00fdpadlo Caterpillar E70\/70B"},"content":{"rendered":"<h1>Valec v\u00fdlo\u017en\u00edka pre mal\u00e9 r\u00fdpadlo Caterpillar E70\/70B<\/h1>\n<h2>\u00davod do valcov v\u00fdlo\u017en\u00edka<\/h2>\n<p>Hydraulick\u00fd valec v\u00fdlo\u017en\u00edka je \u0161pecializovan\u00fd hydraulick\u00fd valec pou\u017e\u00edvan\u00fd v r\u00f4znych \u0165a\u017ek\u00fdch strojoch na ovl\u00e1danie pohybu ly\u017eice vr\u00e1tane r\u00fdpadiel, r\u00fdpadiel-naklada\u010dov a \u010deln\u00fdch naklada\u010dov. Tento hydraulick\u00fd komponent umo\u017e\u0148uje zdv\u00edhanie, sp\u00fa\u0161\u0165anie a nakl\u00e1\u0148anie ly\u017eice, \u010do u\u013eah\u010duje manipul\u00e1ciu s materi\u00e1lom s presnos\u0165ou a \u00fa\u010dinnos\u0165ou. V hydraulick\u00fdch syst\u00e9moch s\u00fa valce v\u00fdlo\u017en\u00edka z\u00e1kladn\u00fdmi komponentmi, ktor\u00e9 premie\u0148aj\u00fa hydraulick\u00fa energiu na mechanick\u00fd pohyb a poskytuj\u00fa potrebn\u00fa silu a ovl\u00e1danie pre r\u00f4zne kopacie a zdv\u00edhacie oper\u00e1cie.<\/p>\n<p><img decoding=\"async\" src=\"https:\/\/www.hydraulic-cylinders.net\/wp-content\/uploads\/2025\/04\/songte-company-1.webp\" alt=\"Obr\u00e1zok valca v\u00fdlo\u017en\u00edka\" \/><\/p>\n<h3>K\u013e\u00fa\u010dov\u00e9 vlastnosti valca v\u00fdlo\u017en\u00edka<\/h3>\n<ul>\n<li><strong>Vysok\u00e1 pevnos\u0165 a odolnos\u0165:<\/strong> Tieto valce s\u00fa vyroben\u00e9 z vysokopevnostnej ocele alebo hlin\u00edka a s\u00fa navrhnut\u00e9 tak, aby odolali vysok\u00e9mu tlaku a \u0165a\u017ek\u00e9mu za\u0165a\u017eeniu, v\u010faka \u010domu s\u00fa vhodn\u00e9 do n\u00e1ro\u010dn\u00fdch pracovn\u00fdch prostred\u00ed.<\/li>\n<li><strong>Efekt\u00edvna hydraulick\u00e1 prev\u00e1dzka:<\/strong> Valec v\u00fdlo\u017en\u00edka vyu\u017e\u00edva hydraulick\u00fd tlak oleja na plynul\u00e9 vys\u00favanie a zas\u00favanie, \u010do umo\u017e\u0148uje r\u00fdchlu reakciu na povely oper\u00e1tora a poskytuje siln\u00fa tla\u010dn\u00fa a \u0165a\u017en\u00fa silu.<\/li>\n<li><strong>R\u00f4zne typy:<\/strong> Dostupn\u00e9 v jedno\u010dinnom (funguje jedn\u00fdm smerom) alebo dvoj\u010dinnom (funguje v oboch smeroch) preveden\u00ed, pri\u010dom niektor\u00e9 modely s\u00fa teleskopick\u00e9, \u010do umo\u017e\u0148uje v\u00e4\u010d\u0161ie vysunutie bez zv\u00e4\u010d\u0161enia vonkaj\u0161\u00edch rozmerov, ide\u00e1lne pre stiesnen\u00e9 aplik\u00e1cie.<\/li>\n<\/ul>\n<h2>Aplik\u00e1cie valca v\u00fdlo\u017en\u00edka<\/h2>\n<h3>Stavebn\u00e9 stroje<\/h3>\n<p>V r\u00fdpadl\u00e1ch s\u00fa valce v\u00fdlo\u017en\u00edka k\u013e\u00fa\u010dov\u00e9 pre kopanie, nakladanie a premiest\u0148ovanie zeminy alebo sutiny. Efekt\u00edvna prev\u00e1dzka v\u00fdlo\u017en\u00edka umo\u017e\u0148uje obsluhe vykon\u00e1va\u0165 presn\u00e9 pohyby, \u010d\u00edm sa v\u00fdkopov\u00e9 pr\u00e1ce zr\u00fdch\u013euj\u00fa a zefekt\u00edv\u0148uj\u00fa. V r\u00fdpadlo-naklada\u010doch valec v\u00fdlo\u017en\u00edka pom\u00e1ha pri kopan\u00ed aj zdv\u00edhan\u00ed, \u010d\u00edm zvy\u0161uje celkov\u00fa produktivitu.<\/p>\n<h3>Po\u013enohospod\u00e1rske stroje<\/h3>\n<p>\u010celn\u00e9 naklada\u010de vyu\u017e\u00edvaj\u00fa valce v\u00fdlo\u017en\u00edka na naberanie, zdv\u00edhanie a prepravu p\u00f4dy, sena a in\u00fdch materi\u00e1lov. Spo\u013eahliv\u00e1 funkcia valca v\u00fdlo\u017en\u00edka umo\u017e\u0148uje bezprobl\u00e9mov\u00fa prev\u00e1dzku a zabezpe\u010duje r\u00fdchle a efekt\u00edvne vykon\u00e1vanie po\u013enohospod\u00e1rskych \u00faloh, \u010do je nevyhnutn\u00e9 po\u010das sez\u00f3ny v\u00fdsadby a zberu \u00farody.<\/p>\n<h3>R\u00fdpadl\u00e1<\/h3>\n<p>V r\u00fdpadl\u00e1ch umo\u017e\u0148uje valec v\u00fdlo\u017en\u00edka efekt\u00edvne prenikanie ly\u017eice do p\u00f4dy, \u010d\u00edm sa zefekt\u00edv\u0148uje proces kopania a zni\u017euje sa \u00fanava strojov. T\u00e1to schopnos\u0165 je nevyhnutn\u00e1 pre r\u00f4zne aplik\u00e1cie vr\u00e1tane ter\u00e9nnych \u00faprav, nivel\u00e1cie a pr\u00edpravy staveniska.<\/p>\n<h3>Naklada\u010de<\/h3>\n<p>V \u010deln\u00fdch naklada\u010doch prispievaj\u00fa valce v\u00fdlo\u017en\u00edka k efekt\u00edvnemu zdv\u00edhaniu a vykladaniu bremien. V\u00fdkonn\u00fd hydraulick\u00fd \u00fa\u010dinok umo\u017e\u0148uje obsluhe \u013eahko manipulova\u0165 s \u0165a\u017ek\u00fdmi materi\u00e1lmi, v\u010faka \u010domu s\u00fa naklada\u010de nevyhnutn\u00e9 v stavebn\u00edctve a manipul\u00e1cii s materi\u00e1lom.<\/p>\n<h2>\u00davahy o dizajne a krit\u00e9ri\u00e1 v\u00fdberu<\/h2>\n<h3>Nosnos\u0165<\/h3>\n<p>Pri v\u00fdbere valca v\u00fdlo\u017en\u00edka je nevyhnutn\u00e9 pochopi\u0165 jeho nosnos\u0165. Valec mus\u00ed by\u0165 schopn\u00fd zvl\u00e1dnu\u0165 maxim\u00e1lne za\u0165a\u017eenie bez kompromisov v oblasti v\u00fdkonu alebo bezpe\u010dnosti. V\u00fdrobcovia zvy\u010dajne uv\u00e1dzaj\u00fa \u0161pecifik\u00e1cie s uveden\u00edm bezpe\u010dn\u00fdch limitov pracovn\u00e9ho za\u0165a\u017eenia.<\/p>\n<h3>Tesnenie a trvanlivos\u0165<\/h3>\n<p>\u00da\u010dinn\u00e9 tesnenie je k\u013e\u00fa\u010dov\u00e9 pre zabr\u00e1nenie \u00faniku hydraulickej kvapaliny a udr\u017eanie \u00fa\u010dinnosti syst\u00e9mu. Vysokokvalitn\u00e9 tesnenia vyroben\u00e9 z odoln\u00fdch materi\u00e1lov zabezpe\u010duj\u00fa dlhotrvaj\u00faci v\u00fdkon a zni\u017euj\u00fa potrebu \u00fadr\u017eby. Kon\u0161trukcia by mala obsahova\u0165 prvky, ktor\u00e9 zvy\u0161uj\u00fa odolnos\u0165 a odolnos\u0165 vo\u010di opotrebovaniu.<\/p>\n<h3>Bezpe\u010dnos\u0165 a \u00fadr\u017eba<\/h3>\n<p>Bezpe\u010dnos\u0165 je pri kon\u0161trukcii valcov ramena k\u013e\u00fa\u010dov\u00fdm faktorom. Nevyhnutn\u00e9 s\u00fa prvky, ako je robustn\u00e1 kon\u0161trukcia, bezpe\u010dnostn\u00e9 prvky a jednoduch\u00fd pr\u00edstup pri \u00fadr\u017eb\u00e1rskych kontrol\u00e1ch. Mali by sa zavies\u0165 pravideln\u00e9 protokoly \u00fadr\u017eby, aby sa zabezpe\u010dila bezpe\u010dn\u00e1 a efekt\u00edvna prev\u00e1dzka valca po\u010das celej jeho \u017eivotnosti.<\/p>\n<p><img decoding=\"async\" src=\"https:\/\/www.hydraulic-cylinders.net\/wp-content\/uploads\/2025\/04\/songte-oil-pipes-and-spare-parts.webp\" alt=\"Olejov\u00e9 potrubia a n\u00e1hradn\u00e9 diely\" \/><\/p>\n<h2>Tesnenie a mazanie<\/h2>\n<p>Spr\u00e1vne tesnenie a mazanie s\u00fa z\u00e1kladom funk\u010dnosti valcov v\u00fdlo\u017en\u00edka. R\u00f4zne tesniace komponenty, ako s\u00fa tesnenia piestov a tesnenia ty\u010d\u00ed, by mali by\u0165 vyroben\u00e9 z materi\u00e1lov odoln\u00fdch vo\u010di opotrebovaniu, ako je polyuret\u00e1n a nitrilov\u00fd kau\u010duk. Teleso valca a z\u00e1vitov\u00e9 konce musia by\u0165 jemne opracovan\u00e9, aby sa zv\u00fd\u0161ila odolnos\u0165 vo\u010di opotrebovaniu. Pravideln\u00e9 mazanie hydraulick\u00fdm olejom je nevyhnutn\u00e9 na minimaliz\u00e1ciu trenia a opotrebenia, zabezpe\u010denie plynul\u00e9ho chodu a pred\u013a\u017eenie \u017eivotnosti valca.<\/p>\n<h2>Opatrenia prevent\u00edvnej \u00fadr\u017eby<\/h2>\n<ul>\n<li><strong>Pravideln\u00e9 kontroly:<\/strong> Napl\u00e1nujte si pravideln\u00e9 kontroly, aby ste v\u010das odhalili opotrebovanie. Skontrolujte tesnenia, hadice a spoje, \u010di nevykazuj\u00fa zn\u00e1mky po\u0161kodenia.<\/li>\n<li><strong>Mazacie pl\u00e1ny:<\/strong> Zave\u010fte v\u010dasn\u00fd postup mazania, aby ste zabezpe\u010dili dostato\u010dn\u00e9 mno\u017estvo oleja pre v\u0161etky pohybliv\u00e9 \u010dasti a zn\u00ed\u017eili tak riziko poruchy.<\/li>\n<li><strong>V\u00fdmena tesnenia:<\/strong> Pod\u013ea potreby vyme\u0148te tesnenia, aby ste predi\u0161li \u00fanikom a udr\u017eali tlakov\u00fa integritu hydraulick\u00e9ho syst\u00e9mu.<\/li>\n<\/ul>\n<h2>Pokyny na in\u0161tal\u00e1ciu<\/h2>\n<p>Spr\u00e1vna in\u0161tal\u00e1cia valca v\u00fdlo\u017en\u00edka je nevyhnutn\u00e1 pre optim\u00e1lny v\u00fdkon. Za\u010dnite t\u00fdm, \u017ee sa uist\u00edte, \u017ee v\u0161etky komponenty s\u00fa \u010dist\u00e9 a bez ne\u010dist\u00f4t. Valec presne zarovnajte, aby ste predi\u0161li nadmern\u00e9mu nam\u00e1haniu hydraulick\u00e9ho syst\u00e9mu. Na upevnenie valca pou\u017eite vhodn\u00e9 mont\u00e1\u017ene konzoly. Uistite sa, \u017ee hydraulick\u00e9 potrubia s\u00fa spr\u00e1vne pripojen\u00e9 a po in\u0161tal\u00e1cii skontrolujte, \u010di nedoch\u00e1dza k netesnostiam. Pre zaistenie spo\u013eahlivosti a bezpe\u010dnosti dodr\u017eiavajte pokyny v\u00fdrobcu t\u00fdkaj\u00face sa \u0161pecifik\u00e1ci\u00ed kr\u00fatiaceho momentu a postupov mont\u00e1\u017ee.<\/p>\n<h2>\u00dalohy \u00fadr\u017eby<\/h2>\n<ul>\n<li><strong>Pravideln\u00e9 kontroly:<\/strong> Vykon\u00e1vanie \u010dast\u00fdch kontrol pom\u00e1ha identifikova\u0165 potenci\u00e1lne probl\u00e9my sk\u00f4r, ako sa vyhrotia. H\u013eadajte opotrebovanie tesnen\u00ed, had\u00edc a pr\u00edslu\u0161enstva a ihne\u010f ich rie\u0161te.<\/li>\n<li><strong>Spr\u00e1vne mazanie:<\/strong> Udr\u017eiavanie spr\u00e1vnej hladiny mazania je k\u013e\u00fa\u010dov\u00e9 pre dlh\u00fa \u017eivotnos\u0165 valca. Pou\u017e\u00edvajte spr\u00e1vny typ hydraulick\u00e9ho oleja a uistite sa, \u017ee neobsahuje ne\u010distoty.<\/li>\n<li><strong>V\u00fdmena tesnenia a kontroly kalibr\u00e1cie:<\/strong> Pravidelne vymie\u0148ajte opotrebovan\u00e9 tesnenia, aby ste udr\u017eali optim\u00e1lny v\u00fdkon. Kalibra\u010dn\u00e9 kontroly zabezpe\u010duj\u00fa, \u017ee valec pracuje v r\u00e1mci stanoven\u00fdch limitov, \u010d\u00edm sa zvy\u0161uje bezpe\u010dnos\u0165 a \u00fa\u010dinnos\u0165.<\/li>\n<\/ul>\n<p><img decoding=\"async\" src=\"https:\/\/www.hydraulic-cylinders.net\/wp-content\/uploads\/2025\/04\/songte-chushion-collar.webp\" alt=\"Vank\u00fa\u0161ov\u00fd golier\" \/><\/p>\n<h2>Bezpe\u010dnostn\u00e9 a environment\u00e1lne aspekty<\/h2>\n<p>Zavedenie bezpe\u010dnostn\u00fdch opatren\u00ed po\u010das prev\u00e1dzky valcov ramena je mimoriadne d\u00f4le\u017eit\u00e9. Obsluha by mala by\u0165 vy\u0161kolen\u00e1 v rozpoznan\u00ed potenci\u00e1lnych nebezpe\u010denstiev a dodr\u017eiavan\u00ed bezpe\u010dnostn\u00fdch protokolov, aby sa predi\u0161lo nehod\u00e1m. Medzi environment\u00e1lne aspekty patr\u00ed zabezpe\u010denie spr\u00e1vnej manipul\u00e1cie s hydraulick\u00fdmi kvapalinami a ich likvid\u00e1cie, aby sa predi\u0161lo kontamin\u00e1cii.<\/p>\n<h2>Rie\u0161enie probl\u00e9mov a be\u017en\u00e9 probl\u00e9my<\/h2>\n<ul>\n<li><strong>\u00danik:<\/strong> Be\u017en\u00fdm probl\u00e9mom je \u00fanik hydraulickej kvapaliny, ktor\u00fd m\u00f4\u017ee nazna\u010dova\u0165 opotrebovan\u00e9 tesnenia alebo po\u0161koden\u00e9 hadice. Pravideln\u00e9 kontroly m\u00f4\u017eu pom\u00f4c\u0165 odhali\u0165 tieto probl\u00e9my v\u010das.<\/li>\n<li><strong>Pomal\u00e1 doba odozvy:<\/strong> Ak valec reaguje pomaly, skontrolujte, \u010di nie je n\u00edzka hladina hydraulickej kvapaliny alebo \u010di sa v syst\u00e9me nenach\u00e1dza vzduch, \u010do m\u00f4\u017ee vy\u017eadova\u0165 odvzdu\u0161nenie.<\/li>\n<li><strong>Nezvy\u010dajn\u00e9 zvuky:<\/strong> Zvuky ako b\u00fachanie alebo \u0161kr\u00edpanie m\u00f4\u017eu nazna\u010dova\u0165 mechanick\u00e9 probl\u00e9my alebo nedostato\u010dn\u00e9 mazanie; je potrebn\u00e1 okam\u017eit\u00e1 kontrola.<\/li>\n<\/ul>\n<p>Aby sa tieto probl\u00e9my \u00fa\u010dinne diagnostikovali a vyrie\u0161ili, oper\u00e1tori by sa mali poradi\u0165 s n\u00e1vodom na rie\u0161enie probl\u00e9mov od v\u00fdrobcu a dodr\u017eiava\u0165 odpor\u00fa\u010dan\u00e9 prevent\u00edvne opatrenia na minimaliz\u00e1ciu potenci\u00e1lnych probl\u00e9mov.<\/p>\n<p><img decoding=\"async\" src=\"https:\/\/www.hydraulic-cylinders.net\/wp-content\/uploads\/2025\/04\/songte-bushings-with-all-kinds-of-excavator-models.webp\" alt=\"Puzdr\u00e1 pre modely r\u00fdpadiel\" \/><\/p>\n<h2>O na\u0161ej spolo\u010dnosti<\/h2>\n<p>Sme popredn\u00fdm v\u00fdrobcom hydraulick\u00fdch valcov, \u0161pecializuj\u00facim sa na v\u00fdrobu vysoko kvalitn\u00fdch alternat\u00edv k produktom OEM. V\u010faka komplexn\u00e9mu sortimentu produktov sme sa etablovali ako jeden z popredn\u00fdch v\u00fdrobcov a ve\u013ekoobchodn\u00fdch distrib\u00fatorov na dom\u00e1com aj medzin\u00e1rodnom trhu. Dodr\u017eiavame pr\u00edsne normy kvality a vyu\u017e\u00edvame pokro\u010dil\u00e9 v\u00fdrobn\u00e9 strat\u00e9gie pre dosiahnutie excelentnosti vo v\u00fdrobe. Na\u0161i sk\u00fasen\u00ed technici, \u0161pi\u010dkov\u00e9 digit\u00e1lne v\u00fdrobn\u00e9 zariadenia a profesion\u00e1lne testovacie syst\u00e9my spolo\u010dne neust\u00e1le zdokona\u013euj\u00fa na\u0161u v\u00fdrobn\u00fa platformu. Uprednost\u0148ujeme efekt\u00edvnos\u0165, presnos\u0165 a kvalitu, aby sme splnili rozmanit\u00e9 potreby z\u00e1kazn\u00edkov.<\/p>\n<p><img decoding=\"async\" src=\"https:\/\/www.hydraulic-cylinders.net\/wp-content\/uploads\/2025\/04\/songte-company-4.webp\" alt=\"Preh\u013ead spolo\u010dnosti\" \/><br \/>\n<img decoding=\"async\" src=\"https:\/\/www.hydraulic-cylinders.net\/wp-content\/uploads\/2025\/04\/songte-company-3.webp\" alt=\"V\u00fdrobn\u00e9 zariadenia\" \/><\/p>\n<p>Na\u0161a odbornos\u0165 siaha aj do poskytovania z\u00e1kazkov\u00fdch slu\u017eieb prisp\u00f4soben\u00fdch \u0161pecifick\u00fdm po\u017eiadavk\u00e1m klientov. Sme medzin\u00e1rodne certifikovan\u00ed, \u010do zabezpe\u010duje, \u017ee na\u0161e produkty sp\u013a\u0148aj\u00fa glob\u00e1lne \u0161tandardy. Na\u0161e najmodernej\u0161ie v\u00fdrobn\u00e9 zariadenia a \u0161pecializovan\u00e1 popredajn\u00e1 podpora zaru\u010duj\u00fa, \u017ee na\u0161i z\u00e1kazn\u00edci dostan\u00fa najvy\u0161\u0161iu \u00farove\u0148 slu\u017eieb a spokojnosti s produktmi.<\/p>\n<p>Autor: lyl<\/p>","protected":false},"excerpt":{"rendered":"<p>Boom Cylinder For Caterpillar Small Excavator E70\/70B Introduction to Boom Cylinders The boom cylinder is a specialized hydraulic cylinder used in various heavy machinery to control the movement of the bucket, including excavators, backhoe loaders, and front-end loaders. This hydraulic component allows the bucket to lift, lower, and tilt, facilitating material handling tasks with precision [&hellip;]<\/p>","protected":false},"featured_media":17875,"comment_status":"open","ping_status":"closed","template":"","meta":{"_et_pb_use_builder":"","_et_pb_old_content":"","_et_gb_content_width":""},"product_brand":[],"product_cat":[1546],"product_tag":[1547,1496],"class_list":{"0":"post-18918","1":"product","2":"type-product","3":"status-publish","4":"has-post-thumbnail","6":"product_cat-boom-cylinders","7":"product_tag-boom-cylinders","8":"product_tag-hydraulic-cylinders","10":"first","11":"instock","12":"shipping-taxable","13":"product-type-simple"},"amp_enabled":true,"_links":{"self":[{"href":"https:\/\/www.hydraulic-cylinders.net\/sk\/wp-json\/wp\/v2\/product\/18918","targetHints":{"allow":["GET"]}}],"collection":[{"href":"https:\/\/www.hydraulic-cylinders.net\/sk\/wp-json\/wp\/v2\/product"}],"about":[{"href":"https:\/\/www.hydraulic-cylinders.net\/sk\/wp-json\/wp\/v2\/types\/product"}],"replies":[{"embeddable":true,"href":"https:\/\/www.hydraulic-cylinders.net\/sk\/wp-json\/wp\/v2\/comments?post=18918"}],"wp:featuredmedia":[{"embeddable":true,"href":"https:\/\/www.hydraulic-cylinders.net\/sk\/wp-json\/wp\/v2\/media\/17875"}],"wp:attachment":[{"href":"https:\/\/www.hydraulic-cylinders.net\/sk\/wp-json\/wp\/v2\/media?parent=18918"}],"wp:term":[{"taxonomy":"product_brand","embeddable":true,"href":"https:\/\/www.hydraulic-cylinders.net\/sk\/wp-json\/wp\/v2\/product_brand?post=18918"},{"taxonomy":"product_cat","embeddable":true,"href":"https:\/\/www.hydraulic-cylinders.net\/sk\/wp-json\/wp\/v2\/product_cat?post=18918"},{"taxonomy":"product_tag","embeddable":true,"href":"https:\/\/www.hydraulic-cylinders.net\/sk\/wp-json\/wp\/v2\/product_tag?post=18918"}],"curies":[{"name":"pracovn\u00fd list","href":"https:\/\/api.w.org\/{rel}","templated":true}]}}