{"id":18920,"date":"2025-04-07T06:02:18","date_gmt":"2025-04-07T06:02:18","guid":{"rendered":"https:\/\/www.hydraulic-cylinders.net\/product\/boom-cylinder-for-caterpillar-small-excavator-e305ecr\/"},"modified":"2025-04-07T06:02:21","modified_gmt":"2025-04-07T06:02:21","slug":"boom-cylinder-for-caterpillar-small-excavator-e305ecr","status":"publish","type":"product","link":"https:\/\/www.hydraulic-cylinders.net\/sk\/produkt\/boom-cylinder-for-caterpillar-small-excavator-e305ecr\/","title":{"rendered":"Valec v\u00fdlo\u017en\u00edka pre mal\u00e9 r\u00fdpadlo Caterpillar E305ECR"},"content":{"rendered":"<h1>Valec v\u00fdlo\u017en\u00edka pre mal\u00e9 r\u00fdpadlo Caterpillar E305ECR<\/h1>\n<h2>Preh\u013ead produktu<\/h2>\n<p>Hydraulick\u00fd valec v\u00fdlo\u017en\u00edka pre mal\u00e9 r\u00fdpadlo Caterpillar E305ECR je z\u00e1kladn\u00fd hydraulick\u00fd komponent, ktor\u00fd hr\u00e1 k\u013e\u00fa\u010dov\u00fa \u00falohu vo funk\u010dnosti \u0165a\u017ek\u00fdch strojov. Tento typ hydraulick\u00e9ho valca je \u0161peci\u00e1lne navrhnut\u00fd na ovl\u00e1danie pohybov ly\u017e\u00edc r\u00fdpadla, \u010do umo\u017e\u0148uje obsluhe efekt\u00edvne zdv\u00edha\u0165, sp\u00fa\u0161\u0165a\u0165 a nakl\u00e1\u0148a\u0165 ly\u017eicu. T\u00e1to schopnos\u0165 je k\u013e\u00fa\u010dov\u00e1 pre r\u00f4zne \u00falohy manipul\u00e1cie s materi\u00e1lom vr\u00e1tane v\u00fdkopov\u00fdch pr\u00e1c, nakladania a prepravy materi\u00e1lov.<\/p>\n<p><img decoding=\"async\" src=\"https:\/\/www.hydraulic-cylinders.net\/wp-content\/uploads\/2025\/04\/songte-company-1.webp\" alt=\"Valec v\u00fdlo\u017en\u00edka pre bager\" \/><\/p>\n<h3>Defin\u00edcia a pou\u017eitie vedrov\u00fdch valcov<\/h3>\n<p>Hydraulick\u00e9 valce, zn\u00e1me aj ako hydraulick\u00e9 valce, s\u00fa \u0161pecializovan\u00e9 zariadenia pou\u017e\u00edvan\u00e9 v \u0165a\u017ek\u00fdch strojoch, ako s\u00fa bagre, r\u00fdpadl\u00e1-naklada\u010de a \u010deln\u00e9 naklada\u010de. Tieto valce u\u013eah\u010duj\u00fa pohyb ly\u017eice, \u010do jej umo\u017e\u0148uje vykon\u00e1va\u0165 z\u00e1kladn\u00e9 funkcie pri stavebn\u00fdch a v\u00fdkopov\u00fdch pr\u00e1cach. Vyu\u017e\u00edvaj\u00fa tlak hydraulickej kvapaliny na vytvorenie sily, ktor\u00e1 vys\u00fava alebo zas\u00fava valec, \u010do umo\u017e\u0148uje ly\u017eici efekt\u00edvne vykon\u00e1va\u0165 r\u00f4zne oper\u00e1cie.<\/p>\n<h2>Vlastnosti produktu<\/h2>\n<ul>\n<li><strong>Vysok\u00e1 pevnos\u0165 a odolnos\u0165:<\/strong> Tieto valce s\u00fa vyroben\u00e9 z vysokopevnostnej ocele alebo hlin\u00edka a odol\u00e1vaj\u00fa vysok\u00e9mu tlaku a \u0165a\u017ek\u00fdm za\u0165a\u017eeniam, v\u010faka \u010domu s\u00fa vhodn\u00e9 do n\u00e1ro\u010dn\u00fdch pracovn\u00fdch prostred\u00ed a z\u00e1rove\u0148 zaru\u010duj\u00fa dlh\u00fa \u017eivotnos\u0165.<\/li>\n<li><strong>Efekt\u00edvna hydraulick\u00e1 prev\u00e1dzka:<\/strong> Hydraulick\u00fd tlak oleja umo\u017e\u0148uje plynul\u00e9 a citliv\u00e9 vys\u00favanie a zas\u00favanie, \u010d\u00edm poskytuje siln\u00fa \u0165a\u017en\u00fa a tla\u010dn\u00fa silu, ide\u00e1lnu na manipul\u00e1ciu s \u0165a\u017ek\u00fdmi materi\u00e1lmi.<\/li>\n<li><strong>R\u00f4zne typy:<\/strong> Tieto valce, ktor\u00e9 s\u00fa k dispoz\u00edcii v jedno\u010dinnom (prev\u00e1dzkovom v jednom smere) a dvoj\u010dinnom (prev\u00e1dzkovom v oboch smeroch) variante, je mo\u017en\u00e9 prisp\u00f4sobi\u0165 \u0161pecifick\u00fdm prev\u00e1dzkov\u00fdm po\u017eiadavk\u00e1m.<\/li>\n<li><strong>Priestorovo \u00fasporn\u00e9 dizajny:<\/strong> Niektor\u00e9 modely maj\u00fa teleskopick\u00e9 kon\u0161trukcie, ktor\u00e9 umo\u017e\u0148uj\u00fa v\u00e4\u010d\u0161ie vysunutie bez zv\u00e4\u010d\u0161enia vonkaj\u0161\u00edch rozmerov, \u010do je ide\u00e1lne pre aplik\u00e1cie s obmedzen\u00fdm priestorom.<\/li>\n<\/ul>\n<h3>Na\u0161e v\u00fdrobn\u00e9 kapacity<\/h3>\n<p>S hrdos\u0165ou vyr\u00e1bame tento produkt a pon\u00fakame hydraulick\u00e9 valce, ktor\u00e9 dokonale nahr\u00e1dzaj\u00fa p\u00f4vodn\u00e9 jednotky. N\u00e1\u0161 z\u00e1v\u00e4zok ku kvalite zaru\u010duje, \u017ee na\u0161e produkty sp\u013a\u0148aj\u00fa a prekra\u010duj\u00fa priemyseln\u00e9 \u0161tandardy.<\/p>\n<p><img decoding=\"async\" src=\"https:\/\/www.hydraulic-cylinders.net\/wp-content\/uploads\/2025\/04\/songte-cylinder-head-with-all-kinds-excavator-models.webp\" alt=\"V\u00fdroba hydraulick\u00fdch valcov\" \/><\/p>\n<h2>Scen\u00e1re aplik\u00e1ci\u00ed<\/h2>\n<h3>Stavebn\u00e9 stroje<\/h3>\n<p>V r\u00fdpadl\u00e1ch s\u00fa valce v\u00fdlo\u017en\u00edka k\u013e\u00fa\u010dov\u00e9 pre kopanie, nakladanie a premiest\u0148ovanie zeminy alebo sutiny. Umo\u017e\u0148uj\u00fa ly\u017eici efekt\u00edvne prenika\u0165 do zeme, \u010do umo\u017e\u0148uje r\u00fdchle vykon\u00e1vanie v\u00fdkopov\u00fdch \u00faloh. V r\u00fdpadlo-naklada\u010doch pom\u00e1ha valec v\u00fdlo\u017en\u00edka pri kopan\u00ed aj zdv\u00edhan\u00ed, \u010d\u00edm zvy\u0161uje produktivitu na stavenisk\u00e1ch.<\/p>\n<h3>Po\u013enohospod\u00e1rske stroje<\/h3>\n<p>\u010celn\u00e9 naklada\u010de vyu\u017e\u00edvaj\u00fa valce v\u00fdlo\u017en\u00edka na naberanie, zdv\u00edhanie a prepravu p\u00f4dy, sena a in\u00fdch materi\u00e1lov. Efekt\u00edvna prev\u00e1dzka t\u00fdchto valcov je nevyhnutn\u00e1 pre po\u013enohospod\u00e1rske \u00falohy, preto\u017ee zabezpe\u010duje, \u017ee po\u013enohospod\u00e1ri m\u00f4\u017eu manipulova\u0165 s materi\u00e1lmi efekt\u00edvne a s minim\u00e1lnym \u00fasil\u00edm.<\/p>\n<h3>V\u00fdkopov\u00e9 \u00falohy<\/h3>\n<p>Vo v\u0161eobecnosti u r\u00fdpadiel umo\u017e\u0148uje valec v\u00fdlo\u017en\u00edka prenikn\u00fa\u0165 do p\u00f4dy, \u010do umo\u017e\u0148uje efekt\u00edvne kopanie. T\u00e1to funkcia je nevyhnutn\u00e1 pre r\u00fdchle a efekt\u00edvne dokon\u010denie v\u00fdkopov\u00fdch \u00faloh, \u010do v\u00fdrazne ovplyv\u0148uje \u010dasov\u00fd harmonogram projektu.<\/p>\n<h3>Oper\u00e1cie naklada\u010da<\/h3>\n<p>V \u010deln\u00fdch naklada\u010doch valce v\u00fdlo\u017en\u00edka \u00fa\u010dinne pom\u00e1haj\u00fa pri zdv\u00edhan\u00ed a vykladan\u00ed materi\u00e1lov. Ich spo\u013eahliv\u00e1 prev\u00e1dzka zabezpe\u010duje, \u017ee naklada\u010d dok\u00e1\u017ee zvl\u00e1dnu\u0165 \u0165a\u017ek\u00e9 bremen\u00e1, \u010do prispieva k efekt\u00edvnosti procesov nakladania a vykladania.<\/p>\n<h2>\u00davahy o dizajne a krit\u00e9ri\u00e1 v\u00fdberu<\/h2>\n<h3>Nosnos\u0165<\/h3>\n<p>Pri v\u00fdbere valca v\u00fdlo\u017en\u00edka je k\u013e\u00fa\u010dov\u00e9 pochopenie nosnosti. Valec mus\u00ed by\u0165 dimenzovan\u00fd tak, aby zvl\u00e1dol maxim\u00e1lnu hmotnos\u0165, ktorej bude vystaven\u00fd po\u010das prev\u00e1dzky. V\u00fdber valca s nedostato\u010dnou nosnos\u0165ou m\u00f4\u017ee vies\u0165 k poruche a bezpe\u010dnostn\u00fdm rizik\u00e1m, \u010d\u00edm ohroz\u00ed bezpe\u010dnos\u0165 zariadenia aj obsluhy. Je nevyhnutn\u00e9 pos\u00fadi\u0165 maxim\u00e1lne po\u017eiadavky na zdv\u00edhanie na z\u00e1klade \u00faloh, ktor\u00e9 sa maj\u00fa vykon\u00e1va\u0165.<\/p>\n<h3>Tesnenie a trvanlivos\u0165<\/h3>\n<p>Tesnenie je \u010fal\u0161\u00edm kritick\u00fdm kon\u0161truk\u010dn\u00fdm krit\u00e9riom. Integrita tesnen\u00ed zabra\u0148uje \u00faniku hydraulickej kvapaliny, \u010do je nevyhnutn\u00e9 pre udr\u017eanie tlaku a zabezpe\u010denie efekt\u00edvnej prev\u00e1dzky. Vysokokvalitn\u00e9 tesnenia vyroben\u00e9 z materi\u00e1lov, ako je polyuret\u00e1n alebo nitrilov\u00e1 guma, zvy\u0161uj\u00fa odolnos\u0165 a odolnos\u0165 vo\u010di opotrebovaniu, \u010d\u00edm predl\u017euj\u00fa \u017eivotnos\u0165 hydraulick\u00e9ho valca. Pravideln\u00e1 kontrola a \u00fadr\u017eba tesnen\u00ed je nevyhnutn\u00e1, aby sa predi\u0161lo probl\u00e9mom s v\u00fdkonom.<\/p>\n<h3>Bezpe\u010dnostn\u00e9 prvky<\/h3>\n<p>Bezpe\u010dnostn\u00e9 prvky s\u00fa pri navrhovan\u00ed hydraulick\u00fdch valcov prvorad\u00e9. Musia obsahova\u0165 mechanizmy, ktor\u00e9 zabr\u00e1nia nadmern\u00e9mu natiahnutiu a zabezpe\u010dia, aby valec zvl\u00e1dol neo\u010dak\u00e1van\u00e9 za\u0165a\u017eenie. Implement\u00e1cia bezpe\u010dnostn\u00fdch opatren\u00ed, ako s\u00fa zar\u00e1\u017eky a pretlakov\u00e9 ventily, je k\u013e\u00fa\u010dov\u00e1 na ochranu strojov aj obsluhy pred potenci\u00e1lnymi nehodami.<\/p>\n<h3>Pr\u00edstupnos\u0165 \u00fadr\u017eby<\/h3>\n<p>Pri n\u00e1vrhu by sa mala zoh\u013eadni\u0165 aj dostupnos\u0165 pri \u00fadr\u017ebe. Hydraulick\u00e9 valce, ktor\u00e9 sa \u013eahko servisuj\u00fa, m\u00f4\u017eu v\u00fdrazne zn\u00ed\u017ei\u0165 prestoje a n\u00e1klady na \u00fadr\u017ebu. Funkcie, ktor\u00e9 umo\u017e\u0148uj\u00fa r\u00fdchlu v\u00fdmenu tesnen\u00ed, mazac\u00edch bodov a kontroln\u00fdch otvorov, zvy\u0161uj\u00fa celkov\u00fa pou\u017eite\u013enos\u0165 a \u017eivotnos\u0165 valca.<\/p>\n<p><img decoding=\"async\" src=\"https:\/\/www.hydraulic-cylinders.net\/wp-content\/uploads\/2025\/04\/songte-oil-pipes-and-spare-parts.webp\" alt=\"Hydraulick\u00e9 komponenty\" \/><\/p>\n<h2>Tesnenie a mazanie<\/h2>\n<p>\u00da\u010dinnos\u0165 hydraulick\u00fdch valcov vo ve\u013ekej miere z\u00e1vis\u00ed od spr\u00e1vneho utesnenia a mazania. Na udr\u017eanie hydraulick\u00e9ho tlaku sa pou\u017e\u00edvaj\u00fa r\u00f4zne tesnenia, ako s\u00fa piestne tesnenia a tesnenia ty\u010d\u00ed. Tesnenia s\u00fa zvy\u010dajne vyroben\u00e9 z odoln\u00fdch materi\u00e1lov, vr\u00e1tane polyuret\u00e1nu a nitrilov\u00e9ho kau\u010duku, aby odol\u00e1vali opotrebovaniu a zabr\u00e1nili \u00faniku. Teleso valca a z\u00e1vitov\u00e9 konce s\u00fa presne opracovan\u00e9, aby sa zv\u00fd\u0161ila odolnos\u0165 proti opotrebovaniu.<\/p>\n<p>Pravideln\u00e9 mazanie je tie\u017e k\u013e\u00fa\u010dov\u00e9 pre zabezpe\u010denie hladkej prev\u00e1dzky. Dostato\u010dn\u00e9 mno\u017estvo hydraulick\u00e9ho oleja sa mus\u00ed pravidelne vstrekova\u0165, aby sa udr\u017ealo mazanie vn\u00fatorn\u00fdch komponentov, \u010d\u00edm sa pred\u00edde treniu a opotrebovaniu. Dodr\u017eiavanie stanoven\u00e9ho pl\u00e1nu mazania je nevyhnutn\u00e9 pre udr\u017eanie v\u00fdkonu a dlhej \u017eivotnosti valca.<\/p>\n<h2>Opatrenia prevent\u00edvnej \u00fadr\u017eby<\/h2>\n<ul>\n<li><strong>Pravideln\u00e9 kontroly:<\/strong> Vykon\u00e1vanie pravideln\u00fdch kontrol pom\u00e1ha identifikova\u0165 potenci\u00e1lne probl\u00e9my sk\u00f4r, ako sa vyhrotia. Skontrolujte zn\u00e1mky opotrebovania, netesnosti a opotrebovania komponentov, aby ste zabezpe\u010dili optim\u00e1lnu funkciu valca.<\/li>\n<li><strong>Spr\u00e1vne mazanie:<\/strong> Zabezpe\u010dte, aby bol valec v\u017edy spr\u00e1vne mazan\u00fd. Pou\u017e\u00edvajte odpor\u00fa\u010dan\u00fd hydraulick\u00fd olej a dodr\u017eiavajte pl\u00e1n mazania, aby ste zachovali jeho v\u00fdkon.<\/li>\n<li><strong>V\u00fdmena tesnenia:<\/strong> Tesnenia by sa mali pravidelne vymie\u0148a\u0165 na z\u00e1klade v\u00fdsledkov kontroly. Opotrebovan\u00e9 tesnenia m\u00f4\u017eu vies\u0165 k \u00faniku kvapaliny, \u010do ovplyv\u0148uje \u00fa\u010dinnos\u0165 hydraulick\u00e9ho syst\u00e9mu a m\u00f4\u017ee sp\u00f4sobi\u0165 po\u0161kodenie.<\/li>\n<\/ul>\n<h2>Pokyny na in\u0161tal\u00e1ciu<\/h2>\n<p>Spr\u00e1vna in\u0161tal\u00e1cia valca ramena je nevyhnutn\u00e1 pre optim\u00e1lny v\u00fdkon. Za\u010dnite t\u00fdm, \u017ee sa uist\u00edte, \u017ee mont\u00e1\u017ene konzoly s\u00fa \u010dist\u00e9 a bez ak\u00fdchko\u013evek ne\u010dist\u00f4t. Valec presne zarovnajte s mont\u00e1\u017enymi bodmi, aby ste predi\u0161li nespr\u00e1vnemu zarovnaniu, ktor\u00e9 m\u00f4\u017ee vies\u0165 k pred\u010dasn\u00e9mu opotrebovaniu.<\/p>\n<p>Na upevnenie valca pou\u017eite vhodn\u00fd mont\u00e1\u017eny materi\u00e1l a uistite sa, \u017ee skrutky s\u00fa utiahnut\u00e9 pod\u013ea \u0161pecifik\u00e1ci\u00ed v\u00fdrobcu. Po in\u0161tal\u00e1cii pred pou\u017eit\u00edm dvakr\u00e1t skontrolujte zarovnanie a funk\u010dnos\u0165 valca. Spr\u00e1vne zarovnanie zabezpe\u010d\u00ed plynul\u00fd a efekt\u00edvny chod valca, minimalizuje opotrebenie a predl\u017euje jeho \u017eivotnos\u0165.<\/p>\n<h2>Be\u017en\u00e9 \u00falohy \u00fadr\u017eby<\/h2>\n<h3>Pravideln\u00e9 kontroly<\/h3>\n<p>Vykon\u00e1vanie pravideln\u00fdch kontrol je nevyhnutn\u00e9 pre udr\u017eanie v\u00fdkonu a bezpe\u010dnosti valca ramena. Po\u010das prev\u00e1dzky h\u013eadajte zn\u00e1mky \u00faniku kvapal\u00edn, opotrebovania a ak\u00fdchko\u013evek nezvy\u010dajn\u00fdch zvukov. Pravideln\u00e9 kontroly umo\u017e\u0148uj\u00fa obsluhe v\u010das odhali\u0165 probl\u00e9my a predch\u00e1dza\u0165 n\u00e1kladn\u00fdm oprav\u00e1m.<\/p>\n<h3>Spr\u00e1vne mazanie<\/h3>\n<p>Zabezpe\u010denie dostato\u010dn\u00e9ho mazania hydraulick\u00e9ho valca je nevyhnutn\u00e9 na prevenciu opotrebovania. Pravideln\u00e9 kontroly hladiny mazania a aplik\u00e1cia hydraulick\u00e9ho oleja pod\u013ea potreby s\u00fa k\u013e\u00fa\u010dom k udr\u017eaniu hladk\u00e9ho chodu. Dostato\u010dn\u00e9 mazanie zni\u017euje trenie medzi pohybliv\u00fdmi \u010das\u0165ami, \u010do m\u00f4\u017ee vies\u0165 k pred\u013a\u017eeniu \u017eivotnosti valca.<\/p>\n<h3>V\u00fdmena tesnenia<\/h3>\n<p>Tesnenia s\u00fa kritick\u00e9 komponenty, ktor\u00e9 si vy\u017eaduj\u00fa pravideln\u00fa v\u00fdmenu. Pravidelne kontrolujte stav tesnen\u00ed a vyme\u0148te ich, ak zist\u00edte ak\u00e9ko\u013evek zn\u00e1mky opotrebovania alebo po\u0161kodenia. Zabezpe\u010denie dobr\u00e9ho stavu tesnen\u00ed zabra\u0148uje \u00faniku hydraulickej kvapaliny a udr\u017eiava tlak v syst\u00e9me, \u010d\u00edm podporuje efekt\u00edvnu prev\u00e1dzku.<\/p>\n<p><img decoding=\"async\" src=\"https:\/\/www.hydraulic-cylinders.net\/wp-content\/uploads\/2025\/04\/songte-chushion-collar.webp\" alt=\"\u010casti hydraulick\u00e9ho valca\" \/><\/p>\n<h2>Bezpe\u010dnostn\u00e9 aspekty a faktory prostredia<\/h2>\n<p>Pri pr\u00e1ci s hydraulick\u00fdmi valcami s\u00fa bezpe\u010dnostn\u00e9 opatrenia prvorad\u00e9. Obsluha si mus\u00ed by\u0165 vedom\u00e1 potenci\u00e1lnych nebezpe\u010denstiev spojen\u00fdch s vysokotlakov\u00fdmi syst\u00e9mami. Na minimaliz\u00e1ciu riz\u00edk je nevyhnutn\u00e9 riadne \u0161kolenie o bezpe\u010dnej prev\u00e1dzke, n\u00fadzov\u00fdch postupoch a dodr\u017eiavan\u00ed bezpe\u010dnostn\u00fdch protokolov.<\/p>\n<p>Okrem toho by sa mali zv\u00e1\u017ei\u0165 aj faktory prostredia. Zabezpe\u010denie spr\u00e1vnej manipul\u00e1cie s hydraulick\u00fdmi kvapalinami a ich likvid\u00e1cie chr\u00e1ni \u017eivotn\u00e9 prostredie aj bezpe\u010dnos\u0165 pracovn\u00edkov. Implement\u00e1cia strat\u00e9gi\u00ed prevencie \u00fanikov a dodr\u017eiavanie ekologick\u00fdch postupov zvy\u0161uje celkov\u00fa bezpe\u010dnos\u0165 a udr\u017eate\u013enos\u0165.<\/p>\n<h2>Diagnostika por\u00fach a be\u017en\u00e9 probl\u00e9my<\/h2>\n<ul>\n<li><strong>\u00daniky tekut\u00edn:<\/strong> \u00daniky kvapal\u00edn s\u00fa \u010dasto znakom opotrebovan\u00fdch tesnen\u00ed alebo po\u0161koden\u00fdch komponentov. Pravideln\u00e1 kontrola a v\u010dasn\u00e1 v\u00fdmena tesnen\u00ed s\u00fa k\u013e\u00fa\u010dov\u00e9 pre predch\u00e1dzanie prev\u00e1dzkov\u00fdm probl\u00e9mom.<\/li>\n<li><strong>Zn\u00ed\u017een\u00fd v\u00fdkon:<\/strong> Ak sa valec nevys\u00fava alebo nezas\u00fava plynulo, m\u00f4\u017ee to znamena\u0165 n\u00edzku hladinu hydraulickej kvapaliny alebo vn\u00fatorn\u00e9 po\u0161kodenie. Na identifik\u00e1ciu a vyrie\u0161enie probl\u00e9mu je potrebn\u00e9 skontrolova\u0165 hladiny kvapal\u00edn a vykona\u0165 d\u00f4kladn\u00e9 kontroly.<\/li>\n<li><strong>Nezvy\u010dajn\u00e9 zvuky:<\/strong> Ak\u00e9ko\u013evek abnorm\u00e1lne zvuky po\u010das prev\u00e1dzky m\u00f4\u017eu nazna\u010dova\u0165 mechanick\u00e9 probl\u00e9my. V\u010dasn\u00e9 zistenie zdroja hluku m\u00f4\u017ee zabr\u00e1ni\u0165 \u010fal\u0161iemu po\u0161kodeniu a zaisti\u0165 bezpe\u010dnos\u0165.<\/li>\n<\/ul>\n<h2>Tipy na rie\u0161enie probl\u00e9mov<\/h2>\n<p>Pre efekt\u00edvnu diagnostiku a rie\u0161enie probl\u00e9mov by oper\u00e1tori mali postupova\u0165 systematicky. Za\u010dnite vizu\u00e1lnou kontrolou, aby ste identifikovali ak\u00e9ko\u013evek zjavn\u00e9 probl\u00e9my, ako s\u00fa netesnosti alebo nespr\u00e1vne zarovnanie. Potom skontrolujte hladinu hydraulickej kvapaliny a v pr\u00edpade potreby ju dopl\u0148te, aby sa udr\u017eal tlak. V pr\u00edpade nezvy\u010dajn\u00fdch zvukov zv\u00e1\u017ete kontrolu valca, \u010di nevykazuje zn\u00e1mky vn\u00fatorn\u00e9ho opotrebenia alebo po\u0161kodenia.<\/p>\n<p>Zavedenie prevent\u00edvnych opatren\u00ed, ako je pravideln\u00e1 \u00fadr\u017eba a kontroly, m\u00f4\u017ee v\u00fdrazne zn\u00ed\u017ei\u0165 pravdepodobnos\u0165 potenci\u00e1lnych probl\u00e9mov. Stanovenie pl\u00e1nu pravidelnej \u00fadr\u017eby pom\u00f4\u017ee udr\u017eiava\u0165 hydraulick\u00fd valec v optim\u00e1lnom stave, \u010d\u00edm sa minimalizuj\u00fa prestoje a n\u00e1klady na opravy.<\/p>\n<p><img decoding=\"async\" src=\"https:\/\/www.hydraulic-cylinders.net\/wp-content\/uploads\/2025\/04\/songte-bushings-with-all-kinds-of-excavator-models.webp\" alt=\"Puzdr\u00e1 bagerov\" \/><\/p>\n<h2>O na\u0161ej spolo\u010dnosti<\/h2>\n<p>Sme popredn\u00fdm v\u00fdrobcom n\u00e1hradn\u00fdch hydraulick\u00fdch valcov a pon\u00fakame \u0161irok\u00fd sortiment produktov, ktor\u00e9 uspokoja dom\u00e1ci aj medzin\u00e1rodn\u00fd trh. N\u00e1\u0161 z\u00e1v\u00e4zok k excelentnosti v oblasti kvality a presnej v\u00fdroby n\u00e1s etabloval ako popredn\u00e9ho dod\u00e1vate\u013ea v odvetv\u00ed hydraulick\u00fdch valcov.<\/p>\n<p>Na\u0161e najmodernej\u0161ie v\u00fdrobn\u00e9 zariadenia vyu\u017e\u00edvaj\u00fa pokro\u010dil\u00e9 technol\u00f3gie a kvalifikovan\u00fdch odborn\u00edkov na zlep\u0161enie na\u0161ich v\u00fdrobn\u00fdch kapac\u00edt. Dodr\u017eiavame pr\u00edsne procesy kontroly kvality a medzin\u00e1rodn\u00e9 certifik\u00e1cie, aby sme zabezpe\u010dili, \u017ee ka\u017ed\u00fd produkt sp\u013a\u0148a najvy\u0161\u0161ie priemyseln\u00e9 \u0161tandardy. Okrem toho pon\u00fakame rie\u0161enia na mieru, ktor\u00e9 sp\u013a\u0148aj\u00fa \u0161pecifick\u00e9 potreby na\u0161ich klientov.<\/p>\n<p>N\u00e1\u0161 popredajn\u00fd servis sa zameriava na poskytovanie nepretr\u017eitej podpory na\u0161im z\u00e1kazn\u00edkom a zabezpe\u010duje, aby boli ich potreby splnen\u00e9 aj po zak\u00fapen\u00ed. N\u00e1\u0161 profesion\u00e1lny t\u00edm je v\u017edy pripraven\u00fd pom\u00f4c\u0165 s ak\u00fdmiko\u013evek ot\u00e1zkami, opravami alebo v\u00fdmenami.<\/p>\n<p><img decoding=\"async\" src=\"https:\/\/www.hydraulic-cylinders.net\/wp-content\/uploads\/2025\/04\/songte-company-4.webp\" alt=\"Preh\u013ead spolo\u010dnosti\" \/><br \/>\n<img decoding=\"async\" src=\"https:\/\/www.hydraulic-cylinders.net\/wp-content\/uploads\/2025\/04\/songte-company-3.webp\" alt=\"V\u00fdrobn\u00e9 zariadenie\" \/><\/p>\n<p>Autor: lyl<\/p>","protected":false},"excerpt":{"rendered":"<p>Boom Cylinder For Caterpillar Small Excavator E305ECR Product Overview The Boom Cylinder for Caterpillar Small Excavator E305ECR is an essential hydraulic component that plays a pivotal role in the functionality of heavy machinery. This type of hydraulic cylinder is specifically designed to control the movements of excavator buckets, allowing operators to lift, lower, and tilt [&hellip;]<\/p>","protected":false},"featured_media":17877,"comment_status":"open","ping_status":"closed","template":"","meta":{"_et_pb_use_builder":"","_et_pb_old_content":"","_et_gb_content_width":""},"product_brand":[],"product_cat":[1546],"product_tag":[1547,1496],"class_list":{"0":"post-18920","1":"product","2":"type-product","3":"status-publish","4":"has-post-thumbnail","6":"product_cat-boom-cylinders","7":"product_tag-boom-cylinders","8":"product_tag-hydraulic-cylinders","10":"first","11":"instock","12":"shipping-taxable","13":"product-type-simple"},"amp_enabled":true,"_links":{"self":[{"href":"https:\/\/www.hydraulic-cylinders.net\/sk\/wp-json\/wp\/v2\/product\/18920","targetHints":{"allow":["GET"]}}],"collection":[{"href":"https:\/\/www.hydraulic-cylinders.net\/sk\/wp-json\/wp\/v2\/product"}],"about":[{"href":"https:\/\/www.hydraulic-cylinders.net\/sk\/wp-json\/wp\/v2\/types\/product"}],"replies":[{"embeddable":true,"href":"https:\/\/www.hydraulic-cylinders.net\/sk\/wp-json\/wp\/v2\/comments?post=18920"}],"wp:featuredmedia":[{"embeddable":true,"href":"https:\/\/www.hydraulic-cylinders.net\/sk\/wp-json\/wp\/v2\/media\/17877"}],"wp:attachment":[{"href":"https:\/\/www.hydraulic-cylinders.net\/sk\/wp-json\/wp\/v2\/media?parent=18920"}],"wp:term":[{"taxonomy":"product_brand","embeddable":true,"href":"https:\/\/www.hydraulic-cylinders.net\/sk\/wp-json\/wp\/v2\/product_brand?post=18920"},{"taxonomy":"product_cat","embeddable":true,"href":"https:\/\/www.hydraulic-cylinders.net\/sk\/wp-json\/wp\/v2\/product_cat?post=18920"},{"taxonomy":"product_tag","embeddable":true,"href":"https:\/\/www.hydraulic-cylinders.net\/sk\/wp-json\/wp\/v2\/product_tag?post=18920"}],"curies":[{"name":"pracovn\u00fd list","href":"https:\/\/api.w.org\/{rel}","templated":true}]}}