{"id":18925,"date":"2025-04-07T06:02:31","date_gmt":"2025-04-07T06:02:31","guid":{"rendered":"https:\/\/www.hydraulic-cylinders.net\/product\/boom-cylinder-for-caterpillar-small-excavator-e302-7dcr\/"},"modified":"2025-04-07T06:02:33","modified_gmt":"2025-04-07T06:02:33","slug":"boom-cylinder-for-caterpillar-small-excavator-e302-7dcr","status":"publish","type":"product","link":"https:\/\/www.hydraulic-cylinders.net\/sk\/produkt\/boom-cylinder-for-caterpillar-small-excavator-e302-7dcr\/","title":{"rendered":"Valec v\u00fdlo\u017en\u00edka pre mal\u00e9 r\u00fdpadlo Caterpillar E302.7DCR"},"content":{"rendered":"<h1>Valec v\u00fdlo\u017en\u00edka pre mal\u00e9 r\u00fdpadlo Caterpillar E302.7DCR<\/h1>\n<h2>\u00davod do valca v\u00fdlo\u017en\u00edka<\/h2>\n<p>Hydraulick\u00fd valec v\u00fdlo\u017en\u00edka pre mal\u00e9 r\u00fdpadlo Caterpillar E302.7DCR je z\u00e1kladn\u00fd hydraulick\u00fd komponent navrhnut\u00fd \u0161peci\u00e1lne na ovl\u00e1danie pohybu r\u00f4znych \u0165a\u017ek\u00fdch strojov vr\u00e1tane r\u00fdpadiel. Tento hydraulick\u00fd valec zohr\u00e1va k\u013e\u00fa\u010dov\u00fa \u00falohu pri zdv\u00edhan\u00ed, sp\u00fa\u0161\u0165an\u00ed a nakl\u00e1\u0148an\u00ed v\u00fdlo\u017en\u00edka, v\u010faka \u010domu je nevyhnutn\u00fd pre \u00falohy manipul\u00e1cie s materi\u00e1lom v stavebn\u00edctve a po\u013enohospod\u00e1rstve. V\u010faka svojej schopnosti riadi\u0165 vysokotlakov\u00fa hydraulick\u00fa kvapalinu zabezpe\u010duje valec v\u00fdlo\u017en\u00edka efekt\u00edvnu prev\u00e1dzku zariadenia, \u010d\u00edm sa zvy\u0161uje produktivita a v\u00fdkon.<\/p>\n<p><img decoding=\"async\" src=\"https:\/\/www.hydraulic-cylinders.net\/wp-content\/uploads\/2025\/04\/songte-company-1.webp\" alt=\"Valec v\u00fdlo\u017en\u00edka\" \/><\/p>\n<h3>Funkcia a pou\u017eitie valca vedra<\/h3>\n<p>Hydraulick\u00fd valec ly\u017eice je typ hydraulick\u00e9ho valca \u0161peci\u00e1lne navrhnut\u00e9ho na ovl\u00e1danie \u010dinnosti ly\u017e\u00edc v \u0165a\u017ek\u00fdch strojoch, ako s\u00fa bagre, r\u00fdpadl\u00e1 a \u010deln\u00e9 naklada\u010de. Umo\u017e\u0148uje ly\u017eici vykon\u00e1va\u0165 r\u00f4zne pohyby potrebn\u00e9 na kopanie, zdv\u00edhanie a prepravu materi\u00e1lov. Prev\u00e1dzkov\u00e1 \u00fa\u010dinnos\u0165 valca je v stavebn\u00edctve k\u013e\u00fa\u010dov\u00e1, preto\u017ee umo\u017e\u0148uje presn\u00e9 ovl\u00e1danie po\u010das v\u00fdkopov\u00fdch procesov, \u010d\u00edm sa zlep\u0161uje celkov\u00e1 \u00fa\u010dinnos\u0165 stroja.<\/p>\n<h2>Vlastnosti valca v\u00fdlo\u017en\u00edka<\/h2>\n<ul>\n<li><strong>Vysok\u00e1 pevnos\u0165 a odolnos\u0165:<\/strong> Valec v\u00fdlo\u017en\u00edka, zvy\u010dajne vyroben\u00fd z vysokopevnostnej ocele alebo hlin\u00edka, odol\u00e1 vysok\u00e9mu tlaku a \u0165a\u017ek\u00fdm za\u0165a\u017eeniam, v\u010faka \u010domu je vhodn\u00fd do n\u00e1ro\u010dn\u00fdch pracovn\u00fdch prostred\u00ed.<\/li>\n<li><strong>Efekt\u00edvna hydraulick\u00e1 prev\u00e1dzka:<\/strong> Vyu\u017e\u00edva hydraulick\u00fd tlak oleja pre plynul\u00e9 vys\u00favanie a zas\u00favanie, r\u00fdchlo reaguje na ovl\u00e1dacie povely a z\u00e1rove\u0148 poskytuje zna\u010dn\u00e9 sily pri tla\u010den\u00ed a \u0165ahu.<\/li>\n<li><strong>R\u00f4zne typy:<\/strong> K dispoz\u00edcii s\u00fa jedno\u010dinn\u00e9 a dvoj\u010dinn\u00e9 konfigur\u00e1cie, ktor\u00e9 sp\u013a\u0148aj\u00fa r\u00f4zne prev\u00e1dzkov\u00e9 potreby. Niektor\u00e9 modely maj\u00fa teleskopick\u00fa kon\u0161trukciu pre v\u00e4\u010d\u0161ie vysunutie bez zv\u00e4\u010d\u0161enia vonkaj\u0161\u00edch rozmerov.<\/li>\n<li><strong>Odolnos\u0165 proti opotrebovaniu:<\/strong> Navrhnut\u00e9 s oh\u013eadom na odolnos\u0165 a s antikor\u00f3znymi vlastnos\u0165ami pred\u013a\u017euj\u00fa \u017eivotnos\u0165 komponentu.<\/li>\n<li><strong>Jednoduch\u00e1 \u00fadr\u017eba:<\/strong> Kon\u0161truovan\u00e9 pre jednoduch\u00fd servis a opravy, \u010d\u00edm sa zabezpe\u010d\u00ed minim\u00e1lna doba prestojov zariadenia.<\/li>\n<\/ul>\n<p>Na\u0161a spolo\u010dnos\u0165 sa \u0161pecializuje na v\u00fdrobu tohto produktu a dod\u00e1va vysoko kvalitn\u00e9 hydraulick\u00e9 valce, ktor\u00e9 dokonale nahr\u00e1dzaj\u00fa existuj\u00face jednotky.<\/p>\n<p><img decoding=\"async\" src=\"https:\/\/www.hydraulic-cylinders.net\/wp-content\/uploads\/2025\/04\/songte-cylinder-head-with-all-kinds-excavator-models.webp\" alt=\"Modely bagrov\" \/><\/p>\n<h2>Aplik\u00e1cie valca v\u00fdlo\u017en\u00edka<\/h2>\n<h3>Stavebn\u00e9 stroje<\/h3>\n<p>V stavebn\u00fdch strojoch, najm\u00e4 v bagroch, s\u00fa valce v\u00fdlo\u017en\u00edka k\u013e\u00fa\u010dov\u00e9 pre efekt\u00edvne kopanie, nakladanie a premiest\u0148ovanie zeminy alebo sutiny. Umo\u017e\u0148uj\u00fa obsluhe presne man\u00e9vrova\u0165 s ly\u017eicou, \u010d\u00edm zvy\u0161uj\u00fa schopnos\u0165 stroja efekt\u00edvne vykon\u00e1va\u0165 zlo\u017eit\u00e9 \u00falohy.<\/p>\n<h3>Po\u013enohospod\u00e1rske stroje<\/h3>\n<p>V po\u013enohospod\u00e1rskych strojoch sa valce v\u00fdlo\u017en\u00edka nach\u00e1dzaj\u00fa v \u010deln\u00fdch naklada\u010doch, kde u\u013eah\u010duj\u00fa nakladanie, zdv\u00edhanie a prepravu p\u00f4dy, sena a in\u00fdch materi\u00e1lov. Ich efekt\u00edvna kon\u0161trukcia umo\u017e\u0148uje po\u013enohospod\u00e1rom \u013eahko obsluhova\u0165 \u0165a\u017ek\u00e9 stroje a zvy\u0161ova\u0165 prev\u00e1dzkov\u00fa produktivitu.<\/p>\n<h3>R\u00fdpadl\u00e1<\/h3>\n<p>Pri r\u00fdpadl\u00e1ch umo\u017e\u0148uje valec v\u00fdlo\u017en\u00edka prenikn\u00fa\u0165 do p\u00f4dy a efekt\u00edvne vykon\u00e1va\u0165 kopacie \u010dinnosti. Jeho hydraulick\u00fd v\u00fdkon umo\u017e\u0148uje hlb\u0161ie v\u00fdkopy, v\u010faka \u010domu je k\u013e\u00fa\u010dov\u00fd v r\u00f4znych stavebn\u00fdch projektoch.<\/p>\n<h3>Naklada\u010de<\/h3>\n<p>V \u010deln\u00fdch naklada\u010doch pom\u00e1haj\u00fa valce v\u00fdlo\u017en\u00edka efekt\u00edvne zdv\u00edha\u0165 a vyklada\u0165 bremena. Zabezpe\u010duj\u00fa r\u00fdchly pohyb \u0165a\u017ek\u00fdch materi\u00e1lov, \u010do prispieva k celkovej produktivite nakladac\u00edch oper\u00e1ci\u00ed.<\/p>\n<h2>\u00davahy o dizajne a \u0161tandardy v\u00fdberu<\/h2>\n<h3>Nosnos\u0165<\/h3>\n<p>Nosnos\u0165 valca v\u00fdlo\u017en\u00edka je kritick\u00fdm faktorom, ktor\u00fd ur\u010duje jeho vhodnos\u0165 pre r\u00f4zne aplik\u00e1cie. Je nevyhnutn\u00e9 vybra\u0165 valec, ktor\u00fd zvl\u00e1dne maxim\u00e1lne za\u0165a\u017eenie o\u010dak\u00e1van\u00e9 v prev\u00e1dzke bez rizika poruchy. Pochopenie \u0161pecifick\u00fdch po\u017eiadaviek na za\u0165a\u017eenie stroja pom\u00f4\u017ee pri v\u00fdbere spr\u00e1vnej ve\u013ekosti a konfigur\u00e1cie valca.<\/p>\n<h3>Tesniace vlastnosti<\/h3>\n<p>Tesniace syst\u00e9my s\u00fa nevyhnutn\u00e9 pre spr\u00e1vne fungovanie hydraulick\u00fdch valcov. Zabra\u0148uj\u00fa \u00faniku kvapaliny a udr\u017eiavaj\u00fa integritu hydraulick\u00e9ho syst\u00e9mu. V\u00fdber vysokokvalitn\u00fdch tesniacich materi\u00e1lov, ako je polyuret\u00e1n alebo nitrilov\u00e1 guma, zais\u0165uje odolnos\u0165 a \u00fa\u010dinnos\u0165 proti opotrebovaniu.<\/p>\n<h3>Trvanlivos\u0165<\/h3>\n<p>Pri navrhovan\u00ed hydraulick\u00fdch valcov je prvorad\u00fdm krit\u00e9riom odolnos\u0165. Musia by\u0165 schopn\u00e9 odola\u0165 n\u00e1ro\u010dn\u00fdm podmienkam stavebn\u00e9ho a po\u013enohospod\u00e1rskeho prostredia. Materi\u00e1ly sa vyberaj\u00fa pre svoju odolnos\u0165 vo\u010di opotrebovaniu, kor\u00f3zii a \u00fanave, aby sa pred\u013a\u017eila \u017eivotnos\u0165 v\u00fdrobku.<\/p>\n<h3>Bezpe\u010dnos\u0165<\/h3>\n<p>Bezpe\u010dnostn\u00e9 prvky pri kon\u0161trukcii hydraulick\u00fdch valcov nemo\u017eno prehliada\u0165. Spr\u00e1vne kon\u0161truk\u010dn\u00e9 rie\u0161enie zabezpe\u010duje, \u017ee valce funguj\u00fa v bezpe\u010dn\u00fdch tlakov\u00fdch medziach a zah\u0155\u0148aj\u00fa funkcie, ako je ochrana proti pre\u0165a\u017eeniu, aby sa predi\u0161lo nehod\u00e1m po\u010das prev\u00e1dzky.<\/p>\n<h3>Pr\u00edstupnos\u0165 \u00fadr\u017eby<\/h3>\n<p>Navrhovanie s oh\u013eadom na jednoduch\u00fa \u00fadr\u017ebu je k\u013e\u00fa\u010dov\u00e9 pre skr\u00e1tenie prestojov. Hydraulick\u00e9 valce by mali by\u0165 skon\u0161truovan\u00e9 tak, aby sa be\u017en\u00e9 kontroly, mazanie a v\u00fdmena dielov dali vykon\u00e1va\u0165 r\u00fdchlo a efekt\u00edvne, \u010d\u00edm sa zabezpe\u010d\u00ed minim\u00e1lne naru\u0161enie prev\u00e1dzky.<\/p>\n<p><img decoding=\"async\" src=\"https:\/\/www.hydraulic-cylinders.net\/wp-content\/uploads\/2025\/04\/songte-oil-pipes-and-spare-parts.webp\" alt=\"Olejov\u00e9 potrubia a n\u00e1hradn\u00e9 diely\" \/><\/p>\n<h2>Tesnenie a mazanie<\/h2>\n<p>\u00da\u010dinnos\u0165 hydraulick\u00fdch valcov vo ve\u013ekej miere z\u00e1vis\u00ed od ich tesniacich a mazac\u00edch syst\u00e9mov. R\u00f4zne tesnenia, ako s\u00fa tesnenia piestov a tesnenia ty\u010d\u00ed, zohr\u00e1vaj\u00fa v\u00fdznamn\u00fa \u00falohu pri udr\u017eiavan\u00ed hydraulick\u00e9ho tlaku a predch\u00e1dzan\u00ed \u00fanikom. Tieto tesnenia s\u00fa zvy\u010dajne vyroben\u00e9 z materi\u00e1lov odoln\u00fdch vo\u010di opotrebovaniu, ako je polyuret\u00e1n a nitrilov\u00e1 guma, ktor\u00e9 poskytuj\u00fa vynikaj\u00facu odolnos\u0165.<\/p>\n<p>Aby sa zabezpe\u010dila dlh\u00e1 \u017eivotnos\u0165 hydraulick\u00e9ho valca, teleso valca a z\u00e1vitov\u00e9 koncov\u00e9 plochy prech\u00e1dzaj\u00fa presnou \u00fapravou, aby sa zv\u00fd\u0161ila odolnos\u0165 proti opotrebovaniu. Okrem toho je pre optim\u00e1lny v\u00fdkon nevyhnutn\u00e9 pravideln\u00e9 mazanie vhodnou hydraulickou kvapalinou. Spr\u00e1vne mazanie pom\u00e1ha zni\u017eova\u0165 trenie, predch\u00e1dza\u0165 opotrebovaniu a udr\u017eiava\u0165 \u00fa\u010dinnos\u0165 hydraulick\u00e9ho syst\u00e9mu.<\/p>\n<h2>Opatrenia prevent\u00edvnej \u00fadr\u017eby<\/h2>\n<ul>\n<li><strong>Pravideln\u00e9 kontroly:<\/strong> Napl\u00e1nujte si pravideln\u00e9 kontroly, aby ste identifikovali ak\u00e9ko\u013evek zn\u00e1mky opotrebovania, netesnost\u00ed alebo po\u0161kodenia. V\u010dasn\u00e9 odhalenie m\u00f4\u017ee zabr\u00e1ni\u0165 z\u00e1va\u017en\u00fdm poruch\u00e1m a pred\u013a\u017ei\u0165 \u017eivotnos\u0165 valca.<\/li>\n<li><strong>Vhodn\u00e9 mazanie:<\/strong> Zabezpe\u010dte pravideln\u00e9 mazanie valca spr\u00e1vnym hydraulick\u00fdm olejom, aby sa zabezpe\u010dila hladk\u00e1 prev\u00e1dzka a zabr\u00e1nilo sa zadretiu.<\/li>\n<li><strong>V\u00fdmena tesnenia:<\/strong> Tesnenia vymie\u0148ajte pod\u013ea potreby, aby ste predi\u0161li \u00fanikom a udr\u017eali hydraulick\u00fd tlak. Pravideln\u00e9 kontroly integrity tesnen\u00ed m\u00f4\u017eu pom\u00f4c\u0165 pri v\u010dasnej v\u00fdmene.<\/li>\n<\/ul>\n<h2>Pokyny na in\u0161tal\u00e1ciu<\/h2>\n<p>Spr\u00e1vna in\u0161tal\u00e1cia valca ramena je k\u013e\u00fa\u010dov\u00e1 pre jeho v\u00fdkon a dlh\u00fa \u017eivotnos\u0165. Tu s\u00fa pokyny, ktor\u00e9 treba dodr\u017eiava\u0165:<\/p>\n<p>1. **Zarovnanie:** Uistite sa, \u017ee hydraulick\u00fd valec je spr\u00e1vne zarovnan\u00fd s mont\u00e1\u017enymi bodmi. Nespr\u00e1vne zarovnanie m\u00f4\u017ee vies\u0165 k pred\u010dasn\u00e9mu opotrebeniu alebo poruche.<\/p>\n<p>2. **Pou\u017eitie mont\u00e1\u017enych konzol:** Na upevnenie valca na mieste pou\u017eite vhodn\u00e9 mont\u00e1\u017ene konzoly. To pom\u00f4\u017ee udr\u017ea\u0165 stabilitu po\u010das prev\u00e1dzky.<\/p>\n<p>3. **U\u0165ahovacie skrutky:** V\u0161etky mont\u00e1\u017ene skrutky bezpe\u010dne utiahnite a uistite sa, \u017ee sa valec po\u010das pou\u017e\u00edvania nepohybuje.<\/p>\n<p>4. **Hydraulick\u00e9 pripojenia:** Uistite sa, \u017ee hydraulick\u00e9 pripojenia s\u00fa bezpe\u010dn\u00e9 a bez \u00fanikov. Skontrolujte v\u0161etky spoje, \u010di s\u00fa spr\u00e1vne utiahnut\u00e9.<\/p>\n<p>5. **Z\u00e1vere\u010dn\u00e1 kontrola:** Po in\u0161tal\u00e1cii vykonajte z\u00e1vere\u010dn\u00fa kontrolu, aby ste sa pred za\u010dat\u00edm prev\u00e1dzky uistili, \u017ee je v\u0161etko v poriadku.<\/p>\n<p><img decoding=\"async\" src=\"https:\/\/www.hydraulic-cylinders.net\/wp-content\/uploads\/2025\/04\/songte-chushion-collar.webp\" alt=\"Vank\u00fa\u0161ov\u00fd golier\" \/><\/p>\n<h2>Be\u017en\u00e9 \u00falohy \u00fadr\u017eby<\/h2>\n<ul>\n<li><strong>Pravideln\u00e9 kontroly:<\/strong> Pravideln\u00e9 kontroly pom\u00e1haj\u00fa identifikova\u0165 opotrebovanie a potenci\u00e1lne probl\u00e9my sk\u00f4r, ako sa premenia na v\u00e1\u017ene probl\u00e9my. Po\u010das prev\u00e1dzky je nevyhnutn\u00e9 skontrolova\u0165 pr\u00edpadn\u00e9 netesnosti, praskliny alebo abnorm\u00e1lne zvuky.<\/li>\n<li><strong>Spr\u00e1vne mazanie:<\/strong> Zabezpe\u010denie spr\u00e1vneho mazania hydraulick\u00e9ho valca je k\u013e\u00fa\u010dom k jeho funk\u010dnosti. Pravidelne pou\u017e\u00edvajte odpor\u00fa\u010dan\u00fa hydraulick\u00fa kvapalinu, aby ste minimalizovali trenie a opotrebovanie.<\/li>\n<li><strong>V\u00fdmena tesnenia:<\/strong> Pravidelne kontrolujte stav tesnen\u00ed a v pr\u00edpade potreby ich vyme\u0148te. To pom\u00e1ha udr\u017eiava\u0165 hydraulick\u00fd tlak a zabra\u0148uje \u00fanikom, \u010d\u00edm sa zabezpe\u010duje efekt\u00edvna prev\u00e1dzka valca.<\/li>\n<\/ul>\n<p>Po\u010das in\u0161tal\u00e1cie sa uistite, \u017ee je valec spr\u00e1vne zarovnan\u00fd a zaisten\u00fd. Pou\u017e\u00edvanie spr\u00e1vnych in\u0161tala\u010dn\u00fdch techn\u00edk a n\u00e1strojov je nevyhnutn\u00e9 na predch\u00e1dzanie bud\u00facim probl\u00e9mom. Dodr\u017eiavanie odpor\u00fa\u010dan\u00fdch pl\u00e1nov a postupov \u00fadr\u017eby v\u00fdrazne pred\u013a\u017ei \u017eivotnos\u0165 a v\u00fdkon hydraulick\u00e9ho valca.<\/p>\n<h2>Bezpe\u010dnostn\u00e9 aspekty a faktory prostredia<\/h2>\n<p>Pri manipul\u00e1cii s hydraulick\u00fdmi valcami je nevyhnutn\u00e9 uprednostni\u0165 bezpe\u010dnos\u0165. Mali by by\u0165 zaveden\u00e9 vhodn\u00e9 bezpe\u010dnostn\u00e9 opatrenia, aby sa predi\u0161lo nehod\u00e1m po\u010das prev\u00e1dzky. Pri pr\u00e1ci s hydraulick\u00fdm syst\u00e9mom pou\u017e\u00edvajte vhodn\u00e9 osobn\u00e9 ochrann\u00e9 prostriedky (OOP) vr\u00e1tane rukav\u00edc a ochrann\u00fdch okuliarov. Zabezpe\u010dte, aby v\u0161etci oper\u00e1tori boli vy\u0161kolen\u00ed v bezpe\u010dnej manipul\u00e1cii s hydraulick\u00fdmi strojmi a rozumeli potenci\u00e1lnym nebezpe\u010denstv\u00e1m spojen\u00fdm s hydraulick\u00fdmi oper\u00e1ciami.<\/p>\n<h2>Rie\u0161enie probl\u00e9mov a be\u017en\u00e9 probl\u00e9my<\/h2>\n<ul>\n<li><strong>\u00danik:<\/strong> Jedn\u00fdm z naj\u010dastej\u0161\u00edch probl\u00e9mov je \u00fanik hydraulickej kvapaliny, \u010dasto sp\u00f4soben\u00fd opotrebovan\u00fdmi tesneniami. Tesnenia pravidelne kontrolujte a v pr\u00edpade potreby ich vyme\u0148te.<\/li>\n<li><strong>Zn\u00ed\u017een\u00fd v\u00fdkon:<\/strong> Ak sa hydraulick\u00fd valec nevys\u00fava alebo nezas\u00fava plynulo, m\u00f4\u017ee to znamena\u0165 n\u00edzku hladinu hydraulickej kvapaliny alebo upchatie hydraulick\u00fdch potrub\u00ed. Skontrolujte hladiny kvapal\u00edn a odstr\u00e1\u0148te v\u0161etky prek\u00e1\u017eky.<\/li>\n<li><strong>Nezvy\u010dajn\u00e9 zvuky:<\/strong> Nezvy\u010dajn\u00e9 zvuky po\u010das prev\u00e1dzky m\u00f4\u017eu nazna\u010dova\u0165 vn\u00fatorn\u00e9 po\u0161kodenie. Presk\u00famajte zdroj hluku a vykonajte potrebn\u00e9 opravy.<\/li>\n<\/ul>\n<p>V pr\u00edpade ak\u00fdchko\u013evek probl\u00e9mov je r\u00fdchla diagnostika a \u00fa\u010dinn\u00e9 opravy k\u013e\u00fa\u010dov\u00e9 pre minimaliz\u00e1ciu prestojov. Pravideln\u00e1 \u00fadr\u017eba hydraulick\u00e9ho syst\u00e9mu tie\u017e pom\u00e1ha predch\u00e1dza\u0165 potenci\u00e1lnym probl\u00e9mom sk\u00f4r, ako vznikn\u00fa.<\/p>\n<p><img decoding=\"async\" src=\"https:\/\/www.hydraulic-cylinders.net\/wp-content\/uploads\/2025\/04\/songte-bushings-with-all-kinds-of-excavator-models.webp\" alt=\"Puzdr\u00e1 pre modely r\u00fdpadiel\" \/><\/p>\n<h2>O na\u0161ej spolo\u010dnosti<\/h2>\n<p>Sme popredn\u00fdm v\u00fdrobcom alternat\u00edvnych hydraulick\u00fdch valcov a pon\u00fakame komplexn\u00fd sortiment produktov na dom\u00e1com aj medzin\u00e1rodnom trhu. N\u00e1\u0161 z\u00e1v\u00e4zok k v\u00fdnimo\u010dnej kvalite je podporen\u00fd na\u0161imi prepracovan\u00fdmi strat\u00e9giami riadenia v\u00fdroby a najmodernej\u0161\u00edmi v\u00fdrobn\u00fdmi zariadeniami. Vyu\u017e\u00edvan\u00edm technick\u00fdch talentov, modern\u00fdch v\u00fdrobn\u00fdch zariaden\u00ed a profesion\u00e1lnych syst\u00e9mov testovania kvality neust\u00e1le zlep\u0161ujeme na\u0161e v\u00fdrobn\u00e9 kapacity a procesy zabezpe\u010denia kvality.<\/p>\n<p>Na\u0161a spolo\u010dnos\u0165 sa p\u00fd\u0161i svojou efekt\u00edvnos\u0165ou, presnos\u0165ou a princ\u00edpmi vysokej kvality, ktor\u00e9 sp\u013a\u0148aj\u00fa rozmanit\u00e9 potreby klientov. Pon\u00fakame tie\u017e z\u00e1kazkov\u00e9 slu\u017eby, ktor\u00e9 zabezpe\u010duj\u00fa, aby na\u0161e produkty dokonale zodpovedali \u0161pecifick\u00fdm po\u017eiadavk\u00e1m. Na\u0161e medzin\u00e1rodn\u00e9 certifik\u00e1cie potvrdzuj\u00fa n\u00e1\u0161 z\u00e1v\u00e4zok ku kvalite a spo\u013eahlivosti a n\u00e1\u0161 \u0161pecializovan\u00fd t\u00edm popredajn\u00fdch slu\u017eieb poskytuje na\u0161im klientom neust\u00e1lu podporu.<\/p>\n<p><img decoding=\"async\" src=\"https:\/\/www.hydraulic-cylinders.net\/wp-content\/uploads\/2025\/04\/songte-company-4.webp\" alt=\"Preh\u013ead spolo\u010dnosti\" \/><br \/>\n<img decoding=\"async\" src=\"https:\/\/www.hydraulic-cylinders.net\/wp-content\/uploads\/2025\/04\/songte-company-3.webp\" alt=\"Zariadenia spolo\u010dnosti\" \/><\/p>\n<p>Autor: lyl<\/p>","protected":false},"excerpt":{"rendered":"<p>Boom Cylinder For Caterpillar Small Excavator E302.7DCR Introduction to Boom Cylinder The Boom Cylinder for Caterpillar Small Excavator E302.7DCR is an essential hydraulic component designed specifically for controlling the movement of various heavy machinery equipment, including excavators. This hydraulic cylinder plays a pivotal role in enabling the boom to lift, lower, and tilt, making it [&hellip;]<\/p>","protected":false},"featured_media":17867,"comment_status":"open","ping_status":"closed","template":"","meta":{"_et_pb_use_builder":"","_et_pb_old_content":"","_et_gb_content_width":""},"product_brand":[],"product_cat":[1546],"product_tag":[1547,1496],"class_list":{"0":"post-18925","1":"product","2":"type-product","3":"status-publish","4":"has-post-thumbnail","6":"product_cat-boom-cylinders","7":"product_tag-boom-cylinders","8":"product_tag-hydraulic-cylinders","10":"first","11":"instock","12":"shipping-taxable","13":"product-type-simple"},"amp_enabled":true,"_links":{"self":[{"href":"https:\/\/www.hydraulic-cylinders.net\/sk\/wp-json\/wp\/v2\/product\/18925","targetHints":{"allow":["GET"]}}],"collection":[{"href":"https:\/\/www.hydraulic-cylinders.net\/sk\/wp-json\/wp\/v2\/product"}],"about":[{"href":"https:\/\/www.hydraulic-cylinders.net\/sk\/wp-json\/wp\/v2\/types\/product"}],"replies":[{"embeddable":true,"href":"https:\/\/www.hydraulic-cylinders.net\/sk\/wp-json\/wp\/v2\/comments?post=18925"}],"wp:featuredmedia":[{"embeddable":true,"href":"https:\/\/www.hydraulic-cylinders.net\/sk\/wp-json\/wp\/v2\/media\/17867"}],"wp:attachment":[{"href":"https:\/\/www.hydraulic-cylinders.net\/sk\/wp-json\/wp\/v2\/media?parent=18925"}],"wp:term":[{"taxonomy":"product_brand","embeddable":true,"href":"https:\/\/www.hydraulic-cylinders.net\/sk\/wp-json\/wp\/v2\/product_brand?post=18925"},{"taxonomy":"product_cat","embeddable":true,"href":"https:\/\/www.hydraulic-cylinders.net\/sk\/wp-json\/wp\/v2\/product_cat?post=18925"},{"taxonomy":"product_tag","embeddable":true,"href":"https:\/\/www.hydraulic-cylinders.net\/sk\/wp-json\/wp\/v2\/product_tag?post=18925"}],"curies":[{"name":"pracovn\u00fd list","href":"https:\/\/api.w.org\/{rel}","templated":true}]}}