{"id":18927,"date":"2025-04-07T06:02:37","date_gmt":"2025-04-07T06:02:37","guid":{"rendered":"https:\/\/www.hydraulic-cylinders.net\/product\/boom-cylinder-for-caterpillar-small-excavator-e311-311c\/"},"modified":"2025-04-07T06:02:40","modified_gmt":"2025-04-07T06:02:40","slug":"boom-cylinder-for-caterpillar-small-excavator-e311-311c","status":"publish","type":"product","link":"https:\/\/www.hydraulic-cylinders.net\/sk\/produkt\/boom-cylinder-for-caterpillar-small-excavator-e311-311c\/","title":{"rendered":"Valec v\u00fdlo\u017en\u00edka pre mal\u00e9 r\u00fdpadlo Caterpillar E311\/311C"},"content":{"rendered":"<h1>Valec v\u00fdlo\u017en\u00edka pre mal\u00e9 r\u00fdpadlo Caterpillar E311\/311C<\/h1>\n<h2>Preh\u013ead valcov v\u00fdlo\u017en\u00edka<\/h2>\n<p>Hydraulick\u00fd valec v\u00fdlo\u017en\u00edka je k\u013e\u00fa\u010dovou s\u00fa\u010das\u0165ou pou\u017e\u00edvanou v r\u00f4znych \u0165a\u017ek\u00fdch strojoch, najm\u00e4 v bagroch, r\u00fdpadl\u00e1ch a \u010deln\u00fdch naklada\u010doch. Sl\u00fa\u017ei na ovl\u00e1danie pohybu ly\u017eice, \u010do umo\u017e\u0148uje jej efekt\u00edvne zdv\u00edhanie, sp\u00fa\u0161\u0165anie a nakl\u00e1\u0148anie. Tento hydraulick\u00fd valec je navrhnut\u00fd tak, aby u\u013eah\u010doval \u00falohy manipul\u00e1cie s materi\u00e1lom a zabezpe\u010doval efekt\u00edvnos\u0165 a presnos\u0165 oper\u00e1ci\u00ed. Konkr\u00e9tne pracuje v r\u00e1mci hydraulick\u00e9ho syst\u00e9mu a premie\u0148a hydraulick\u00fa energiu na mechanick\u00fa silu, ktor\u00e1 je nevyhnutn\u00e1 na vykon\u00e1vanie \u00faloh kopania, zdv\u00edhania a prepravy v stavebn\u00edctve a in\u00fdch priemyseln\u00fdch aplik\u00e1ci\u00e1ch.<\/p>\n<p><img decoding=\"async\" src=\"https:\/\/www.hydraulic-cylinders.net\/wp-content\/uploads\/2025\/04\/songte-company-1.webp\" alt=\"Valec v\u00fdlo\u017en\u00edka\"><\/p>\n<h2>K\u013e\u00fa\u010dov\u00e9 vlastnosti<\/h2>\n<ul>\n<li><strong>Vysok\u00e1 pevnos\u0165 a odolnos\u0165:<\/strong> Tieto valce s\u00fa vyroben\u00e9 z vysokopevnostnej ocele alebo hlin\u00edka, odol\u00e1vaj\u00fa vysok\u00e9mu tlaku a \u0165a\u017ek\u00e9mu za\u0165a\u017eeniu a s\u00fa navrhnut\u00e9 tak, aby vydr\u017eali n\u00e1ro\u010dn\u00e9 pracovn\u00e9 podmienky, \u010d\u00edm zvy\u0161uj\u00fa odolnos\u0165 proti opotrebovaniu a ochranu proti kor\u00f3zii.<\/li>\n<li><strong>Efekt\u00edvna hydraulick\u00e1 prev\u00e1dzka:<\/strong> Valec v\u00fdlo\u017en\u00edka vyu\u017e\u00edva hydraulick\u00fd tlak oleja pre plynul\u00e9 vys\u00favanie a zas\u00favanie, \u010d\u00edm zabezpe\u010duje r\u00fdchlu odozvu na ovl\u00e1dacie povely a dod\u00e1va zna\u010dn\u00fa tla\u010dn\u00fa a \u0165a\u017en\u00fa silu, ide\u00e1lnu na manipul\u00e1ciu s \u0165a\u017ek\u00fdmi materi\u00e1lmi a zlo\u017eit\u00fdmi \u00falohami.<\/li>\n<li><strong>R\u00f4zne typy:<\/strong> K dispoz\u00edcii s\u00fa v jedno\u010dinnom (hydraulick\u00fd pohon pou\u017e\u00edvan\u00fd v jednom smere) alebo dvoj\u010dinnom (hydraulick\u00fd pohon pou\u017e\u00edvan\u00fd v oboch smeroch) preveden\u00ed, ktor\u00e9 vyhovuj\u00fa r\u00f4znym prev\u00e1dzkov\u00fdm potreb\u00e1m. Niektor\u00e9 modely maj\u00fa teleskopick\u00e9 mo\u017enosti pre dlh\u0161\u00ed dosah bez pridania vonkaj\u0161\u00edch rozmerov, \u010do je ide\u00e1lne pre stiesnen\u00e9 priestory.<\/li>\n<li><strong>Kompatibilita:<\/strong> Na\u0161e produkty s\u00fa navrhnut\u00e9 tak, aby dokonale nahradili existuj\u00face hydraulick\u00e9 valce a pon\u00fakaj\u00fa bezprobl\u00e9mov\u00fa integr\u00e1ciu s r\u00f4znymi modelmi \u0165a\u017ek\u00fdch strojov.<\/li>\n<li><strong>Prisp\u00f4sobite\u013en\u00e9 rie\u0161enia:<\/strong> Mo\u017enosti v\u00fdroby na mieru zabezpe\u010duj\u00fa, \u017ee na\u0161e valce sp\u013a\u0148aj\u00fa \u0161pecifick\u00e9 po\u017eiadavky r\u00f4znych aplik\u00e1ci\u00ed a strojov.<\/li>\n<\/ul>\n<p><img decoding=\"async\" src=\"https:\/\/www.hydraulic-cylinders.net\/wp-content\/uploads\/2025\/04\/songte-cylinder-head-with-all-kinds-excavator-models.webp\" alt=\"Kompatibilita valcov v\u00fdlo\u017en\u00edka\"><\/p>\n<h2>Aplik\u00e1cie valcov v\u00fdlo\u017en\u00edka<\/h2>\n<h3>Stavebn\u00e9 stroje<\/h3>\n<p>V r\u00fdpadl\u00e1ch s\u00fa valce v\u00fdlo\u017en\u00edka nevyhnutn\u00e9 na kopanie, nakladanie a premiest\u0148ovanie zeminy alebo sutiny. Umo\u017e\u0148uj\u00fa ly\u017eici efekt\u00edvne prenika\u0165 do zeme, \u010do u\u013eah\u010duje proces v\u00fdkopu. Synchroniz\u00e1cia pohybov v\u00fdlo\u017en\u00edka a ly\u017eice zais\u0165uje \u00fa\u010dinnos\u0165 a presnos\u0165, v\u010faka \u010domu s\u00fa tieto valce v stavebn\u00fdch projektoch nevyhnutn\u00e9.<\/p>\n<h3>Po\u013enohospod\u00e1rske stroje<\/h3>\n<p>\u010celn\u00e9 naklada\u010de vyu\u017e\u00edvaj\u00fa valce v\u00fdlo\u017en\u00edka na naberanie, zdv\u00edhanie a prepravu p\u00f4dy, sena a in\u00fdch materi\u00e1lov. Mo\u017enos\u0165 nastavenia v\u00fd\u0161ky a uhla ly\u017eice umo\u017e\u0148uje efekt\u00edvnu manipul\u00e1ciu s materi\u00e1lom v po\u013enohospod\u00e1rskych oper\u00e1ci\u00e1ch, zvy\u0161uje produktivitu a zni\u017euje manu\u00e1lnu pr\u00e1cu.<\/p>\n<h3>R\u00fdpadl\u00e1<\/h3>\n<p>V r\u00fdpadl\u00e1ch umo\u017e\u0148uje valec v\u00fdlo\u017en\u00edka efekt\u00edvne kopanie t\u00fdm, \u017ee umo\u017e\u0148uje ly\u017eici prenikn\u00fa\u0165 do r\u00f4znych typov p\u00f4dy. T\u00e1to schopnos\u0165 je nevyhnutn\u00e1 pre mal\u00e9 ter\u00e9nne \u00fapravy aj pre rozsiahle v\u00fdkopov\u00e9 projekty, preto\u017ee poskytuje potrebn\u00fa silu na r\u00fdchle odstr\u00e1nenie zeminy a sutiny.<\/p>\n<h3>Naklada\u010de<\/h3>\n<p>V \u010deln\u00fdch naklada\u010doch pom\u00e1haj\u00fa valce v\u00fdlo\u017en\u00edka efekt\u00edvne zdv\u00edha\u0165 a vyklada\u0165 n\u00e1klad. Ich kon\u0161trukcia zais\u0165uje \u013eahk\u00fa prepravu \u0165a\u017ek\u00fdch materi\u00e1lov, \u010do prispieva k optimaliz\u00e1cii pracovn\u00fdch postupov na stavb\u00e1ch a pri projektoch \u00fapravy krajiny.<\/p>\n<h2>\u00davahy o dizajne a krit\u00e9ri\u00e1 v\u00fdberu<\/h2>\n<h3>Nosnos\u0165<\/h3>\n<p>Jedn\u00fdm z hlavn\u00fdch kon\u0161truk\u010dn\u00fdch aspektov valcov ramena je ich nosnos\u0165. T\u00e1 ur\u010duje, ak\u00fa hmotnos\u0165 dok\u00e1\u017ee valec bezpe\u010dne zdvihn\u00fa\u0165 a zvl\u00e1dnu\u0165 po\u010das prev\u00e1dzky. Spr\u00e1vne v\u00fdpo\u010dty zalo\u017een\u00e9 na o\u010dak\u00e1vanom za\u0165a\u017een\u00ed s\u00fa nevyhnutn\u00e9 na zaistenie bezpe\u010dnosti a funk\u010dnosti. V\u00fdrobcovia zvy\u010dajne pou\u017e\u00edvaj\u00fa vysokopevnostn\u00e9 materi\u00e1ly a pokro\u010dil\u00e9 in\u017einierske techniky na zv\u00fd\u0161enie tejto nosnosti, \u010d\u00edm zabezpe\u010duj\u00fa, \u017ee valce spo\u013eahlivo funguj\u00fa aj v n\u00e1ro\u010dn\u00fdch podmienkach.<\/p>\n<h3>Tesnenie a trvanlivos\u0165<\/h3>\n<p>\u00da\u010dinn\u00e9 tesnenie je v hydraulick\u00fdch valcoch k\u013e\u00fa\u010dov\u00e9, aby sa zabr\u00e1nilo \u00faniku kvapaliny, \u010do m\u00f4\u017ee ohrozi\u0165 v\u00fdkon a bezpe\u010dnos\u0165. Vysokokvalitn\u00e9 tesnenia vyroben\u00e9 z odoln\u00fdch materi\u00e1lov, ako je polyuret\u00e1n alebo nitrilov\u00e1 guma, s\u00fa nevyhnutn\u00e9. Musia odol\u00e1va\u0165 vysok\u00fdm zmen\u00e1m tlaku a teploty a z\u00e1rove\u0148 si zachova\u0165 svoju integritu v priebehu \u010dasu. Pravideln\u00e1 \u00fadr\u017eba a v\u00fdmena tesnen\u00ed s\u00fa nevyhnutn\u00e9 na zabezpe\u010denie optim\u00e1lneho v\u00fdkonu a dlhej \u017eivotnosti valca.<\/p>\n<h3>Bezpe\u010dnostn\u00e9 prvky<\/h3>\n<p>Bezpe\u010dnos\u0165 je pri navrhovan\u00ed valcov ramena prvorad\u00e1. Za\u010dlenenie bezpe\u010dnostn\u00fdch prvkov, ako s\u00fa pretlakov\u00e9 ventily a robustn\u00e9 blokovacie mechanizmy, m\u00f4\u017ee zabr\u00e1ni\u0165 nehod\u00e1m a zv\u00fd\u0161i\u0165 prev\u00e1dzkov\u00fa bezpe\u010dnos\u0165. V\u00fdrobcovia musia dodr\u017eiava\u0165 pr\u00edsne bezpe\u010dnostn\u00e9 predpisy a pokyny, aby zabezpe\u010dili, \u017ee ich v\u00fdrobky sp\u013a\u0148aj\u00fa priemyseln\u00e9 normy a chr\u00e1nia obsluhu po\u010das pou\u017e\u00edvania.<\/p>\n<p><img decoding=\"async\" src=\"https:\/\/www.hydraulic-cylinders.net\/wp-content\/uploads\/2025\/04\/songte-oil-pipes-and-spare-parts.webp\" alt=\"\u010casti hydraulick\u00e9ho valca\"><\/p>\n<h2>Tesnenie a mazanie<\/h2>\n<p>V\u00fdkon a \u017eivotnos\u0165 valca v\u00fdlo\u017en\u00edka vo ve\u013ekej miere z\u00e1visia od \u00fa\u010dinnosti jeho tesniacich a mazac\u00edch syst\u00e9mov. R\u00f4zne tesniace komponenty, vr\u00e1tane tesnen\u00ed piestov a tesnen\u00ed ty\u010d\u00ed, zohr\u00e1vaj\u00fa d\u00f4le\u017eit\u00fa \u00falohu pri udr\u017eiavan\u00ed hydraulick\u00e9ho tlaku a predch\u00e1dzan\u00ed \u00fanikom kvapal\u00edn. V\u00fdber tesniacich materi\u00e1lov, ako je polyuret\u00e1n a nitrilov\u00e1 guma, je k\u013e\u00fa\u010dov\u00fd, preto\u017ee musia odol\u00e1va\u0165 opotrebovaniu z nepretr\u017eitej prev\u00e1dzky.<\/p>\n<p>Okrem toho, teleso valca a z\u00e1vitov\u00e9 koncov\u00e9 plochy prech\u00e1dzaj\u00fa presn\u00fdm obr\u00e1ban\u00edm, aby sa zv\u00fd\u0161ila ich odolnos\u0165 proti opotrebovaniu. Pravideln\u00e9 mazanie vhodn\u00fdm hydraulick\u00fdm olejom je nevyhnutn\u00e9 pre zabezpe\u010denie hladkej prev\u00e1dzky a zabr\u00e1nenie po\u0161kodeniu vn\u00fatorn\u00fdch komponentov. Obsluha by mala dodr\u017eiava\u0165 pokyny v\u00fdrobcu t\u00fdkaj\u00face sa frekvencie mazania a typov oleja, aby sa udr\u017eal optim\u00e1lny v\u00fdkon.<\/p>\n<h2>\u00dadr\u017eb\u00e1rske opatrenia<\/h2>\n<ul>\n<li><strong>Pravideln\u00e9 kontroly:<\/strong> Vykon\u00e1vanie pravideln\u00fdch kontrol je k\u013e\u00fa\u010dov\u00e9 pre identifik\u00e1ciu potenci\u00e1lnych probl\u00e9mov sk\u00f4r, ako sa vyhrotia. Prev\u00e1dzkovatelia by mali skontrolova\u0165 ak\u00e9ko\u013evek zn\u00e1mky netesnost\u00ed, kor\u00f3zie alebo opotrebovania, aby sa zabezpe\u010dilo, \u017ee f\u013ea\u0161a funguje efekt\u00edvne.<\/li>\n<li><strong>Vhodn\u00e9 mazanie:<\/strong> Spr\u00e1vne mazanie hydraulick\u00e9ho valca je nevyhnutn\u00e9 pre hladk\u00fd chod. Pravideln\u00e9 prid\u00e1vanie potrebn\u00e9ho mno\u017estva hydraulick\u00e9ho oleja zabra\u0148uje opotrebovaniu a pom\u00e1ha udr\u017eiava\u0165 integritu tesnen\u00ed a vn\u00fatorn\u00fdch komponentov.<\/li>\n<li><strong>V\u00fdmena tesnen\u00ed:<\/strong> Tesnenia sa \u010dasom m\u00f4\u017eu opotrebova\u0165 v d\u00f4sledku kol\u00edsania tlaku a teploty. Pravideln\u00e1 v\u00fdmena tesnen\u00ed m\u00f4\u017ee zabr\u00e1ni\u0165 \u00faniku kvapaliny a pred\u013a\u017ei\u0165 \u017eivotnos\u0165 valca.<\/li>\n<\/ul>\n<h2>Pokyny na in\u0161tal\u00e1ciu<\/h2>\n<p>Spr\u00e1vna in\u0161tal\u00e1cia valca v\u00fdlo\u017en\u00edka je nevyhnutn\u00e1 pre zabezpe\u010denie optim\u00e1lneho v\u00fdkonu a bezpe\u010dnosti. Za\u010dnite \u010disten\u00edm mont\u00e1\u017enych povrchov, aby ste odstr\u00e1nili ne\u010distoty a \u00falomky, ktor\u00e9 by mohli prek\u00e1\u017ea\u0165 pri zarovnan\u00ed. Na upevnenie valca pou\u017eite vhodn\u00e9 mont\u00e1\u017ene konzoly a uistite sa, \u017ee je spr\u00e1vne zarovnan\u00fd s hydraulick\u00fdm syst\u00e9mom stroja. Utiahnite v\u0161etky spoje pod\u013ea \u0161pecifik\u00e1ci\u00ed v\u00fdrobcu, aby ste predi\u0161li ich uvo\u013eneniu po\u010das prev\u00e1dzky.<\/p>\n<p>Pred obsluhou stroja otestujte valec, aby ste sa uistili, \u017ee sa vo\u013ene pohybuje bez prek\u00e1\u017eok. Skontrolujte, \u010di okolo tesnen\u00ed a spojov nedoch\u00e1dza k \u00fanikom kvapaliny, a v\u0161etky probl\u00e9my ihne\u010f odstr\u00e1\u0148te. Dodr\u017eiavanie t\u00fdchto pokynov na in\u0161tal\u00e1ciu pom\u00f4\u017ee maximalizova\u0165 \u00fa\u010dinnos\u0165 a \u017eivotnos\u0165 valca ramena.<\/p>\n<h2>Be\u017en\u00e9 \u00falohy \u00fadr\u017eby<\/h2>\n<h3>Pravideln\u00e9 kontroly<\/h3>\n<p>Pravideln\u00e1 kontrola tesnosti, opotrebovania a in\u00fdch probl\u00e9mov na valci ramena je nevyhnutn\u00e1 pre udr\u017eanie jeho funk\u010dnosti. Obsluha by mala skontrolova\u0165 vonkaj\u0161\u00ed povrch valca, \u010di nevykazuje zn\u00e1mky po\u0161kodenia, a zabezpe\u010di\u0165 bezpe\u010dn\u00e9 upevnenie hydraulick\u00fdch pripojen\u00ed. V\u010dasn\u00e9 odhalenie probl\u00e9mov m\u00f4\u017ee zabr\u00e1ni\u0165 n\u00e1kladn\u00fdm oprav\u00e1m a prestojom.<\/p>\n<h3>Spr\u00e1vne mazanie<\/h3>\n<p>Mazanie je nevyhnutn\u00e9 pre plynul\u00fd chod hydraulick\u00e9ho valca. Dodr\u017eiavanie odpor\u00fa\u010dan\u00ed v\u00fdrobcu t\u00fdkaj\u00facich sa typu maziva a frekvencie aplik\u00e1cie je nevyhnutn\u00e9 na prevenciu trenia a opotrebenia. Spr\u00e1vne mazanie pom\u00e1ha udr\u017eiava\u0165 integritu tesnen\u00ed a zni\u017euje riziko \u00faniku hydraulickej kvapaliny.<\/p>\n<h3>V\u00fdmena a kalibr\u00e1cia tesnenia<\/h3>\n<p>Ke\u010f\u017ee sa tesnenia \u010dasom opotreb\u00favaj\u00fa, je ich pravideln\u00e1 v\u00fdmena nevyhnutn\u00e1 na udr\u017eanie \u00fa\u010dinnosti hydraulick\u00e9ho syst\u00e9mu. Obsluha by mala pozorne sledova\u0165 stav tesnen\u00ed a vymeni\u0165 ich, ke\u010f sa objavia zn\u00e1mky opotrebovania alebo po\u0161kodenia. Okrem toho, pravideln\u00e1 kalibr\u00e1cia hydraulick\u00e9ho syst\u00e9mu zabezpe\u010duje, \u017ee valec v\u00fdlo\u017en\u00edka funguje spr\u00e1vne a presne reaguje na povely obsluhy.<\/p>\n<p><img decoding=\"async\" src=\"https:\/\/www.hydraulic-cylinders.net\/wp-content\/uploads\/2025\/04\/songte-chushion-collar.webp\" alt=\"In\u0161tal\u00e1cia valca v\u00fdlo\u017en\u00edka\"><\/p>\n<h2>Bezpe\u010dnostn\u00e9 aspekty a faktory prostredia<\/h2>\n<p>Pri obsluhe \u0165a\u017ek\u00fdch strojov s\u00fa bezpe\u010dnostn\u00e9 opatrenia prvorad\u00e9. Obsluha by mala v\u017edy dodr\u017eiava\u0165 bezpe\u010dnostn\u00e9 protokoly pri pou\u017e\u00edvan\u00ed valcov v\u00fdlo\u017en\u00edka, ako je nosenie vhodn\u00fdch osobn\u00fdch ochrann\u00fdch prostriedkov a dodr\u017eiavanie prev\u00e1dzkov\u00fdch pokynov. Pochopenie potenci\u00e1lnych riz\u00edk spojen\u00fdch s hydraulick\u00fdmi syst\u00e9mami vr\u00e1tane \u00fanikov hydraulickej kvapaliny a probl\u00e9mov s tlakovan\u00edm je k\u013e\u00fa\u010dov\u00e9 pre zabezpe\u010denie bezpe\u010dn\u00e9ho pracovn\u00e9ho prostredia. Okrem toho m\u00f4\u017ee pou\u017e\u00edvanie ekologick\u00fdch kvapal\u00edn pom\u00f4c\u0165 zn\u00ed\u017ei\u0165 vplyv hydraulick\u00fdch oper\u00e1ci\u00ed na \u017eivotn\u00e9 prostredie.<\/p>\n<h2>Diagnostika por\u00fach a be\u017en\u00e9 probl\u00e9my<\/h2>\n<ul>\n<li><strong>\u00daniky tekut\u00edn:<\/strong> Jedn\u00fdm z naj\u010dastej\u0161\u00edch probl\u00e9mov s valcami v\u00fdlo\u017en\u00edka je \u00fanik kvapaliny, ku ktor\u00e9mu m\u00f4\u017ee d\u00f4js\u0165 v d\u00f4sledku opotrebovan\u00fdch tesnen\u00ed alebo po\u0161koden\u00fdch telies valcov. Pravideln\u00e1 kontrola a v\u010dasn\u00e1 v\u00fdmena tesnen\u00ed s\u00fa nevyhnutn\u00e9 na zabr\u00e1nenie \u00fanikom.<\/li>\n<li><strong>Zn\u00ed\u017een\u00fd v\u00fdkon:<\/strong> Ak sa valec nevys\u00fava alebo nezas\u00fava plynulo, m\u00f4\u017ee to znamena\u0165 n\u00edzku hladinu hydraulickej kvapaliny alebo vn\u00fatorn\u00e9 po\u0161kodenie. Je nevyhnutn\u00e9 pravidelne kontrolova\u0165 hladiny kvapal\u00edn a okam\u017eite rie\u0161i\u0165 v\u0161etky prev\u00e1dzkov\u00e9 probl\u00e9my.<\/li>\n<li><strong>Hlu\u010dn\u00e1 prev\u00e1dzka:<\/strong> Nezvy\u010dajn\u00e9 zvuky po\u010das prev\u00e1dzky m\u00f4\u017eu nazna\u010dova\u0165 vn\u00fatorn\u00e9 opotrebovanie alebo nedostatok mazania. Obsluha by mala presk\u00fama\u0165 ak\u00e9ko\u013evek zvl\u00e1\u0161tne zvuky a vykona\u0165 potrebn\u00fa \u00fadr\u017ebu na odstr\u00e1nenie probl\u00e9mu.<\/li>\n<\/ul>\n<h2>Tipy na rie\u0161enie probl\u00e9mov<\/h2>\n<p>Pre efekt\u00edvnu diagnostiku a rie\u0161enie por\u00fach by sa oper\u00e1tori mali obozn\u00e1mi\u0165 s be\u017en\u00fdmi probl\u00e9mami a ich rie\u0161eniami. V pr\u00edpade \u00faniku kvapaliny skontrolujte tesnenia a v pr\u00edpade potreby ich vyme\u0148te. Pri zn\u00ed\u017eenom v\u00fdkone skontrolujte hladinu hydraulickej kvapaliny a v pr\u00edpade n\u00edzkej hladiny ju dopl\u0148te. Ak sa vyskytn\u00fa nezvy\u010dajn\u00e9 zvuky, presk\u00famajte mo\u017en\u00e9 opotrebovanie a zabezpe\u010dte spr\u00e1vne mazanie. Implement\u00e1cia prevent\u00edvnych opatren\u00ed, ako s\u00fa pravideln\u00e9 kontroly a v\u010dasn\u00e1 \u00fadr\u017eba, m\u00f4\u017ee v\u00fdrazne zn\u00ed\u017ei\u0165 pravdepodobnos\u0165 v\u00fdskytu t\u00fdchto probl\u00e9mov v bud\u00facnosti.<\/p>\n<p><img decoding=\"async\" src=\"https:\/\/www.hydraulic-cylinders.net\/wp-content\/uploads\/2025\/04\/songte-bushings-with-all-kinds-of-excavator-models.webp\" alt=\"Komponenty valca v\u00fdlo\u017en\u00edka\"><\/p>\n<h2>O na\u0161ej spolo\u010dnosti<\/h2>\n<p>Sme popredn\u00fdm v\u00fdrobcom n\u00e1hradn\u00fdch hydraulick\u00fdch valcov a pon\u00fakame komplexn\u00fd sortiment produktov, ktor\u00e9 uspokoja dom\u00e1ci aj medzin\u00e1rodn\u00fd trh. N\u00e1\u0161 z\u00e1v\u00e4zok k excelentnosti sa odr\u00e1\u017ea v na\u0161ich prepracovan\u00fdch v\u00fdrobn\u00fdch procesoch a strat\u00e9gi\u00e1ch. Vyu\u017e\u00edvame pokro\u010dil\u00e9 technol\u00f3gie, kvalifikovan\u00fd person\u00e1l a digit\u00e1lne v\u00fdrobn\u00e9 zariadenia na neust\u00e1le zlep\u0161ovanie na\u0161ich v\u00fdrobn\u00fdch kapac\u00edt.<\/p>\n<p>Na\u0161e zameranie na zabezpe\u010denie kvality zaru\u010duje, \u017ee ka\u017ed\u00fd produkt sp\u013a\u0148a najvy\u0161\u0161ie \u0161tandardy a na\u0161e mo\u017enosti prisp\u00f4sobenia n\u00e1m umo\u017e\u0148uj\u00fa efekt\u00edvne uspokojova\u0165 rozmanit\u00e9 potreby klientov. V\u010faka v\u00fdnimo\u010dn\u00e9mu popredajn\u00e9mu servisu a medzin\u00e1rodn\u00fdm certifik\u00e1ci\u00e1m sa sna\u017e\u00edme dod\u00e1va\u0165 produkty, ktor\u00e9 nielen sp\u013a\u0148aj\u00fa, ale aj prekon\u00e1vaj\u00fa o\u010dak\u00e1vania z\u00e1kazn\u00edkov.<\/p>\n<p><img decoding=\"async\" src=\"https:\/\/www.hydraulic-cylinders.net\/wp-content\/uploads\/2025\/04\/songte-company-4.webp\" alt=\"Preh\u013ead spolo\u010dnosti\"><br \/>\n<img decoding=\"async\" src=\"https:\/\/www.hydraulic-cylinders.net\/wp-content\/uploads\/2025\/04\/songte-company-3.webp\" alt=\"V\u00fdroba spolo\u010dnosti\"><\/p>\n<p>Autor: lyl<\/p>","protected":false},"excerpt":{"rendered":"<p>Boom Cylinder For Caterpillar Small Excavator E311\/311C Overview of Boom Cylinders The boom cylinder is a crucial component used in various heavy machinery, particularly in excavators, backhoes, and front loaders. It serves to control the movement of the bucket, allowing it to lift, lower, and tilt effectively. This hydraulic cylinder is designed to facilitate material [&hellip;]<\/p>","protected":false},"featured_media":17869,"comment_status":"open","ping_status":"closed","template":"","meta":{"_et_pb_use_builder":"","_et_pb_old_content":"","_et_gb_content_width":""},"product_brand":[],"product_cat":[1546],"product_tag":[1547,1496],"class_list":{"0":"post-18927","1":"product","2":"type-product","3":"status-publish","4":"has-post-thumbnail","6":"product_cat-boom-cylinders","7":"product_tag-boom-cylinders","8":"product_tag-hydraulic-cylinders","10":"first","11":"instock","12":"shipping-taxable","13":"product-type-simple"},"amp_enabled":true,"_links":{"self":[{"href":"https:\/\/www.hydraulic-cylinders.net\/sk\/wp-json\/wp\/v2\/product\/18927","targetHints":{"allow":["GET"]}}],"collection":[{"href":"https:\/\/www.hydraulic-cylinders.net\/sk\/wp-json\/wp\/v2\/product"}],"about":[{"href":"https:\/\/www.hydraulic-cylinders.net\/sk\/wp-json\/wp\/v2\/types\/product"}],"replies":[{"embeddable":true,"href":"https:\/\/www.hydraulic-cylinders.net\/sk\/wp-json\/wp\/v2\/comments?post=18927"}],"wp:featuredmedia":[{"embeddable":true,"href":"https:\/\/www.hydraulic-cylinders.net\/sk\/wp-json\/wp\/v2\/media\/17869"}],"wp:attachment":[{"href":"https:\/\/www.hydraulic-cylinders.net\/sk\/wp-json\/wp\/v2\/media?parent=18927"}],"wp:term":[{"taxonomy":"product_brand","embeddable":true,"href":"https:\/\/www.hydraulic-cylinders.net\/sk\/wp-json\/wp\/v2\/product_brand?post=18927"},{"taxonomy":"product_cat","embeddable":true,"href":"https:\/\/www.hydraulic-cylinders.net\/sk\/wp-json\/wp\/v2\/product_cat?post=18927"},{"taxonomy":"product_tag","embeddable":true,"href":"https:\/\/www.hydraulic-cylinders.net\/sk\/wp-json\/wp\/v2\/product_tag?post=18927"}],"curies":[{"name":"pracovn\u00fd list","href":"https:\/\/api.w.org\/{rel}","templated":true}]}}