{"id":18928,"date":"2025-04-07T06:02:40","date_gmt":"2025-04-07T06:02:40","guid":{"rendered":"https:\/\/www.hydraulic-cylinders.net\/product\/boom-cylinder-for-caterpillar-small-excavator-e312d2gc\/"},"modified":"2025-04-07T06:02:42","modified_gmt":"2025-04-07T06:02:42","slug":"boom-cylinder-for-caterpillar-small-excavator-e312d2gc","status":"publish","type":"product","link":"https:\/\/www.hydraulic-cylinders.net\/sk\/produkt\/boom-cylinder-for-caterpillar-small-excavator-e312d2gc\/","title":{"rendered":"Valec v\u00fdlo\u017en\u00edka pre mal\u00e9 r\u00fdpadlo Caterpillar E312D2GC"},"content":{"rendered":"<h1>Valec v\u00fdlo\u017en\u00edka pre mal\u00e9 r\u00fdpadlo Caterpillar E312D2GC<\/h1>\n<h2>Preh\u013ead produktu<\/h2>\n<p>Hydraulick\u00fd valec v\u00fdlo\u017en\u00edka je z\u00e1kladn\u00fd hydraulick\u00fd komponent \u0161peci\u00e1lne navrhnut\u00fd na ovl\u00e1danie pohybu ly\u017eice v r\u00f4znych \u0165a\u017ek\u00fdch strojoch vr\u00e1tane r\u00fdpadiel, r\u00fdpadiel-naklada\u010dov a \u010deln\u00fdch naklada\u010dov. Tento hydraulick\u00fd valec umo\u017e\u0148uje efekt\u00edvne zdv\u00edhanie, sp\u00fa\u0161\u0165anie a nakl\u00e1\u0148anie ly\u017eice, \u010do u\u013eah\u010duje \u00falohy manipul\u00e1cie s materi\u00e1lom v stavebn\u00edctve a in\u00fdch odvetviach. Valec ly\u017eice pracuje v r\u00e1mci hydraulick\u00e9ho syst\u00e9mu a na dosiahnutie svojich pohybov vyu\u017e\u00edva tlakov\u00fa kvapalinu, v\u010faka \u010domu je k\u013e\u00fa\u010dov\u00fdm prvkom pre efekt\u00edvnu prev\u00e1dzku.<\/p>\n<p><img decoding=\"async\" src=\"https:\/\/www.hydraulic-cylinders.net\/wp-content\/uploads\/2025\/04\/songte-company-1.webp\" alt=\"Valec v\u00fdlo\u017en\u00edka pre r\u00fdpadl\u00e1\" \/><\/p>\n<h2>Vlastnosti valca v\u00fdlo\u017en\u00edka<\/h2>\n<ul>\n<li><strong>Vysok\u00e1 pevnos\u0165 a odolnos\u0165:<\/strong> Vyroben\u00e9 z vysokopevnostnej ocele alebo hlin\u00edka, schopn\u00e9 odol\u00e1va\u0165 vysok\u00e9mu tlaku a \u0165a\u017ek\u00e9mu za\u0165a\u017eeniu, navrhnut\u00e9 pre odolnos\u0165 proti oderu a kor\u00f3zii pre pred\u013a\u017eenie \u017eivotnosti.<\/li>\n<li><strong>Efekt\u00edvna hydraulick\u00e1 prev\u00e1dzka:<\/strong> Vyu\u017e\u00edva tlak hydraulickej kvapaliny pre plynul\u00e9 teleskopick\u00e9 pohyby, poskytuje r\u00fdchlu odozvu na ovl\u00e1dacie povely a poskytuje v\u00fdkonn\u00e9 tla\u010dn\u00e9 a \u0165ahacie schopnosti, vhodn\u00e9 na manipul\u00e1ciu s \u0165a\u017ek\u00fdmi materi\u00e1lmi a zlo\u017eit\u00fdmi \u00falohami.<\/li>\n<li><strong>R\u00f4zne typy:<\/strong> K dispoz\u00edcii s\u00fa v jedno\u010dinn\u00fdch (s hydraulick\u00fdm tlakom v jednom smere) alebo dvoj\u010dinn\u00fdch (s hydraulick\u00fdm tlakom v oboch smeroch) konfigur\u00e1ci\u00e1ch pre splnenie r\u00f4znych prev\u00e1dzkov\u00fdch potrieb, pri\u010dom niektor\u00e9 modely pon\u00fakaj\u00fa teleskopick\u00e9 prvky pre v\u00e4\u010d\u0161ie vysunutie bez zv\u00e4\u010d\u0161enia vonkaj\u0161\u00edch rozmerov, ide\u00e1lne pre aplik\u00e1cie s obmedzen\u00fdm priestorom.<\/li>\n<li><strong>Vysok\u00fd v\u00fdkon:<\/strong> Navrhnut\u00e9 pre optim\u00e1lny v\u00fdkon v r\u00f4znych pracovn\u00fdch podmienkach a zabezpe\u010duj\u00fa spo\u013eahliv\u00fa prev\u00e1dzku v n\u00e1ro\u010dn\u00fdch prostrediach.<\/li>\n<li><strong>Z\u00e1kazkov\u00e1 v\u00fdroba:<\/strong> Tento produkt vieme vyrobi\u0165 a na\u0161e valce dokonale nahradia tieto hydraulick\u00e9 valce.<\/li>\n<\/ul>\n<p><img decoding=\"async\" src=\"https:\/\/www.hydraulic-cylinders.net\/wp-content\/uploads\/2025\/04\/songte-cylinder-head-with-all-kinds-excavator-models.webp\" alt=\"Modely hydraulick\u00fdch valcov\" \/><\/p>\n<h2>Aplik\u00e1cie valca v\u00fdlo\u017en\u00edka<\/h2>\n<h3>Stavebn\u00e9 stroje<\/h3>\n<p>V r\u00fdpadl\u00e1ch je valec v\u00fdlo\u017en\u00edka nevyhnutn\u00fd pre kopanie, nakladanie a premiest\u0148ovanie zeminy alebo sutiny. Umo\u017e\u0148uje obsluhe ovl\u00e1da\u0165 h\u013abku a uhol ly\u017eice, \u010d\u00edm zvy\u0161uje produktivitu na stavenisk\u00e1ch. V r\u00fdpadlo-naklada\u010doch pom\u00e1ha valec ly\u017eice pri v\u00fdkopov\u00fdch aj zdv\u00edhac\u00edch \u00faloh\u00e1ch, v\u010faka \u010domu je nevyhnutn\u00fdm n\u00e1strojom pre r\u00f4zne stavebn\u00e9 a zemn\u00e9 pr\u00e1ce.<\/p>\n<h3>Po\u013enohospod\u00e1rske stroje<\/h3>\n<p>Pou\u017e\u00edvan\u00fd v \u010deln\u00fdch naklada\u010doch, valec v\u00fdlo\u017en\u00edka u\u013eah\u010duje efekt\u00edvne naberanie, zdv\u00edhanie a prepravu p\u00f4dy, sena a in\u00fdch materi\u00e1lov. Jeho robustn\u00e1 kon\u0161trukcia a funk\u010dnos\u0165 ho robia vhodn\u00fdm pre po\u013enohospod\u00e1rske prev\u00e1dzky, kde je be\u017enou po\u017eiadavkou zdv\u00edhanie \u0165a\u017ek\u00fdch bremien.<\/p>\n<h3>R\u00fdpadl\u00e1<\/h3>\n<p>Valec v\u00fdlo\u017en\u00edka umo\u017e\u0148uje ly\u017eici prenikn\u00fa\u0165 do p\u00f4dy pre efekt\u00edvne kopacie oper\u00e1cie. Jeho hydraulick\u00e9 schopnosti umo\u017e\u0148uj\u00fa v\u00fdkonn\u00e9 v\u00fdkopov\u00e9 pr\u00e1ce pri zachovan\u00ed presnosti, v\u010faka \u010domu je nevyhnutn\u00fd pre projekty vy\u017eaduj\u00face hlbok\u00e9 zemn\u00e9 pr\u00e1ce.<\/p>\n<h3>Naklada\u010de<\/h3>\n<p>V \u010deln\u00fdch naklada\u010doch valec v\u00fdlo\u017en\u00edka pom\u00e1ha pri efekt\u00edvnom zdv\u00edhan\u00ed a vykladan\u00ed bremien. Jeho spo\u013eahliv\u00fd v\u00fdkon je k\u013e\u00fa\u010dov\u00fd pre oper\u00e1cie zah\u0155\u0148aj\u00face prepravu materi\u00e1lov, \u010d\u00edm sa zabezpe\u010d\u00ed bezpe\u010dn\u00e1 a efekt\u00edvna preprava bremien.<\/p>\n<h2>\u00davahy o dizajne a krit\u00e9ri\u00e1 v\u00fdberu<\/h2>\n<h3>Nosnos\u0165<\/h3>\n<p>Jedn\u00fdm z hlavn\u00fdch kon\u0161truk\u010dn\u00fdch aspektov valca v\u00fdlo\u017en\u00edka je jeho nosnos\u0165. Je nevyhnutn\u00e9, aby valec dok\u00e1zal zvl\u00e1dnu\u0165 maxim\u00e1lne za\u0165a\u017eenie, s ktor\u00fdm sa stretne po\u010das prev\u00e1dzky. To zah\u0155\u0148a v\u00fdpo\u010det s\u00edl vyv\u00edjan\u00fdch po\u010das zdv\u00edhac\u00edch \u00faloh a v\u00fdber materi\u00e1lov a kon\u0161trukci\u00ed, ktor\u00e9 t\u00fdmto sil\u00e1m odol\u00e1vaj\u00fa bez zlyhania.<\/p>\n<h3>Tesniaci v\u00fdkon<\/h3>\n<p>\u00da\u010dinn\u00e9 tesnenie je nevyhnutn\u00e9 na zabr\u00e1nenie \u00faniku hydraulickej kvapaliny, \u010do m\u00f4\u017ee vies\u0165 k zn\u00ed\u017eeniu \u00fa\u010dinnosti a potenci\u00e1lnym environment\u00e1lnym rizik\u00e1m. Vysokokvalitn\u00e9 tesnenia vyroben\u00e9 z odoln\u00fdch materi\u00e1lov s\u00fa nevyhnutn\u00e9 na zabezpe\u010denie dlhotrvaj\u00faceho v\u00fdkonu a zachovanie integrity hydraulick\u00e9ho syst\u00e9mu.<\/p>\n<h3>Trvanlivos\u0165<\/h3>\n<p>Pracovn\u00e9 prostredie hydraulick\u00fdch valcov m\u00f4\u017ee by\u0165 drsn\u00e9, s vystaven\u00edm prachu, ne\u010distot\u00e1m a r\u00f4znym poveternostn\u00fdm podmienkam. Navrhovanie s oh\u013eadom na odolnos\u0165 zah\u0155\u0148a v\u00fdber robustn\u00fdch materi\u00e1lov a povrchov\u00fdch \u00faprav, ktor\u00e9 odol\u00e1vaj\u00fa opotrebovaniu a kor\u00f3zii, \u010d\u00edm sa predl\u017euje \u017eivotnos\u0165 valca.<\/p>\n<h3>Bezpe\u010dnostn\u00e9 prvky<\/h3>\n<p>Pri navrhovan\u00ed hydraulick\u00fdch valcov je bezpe\u010dnos\u0165 prvorad\u00e1. Implement\u00e1cia bezpe\u010dnostn\u00fdch prvkov, ako s\u00fa pretlakov\u00e9 ventily a ochrana proti prasknutiu, m\u00f4\u017ee zabr\u00e1ni\u0165 katastrof\u00e1lnym poruch\u00e1m. Okrem toho s\u00fa d\u00f4kladn\u00e9 testovanie a dodr\u017eiavanie priemyseln\u00fdch noriem nevyhnutn\u00e9 na zabezpe\u010denie bezpe\u010dnej prev\u00e1dzky valcov za v\u0161etk\u00fdch podmienok.<\/p>\n<h3>Udr\u017eiavate\u013enos\u0165<\/h3>\n<p>Navrhovanie s oh\u013eadom na \u00fadr\u017ebu je k\u013e\u00fa\u010dov\u00e9 pre minimaliz\u00e1ciu prestojov a n\u00e1kladov na opravy. To zah\u0155\u0148a zabezpe\u010denie pr\u00edstupu pre kontroly a \u00fadr\u017eb\u00e1rske \u00falohy, ako aj poskytnutie jasn\u00fdch pokynov pre v\u00fdmenu tesnen\u00ed a komponentov, \u010do umo\u017e\u0148uje r\u00fdchly a efekt\u00edvny servis.<\/p>\n<p><img decoding=\"async\" src=\"https:\/\/www.hydraulic-cylinders.net\/wp-content\/uploads\/2025\/04\/songte-oil-pipes-and-spare-parts.webp\" alt=\"Hydraulick\u00e9 diely\" \/><\/p>\n<h2>Tesnenie a mazanie<\/h2>\n<p>Tesniaci syst\u00e9m valca v\u00fdlo\u017en\u00edka zah\u0155\u0148a r\u00f4zne typy tesnen\u00ed, ako s\u00fa piestne tesnenia a tesnenia ty\u010d\u00ed, ktor\u00e9 s\u00fa nevyhnutn\u00e9 na udr\u017eanie hydraulick\u00e9ho tlaku. Na zv\u00fd\u0161enie odolnosti sa be\u017ene pou\u017e\u00edvaj\u00fa tesnenia vyroben\u00e9 z materi\u00e1lov odoln\u00fdch vo\u010di opotrebovaniu, ako je polyuret\u00e1n a nitrilov\u00fd kau\u010duk. Okrem toho sa teleso valca a z\u00e1vitov\u00e9 koncov\u00e9 plochy presn\u00fdm obr\u00e1ban\u00edm zlep\u0161uj\u00fa na zlep\u0161enie odolnosti vo\u010di opotrebovaniu. Pravideln\u00e9 mazanie hydraulick\u00fdm olejom je nevyhnutn\u00e9 pre zabezpe\u010denie hladk\u00e9ho chodu a zabr\u00e1nenie opotrebovaniu komponentov.<\/p>\n<h2>Pravideln\u00e1 kontrola a prevent\u00edvna \u00fadr\u017eba<\/h2>\n<ul>\n<li><strong>Pravideln\u00e9 kontroly:<\/strong> Zave\u010fte pl\u00e1n pravideln\u00fdch kontrol, aby ste identifikovali ak\u00e9ko\u013evek opotrebovanie alebo potenci\u00e1lne probl\u00e9my sk\u00f4r, ako sa vyhrotia. Pravideln\u00e9 kontroly m\u00f4\u017eu pom\u00f4c\u0165 v\u010das odhali\u0165 \u00faniky alebo po\u0161kodenia a pred\u00eds\u0165 tak n\u00e1kladn\u00fdm oprav\u00e1m.<\/li>\n<li><strong>Vhodn\u00e9 mazanie:<\/strong> Uistite sa, \u017ee hladina hydraulick\u00e9ho oleja je udr\u017eiavan\u00e1 na spr\u00e1vnej \u00farovni a pod\u013ea potreby sa vymie\u0148a. Spr\u00e1vne mazanie zni\u017euje trenie a opotrebovanie pohybliv\u00fdch \u010dast\u00ed, \u010d\u00edm sa predl\u017euje \u017eivotnos\u0165 valca.<\/li>\n<li><strong>V\u00fdmena tesnenia:<\/strong> Pravidelne kontrolujte tesnenia, \u010di nevykazuj\u00fa zn\u00e1mky opotrebovania alebo po\u0161kodenia, a v pr\u00edpade potreby ich vyme\u0148te. Tento postup pom\u00e1ha udr\u017eiava\u0165 hydraulick\u00fd tlak a zabra\u0148uje \u00faniku kvapaliny.<\/li>\n<\/ul>\n<h2>Pokyny na in\u0161tal\u00e1ciu<\/h2>\n<p>Spr\u00e1vna in\u0161tal\u00e1cia valca v\u00fdlo\u017en\u00edka je nevyhnutn\u00e1 pre optim\u00e1lny v\u00fdkon. Za\u010dnite t\u00fdm, \u017ee sa uist\u00edte, \u017ee miesto in\u0161tal\u00e1cie je \u010dist\u00e9 a bez ne\u010dist\u00f4t. Valec spr\u00e1vne zarovnajte s mont\u00e1\u017enymi bodmi pomocou vhodn\u00fdch upev\u0148ovac\u00edch prvkov na jeho upevnenie. Uistite sa, \u017ee v\u0161etky hydraulick\u00e9 pripojenia s\u00fa pevn\u00e9 a bez \u00fanikov. Po in\u0161tal\u00e1cii vykonajte d\u00f4kladn\u00fa kontrolu hydraulick\u00e9ho syst\u00e9mu, aby ste sa uistili, \u017ee pred plnou prev\u00e1dzkou funguje spr\u00e1vne. Odpor\u00fa\u010da sa tie\u017e dodr\u017eiava\u0165 \u0161pecifik\u00e1cie v\u00fdrobcu t\u00fdkaj\u00face sa nastavenia kr\u00fatiaceho momentu a typov pripojen\u00ed.<\/p>\n<h2>\u00dalohy \u00fadr\u017eby<\/h2>\n<ul>\n<li><strong>Pravideln\u00e9 kontroly:<\/strong> \u010cast\u00e9 kontroly pom\u00e1haj\u00fa v\u010das odhali\u0165 probl\u00e9my, ako s\u00fa hydraulick\u00e9 netesnosti alebo zn\u00e1mky opotrebovania. V\u010dasn\u00e9 rie\u0161enie t\u00fdchto probl\u00e9mov m\u00f4\u017ee pred\u00eds\u0165 z\u00e1va\u017enej\u0161\u00edm poruch\u00e1m.<\/li>\n<li><strong>Vhodn\u00e9 mazanie:<\/strong> Pravidelne kontrolujte a udr\u017eiavajte spr\u00e1vnu hladinu hydraulick\u00e9ho oleja. Mazanie je k\u013e\u00fa\u010dov\u00e9 pre plynul\u00fd chod a m\u00f4\u017ee v\u00fdrazne pred\u013a\u017ei\u0165 \u017eivotnos\u0165 valca.<\/li>\n<li><strong>V\u00fdmena tesnenia:<\/strong> Pravidelne kontrolujte integritu tesnen\u00ed a v pr\u00edpade potreby ich vyme\u0148te, aby ste predi\u0161li \u00faniku hydraulickej kvapaliny a udr\u017eali \u00fa\u010dinnos\u0165 syst\u00e9mu.<\/li>\n<\/ul>\n<h2>Bezpe\u010dnostn\u00e9 aspekty a faktory prostredia<\/h2>\n<p>Pri pr\u00e1ci s hydraulick\u00fdmi valcami s\u00fa bezpe\u010dnostn\u00e9 opatrenia prvorad\u00e9. V\u017edy sa uistite, \u017ee oper\u00e1tori s\u00fa vy\u0161kolen\u00ed v spr\u00e1vnom pou\u017e\u00edvan\u00ed zariaden\u00ed a s\u00fa si vedom\u00ed potenci\u00e1lnych nebezpe\u010denstiev. Implement\u00e1cia bezpe\u010dnostn\u00fdch protokolov, ako je pou\u017e\u00edvanie osobn\u00fdch ochrann\u00fdch prostriedkov (OOP) a postupov n\u00fadzov\u00e9ho vypnutia, m\u00f4\u017ee v\u00fdrazne zn\u00ed\u017ei\u0165 riziko neh\u00f4d. Okrem toho zv\u00e1\u017ete vplyv \u00fanikov hydraulickej kvapaliny na \u017eivotn\u00e9 prostredie a zabezpe\u010dte, aby boli zaveden\u00e9 vhodn\u00e9 met\u00f3dy zachyt\u00e1vania a likvid\u00e1cie na zmiernenie environment\u00e1lnych riz\u00edk.<\/p>\n<h2>Rie\u0161enie probl\u00e9mov a be\u017en\u00e9 probl\u00e9my<\/h2>\n<ul>\n<li><strong>\u00danik:<\/strong> Ak spozorujete \u00fanik hydraulickej kvapaliny z valca, skontrolujte tesnenia a spoje, \u010di nie s\u00fa po\u0161koden\u00e9. Uistite sa, \u017ee spoje s\u00fa tesnen\u00e9 a tesnenia v dobrom stave.<\/li>\n<li><strong>Pomal\u00e1 prev\u00e1dzka:<\/strong> M\u00f4\u017ee to nazna\u010dova\u0165 n\u00edzku hladinu hydraulickej kvapaliny alebo jej zne\u010distenie. Skontrolujte hladiny hydraulickej kvapaliny a vyme\u0148te ju, ak sa zd\u00e1 by\u0165 zne\u010disten\u00e1 alebo po\u0161koden\u00e1.<\/li>\n<li><strong>\u017diadny pohyb:<\/strong> Ak sa valec nepohne, skontrolujte, \u010di nie s\u00fa hydraulick\u00e9 potrubia upchat\u00e9, alebo sa uistite, \u017ee \u010derpadlo funguje spr\u00e1vne.<\/li>\n<\/ul>\n<h2>Tipy na rie\u0161enie probl\u00e9mov<\/h2>\n<p>Pre efekt\u00edvne rie\u0161enie probl\u00e9mov v\u017edy za\u010dnite vizu\u00e1lnou kontrolou hydraulick\u00e9ho syst\u00e9mu. H\u013eadajte ak\u00e9ko\u013evek zn\u00e1mky opotrebovania, netesnost\u00ed alebo uvo\u013enen\u00fdch spojov. Uistite sa, \u017ee hydraulick\u00e1 kvapalina je na spr\u00e1vnej hladine a bez ne\u010dist\u00f4t. Ak probl\u00e9my pretrv\u00e1vaj\u00fa, pozrite si pokyny v\u00fdrobcu, kde n\u00e1jdete konkr\u00e9tne diagnostick\u00e9 postupy. Prevent\u00edvne opatrenia, ako je pravideln\u00e1 \u00fadr\u017eba a kontroly, m\u00f4\u017eu minimalizova\u0165 pravdepodobnos\u0165 bud\u00facich probl\u00e9mov.<\/p>\n<p><img decoding=\"async\" src=\"https:\/\/www.hydraulic-cylinders.net\/wp-content\/uploads\/2025\/04\/songte-bushings-with-all-kinds-of-excavator-models.webp\" alt=\"Puzdr\u00e1 bagerov\" \/><\/p>\n<h2>O na\u0161ej spolo\u010dnosti<\/h2>\n<p>We are a leading manufacturer of replacement hydraulic cylinders, offering a wide range of products that cater to both domestic and international markets. Our commitment to excellence drives us to maintain high-quality standards through industrialized production management strategies. With a focus on technological talent, advanced manufacturing equipment, and professional testing systems, we continuously enhance our manufacturing platform to deliver the best products. Our team&#8217;s expertise allows us to meet diverse customer needs with efficiency, precision, and quality.<\/p>\n<p><img decoding=\"async\" src=\"https:\/\/www.hydraulic-cylinders.net\/wp-content\/uploads\/2025\/04\/songte-company-4.webp\" alt=\"Preh\u013ead spolo\u010dnosti\" \/><br \/>\n<img decoding=\"async\" src=\"https:\/\/www.hydraulic-cylinders.net\/wp-content\/uploads\/2025\/04\/songte-company-3.webp\" alt=\"V\u00fdrobn\u00fd proces\" \/><\/p>\n<p>Autor: lyl<\/p>","protected":false},"excerpt":{"rendered":"<p>Boom Cylinder For Caterpillar Small Excavator E312D2GC Product Overview The Boom Cylinder is an essential hydraulic component specifically designed for controlling the movement of the bucket in various heavy machinery, including excavators, backhoe loaders, and front loaders. This hydraulic cylinder allows the bucket to lift, lower, and tilt efficiently, facilitating material handling tasks in construction [&hellip;]<\/p>","protected":false},"featured_media":17870,"comment_status":"open","ping_status":"closed","template":"","meta":{"_et_pb_use_builder":"","_et_pb_old_content":"","_et_gb_content_width":""},"product_brand":[],"product_cat":[1546],"product_tag":[1547,1496],"class_list":{"0":"post-18928","1":"product","2":"type-product","3":"status-publish","4":"has-post-thumbnail","6":"product_cat-boom-cylinders","7":"product_tag-boom-cylinders","8":"product_tag-hydraulic-cylinders","10":"first","11":"instock","12":"shipping-taxable","13":"product-type-simple"},"amp_enabled":true,"_links":{"self":[{"href":"https:\/\/www.hydraulic-cylinders.net\/sk\/wp-json\/wp\/v2\/product\/18928","targetHints":{"allow":["GET"]}}],"collection":[{"href":"https:\/\/www.hydraulic-cylinders.net\/sk\/wp-json\/wp\/v2\/product"}],"about":[{"href":"https:\/\/www.hydraulic-cylinders.net\/sk\/wp-json\/wp\/v2\/types\/product"}],"replies":[{"embeddable":true,"href":"https:\/\/www.hydraulic-cylinders.net\/sk\/wp-json\/wp\/v2\/comments?post=18928"}],"wp:featuredmedia":[{"embeddable":true,"href":"https:\/\/www.hydraulic-cylinders.net\/sk\/wp-json\/wp\/v2\/media\/17870"}],"wp:attachment":[{"href":"https:\/\/www.hydraulic-cylinders.net\/sk\/wp-json\/wp\/v2\/media?parent=18928"}],"wp:term":[{"taxonomy":"product_brand","embeddable":true,"href":"https:\/\/www.hydraulic-cylinders.net\/sk\/wp-json\/wp\/v2\/product_brand?post=18928"},{"taxonomy":"product_cat","embeddable":true,"href":"https:\/\/www.hydraulic-cylinders.net\/sk\/wp-json\/wp\/v2\/product_cat?post=18928"},{"taxonomy":"product_tag","embeddable":true,"href":"https:\/\/www.hydraulic-cylinders.net\/sk\/wp-json\/wp\/v2\/product_tag?post=18928"}],"curies":[{"name":"pracovn\u00fd list","href":"https:\/\/api.w.org\/{rel}","templated":true}]}}