{"id":18930,"date":"2025-04-07T06:02:45","date_gmt":"2025-04-07T06:02:45","guid":{"rendered":"https:\/\/www.hydraulic-cylinders.net\/product\/boom-cylinder-for-caterpillar-small-excavator-e120-120b\/"},"modified":"2025-04-07T06:02:47","modified_gmt":"2025-04-07T06:02:47","slug":"boom-cylinder-for-caterpillar-small-excavator-e120-120b","status":"publish","type":"product","link":"https:\/\/www.hydraulic-cylinders.net\/sk\/produkt\/boom-cylinder-for-caterpillar-small-excavator-e120-120b\/","title":{"rendered":"Valec v\u00fdlo\u017en\u00edka pre mal\u00e9 r\u00fdpadlo Caterpillar E120\/120B"},"content":{"rendered":"<h1>Valec v\u00fdlo\u017en\u00edka pre mal\u00e9 r\u00fdpadlo Caterpillar E120\/120B<\/h1>\n<h2>Preh\u013ead valca ramena<\/h2>\n<p>Hydraulick\u00fd valec v\u00fdlo\u017en\u00edka je k\u013e\u00fa\u010dovou s\u00fa\u010das\u0165ou hydraulick\u00e9ho syst\u00e9mu \u0165a\u017ek\u00fdch strojov, najm\u00e4 v r\u00fdpadl\u00e1ch, ako je Caterpillar E120\/120B. Tento hydraulick\u00fd valec je \u0161peci\u00e1lne navrhnut\u00fd na ovl\u00e1danie pohybu ly\u017eice, \u010do umo\u017e\u0148uje jej zdv\u00edhanie, sp\u00fa\u0161\u0165anie a nakl\u00e1\u0148anie, v\u010faka \u010domu je nevyhnutn\u00fd pre \u00falohy manipul\u00e1cie s materi\u00e1lom. Valec ly\u017eice sl\u00fa\u017ei ako hnacia sila pri kopan\u00ed, nakladan\u00ed a preprave r\u00f4znych materi\u00e1lov, \u010d\u00edm zvy\u0161uje efektivitu a produktivitu stavebn\u00fdch a v\u00fdkopov\u00fdch projektov.<\/p>\n<p><img decoding=\"async\" src=\"https:\/\/www.hydraulic-cylinders.net\/wp-content\/uploads\/2025\/04\/songte-company-1.webp\" alt=\"Valec v\u00fdlo\u017en\u00edka pre bager\" \/><\/p>\n<h3>K\u013e\u00fa\u010dov\u00e9 vlastnosti valca v\u00fdlo\u017en\u00edka<\/h3>\n<ul>\n<li><strong>Vysok\u00e1 pevnos\u0165 a odolnos\u0165:<\/strong> Valec v\u00fdlo\u017en\u00edka je vyroben\u00fd z vysokopevnostnej ocele alebo hlin\u00edka a odol\u00e1 vysok\u00e9mu tlaku a \u0165a\u017ek\u00fdm za\u0165a\u017eeniam, v\u010faka \u010domu je vhodn\u00fd do n\u00e1ro\u010dn\u00fdch pracovn\u00fdch prostred\u00ed.<\/li>\n<li><strong>Efekt\u00edvna hydraulick\u00e1 prev\u00e1dzka:<\/strong> V\u010faka hydraulick\u00e9mu tlaku oleja pon\u00faka valec plynul\u00e9 vys\u00favanie a zas\u00favanie, r\u00fdchlo reaguje na prev\u00e1dzkov\u00e9 povely a poskytuje siln\u00e9 tlakov\u00e9 a \u0165ahov\u00e9 sily.<\/li>\n<li><strong>R\u00f4zne typy:<\/strong> K dispoz\u00edcii s\u00fa jedno\u010dinn\u00e9 (prev\u00e1dzkov\u00e9 v jednom smere) alebo dvoj\u010dinn\u00e9 (prev\u00e1dzkov\u00e9 v oboch smeroch) prevedenia, niektor\u00e9 modely maj\u00fa teleskopick\u00fa kon\u0161trukciu pre v\u00e4\u010d\u0161ie vysunutie bez zv\u00e4\u010d\u0161enia vonkaj\u0161\u00edch rozmerov, ide\u00e1lne do stiesnen\u00fdch priestorov.<\/li>\n<\/ul>\n<h2>Aplik\u00e1cie valca v\u00fdlo\u017en\u00edka<\/h2>\n<h3>Stavebn\u00e9 stroje<\/h3>\n<p>V stavebn\u00fdch strojoch s\u00fa valce v\u00fdlo\u017en\u00edka neoddelite\u013enou s\u00fa\u010das\u0165ou r\u00fdpadiel, ktor\u00e9 im umo\u017e\u0148uj\u00fa vykon\u00e1va\u0165 z\u00e1kladn\u00e9 funkcie, ako je kopanie, nakladanie a premiest\u0148ovanie zeminy alebo sutiny. T\u00e1to hydraulick\u00e1 s\u00fa\u010das\u0165 umo\u017e\u0148uje ly\u017eici efekt\u00edvne prenika\u0165 do zeme, \u010d\u00edm sa zlep\u0161uj\u00fa prev\u00e1dzkov\u00e9 schopnosti r\u00fdpadla.<\/p>\n<h3>Po\u013enohospod\u00e1rske stroje<\/h3>\n<p>V po\u013enohospod\u00e1rskych strojoch sa valce v\u00fdlo\u017en\u00edka pou\u017e\u00edvaj\u00fa v \u010deln\u00fdch naklada\u010doch, ktor\u00e9 u\u013eah\u010duj\u00fa procesy naberania, zdv\u00edhania a prepravy materi\u00e1lov, ako je p\u00f4da, seno a in\u00e9 tovary. V\u010faka ich spo\u013eahliv\u00e9mu hydraulick\u00e9mu v\u00fdkonu s\u00fa nevyhnutn\u00e9 pre r\u00f4zne po\u013enohospod\u00e1rske \u00falohy.<\/p>\n<h3>R\u00fdpadl\u00e1<\/h3>\n<p>V r\u00fdpadl\u00e1ch hr\u00e1 valec v\u00fdlo\u017en\u00edka k\u013e\u00fa\u010dov\u00fa \u00falohu, preto\u017ee umo\u017e\u0148uje ly\u017eici prenikn\u00fa\u0165 do p\u00f4dy, \u010do je z\u00e1klad pre v\u00fdkopov\u00e9 pr\u00e1ce. \u00da\u010dinnos\u0165 tohto hydraulick\u00e9ho komponentu priamo ovplyv\u0148uje r\u00fdchlos\u0165 a efekt\u00edvnos\u0165 manipul\u00e1cie s p\u00f4dou.<\/p>\n<h3>Naklada\u010de<\/h3>\n<p>V \u010deln\u00fdch naklada\u010doch pom\u00e1haj\u00fa valce v\u00fdlo\u017en\u00edka efekt\u00edvne zdv\u00edha\u0165 a vyklada\u0165 bremena. V\u010faka svojej robustnej kon\u0161trukcii a spo\u013eahliv\u00e9mu hydraulick\u00e9mu p\u00f4sobeniu s\u00fa nevyhnutn\u00e9 na r\u00fdchlu a efekt\u00edvnu manipul\u00e1ciu s ve\u013ek\u00fdmi objemami materi\u00e1lu, \u010do prispieva k r\u00fdchlej\u0161iemu dokon\u010deniu projektov.<\/p>\n<h2>\u00davahy o dizajne a krit\u00e9ri\u00e1 v\u00fdberu<\/h2>\n<h3>Nosnos\u0165<\/h3>\n<p>Nosnos\u0165 je k\u013e\u00fa\u010dov\u00fdm faktorom pri v\u00fdbere valca v\u00fdlo\u017en\u00edka. Mus\u00ed by\u0165 schopn\u00fd zvl\u00e1dnu\u0165 maxim\u00e1lnu hmotnos\u0165, ktor\u00fa dok\u00e1\u017ee r\u00fdpadlo zdvihn\u00fa\u0165, bez toho, aby bola ohrozen\u00e1 bezpe\u010dnos\u0165 alebo v\u00fdkon. In\u017einieri musia analyzova\u0165 prev\u00e1dzkov\u00e9 po\u017eiadavky a vybra\u0165 valce s dostato\u010dnou pevnos\u0165ou.<\/p>\n<h3>Tesniaci v\u00fdkon<\/h3>\n<p>Tesniaci v\u00fdkon je nevyhnutn\u00fd na zabezpe\u010denie toho, aby hydraulick\u00fd olej pod tlakom neunikal. Vysokokvalitn\u00e9 tesnenia s\u00fa nevyhnutn\u00e9 na udr\u017eanie integrity a \u00fa\u010dinnosti syst\u00e9mu, prevenciu kontamin\u00e1cie a zabezpe\u010denie bezprobl\u00e9movej prev\u00e1dzky v priebehu \u010dasu.<\/p>\n<h3>Trvanlivos\u0165<\/h3>\n<p>Trvanlivos\u0165 je pre valce v\u00fdlo\u017en\u00edka nevyhnutn\u00e1 kv\u00f4li ich vystaveniu drsn\u00fdm podmienkam. Materi\u00e1ly pou\u017eit\u00e9 na ich v\u00fdrobu musia odol\u00e1va\u0165 opotrebovaniu a kor\u00f3zii, \u010d\u00edm sa zabezpe\u010d\u00ed dlhotrvaj\u00faci v\u00fdkon a minimalizuj\u00fa sa n\u00e1roky na \u00fadr\u017ebu.<\/p>\n<h3>Bezpe\u010dnostn\u00e9 normy<\/h3>\n<p>Bezpe\u010dnos\u0165 je v hydraulick\u00fdch syst\u00e9moch prvorad\u00fdm krit\u00e9riom. Valce v\u00fdlo\u017en\u00edkov musia sp\u013a\u0148a\u0165 pr\u00edsne bezpe\u010dnostn\u00e9 normy, aby chr\u00e1nili obsluhu a stroje pred potenci\u00e1lnymi poruchami. Pravideln\u00e9 kontroly a dodr\u017eiavanie bezpe\u010dnostn\u00fdch protokolov s\u00fa k\u013e\u00fa\u010dov\u00e9 pre udr\u017eanie prev\u00e1dzkovej bezpe\u010dnosti.<\/p>\n<h3>Pou\u017eite\u013enos\u0165<\/h3>\n<p>Pou\u017eite\u013enos\u0165 sa vz\u0165ahuje na to, ako \u013eahko sa d\u00e1 valec v\u00fdlo\u017en\u00edka udr\u017eiava\u0165 alebo opravova\u0165. Kon\u0161trukcie, ktor\u00e9 umo\u017e\u0148uj\u00fa jednoduch\u00fd pr\u00edstup ku komponentom, u\u013eah\u010duj\u00fa be\u017en\u00fa \u00fadr\u017ebu, skracuj\u00fa prestoje a predl\u017euj\u00fa \u017eivotnos\u0165 hydraulick\u00e9ho syst\u00e9mu.<\/p>\n<p><img decoding=\"async\" src=\"https:\/\/www.hydraulic-cylinders.net\/wp-content\/uploads\/2025\/04\/songte-oil-pipes-and-spare-parts.webp\" alt=\"Komponenty hydraulick\u00e9ho valca\" \/><\/p>\n<h2>Tesnenie a mazanie<\/h2>\n<p>\u00da\u010dinn\u00e9 tesnenie a mazanie s\u00fa nevyhnutn\u00e9 pre hladk\u00fd chod hydraulick\u00fdch valcov. R\u00f4zne tesniace komponenty, ako s\u00fa tesnenia piestov a tesnenia ty\u010d\u00ed, s\u00fa k\u013e\u00fa\u010dov\u00e9 pre prevenciu \u00fanikov. Tieto tesnenia s\u00fa zvy\u010dajne vyroben\u00e9 z odoln\u00fdch materi\u00e1lov, ako je polyuret\u00e1n a nitrilov\u00fd kau\u010duk, aby odol\u00e1vali opotrebovaniu. Teleso valca a z\u00e1vitov\u00e9 koncov\u00e9 plochy vy\u017eaduj\u00fa presn\u00e9 opracovanie, aby sa zv\u00fd\u0161ila odolnos\u0165 proti opotrebovaniu. Okrem toho pravideln\u00e9 mazanie hydraulick\u00fdm olejom zais\u0165uje plynul\u00fd pohyb a zni\u017euje trenie medzi komponentmi, \u010do v kone\u010dnom d\u00f4sledku predl\u017euje \u017eivotnos\u0165 valca.<\/p>\n<h2>Opatrenia prevent\u00edvnej \u00fadr\u017eby<\/h2>\n<ul>\n<li><strong>Pravideln\u00e9 kontroly:<\/strong> Vykonajte d\u00f4kladn\u00e9 kontroly, aby ste identifikovali ak\u00e9ko\u013evek zn\u00e1mky opotrebovania alebo po\u0161kodenia. To zah\u0155\u0148a kontrolu netesnost\u00ed a zabezpe\u010denie neporu\u0161enosti v\u0161etk\u00fdch tesnen\u00ed.<\/li>\n<li><strong>Mazanie:<\/strong> Uistite sa, \u017ee hydraulick\u00fd olej je na spr\u00e1vnej hladine a \u017ee syst\u00e9m je pravidelne mazan\u00fd, aby sa predi\u0161lo opotrebovaniu a prehriatiu.<\/li>\n<li><strong>V\u00fdmena tesnenia:<\/strong> Pod\u013ea potreby vymie\u0148ajte tesnenia, aby ste udr\u017eali optim\u00e1lny v\u00fdkon a predi\u0161li \u00fanikom. Pravideln\u00e9 kontroly \u00fadr\u017eby by mali t\u00fato \u00falohu zah\u0155\u0148a\u0165.<\/li>\n<\/ul>\n<h2>Pokyny na in\u0161tal\u00e1ciu<\/h2>\n<p>Spr\u00e1vna in\u0161tal\u00e1cia valca v\u00fdlo\u017en\u00edka je rozhoduj\u00faca pre jeho v\u00fdkon. Za\u010dnite t\u00fdm, \u017ee sa uist\u00edte, \u017ee v\u0161etky komponenty s\u00fa \u010dist\u00e9 a bez ne\u010dist\u00f4t. Zarovnajte valec s mont\u00e1\u017enymi bodmi na r\u00fdpadle pomocou vhodn\u00fdch mont\u00e1\u017enych konzol na jeho spr\u00e1vne upevnenie. Je nevyhnutn\u00e9 dodr\u017eiava\u0165 \u0161pecifik\u00e1cie v\u00fdrobcu t\u00fdkaj\u00face sa nastavenia kr\u00fatiaceho momentu a zarovnania, aby ste predi\u0161li nespr\u00e1vnemu zarovnaniu, ktor\u00e9 m\u00f4\u017ee vies\u0165 k pred\u010dasn\u00e9mu opotrebovaniu. Pred prev\u00e1dzkou stroja skontrolujte tesnos\u0165 v\u0161etk\u00fdch hydraulick\u00fdch pripojen\u00ed a uistite sa, \u017ee hydraulick\u00fd olej je naplnen\u00fd na spr\u00e1vnu hladinu. Nakoniec vykonajte sk\u00fa\u0161obn\u00fa jazdu, aby ste sa uistili, \u017ee valec funguje hladko, bez ak\u00fdchko\u013evek \u00fanikov alebo probl\u00e9mov.<\/p>\n<h2>Be\u017en\u00e9 \u00falohy \u00fadr\u017eby<\/h2>\n<ul>\n<li><strong>Pravideln\u00e9 kontroly:<\/strong> Je nevyhnutn\u00e9 vykon\u00e1va\u0165 pravideln\u00e9 kontroly valca ramena, \u010di nevykazuje zn\u00e1mky opotrebovania alebo po\u0161kodenia. H\u013eadajte netesnosti a uistite sa, \u017ee tesnenia funguj\u00fa spr\u00e1vne. T\u00e1to \u00faloha je nevyhnutn\u00e1 na predch\u00e1dzanie vzniku z\u00e1va\u017enej\u0161\u00edch probl\u00e9mov.<\/li>\n<li><strong>Spr\u00e1vne mazanie:<\/strong> Zabezpe\u010dte dostato\u010dn\u00e9 mazanie kontrolou hladiny hydraulick\u00e9ho oleja a jeho doplnen\u00edm pod\u013ea potreby. Spr\u00e1vne mazanie zni\u017euje trenie a opotrebovanie, \u010d\u00edm predl\u017euje \u017eivotnos\u0165 hydraulick\u00fdch komponentov.<\/li>\n<li><strong>V\u00fdmena tesnenia:<\/strong> Pravidelne vymie\u0148ajte opotrebovan\u00e9 alebo po\u0161koden\u00e9 tesnenia, aby ste zachovali integritu valca. Postupom \u010dasu sa tesnenia m\u00f4\u017eu opotrebova\u0165, \u010do vedie k netesnostiam, ktor\u00e9 zni\u017euj\u00fa v\u00fdkon.<\/li>\n<\/ul>\n<p><img decoding=\"async\" src=\"https:\/\/www.hydraulic-cylinders.net\/wp-content\/uploads\/2025\/04\/songte-chushion-collar.webp\" alt=\"In\u0161tal\u00e1cia hydraulick\u00e9ho valca\" \/><\/p>\n<h2>Bezpe\u010dnostn\u00e9 aspekty a faktory prostredia<\/h2>\n<p>Pri pou\u017e\u00edvan\u00ed hydraulick\u00fdch valcov v\u00fdlo\u017en\u00edka je nevyhnutn\u00e9 dodr\u017eiava\u0165 bezpe\u010dnostn\u00e9 opatrenia na ochranu obsluhy aj \u017eivotn\u00e9ho prostredia. Spr\u00e1vne \u0161kolenie o prev\u00e1dzkov\u00fdch postupoch a bezpe\u010dnostn\u00fdch protokoloch minimalizuje rizik\u00e1 spojen\u00e9 s hydraulick\u00fdmi syst\u00e9mami. Pravideln\u00e1 \u00fadr\u017eba zariaden\u00ed navy\u0161e pom\u00e1ha predch\u00e1dza\u0165 \u00fanikom, ktor\u00e9 by mohli po\u0161kodi\u0165 \u017eivotn\u00e9 prostredie. Zavedenie opatren\u00ed na zabr\u00e1nenie \u00faniku po\u010das \u00fadr\u017eby m\u00f4\u017ee \u010falej chr\u00e1ni\u0165 pred potenci\u00e1lnymi vplyvmi na \u017eivotn\u00e9 prostredie.<\/p>\n<h2>Diagnostika por\u00fach a be\u017en\u00e9 probl\u00e9my<\/h2>\n<ul>\n<li><strong>\u00danik:<\/strong> Jedn\u00fdm z naj\u010dastej\u0161\u00edch probl\u00e9mov je \u00fanik hydraulickej kvapaliny, \u010dasto sp\u00f4soben\u00fd opotrebovan\u00fdmi tesneniami alebo po\u0161koden\u00fdmi spojmi. Pravideln\u00e9 kontroly m\u00f4\u017eu pom\u00f4c\u0165 v\u010das identifikova\u0165 a odstr\u00e1ni\u0165 \u00faniky.<\/li>\n<li><strong>Slab\u00fd v\u00fdkon:<\/strong> Ak sa valec nevys\u00fava alebo nezas\u00fava plynulo, m\u00f4\u017ee to znamena\u0165 n\u00edzku hladinu hydraulickej kvapaliny alebo vzduch zachyten\u00fd v syst\u00e9me, \u010do si vy\u017eaduje odvzdu\u0161nenie na obnovenie spr\u00e1vnej funkcie.<\/li>\n<li><strong>Prehriatie:<\/strong> K prehriatiu m\u00f4\u017ee d\u00f4js\u0165 v d\u00f4sledku nadmern\u00e9ho pracovn\u00e9ho za\u0165a\u017eenia alebo nedostato\u010dn\u00e9ho mazania, \u010do si vy\u017eaduje kontrolu prev\u00e1dzkov\u00fdch podmienok a postupov mazania.<\/li>\n<\/ul>\n<p>Aby sa tieto probl\u00e9my efekt\u00edvne rie\u0161ili, prev\u00e1dzkovatelia by mali vykon\u00e1va\u0165 pravideln\u00e9 kontroly \u00fadr\u017eby, vies\u0165 z\u00e1znamy o v\u00fdkonnostn\u00fdch \u00fadajoch a okam\u017eite rie\u0161i\u0165 ak\u00e9ko\u013evek abnormality, aby sa predi\u0161lo vzniku z\u00e1va\u017enej\u0161\u00edch probl\u00e9mov.<\/p>\n<p><img decoding=\"async\" src=\"https:\/\/www.hydraulic-cylinders.net\/wp-content\/uploads\/2025\/04\/songte-bushings-with-all-kinds-of-excavator-models.webp\" alt=\"\u010casti hydraulick\u00e9ho valca\" \/><\/p>\n<h2>Preh\u013ead spolo\u010dnosti<\/h2>\n<p>Sme popredn\u00fdm v\u00fdrobcom hydraulick\u00fdch valcov, \u0161pecializuj\u00facim sa na v\u00fdrobu vysokokvalitn\u00fdch n\u00e1hradn\u00fdch dielov pre r\u00f4zne aplik\u00e1cie. V\u010faka n\u00e1\u0161mu komplexn\u00e9mu sortimentu produktov a odhodlaniu dosahova\u0165 dokonalos\u0165 sme sa stali jedn\u00fdm z popredn\u00fdch v\u00fdrobcov a ve\u013ekoobchodn\u00edkov s hydraulick\u00fdmi valcami na dom\u00e1com aj medzin\u00e1rodnom trhu. Dodr\u017eiavame strat\u00e9giu presn\u00e9ho riadenia v\u00fdroby, vyu\u017e\u00edvame pokro\u010dil\u00e9 technol\u00f3gie, kvalifikovan\u00fdch odborn\u00edkov a \u0161pi\u010dkov\u00e9 digit\u00e1lne v\u00fdrobn\u00e9 zariadenia na zlep\u0161enie na\u0161ich v\u00fdrobn\u00fdch kapac\u00edt.<\/p>\n<p>Na\u0161e zameranie na kontrolu kvality je zrejm\u00e9 z na\u0161ich sofistikovan\u00fdch testovac\u00edch syst\u00e9mov, ktor\u00e9 zabezpe\u010duj\u00fa, \u017ee ka\u017ed\u00fd produkt sp\u013a\u0148a pr\u00edsne normy. So z\u00e1v\u00e4zkom k efekt\u00edvnosti, presnosti a princ\u00edpom vysokej kvality sa sna\u017e\u00edme uspokoji\u0165 rozmanit\u00e9 potreby na\u0161ich z\u00e1kazn\u00edkov prostredn\u00edctvom slu\u017eieb na mieru, profesion\u00e1lnej podpory a rozsiahleho popredajn\u00e9ho servisu.<\/p>\n<p><img decoding=\"async\" src=\"https:\/\/www.hydraulic-cylinders.net\/wp-content\/uploads\/2025\/04\/songte-company-4.webp\" alt=\"Na\u0161a spolo\u010dnos\u0165\" \/><br \/>\n<img decoding=\"async\" src=\"https:\/\/www.hydraulic-cylinders.net\/wp-content\/uploads\/2025\/04\/songte-company-3.webp\" alt=\"Na\u0161e zariadenia\" \/><\/p>\n<p>Autor: lyl<\/p>","protected":false},"excerpt":{"rendered":"<p>Boom Cylinder For Caterpillar Small Excavator E120\/120B Overview of Boom Cylinder The Boom Cylinder is a crucial component in the hydraulic system of heavy machinery, particularly in excavators like the Caterpillar E120\/120B. This hydraulic cylinder is specifically designed to control the movement of the bucket, allowing it to lift, lower, and tilt, making it essential [&hellip;]<\/p>","protected":false},"featured_media":17872,"comment_status":"open","ping_status":"closed","template":"","meta":{"_et_pb_use_builder":"","_et_pb_old_content":"","_et_gb_content_width":""},"product_brand":[],"product_cat":[1546],"product_tag":[1547,1496],"class_list":{"0":"post-18930","1":"product","2":"type-product","3":"status-publish","4":"has-post-thumbnail","6":"product_cat-boom-cylinders","7":"product_tag-boom-cylinders","8":"product_tag-hydraulic-cylinders","10":"first","11":"instock","12":"shipping-taxable","13":"product-type-simple"},"amp_enabled":true,"_links":{"self":[{"href":"https:\/\/www.hydraulic-cylinders.net\/sk\/wp-json\/wp\/v2\/product\/18930","targetHints":{"allow":["GET"]}}],"collection":[{"href":"https:\/\/www.hydraulic-cylinders.net\/sk\/wp-json\/wp\/v2\/product"}],"about":[{"href":"https:\/\/www.hydraulic-cylinders.net\/sk\/wp-json\/wp\/v2\/types\/product"}],"replies":[{"embeddable":true,"href":"https:\/\/www.hydraulic-cylinders.net\/sk\/wp-json\/wp\/v2\/comments?post=18930"}],"wp:featuredmedia":[{"embeddable":true,"href":"https:\/\/www.hydraulic-cylinders.net\/sk\/wp-json\/wp\/v2\/media\/17872"}],"wp:attachment":[{"href":"https:\/\/www.hydraulic-cylinders.net\/sk\/wp-json\/wp\/v2\/media?parent=18930"}],"wp:term":[{"taxonomy":"product_brand","embeddable":true,"href":"https:\/\/www.hydraulic-cylinders.net\/sk\/wp-json\/wp\/v2\/product_brand?post=18930"},{"taxonomy":"product_cat","embeddable":true,"href":"https:\/\/www.hydraulic-cylinders.net\/sk\/wp-json\/wp\/v2\/product_cat?post=18930"},{"taxonomy":"product_tag","embeddable":true,"href":"https:\/\/www.hydraulic-cylinders.net\/sk\/wp-json\/wp\/v2\/product_tag?post=18930"}],"curies":[{"name":"pracovn\u00fd list","href":"https:\/\/api.w.org\/{rel}","templated":true}]}}