{"id":18934,"date":"2025-04-07T06:02:58","date_gmt":"2025-04-07T06:02:58","guid":{"rendered":"https:\/\/www.hydraulic-cylinders.net\/product\/boom-cylinder-for-caterpillar-small-excavator-e312d\/"},"modified":"2025-04-07T06:03:07","modified_gmt":"2025-04-07T06:03:07","slug":"boom-cylinder-for-caterpillar-small-excavator-e312d","status":"publish","type":"product","link":"https:\/\/www.hydraulic-cylinders.net\/sk\/produkt\/boom-cylinder-for-caterpillar-small-excavator-e312d\/","title":{"rendered":"Valec v\u00fdlo\u017en\u00edka pre mal\u00e9 r\u00fdpadlo Caterpillar E312D"},"content":{"rendered":"<h1>Valec v\u00fdlo\u017en\u00edka pre mal\u00e9 r\u00fdpadlo Caterpillar E312D<\/h1>\n<h2>Preh\u013ead produktu<\/h2>\n<p>Hydraulick\u00fd valec v\u00fdlo\u017en\u00edka pre mal\u00e9 r\u00fdpadlo Caterpillar E312D je z\u00e1kladn\u00fd hydraulick\u00fd komponent ur\u010den\u00fd na ovl\u00e1danie pohybu v\u00fdlo\u017en\u00edka r\u00fdpadla. Tento hydraulick\u00fd valec hr\u00e1 k\u013e\u00fa\u010dov\u00fa \u00falohu v hydraulickom syst\u00e9me, umo\u017e\u0148uje zdv\u00edhanie, sp\u00fa\u0161\u0165anie a nakl\u00e1\u0148anie v\u00fdlo\u017en\u00edka, \u010d\u00edm u\u013eah\u010duje r\u00f4zne \u00falohy manipul\u00e1cie s materi\u00e1lom. Hydraulick\u00fd valec kor\u010deka alebo valec v\u00fdlo\u017en\u00edka je \u0161peci\u00e1lne navrhnut\u00fd pre \u0165a\u017ek\u00e9 stroje a umo\u017e\u0148uje oper\u00e1torom efekt\u00edvne riadi\u0165 v\u00fdkopov\u00e9 a zdv\u00edhacie oper\u00e1cie.<\/p>\n<p><img decoding=\"async\" src=\"https:\/\/www.hydraulic-cylinders.net\/wp-content\/uploads\/2025\/04\/songte-company-1.webp\" alt=\"Valec v\u00fdlo\u017en\u00edka pre r\u00fdpadl\u00e1\" \/><\/p>\n<h3>Defin\u00edcia a funk\u010dnos\u0165<\/h3>\n<p>Hydraulick\u00e9 valce lopaty, be\u017ene pou\u017e\u00edvan\u00e9 v bagroch, r\u00fdpadlo-naklada\u010doch a \u010deln\u00fdch naklada\u010doch, s\u00fa k\u013e\u00fa\u010dov\u00e9 pre ovl\u00e1danie pohybu lopaty. Tieto valce s\u00fa navrhnut\u00e9 tak, aby odolali vysok\u00e9mu tlaku a \u0165a\u017ek\u00fdm n\u00e1kladom, \u010do zabezpe\u010duje ich efekt\u00edvnu prev\u00e1dzku v n\u00e1ro\u010dn\u00fdch prostrediach. Prim\u00e1rnou funkciou valca v\u00fdlo\u017en\u00edka je poskytn\u00fa\u0165 potrebn\u00fa silu na zdv\u00edhanie a sp\u00fa\u0161\u0165anie lopaty, \u010do umo\u017e\u0148uje presn\u00e9 v\u00fdkopov\u00e9 pr\u00e1ce a prepravu materi\u00e1lu.<\/p>\n<h2>Vlastnosti valca v\u00fdlo\u017en\u00edka<\/h2>\n<ul>\n<li><strong>Vysok\u00e1 pevnos\u0165 a odolnos\u0165:<\/strong> Tieto valce, ktor\u00e9 s\u00fa zvy\u010dajne vyroben\u00e9 z vysokopevnostnej ocele alebo hlin\u00edka, odol\u00e1vaj\u00fa vysok\u00e9mu tlaku a \u0165a\u017ek\u00fdm za\u0165a\u017eeniam, v\u010faka \u010domu s\u00fa vhodn\u00e9 do n\u00e1ro\u010dn\u00fdch pracovn\u00fdch podmienok.<\/li>\n<li><strong>Efekt\u00edvna hydraulick\u00e1 prev\u00e1dzka:<\/strong> V\u010faka hydraulick\u00e9mu tlaku oleja pre plynul\u00e9 vys\u00favanie a zas\u00favanie r\u00fdchlo reaguj\u00fa na ovl\u00e1dacie povely a poskytuj\u00fa zna\u010dn\u00fa tla\u010dn\u00fa a \u0165a\u017en\u00fa silu, ide\u00e1lnu na manipul\u00e1ciu s \u0165a\u017ek\u00fdmi materi\u00e1lmi.<\/li>\n<li><strong>R\u00f4zne typy:<\/strong> K dispoz\u00edcii s\u00fa v jedno\u010dinnom (prev\u00e1dzkovom v jednom smere) aj dvoj\u010dinnom (prev\u00e1dzkovom v dvoch smeroch) preveden\u00ed, pri\u010dom niektor\u00e9 modely maj\u00fa teleskopick\u00fa kon\u0161trukciu pre v\u00e4\u010d\u0161\u00ed dosah bez zv\u00e4\u010d\u0161enia vonkaj\u0161\u00edch rozmerov.<\/li>\n<li><strong>Odolnos\u0165 proti kor\u00f3zii:<\/strong> Navrhnut\u00e9 s odolnos\u0165ou proti opotrebovaniu a antikor\u00f3znymi vlastnos\u0165ami pred\u013a\u017euj\u00fa \u017eivotnos\u0165 valca a zabezpe\u010duj\u00fa spo\u013eahliv\u00fd v\u00fdkon v priebehu \u010dasu.<\/li>\n<li><strong>Prisp\u00f4sobite\u013en\u00e9 mo\u017enosti:<\/strong> Na\u0161e valce je mo\u017en\u00e9 prisp\u00f4sobi\u0165 \u0161pecifick\u00fdm prev\u00e1dzkov\u00fdm po\u017eiadavk\u00e1m, \u010d\u00edm sa zabezpe\u010d\u00ed kompatibilita s r\u00f4znymi modelmi r\u00fdpadiel.<\/li>\n<\/ul>\n<h2>Aplik\u00e1cie valca v\u00fdlo\u017en\u00edka<\/h2>\n<h3>Stavebn\u00e9 stroje<\/h3>\n<p>V r\u00fdpadl\u00e1ch je valec v\u00fdlo\u017en\u00edka nevyhnutn\u00fd pre kopanie, nakladanie a premiest\u0148ovanie zeminy alebo sutiny. Hydraulick\u00e1 sila generovan\u00e1 valcom umo\u017e\u0148uje ly\u017eici efekt\u00edvne prenika\u0165 do zeme, \u010do u\u013eah\u010duje v\u00fdkop aj tvrd\u00e9ho materi\u00e1lu. Okrem toho v r\u00fdpadlo-naklada\u010doch valec pom\u00e1ha pri kopan\u00ed aj zdv\u00edhan\u00ed, \u010d\u00edm zvy\u0161uje celkov\u00fa produktivitu na stavenisku.<\/p>\n<h3>Po\u013enohospod\u00e1rske stroje<\/h3>\n<p>V \u010deln\u00fdch naklada\u010doch sa valec v\u00fdlo\u017en\u00edka pou\u017e\u00edva na naberanie, zdv\u00edhanie a prepravu p\u00f4dy, sena a in\u00fdch materi\u00e1lov. Hydraulick\u00fd valec umo\u017e\u0148uje efekt\u00edvne nakladanie a vykladanie, ktor\u00e9 s\u00fa nevyhnutn\u00e9 v po\u013enohospod\u00e1rskom prostred\u00ed, kde je v\u010dasn\u00e1 a efekt\u00edvna manipul\u00e1cia s materi\u00e1lom k\u013e\u00fa\u010dov\u00e1 pre po\u013enohospod\u00e1rske oper\u00e1cie.<\/p>\n<h3>Aplik\u00e1cie pre bagre<\/h3>\n<p>Valec ly\u017eice v r\u00fdpadl\u00e1ch u\u013eah\u010duje kopanie t\u00fdm, \u017ee umo\u017e\u0148uje ly\u017eici \u013eahk\u00e9 prenikanie do p\u00f4dy. T\u00e1to schopnos\u0165 je z\u00e1kladn\u00e1 pri r\u00f4znych v\u00fdkopov\u00fdch \u00faloh\u00e1ch, \u010di u\u017e ide o ter\u00e9nne \u00fapravy, ban\u00edctvo alebo stavebn\u00e9 \u00fa\u010dely. V\u00fdkonn\u00fd hydraulick\u00fd mechanizmus zabezpe\u010duje, \u017ee oper\u00e1tori m\u00f4\u017eu vykon\u00e1va\u0165 hlbok\u00e9 kopanie s presnos\u0165ou a kontrolou.<\/p>\n<h3>Oper\u00e1cie naklada\u010da<\/h3>\n<p>V \u010deln\u00fdch naklada\u010doch valce v\u00fdlo\u017en\u00edka \u00fa\u010dinne pom\u00e1haj\u00fa pri zdv\u00edhan\u00ed a vykladan\u00ed bremien. Hydraulick\u00fd syst\u00e9m umo\u017e\u0148uje plynul\u00fd chod, pom\u00e1ha zdv\u00edha\u0165 materi\u00e1ly do zna\u010dn\u00fdch v\u00fd\u0161ok a presne ich uklada\u0165, \u010do je obzvl\u00e1\u0161\u0165 d\u00f4le\u017eit\u00e9 pri stavebn\u00fdch a manipula\u010dn\u00fdch pr\u00e1cach.<\/p>\n<h2>\u00davahy o dizajne a krit\u00e9ri\u00e1 v\u00fdberu<\/h2>\n<h3>Nosnos\u0165<\/h3>\n<p>Pri v\u00fdbere valca ramena je jedn\u00fdm z hlavn\u00fdch faktorov jeho nosnos\u0165. Valec mus\u00ed by\u0165 schopn\u00fd zvl\u00e1dnu\u0165 maxim\u00e1lnu hmotnos\u0165, ktorej bude vystaven\u00fd po\u010das prev\u00e1dzky. Tento faktor je k\u013e\u00fa\u010dov\u00fd, preto\u017ee zais\u0165uje bezpe\u010dnos\u0165 a \u00fa\u010dinnos\u0165 zariadenia. V\u00fdrobcovia zvy\u010dajne \u0161pecifikuj\u00fa menovit\u00e9 za\u0165a\u017eenie svojich valcov, \u010do umo\u017e\u0148uje oper\u00e1torom vybra\u0165 si spr\u00e1vne zariadenie pre svoje potreby.<\/p>\n<h3>Tesniace mechanizmy<\/h3>\n<p>\u00da\u010dinn\u00e9 tesnenie je nevyhnutn\u00e9 na zabr\u00e1nenie \u00faniku hydraulickej kvapaliny a zabezpe\u010denie optim\u00e1lneho v\u00fdkonu. Kon\u0161trukcia by mala zah\u0155\u0148a\u0165 vysokokvalitn\u00e9 tesnenia, ako s\u00fa tesnenia piestov a ty\u010d\u00ed, vyroben\u00e9 z odoln\u00fdch materi\u00e1lov, ako je polyuret\u00e1n alebo nitrilov\u00e1 guma. Tieto tesnenia musia odol\u00e1va\u0165 vysok\u00e9mu tlaku a poskytova\u0165 odolnos\u0165 vo\u010di opotrebovaniu a oderu, \u010d\u00edm sa predl\u017euje \u017eivotnos\u0165 valca.<\/p>\n<h3>Trvanlivos\u0165<\/h3>\n<p>Trvanlivos\u0165 je k\u013e\u00fa\u010dov\u00fdm faktorom pri kon\u0161trukcii valcov ramena. S\u00fa vystaven\u00e9 extr\u00e9mnym podmienkam vr\u00e1tane teplotn\u00fdch v\u00fdkyvov a vystavenia ne\u010distot\u00e1m a \u00falomkom. Materi\u00e1ly pou\u017eit\u00e9 pri v\u00fdrobe by mali by\u0165 robustn\u00e9 a odoln\u00e9 vo\u010di kor\u00f3zii, ktor\u00e1 m\u00f4\u017ee \u010dasom zn\u00ed\u017ei\u0165 v\u00fdkon. Dobre navrhnut\u00fd valec ramena pre\u0161iel pr\u00edsnym testovan\u00edm, aby sa zabezpe\u010dilo, \u017ee vydr\u017e\u00ed po\u017eiadavky prev\u00e1dzkov\u00e9ho prostredia.<\/p>\n<h3>Bezpe\u010dnostn\u00e9 prvky<\/h3>\n<p>Pri n\u00e1vrhu hydraulick\u00fdch valcov by mala by\u0165 bezpe\u010dnos\u0165 prvorad\u00e1. Funkcie, ako s\u00fa pretlakov\u00e9 ventily, m\u00f4\u017eu zabr\u00e1ni\u0165 pre\u0165a\u017eeniu, zatia\u013e \u010do spr\u00e1vne mont\u00e1\u017ene konfigur\u00e1cie m\u00f4\u017eu zabezpe\u010di\u0165 stabilitu po\u010das prev\u00e1dzky. V procese v\u00fdroby je nevyhnutn\u00e9 venova\u0165 pozornos\u0165 bezpe\u010dnostn\u00fdm norm\u00e1m a certifik\u00e1ci\u00e1m, aby sa chr\u00e1nili pou\u017e\u00edvatelia a zariadenia.<\/p>\n<h3>\u00dadr\u017eba a opravite\u013enos\u0165<\/h3>\n<p>Jednoduch\u00e1 \u00fadr\u017eba je \u010fal\u0161\u00edm kritick\u00fdm h\u013eadiskom pri n\u00e1vrhu. Valec by mal umo\u017e\u0148ova\u0165 jednoduch\u00fd pr\u00edstup k tesneniam a komponentom pre pravideln\u00e9 kontroly a v\u00fdmeny. Malo by sa zv\u00e1\u017ei\u0165, ako \u010dasto s\u00fa potrebn\u00e9 \u00fadr\u017eb\u00e1rske \u00falohy a ako \u013eahko sa daj\u00fa diely vymeni\u0165. N\u00e1vrh, ktor\u00fd uprednost\u0148uje opravite\u013enos\u0165, m\u00f4\u017ee v\u00fdrazne zn\u00ed\u017ei\u0165 prestoje a n\u00e1klady spojen\u00e9 s poruchou zariadenia.<\/p>\n<p><img decoding=\"async\" src=\"https:\/\/www.hydraulic-cylinders.net\/wp-content\/uploads\/2025\/04\/songte-oil-pipes-and-spare-parts.webp\" alt=\"Hydraulick\u00e9 komponenty\" \/><\/p>\n<h2>Tesnenie a mazanie<\/h2>\n<p>Spr\u00e1vne tesnenie a mazanie s\u00fa k\u013e\u00fa\u010dov\u00e9 pre efekt\u00edvnu prev\u00e1dzku valcov v\u00fdlo\u017en\u00edka. Na zabr\u00e1nenie \u00faniku hydraulickej kvapaliny by sa mali pou\u017e\u00edva\u0165 r\u00f4zne tesniace komponenty vr\u00e1tane tesnen\u00ed piestov a tesnen\u00ed ty\u010d\u00ed. Odpor\u00fa\u010daj\u00fa sa tesnenia vyroben\u00e9 z materi\u00e1lov odoln\u00fdch vo\u010di opotrebovaniu, ako je polyuret\u00e1n a nitrilov\u00fd kau\u010duk. Okrem toho by teleso valca a z\u00e1vitov\u00e9 konce mali by\u0165 presne opracovan\u00e9, aby sa zv\u00fd\u0161ila odolnos\u0165 vo\u010di opotrebovaniu. Pravideln\u00e9 mazanie hydraulick\u00fdm olejom je potrebn\u00e9 na minimaliz\u00e1ciu trenia a opotrebenia, zabezpe\u010denie plynul\u00e9ho chodu a pred\u013a\u017eenie \u017eivotnosti valca.<\/p>\n<h2>Pravideln\u00e1 kontrola a prevent\u00edvna \u00fadr\u017eba<\/h2>\n<ul>\n<li><strong>Pravideln\u00e9 kontroly:<\/strong> Napl\u00e1nujte si pravideln\u00e9 kontroly, aby ste skontrolovali zn\u00e1mky opotrebovania, netesnost\u00ed alebo po\u0161kodenia valca. V\u010dasn\u00e9 odhalenie probl\u00e9mov m\u00f4\u017ee pred\u00eds\u0165 z\u00e1va\u017enej\u0161\u00edm probl\u00e9mom.<\/li>\n<li><strong>Mazanie:<\/strong> Zabezpe\u010dte dostato\u010dn\u00fa hladinu hydraulick\u00e9ho oleja a pravideln\u00e9 mazanie, aby tesnenia spr\u00e1vne fungovali a zn\u00ed\u017eili trenie.<\/li>\n<li><strong>V\u00fdmena tesnenia:<\/strong> Tesnenia sa \u010dasom m\u00f4\u017eu opotrebova\u0165 a je potrebn\u00e9 ich vymeni\u0165. Pravideln\u00e9 kontroly pom\u00f4\u017eu identifikova\u0165, kedy je potrebn\u00e9 tesnenia vymeni\u0165, aby sa zachoval ich v\u00fdkon.<\/li>\n<\/ul>\n<h2>Pokyny na in\u0161tal\u00e1ciu<\/h2>\n<p>Spr\u00e1vna in\u0161tal\u00e1cia valca v\u00fdlo\u017en\u00edka je nevyhnutn\u00e1 pre optim\u00e1lny v\u00fdkon a bezpe\u010dnos\u0165. Za\u010dnite t\u00fdm, \u017ee sa uist\u00edte, \u017ee pracovn\u00fd priestor je \u010dist\u00fd a bez ne\u010dist\u00f4t. Valec spr\u00e1vne zarovnajte s existuj\u00facimi mont\u00e1\u017enymi bodmi na r\u00fdpadle pomocou vhodn\u00fdch mont\u00e1\u017enych konzol na jeho upevnenie. Uistite sa, \u017ee v\u0161etky hydraulick\u00e9 pripojenia s\u00fa spr\u00e1vne vykonan\u00e9 a \u017ee nedoch\u00e1dza k prekr\u00ed\u017eeniu z\u00e1vitu alebo \u00fanikom. Je tie\u017e d\u00f4le\u017eit\u00e9 dodr\u017eiava\u0165 \u0161pecifik\u00e1cie v\u00fdrobcu t\u00fdkaj\u00face sa nastavenia kr\u00fatiaceho momentu a postupov in\u0161tal\u00e1cie, aby sa zabezpe\u010dila bezpe\u010dn\u00e1 a efekt\u00edvna prev\u00e1dzka.<\/p>\n<h2>Be\u017en\u00e9 \u00falohy \u00fadr\u017eby<\/h2>\n<ul>\n<li><strong>Pravideln\u00e9 kontroly:<\/strong> Pravidelne kontrolujte tesnos\u0165, po\u0161kodenie a opotrebovanie valca. Toto je nevyhnutn\u00e9 na udr\u017eanie prev\u00e1dzkovej \u00fa\u010dinnosti a bezpe\u010dnosti.<\/li>\n<li><strong>Spr\u00e1vne mazanie:<\/strong> Pravidelne nama\u017ete valec hydraulick\u00fdm olejom, aby ste zn\u00ed\u017eili trenie a zabr\u00e1nili opotrebovaniu tesnen\u00ed a pohybliv\u00fdch \u010dast\u00ed.<\/li>\n<li><strong>V\u00fdmena tesnenia:<\/strong> Sledujte opotrebovanie tesnen\u00ed a pod\u013ea potreby ich vyme\u0148te. To je nevyhnutn\u00e9 na zabr\u00e1nenie \u00faniku hydraulickej kvapaliny, \u010do m\u00f4\u017ee vies\u0165 k poruche zariadenia.<\/li>\n<\/ul>\n<h2>Bezpe\u010dnostn\u00e9 aspekty a faktory prostredia<\/h2>\n<p>Pri pou\u017e\u00edvan\u00ed hydraulick\u00fdch valcov s\u00fa bezpe\u010dnostn\u00e9 opatrenia prvorad\u00e9. Obsluha by mala by\u0165 vy\u0161kolen\u00e1, aby si uvedomovala d\u00f4le\u017eitos\u0165 dodr\u017eiavania bezpe\u010dnostn\u00fdch protokolov, ako je nosenie vhodn\u00fdch osobn\u00fdch ochrann\u00fdch prostriedkov a dodr\u017eiavanie pokynov pre bezpe\u010dn\u00fa prev\u00e1dzku strojov. Okrem toho by sa mali bra\u0165 do \u00favahy environment\u00e1lne aspekty, zabezpe\u010di\u0165 spr\u00e1vnu likvid\u00e1ciu hydraulick\u00fdch kvapal\u00edn a \u00fadr\u017ebu zariaden\u00ed s cie\u013eom minimalizova\u0165 \u00faniky a rozliatia, ktor\u00e9 by mohli po\u0161kodi\u0165 \u017eivotn\u00e9 prostredie.<\/p>\n<h2>Rie\u0161enie probl\u00e9mov a be\u017en\u00e9 probl\u00e9my<\/h2>\n<ul>\n<li><strong>\u00danik:<\/strong> Be\u017en\u00fdm probl\u00e9mom hydraulick\u00fdch valcov je \u00fanik, ktor\u00fd m\u00f4\u017ee by\u0165 sp\u00f4soben\u00fd opotrebovan\u00fdmi tesneniami alebo po\u0161koden\u00fdmi komponentmi. Pravideln\u00e9 kontroly m\u00f4\u017eu pom\u00f4c\u0165 identifikova\u0165 a v\u010das odstr\u00e1ni\u0165 \u00faniky.<\/li>\n<li><strong>Probl\u00e9my s v\u00fdkonom:<\/strong> Ak valec v\u00fdlo\u017en\u00edka nereaguje spr\u00e1vne, m\u00f4\u017ee to znamena\u0165 probl\u00e9m s hydraulick\u00fdm syst\u00e9mom, ako je napr\u00edklad n\u00edzka hladina kvapaliny alebo vzduch v potrubiach. R\u00fdchle rie\u0161enie t\u00fdchto probl\u00e9mov je nevyhnutn\u00e9.<\/li>\n<li><strong>Prehriatie:<\/strong> Nadmern\u00e9 teplo m\u00f4\u017ee nepriaznivo ovplyvni\u0165 hydraulick\u00e9 syst\u00e9my, \u010do vedie k poruche tesnenia a zn\u00ed\u017eeniu \u00fa\u010dinnosti. Monitorovanie teploty a zabezpe\u010denie spr\u00e1vnej hladiny kvapal\u00edn m\u00f4\u017ee pom\u00f4c\u0165 predch\u00e1dza\u0165 prehriatiu.<\/li>\n<\/ul>\n<h2>Tipy na rie\u0161enie por\u00fach<\/h2>\n<p>Aby sa efekt\u00edvne diagnostikovali a vyrie\u0161ili probl\u00e9my s valcom v\u00fdlo\u017en\u00edka, oper\u00e1tori by mali postupova\u0165 systematicky. Za\u010dnite kontrolou hladiny kvapal\u00edn a kontrolou netesnost\u00ed. Ak sa vyskytn\u00fa probl\u00e9my s v\u00fdkonom, je nevyhnutn\u00e9 pos\u00fadi\u0165 hydraulick\u00fd syst\u00e9m, \u010di neobsahuje nejak\u00e9 upchatia alebo vzduchov\u00e9 bubliny. Implement\u00e1cia prevent\u00edvnych opatren\u00ed, ako je pravideln\u00e1 \u00fadr\u017eba a v\u010dasn\u00e1 v\u00fdmena opotrebovan\u00fdch komponentov, m\u00f4\u017ee v\u00fdrazne zn\u00ed\u017ei\u0165 pravdepodobnos\u0165 bud\u00facich probl\u00e9mov.<\/p>\n<p><img decoding=\"async\" src=\"https:\/\/www.hydraulic-cylinders.net\/wp-content\/uploads\/2025\/04\/songte-bushings-with-all-kinds-of-excavator-models.webp\" alt=\"Puzdr\u00e1 bagerov\" \/><\/p>\n<h2>O na\u0161ej spolo\u010dnosti<\/h2>\n<p>Sme popredn\u00fdm v\u00fdrobcom n\u00e1hradn\u00fdch hydraulick\u00fdch valcov a poskytujeme komplexn\u00fd sortiment produktov na dom\u00e1com aj medzin\u00e1rodnom trhu. N\u00e1\u0161 z\u00e1v\u00e4zok k excelentnosti sa odr\u00e1\u017ea v na\u0161ich prec\u00edznych v\u00fdrobn\u00fdch procesoch a pou\u017e\u00edvan\u00ed pokro\u010dil\u00fdch technol\u00f3gi\u00ed. Investujeme do \u0161pi\u010dkov\u00fdch digit\u00e1lnych v\u00fdrobn\u00fdch zariaden\u00ed a profesion\u00e1lnych testovac\u00edch syst\u00e9mov, aby sme zlep\u0161ili na\u0161e v\u00fdrobn\u00e9 kapacity. Na\u0161\u00edm cie\u013eom je uspokoji\u0165 rozmanit\u00e9 potreby z\u00e1kazn\u00edkov s vysokou efektivitou, presnos\u0165ou a kvalitou.<\/p>\n<p><img decoding=\"async\" src=\"https:\/\/www.hydraulic-cylinders.net\/wp-content\/uploads\/2025\/04\/songte-company-4.webp\" alt=\"Preh\u013ead spolo\u010dnosti\" \/><br \/>\n<img decoding=\"async\" src=\"https:\/\/www.hydraulic-cylinders.net\/wp-content\/uploads\/2025\/04\/songte-company-3.webp\" alt=\"V\u00fdrobn\u00e9 zariadenie\" \/><\/p>\n<h2>Z\u00e1ver<\/h2>\n<p>Stru\u010dne povedan\u00e9, valec v\u00fdlo\u017en\u00edka pre mal\u00e9 r\u00fdpadlo Caterpillar E312D je d\u00f4le\u017eit\u00fdm komponentom, ktor\u00fd zlep\u0161uje prev\u00e1dzkov\u00e9 schopnosti r\u00fdpadiel. Pochopenie jeho funkci\u00ed, aplik\u00e1ci\u00ed a po\u017eiadaviek na \u00fadr\u017ebu m\u00f4\u017ee v\u00fdrazne zlep\u0161i\u0165 jeho v\u00fdkon a \u017eivotnos\u0165.<\/p>\n<p>Autor: lyl<\/p>","protected":false},"excerpt":{"rendered":"<p>Boom Cylinder For Caterpillar Small Excavator E312D Product Overview The Boom Cylinder for Caterpillar Small Excavator E312D is an essential hydraulic component designed to control the movement of the excavator&#8217;s boom. This hydraulic cylinder plays a critical role in the hydraulic system, enabling the boom to lift, lower, and tilt, thus facilitating various material handling [&hellip;]<\/p>","protected":false},"featured_media":17876,"comment_status":"open","ping_status":"closed","template":"","meta":{"_et_pb_use_builder":"","_et_pb_old_content":"","_et_gb_content_width":""},"product_brand":[],"product_cat":[1546],"product_tag":[1547,1496],"class_list":{"0":"post-18934","1":"product","2":"type-product","3":"status-publish","4":"has-post-thumbnail","6":"product_cat-boom-cylinders","7":"product_tag-boom-cylinders","8":"product_tag-hydraulic-cylinders","10":"first","11":"instock","12":"shipping-taxable","13":"product-type-simple"},"amp_enabled":true,"_links":{"self":[{"href":"https:\/\/www.hydraulic-cylinders.net\/sk\/wp-json\/wp\/v2\/product\/18934","targetHints":{"allow":["GET"]}}],"collection":[{"href":"https:\/\/www.hydraulic-cylinders.net\/sk\/wp-json\/wp\/v2\/product"}],"about":[{"href":"https:\/\/www.hydraulic-cylinders.net\/sk\/wp-json\/wp\/v2\/types\/product"}],"replies":[{"embeddable":true,"href":"https:\/\/www.hydraulic-cylinders.net\/sk\/wp-json\/wp\/v2\/comments?post=18934"}],"wp:featuredmedia":[{"embeddable":true,"href":"https:\/\/www.hydraulic-cylinders.net\/sk\/wp-json\/wp\/v2\/media\/17876"}],"wp:attachment":[{"href":"https:\/\/www.hydraulic-cylinders.net\/sk\/wp-json\/wp\/v2\/media?parent=18934"}],"wp:term":[{"taxonomy":"product_brand","embeddable":true,"href":"https:\/\/www.hydraulic-cylinders.net\/sk\/wp-json\/wp\/v2\/product_brand?post=18934"},{"taxonomy":"product_cat","embeddable":true,"href":"https:\/\/www.hydraulic-cylinders.net\/sk\/wp-json\/wp\/v2\/product_cat?post=18934"},{"taxonomy":"product_tag","embeddable":true,"href":"https:\/\/www.hydraulic-cylinders.net\/sk\/wp-json\/wp\/v2\/product_tag?post=18934"}],"curies":[{"name":"pracovn\u00fd list","href":"https:\/\/api.w.org\/{rel}","templated":true}]}}