{"id":18938,"date":"2025-04-07T06:03:15","date_gmt":"2025-04-07T06:03:15","guid":{"rendered":"https:\/\/www.hydraulic-cylinders.net\/product\/boom-cylinder-for-caterpillar-small-excavator-e305-5e\/"},"modified":"2025-04-07T06:03:17","modified_gmt":"2025-04-07T06:03:17","slug":"boom-cylinder-for-caterpillar-small-excavator-e305-5e","status":"publish","type":"product","link":"https:\/\/www.hydraulic-cylinders.net\/sk\/produkt\/boom-cylinder-for-caterpillar-small-excavator-e305-5e\/","title":{"rendered":"Valec v\u00fdlo\u017en\u00edka pre mal\u00e9 r\u00fdpadlo Caterpillar E305.5E"},"content":{"rendered":"<h1>Valec v\u00fdlo\u017en\u00edka pre mal\u00e9 r\u00fdpadlo Caterpillar E305.5E<\/h1>\n<h2>Preh\u013ead produktu<\/h2>\n<p>Hydraulick\u00fd valec v\u00fdlo\u017en\u00edka je k\u013e\u00fa\u010dov\u00fd hydraulick\u00fd komponent navrhnut\u00fd \u0161peci\u00e1lne pre mal\u00e9 r\u00fdpadlo Caterpillar E305.5E. Tento hydraulick\u00fd valec zohr\u00e1va d\u00f4le\u017eit\u00fa \u00falohu pri ovl\u00e1dan\u00ed pohybu v\u00fdlo\u017en\u00edka r\u00fdpadla. Umo\u017e\u0148uje zdv\u00edhanie, sp\u00fa\u0161\u0165anie a nakl\u00e1\u0148anie v\u00fdlo\u017en\u00edka, \u010do je nevyhnutn\u00e9 pre r\u00f4zne \u00falohy manipul\u00e1cie s materi\u00e1lom v stavebn\u00edctve, demola\u010dn\u00fdch a ter\u00e9nnych \u00faprav\u00e1ch.<\/p>\n<p><img decoding=\"async\" src=\"https:\/\/www.hydraulic-cylinders.net\/wp-content\/uploads\/2025\/04\/songte-company-1.webp\" alt=\"Obr\u00e1zok valca v\u00fdlo\u017en\u00edka\" \/><\/p>\n<h3>Defin\u00edcia a funk\u010dnos\u0165<\/h3>\n<p>Hydraulick\u00fd valec ly\u017eice je typ hydraulick\u00e9ho valca, ktor\u00fd sa pou\u017e\u00edva \u0161peci\u00e1lne na ovl\u00e1danie pohybu ly\u017eice v \u0165a\u017ek\u00fdch strojoch, ako s\u00fa bagre, r\u00fdpadlo-naklada\u010de a \u010deln\u00e9 naklada\u010de. Tieto valce umo\u017e\u0148uj\u00fa zdv\u00edhanie, sp\u00fa\u0161\u0165anie a nakl\u00e1\u0148anie ly\u017eice, \u010do u\u013eah\u010duje efekt\u00edvny pohyb materi\u00e1lu. Hydraulick\u00fd syst\u00e9m funguje tak, \u017ee pren\u00e1\u0161a kvapalinu cez valec a vytv\u00e1ra tlak, ktor\u00fd vedie k pohybu ly\u017eice. Presn\u00e9 ovl\u00e1danie, ktor\u00e9 tieto valce poskytuj\u00fa, je k\u013e\u00fa\u010dov\u00e9 pre \u00falohy, ako je v\u00fdkop, nakladanie a preprava materi\u00e1lov.<\/p>\n<h2>Vlastnosti valca v\u00fdlo\u017en\u00edka<\/h2>\n<ul>\n<li><strong>Vysok\u00e1 pevnos\u0165 a odolnos\u0165:<\/strong> Tieto valce s\u00fa vyroben\u00e9 z vysokopevnostnej ocele alebo hlin\u00edka a odol\u00e1vaj\u00fa vysok\u00e9mu tlaku a \u0165a\u017ek\u00fdm za\u0165a\u017eeniam, v\u010faka \u010domu s\u00fa vhodn\u00e9 do n\u00e1ro\u010dn\u00fdch pracovn\u00fdch prostred\u00ed.<\/li>\n<li><strong>Efekt\u00edvna hydraulick\u00e1 prev\u00e1dzka:<\/strong> Valec vyu\u017e\u00edva hydraulick\u00fd tlak oleja pre plynul\u00e9 vys\u00favanie a zas\u00favanie, \u010do zabezpe\u010duje r\u00fdchlu odozvu na ovl\u00e1dacie povely a dod\u00e1va robustn\u00fa tla\u010dn\u00fa a \u0165a\u017en\u00fa silu.<\/li>\n<li><strong>R\u00f4zne typy:<\/strong> K dispoz\u00edcii s\u00fa jedno\u010dinn\u00e9 (hydraulick\u00fd \u00fa\u010dinok iba v jednom smere) alebo dvoj\u010dinn\u00e9 (hydraulick\u00fd \u00fa\u010dinok v oboch smeroch) varianty, niektor\u00e9 modely s\u00fa teleskopick\u00e9, \u010do umo\u017e\u0148uje v\u00e4\u010d\u0161ie vysunutie bez zv\u00e4\u010d\u0161enia vonkaj\u0161\u00edch rozmerov.<\/li>\n<\/ul>\n<p>\u0160pecializujeme sa na v\u00fdrobu tohto produktu a na\u0161e valce dokonale nahr\u00e1dzaj\u00fa existuj\u00face hydraulick\u00e9 valce.<\/p>\n<p><img decoding=\"async\" src=\"https:\/\/www.hydraulic-cylinders.net\/wp-content\/uploads\/2025\/04\/songte-cylinder-head-with-all-kinds-excavator-models.webp\" alt=\"Modely bagrov\" \/><\/p>\n<h2>Aplik\u00e1cie valca ramena<\/h2>\n<h3>Stavebn\u00e9 stroje<\/h3>\n<p>V r\u00fdpadl\u00e1ch s\u00fa valce v\u00fdlo\u017en\u00edka nevyhnutn\u00e9 na kopanie, nakladanie a premiest\u0148ovanie zeminy alebo sutiny. Ich schopnos\u0165 presne ovl\u00e1da\u0165 v\u00fdkopov\u00e9 pr\u00e1ce zais\u0165uje efektivitu a presnos\u0165.<\/p>\n<h3>Po\u013enohospod\u00e1rske stroje<\/h3>\n<p>V \u010deln\u00fdch naklada\u010doch u\u013eah\u010duj\u00fa valce v\u00fdlo\u017en\u00edka kopanie, zdv\u00edhanie a prepravu p\u00f4dy, sena a in\u00fdch materi\u00e1lov. Ich funk\u010dnos\u0165 zvy\u0161uje produktivitu v po\u013enohospod\u00e1rskych \u010dinnostiach.<\/p>\n<h3>R\u00fdpadl\u00e1<\/h3>\n<p>Valec v\u00fdlo\u017en\u00edka umo\u017e\u0148uje ly\u017eici efekt\u00edvne prenika\u0165 do p\u00f4dy, \u010do umo\u017e\u0148uje efekt\u00edvne kopanie. T\u00e1to schopnos\u0165 je k\u013e\u00fa\u010dov\u00e1 pre r\u00f4zne zemn\u00e9 pr\u00e1ce.<\/p>\n<h3>Naklada\u010de<\/h3>\n<p>V \u010deln\u00fdch naklada\u010doch tieto valce pom\u00e1haj\u00fa pri efekt\u00edvnom zdv\u00edhan\u00ed a vykladan\u00ed materi\u00e1lov, \u010d\u00edm zlep\u0161uj\u00fa celkov\u00fa prev\u00e1dzkov\u00fa efektivitu pri manipul\u00e1cii s materi\u00e1lom.<\/p>\n<h2>\u00davahy o dizajne a krit\u00e9ri\u00e1 v\u00fdberu<\/h2>\n<h3>Nosnos\u0165<\/h3>\n<p>Pri v\u00fdbere valca ramena je d\u00f4le\u017eit\u00e9 zv\u00e1\u017ei\u0165 nosnos\u0165. Valec mus\u00ed by\u0165 schopn\u00fd zvl\u00e1dnu\u0165 maxim\u00e1lnu hmotnos\u0165, s ktorou sa stretne po\u010das prev\u00e1dzky. Vy\u0161\u0161ia nosnos\u0165 zais\u0165uje bezpe\u010dnos\u0165 a efektivitu, najm\u00e4 v n\u00e1ro\u010dn\u00fdch aplik\u00e1ci\u00e1ch.<\/p>\n<h3>Tesniaci v\u00fdkon<\/h3>\n<p>\u00da\u010dinnos\u0165 hydraulick\u00e9ho valca vo ve\u013ekej miere z\u00e1vis\u00ed od jeho tesniaceho v\u00fdkonu. Vysokokvalitn\u00e9 tesnenia zabra\u0148uj\u00fa \u00faniku hydraulickej kvapaliny, \u010d\u00edm zabezpe\u010duj\u00fa optim\u00e1lnu prev\u00e1dzku a zni\u017euj\u00fa potrebu \u010dastej \u00fadr\u017eby. Spr\u00e1vne tesnenie tie\u017e predl\u017euje \u017eivotnos\u0165 valca.<\/p>\n<h3>Trvanlivos\u0165<\/h3>\n<p>Trvanlivos\u0165 je k\u013e\u00fa\u010dov\u00fdm faktorom pri v\u00fdbere valca v\u00fdlo\u017en\u00edka. Materi\u00e1ly pou\u017eit\u00e9 na v\u00fdrobu by mali by\u0165 odoln\u00e9 vo\u010di opotrebovaniu, najm\u00e4 v n\u00e1ro\u010dn\u00fdch pracovn\u00fdch prostrediach. V\u00fdber odoln\u00fdch komponentov prispieva k dlhej \u017eivotnosti zariadenia.<\/p>\n<h3>Bezpe\u010dnostn\u00e9 prvky<\/h3>\n<p>Bezpe\u010dnos\u0165 je v hydraulick\u00fdch syst\u00e9moch prvorad\u00e1. Dobre navrhnut\u00fd valec v\u00fdlo\u017en\u00edka by mal obsahova\u0165 bezpe\u010dnostn\u00e9 prvky, ktor\u00e9 zabra\u0148uj\u00fa nehod\u00e1m po\u010das prev\u00e1dzky. Medzi ne m\u00f4\u017eu patri\u0165 pretlakov\u00e9 ventily a robustn\u00e1 kon\u0161trukcia, ktor\u00e1 odol\u00e1 neo\u010dak\u00e1van\u00e9mu za\u0165a\u017eeniu.<\/p>\n<h3>\u00dadr\u017eba a opravite\u013enos\u0165<\/h3>\n<p>Jednoduch\u00e1 \u00fadr\u017eba je nevyhnutn\u00e1 pre minimaliz\u00e1ciu prestojov. Dobre navrhnut\u00fd valec v\u00fdlo\u017en\u00edka by mal by\u0165 u\u017e\u00edvate\u013esky pr\u00edvetiv\u00fd a mal by umo\u017e\u0148ova\u0165 jednoduch\u00e9 kontroly, opravy a v\u00fdmenu dielov. Zoh\u013eadnenie \u00fadr\u017eby po\u010das f\u00e1zy n\u00e1vrhu m\u00f4\u017ee vies\u0165 k zv\u00fd\u0161eniu prev\u00e1dzkovej efekt\u00edvnosti.<\/p>\n<p><img decoding=\"async\" src=\"https:\/\/www.hydraulic-cylinders.net\/wp-content\/uploads\/2025\/04\/songte-oil-pipes-and-spare-parts.webp\" alt=\"Hydraulick\u00e9 diely\" \/><\/p>\n<h2>Utesnenie a mazanie valca v\u00fdlo\u017en\u00edka<\/h2>\n<p>Tesniaci syst\u00e9m valca v\u00fdlo\u017en\u00edka zah\u0155\u0148a r\u00f4zne komponenty, ako s\u00fa tesnenia piestov a tesnenia ty\u010d\u00ed. Na zaistenie odolnosti vo\u010di opotrebovaniu sa \u010dasto pou\u017e\u00edvaj\u00fa vysokokvalitn\u00e9 materi\u00e1ly, ako je polyuret\u00e1n a nitrilov\u00e1 guma. Teleso valca a z\u00e1vitov\u00e9 koncov\u00e9 plochy sa prec\u00edzne opracuj\u00fa, aby sa zv\u00fd\u0161ila odolnos\u0165 proti opotrebovaniu. Okrem toho je pravideln\u00e9 mazanie hydraulick\u00fdm olejom nevyhnutn\u00e9 na udr\u017eanie optim\u00e1lneho v\u00fdkonu a zabr\u00e1nenie nadmern\u00e9mu opotrebovaniu.<\/p>\n<h2>Opatrenia prevent\u00edvnej \u00fadr\u017eby<\/h2>\n<ul>\n<li><strong>Pravideln\u00e9 kontroly:<\/strong> Vykon\u00e1vajte pravideln\u00e9 kontroly, aby ste sa uistili, \u017ee v\u0161etky komponenty funguj\u00fa spr\u00e1vne, a aby ste identifikovali ak\u00e9ko\u013evek zn\u00e1mky opotrebovania alebo po\u0161kodenia.<\/li>\n<li><strong>Spr\u00e1vne mazanie:<\/strong> Uistite sa, \u017ee hladina hydraulick\u00e9ho oleja je dostato\u010dn\u00e1 a \u017ee syst\u00e9m je pravidelne mazan\u00fd, aby sa predi\u0161lo treniu a opotrebovaniu.<\/li>\n<li><strong>V\u00fdmena tesnenia:<\/strong> Sledujte stav tesnen\u00ed a v pr\u00edpade potreby ich vyme\u0148te, aby ste predi\u0161li \u00fanikom a udr\u017eali \u00fa\u010dinnos\u0165 syst\u00e9mu.<\/li>\n<\/ul>\n<h2>In\u0161tala\u010dn\u00e1 pr\u00edru\u010dka<\/h2>\n<p>Spr\u00e1vna in\u0161tal\u00e1cia valca ramena je k\u013e\u00fa\u010dov\u00e1 pre jeho efekt\u00edvnu prev\u00e1dzku. Za\u010dnite t\u00fdm, \u017ee sa uist\u00edte, \u017ee mont\u00e1\u017ene konzoly s\u00fa kompatibiln\u00e9 so \u0161pecifik\u00e1ciami valca. Valec spr\u00e1vne zarovnajte, aby ste predi\u0161li probl\u00e9mom s nespr\u00e1vnym zarovnan\u00edm. Na upevnenie valca pou\u017eite vhodn\u00e9 mont\u00e1\u017ene podpery. Uistite sa, \u017ee v\u0161etky hydraulick\u00e9 pripojenia s\u00fa tesn\u00e9 a bez \u00fanikov. Po in\u0161tal\u00e1cii otestujte syst\u00e9m, aby ste sa uistili, \u017ee valec funguje hladko a bez ak\u00fdchko\u013evek prek\u00e1\u017eok.<\/p>\n<h2>Be\u017en\u00e9 \u00falohy \u00fadr\u017eby<\/h2>\n<ul>\n<li><strong>Pravideln\u00e9 kontroly:<\/strong> Pravideln\u00e9 kontroly m\u00f4\u017eu pom\u00f4c\u0165 identifikova\u0165 potenci\u00e1lne probl\u00e9my sk\u00f4r, ako sa vyhrotia, a zabezpe\u010di\u0165 tak spo\u013eahliv\u00fa prev\u00e1dzku.<\/li>\n<li><strong>Spr\u00e1vne mazanie:<\/strong> Dostato\u010dn\u00e9 mazanie je nevyhnutn\u00e9 pre zn\u00ed\u017eenie trenia a pred\u013a\u017eenie \u017eivotnosti valca.<\/li>\n<li><strong>V\u00fdmena tesnenia:<\/strong> Pravideln\u00e9 kontroly tesnen\u00ed pom\u00f4\u017eu udr\u017eiava\u0165 tlak a zabr\u00e1ni\u0165 \u00faniku kvapaliny.<\/li>\n<\/ul>\n<h2>Bezpe\u010dnostn\u00e9 aspekty a faktory prostredia<\/h2>\n<p>Pri pr\u00e1ci s hydraulick\u00fdmi syst\u00e9mami je nevyhnutn\u00e9 implementova\u0165 bezpe\u010dnostn\u00e9 opatrenia. Obsluha by mala by\u0165 vy\u0161kolen\u00e1 v rozpoznan\u00ed riz\u00edk a dodr\u017eiavan\u00ed bezpe\u010dnostn\u00fdch protokolov, aby sa predi\u0161lo nehod\u00e1m. Pou\u017e\u00edvanie ekologick\u00fdch hydraulick\u00fdch kvapal\u00edn m\u00f4\u017ee tie\u017e pom\u00f4c\u0165 zn\u00ed\u017ei\u0165 vplyv na \u017eivotn\u00e9 prostredie.<\/p>\n<h2>Diagnostika por\u00fach a be\u017en\u00e9 probl\u00e9my<\/h2>\n<ul>\n<li><strong>\u00danik:<\/strong> Skontrolujte, \u010di okolo tesnen\u00ed a spojov nedoch\u00e1dza k \u00faniku kvapaliny, \u010do by mohlo nazna\u010dova\u0165 opotrebovanie alebo nespr\u00e1vnu in\u0161tal\u00e1ciu.<\/li>\n<li><strong>Probl\u00e9my s v\u00fdkonom:<\/strong> Ak valec nereaguje pod\u013ea o\u010dak\u00e1vania, skontrolujte, \u010di nie s\u00fa hydraulick\u00e9 potrubia upchat\u00e9 alebo \u010di nie je n\u00edzka hladina kvapaliny.<\/li>\n<li><strong>Hlu\u010dn\u00e1 prev\u00e1dzka:<\/strong> Nezvy\u010dajn\u00e9 zvuky po\u010das prev\u00e1dzky m\u00f4\u017eu nazna\u010dova\u0165 vn\u00fatorn\u00e9 opotrebenie alebo nedostato\u010dn\u00e9 mazanie.<\/li>\n<\/ul>\n<h2>Tipy na rie\u0161enie probl\u00e9mov<\/h2>\n<p>Pre efekt\u00edvnu diagnostiku a rie\u0161enie probl\u00e9mov najsk\u00f4r skontrolujte hladiny kvapal\u00edn a v pr\u00edpade potreby ich dopl\u0148te. Skontrolujte tesnenia a vyme\u0148te v\u0161etky, ktor\u00e9 s\u00fa po\u0161koden\u00e9. V pr\u00edpade probl\u00e9mov s v\u00fdkonom sa uistite, \u017ee v hydraulick\u00fdch potrubiach nie s\u00fa \u017eiadne upchatia. Pravideln\u00e1 \u00fadr\u017eba a monitorovanie m\u00f4\u017eu pom\u00f4c\u0165 predch\u00e1dza\u0165 t\u00fdmto probl\u00e9mom.<\/p>\n<p><img decoding=\"async\" src=\"https:\/\/www.hydraulic-cylinders.net\/wp-content\/uploads\/2025\/04\/songte-bushings-with-all-kinds-of-excavator-models.webp\" alt=\"Puzdr\u00e1 bagerov\" \/><\/p>\n<h2>O na\u0161ej spolo\u010dnosti<\/h2>\n<p>Sme v\u00fdrobcom n\u00e1hradn\u00fdch hydraulick\u00fdch valcov, pon\u00fakame komplexn\u00fd sortiment produktov a st\u00e1vame sa jedn\u00fdm z popredn\u00fdch v\u00fdrobcov a ve\u013ekoobchodn\u00fdch distrib\u00fatorov na dom\u00e1com aj medzin\u00e1rodnom trhu. Dr\u017e\u00edme sa excelentnosti v kvalite, vyu\u017e\u00edvame prepracovan\u00fa v\u00fdrobn\u00fa strat\u00e9giu a neust\u00e1le zdokona\u013eujeme na\u0161e v\u00fdrobn\u00e9 kapacity pomocou kvalifikovan\u00e9ho person\u00e1lu a pokro\u010dil\u00fdch digit\u00e1lnych v\u00fdrobn\u00fdch zariaden\u00ed. Na\u0161a siln\u00e1 tvoriv\u00e1 kapacita n\u00e1m umo\u017e\u0148uje uspokojova\u0165 rozmanit\u00e9 potreby z\u00e1kazn\u00edkov s vysokou efektivitou, presnos\u0165ou a kvalitou.<\/p>\n<h3>Odbornos\u0165 a medzin\u00e1rodn\u00e9 certifik\u00e1cie<\/h3>\n<p>Na\u0161a spolo\u010dnos\u0165 sa p\u00fd\u0161i svojimi odborn\u00fdmi znalos\u0165ami vo v\u00fdrobe hydraulick\u00fdch valcov. Z\u00edskali sme r\u00f4zne medzin\u00e1rodn\u00e9 certifik\u00e1ty, ktor\u00e9 potvrdzuj\u00fa kvalitu a spo\u013eahlivos\u0165 na\u0161ich produktov.<\/p>\n<h3>Z\u00e1kazn\u00edcke slu\u017eby<\/h3>\n<p>Pon\u00fakame slu\u017eby na mieru, ktor\u00e9 sp\u013a\u0148aj\u00fa \u0161pecifick\u00e9 po\u017eiadavky klientov a zabezpe\u010duj\u00fa, aby na\u0161e hydraulick\u00e9 valce dokonale vyhovovali zam\u00fd\u0161\u013ean\u00fdm aplik\u00e1ci\u00e1m.<\/p>\n<h3>V\u00fdrobn\u00e9 zariadenia<\/h3>\n<p>Na\u0161e najmodernej\u0161ie v\u00fdrobn\u00e9 zariadenia vyu\u017e\u00edvaj\u00fa pokro\u010dil\u00e9 vybavenie, ktor\u00e9 zvy\u0161uje presnos\u0165 a efektivitu v\u00fdroby, \u010do vedie k vynikaj\u00facej kvalite v\u00fdrobkov.<\/p>\n<h3>Popredajn\u00e9 slu\u017eby<\/h3>\n<p>Poskytujeme komplexn\u00e9 popredajn\u00e9 slu\u017eby vr\u00e1tane podpory pri in\u0161tal\u00e1cii a \u00fadr\u017ebe, \u010d\u00edm zabezpe\u010dujeme spokojnos\u0165 z\u00e1kazn\u00edkov a dlh\u00fa \u017eivotnos\u0165 produktov.<\/p>\n<p><img decoding=\"async\" src=\"https:\/\/www.hydraulic-cylinders.net\/wp-content\/uploads\/2025\/04\/songte-company-4.webp\" alt=\"Zariadenie spolo\u010dnosti\" \/><br \/>\n<img decoding=\"async\" src=\"https:\/\/www.hydraulic-cylinders.net\/wp-content\/uploads\/2025\/04\/songte-company-3.webp\" alt=\"V\u00fdrobn\u00e9 zariadenia\" \/><\/p>\n<p>Autor: lyl<\/p>","protected":false},"excerpt":{"rendered":"<p>Boom Cylinder For Caterpillar Small Excavator E305.5E Product Overview The Boom Cylinder is a critical hydraulic component designed specifically for the Caterpillar Small Excavator E305.5E. This hydraulic cylinder plays a vital role in controlling the movement of the excavator&#8217;s boom. It enables the lifting, lowering, and tilting of the boom, which is essential for various [&hellip;]<\/p>","protected":false},"featured_media":17880,"comment_status":"open","ping_status":"closed","template":"","meta":{"_et_pb_use_builder":"","_et_pb_old_content":"","_et_gb_content_width":""},"product_brand":[],"product_cat":[1546],"product_tag":[1547,1496],"class_list":{"0":"post-18938","1":"product","2":"type-product","3":"status-publish","4":"has-post-thumbnail","6":"product_cat-boom-cylinders","7":"product_tag-boom-cylinders","8":"product_tag-hydraulic-cylinders","10":"first","11":"instock","12":"shipping-taxable","13":"product-type-simple"},"amp_enabled":true,"_links":{"self":[{"href":"https:\/\/www.hydraulic-cylinders.net\/sk\/wp-json\/wp\/v2\/product\/18938","targetHints":{"allow":["GET"]}}],"collection":[{"href":"https:\/\/www.hydraulic-cylinders.net\/sk\/wp-json\/wp\/v2\/product"}],"about":[{"href":"https:\/\/www.hydraulic-cylinders.net\/sk\/wp-json\/wp\/v2\/types\/product"}],"replies":[{"embeddable":true,"href":"https:\/\/www.hydraulic-cylinders.net\/sk\/wp-json\/wp\/v2\/comments?post=18938"}],"wp:featuredmedia":[{"embeddable":true,"href":"https:\/\/www.hydraulic-cylinders.net\/sk\/wp-json\/wp\/v2\/media\/17880"}],"wp:attachment":[{"href":"https:\/\/www.hydraulic-cylinders.net\/sk\/wp-json\/wp\/v2\/media?parent=18938"}],"wp:term":[{"taxonomy":"product_brand","embeddable":true,"href":"https:\/\/www.hydraulic-cylinders.net\/sk\/wp-json\/wp\/v2\/product_brand?post=18938"},{"taxonomy":"product_cat","embeddable":true,"href":"https:\/\/www.hydraulic-cylinders.net\/sk\/wp-json\/wp\/v2\/product_cat?post=18938"},{"taxonomy":"product_tag","embeddable":true,"href":"https:\/\/www.hydraulic-cylinders.net\/sk\/wp-json\/wp\/v2\/product_tag?post=18938"}],"curies":[{"name":"pracovn\u00fd list","href":"https:\/\/api.w.org\/{rel}","templated":true}]}}