{"id":18946,"date":"2025-04-07T06:03:36","date_gmt":"2025-04-07T06:03:36","guid":{"rendered":"https:\/\/www.hydraulic-cylinders.net\/product\/boom-cylinder-for-caterpillar-middle-excavator-e320dlrr\/"},"modified":"2025-04-07T06:03:38","modified_gmt":"2025-04-07T06:03:38","slug":"boom-cylinder-for-caterpillar-middle-excavator-e320dlrr","status":"publish","type":"product","link":"https:\/\/www.hydraulic-cylinders.net\/sk\/produkt\/boom-cylinder-for-caterpillar-middle-excavator-e320dlrr\/","title":{"rendered":"Valec v\u00fdlo\u017en\u00edka pre stredn\u00e9 r\u00fdpadlo Caterpillar E320DLRR"},"content":{"rendered":"<h1>Valec v\u00fdlo\u017en\u00edka pre stredn\u00e9 r\u00fdpadlo Caterpillar E320DLRR<\/h1>\n<h2>Preh\u013ead valca ramena<\/h2>\n<p>Hydraulick\u00fd valec v\u00fdlo\u017en\u00edka je k\u013e\u00fa\u010dovou s\u00fa\u010das\u0165ou hydraulick\u00fdch syst\u00e9mov \u0165a\u017ek\u00fdch strojov, \u0161peci\u00e1lne navrhnut\u00fd na ovl\u00e1danie pohybu ly\u017e\u00edc r\u00fdpadiel. Tento typ hydraulick\u00e9ho valca u\u013eah\u010duje zdv\u00edhanie, sp\u00fa\u0161\u0165anie a nakl\u00e1\u0148anie ly\u017eice, v\u010faka \u010domu je nevyhnutn\u00fd pre \u00falohy manipul\u00e1cie s materi\u00e1lom v stavebn\u00edctve a in\u00fdch odvetviach.<\/p>\n<p>V podstate je valec v\u00fdlo\u017en\u00edka hydraulick\u00fd valec, ktor\u00fd poskytuje presn\u00e9 ovl\u00e1danie a v\u00fdkon ly\u017eice strojov, ako s\u00fa bagre, r\u00fdpadl\u00e1 a \u010deln\u00e9 naklada\u010de. Plynul\u00fd chod t\u00fdchto valcov zais\u0165uje efekt\u00edvne kopanie, nakladanie a prepravu materi\u00e1lov, \u010d\u00edm sa zvy\u0161uje produktivita na stavenisk\u00e1ch.<\/p>\n<p><img decoding=\"async\" src=\"https:\/\/www.hydraulic-cylinders.net\/wp-content\/uploads\/2025\/04\/songte-company-1.webp\" alt=\"Hydraulick\u00fd valec\" \/><\/p>\n<h2>Vlastnosti valca v\u00fdlo\u017en\u00edka<\/h2>\n<ul>\n<li><strong>Vysok\u00e1 pevnos\u0165 a odolnos\u0165:<\/strong> Tieto valce, vyroben\u00e9 z vysokopevnostnej ocele alebo hlin\u00edka, odol\u00e1vaj\u00fa vysok\u00e9mu tlaku a \u0165a\u017ek\u00fdm za\u0165a\u017eeniam, v\u010faka \u010domu s\u00fa vhodn\u00e9 do n\u00e1ro\u010dn\u00fdch pracovn\u00fdch prostred\u00ed.<\/li>\n<li><strong>Efekt\u00edvna hydraulick\u00e1 prev\u00e1dzka:<\/strong> Tieto valce vyu\u017e\u00edvaj\u00fa hydraulick\u00fd tlak oleja pre plynul\u00e9 vys\u00favanie a zas\u00favanie a poskytuj\u00fa r\u00fdchlu odozvu na ovl\u00e1dacie povely a dosahuj\u00fa siln\u00e9 tla\u010dn\u00e9 a \u0165ahov\u00e9 sily, ide\u00e1lne na manipul\u00e1ciu s \u0165a\u017ek\u00fdmi materi\u00e1lmi.<\/li>\n<li><strong>R\u00f4zne typy:<\/strong> Tieto valce s\u00fa dostupn\u00e9 v jedno\u010dinnom (funguje v jednom smere) alebo dvoj\u010dinnom (funguje v oboch smeroch) preveden\u00ed a dok\u00e1\u017eu splni\u0165 r\u00f4zne prev\u00e1dzkov\u00e9 po\u017eiadavky. Niektor\u00e9 modely maj\u00fa teleskopick\u00fa kon\u0161trukciu, ktor\u00e1 umo\u017e\u0148uje v\u00e4\u010d\u0161ie vysunutie bez zv\u00e4\u010d\u0161enia vonkaj\u0161\u00edch rozmerov, \u010do je ide\u00e1lne pre aplik\u00e1cie s obmedzen\u00fdm priestorom.<\/li>\n<li><strong>Mo\u017enosti prisp\u00f4sobenia:<\/strong> Na\u0161e produkty dok\u00e1\u017eu dokonale nahradi\u0165 cel\u00fd rad hydraulick\u00fdch valcov a vyhovie\u0165 tak \u0161pecifick\u00fdm potreb\u00e1m projektu a po\u017eiadavk\u00e1m na v\u00fdkon.<\/li>\n<\/ul>\n<p><img decoding=\"async\" src=\"https:\/\/www.hydraulic-cylinders.net\/wp-content\/uploads\/2025\/04\/songte-cylinder-head-with-all-kinds-excavator-models.webp\" alt=\"Modely bagrov\" \/><\/p>\n<h2>Aplik\u00e1cie valca v\u00fdlo\u017en\u00edka<\/h2>\n<h3>Stavebn\u00e9 stroje<\/h3>\n<p>V r\u00fdpadl\u00e1ch s\u00fa valce v\u00fdlo\u017en\u00edka nevyhnutn\u00e9 na kopanie, nakladanie a premiest\u0148ovanie zeminy alebo sutiny. Umo\u017e\u0148uj\u00fa ly\u017eici prenikn\u00fa\u0165 do zeme, \u010d\u00edm sa zefekt\u00edv\u0148uj\u00fa v\u00fdkopov\u00e9 pr\u00e1ce. Okrem toho v r\u00fdpadlo-naklada\u010doch tieto valce pom\u00e1haj\u00fa nielen pri kopan\u00ed, ale aj pri zdv\u00edhan\u00ed, \u010do ukazuje ich v\u0161estrannos\u0165 v r\u00f4znych typoch strojov.<\/p>\n<h3>Po\u013enohospod\u00e1rske stroje<\/h3>\n<p>V \u010deln\u00fdch naklada\u010doch sa valce v\u00fdlo\u017en\u00edka pou\u017e\u00edvaj\u00fa na naberanie, zdv\u00edhanie a prepravu p\u00f4dy, sena a in\u00fdch materi\u00e1lov. Ich robustn\u00e1 kon\u0161trukcia umo\u017e\u0148uje po\u013enohospod\u00e1rom \u013eahko manipulova\u0165 s \u0165a\u017ek\u00fdmi bremenami, \u010d\u00edm sa zvy\u0161uje produktivita pri r\u00f4znych po\u013enohospod\u00e1rskych \u00faloh\u00e1ch.<\/p>\n<h3>R\u00fdpadl\u00e1<\/h3>\n<p>Valec ly\u017eice umo\u017e\u0148uje r\u00fdpadl\u00e1m vykon\u00e1va\u0165 efekt\u00edvne kopacie \u010dinnosti t\u00fdm, \u017ee ly\u017eica bez n\u00e1mahy prenik\u00e1 do p\u00f4dy. T\u00e1to funkcia je k\u013e\u00fa\u010dov\u00e1 pre stavebn\u00e9 a zemn\u00e9 pr\u00e1ce, preto\u017ee podporuje r\u00fdchlej\u0161ie dokon\u010denie pr\u00e1c vo ve\u013ek\u00fdch projektoch.<\/p>\n<h3>Naklada\u010de<\/h3>\n<p>V \u010deln\u00fdch naklada\u010doch zohr\u00e1vaj\u00fa valce v\u00fdlo\u017en\u00edka v\u00fdznamn\u00fa \u00falohu pri efekt\u00edvnom zdv\u00edhan\u00ed a vykladan\u00ed materi\u00e1lov. Ich \u010dinnos\u0165 zabezpe\u010duje \u013eahk\u00fa manipul\u00e1ciu s \u0165a\u017ek\u00fdmi bremenami, \u010d\u00edm sa skracuje \u010das a \u00fasilie potrebn\u00e9 na dokon\u010denie nakladac\u00edch \u00faloh.<\/p>\n<h2>\u00davahy o dizajne a krit\u00e9ri\u00e1 v\u00fdberu<\/h2>\n<h3>Nosnos\u0165<\/h3>\n<p>Pri v\u00fdbere valca v\u00fdlo\u017en\u00edka je nosnos\u0165 prvorad\u00fdm faktorom. Valec mus\u00ed by\u0165 schopn\u00fd unies\u0165 maxim\u00e1lnu hmotnos\u0165 ly\u017eice a materi\u00e1lov, s ktor\u00fdmi bude manipulova\u0165. In\u017einieri musia vypo\u010d\u00edta\u0165 sily potrebn\u00e9 na r\u00f4zne oper\u00e1cie, aby sa zabezpe\u010dilo, \u017ee zvolen\u00fd valec unesie za\u0165a\u017eenie bez poruchy.<\/p>\n<h3>Tesniace mechanizmy<\/h3>\n<p>\u00da\u010dinn\u00e9 tesnenie je nevyhnutn\u00e9 pre hydraulick\u00e9 valce, aby sa zabr\u00e1nilo \u00faniku kvapaliny a udr\u017eal tlak. V\u00fdber tesnen\u00ed \u2013 ako s\u00fa tesnenia piestov a tesnenia ty\u010d\u00ed \u2013 by mal zoh\u013ead\u0148ova\u0165 faktory, ako je prev\u00e1dzkov\u00e1 teplota, tlak a kompatibilita s kvapalinami. Spr\u00e1vne tesnenie zvy\u0161uje v\u00fdkon a \u017eivotnos\u0165 valca.<\/p>\n<h3>Trvanlivos\u0165 a \u00fadr\u017eba<\/h3>\n<p>Trvanlivos\u0165 je k\u013e\u00fa\u010dov\u00e1 pre hydraulick\u00e9 valce vystaven\u00e9 drsn\u00e9mu prostrediu. Materi\u00e1ly musia by\u0165 odoln\u00e9 vo\u010di opotrebovaniu a kor\u00f3zii. Pravideln\u00e9 \u00fadr\u017eb\u00e1rske postupy, ako s\u00fa kontroly a mazanie, s\u00fa nevyhnutn\u00e9 na zabezpe\u010denie optim\u00e1lneho stavu a spo\u013eahliv\u00e9ho fungovania valca v priebehu \u010dasu.<\/p>\n<h3>Bezpe\u010dnostn\u00e9 prvky<\/h3>\n<p>Bezpe\u010dnostn\u00e9 aspekty zah\u0155\u0148aj\u00fa zabudovanie bezpe\u010dnostn\u00fdch prvkov a pretlakov\u00fdch ventilov na ochranu pred pre\u0165a\u017een\u00edm. V\u00fdrobcovia musia navrhn\u00fa\u0165 f\u013ea\u0161e s poistkami pre pr\u00edpad n\u00e1hleho zlyhania, aby sa predi\u0161lo nehod\u00e1m po\u010das prev\u00e1dzky a zabezpe\u010dila sa bezpe\u010dnos\u0165 obsluhy aj zariadenia.<\/p>\n<p><img decoding=\"async\" src=\"https:\/\/www.hydraulic-cylinders.net\/wp-content\/uploads\/2025\/04\/songte-oil-pipes-and-spare-parts.webp\" alt=\"Olejov\u00e9 potrubia a n\u00e1hradn\u00e9 diely\" \/><\/p>\n<h2>Tesnenie a mazanie<\/h2>\n<p>Spr\u00e1vne tesnenie a mazanie s\u00fa rozhoduj\u00face pre v\u00fdkon hydraulick\u00fdch valcov. R\u00f4zne tesnenia, ako napr\u00edklad tesnenia piestov a ty\u010d\u00ed, s\u00fa zvy\u010dajne vyroben\u00e9 z materi\u00e1lov odoln\u00fdch vo\u010di opotrebovaniu, ako je polyuret\u00e1n a nitrilov\u00fd kau\u010duk, \u010do zais\u0165uje dlh\u00fa \u017eivotnos\u0165 a spo\u013eahlivos\u0165. Povrchy telesa valca a z\u00e1vitov\u00fdch koncov s\u00fa presne opracovan\u00e9, aby sa zv\u00fd\u0161ila odolnos\u0165 vo\u010di opotrebovaniu. Pravideln\u00e9 mazanie hydraulick\u00fdm olejom je nevyhnutn\u00e9 pre hladk\u00fd chod syst\u00e9mu a zabr\u00e1nenie opotrebovaniu.<\/p>\n<h2>Pravideln\u00e9 kontroly a prevent\u00edvna \u00fadr\u017eba<\/h2>\n<ul>\n<li><strong>Rutinn\u00e1 kontrola:<\/strong> Pravideln\u00e9 kontroly tesnost\u00ed, opotrebovania a po\u0161kodenia pom\u00e1haj\u00fa identifikova\u0165 potenci\u00e1lne probl\u00e9my sk\u00f4r, ako sa zhor\u0161ia, a zabezpe\u010duj\u00fa tak efekt\u00edvnu prev\u00e1dzku valca.<\/li>\n<li><strong>\u00dadr\u017eba mazania:<\/strong> Dostato\u010dn\u00e9 mazanie je nevyhnutn\u00e9; obsluha by mala dodr\u017eiava\u0165 pokyny v\u00fdrobcu t\u00fdkaj\u00face sa typov oleja a intervalov, aby sa udr\u017eal optim\u00e1lny v\u00fdkon.<\/li>\n<li><strong>V\u00fdmena tesnenia:<\/strong> Tesnenia by sa mali kontrolova\u0165 a pod\u013ea potreby vymie\u0148a\u0165, aby sa zabr\u00e1nilo \u00faniku hydraulickej kvapaliny a aby sa zachovala integrita a v\u00fdkon syst\u00e9mu.<\/li>\n<\/ul>\n<h2>Pokyny na in\u0161tal\u00e1ciu<\/h2>\n<p>Spr\u00e1vna in\u0161tal\u00e1cia je k\u013e\u00fa\u010dov\u00e1 pre efekt\u00edvnu prev\u00e1dzku valca ramena. Za\u010dnite t\u00fdm, \u017ee sa uist\u00edte, \u017ee mont\u00e1\u017ene povrchy s\u00fa \u010dist\u00e9 a bez ne\u010dist\u00f4t. Valec presne zarovnajte s mont\u00e1\u017enymi bodmi, aby ste predi\u0161li probl\u00e9mom s nespr\u00e1vnym zarovnan\u00edm, ktor\u00e9 m\u00f4\u017eu sp\u00f4sobi\u0165 pred\u010dasn\u00e9 opotrebenie. Na pevn\u00e9 upevnenie valca sa odpor\u00fa\u010da pou\u017ei\u0165 vhodn\u00e9 mont\u00e1\u017ene konzoly. Dodr\u017eiavajte pokyny v\u00fdrobcu na in\u0161tal\u00e1ciu a \u0161pecifik\u00e1cie kr\u00fatiaceho momentu, aby ste sa uistili, \u017ee v\u0161etky spojovacie prvky s\u00fa bezpe\u010dne pripevnen\u00e9. Po in\u0161tal\u00e1cii vykonajte d\u00f4kladn\u00fa kontrolu, aby ste overili, \u010di v\u0161etky komponenty funguj\u00fa pod\u013ea o\u010dak\u00e1vania, a spustite sk\u00fa\u0161obn\u00fa prev\u00e1dzku, aby ste potvrdili prev\u00e1dzkov\u00fa integritu.<\/p>\n<h2>Be\u017en\u00e9 \u00falohy \u00fadr\u017eby<\/h2>\n<ul>\n<li><strong>Pravideln\u00e9 kontroly:<\/strong> Pravidelne kontrolujte opotrebovanie, aby ste zaistili bezpe\u010dnos\u0165 a funk\u010dnos\u0165.<\/li>\n<li><strong>Spr\u00e1vne mazanie:<\/strong> Zabezpe\u010dte, aby sa hydraulick\u00fd olej dop\u013a\u0148al pod\u013ea potreby a aby sa pou\u017e\u00edval spr\u00e1vny typ odpor\u00fa\u010dan\u00fd v\u00fdrobcom.<\/li>\n<li><strong>V\u00fdmena tesnenia:<\/strong> Sledujte stav tesnen\u00ed a vyme\u0148te ich, aby ste predi\u0161li \u00faniku a zachovali v\u00fdkon.<\/li>\n<\/ul>\n<h2>Bezpe\u010dnostn\u00e9 aspekty a faktory prostredia<\/h2>\n<p>Pri pou\u017e\u00edvan\u00ed hydraulick\u00fdch valcov je prvorad\u00e9 zaistenie bezpe\u010dnosti. Obsluha by mala by\u0165 vy\u0161kolen\u00e1, aby rozumela rizik\u00e1m spojen\u00fdm s hydraulick\u00fdmi syst\u00e9mami. Na predch\u00e1dzanie nehod\u00e1m s\u00fa nevyhnutn\u00e9 vhodn\u00e9 bezpe\u010dnostn\u00e9 opatrenia, ako je nosenie ochrann\u00fdch prostriedkov a dodr\u017eiavanie prev\u00e1dzkov\u00fdch protokolov. Okrem toho by sa mali dodr\u017eiava\u0165 environment\u00e1lne aspekty, ako je spr\u00e1vna likvid\u00e1cia hydraulick\u00fdch kvapal\u00edn a materi\u00e1lov, \u010d\u00edm sa chr\u00e1nia pracovn\u00edci aj okolie.<\/p>\n<h2>Rie\u0161enie probl\u00e9mov a be\u017en\u00e9 probl\u00e9my<\/h2>\n<ul>\n<li><strong>\u00daniky tekut\u00edn:<\/strong> Skontrolujte tesnenia a armat\u00fary, \u010di nie s\u00fa opotrebovan\u00e9 alebo po\u0161koden\u00e9. Opotrebovan\u00e9 tesnenia \u010dasto ved\u00fa k netesnostiam, \u010do si vy\u017eaduje v\u00fdmenu.<\/li>\n<li><strong>Slab\u00fd v\u00fdkon:<\/strong> Skontrolujte hladiny a kvalitu kvapal\u00edn; n\u00edzka hladina alebo kontaminovan\u00fd olej m\u00f4\u017ee br\u00e1ni\u0165 \u010dinnosti valca. Zabezpe\u010dte spr\u00e1vnu \u00fadr\u017ebu hydraulickej kvapaliny.<\/li>\n<li><strong>Prehriatie:<\/strong> Monitorujte prev\u00e1dzkov\u00e9 teploty; prehriatie m\u00f4\u017ee nazna\u010dova\u0165 nadmern\u00e9 za\u0165a\u017eenie alebo nedostato\u010dn\u00e9 mazanie, \u010do si vy\u017eaduje okam\u017eit\u00fa pozornos\u0165.<\/li>\n<\/ul>\n<h2>Diagn\u00f3za a prevent\u00edvne opatrenia<\/h2>\n<p>Aby sa minimalizovali potenci\u00e1lne probl\u00e9my, je nevyhnutn\u00e9 proakt\u00edvne zav\u00e1dza\u0165 prevent\u00edvne opatrenia. Pravideln\u00e1 pl\u00e1novan\u00e1 \u00fadr\u017eba vr\u00e1tane kontrol a mazania pom\u00f4\u017ee v\u010das identifikova\u0165 probl\u00e9my. Vzdel\u00e1vanie oper\u00e1torov v rozpozn\u00e1van\u00ed pr\u00edznakov poruchy m\u00f4\u017ee v\u00fdrazne zn\u00ed\u017ei\u0165 prestoje a n\u00e1klady na \u00fadr\u017ebu, \u010d\u00edm sa zabezpe\u010d\u00ed efekt\u00edvna prev\u00e1dzka hydraulick\u00e9ho syst\u00e9mu.<\/p>\n<p><img decoding=\"async\" src=\"https:\/\/www.hydraulic-cylinders.net\/wp-content\/uploads\/2025\/04\/songte-bushings-with-all-kinds-of-excavator-models.webp\" alt=\"Puzdr\u00e1 bagerov\" \/><\/p>\n<h2>Predstavenie spolo\u010dnosti<\/h2>\n<p>Sme popredn\u00fdm v\u00fdrobcom n\u00e1hradn\u00fdch hydraulick\u00fdch valcov a venujeme sa poskytovaniu komplexn\u00e9ho sortimentu produktov. N\u00e1\u0161 z\u00e1v\u00e4zok k excelentnosti n\u00e1s postavil na popredn\u00e9 miesto na dom\u00e1com aj medzin\u00e1rodnom trhu. Zameriavame sa na vynikaj\u00facu kvalitu a pou\u017e\u00edvame pokro\u010dil\u00e9 strat\u00e9gie riadenia v\u00fdroby. V\u010faka vyu\u017e\u00edvaniu kvalifikovan\u00e9ho technick\u00e9ho person\u00e1lu, \u0161pi\u010dkov\u00fdch digit\u00e1lnych v\u00fdrobn\u00fdch zariaden\u00ed a profesion\u00e1lnych testovac\u00edch syst\u00e9mov neust\u00e1le zlep\u0161ujeme na\u0161e v\u00fdrobn\u00e9 kapacity. N\u00e1\u0161 d\u00f4raz na efekt\u00edvnos\u0165, presnos\u0165 a kvalitu zabezpe\u010duje, \u017ee uspokojujeme rozmanit\u00e9 potreby na\u0161ich z\u00e1kazn\u00edkov vynikaj\u00facimi produktmi.<\/p>\n<p>Na\u0161a spolo\u010dnos\u0165 vynik\u00e1 v\u010faka profesionalite, medzin\u00e1rodn\u00fdm certifik\u00e1ci\u00e1m a z\u00e1kazkov\u00fdm slu\u017eb\u00e1m. Pou\u017e\u00edvame modern\u00e9 v\u00fdrobn\u00e9 zariadenia a poskytujeme v\u00fdnimo\u010dn\u00fa popredajn\u00fa podporu, \u010d\u00edm zabezpe\u010dujeme spokojnos\u0165 z\u00e1kazn\u00edkov v ka\u017edej f\u00e1ze.<\/p>\n<p><img decoding=\"async\" src=\"https:\/\/www.hydraulic-cylinders.net\/wp-content\/uploads\/2025\/04\/songte-company-4.webp\" alt=\"Obr\u00e1zok spolo\u010dnosti 1\" \/><br \/>\n<img decoding=\"async\" src=\"https:\/\/www.hydraulic-cylinders.net\/wp-content\/uploads\/2025\/04\/songte-company-3.webp\" alt=\"Obr\u00e1zok spolo\u010dnosti 2\" \/><\/p>\n<p>Autor: lyl<\/p>","protected":false},"excerpt":{"rendered":"<p>Boom Cylinder For Caterpillar Middle Excavator E320DLRR Overview of Boom Cylinder The Boom Cylinder is a crucial component in the hydraulic systems of heavy machinery, specifically designed for controlling the movement of excavator buckets. This type of hydraulic cylinder facilitates the lifting, lowering, and tilting of the bucket, making it essential for material handling tasks [&hellip;]<\/p>","protected":false},"featured_media":17873,"comment_status":"open","ping_status":"closed","template":"","meta":{"_et_pb_use_builder":"","_et_pb_old_content":"","_et_gb_content_width":""},"product_brand":[],"product_cat":[1546],"product_tag":[1547,1496],"class_list":{"0":"post-18946","1":"product","2":"type-product","3":"status-publish","4":"has-post-thumbnail","6":"product_cat-boom-cylinders","7":"product_tag-boom-cylinders","8":"product_tag-hydraulic-cylinders","10":"first","11":"instock","12":"shipping-taxable","13":"product-type-simple"},"amp_enabled":true,"_links":{"self":[{"href":"https:\/\/www.hydraulic-cylinders.net\/sk\/wp-json\/wp\/v2\/product\/18946","targetHints":{"allow":["GET"]}}],"collection":[{"href":"https:\/\/www.hydraulic-cylinders.net\/sk\/wp-json\/wp\/v2\/product"}],"about":[{"href":"https:\/\/www.hydraulic-cylinders.net\/sk\/wp-json\/wp\/v2\/types\/product"}],"replies":[{"embeddable":true,"href":"https:\/\/www.hydraulic-cylinders.net\/sk\/wp-json\/wp\/v2\/comments?post=18946"}],"wp:featuredmedia":[{"embeddable":true,"href":"https:\/\/www.hydraulic-cylinders.net\/sk\/wp-json\/wp\/v2\/media\/17873"}],"wp:attachment":[{"href":"https:\/\/www.hydraulic-cylinders.net\/sk\/wp-json\/wp\/v2\/media?parent=18946"}],"wp:term":[{"taxonomy":"product_brand","embeddable":true,"href":"https:\/\/www.hydraulic-cylinders.net\/sk\/wp-json\/wp\/v2\/product_brand?post=18946"},{"taxonomy":"product_cat","embeddable":true,"href":"https:\/\/www.hydraulic-cylinders.net\/sk\/wp-json\/wp\/v2\/product_cat?post=18946"},{"taxonomy":"product_tag","embeddable":true,"href":"https:\/\/www.hydraulic-cylinders.net\/sk\/wp-json\/wp\/v2\/product_tag?post=18946"}],"curies":[{"name":"pracovn\u00fd list","href":"https:\/\/api.w.org\/{rel}","templated":true}]}}