{"id":18951,"date":"2025-04-07T06:03:49","date_gmt":"2025-04-07T06:03:49","guid":{"rendered":"https:\/\/www.hydraulic-cylinders.net\/product\/boom-cylinder-for-caterpillar-middle-excavator-e33202\/"},"modified":"2025-04-07T06:03:52","modified_gmt":"2025-04-07T06:03:52","slug":"boom-cylinder-for-caterpillar-middle-excavator-e33202","status":"publish","type":"product","link":"https:\/\/www.hydraulic-cylinders.net\/sk\/produkt\/boom-cylinder-for-caterpillar-middle-excavator-e33202\/","title":{"rendered":"Valec v\u00fdlo\u017en\u00edka pre stredn\u00e9 r\u00fdpadlo Caterpillar E33202"},"content":{"rendered":"<h1>Valec v\u00fdlo\u017en\u00edka pre stredn\u00e9 r\u00fdpadlo Caterpillar E33202<\/h1>\n<h2>\u00davod k valcu v\u00fdlo\u017en\u00edka<\/h2>\n<p>Ten\/T\u00e1\/To <strong>Valec v\u00fdlo\u017en\u00edka pre stredn\u00e9 r\u00fdpadlo Caterpillar E33202<\/strong> je k\u013e\u00fa\u010dov\u00fd komponent navrhnut\u00fd \u0161peci\u00e1lne pre \u0165a\u017ek\u00e9 stroje. Tento hydraulick\u00fd valec je nevyhnutn\u00fd na ovl\u00e1danie pohybu ly\u017eice r\u00fdpadla, \u010do umo\u017e\u0148uje jej zdv\u00edhanie, sp\u00fa\u0161\u0165anie a nakl\u00e1\u0148anie. Valec v\u00fdlo\u017en\u00edka zohr\u00e1va d\u00f4le\u017eit\u00fa \u00falohu v hydraulickom syst\u00e9me stavebn\u00fdch strojov a umo\u017e\u0148uje efekt\u00edvnu manipul\u00e1ciu s materi\u00e1lom.<\/p>\n<p>Hydraulick\u00fd valec ly\u017eice, \u010do je typ hydraulick\u00e9ho valca, je navrhnut\u00fd tak, aby zvl\u00e1dal zlo\u017eit\u00e9 pr\u00e1ce \u0165a\u017ek\u00fdch strojov, ako s\u00fa r\u00fdpadl\u00e1, r\u00fdpadl\u00e1-naklada\u010de a \u010deln\u00e9 naklada\u010de. Zvy\u0161uje prev\u00e1dzkov\u00fa efektivitu t\u00fdm, \u017ee poskytuje potrebn\u00fa silu na presn\u00fa manipul\u00e1ciu s polohou ly\u017eice.<\/p>\n<p><img decoding=\"async\" src=\"https:\/\/www.hydraulic-cylinders.net\/wp-content\/uploads\/2025\/04\/songte-company-1.webp\" alt=\"Valec v\u00fdlo\u017en\u00edka pre bager\" \/><\/p>\n<h2>K\u013e\u00fa\u010dov\u00e9 vlastnosti valca v\u00fdlo\u017en\u00edka<\/h2>\n<ul>\n<li><strong>Vysok\u00e1 pevnos\u0165 a odolnos\u0165:<\/strong> Tieto valce s\u00fa vyroben\u00e9 z vysokopevnostnej ocele alebo hlin\u00edka a s\u00fa skon\u0161truovan\u00e9 tak, aby odolali vysok\u00e9mu tlaku a ve\u013ek\u00e9mu za\u0165a\u017eeniu, v\u010faka \u010domu s\u00fa vhodn\u00e9 do n\u00e1ro\u010dn\u00fdch pracovn\u00fdch podmienok. S\u00fa navrhnut\u00e9 s opotrebovan\u00edm a odolnos\u0165ou vo\u010di kor\u00f3zii, aby sa pred\u013a\u017eila ich \u017eivotnos\u0165.<\/li>\n<li><strong>Efekt\u00edvna hydraulick\u00e1 prev\u00e1dzka:<\/strong> Vyu\u017eitie hydraulick\u00e9ho tlaku oleja umo\u017e\u0148uje plynul\u00e9 vys\u00favanie a zas\u00favanie, \u010do umo\u017e\u0148uje r\u00fdchlu reakciu na ovl\u00e1dacie povely a poskytuje zna\u010dn\u00fa tla\u010dn\u00fa a \u0165ahov\u00fa silu, ide\u00e1lnu pre \u0165a\u017ek\u00e9 a zlo\u017eit\u00e9 \u00falohy.<\/li>\n<li><strong>R\u00f4zne typy:<\/strong> K dispoz\u00edcii s\u00fa v jedno\u010dinnom (s hydraulick\u00fdm pohonom v jednom smere) alebo dvoj\u010dinnom (s hydraulick\u00fdm pohonom v oboch smeroch) preveden\u00ed a niektor\u00e9 modely s\u00fa teleskopick\u00e9, \u010do umo\u017e\u0148uje v\u00e4\u010d\u0161ie vysunutie bez zv\u00e4\u010d\u0161enia vonkaj\u0161\u00edch rozmerov, vhodn\u00e9 pre aplik\u00e1cie s obmedzen\u00fdm priestorom.<\/li>\n<li><strong>Z\u00e1kazkov\u00e1 v\u00fdroba:<\/strong> Na\u0161e produkty dokonale nahr\u00e1dzaj\u00fa existuj\u00face hydraulick\u00e9 valce, \u010d\u00edm zabezpe\u010duj\u00fa bezprobl\u00e9mov\u00fa integr\u00e1ciu a spo\u013eahliv\u00fd v\u00fdkon.<\/li>\n<\/ul>\n<p><img decoding=\"async\" src=\"https:\/\/www.hydraulic-cylinders.net\/wp-content\/uploads\/2025\/04\/songte-cylinder-head-with-all-kinds-excavator-models.webp\" alt=\"Modely bagrov\" \/><\/p>\n<h2>Aplik\u00e1cie valca v\u00fdlo\u017en\u00edka<\/h2>\n<h3>Stavebn\u00e9 stroje<\/h3>\n<p>V stavebn\u00fdch strojoch je valec v\u00fdlo\u017en\u00edka nevyhnutn\u00fd pre r\u00fdpadl\u00e1, je k\u013e\u00fa\u010dov\u00fd pre kopanie, nakladanie a premiest\u0148ovanie zeminy alebo sutiny. Umo\u017e\u0148uje presn\u00fa a efekt\u00edvnu manipul\u00e1ciu s materi\u00e1lom, v\u010faka \u010domu je d\u00f4le\u017eit\u00fdm n\u00e1strojom na ka\u017edom stavenisku.<\/p>\n<h3>Po\u013enohospod\u00e1rske stroje<\/h3>\n<p>V \u010deln\u00fdch naklada\u010doch sa valec v\u00fdlo\u017en\u00edka pou\u017e\u00edva na naberanie, zdv\u00edhanie a prepravu p\u00f4dy, sena a in\u00fdch materi\u00e1lov. Jeho robustn\u00e1 kon\u0161trukcia zais\u0165uje spo\u013eahliv\u00fd v\u00fdkon pri po\u013enohospod\u00e1rskych \u00faloh\u00e1ch, kde je efektivita kritick\u00e1.<\/p>\n<h3>R\u00fdpadl\u00e1<\/h3>\n<p>Valec v\u00fdlo\u017en\u00edka umo\u017e\u0148uje r\u00fdpadl\u00e1m efekt\u00edvne prenika\u0165 do p\u00f4dy, \u010do u\u013eah\u010duje kopanie. Poskytuje potrebn\u00fa silu na man\u00e9vrovanie s ly\u017eicou cez r\u00f4zne typy p\u00f4dy, \u010d\u00edm zvy\u0161uje produktivitu v\u00fdkopu.<\/p>\n<h3>Naklada\u010de<\/h3>\n<p>V \u010deln\u00fdch naklada\u010doch pom\u00e1haj\u00fa valce v\u00fdlo\u017en\u00edka efekt\u00edvne zdv\u00edha\u0165 a vyklada\u0165 bremen\u00e1. Ich schopnos\u0165 vyvin\u00fa\u0165 zna\u010dn\u00fa silu umo\u017e\u0148uje obsluhe \u013eahko manipulova\u0165 s \u0165a\u017ek\u00fdmi materi\u00e1lmi, \u010d\u00edm sa zvy\u0161uje celkov\u00e1 prev\u00e1dzkov\u00e1 efektivita.<\/p>\n<h2>\u00davahy o dizajne a krit\u00e9ri\u00e1 v\u00fdberu<\/h2>\n<ul>\n<li><strong>Nosnos\u0165:<\/strong> Kon\u0161trukcia mus\u00ed zvl\u00e1dnu\u0165 maxim\u00e1lne za\u0165a\u017eenie, aby sa zabezpe\u010dila bezpe\u010dnos\u0165 a \u00fa\u010dinnos\u0165. D\u00f4kladn\u00e9 pochopenie po\u017eiadaviek na za\u0165a\u017eenie informuje o v\u00fdbere vhodn\u00fdch \u0161pecifik\u00e1ci\u00ed valca.<\/li>\n<li><strong>Tesnenie:<\/strong> \u00da\u010dinn\u00e9 tesnenie je nevyhnutn\u00e9 na zabr\u00e1nenie \u00faniku hydraulickej kvapaliny. Kvalitn\u00e9 tesnenia zvy\u0161uj\u00fa v\u00fdkon a predl\u017euj\u00fa \u017eivotnos\u0165 udr\u017eiavan\u00edm hydraulick\u00e9ho tlaku v syst\u00e9me.<\/li>\n<li><strong>Trvanlivos\u0165:<\/strong> Materi\u00e1ly pou\u017eit\u00e9 na v\u00fdrobu valca by mali odol\u00e1va\u0165 environment\u00e1lnym faktorom a mechanick\u00e9mu nam\u00e1haniu. V\u00fdber materi\u00e1lov odoln\u00fdch vo\u010di kor\u00f3zii je nevyhnutn\u00fd pre dlh\u00fa \u017eivotnos\u0165.<\/li>\n<li><strong>Bezpe\u010dnos\u0165:<\/strong> S\u00fa\u010das\u0165ou n\u00e1vrhu musia by\u0165 bezpe\u010dnostn\u00e9 prvky, ako napr\u00edklad pretlakov\u00e9 ventily, na zvl\u00e1dnutie neo\u010dak\u00e1van\u00fdch tlakov\u00fdch r\u00e1zov a zabr\u00e1nenie poruche zariadenia.<\/li>\n<li><strong>Udr\u017eiavate\u013enos\u0165:<\/strong> Kon\u0161trukcia pre jednoduch\u00fa \u00fadr\u017ebu, ako s\u00fa pr\u00edstupn\u00e9 mazacie body a vymenite\u013en\u00e9 tesnenia, zais\u0165uje, \u017ee hydraulick\u00fd syst\u00e9m zostane funk\u010dn\u00fd s minim\u00e1lnymi prestojmi.<\/li>\n<\/ul>\n<p><img decoding=\"async\" src=\"https:\/\/www.hydraulic-cylinders.net\/wp-content\/uploads\/2025\/04\/songte-oil-pipes-and-spare-parts.webp\" alt=\"Hydraulick\u00e9 potrubia a n\u00e1hradn\u00e9 diely\" \/><\/p>\n<h2>Utesnenie a mazanie valca v\u00fdlo\u017en\u00edka<\/h2>\n<p>\u00da\u010dinn\u00e9 tesnenie a mazanie s\u00fa pre v\u00fdkon valca v\u00fdlo\u017en\u00edka prvorad\u00e9. Na udr\u017eanie hydraulick\u00e9ho tlaku a zabr\u00e1nenie \u00faniku kvapaliny sa pou\u017e\u00edvaj\u00fa r\u00f4zne tesnenia, ako s\u00fa piestne tesnenia a ty\u010dov\u00e9 tesnenia. Materi\u00e1ly ako polyuret\u00e1n a nitrilov\u00e1 guma sa vyberaj\u00fa pre svoju odolnos\u0165 vo\u010di opotrebovaniu, \u010do zais\u0165uje dlh\u00fa \u017eivotnos\u0165 v n\u00e1ro\u010dn\u00fdch aplik\u00e1ci\u00e1ch.<\/p>\n<p>Teleso valca a z\u00e1vitov\u00e9 konce s\u00fa prec\u00edzne opracovan\u00e9, aby sa zv\u00fd\u0161ila odolnos\u0165 proti opotrebovaniu a prispievalo k celkovej \u017eivotnosti. Vy\u017eaduje sa pravideln\u00e9 mazanie, \u010do si vy\u017eaduje pravideln\u00e9 dop\u013a\u0148anie hydraulick\u00e9ho oleja na udr\u017eanie optim\u00e1lneho v\u00fdkonu a zn\u00ed\u017eenie trenia medzi pohybliv\u00fdmi \u010das\u0165ami.<\/p>\n<h2>Pravideln\u00e1 kontrola a prevent\u00edvna \u00fadr\u017eba<\/h2>\n<ul>\n<li><strong>Pravideln\u00e9 kontroly:<\/strong> Vykon\u00e1vanie pravideln\u00fdch kontrol pom\u00e1ha identifikova\u0165 v\u010dasn\u00e9 zn\u00e1mky opotrebovania, netesnost\u00ed alebo po\u0161kodenia. Obsluha by mala po\u010das prev\u00e1dzky kontrolova\u0165 ak\u00e9ko\u013evek abnorm\u00e1lne zvuky alebo pohyby.<\/li>\n<li><strong>Vhodn\u00e9 mazanie:<\/strong> Pravideln\u00e9 mazanie valca je nevyhnutn\u00e9 pre zabezpe\u010denie hladk\u00e9ho chodu. Pou\u017eitie spr\u00e1vneho typu a mno\u017estva hydraulick\u00e9ho oleja je k\u013e\u00fa\u010dov\u00e9 pre udr\u017eanie v\u00fdkonu.<\/li>\n<li><strong>V\u00fdmena tesnenia:<\/strong> Tesnenia sa \u010dasom m\u00f4\u017eu opotrebova\u0165 a bude ich potrebn\u00e9 vymeni\u0165. Pravideln\u00e9 kontroly neporu\u0161enosti tesnen\u00ed m\u00f4\u017eu zabr\u00e1ni\u0165 \u00faniku hydraulickej kvapaliny a udr\u017ea\u0165 tlak v syst\u00e9me.<\/li>\n<\/ul>\n<h2>Pokyny na in\u0161tal\u00e1ciu valca ramena<\/h2>\n<p>Spr\u00e1vna in\u0161tal\u00e1cia valca ramena je rozhoduj\u00faca pre funk\u010dnos\u0165 a bezpe\u010dnos\u0165. Za\u010dnite t\u00fdm, \u017ee sa uist\u00edte, \u017ee pracovn\u00fd priestor je \u010dist\u00fd a bez ne\u010dist\u00f4t. Valec presne zarovnajte s mont\u00e1\u017enymi bodmi a upevnite ho na mieste pomocou vhodn\u00fdch mont\u00e1\u017enych konzol.<\/p>\n<p>Pred utiahnut\u00edm sa uistite, \u017ee hydraulick\u00e9 potrubia s\u00fa spr\u00e1vne umiestnen\u00e9. Po zarovnan\u00ed pripojte hydraulick\u00e9 potrubia a skontrolujte, \u010di nie s\u00fa prek\u00e1\u017ekou. Po in\u0161tal\u00e1cii napl\u0148te hydraulick\u00fd syst\u00e9m odpor\u00fa\u010dan\u00fdm olejom a odvzdu\u0161nite syst\u00e9m, aby ste zabezpe\u010dili optim\u00e1lny v\u00fdkon.<\/p>\n<p>Pravidelne sledujte funkciu valca po in\u0161tal\u00e1cii, aby ste zabezpe\u010dili jeho plynul\u00fd a efekt\u00edvny chod, a v pr\u00edpade potreby vykonajte \u00fapravy.<\/p>\n<h2>\u00dadr\u017eb\u00e1rske \u00falohy pre valec v\u00fdlo\u017en\u00edka<\/h2>\n<ul>\n<li><strong>Pravideln\u00e9 kontroly:<\/strong> Zabezpe\u010dte pravideln\u00e9 kontroly, aby ste odhalili ak\u00e9ko\u013evek zn\u00e1mky opotrebovania alebo po\u0161kodenia. V\u010dasn\u00e9 odhalenie m\u00f4\u017ee pred\u00eds\u0165 v\u00e4\u010d\u0161\u00edm probl\u00e9mom v bud\u00facnosti.<\/li>\n<li><strong>Vhodn\u00e9 mazanie:<\/strong> Udr\u017eiavajte spr\u00e1vne mazanie, aby ste minimalizovali trenie a opotrebovanie. Pou\u017e\u00edvajte odpor\u00fa\u010dan\u00fd hydraulick\u00fd olej, aby ste zabezpe\u010dili kompatibilitu s materi\u00e1lmi valca.<\/li>\n<li><strong>V\u00fdmena tesnenia a kontroly kalibr\u00e1cie:<\/strong> Pravidelne kontrolujte opotrebovanie tesnen\u00ed a v pr\u00edpade potreby ich vyme\u0148te. Kalibra\u010dn\u00e9 kontroly zabezpe\u010duj\u00fa, \u017ee valec pracuje v r\u00e1mci stanoven\u00fdch parametrov, \u010d\u00edm sa zvy\u0161uje v\u00fdkon a bezpe\u010dnos\u0165.<\/li>\n<\/ul>\n<h2>Bezpe\u010dnostn\u00e9 aspekty a faktory prostredia<\/h2>\n<p>Pri pou\u017e\u00edvan\u00ed hydraulick\u00fdch valcov s\u00fa bezpe\u010dnostn\u00e9 opatrenia prvorad\u00e9. Obsluha mus\u00ed by\u0165 vy\u0161kolen\u00e1, aby rozumela potenci\u00e1lnym rizik\u00e1m spojen\u00fdm s hydraulick\u00fdmi syst\u00e9mami vr\u00e1tane rizika \u00fanikov pod vysok\u00fdm tlakom a poruchy zariadenia. Mali by sa nosi\u0165 vhodn\u00e9 bezpe\u010dnostn\u00e9 prostriedky a zariadenia by sa mali pravidelne udr\u017eiava\u0165, aby sa zmiernili rizik\u00e1. Medzi environment\u00e1lne aspekty patr\u00ed zabezpe\u010denie spr\u00e1vnej likvid\u00e1cie hydraulick\u00fdch kvapal\u00edn, aby sa zabr\u00e1nilo kontamin\u00e1cii, a dodr\u017eiavanie predpisov t\u00fdkaj\u00facich sa hluku a emisi\u00ed z hydraulick\u00fdch strojov.<\/p>\n<h2>Rie\u0161enie probl\u00e9mov a be\u017en\u00e9 probl\u00e9my<\/h2>\n<ul>\n<li><strong>\u00danik:<\/strong> \u010casto sp\u00f4soben\u00e9 opotrebovan\u00fdmi tesneniami alebo po\u0161koden\u00fdm telesom valca. Pravideln\u00e9 kontroly a okam\u017eit\u00e9 opravy s\u00fa nevyhnutn\u00e9 na zabr\u00e1nenie \u00faniku hydraulickej kvapaliny.<\/li>\n<li><strong>Nedostato\u010dn\u00fd v\u00fdkon:<\/strong> M\u00f4\u017ee to nazna\u010dova\u0165 n\u00edzku hladinu hydraulickej kvapaliny alebo vn\u00fatorn\u00e9 po\u0161kodenie valca. Skontrolujte hladiny kvapal\u00edn a skontrolujte, \u010di nedo\u0161lo k vn\u00fatorn\u00fdm probl\u00e9mom.<\/li>\n<li><strong>Abnorm\u00e1lne zvuky:<\/strong> Nezvy\u010dajn\u00e9 zvuky po\u010das prev\u00e1dzky m\u00f4\u017eu nazna\u010dova\u0165 nespr\u00e1vne zarovnanie alebo mechanick\u00fa poruchu. Okam\u017eit\u00e9 vy\u0161etrenie je nevyhnutn\u00e9, aby sa predi\u0161lo \u010fal\u0161iemu po\u0161kodeniu.<\/li>\n<\/ul>\n<h2>Tipy a rie\u0161enia probl\u00e9mov<\/h2>\n<p>Pre efekt\u00edvnu diagnostiku a rie\u0161enie probl\u00e9mov s valcom v\u00fdlo\u017en\u00edka by oper\u00e1tori mali postupova\u0165 systematicky. Za\u010dnite vizu\u00e1lnou kontrolou valca, \u010di nie je netesn\u00fd, prasknut\u00fd alebo nespr\u00e1vne zarovnan\u00fd. Ak sa vyskytn\u00fa probl\u00e9my s nap\u00e1jan\u00edm, skontrolujte hladinu hydraulickej kvapaliny a uistite sa, \u017ee syst\u00e9m je bez vzduchu. V pr\u00edpade abnorm\u00e1lnych zvukov skontrolujte v\u0161etky pripojenia a upevnenia a uistite sa, \u017ee valec je spr\u00e1vne upevnen\u00fd.<\/p>\n<p>Medzi prevent\u00edvne opatrenia patr\u00ed dodr\u017eiavanie pravideln\u00e9ho harmonogramu \u00fadr\u017eby, pou\u017e\u00edvanie kvalitn\u00fdch hydraulick\u00fdch kvapal\u00edn a zabezpe\u010denie \u0161kolenia obsluhy o bezpe\u010dnom a efekt\u00edvnom pou\u017e\u00edvan\u00ed zariaden\u00ed s cie\u013eom minimalizova\u0165 potenci\u00e1lne probl\u00e9my.<\/p>\n<p><img decoding=\"async\" src=\"https:\/\/www.hydraulic-cylinders.net\/wp-content\/uploads\/2025\/04\/songte-bushings-with-all-kinds-of-excavator-models.webp\" alt=\"Puzdr\u00e1 pre modely r\u00fdpadiel\" \/><\/p>\n<h2>O na\u0161ej spolo\u010dnosti<\/h2>\n<p>Sme popredn\u00fdm v\u00fdrobcom n\u00e1hradn\u00fdch hydraulick\u00fdch valcov a m\u00f4\u017eeme sa pochv\u00e1li\u0165 komplexn\u00fdm sortimentom produktov. N\u00e1\u0161 z\u00e1v\u00e4zok k excelentnosti n\u00e1s zaradil medzi popredn\u00fdch v\u00fdrobcov a ve\u013ekoobchodn\u00fdch distrib\u00fatorov hydraulick\u00fdch valcov na dom\u00e1com aj medzin\u00e1rodnom trhu. Dodr\u017eiavame pr\u00edsne normy kvality a vyu\u017e\u00edvame pokro\u010dil\u00e9 v\u00fdrobn\u00e9 strat\u00e9gie na zlep\u0161enie na\u0161ich v\u00fdrobn\u00fdch kapac\u00edt.<\/p>\n<p>Na\u0161a spolo\u010dnos\u0165 sp\u00e1ja kvalifikovan\u00fdch odborn\u00edkov s najmodernej\u0161\u00edm v\u00fdrobn\u00fdm vybaven\u00edm a robustn\u00fdm testovac\u00edm syst\u00e9mom, \u010d\u00edm zabezpe\u010duje najvy\u0161\u0161iu kvalitu na\u0161ich produktov. Sme odhodlan\u00ed uspokojova\u0165 rozmanit\u00e9 potreby na\u0161ich klientov prostredn\u00edctvom rie\u0161en\u00ed na mieru a bezkonkuren\u010dn\u00e9ho popredajn\u00e9ho servisu.<\/p>\n<p><img decoding=\"async\" src=\"https:\/\/www.hydraulic-cylinders.net\/wp-content\/uploads\/2025\/04\/songte-company-4.webp\" alt=\"Preh\u013ead spolo\u010dnosti\" \/><br \/>\n<img decoding=\"async\" src=\"https:\/\/www.hydraulic-cylinders.net\/wp-content\/uploads\/2025\/04\/songte-company-3.webp\" alt=\"V\u00fdroba spolo\u010dnosti\" \/><\/p>\n<p>Autor: lyl<\/p>","protected":false},"excerpt":{"rendered":"<p>Boom Cylinder For Caterpillar Middle Excavator E33202 Introduction to the Boom Cylinder The Boom Cylinder for Caterpillar Middle Excavator E33202 is a crucial component designed specifically for heavy machinery. This hydraulic cylinder is essential for controlling the movement of the excavator&#8217;s bucket, allowing it to lift, lower, and tilt. The boom cylinder plays a vital [&hellip;]<\/p>","protected":false},"featured_media":17878,"comment_status":"open","ping_status":"closed","template":"","meta":{"_et_pb_use_builder":"","_et_pb_old_content":"","_et_gb_content_width":""},"product_brand":[],"product_cat":[1546],"product_tag":[1547,1496],"class_list":{"0":"post-18951","1":"product","2":"type-product","3":"status-publish","4":"has-post-thumbnail","6":"product_cat-boom-cylinders","7":"product_tag-boom-cylinders","8":"product_tag-hydraulic-cylinders","10":"first","11":"instock","12":"shipping-taxable","13":"product-type-simple"},"amp_enabled":true,"_links":{"self":[{"href":"https:\/\/www.hydraulic-cylinders.net\/sk\/wp-json\/wp\/v2\/product\/18951","targetHints":{"allow":["GET"]}}],"collection":[{"href":"https:\/\/www.hydraulic-cylinders.net\/sk\/wp-json\/wp\/v2\/product"}],"about":[{"href":"https:\/\/www.hydraulic-cylinders.net\/sk\/wp-json\/wp\/v2\/types\/product"}],"replies":[{"embeddable":true,"href":"https:\/\/www.hydraulic-cylinders.net\/sk\/wp-json\/wp\/v2\/comments?post=18951"}],"wp:featuredmedia":[{"embeddable":true,"href":"https:\/\/www.hydraulic-cylinders.net\/sk\/wp-json\/wp\/v2\/media\/17878"}],"wp:attachment":[{"href":"https:\/\/www.hydraulic-cylinders.net\/sk\/wp-json\/wp\/v2\/media?parent=18951"}],"wp:term":[{"taxonomy":"product_brand","embeddable":true,"href":"https:\/\/www.hydraulic-cylinders.net\/sk\/wp-json\/wp\/v2\/product_brand?post=18951"},{"taxonomy":"product_cat","embeddable":true,"href":"https:\/\/www.hydraulic-cylinders.net\/sk\/wp-json\/wp\/v2\/product_cat?post=18951"},{"taxonomy":"product_tag","embeddable":true,"href":"https:\/\/www.hydraulic-cylinders.net\/sk\/wp-json\/wp\/v2\/product_tag?post=18951"}],"curies":[{"name":"pracovn\u00fd list","href":"https:\/\/api.w.org\/{rel}","templated":true}]}}