{"id":18952,"date":"2025-04-07T06:03:52","date_gmt":"2025-04-07T06:03:52","guid":{"rendered":"https:\/\/www.hydraulic-cylinders.net\/product\/boom-cylinder-for-caterpillar-middle-excavator-e325bl325c\/"},"modified":"2025-04-07T06:03:54","modified_gmt":"2025-04-07T06:03:54","slug":"boom-cylinder-for-caterpillar-middle-excavator-e325bl325c","status":"publish","type":"product","link":"https:\/\/www.hydraulic-cylinders.net\/sk\/produkt\/boom-cylinder-for-caterpillar-middle-excavator-e325bl325c\/","title":{"rendered":"Valec v\u00fdlo\u017en\u00edka pre stredn\u00e9 r\u00fdpadlo Caterpillar E325BL325C"},"content":{"rendered":"<h1>Valec v\u00fdlo\u017en\u00edka pre stredn\u00e9 r\u00fdpadlo Caterpillar E325BL325C<\/h1>\n<h2>\u00davod do valca v\u00fdlo\u017en\u00edka<\/h2>\n<p>Hydraulick\u00fd valec v\u00fdlo\u017en\u00edka je d\u00f4le\u017eitou s\u00fa\u010das\u0165ou hydraulick\u00fdch syst\u00e9mov, \u0161peci\u00e1lne navrhnut\u00fdch pre \u0165a\u017ek\u00e9 stroje. Ovl\u00e1da pohyb ly\u017eice v r\u00fdpadl\u00e1ch, r\u00fdpadlo-naklada\u010doch a \u010deln\u00fdch naklada\u010doch. Hlavnou funkciou valca je u\u013eah\u010di\u0165 zdv\u00edhanie, sp\u00fa\u0161\u0165anie a nakl\u00e1\u0148anie ly\u017eice, \u010d\u00edm sa manipul\u00e1cia s materi\u00e1lom zefekt\u00edv\u0148uje a zefekt\u00edvni. Tento hydraulick\u00fd valec funguje tak, \u017ee premie\u0148a hydraulick\u00fd tlak na mechanick\u00fd pohyb, \u010do umo\u017e\u0148uje obsluhe presne manipulova\u0165 s \u0165a\u017ek\u00fdmi bremenami.<\/p>\n<p><img decoding=\"async\" src=\"https:\/\/www.hydraulic-cylinders.net\/wp-content\/uploads\/2025\/04\/songte-company-1.webp\" alt=\"Valec v\u00fdlo\u017en\u00edka\" \/><\/p>\n<h3>K\u013e\u00fa\u010dov\u00e9 vlastnosti valca ramena<\/h3>\n<ul>\n<li><strong>Vysok\u00e1 pevnos\u0165 a odolnos\u0165:<\/strong> Tieto valce s\u00fa vyroben\u00e9 z vysokopevnostnej ocele alebo hlin\u00edka a odol\u00e1vaj\u00fa vysok\u00e9mu tlaku a \u0165a\u017ek\u00fdm za\u0165a\u017eeniam, v\u010faka \u010domu s\u00fa vhodn\u00e9 do n\u00e1ro\u010dn\u00fdch pracovn\u00fdch prostred\u00ed.<\/li>\n<li><strong>Efekt\u00edvna hydraulick\u00e1 prev\u00e1dzka:<\/strong> Vyu\u017e\u00edvaj\u00fa hydraulick\u00fd tlak oleja na dosiahnutie plynul\u00e9ho vys\u00favania a zas\u00favania, r\u00fdchlo reaguj\u00fa na povely oper\u00e1tora a z\u00e1rove\u0148 poskytuj\u00fa zna\u010dn\u00fa tla\u010dn\u00fa a \u0165a\u017en\u00fa silu.<\/li>\n<li><strong>R\u00f4zne typy:<\/strong> K dispoz\u00edcii s\u00fa jedno\u010dinn\u00e9 alebo dvoj\u010dinn\u00e9 varianty, \u010do umo\u017e\u0148uje pou\u017e\u00edvate\u013eom vybra\u0165 si pod\u013ea prev\u00e1dzkov\u00fdch potrieb. Niektor\u00e9 modely s\u00fa teleskopick\u00e9, \u010do umo\u017e\u0148uje v\u00e4\u010d\u0161ie vysunutie bez zv\u00e4\u010d\u0161enia vonkaj\u0161\u00edch rozmerov.<\/li>\n<li><strong>Z\u00e1kazkov\u00e1 v\u00fdroba:<\/strong> Na\u0161e v\u00fdrobn\u00e9 kapacity n\u00e1m umo\u017e\u0148uj\u00fa vytv\u00e1ra\u0165 valce, ktor\u00e9 dokonale nahradia existuj\u00face hydraulick\u00e9 komponenty a zvy\u0161uj\u00fa tak kompatibilitu s r\u00f4znymi strojmi.<\/li>\n<li><strong>Odolnos\u0165 proti kor\u00f3zii:<\/strong> Navrhnut\u00e9 z materi\u00e1lov, ktor\u00e9 odol\u00e1vaj\u00fa opotrebovaniu a kor\u00f3zii, \u010d\u00edm sa predl\u017euje \u017eivotnos\u0165 valca a udr\u017eiava v\u00fdkon v n\u00e1ro\u010dn\u00fdch podmienkach.<\/li>\n<\/ul>\n<p><img decoding=\"async\" src=\"https:\/\/www.hydraulic-cylinders.net\/wp-content\/uploads\/2025\/04\/songte-cylinder-head-with-all-kinds-excavator-models.webp\" alt=\"Model bagra\" \/><\/p>\n<h2>Aplik\u00e1cie valca ramena<\/h2>\n<h3>Stavebn\u00e9 stroje<\/h3>\n<p>V stavebn\u00edctve s\u00fa valce v\u00fdlo\u017en\u00edka neoddelite\u013enou s\u00fa\u010das\u0165ou r\u00fdpadiel, ktor\u00e9 u\u013eah\u010duj\u00fa kopanie, nakladanie a prepravu zeminy alebo sutiny. Efekt\u00edvna prev\u00e1dzka valca lopaty umo\u017e\u0148uje r\u00fdchle a presn\u00e9 pohyby, \u010do je nevyhnutn\u00e9 v stavebnom prostred\u00ed, kde s\u00fa \u010das a presnos\u0165 kritick\u00e9. Okrem toho v r\u00fdpadlo-naklada\u010doch valec v\u00fdlo\u017en\u00edka pom\u00e1ha pri kopan\u00ed aj zdv\u00edhan\u00ed, v\u010faka \u010domu je v\u0161estrann\u00fdm komponentom pre r\u00f4zne \u00falohy.<\/p>\n<h3>Po\u013enohospod\u00e1rske stroje<\/h3>\n<p>\u010celn\u00e9 naklada\u010de vybaven\u00e9 valcami v\u00fdlo\u017en\u00edka s\u00fa k\u013e\u00fa\u010dov\u00e9 pre po\u013enohospod\u00e1rske \u00falohy, ako je naberanie, zdv\u00edhanie a preprava p\u00f4dy, sena a in\u00fdch materi\u00e1lov. Schopnos\u0165 man\u00e9vrova\u0165 s ly\u017eicou efekt\u00edvne zvy\u0161uje produktivitu na farm\u00e1ch, preto\u017ee oper\u00e1tori m\u00f4\u017eu r\u00fdchlo naklada\u0165 a vyklada\u0165 materi\u00e1ly, \u010d\u00edm sa zabezpe\u010d\u00ed efekt\u00edvny pracovn\u00fd postup po\u010das sejby a zberu \u00farody.<\/p>\n<h3>R\u00fdpadl\u00e1<\/h3>\n<p>R\u00fdpadl\u00e1 vyu\u017e\u00edvaj\u00fa valce v\u00fdlo\u017en\u00edka na efekt\u00edvne prenikanie do p\u00f4dy po\u010das v\u00fdkopov\u00fdch pr\u00e1c. Hydraulick\u00fd \u00fa\u010dinok umo\u017e\u0148uje ly\u017eici kopa\u0165 hlboko do zeme, \u010do u\u013eah\u010duje premiest\u0148ovanie zeminy a pr\u00edpravu staveniska. T\u00e1to schopnos\u0165 je nevyhnutn\u00e1 pre stavebn\u00e9, ter\u00e9nne a bansk\u00e9 projekty, kde sa vy\u017eaduje presn\u00fd v\u00fdkop.<\/p>\n<h3>Naklada\u010de<\/h3>\n<p>V \u010deln\u00fdch naklada\u010doch s\u00fa valce v\u00fdlo\u017en\u00edka nevyhnutn\u00e9 pre efekt\u00edvne zdv\u00edhanie a vykladanie bremien. Umo\u017e\u0148uj\u00fa obsluhe zdv\u00edha\u0165 \u0165a\u017ek\u00e9 materi\u00e1ly a presne ich uklada\u0165 tam, kde je to potrebn\u00e9, \u010d\u00edm sa zvy\u0161uje celkov\u00e1 prev\u00e1dzkov\u00e1 efektivita a zni\u017euje sa manu\u00e1lna manipul\u00e1cia s materi\u00e1lmi.<\/p>\n<h2>\u00davahy o dizajne a krit\u00e9ri\u00e1 v\u00fdberu<\/h2>\n<h3>Nosnos\u0165<\/h3>\n<p>Pri v\u00fdbere valca v\u00fdlo\u017en\u00edka je k\u013e\u00fa\u010dov\u00e9 pochopenie nosnosti. Valec mus\u00ed by\u0165 schopn\u00fd zvl\u00e1dnu\u0165 maxim\u00e1lnu hmotnos\u0165, ktorej bude vystaven\u00fd po\u010das prev\u00e1dzky. V\u00fdrobcovia \u010dasto poskytuj\u00fa podrobn\u00e9 \u0161pecifik\u00e1cie t\u00fdkaj\u00face sa limitov za\u0165a\u017eenia, aby si pou\u017e\u00edvatelia mohli vybra\u0165 vhodn\u00fd valec pre svoje stroje.<\/p>\n<h3>Tesniaci v\u00fdkon<\/h3>\n<p>\u00da\u010dinn\u00e9 tesnenie je nevyhnutn\u00e9 pre dlh\u00fa \u017eivotnos\u0165 hydraulick\u00fdch valcov. Zabra\u0148uje \u00faniku hydraulickej kvapaliny, \u010do m\u00f4\u017ee vies\u0165 k probl\u00e9mom s v\u00fdkonom a ohrozeniu \u017eivotn\u00e9ho prostredia. Vysokokvalitn\u00e9 tesnenia vyroben\u00e9 z odoln\u00fdch materi\u00e1lov s\u00fa k\u013e\u00fa\u010dov\u00e9 pre udr\u017eanie tlaku vo valci. Pravideln\u00e9 kontroly integrity tesnenia sa odpor\u00fa\u010daj\u00fa, aby sa predi\u0161lo n\u00e1kladn\u00fdm oprav\u00e1m.<\/p>\n<h3>Trvanlivos\u0165<\/h3>\n<p>Trvanlivos\u0165 valca ramena je ur\u010den\u00e1 materi\u00e1lmi pou\u017eit\u00fdmi pri jeho kon\u0161trukcii a jeho kon\u0161truk\u010dn\u00fdmi prvkami. Vysokokvalitn\u00e1 oce\u013e alebo hlin\u00edk v kombin\u00e1cii s ochrann\u00fdmi n\u00e1termi zvy\u0161uje odolnos\u0165 vo\u010di opotrebovaniu a predl\u017euje \u017eivotnos\u0165 valca. Obsluha by mala pos\u00fadi\u0165 pracovn\u00e9 prostredie, aby sa uistila, \u017ee zvolen\u00fd valec odol\u00e1 pr\u00edslu\u0161n\u00fdm podmienkam.<\/p>\n<h3>Bezpe\u010dnostn\u00e9 prvky<\/h3>\n<p>Pri kon\u0161trukcii valcov v\u00fdlo\u017en\u00edka s\u00fa bezpe\u010dnostn\u00e9 aspekty prvorad\u00e9. Funkcie, ako s\u00fa pretlakov\u00e9 ventily, pom\u00e1haj\u00fa predch\u00e1dza\u0165 pre\u0165a\u017eeniu, ktor\u00e9 m\u00f4\u017ee vies\u0165 ku katastrof\u00e1lnym poruch\u00e1m. Pochopenie t\u00fdchto bezpe\u010dnostn\u00fdch mechanizmov umo\u017e\u0148uje obsluhe pou\u017e\u00edva\u0165 stroje s istotou s vedom\u00edm, \u017ee riziko poruchy je minimalizovan\u00e9.<\/p>\n<h3>Pr\u00edstupnos\u0165 \u00fadr\u017eby<\/h3>\n<p>Navrhnutie valca pre jednoduch\u00fa \u00fadr\u017ebu je nevyhnutn\u00e9. Pr\u00edstupn\u00e9 komponenty umo\u017e\u0148uj\u00fa vykon\u00e1vanie be\u017en\u00fdch kontrol a opr\u00e1v s minim\u00e1lnymi prestojmi. Prev\u00e1dzkovatelia by mali h\u013eada\u0165 valce, ktor\u00e9 umo\u017e\u0148uj\u00fa \u013eahk\u00fd pr\u00edstup k tesneniam, mazac\u00edm bodom a in\u00fdm kritick\u00fdm komponentom.<\/p>\n<p><img decoding=\"async\" src=\"https:\/\/www.hydraulic-cylinders.net\/wp-content\/uploads\/2025\/04\/songte-oil-pipes-and-spare-parts.webp\" alt=\"Hydraulick\u00e9 diely\" \/><\/p>\n<h2>Tesnenie a mazanie valca<\/h2>\n<p>\u00da\u010dinn\u00e9 tesnenie a mazanie s\u00fa k\u013e\u00fa\u010dov\u00e9 pre v\u00fdkon valca v\u00fdlo\u017en\u00edka. Na zabr\u00e1nenie \u00faniku hydraulickej kvapaliny sa pou\u017e\u00edvaj\u00fa r\u00f4zne tesnenia vr\u00e1tane tesnen\u00ed piestov a tesnen\u00ed ty\u010d\u00ed. Tesnenia vyroben\u00e9 z materi\u00e1lov ako polyuret\u00e1n a nitrilov\u00fd kau\u010duk sa vyberaj\u00fa pre svoju odolnos\u0165 vo\u010di opotrebovaniu a trvanlivos\u0165.<\/p>\n<p>Presn\u00e9 opracovanie tela valca a z\u00e1vitov\u00fdch koncov zlep\u0161uje odolnos\u0165 proti opotrebovaniu a \u00fa\u010dinnos\u0165 tesnenia. Pravideln\u00e9 mazanie vhodn\u00fdm hydraulick\u00fdm olejom je nevyhnutn\u00e9 na zabezpe\u010denie hladk\u00e9ho chodu a zabr\u00e1nenie po\u0161kodenia sp\u00f4soben\u00e9ho tren\u00edm, ktor\u00e9 m\u00f4\u017ee vies\u0165 k pred\u010dasn\u00e9mu zlyhaniu valca.<\/p>\n<h2>Opatrenia prevent\u00edvnej \u00fadr\u017eby<\/h2>\n<ul>\n<li><strong>Pravideln\u00e9 kontroly:<\/strong> Vykon\u00e1vajte pravideln\u00e9 kontroly, \u010di sa na tesneniach, ty\u010diach a telese valca nevyskytuj\u00fa zn\u00e1mky opotrebovania alebo po\u0161kodenia. V\u010dasn\u00e9 odhalenie probl\u00e9mov m\u00f4\u017ee zabr\u00e1ni\u0165 n\u00e1kladn\u00fdm oprav\u00e1m.<\/li>\n<li><strong>Okam\u017eit\u00e9 mazanie:<\/strong> Uistite sa, \u017ee hladina hydraulick\u00e9ho oleja je udr\u017eiavan\u00e1, a nama\u017ete valec pod\u013ea pokynov v\u00fdrobcu, aby ste zabezpe\u010dili plynul\u00fd chod.<\/li>\n<li><strong>V\u00fdmena tesnenia:<\/strong> Napl\u00e1nujte si pravideln\u00fa v\u00fdmenu tesnen\u00ed na z\u00e1klade opotrebovania a \u00farovne pou\u017e\u00edvania, aby ste zachovali integritu valca a predi\u0161li \u00fanikom.<\/li>\n<\/ul>\n<h2>Pokyny na in\u0161tal\u00e1ciu<\/h2>\n<p>Spr\u00e1vna in\u0161tal\u00e1cia valca v\u00fdlo\u017en\u00edka je rozhoduj\u00faca pre jeho v\u00fdkon a dlh\u00fa \u017eivotnos\u0165. Za\u010dnite t\u00fdm, \u017ee sa uist\u00edte, \u017ee mont\u00e1\u017ene body s\u00fa \u010dist\u00e9 a bez ne\u010dist\u00f4t. Valec spr\u00e1vne zarovnajte so strojom aj s ly\u017eicou, aby ste predi\u0161li nadmern\u00e9mu nam\u00e1haniu komponentov. Pou\u017eitie vhodn\u00fdch mont\u00e1\u017enych konzol na upevnenie valca na mieste m\u00f4\u017ee zabr\u00e1ni\u0165 pohybu po\u010das prev\u00e1dzky.<\/p>\n<p>Po in\u0161tal\u00e1cii skontrolujte, \u010di s\u00fa hydraulick\u00e9 pripojenia bezpe\u010dn\u00e9 a bez \u00fanikov. Po in\u0161tal\u00e1cii sa odpor\u00fa\u010da spusti\u0165 syst\u00e9m pri n\u00edzkom tlaku, aby sa pred plnou prev\u00e1dzkou skontrolovala jeho spr\u00e1vna funk\u010dnos\u0165. Obozn\u00e1mte sa s nastavovac\u00edmi mechanizmami na valci, aby ste zabezpe\u010dili optim\u00e1lny v\u00fdkon po\u010das pou\u017e\u00edvania.<\/p>\n<h2>Be\u017en\u00e9 \u00falohy \u00fadr\u017eby<\/h2>\n<ul>\n<li><strong>Pravideln\u00e9 kontroly:<\/strong> Vykon\u00e1vajte \u010dast\u00e9 kontroly, aby ste identifikovali opotrebovanie alebo po\u0161kodenie. Patria sem kontrola tesnen\u00ed, ty\u010d\u00ed a celkovej integrity valca.<\/li>\n<li><strong>Vhodn\u00e9 mazanie:<\/strong> Udr\u017eiavajte dostato\u010dn\u00fa hladinu hydraulick\u00e9ho oleja a nama\u017ete komponenty pod\u013ea odpor\u00fa\u010dan\u00ed v\u00fdrobcu, aby ste zabezpe\u010dili efekt\u00edvnu prev\u00e1dzku.<\/li>\n<li><strong>V\u00fdmena tesnenia:<\/strong> Zave\u010fte postup kontroly a v\u00fdmeny tesnen\u00ed, aby ste predi\u0161li \u00fanikom a udr\u017eali tlak v syst\u00e9me, \u010d\u00edm zabezpe\u010d\u00edte efekt\u00edvnu prev\u00e1dzku valca.<\/li>\n<\/ul>\n<h2>Bezpe\u010dnostn\u00e9 aspekty a faktory prostredia<\/h2>\n<p>Pri pr\u00e1ci s hydraulick\u00fdmi valcami je nevyhnutn\u00e9 dodr\u017eiava\u0165 bezpe\u010dnostn\u00e9 opatrenia. Obsluha by mala nosi\u0165 vhodn\u00e9 osobn\u00e9 ochrann\u00e9 prostriedky (OOP) a zabezpe\u010di\u0165, aby sa strojov\u00e9 zariadenia prev\u00e1dzkovali v r\u00e1mci stanoven\u00fdch limitov. Je potrebn\u00e9 zoh\u013eadni\u0165 environment\u00e1lne aspekty, ako napr\u00edklad potenci\u00e1lne \u00faniky hydraulickej kvapaliny, s d\u00f4razom na d\u00f4le\u017eitos\u0165 prevencie \u00fanikov a spr\u00e1vnych met\u00f3d likvid\u00e1cie hydraulick\u00fdch kvapal\u00edn.<\/p>\n<h2>Rie\u0161enie probl\u00e9mov a be\u017en\u00e9 probl\u00e9my<\/h2>\n<ul>\n<li><strong>\u00danik:<\/strong> Ak sa objavia zn\u00e1mky \u00faniku hydraulickej kvapaliny, skontrolujte tesnenia a spoje, \u010di nie s\u00fa po\u0161koden\u00e9 alebo opotrebovan\u00e9. V\u00fdmena tesnen\u00ed alebo utiahnutie spojov m\u00f4\u017ee \u010dasto probl\u00e9m vyrie\u0161i\u0165.<\/li>\n<li><strong>Slab\u00fd v\u00fdkon:<\/strong> Ak valec nereaguje pod\u013ea o\u010dak\u00e1vania, skontrolujte hladinu hydraulickej kvapaliny a uistite sa, \u017ee v hydraulick\u00fdch potrubiach nie s\u00fa \u017eiadne upchatia.<\/li>\n<li><strong>Nadmern\u00fd hluk:<\/strong> Nezvy\u010dajn\u00e9 zvuky po\u010das prev\u00e1dzky m\u00f4\u017eu nazna\u010dova\u0165 vn\u00fatorn\u00e9 opotrebenie alebo poruchu komponentu. Pravideln\u00e1 \u00fadr\u017eba a kontroly m\u00f4\u017eu pom\u00f4c\u0165 identifikova\u0165 potenci\u00e1lne probl\u00e9my sk\u00f4r, ako sa zhor\u0161ia.<\/li>\n<\/ul>\n<p>Implement\u00e1cia prevent\u00edvnych opatren\u00ed a r\u00fdchle rie\u0161enie probl\u00e9mov m\u00f4\u017ee minimalizova\u0165 prestoje a pred\u013a\u017ei\u0165 \u017eivotnos\u0165 valca v\u00fdlo\u017en\u00edka.<\/p>\n<p><img decoding=\"async\" src=\"https:\/\/www.hydraulic-cylinders.net\/wp-content\/uploads\/2025\/04\/songte-bushings-with-all-kinds-of-excavator-models.webp\" alt=\"Puzdr\u00e1 bagerov\" \/><\/p>\n<h2>Preh\u013ead spolo\u010dnosti<\/h2>\n<p>Sme popredn\u00fdm v\u00fdrobcom a ve\u013ekoobchodn\u00edkom alternat\u00edvnych hydraulick\u00fdch valcov s rozmanit\u00fdm sortimentom produktov, ktor\u00fd n\u00e1s stavia na popredn\u00e9 miesta na dom\u00e1com aj medzin\u00e1rodnom trhu. N\u00e1\u0161 z\u00e1v\u00e4zok k excelentnosti je podlo\u017een\u00fd prepracovanou strat\u00e9giou riadenia v\u00fdroby, ktor\u00e1 zabezpe\u010duje vysoko kvalitn\u00fa v\u00fdrobu. Vyu\u017e\u00edvame pokro\u010dil\u00e9 technol\u00f3gie, kvalifikovan\u00fd person\u00e1l a komplexn\u00fd syst\u00e9m kontroly kvality na zlep\u0161enie na\u0161ich v\u00fdrobn\u00fdch kapac\u00edt.<\/p>\n<p>Na\u0161a \u0161pecializ\u00e1cia na z\u00e1kazkov\u00e9 hydraulick\u00e9 rie\u0161enia n\u00e1m umo\u017e\u0148uje efekt\u00edvne uspokojova\u0165 r\u00f4zne po\u017eiadavky z\u00e1kazn\u00edkov. Medzin\u00e1rodn\u00e9 certifik\u00e1cie potvrdzuj\u00fa na\u0161e dodr\u017eiavanie glob\u00e1lnych \u0161tandardov a n\u00e1\u0161 \u0161pecializovan\u00fd popredajn\u00fd servis zais\u0165uje spokojnos\u0165 z\u00e1kazn\u00edkov. Neust\u00e1le investujeme do \u0161pi\u010dkov\u00fdch v\u00fdrobn\u00fdch zariaden\u00ed a inovat\u00edvnych procesov, aby sme na\u0161im z\u00e1kazn\u00edkom poskytovali efekt\u00edvne, presn\u00e9 a vysoko kvalitn\u00e9 hydraulick\u00e9 produkty prisp\u00f4soben\u00e9 ich potreb\u00e1m.<\/p>\n<p><img decoding=\"async\" src=\"https:\/\/www.hydraulic-cylinders.net\/wp-content\/uploads\/2025\/04\/songte-company-4.webp\" alt=\"Produkcia spolo\u010dnosti\" \/><br \/>\n<img decoding=\"async\" src=\"https:\/\/www.hydraulic-cylinders.net\/wp-content\/uploads\/2025\/04\/songte-company-3.webp\" alt=\"Zariadenie spolo\u010dnosti\" \/><\/p>\n<p>Autor: lyl<\/p>","protected":false},"excerpt":{"rendered":"<p>Boom Cylinder For Caterpillar Middle Excavator E325BL325C Introduction to Boom Cylinder The boom cylinder is a vital component in hydraulic systems, specifically designed for heavy machinery. It controls the movement of the bucket in excavators, backhoe loaders, and front-end loaders. The cylinder&#8217;s primary function is to facilitate the lifting, lowering, and tilting of the bucket, [&hellip;]<\/p>","protected":false},"featured_media":17879,"comment_status":"open","ping_status":"closed","template":"","meta":{"_et_pb_use_builder":"","_et_pb_old_content":"","_et_gb_content_width":""},"product_brand":[],"product_cat":[1546],"product_tag":[1547,1496],"class_list":{"0":"post-18952","1":"product","2":"type-product","3":"status-publish","4":"has-post-thumbnail","6":"product_cat-boom-cylinders","7":"product_tag-boom-cylinders","8":"product_tag-hydraulic-cylinders","10":"first","11":"instock","12":"shipping-taxable","13":"product-type-simple"},"amp_enabled":true,"_links":{"self":[{"href":"https:\/\/www.hydraulic-cylinders.net\/sk\/wp-json\/wp\/v2\/product\/18952","targetHints":{"allow":["GET"]}}],"collection":[{"href":"https:\/\/www.hydraulic-cylinders.net\/sk\/wp-json\/wp\/v2\/product"}],"about":[{"href":"https:\/\/www.hydraulic-cylinders.net\/sk\/wp-json\/wp\/v2\/types\/product"}],"replies":[{"embeddable":true,"href":"https:\/\/www.hydraulic-cylinders.net\/sk\/wp-json\/wp\/v2\/comments?post=18952"}],"wp:featuredmedia":[{"embeddable":true,"href":"https:\/\/www.hydraulic-cylinders.net\/sk\/wp-json\/wp\/v2\/media\/17879"}],"wp:attachment":[{"href":"https:\/\/www.hydraulic-cylinders.net\/sk\/wp-json\/wp\/v2\/media?parent=18952"}],"wp:term":[{"taxonomy":"product_brand","embeddable":true,"href":"https:\/\/www.hydraulic-cylinders.net\/sk\/wp-json\/wp\/v2\/product_brand?post=18952"},{"taxonomy":"product_cat","embeddable":true,"href":"https:\/\/www.hydraulic-cylinders.net\/sk\/wp-json\/wp\/v2\/product_cat?post=18952"},{"taxonomy":"product_tag","embeddable":true,"href":"https:\/\/www.hydraulic-cylinders.net\/sk\/wp-json\/wp\/v2\/product_tag?post=18952"}],"curies":[{"name":"pracovn\u00fd list","href":"https:\/\/api.w.org\/{rel}","templated":true}]}}