{"id":18957,"date":"2025-04-07T06:04:14","date_gmt":"2025-04-07T06:04:14","guid":{"rendered":"https:\/\/www.hydraulic-cylinders.net\/product\/boom-cylinder-for-caterpillar-middle-excavator-e325d\/"},"modified":"2025-04-07T06:04:16","modified_gmt":"2025-04-07T06:04:16","slug":"boom-cylinder-for-caterpillar-middle-excavator-e325d","status":"publish","type":"product","link":"https:\/\/www.hydraulic-cylinders.net\/sk\/produkt\/boom-cylinder-for-caterpillar-middle-excavator-e325d\/","title":{"rendered":"Valec v\u00fdlo\u017en\u00edka pre stredn\u00e9 r\u00fdpadlo Caterpillar E325D"},"content":{"rendered":"<h1>Valec v\u00fdlo\u017en\u00edka pre stredn\u00e9 r\u00fdpadlo Caterpillar E325D<\/h1>\n<h2>\u00davod do valca v\u00fdlo\u017en\u00edka<\/h2>\n<p>Hydraulick\u00fd valec v\u00fdlo\u017en\u00edka je k\u013e\u00fa\u010dovou s\u00fa\u010das\u0165ou hydraulick\u00fdch syst\u00e9mov, \u0161peci\u00e1lne navrhnut\u00fdch na ovl\u00e1danie pohybu ly\u017eice v r\u00f4znych \u0165a\u017ek\u00fdch strojoch, ako s\u00fa r\u00fdpadl\u00e1, r\u00fdpadlo-naklada\u010de a \u010deln\u00e9 naklada\u010de. Tento hydraulick\u00fd valec umo\u017e\u0148uje zdv\u00edhanie, sp\u00fa\u0161\u0165anie a nakl\u00e1\u0148anie ly\u017eice, \u010do u\u013eah\u010duje efekt\u00edvnu manipul\u00e1ciu s materi\u00e1lom. V podstate s\u00fa valce v\u00fdlo\u017en\u00edka hydraulick\u00e9 ovl\u00e1da\u010de, ktor\u00e9 premie\u0148aj\u00fa hydraulick\u00fa energiu na mechanick\u00fd pohyb, \u010do umo\u017e\u0148uje presn\u00e9 ovl\u00e1danie \u0165a\u017ek\u00fdch bremien.<\/p>\n<p><img decoding=\"async\" src=\"https:\/\/www.hydraulic-cylinders.net\/wp-content\/uploads\/2025\/04\/songte-company-1.webp\" alt=\"Valec v\u00fdlo\u017en\u00edka\" \/><\/p>\n<h3>K\u013e\u00fa\u010dov\u00e9 vlastnosti valcov v\u00fdlo\u017en\u00edka<\/h3>\n<ul>\n<li><strong>Vysok\u00e1 pevnos\u0165 a odolnos\u0165:<\/strong> Tieto valce, ktor\u00e9 s\u00fa typicky vyroben\u00e9 z vysokopevnostnej ocele alebo hlin\u00edka, odol\u00e1vaj\u00fa vysok\u00e9mu tlaku a ve\u013ek\u00e9mu za\u0165a\u017eeniu, v\u010faka \u010domu s\u00fa vhodn\u00e9 do n\u00e1ro\u010dn\u00fdch pracovn\u00fdch prostred\u00ed. Kon\u0161trukcia tie\u017e zoh\u013ead\u0148uje odolnos\u0165 vo\u010di opotrebovaniu a kor\u00f3zii, \u010d\u00edm sa predl\u017euje \u017eivotnos\u0165 v\u00fdrobku.<\/li>\n<li><strong>Efekt\u00edvna hydraulick\u00e1 prev\u00e1dzka:<\/strong> V\u010faka hydraulick\u00e9mu tlaku oleja dosahuj\u00fa valce v\u00fdlo\u017en\u00edka plynul\u00e9 vys\u00favanie a zas\u00favanie, r\u00fdchlo reaguj\u00fa na povely oper\u00e1tora a z\u00e1rove\u0148 poskytuj\u00fa siln\u00fa tla\u010dn\u00fa a \u0165a\u017en\u00fa silu, ide\u00e1lnu na manipul\u00e1ciu s \u0165a\u017ek\u00fdmi a zlo\u017eit\u00fdmi \u00falohami.<\/li>\n<li><strong>R\u00f4zne typy:<\/strong> Valce v\u00fdlo\u017en\u00edka s\u00fa dostupn\u00e9 v jedno\u010dinnom (hydraulicky ovl\u00e1dan\u00e9 v jednom smere) alebo dvoj\u010dinnom (hydraulicky ovl\u00e1dan\u00e9 v oboch smeroch) pre splnenie r\u00f4znych prev\u00e1dzkov\u00fdch potrieb. Niektor\u00e9 modely s\u00fa teleskopick\u00e9, \u010do umo\u017e\u0148uje v\u00e4\u010d\u0161ie vysunutie bez zv\u00e4\u010d\u0161enia vonkaj\u0161\u00edch rozmerov, a s\u00fa vhodn\u00e9 pre aplik\u00e1cie s obmedzen\u00fdm priestorom.<\/li>\n<li><strong>Kompatibilita:<\/strong> Na\u0161e produkty dok\u00e1\u017eu dokonale nahradi\u0165 existuj\u00face hydraulick\u00e9 valce, \u010d\u00edm zabezpe\u010dia bezprobl\u00e9mov\u00fa integr\u00e1ciu a v\u00fdkon vo va\u0161ich strojoch.<\/li>\n<\/ul>\n<p><img decoding=\"async\" src=\"https:\/\/www.hydraulic-cylinders.net\/wp-content\/uploads\/2025\/04\/songte-cylinder-head-with-all-kinds-excavator-models.webp\" alt=\"V\u00fdmena hydraulick\u00e9ho valca\" \/><\/p>\n<h2>Aplik\u00e1cie valcov v\u00fdlo\u017en\u00edka<\/h2>\n<h3>Stavebn\u00e9 stroje<\/h3>\n<p>V r\u00fdpadl\u00e1ch s\u00fa valce v\u00fdlo\u017en\u00edka nevyhnutn\u00e9 na kopanie, nakladanie a premiest\u0148ovanie zeminy alebo sutiny. Ich schopnos\u0165 vys\u00fava\u0165 sa a zas\u00fava\u0165 umo\u017e\u0148uje presn\u00e9 v\u00fdkopov\u00e9 \u010dinnosti, ktor\u00e9 s\u00fa k\u013e\u00fa\u010dov\u00e9 pre stavebn\u00e9 projekty. V r\u00fdpadlo-naklada\u010doch valec v\u00fdlo\u017en\u00edka nielen pom\u00e1ha pri kopan\u00ed, ale aj pri zdv\u00edhan\u00ed bremien, \u010d\u00edm zvy\u0161uje v\u0161estrannos\u0165 stroja na stavenisku.<\/p>\n<h3>Po\u013enohospod\u00e1rske stroje<\/h3>\n<p>V \u010deln\u00fdch naklada\u010doch u\u013eah\u010duj\u00fa valce v\u00fdlo\u017en\u00edka naberanie, zdv\u00edhanie a prepravu p\u00f4dy, sena a in\u00fdch materi\u00e1lov. Ich funk\u010dnos\u0165 zvy\u0161uje efektivitu po\u013enohospod\u00e1rskych \u00faloh, umo\u017e\u0148uje r\u00fdchlej\u0161ie oper\u00e1cie a zvy\u0161uje produktivitu na farm\u00e1ch.<\/p>\n<h3>V\u00fdkopov\u00e9 \u00falohy<\/h3>\n<p>R\u00fdpadl\u00e1 vyu\u017e\u00edvaj\u00fa valce v\u00fdlo\u017en\u00edka na efekt\u00edvne prenikanie do p\u00f4dy, v\u010faka \u010domu s\u00fa nevyhnutn\u00e9 pre kopacie pr\u00e1ce. Hydraulick\u00e9 p\u00f4sobenie t\u00fdchto valcov poskytuje potrebn\u00fa silu na rozbitie zeminy a odstr\u00e1nenie ne\u010dist\u00f4t, \u010do je nevyhnutn\u00e9 pre stavebn\u00e9 a v\u00fdkopov\u00e9 projekty.<\/p>\n<h3>Nakladacie stroje<\/h3>\n<p>V \u010deln\u00fdch naklada\u010doch pom\u00e1haj\u00fa valce v\u00fdlo\u017en\u00edka efekt\u00edvne zdv\u00edha\u0165 a vyklada\u0165 materi\u00e1ly. Ich kon\u0161trukcia umo\u017e\u0148uje optim\u00e1lnu manipul\u00e1ciu s n\u00e1kladom, \u010d\u00edm sa zabezpe\u010duje r\u00fdchle a efekt\u00edvne dokon\u010denie \u00faloh, \u010do je nevyhnutn\u00e9 v r\u00f4znych priemyseln\u00fdch aplik\u00e1ci\u00e1ch.<\/p>\n<h2>\u00davahy o dizajne a \u0161tandardy v\u00fdberu<\/h2>\n<h3>Nosnos\u0165<\/h3>\n<p>Pri v\u00fdbere valca v\u00fdlo\u017en\u00edka je nevyhnutn\u00e9 zv\u00e1\u017ei\u0165 nosnos\u0165 po\u017eadovan\u00fa pre konkr\u00e9tnu aplik\u00e1ciu. Valec mus\u00ed by\u0165 schopn\u00fd zvl\u00e1dnu\u0165 maxim\u00e1lnu hmotnos\u0165, ktorej bude vystaven\u00fd po\u010das prev\u00e1dzky. To zah\u0155\u0148a pochopenie \u00farovn\u00ed hydraulick\u00e9ho tlaku a zdv\u00edhan\u00fdch alebo premiest\u0148ovan\u00fdch materi\u00e1lov. Spr\u00e1vna nosnos\u0165 zais\u0165uje bezpe\u010dnos\u0165 a predl\u017euje \u017eivotnos\u0165 zariadenia.<\/p>\n<h3>Integrita tesnenia<\/h3>\n<p>Tesnenia zohr\u00e1vaj\u00fa k\u013e\u00fa\u010dov\u00fa \u00falohu vo v\u00fdkone hydraulick\u00fdch valcov. V\u00fdber vysokokvalitn\u00fdch tesnen\u00ed, ako s\u00fa tesnenia piestov a tesnenia ty\u010d\u00ed, je nevyhnutn\u00fd na zabr\u00e1nenie \u00fanikom a udr\u017eanie hydraulick\u00e9ho tlaku. \u00da\u010dinn\u00e9 tesnenie nielen zlep\u0161uje \u00fa\u010dinnos\u0165, ale aj predl\u017euje \u017eivotnos\u0165 hydraulick\u00e9ho syst\u00e9mu minimaliz\u00e1ciou opotrebenia komponentov.<\/p>\n<h3>Trvanlivos\u0165<\/h3>\n<p>Trvanlivos\u0165 je v\u00fdznamn\u00fdm faktorom, pokia\u013e ide o hydraulick\u00e9 valce, najm\u00e4 v n\u00e1ro\u010dn\u00fdch prostrediach. Materi\u00e1ly pou\u017eit\u00e9 na v\u00fdrobu by mali by\u0165 odoln\u00e9 vo\u010di kor\u00f3zii a opotrebovaniu. Okrem toho by kon\u0161trukcia mala zvl\u00e1dnu\u0165 podmienky vysok\u00e9ho nam\u00e1hania, ktor\u00fdm valce v\u00fdlo\u017en\u00edkov \u010dasto \u010delia v aplik\u00e1ci\u00e1ch \u0165a\u017ek\u00fdch strojov.<\/p>\n<h3>Bezpe\u010dnostn\u00e9 prvky<\/h3>\n<p>Bezpe\u010dnos\u0165 je pri n\u00e1vrhu hydraulick\u00fdch syst\u00e9mov prvorad\u00e1. Implement\u00e1cia bezpe\u010dnostn\u00fdch prvkov, ako s\u00fa pretlakov\u00e9 ventily a mechanizmy ochrany pred pre\u0165a\u017een\u00edm, pom\u00e1ha predch\u00e1dza\u0165 nehod\u00e1m a poruch\u00e1m zariaden\u00ed. Okrem toho, n\u00e1vrh valcov s bezpe\u010dnostn\u00fdmi faktormi zais\u0165uje spo\u013eahliv\u00fd v\u00fdkon za r\u00f4znych prev\u00e1dzkov\u00fdch podmienok.<\/p>\n<h3>\u00dadr\u017eba a opravite\u013enos\u0165<\/h3>\n<p>Navrhovanie s oh\u013eadom na \u00fadr\u017ebu je k\u013e\u00fa\u010dov\u00e9 pre skr\u00e1tenie prestojov. Valce v\u00fdlo\u017en\u00edka by mali umo\u017e\u0148ova\u0165 jednoduch\u00fd pr\u00edstup k tesneniam a komponentom na kontrolu a opravy. Pravideln\u00e9 kontroly \u00fadr\u017eby a mo\u017enos\u0165 v\u00fdmeny opotrebovan\u00fdch dielov s\u00fa d\u00f4le\u017eit\u00e9 pre zabezpe\u010denie dlhodobej funk\u010dnosti a bezpe\u010dnosti zariadenia.<\/p>\n<p><img decoding=\"async\" src=\"https:\/\/www.hydraulic-cylinders.net\/wp-content\/uploads\/2025\/04\/songte-oil-pipes-and-spare-parts.webp\" alt=\"\u00dadr\u017eba hydraulick\u00e9ho valca\" \/><\/p>\n<h2>Tesnenie a mazanie hydraulick\u00fdch valcov<\/h2>\n<p>\u00da\u010dinn\u00e9 tesnenie je pre hydraulick\u00e9 valce nevyhnutn\u00e9. R\u00f4zne tesniace prvky, vr\u00e1tane tesnen\u00ed piestov a tesnen\u00ed ty\u010d\u00ed, sa musia vybera\u0165 na z\u00e1klade kompatibility materi\u00e1lov a odolnosti proti opotrebovaniu. Medzi be\u017en\u00e9 materi\u00e1ly pou\u017e\u00edvan\u00e9 na tesnenia patr\u00ed polyuret\u00e1n a nitrilov\u00fd kau\u010duk, ktor\u00e9 s\u00fa zn\u00e1me svojou odolnos\u0165ou v hydraulick\u00fdch aplik\u00e1ci\u00e1ch. Teleso valca a z\u00e1vitov\u00e9 koncov\u00e9 plochy by mali by\u0165 jemne opracovan\u00e9, aby sa zv\u00fd\u0161ila odolnos\u0165 proti opotrebovaniu, zabezpe\u010dilo tesn\u00e9 tesnenie a zabr\u00e1nilo sa \u00fanikom. Okrem toho je nevyhnutn\u00e9 pravidelne dop\u013a\u0148a\u0165 hydraulick\u00fd olej na mazanie, \u010d\u00edm sa zni\u017euje trenie a opotrebovanie pohybliv\u00fdch \u010dast\u00ed, \u010do je rozhoduj\u00face pre udr\u017eanie v\u00fdkonu a dlhej \u017eivotnosti.<\/p>\n<h2>Opatrenia prevent\u00edvnej \u00fadr\u017eby<\/h2>\n<ul>\n<li><strong>Pravideln\u00e9 kontroly:<\/strong> Vykon\u00e1vanie pravideln\u00fdch kontrol m\u00f4\u017ee pom\u00f4c\u0165 identifikova\u0165 potenci\u00e1lne probl\u00e9my sk\u00f4r, ako sa vyhrotia. Skontrolujte netesnosti, nezvy\u010dajn\u00e9 zvuky a zn\u00e1mky opotrebovania, aby ste zabezpe\u010dili optim\u00e1lnu prev\u00e1dzku valca.<\/li>\n<li><strong>Vhodn\u00e9 mazanie:<\/strong> Udr\u017eiavanie dostato\u010dn\u00e9ho mazania je k\u013e\u00fa\u010dov\u00e9 pre prevenciu nadmern\u00e9ho opotrebovania. Zabezpe\u010dte dostato\u010dn\u00fa hladinu hydraulick\u00e9ho oleja a pod\u013ea potreby vyme\u0148te kontaminovan\u00fd olej, aby ste zabezpe\u010dili hladk\u00fd chod.<\/li>\n<li><strong>V\u00fdmena tesnenia:<\/strong> Pravidelne kontrolujte tesnenia, \u010di nie s\u00fa opotrebovan\u00e9, a v\u010das ich vyme\u0148te, aby ste predi\u0161li \u00fanikom a udr\u017eali hydraulick\u00fd tlak. To pom\u00e1ha predch\u00e1dza\u0165 n\u00e1kladn\u00fdm prestojom a oprav\u00e1m.<\/li>\n<\/ul>\n<h2>Pokyny na in\u0161tal\u00e1ciu<\/h2>\n<p>Spr\u00e1vna in\u0161tal\u00e1cia valca ramena je nevyhnutn\u00e1 pre optim\u00e1lny v\u00fdkon a dlh\u00fa \u017eivotnos\u0165. Za\u010dnite t\u00fdm, \u017ee sa uist\u00edte, \u017ee v\u0161etky komponenty s\u00fa spr\u00e1vne zarovnan\u00e9. Na upevnenie valca pou\u017eite vhodn\u00e9 mont\u00e1\u017ene konzoly, aby ste predi\u0161li nespr\u00e1vnemu zarovnaniu po\u010das prev\u00e1dzky. Je nevyhnutn\u00e9 dodr\u017eiava\u0165 \u0161pecifik\u00e1cie v\u00fdrobcu t\u00fdkaj\u00face sa nastavenia kr\u00fatiaceho momentu a postupu in\u0161tal\u00e1cie. Po in\u0161tal\u00e1cii skontrolujte spr\u00e1vne zarovnanie a funk\u010dnos\u0165 prev\u00e1dzkou valca pri r\u00f4znych r\u00fdchlostiach a za\u0165a\u017eeniach. Pravidelne kontrolujte, \u010di je zostava bezpe\u010dne upevnen\u00e1 a \u010di v nej nie s\u00fa \u017eiadne prek\u00e1\u017eky, aby sa zabezpe\u010dila hladk\u00e1 prev\u00e1dzka.<\/p>\n<h2>\u00dalohy \u00fadr\u017eby<\/h2>\n<ul>\n<li><strong>Pravideln\u00e9 kontroly:<\/strong> Pravideln\u00e9 kontroly hydraulick\u00e9ho syst\u00e9mu pom\u00e1haj\u00fa v\u010das odhali\u0165 probl\u00e9my. H\u013eadajte zn\u00e1mky \u00faniku kvapal\u00edn, kor\u00f3zie alebo nezvy\u010dajn\u00e9ho opotrebovania komponentov, \u010do m\u00f4\u017ee nazna\u010dova\u0165 z\u00e1kladn\u00e9 probl\u00e9my.<\/li>\n<li><strong>Spr\u00e1vne mazanie:<\/strong> Zabezpe\u010dte, aby boli v\u0161etky pohybliv\u00e9 \u010dasti dostato\u010dne namazan\u00e9, aby sa minimalizovalo trenie a opotrebovanie. Zanedbanie mazania m\u00f4\u017ee vies\u0165 k pred\u010dasn\u00e9mu zlyhaniu a n\u00e1kladn\u00fdm oprav\u00e1m.<\/li>\n<li><strong>V\u00fdmena tesnenia:<\/strong> Tesnenia by sa mali pravidelne kontrolova\u0165, \u010di nevykazuj\u00fa zn\u00e1mky opotrebovania, a v pr\u00edpade potreby ich vymie\u0148a\u0165. T\u00fdm sa zabr\u00e1ni katastrof\u00e1lnym poruch\u00e1m a udr\u017e\u00ed sa hydraulick\u00fd tlak, \u010d\u00edm sa zabezpe\u010d\u00ed efekt\u00edvna prev\u00e1dzka.<\/li>\n<\/ul>\n<h2>Bezpe\u010dnostn\u00e9 aspekty a faktory prostredia<\/h2>\n<p>Bezpe\u010dnostn\u00e9 opatrenia s\u00fa pri pr\u00e1ci s hydraulick\u00fdmi valcami nevyhnutn\u00e9. Obsluha by mala by\u0165 vy\u0161kolen\u00e1 v bezpe\u010dn\u00fdch postupoch manipul\u00e1cie vr\u00e1tane uvedomenia si potenci\u00e1lnych nebezpe\u010denstiev. Zabezpe\u010denie funk\u010dnosti v\u0161etk\u00fdch bezpe\u010dnostn\u00fdch prvkov, ako s\u00fa napr\u00edklad n\u00fadzov\u00e9 uzatv\u00e1racie ventily, m\u00f4\u017ee zmierni\u0165 rizik\u00e1. Pri likvid\u00e1cii hydraulick\u00fdch kvapal\u00edn alebo opotrebovan\u00fdch komponentov zv\u00e1\u017ete aj vplyvy na \u017eivotn\u00e9 prostredie, aby ste dodr\u017eali miestne predpisy a podporili udr\u017eate\u013enos\u0165.<\/p>\n<h2>Rie\u0161enie probl\u00e9mov a be\u017en\u00e9 probl\u00e9my<\/h2>\n<ul>\n<li><strong>\u00danik:<\/strong> Skontrolujte tesnenia a spoje, \u010di nevykazuj\u00fa zn\u00e1mky \u00faniku hydraulickej kvapaliny. Skontrolujte opotrebovan\u00e9 alebo po\u0161koden\u00e9 tesnenia a v pr\u00edpade potreby ich vyme\u0148te, aby sa udr\u017eal hydraulick\u00fd tlak.<\/li>\n<li><strong>Slab\u00fd v\u00fdkon:<\/strong> Ak valec nereaguje pod\u013ea o\u010dak\u00e1vania, skontrolujte hladinu hydraulickej kvapaliny a uistite sa, \u017ee v potrubiach nie s\u00fa \u017eiadne upchatia. \u00da\u010dinnos\u0165 m\u00f4\u017ee zn\u00ed\u017ei\u0165 aj vzduch zachyten\u00fd v syst\u00e9me.<\/li>\n<li><strong>Prehriatie:<\/strong> Nadmern\u00e9 teplo m\u00f4\u017ee nazna\u010dova\u0165 pre\u0165a\u017eenie alebo nedostato\u010dn\u00e9 mazanie. Sledujte prev\u00e1dzkov\u00e9 podmienky a uistite sa, \u017ee syst\u00e9m neprekra\u010duje svoju menovit\u00fa kapacitu.<\/li>\n<\/ul>\n<p>Na rie\u0161enie t\u00fdchto probl\u00e9mov je nevyhnutn\u00e9 dodr\u017eiava\u0165 systematick\u00fd pr\u00edstup k rie\u0161eniu probl\u00e9mov. Pravideln\u00e1 \u00fadr\u017eba a r\u00fdchle n\u00e1pravn\u00e9 opatrenia m\u00f4\u017eu zabr\u00e1ni\u0165 tomu, aby sa drobn\u00e9 probl\u00e9my premenili na z\u00e1va\u017en\u00e9 poruchy.<\/p>\n<p><img decoding=\"async\" src=\"https:\/\/www.hydraulic-cylinders.net\/wp-content\/uploads\/2025\/04\/songte-bushings-with-all-kinds-of-excavator-models.webp\" alt=\"\u010casti hydraulick\u00e9ho valca\" \/><\/p>\n<h2>Preh\u013ead spolo\u010dnosti<\/h2>\n<p>Sme popredn\u00fdm v\u00fdrobcom a ve\u013ekoobchodn\u00edkom hydraulick\u00fdch valcov, \u0161pecializuj\u00facim sa na poskytovanie n\u00e1hradn\u00fdch dielov pre r\u00f4zne aplik\u00e1cie. N\u00e1\u0161 rozsiahly sortiment produktov n\u00e1s etabloval ako l\u00eddra na dom\u00e1com aj medzin\u00e1rodnom trhu. Dodr\u017eiavame pr\u00edsne normy kvality a spoliehame sa na prepracovan\u00e9 strat\u00e9gie riadenia v\u00fdroby, aby sme zabezpe\u010dili excelentnos\u0165. Na\u0161e invest\u00edcie do kvalifikovan\u00e9ho person\u00e1lu, pokro\u010dil\u00fdch digit\u00e1lnych v\u00fdrobn\u00fdch zariaden\u00ed a \u0161pecializovan\u00fdch testovac\u00edch syst\u00e9mov neust\u00e1le zvy\u0161uj\u00fa na\u0161e v\u00fdrobn\u00e9 kapacity. Dodr\u017eiavan\u00edm z\u00e1sad efekt\u00edvnosti, presnosti a kvality uspokojujeme rozmanit\u00e9 potreby na\u0161ich z\u00e1kazn\u00edkov.<\/p>\n<p><img decoding=\"async\" src=\"https:\/\/www.hydraulic-cylinders.net\/wp-content\/uploads\/2025\/04\/songte-company-4.webp\" alt=\"Produkcia spolo\u010dnosti\" \/><br \/>\n<img decoding=\"async\" src=\"https:\/\/www.hydraulic-cylinders.net\/wp-content\/uploads\/2025\/04\/songte-company-3.webp\" alt=\"V\u00fdrobn\u00e9 zariadenie\" \/><\/p>\n<p>Na\u0161e odborn\u00e9 znalosti siahaj\u00fa do r\u00f4znych oblast\u00ed vr\u00e1tane odborn\u00fdch certifik\u00e1ci\u00ed, ponuky slu\u017eieb na mieru, najmodernej\u0161\u00edch v\u00fdrobn\u00fdch zariaden\u00ed a v\u00fdnimo\u010dnej popredajnej podpory, \u010d\u00edm zabezpe\u010dujeme, \u017ee na\u0161i klienti dostan\u00fa tie najlep\u0161ie dostupn\u00e9 produkty a slu\u017eby.<\/p>\n<p>Autor: lyl<\/p>","protected":false},"excerpt":{"rendered":"<p>Boom Cylinder For Caterpillar Middle Excavator E325D Introduction to Boom Cylinder The boom cylinder is a crucial component in hydraulic systems, specifically designed to control the movement of the bucket in various heavy machinery such as excavators, backhoe loaders, and front loaders. This hydraulic cylinder enables the bucket to lift, lower, and tilt, facilitating efficient [&hellip;]<\/p>","protected":false},"featured_media":17869,"comment_status":"open","ping_status":"closed","template":"","meta":{"_et_pb_use_builder":"","_et_pb_old_content":"","_et_gb_content_width":""},"product_brand":[],"product_cat":[1546],"product_tag":[1547,1496],"class_list":{"0":"post-18957","1":"product","2":"type-product","3":"status-publish","4":"has-post-thumbnail","6":"product_cat-boom-cylinders","7":"product_tag-boom-cylinders","8":"product_tag-hydraulic-cylinders","10":"first","11":"instock","12":"shipping-taxable","13":"product-type-simple"},"amp_enabled":true,"_links":{"self":[{"href":"https:\/\/www.hydraulic-cylinders.net\/sk\/wp-json\/wp\/v2\/product\/18957","targetHints":{"allow":["GET"]}}],"collection":[{"href":"https:\/\/www.hydraulic-cylinders.net\/sk\/wp-json\/wp\/v2\/product"}],"about":[{"href":"https:\/\/www.hydraulic-cylinders.net\/sk\/wp-json\/wp\/v2\/types\/product"}],"replies":[{"embeddable":true,"href":"https:\/\/www.hydraulic-cylinders.net\/sk\/wp-json\/wp\/v2\/comments?post=18957"}],"wp:featuredmedia":[{"embeddable":true,"href":"https:\/\/www.hydraulic-cylinders.net\/sk\/wp-json\/wp\/v2\/media\/17869"}],"wp:attachment":[{"href":"https:\/\/www.hydraulic-cylinders.net\/sk\/wp-json\/wp\/v2\/media?parent=18957"}],"wp:term":[{"taxonomy":"product_brand","embeddable":true,"href":"https:\/\/www.hydraulic-cylinders.net\/sk\/wp-json\/wp\/v2\/product_brand?post=18957"},{"taxonomy":"product_cat","embeddable":true,"href":"https:\/\/www.hydraulic-cylinders.net\/sk\/wp-json\/wp\/v2\/product_cat?post=18957"},{"taxonomy":"product_tag","embeddable":true,"href":"https:\/\/www.hydraulic-cylinders.net\/sk\/wp-json\/wp\/v2\/product_tag?post=18957"}],"curies":[{"name":"pracovn\u00fd list","href":"https:\/\/api.w.org\/{rel}","templated":true}]}}