{"id":18958,"date":"2025-04-07T06:04:16","date_gmt":"2025-04-07T06:04:16","guid":{"rendered":"https:\/\/www.hydraulic-cylinders.net\/product\/boom-cylinder-for-caterpillar-large-excavator-e326dl\/"},"modified":"2025-04-07T06:04:19","modified_gmt":"2025-04-07T06:04:19","slug":"boom-cylinder-for-caterpillar-large-excavator-e326dl","status":"publish","type":"product","link":"https:\/\/www.hydraulic-cylinders.net\/sk\/produkt\/boom-cylinder-for-caterpillar-large-excavator-e326dl\/","title":{"rendered":"Valec v\u00fdlo\u017en\u00edka pre ve\u013ek\u00e9 r\u00fdpadlo Caterpillar E326DL"},"content":{"rendered":"<h1>Valec v\u00fdlo\u017en\u00edka pre ve\u013ek\u00e9 r\u00fdpadlo Caterpillar E326DL<\/h1>\n<h2>\u00davod do valcov v\u00fdlo\u017en\u00edka<\/h2>\n<p>Hydraulick\u00fd valec v\u00fdlo\u017en\u00edka, tie\u017e zn\u00e1my ako valec ly\u017eice, je \u0161pecializovan\u00fd hydraulick\u00fd valec ur\u010den\u00fd na ovl\u00e1danie pohybu ly\u017e\u00edc v r\u00f4znych \u0165a\u017ek\u00fdch strojoch vr\u00e1tane r\u00fdpadiel, r\u00fdpadiel-naklada\u010dov a \u010deln\u00fdch naklada\u010dov. Tento k\u013e\u00fa\u010dov\u00fd komponent umo\u017e\u0148uje zdv\u00edhanie, sp\u00fa\u0161\u0165anie a nakl\u00e1\u0148anie ly\u017eice, v\u010faka \u010domu je nevyhnutn\u00fd pre \u00falohy manipul\u00e1cie s materi\u00e1lom. \u00da\u010dinnos\u0165 hydraulick\u00fdch syst\u00e9mov rob\u00ed z valcov v\u00fdlo\u017en\u00edka nevyhnutn\u00e9 prvky v stavebn\u00edctve a po\u013enohospod\u00e1rstve, preto\u017ee zabezpe\u010duje plynul\u00e9 a v\u00fdkonn\u00e9 pohyby.<\/p>\n<p><img decoding=\"async\" src=\"https:\/\/www.hydraulic-cylinders.net\/wp-content\/uploads\/2025\/04\/songte-company-1.webp\" alt=\"Valec v\u00fdlo\u017en\u00edka pre bager\" \/><\/p>\n<h2>K\u013e\u00fa\u010dov\u00e9 vlastnosti valca v\u00fdlo\u017en\u00edka<\/h2>\n<ul>\n<li><strong>Vysok\u00e1 pevnos\u0165 a odolnos\u0165:<\/strong> Tieto valce, zvy\u010dajne vyroben\u00e9 z vysokopevnostnej ocele alebo hlin\u00edka, s\u00fa navrhnut\u00e9 tak, aby odolali vysok\u00e9mu tlaku a \u0165a\u017ek\u00e9mu za\u0165a\u017eeniu, a s\u00fa vhodn\u00e9 do n\u00e1ro\u010dn\u00fdch pracovn\u00fdch prostred\u00ed.<\/li>\n<li><strong>Efekt\u00edvna hydraulick\u00e1 prev\u00e1dzka:<\/strong> V\u010faka hydraulick\u00e9mu tlaku oleja pre plynul\u00e9 vys\u00favanie a zas\u00favanie pon\u00fakaj\u00fa r\u00fdchlu odozvu na ovl\u00e1dacie povely a poskytuj\u00fa siln\u00e9 tla\u010dn\u00e9 a \u0165ahov\u00e9 sily na manipul\u00e1ciu s \u0165a\u017ek\u00fdmi materi\u00e1lmi.<\/li>\n<li><strong>R\u00f4zne typy:<\/strong> S\u00fa dostupn\u00e9 s jedno\u010dinn\u00fdmi (hydraulicky ovl\u00e1dan\u00e9 v jednom smere) alebo dvoj\u010dinn\u00fdmi (hydraulicky ovl\u00e1dan\u00e9 v oboch smeroch) valcami a uspokojuj\u00fa r\u00f4zne prev\u00e1dzkov\u00e9 potreby. Niektor\u00e9 modely maj\u00fa teleskopick\u00fa kon\u0161trukciu, ktor\u00e1 umo\u017e\u0148uje v\u00e4\u010d\u0161ie vysunutie bez zv\u00e4\u010d\u0161enia vonkaj\u0161\u00edch rozmerov.<\/li>\n<li><strong>Kompaktn\u00fd dizajn:<\/strong> Kon\u0161truk\u010dn\u00e9 aspekty t\u00fdchto valcov zabezpe\u010duj\u00fa, \u017ee sa zmestia do stiesnen\u00fdch priestorov bez kompromisov v oblasti v\u00fdkonu, v\u010faka \u010domu s\u00fa ide\u00e1lne pre obmedzen\u00e9 aplik\u00e1cie.<\/li>\n<li><strong>Odolnos\u0165 proti kor\u00f3zii:<\/strong> Tieto valce s\u00fa navrhnut\u00e9 z materi\u00e1lov odoln\u00fdch vo\u010di opotrebovaniu a kor\u00f3zii, \u010do zaru\u010duje dlh\u00fa \u017eivotnos\u0165 aj v n\u00e1ro\u010dn\u00fdch prostrediach.<\/li>\n<\/ul>\n<h3>Na\u0161e v\u00fdrobn\u00e9 mo\u017enosti<\/h3>\n<p>Vyr\u00e1bame vysoko kvalitn\u00e9 hydraulick\u00e9 valce v\u00fdlo\u017en\u00edka, ktor\u00e9 dokonale nahr\u00e1dzaj\u00fa existuj\u00face hydraulick\u00e9 valce na trhu.<\/p>\n<p><img decoding=\"async\" src=\"https:\/\/www.hydraulic-cylinders.net\/wp-content\/uploads\/2025\/04\/songte-cylinder-head-with-all-kinds-excavator-models.webp\" alt=\"Modely bagrov\" \/><\/p>\n<h2>Aplik\u00e1cie valcov v\u00fdlo\u017en\u00edka<\/h2>\n<h3>Stavebn\u00e9 stroje<\/h3>\n<p>V r\u00fdpadl\u00e1ch s\u00fa valce v\u00fdlo\u017en\u00edka k\u013e\u00fa\u010dov\u00e9 pre kopanie, nakladanie a premiest\u0148ovanie zeminy alebo sutiny. Umo\u017e\u0148uj\u00fa ly\u017eici efekt\u00edvne prenika\u0165 do zeme, \u010d\u00edm zabezpe\u010duj\u00fa efekt\u00edvne v\u00fdkopov\u00e9 pr\u00e1ce. V r\u00fdpadlo-naklada\u010doch pom\u00e1haj\u00fa valce v\u00fdlo\u017en\u00edka pri kopan\u00ed aj zdv\u00edhan\u00ed, v\u010faka \u010domu s\u00fa v\u0161estrann\u00fdmi n\u00e1strojmi na stavenisk\u00e1ch.<\/p>\n<h3>Po\u013enohospod\u00e1rske stroje<\/h3>\n<p>Valce v\u00fdlo\u017en\u00edka, ktor\u00e9 sa pou\u017e\u00edvaj\u00fa v \u010deln\u00fdch naklada\u010doch, u\u013eah\u010duj\u00fa zo\u0161krabovanie, zdv\u00edhanie a prepravu p\u00f4dy, sena a in\u00fdch materi\u00e1lov. Ich v\u00fdkonn\u00fd chod umo\u017e\u0148uje po\u013enohospod\u00e1rom \u013eahko manipulova\u0165 so sypk\u00fdmi materi\u00e1lmi, \u010d\u00edm sa zvy\u0161uje produktivita pri po\u013enohospod\u00e1rskych pr\u00e1cach.<\/p>\n<h3>R\u00fdpadl\u00e1<\/h3>\n<p>Valec ly\u017eice umo\u017e\u0148uje r\u00fdpadlu vykon\u00e1va\u0165 kopacie \u010dinnosti t\u00fdm, \u017ee umo\u017e\u0148uje ly\u017eici prenikn\u00fa\u0165 do p\u00f4dy. T\u00e1to funkcia je nevyhnutn\u00e1 pre stavebn\u00e9 a ter\u00e9nne \u00fapravy, v\u010faka \u010domu je r\u00fdpadlo v tak\u00fdchto prostrediach d\u00f4le\u017eit\u00fdm strojov\u00fdm zariaden\u00edm.<\/p>\n<h3>Naklada\u010de<\/h3>\n<p>V \u010deln\u00fdch naklada\u010doch pom\u00e1haj\u00fa valce v\u00fdlo\u017en\u00edka pri efekt\u00edvnom zdv\u00edhan\u00ed a vykladan\u00ed bremien. Ich schopnos\u0165 poskytova\u0165 zna\u010dn\u00fa zdv\u00edhaciu silu zabezpe\u010duje r\u00fdchlu a efekt\u00edvnu prepravu materi\u00e1lov, \u010d\u00edm sa zlep\u0161uje pracovn\u00fd postup na stavenisk\u00e1ch.<\/p>\n<h2>\u00davahy o dizajne a krit\u00e9ri\u00e1 v\u00fdberu<\/h2>\n<ul>\n<li><strong>Nosnos\u0165:<\/strong> Nosnos\u0165 valca v\u00fdlo\u017en\u00edka je kritick\u00e1. Mus\u00ed by\u0165 schopn\u00fd unies\u0165 hmotnos\u0165 materi\u00e1lov, s ktor\u00fdmi bude manipulova\u0165, ako aj odola\u0165 sil\u00e1m vyv\u00edjan\u00fdm po\u010das prev\u00e1dzky. Pre\u0165a\u017eenie m\u00f4\u017ee vies\u0165 k poruche valca, preto je nevyhnutn\u00e9 vybra\u0165 valec, ktor\u00fd presahuje prev\u00e1dzkov\u00e9 po\u017eiadavky.<\/li>\n<li><strong>Integrita tesnenia:<\/strong> Tesnenia zohr\u00e1vaj\u00fa d\u00f4le\u017eit\u00fa \u00falohu pri udr\u017eiavan\u00ed hydraulick\u00e9ho tlaku a predch\u00e1dzan\u00ed \u00fanikom. Mali by sa vybra\u0165 kvalitn\u00e9 tesnenia, ktor\u00e9 zabezpe\u010dia, \u017ee odol\u00e1vaj\u00fa prev\u00e1dzkov\u00fdm tlakom a teplot\u00e1m. V\u00fdber materi\u00e1lov, ako je polyuret\u00e1n alebo nitrilov\u00e1 guma, m\u00f4\u017ee v\u00fdrazne ovplyvni\u0165 \u017eivotnos\u0165 a v\u00fdkon tesnen\u00ed.<\/li>\n<li><strong>Trvanlivos\u0165:<\/strong> Valec mus\u00ed by\u0165 vyroben\u00fd z materi\u00e1lov, ktor\u00e9 odol\u00e1vaj\u00fa opotrebovaniu a kor\u00f3zii. Pou\u017eitie tvrd\u00fdch n\u00e1terov alebo povrchov\u00fdch \u00faprav m\u00f4\u017ee zv\u00fd\u0161i\u0165 odolnos\u0165, najm\u00e4 v abraz\u00edvnom prostred\u00ed. To zais\u0165uje dlh\u0161iu \u017eivotnos\u0165 a zni\u017euje frekvenciu v\u00fdmen a opr\u00e1v.<\/li>\n<li><strong>Bezpe\u010dnostn\u00e9 prvky:<\/strong> Bezpe\u010dnos\u0165 je v hydraulick\u00fdch syst\u00e9moch prvorad\u00e1. Kon\u0161trukcia by mala zah\u0155\u0148a\u0165 prvky, ako s\u00fa pretlakov\u00e9 ventily, ktor\u00e9 zabra\u0148uj\u00fa nadmern\u00e9mu hromadeniu tlaku, a t\u00fdm chr\u00e1nia cel\u00fd syst\u00e9m pred potenci\u00e1lnymi poruchami, ktor\u00e9 by mohli vies\u0165 k nehod\u00e1m.<\/li>\n<li><strong>Pr\u00edstupnos\u0165 \u00fadr\u017eby:<\/strong> Kon\u0161trukcia by mala umo\u017e\u0148ova\u0165 jednoduch\u00fa \u00fadr\u017ebu a opravy. To zah\u0155\u0148a zabezpe\u010denie dostato\u010dn\u00e9ho po\u010dtu pr\u00edstupov\u00fdch bodov na kontrolu a servis, \u010do u\u013eah\u010duje zabezpe\u010denie toho, aby f\u013ea\u0161a zostala v perfektnom prev\u00e1dzkovom stave.<\/li>\n<\/ul>\n<p><img decoding=\"async\" src=\"https:\/\/www.hydraulic-cylinders.net\/wp-content\/uploads\/2025\/04\/songte-oil-pipes-and-spare-parts.webp\" alt=\"Hydraulick\u00e9 diely\" \/><\/p>\n<h2>Tesnenie a mazanie valca<\/h2>\n<p>Integrita hydraulick\u00e9ho valca vo ve\u013ekej miere z\u00e1vis\u00ed od \u00fa\u010dinn\u00e9ho tesnenia a mazania. Na udr\u017eanie tlaku vo valci sa pou\u017e\u00edvaj\u00fa r\u00f4zne tesniace komponenty vr\u00e1tane tesnen\u00ed piestov a tesnen\u00ed ty\u010d\u00ed. Tesnenia s\u00fa \u010dasto vyroben\u00e9 z odoln\u00fdch materi\u00e1lov, ako je polyuret\u00e1n a nitrilov\u00fd kau\u010duk, ktor\u00e9 poskytuj\u00fa odolnos\u0165 vo\u010di opotrebovaniu a zais\u0165uj\u00fa tesn\u00e9 utesnenie. Teleso valca a z\u00e1vitov\u00e9 koncov\u00e9 plochy prech\u00e1dzaj\u00fa jemn\u00fdm opracovan\u00edm, aby sa zv\u00fd\u0161ila ich odolnos\u0165 vo\u010di opotrebovaniu. Pravideln\u00e9 mazanie vhodn\u00fdm hydraulick\u00fdm olejom je nevyhnutn\u00e9 na zn\u00ed\u017eenie trenia, zabr\u00e1nenie opotrebovaniu a udr\u017eanie optim\u00e1lneho v\u00fdkonu v priebehu \u010dasu.<\/p>\n<h2>Pravideln\u00e1 kontrola a prevent\u00edvna \u00fadr\u017eba<\/h2>\n<ul>\n<li><strong>Pravideln\u00e9 kontroly:<\/strong> Vykon\u00e1vajte pravideln\u00e9 kontroly, aby ste identifikovali ak\u00e9ko\u013evek zn\u00e1mky opotrebovania alebo \u00faniku oleja. V\u010dasn\u00e9 odhalenie probl\u00e9mov, ako s\u00fa \u00faniky oleja, m\u00f4\u017ee zabr\u00e1ni\u0165 neskor\u0161\u00edm rozsiahlej\u0161\u00edm oprav\u00e1m.<\/li>\n<li><strong>Spr\u00e1vne mazanie:<\/strong> Dodr\u017eiavajte pravideln\u00fd pl\u00e1n mazania, aby ste zabezpe\u010dili dostato\u010dn\u00e9 mazanie tesnen\u00ed a pohybliv\u00fdch \u010dast\u00ed, \u010d\u00edm sa zn\u00ed\u017ei trenie a opotrebovanie.<\/li>\n<li><strong>V\u00fdmena tesnenia:<\/strong> Pravidelne kontrolujte stav tesnen\u00ed a v pr\u00edpade potreby ich vyme\u0148te. Opotrebovan\u00e9 tesnenia m\u00f4\u017eu vies\u0165 k zn\u00ed\u017eeniu \u00fa\u010dinnosti a vy\u0161\u0161\u00edm prev\u00e1dzkov\u00fdm n\u00e1kladom.<\/li>\n<\/ul>\n<h2>Pokyny na in\u0161tal\u00e1ciu<\/h2>\n<p>Spr\u00e1vna in\u0161tal\u00e1cia valca v\u00fdlo\u017en\u00edka je k\u013e\u00fa\u010dov\u00e1 pre optim\u00e1lny v\u00fdkon. Za\u010dnite t\u00fdm, \u017ee sa uist\u00edte, \u017ee je valec spr\u00e1vne zarovnan\u00fd s mont\u00e1\u017enymi bodmi na stroji. Na pevn\u00e9 upevnenie valca pou\u017eite vhodn\u00e9 mont\u00e1\u017ene konzoly. Je nevyhnutn\u00e9 utiahnu\u0165 v\u0161etky skrutky pod\u013ea \u0161pecifik\u00e1ci\u00ed v\u00fdrobcu, aby ste predi\u0161li ak\u00e9muko\u013evek pohybu po\u010das prev\u00e1dzky. Po in\u0161tal\u00e1cii skontrolujte, \u010di nie s\u00fa \u017eiadne nespr\u00e1vne zarovnania, a pod\u013ea toho ich upravte. Okrem toho sa uistite, \u017ee hydraulick\u00e9 hadice s\u00fa spr\u00e1vne pripojen\u00e9, aby sa predi\u0161lo \u00fanikom. Nakoniec otestujte hydraulick\u00fd syst\u00e9m a pozorujte v\u00fdkon valca, aby ste sa uistili, \u017ee v\u0161etko funguje hladko.<\/p>\n<h2>Be\u017en\u00e9 \u00falohy \u00fadr\u017eby<\/h2>\n<ul>\n<li><strong>Pravideln\u00e9 kontroly:<\/strong> \u010cast\u00e9 kontroly m\u00f4\u017eu pom\u00f4c\u0165 v\u010das odhali\u0165 netesnosti alebo zn\u00e1mky opotrebenia, \u010do umo\u017e\u0148uje v\u010dasn\u00e9 opravy, ktor\u00e9 predl\u017euj\u00fa \u017eivotnos\u0165 valca. Venujte zvl\u00e1\u0161tnu pozornos\u0165 tesneniam a ty\u010di, \u010di nie s\u00fa po\u0161koden\u00e9.<\/li>\n<li><strong>Vhodn\u00e9 mazanie:<\/strong> Je nevyhnutn\u00e9 zabezpe\u010di\u0165 dostato\u010dn\u00fa hladinu hydraulick\u00e9ho oleja a pravidelne servisova\u0165 mazacie miesta. Pou\u017e\u00edvajte odpor\u00fa\u010dan\u00e9 hydraulick\u00e9 kvapaliny na udr\u017eanie \u00fa\u010dinnosti syst\u00e9mu a zn\u00ed\u017eenie opotrebenia.<\/li>\n<li><strong>V\u00fdmena tesnenia a kontroly kalibr\u00e1cie:<\/strong> Pravideln\u00e1 v\u00fdmena tesnen\u00ed m\u00f4\u017ee zabr\u00e1ni\u0165 \u00faniku oleja a udr\u017ea\u0165 tlak v syst\u00e9me. Okrem toho vykonajte kalibra\u010dn\u00e9 kontroly, aby ste sa uistili, \u017ee valec funguje v r\u00e1mci po\u017eadovan\u00fdch \u0161pecifik\u00e1ci\u00ed.<\/li>\n<\/ul>\n<p><img decoding=\"async\" src=\"https:\/\/www.hydraulic-cylinders.net\/wp-content\/uploads\/2025\/04\/songte-chushion-collar.webp\" alt=\"Vank\u00fa\u0161ov\u00fd golier\" \/><\/p>\n<h2>Bezpe\u010dnostn\u00e9 aspekty a faktory prostredia<\/h2>\n<p>Bezpe\u010dnostn\u00e9 opatrenia s\u00fa pri pou\u017e\u00edvan\u00ed hydraulick\u00fdch syst\u00e9mov k\u013e\u00fa\u010dov\u00e9. Obsluha by mala by\u0165 vy\u0161kolen\u00e1 v rozpoznan\u00ed potenci\u00e1lnych nebezpe\u010denstiev spojen\u00fdch s hydraulick\u00fdm zariaden\u00edm, ako s\u00fa n\u00e1hle pohyby alebo poruchy. Implement\u00e1cia bezpe\u010dnostn\u00fdch protokolov, ako je pou\u017e\u00edvanie ochrann\u00fdch prostriedkov a zabezpe\u010denie toho, aby pracovn\u00e9 priestory boli bez prek\u00e1\u017eok, m\u00f4\u017ee minimalizova\u0165 rizik\u00e1. Okrem toho zv\u00e1\u017ete vplyv hydraulick\u00fdch kvapal\u00edn na \u017eivotn\u00e9 prostredie. Ak je to mo\u017en\u00e9, zvo\u013ete biologicky odb\u00farate\u013en\u00e9 oleje, aby ste zn\u00ed\u017eili ekologick\u00fa stopu, a zabezpe\u010dte spr\u00e1vne met\u00f3dy likvid\u00e1cie ak\u00e9hoko\u013evek odpadu vzniknut\u00e9ho po\u010das \u00fadr\u017eby.<\/p>\n<h2>Rie\u0161enie probl\u00e9mov a be\u017en\u00e9 probl\u00e9my<\/h2>\n<ul>\n<li><strong>\u00danik:<\/strong> Jedn\u00fdm z naj\u010dastej\u0161\u00edch probl\u00e9mov s hydraulick\u00fdmi valcami je netesnos\u0165. Skontrolujte, \u010di nie s\u00fa po\u0161koden\u00e9 tesnenia alebo uvo\u013enen\u00e9 spoje, a v pr\u00edpade potreby ich vyme\u0148te, aby ste tento probl\u00e9m vyrie\u0161ili.<\/li>\n<li><strong>Pomal\u00e1 prev\u00e1dzka:<\/strong> Ak valec pracuje pomaly, skontrolujte hladinu hydraulickej kvapaliny a uistite sa, \u017ee v syst\u00e9me nie s\u00fa \u017eiadne prek\u00e1\u017eky. Vzduch v syst\u00e9me m\u00f4\u017ee tie\u017e sp\u00f4sobi\u0165 pomal\u00fd pohyb; m\u00f4\u017ee by\u0165 potrebn\u00e9 odvzdu\u0161ni\u0165 syst\u00e9m.<\/li>\n<li><strong>Neo\u010dak\u00e1van\u00fd pohyb:<\/strong> M\u00f4\u017ee to znamena\u0165 poruchu tesnen\u00ed alebo poruchu regula\u010dn\u00e9ho ventilu. Skontrolujte tesnenia, \u010di nie s\u00fa po\u0161koden\u00e9, a uistite sa, \u017ee riadiace syst\u00e9my funguj\u00fa spr\u00e1vne.<\/li>\n<\/ul>\n<p>Aby mohli oper\u00e1tori efekt\u00edvne diagnostikova\u0165 a rie\u0161i\u0165 probl\u00e9my, mali by si vies\u0165 podrobn\u00fd z\u00e1znam o \u00fadr\u017ebe, v ktorom by si zaznamen\u00e1vali v\u0161etky zisten\u00e9 probl\u00e9my a pou\u017eit\u00e9 rie\u0161enia. Prevencia je k\u013e\u00fa\u010dov\u00e1; pravideln\u00e9 kontroly \u00fadr\u017eby m\u00f4\u017eu v\u00fdrazne zn\u00ed\u017ei\u0165 pravdepodobnos\u0165 opakovania probl\u00e9mov.<\/p>\n<p><img decoding=\"async\" src=\"https:\/\/www.hydraulic-cylinders.net\/wp-content\/uploads\/2025\/04\/songte-bushings-with-all-kinds-of-excavator-models.webp\" alt=\"Puzdr\u00e1 pre bagre\" \/><\/p>\n<h2>Preh\u013ead spolo\u010dnosti<\/h2>\n<p>Sme popredn\u00fdm v\u00fdrobcom n\u00e1hradn\u00fdch hydraulick\u00fdch valcov a poskytujeme \u0161irok\u00fa \u0161k\u00e1lu produktov, ktor\u00e9 uspokoja dom\u00e1ci aj medzin\u00e1rodn\u00fd trh. N\u00e1\u0161 z\u00e1v\u00e4zok k excelentnosti n\u00e1s vedie k dodr\u017eiavaniu vysok\u00fdch \u0161tandardov kvality, ktor\u00e9 podporuje sofistikovan\u00e1 strat\u00e9gia riadenia v\u00fdroby. Vyu\u017e\u00edvame pokro\u010dil\u00e9 technol\u00f3gie a kvalifikovan\u00fd person\u00e1l na zlep\u0161enie na\u0161ich v\u00fdrobn\u00fdch kapac\u00edt, \u010d\u00edm zabezpe\u010dujeme efekt\u00edvne a \u00fa\u010dinn\u00e9 uspokojovanie rozmanit\u00fdch potrieb na\u0161ich z\u00e1kazn\u00edkov.<\/p>\n<h3>Na\u0161e \u0161peciality<\/h3>\n<ul>\n<li><strong>Odborn\u00e1 odbornos\u0165:<\/strong> N\u00e1\u0161 t\u00edm sa sklad\u00e1 z vysoko kvalifikovan\u00fdch odborn\u00edkov s rozsiahlymi znalos\u0165ami v oblasti hydraulick\u00fdch syst\u00e9mov, \u010do zabezpe\u010duje, \u017ee na\u0161im klientom poskytujeme tie najlep\u0161ie rie\u0161enia.<\/li>\n<li><strong>Medzin\u00e1rodn\u00e9 certifik\u00e1cie:<\/strong> Vlastn\u00edme r\u00f4zne medzin\u00e1rodn\u00e9 certifik\u00e1ty, ktor\u00e9 potvrdzuj\u00fa kvalitu a spo\u013eahlivos\u0165 na\u0161ich produktov.<\/li>\n<li><strong>Rie\u0161enia na mieru:<\/strong> Pon\u00fakame z\u00e1kazkov\u00fa v\u00fdrobu, ktor\u00e1 sp\u013a\u0148a \u0161pecifick\u00e9 potreby klienta a zabezpe\u010duje, aby ka\u017ed\u00fd produkt bol prisp\u00f4soben\u00fd jeho po\u017eiadavk\u00e1m.<\/li>\n<li><strong>Pokro\u010dil\u00e9 v\u00fdrobn\u00e9 zariadenia:<\/strong> Na\u0161e najmodernej\u0161ie v\u00fdrobn\u00e9 stroje n\u00e1m umo\u017e\u0148uj\u00fa udr\u017eiava\u0165 vysok\u00fa presnos\u0165 a efekt\u00edvnos\u0165 v na\u0161ich v\u00fdrobn\u00fdch procesoch.<\/li>\n<li><strong>Komplexn\u00fd popredajn\u00fd servis:<\/strong> Poskytujeme rozsiahlu popredajn\u00fa podporu, aby sme zabezpe\u010dili, \u017ee na\u0161i z\u00e1kazn\u00edci s\u00fa spokojn\u00ed so svojimi n\u00e1kupmi a dostan\u00fa pomoc v\u017edy, ke\u010f ju potrebuj\u00fa.<\/li>\n<\/ul>\n<p><img decoding=\"async\" src=\"https:\/\/www.hydraulic-cylinders.net\/wp-content\/uploads\/2025\/04\/songte-company-4.webp\" alt=\"Preh\u013ead spolo\u010dnosti 1\" \/><br \/>\n<img decoding=\"async\" src=\"https:\/\/www.hydraulic-cylinders.net\/wp-content\/uploads\/2025\/04\/songte-company-3.webp\" alt=\"Preh\u013ead spolo\u010dnosti 2\" \/><\/p>\n<p>Autor: lyl<\/p>","protected":false},"excerpt":{"rendered":"<p>Boom Cylinder For Caterpillar Large Excavator E326DL Introduction to Boom Cylinders The boom cylinder, also known as the bucket cylinder, is a specialized hydraulic cylinder designed to control the movement of buckets in various heavy machinery, including excavators, backhoe loaders, and front loaders. This crucial component allows the bucket to lift, lower, and tilt, making [&hellip;]<\/p>","protected":false},"featured_media":17870,"comment_status":"open","ping_status":"closed","template":"","meta":{"_et_pb_use_builder":"","_et_pb_old_content":"","_et_gb_content_width":""},"product_brand":[],"product_cat":[1546],"product_tag":[1547,1496],"class_list":{"0":"post-18958","1":"product","2":"type-product","3":"status-publish","4":"has-post-thumbnail","6":"product_cat-boom-cylinders","7":"product_tag-boom-cylinders","8":"product_tag-hydraulic-cylinders","10":"first","11":"instock","12":"shipping-taxable","13":"product-type-simple"},"amp_enabled":true,"_links":{"self":[{"href":"https:\/\/www.hydraulic-cylinders.net\/sk\/wp-json\/wp\/v2\/product\/18958","targetHints":{"allow":["GET"]}}],"collection":[{"href":"https:\/\/www.hydraulic-cylinders.net\/sk\/wp-json\/wp\/v2\/product"}],"about":[{"href":"https:\/\/www.hydraulic-cylinders.net\/sk\/wp-json\/wp\/v2\/types\/product"}],"replies":[{"embeddable":true,"href":"https:\/\/www.hydraulic-cylinders.net\/sk\/wp-json\/wp\/v2\/comments?post=18958"}],"wp:featuredmedia":[{"embeddable":true,"href":"https:\/\/www.hydraulic-cylinders.net\/sk\/wp-json\/wp\/v2\/media\/17870"}],"wp:attachment":[{"href":"https:\/\/www.hydraulic-cylinders.net\/sk\/wp-json\/wp\/v2\/media?parent=18958"}],"wp:term":[{"taxonomy":"product_brand","embeddable":true,"href":"https:\/\/www.hydraulic-cylinders.net\/sk\/wp-json\/wp\/v2\/product_brand?post=18958"},{"taxonomy":"product_cat","embeddable":true,"href":"https:\/\/www.hydraulic-cylinders.net\/sk\/wp-json\/wp\/v2\/product_cat?post=18958"},{"taxonomy":"product_tag","embeddable":true,"href":"https:\/\/www.hydraulic-cylinders.net\/sk\/wp-json\/wp\/v2\/product_tag?post=18958"}],"curies":[{"name":"pracovn\u00fd list","href":"https:\/\/api.w.org\/{rel}","templated":true}]}}