{"id":1896,"date":"2023-10-19T06:24:49","date_gmt":"2023-10-19T06:24:49","guid":{"rendered":"https:\/\/hydraulic-cylinders.net\/?post_type=product&#038;p=1896"},"modified":"2025-04-11T02:51:56","modified_gmt":"2025-04-11T02:51:56","slug":"open-tbm-thrust-cylinder","status":"publish","type":"product","link":"https:\/\/www.hydraulic-cylinders.net\/sk\/produkt\/open-tbm-thrust-cylinder\/","title":{"rendered":"Otvoren\u00fd pr\u00edtla\u010dn\u00fd valec TBM"},"content":{"rendered":"<h1 style=\"text-align: center;\"><strong>Otvoren\u00fd pr\u00edtla\u010dn\u00fd valec TBM<\/strong><\/h1>\n<p><img loading=\"lazy\" decoding=\"async\" class=\"aligncenter wp-image-1897\" src=\"https:\/\/hydraulic-cylinders.net\/wp-content\/uploads\/2023\/10\/thrust-cylinder-1-2-300x300.webp\" alt=\"\" width=\"400\" height=\"400\" \/><\/p>\n<p>Otvoren\u00fd pr\u00edtla\u010dn\u00fd valec TBM je \u0161pi\u010dkov\u00fd hydraulick\u00fd komponent navrhnut\u00fd na optimaliz\u00e1ciu v\u00fdkonu a \u00fa\u010dinnosti tunelov\u00fdch raziacich strojov (TBMS). Tento \u0161pecializovan\u00fd valec zohr\u00e1va k\u013e\u00fa\u010dov\u00fa \u00falohu pri zabezpe\u010dovan\u00ed potrebnej pr\u00edtla\u010dnej sily pre pohyb TBM vpred po\u010das v\u00fdkopov\u00fdch pr\u00e1c. V tomto informat\u00edvnom \u010dl\u00e1nku sa ponor\u00edme do k\u013e\u00fa\u010dov\u00fdch charakterist\u00edk, sp\u00f4sobov pou\u017eitia a pokynov na \u00fadr\u017ebu otvoren\u00e9ho pr\u00edtla\u010dn\u00e9ho valca TBM.<\/p>\n<p>Otvoren\u00fd pr\u00edtla\u010dn\u00fd valec TBM je v\u00fdkonn\u00fd hydraulick\u00fd komponent, ktor\u00fd zvy\u0161uje efektivitu a produktivitu razenia tunelov. V\u010faka svojej robustnej pr\u00edtla\u010dnej sile, presn\u00e9mu ovl\u00e1daniu, odolnosti a bezpe\u010dnostn\u00fdm prvkom zais\u0165uje tento valec plynul\u00fd a spo\u013eahliv\u00fd pohyb TBM vpred. Dodr\u017eiavan\u00edm odpor\u00fa\u010dan\u00fdch met\u00f3d pou\u017e\u00edvania a pravideln\u00fdch postupov \u00fadr\u017eby bude otvoren\u00fd pr\u00edtla\u010dn\u00fd valec TBM na\u010falej poskytova\u0165 vynikaj\u00faci v\u00fdkon a prispieva\u0165 k \u00faspechu tunelovac\u00edch projektov. Pozdvihnite svoje razenie tunelov v\u010faka v\u00fdkonu a efektivite, ktor\u00e9 pon\u00faka otvoren\u00fd pr\u00edtla\u010dn\u00fd valec TBM.<\/p>\n<p>K\u013e\u00fa\u010dov\u00e9 charakteristiky otvoren\u00e9ho axi\u00e1lneho valca TBM:<\/p>\n<ol>\n<li>Robustn\u00e1 pr\u00edtla\u010dn\u00e1 sila: Otvoren\u00fd pr\u00edtla\u010dn\u00fd valec TBM poskytuje robustn\u00fa pr\u00edtla\u010dn\u00fa silu, ktor\u00e1 umo\u017e\u0148uje TBM prekon\u00e1va\u0165 n\u00e1ro\u010dn\u00e9 geologick\u00e9 form\u00e1cie. V\u010faka svojej vysokej nosnosti a presn\u00e9mu kon\u0161truk\u010dn\u00e9mu spracovaniu tento valec zais\u0165uje efekt\u00edvny a spo\u013eahliv\u00fd pohyb vpred, \u010d\u00edm sa skracuj\u00fa \u010dasov\u00e9 harmonogramy projektu a zvy\u0161uje produktivita.<\/li>\n<li>Presn\u00e9 ovl\u00e1danie: Tento valec, vybaven\u00fd pokro\u010dil\u00fdmi hydraulick\u00fdmi syst\u00e9mami, pon\u00faka presn\u00e9 ovl\u00e1danie pr\u00edtla\u010dnej sily vyv\u00edjanej TBM. Obsluha m\u00f4\u017ee nastavi\u0165 vys\u00favanie a zas\u00favanie valca, aby jemne doladila postup TBM a zabezpe\u010dila optim\u00e1lnu r\u00fdchlos\u0165 a presnos\u0165 v\u00fdkopu.<\/li>\n<li>Zv\u00fd\u0161en\u00e1 odolnos\u0165: Otvoren\u00fd pr\u00edtla\u010dn\u00fd valec TBM je vyroben\u00fd z vysoko kvalitn\u00fdch materi\u00e1lov a je navrhnut\u00fd tak, aby odolal n\u00e1ro\u010dn\u00fdm podmienkam, s ktor\u00fdmi sa stret\u00e1vame pri razen\u00ed tunelov. Znesie vysok\u00e9 tlaky, n\u00e1razy a vibr\u00e1cie, \u010d\u00edm zais\u0165uje dlhodob\u00fa odolnos\u0165, minimalizuje prestoje a zni\u017euje n\u00e1klady na \u00fadr\u017ebu.<\/li>\n<li>Bezpe\u010dnostn\u00e9 prvky: Otvoren\u00fd pr\u00edtla\u010dn\u00fd valec TBM obsahuje bezpe\u010dnostn\u00e9 prvky, ako je ochrana proti pre\u0165a\u017eeniu a mechanizmy n\u00fadzov\u00e9ho zastavenia. Tieto funkcie pom\u00e1haj\u00fa predch\u00e1dza\u0165 nadmern\u00fdm sil\u00e1m p\u00f4sobiacim na valec, \u010d\u00edm zais\u0165uj\u00fa bezpe\u010dnos\u0165 obsluhy TBM a minimalizuj\u00fa riziko po\u0161kodenia zariadenia.<\/li>\n<\/ol>\n<h2><strong>Parameter otvoren\u00e9ho axi\u00e1lneho valca TBM:<\/strong><\/h2>\n<table border=\"1\" cellspacing=\"0\" cellpadding=\"0\">\n<tbody>\n<tr>\n<td>N\u00e1zov produktu<\/td>\n<td>Pr\u00edtla\u010dn\u00fd valec otvoren\u00e9ho tunelov\u00e9ho v\u0155tacieho stroja<\/td>\n<\/tr>\n<tr>\n<td>Vlastnosti:<\/td>\n<td>Zabezpe\u010dte \u0165ah tunelov\u00e9ho raziaceho stroja dopredu pri razen\u00ed tunelov<\/td>\n<\/tr>\n<tr>\n<td>Priemer otvoru:<\/td>\n<td>300 mm\uff5e600 mm<\/td>\n<\/tr>\n<tr>\n<td>Priemer ty\u010de:<\/td>\n<td>200 mm\uff5e400 mm<br \/>\nZdvih 1100 mm\uff5e2050 mm<\/td>\n<\/tr>\n<tr>\n<td>Tlak:<\/td>\n<td>a\u017e 35 MPa<\/td>\n<\/tr>\n<tr>\n<td>Aplik\u00e1cie:<\/td>\n<td>Otvoren\u00fd tunelov\u00fd v\u0155tac\u00ed stroj<\/td>\n<\/tr>\n<\/tbody>\n<\/table>\n<h2><strong>Aplik\u00e1cia otvoren\u00e9ho valca TBM:<\/strong><\/h2>\n<p><img loading=\"lazy\" decoding=\"async\" class=\"alignnone wp-image-1899 size-full\" src=\"https:\/\/hydraulic-cylinders.net\/wp-content\/uploads\/2023\/10\/open-tbm-cylinder-1.webp\" alt=\"\" width=\"709\" height=\"473\" srcset=\"https:\/\/hydraulic-cylinders.net\/wp-content\/uploads\/2023\/10\/open-tbm-cylinder-1.webp 709w, https:\/\/hydraulic-cylinders.net\/wp-content\/uploads\/2023\/10\/open-tbm-cylinder-1-480x320.webp 480w\" sizes=\"(min-width: 0px) and (max-width: 480px) 480px, (min-width: 481px) 709px, 100vw\" \/><\/p>\n<h2><strong>Met\u00f3da pou\u017eitia otvoren\u00e9ho axi\u00e1lneho valca TBM<\/strong><strong>:<\/strong><\/h2>\n<ol>\n<li><strong>In\u0161tal\u00e1cia valca:<\/strong>\u00a0 Nain\u0161talujte otvoren\u00fd pr\u00edtla\u010dn\u00fd valec TBM pod\u013ea pokynov v\u00fdrobcu. Na zabezpe\u010denie spr\u00e1vneho zarovnania a bezpe\u010dn\u00e9ho pripevnenia ku kon\u0161trukcii TBM pou\u017eite vhodn\u00e9 mont\u00e1\u017ene konzoly alebo pr\u00edslu\u0161enstvo.<\/li>\n<li><strong>Integr\u00e1cia hydraulick\u00e9ho syst\u00e9mu:<\/strong>\u00a0 Pripojte valec k hydraulick\u00e9mu syst\u00e9mu TBM pomocou kompatibiln\u00fdch had\u00edc a spojok. Skontrolujte, \u010di s\u00fa v\u0161etky pripojenia bezpe\u010dn\u00e9, bez \u00fanikov a dostato\u010dne utiahnut\u00e9, aby sa zachoval optim\u00e1lny hydraulick\u00fd v\u00fdkon.<\/li>\n<li><strong>Nastavenie sily pr\u00edtla\u010dnej sily:<\/strong>\u00a0 Obozn\u00e1mte sa s ovl\u00e1dac\u00edmi prvkami \u0161pecifick\u00fdmi pre otvoren\u00fd pr\u00edtla\u010dn\u00fd valec TBM. Tieto ovl\u00e1dacie prvky pou\u017eite na nastavenie vys\u00favania a zas\u00favania valca, \u010do umo\u017e\u0148uje presn\u00fa kontrolu nad pr\u00edtla\u010dnou silou vyv\u00edjanou TBM. Prisp\u00f4sobte pr\u00edtla\u010dn\u00fa silu pod\u013ea geologick\u00fdch podmienok a po\u017eadovanej r\u00fdchlosti v\u00fdkopu.<\/li>\n<li><strong>Bezpe\u010dnostn\u00e9 opatrenia:<\/strong>\u00a0 Dodr\u017eiavajte v\u0161etky bezpe\u010dnostn\u00e9 protokoly a pokyny v\u00fdrobcu TBM. Zabezpe\u010dte, aby boli oper\u00e1tori vy\u0161kolen\u00ed v bezpe\u010dnej obsluhe TBM a otvoren\u00e9ho posuvn\u00e9ho valca TBM. Pravidelne kontrolujte bezpe\u010dnostn\u00e9 mechanizmy a vykon\u00e1vajte \u00fadr\u017ebu pod\u013ea odpor\u00fa\u010dan\u00ed, aby ste zabezpe\u010dili ich spr\u00e1vne fungovanie.<\/li>\n<\/ol>\n<h2><strong>Ako odvzdu\u0161ni\u0165 hydraulick\u00fd valec pre \u0161tiepa\u010dku dreva?<\/strong><\/h2>\n<p>Odvzdu\u0161nenie hydraulick\u00e9ho valca v \u0161tiepa\u010dke dreva je k\u013e\u00fa\u010dov\u00e9 pre udr\u017eanie optim\u00e1lneho v\u00fdkonu a rie\u0161enie probl\u00e9mov, ako je pomal\u00e1 alebo slab\u00e1 prev\u00e1dzka. Pri odvzdu\u0161nen\u00ed hydraulick\u00e9ho valca v \u0161tiepa\u010dke dreva postupujte pod\u013ea t\u00fdchto krokov:<\/p>\n<ol>\n<li><strong>Bezpe\u010dnos\u0165 na prvom mieste:<\/strong> Pred za\u010dat\u00edm ak\u00fdchko\u013evek \u00fadr\u017eb\u00e1rskych pr\u00e1c sa uistite, \u017ee \u0161tiepa\u010dka dreva je vypnut\u00e1, motor je vychladnut\u00fd a hydraulick\u00fd syst\u00e9m je bez tlaku. Taktie\u017e si nasa\u010fte vhodn\u00e9 osobn\u00e9 ochrann\u00e9 prostriedky (OOP), ako s\u00fa rukavice a ochrann\u00e9 okuliare.<\/li>\n<li><strong>N\u00e1jdite odvzdu\u0161\u0148ovac\u00ed ventil:<\/strong> N\u00e1jdite odvzdu\u0161\u0148ovac\u00ed ventil na hydraulickom valci. Zvy\u010dajne ide o mal\u00fa skrutku alebo ventil umiestnen\u00fd na tele valca alebo v bl\u00edzkosti hydraulick\u00fdch pripojen\u00ed.<\/li>\n<li><strong>Umiestnenie:<\/strong> Umiestnite \u0161tiepa\u010dku dreva do stabilnej a rovnej polohy, aby ste zabezpe\u010dili bezpe\u010dn\u00e9 a \u00fa\u010dinn\u00e9 odvzdu\u0161nenie hydraulick\u00e9ho valca. Uistite sa, \u017ee odvzdu\u0161\u0148ovac\u00ed ventil je pr\u00edstupn\u00fd.<\/li>\n<li><strong>Pr\u00edprava zbernej n\u00e1doby:<\/strong> Pod odvzdu\u0161\u0148ovac\u00ed ventil umiestnite vhodn\u00fa n\u00e1dobu na zachytenie hydraulickej kvapaliny, ktor\u00e1 by mohla unikn\u00fa\u0165 po\u010das odvzdu\u0161\u0148ovania.<\/li>\n<li><strong>Otvoren\u00fd odvzdu\u0161\u0148ovac\u00ed ventil:<\/strong> Pomocou vhodn\u00e9ho k\u013e\u00fa\u010da alebo n\u00e1stroja opatrne otvorte odvzdu\u0161\u0148ovac\u00ed ventil jeho oto\u010den\u00edm proti smeru hodinov\u00fdch ru\u010di\u010diek. T\u00fdm sa umo\u017en\u00ed \u00fanik vzduchu a zachytenej kvapaliny.<\/li>\n<li><strong>Na\u0161tartujte motor:<\/strong> Na\u0161tartujte motor \u0161tiepa\u010dky dreva a nechajte ho be\u017ea\u0165 na vo\u013enobeh. T\u00fdmto sa aktivuje hydraulick\u00e9 \u010derpadlo, ktor\u00e9 umo\u017en\u00ed pr\u00fadenie kvapaliny syst\u00e9mom.<\/li>\n<li><strong>Ovl\u00e1dajte ovl\u00e1daciu p\u00e1ku:<\/strong> Zatiahnite ovl\u00e1daciu p\u00e1ku alebo rukov\u00e4\u0165, ktor\u00e1 aktivuje hydraulick\u00fd valec. Presu\u0148te ovl\u00e1daciu p\u00e1ku do vys\u00favacej alebo zas\u00favacej polohy v z\u00e1vislosti od po\u017eadovanej \u010dinnosti. T\u00fdm sa vytvor\u00ed hydraulick\u00fd tlak a vytla\u010d\u00ed sa v\u0161etok zachyten\u00fd vzduch z valca.<\/li>\n<li><strong>Pozorujte tok tekutiny:<\/strong> Sledujte pr\u00fadenie kvapaliny z odvzdu\u0161\u0148ovacieho ventilu. Spo\u010diatku m\u00f4\u017eu by\u0165 pr\u00edtomn\u00e9 vzduchov\u00e9 bubliny, ale ako proces odvzdu\u0161\u0148ovania pokra\u010duje, kvapalina by sa mala sta\u0165 konzistentnou a bez vzduchu. Nechajte kvapalinu nejak\u00fd \u010das pr\u00fadi\u0165, aby ste sa uistili, \u017ee v\u0161etok vzduch je vytla\u010den\u00fd.<\/li>\n<li><strong>Zatvorte odvzdu\u0161\u0148ovac\u00ed ventil:<\/strong> Ke\u010f kvapalina pr\u00fadi hladko bez vzduchov\u00fdch bubl\u00edn, zatvorte odvzdu\u0161\u0148ovac\u00ed ventil oto\u010den\u00edm v smere hodinov\u00fdch ru\u010di\u010diek. D\u00e1vajte pozor, aby ste ho pr\u00edli\u0161 neutiahli.<\/li>\n<li><strong>Skontrolujte hladinu kvapaliny:<\/strong> Skontrolujte hladinu hydraulickej kvapaliny v n\u00e1dr\u017ei. V pr\u00edpade potreby dopl\u0148te odpor\u00fa\u010dan\u00fa hydraulick\u00fa kvapalinu, aby ste udr\u017eali spr\u00e1vnu hladinu. Spr\u00e1vny typ a \u0161pecifik\u00e1cie hydraulickej kvapaliny n\u00e1jdete v n\u00e1vode na obsluhu \u0161tiepa\u010dky dreva.<\/li>\n<li><strong>Testovacia prev\u00e1dzka:<\/strong> Po odvzdu\u0161nen\u00ed hydraulick\u00e9ho valca a skontrolovan\u00ed hladiny kvapaliny otestujte \u010dinnos\u0165 \u0161tiepa\u010dky dreva. Aktivujte ovl\u00e1daciu p\u00e1ku a sledujte \u010dinnos\u0165 valca. Mal by fungova\u0165 hladko a poskytova\u0165 dostato\u010dn\u00fa silu na \u0161tiepanie dreva.<\/li>\n<li><strong>V pr\u00edpade potreby zopakujte:<\/strong> V niektor\u00fdch pr\u00edpadoch m\u00f4\u017eu odoln\u00e9 vzduchov\u00e9 bubliny vy\u017eadova\u0165 viacero cyklov odvzdu\u0161nenia. Ak si v syst\u00e9me st\u00e1le v\u0161imnete vzduch alebo ak syst\u00e9m pracuje zle, proces odvzdu\u0161nenia zopakujte.<\/li>\n<\/ol>\n<h2><strong>Schopnos\u0165 a kapacita tov\u00e1rne:<\/strong><\/h2>\n<h3>(1) Mont\u00e1\u017e<\/h3>\n<p>Disponujeme prvotriednou nez\u00e1vislou v\u00fdskumnou a v\u00fdvojovou mont\u00e1\u017enou platformou. Diel\u0148a na v\u00fdrobu hydraulick\u00fdch valcov m\u00e1 \u0161tyri poloautomatick\u00e9 mont\u00e1\u017ene linky zdv\u00edhac\u00edch valcov a jednu automatick\u00fa mont\u00e1\u017enu linku nakl\u00e1pac\u00edch valcov s projektovanou ro\u010dnou v\u00fdrobnou kapacitou 1 mili\u00f3n kusov. Diel\u0148a na v\u00fdrobu \u0161peci\u00e1lnych valcov je vybaven\u00e1 r\u00f4znymi \u0161pecifik\u00e1ciami poloautomatick\u00e9ho syst\u00e9mu \u010distenia a mont\u00e1\u017ee s projektovanou ro\u010dnou v\u00fdrobnou kapacitou 200 000 kusov a je vybaven\u00e1 zn\u00e1mym CNC obr\u00e1bac\u00edm zariaden\u00edm, obr\u00e1bac\u00edm centrom, \u0161peci\u00e1lnym zariaden\u00edm na vysoko presn\u00e9 spracovanie valcov, robotick\u00fdm zv\u00e1rac\u00edm strojom, automatick\u00fdm \u010distiacim strojom, automatick\u00fdm mont\u00e1\u017enym strojom valcov a automatickou lakovacou v\u00fdrobnou linkou. Existuj\u00face kritick\u00e9 zariadenia maj\u00fa viac ako 300 s\u00faprav (s\u00e1d). Optim\u00e1lne alokovanie a efekt\u00edvne vyu\u017e\u00edvanie zdrojov zariaden\u00ed zabezpe\u010duje po\u017eiadavky na presnos\u0165 v\u00fdrobkov a sp\u013a\u0148a po\u017eiadavky na vysok\u00fa kvalitu v\u00fdrobkov.<\/p>\n<p><img loading=\"lazy\" decoding=\"async\" class=\"alignnone wp-image-626\" src=\"https:\/\/hydraulic-cylinders.net\/wp-content\/uploads\/2023\/08\/hydraulic-cylinder-product-1-300x158.webp\" alt=\"\" width=\"495\" height=\"260\" srcset=\"https:\/\/hydraulic-cylinders.net\/wp-content\/uploads\/2023\/08\/hydraulic-cylinder-product-1-300x158.webp 495w, https:\/\/hydraulic-cylinders.net\/wp-content\/uploads\/2023\/08\/hydraulic-cylinder-product-1-480x252.webp 480w\" sizes=\"(min-width: 0px) and (max-width: 480px) 480px, (min-width: 481px) 495px, 100vw\" \/> <img loading=\"lazy\" decoding=\"async\" class=\"alignnone wp-image-627\" src=\"https:\/\/hydraulic-cylinders.net\/wp-content\/uploads\/2023\/08\/hydraulic-cylinder-product-2-300x189.webp\" alt=\"\" width=\"413\" height=\"260\" \/><\/p>\n<h3>(2) Obr\u00e1banie<\/h3>\n<p>Obr\u00e1bacia diel\u0148a je vybaven\u00e1 prisp\u00f4soben\u00fdm s\u00fastru\u017en\u00edckym centrom na \u0161ikm\u00e9 ko\u013eajnice, obr\u00e1bac\u00edm centrom, vysokor\u00fdchlostn\u00fdm honovac\u00edm strojom, zv\u00e1rac\u00edm robotom a \u010fal\u0161\u00edm s\u00favisiacim zariaden\u00edm, ktor\u00e9 dok\u00e1\u017ee spracova\u0165 valcov\u00e9 r\u00fary s maxim\u00e1lnym vn\u00fatorn\u00fdm priemerom 400 mm a maxim\u00e1lnou d\u013a\u017ekou 6 metrov.<\/p>\n<p><img loading=\"lazy\" decoding=\"async\" class=\"alignnone wp-image-628 size-large\" src=\"https:\/\/hydraulic-cylinders.net\/wp-content\/uploads\/2023\/08\/hydraulic-cylinder-product-3-1024x391.webp\" alt=\"\" width=\"1024\" height=\"391\" srcset=\"https:\/\/hydraulic-cylinders.net\/wp-content\/uploads\/2023\/08\/hydraulic-cylinder-product-3-980x374.webp 980w, https:\/\/hydraulic-cylinders.net\/wp-content\/uploads\/2023\/08\/hydraulic-cylinder-product-3-480x183.webp 480w\" sizes=\"(min-width: 0px) and (max-width: 480px) 480px, (min-width: 481px) and (max-width: 980px) 980px, (min-width: 981px) 1024px, 100vw\" \/><\/p>\n<h3>(3) Zv\u00e1ranie<\/h3>\n<p><img loading=\"lazy\" decoding=\"async\" class=\"alignnone wp-image-629 size-large\" src=\"https:\/\/hydraulic-cylinders.net\/wp-content\/uploads\/2023\/08\/hydraulic-cylinder-product-4-1024x510.webp\" alt=\"\" width=\"1024\" height=\"510\" srcset=\"https:\/\/hydraulic-cylinders.net\/wp-content\/uploads\/2023\/08\/hydraulic-cylinder-product-4-980x488.webp 980w, https:\/\/hydraulic-cylinders.net\/wp-content\/uploads\/2023\/08\/hydraulic-cylinder-product-4-480x239.webp 480w\" sizes=\"(min-width: 0px) and (max-width: 480px) 480px, (min-width: 481px) and (max-width: 980px) 980px, (min-width: 981px) 1024px, 100vw\" \/><\/p>\n<h3>(4) Ma\u013eovanie a natieranie<\/h3>\n<p>S mal\u00fdmi a stredne ve\u013ek\u00fdmi valcov\u00fdmi automatick\u00fdmi linkami na nan\u00e1\u0161anie farieb na vodnej b\u00e1ze, na dosiahnutie automatick\u00e9ho nakladania a vykladania robotmi a automatick\u00e9ho striekania, je projektovan\u00e1 kapacita 4000 kusov za smenu;<br \/>\nM\u00e1me tie\u017e poloautomatick\u00fa linku na v\u00fdrobu farieb pre ve\u013ek\u00e9 valce poh\u00e1\u0148an\u00e9 re\u0165azou s projektovanou kapacitou 60 kusov za smenu.<\/p>\n<p><img loading=\"lazy\" decoding=\"async\" class=\"alignnone wp-image-630\" src=\"https:\/\/hydraulic-cylinders.net\/wp-content\/uploads\/2023\/08\/hydraulic-cylinder-product-5-300x213.webp\" alt=\"\" width=\"366\" height=\"260\" \/> <img loading=\"lazy\" decoding=\"async\" class=\"alignnone wp-image-631\" src=\"https:\/\/hydraulic-cylinders.net\/wp-content\/uploads\/2023\/08\/hydraulic-cylinder-product-6-300x225.webp\" alt=\"\" width=\"347\" height=\"260\" \/><\/p>\n<h3>(5) Testovanie<\/h3>\n<p>Disponujeme prvotriednymi kontroln\u00fdmi zariadeniami a sk\u00fa\u0161obn\u00fdmi zariadeniami, ktor\u00e9 zabezpe\u010duj\u00fa, \u017ee v\u00fdkonnos\u0165 valca sp\u013a\u0148a po\u017eiadavky.<\/p>\n<p><img loading=\"lazy\" decoding=\"async\" class=\"alignnone wp-image-632\" src=\"https:\/\/hydraulic-cylinders.net\/wp-content\/uploads\/2023\/08\/hydraulic-cylinder-product-8-300x200.webp\" alt=\"\" width=\"389\" height=\"260\" \/><\/p>\n<p>&nbsp;<\/p>\n<p>&nbsp;<\/p>\n<p>Sme jedn\u00fdm z najlep\u0161\u00edch v\u00fdrobcov hydraulick\u00fdch valcov. Pon\u00fakame komplexn\u00e9 hydraulick\u00e9 valce. Poskytujeme aj zodpovedaj\u00face <a href=\"https:\/\/hzpt.com\/agricultural-pto-gearbox\/\" target=\"_blank\" rel=\"noopener\">po\u013enohospod\u00e1rske prevodovky<\/a>Na\u0161e produkty sme vyv\u00e1\u017eali klientom po celom svete a v\u010faka vynikaj\u00facej kvalite produktov a popredajn\u00e9mu servisu sme si z\u00edskali dobr\u00fa reput\u00e1ciu. V\u00edtame z\u00e1kazn\u00edkov doma aj v zahrani\u010d\u00ed, ktor\u00ed n\u00e1s kontaktuj\u00fa za \u00fa\u010delom rokovania o obchodn\u00fdch z\u00e1le\u017eitostiach, v\u00fdmeny inform\u00e1ci\u00ed a <a href=\"https:\/\/www.hydraulic-cylinders.net\/sk\/contact-us\/\">spolupracova\u0165 s nami<\/a>!<\/p>\n<p>&nbsp;<\/p>","protected":false},"excerpt":{"rendered":"<p>Open TBM Thrust Cylinder The open tbm thrust cylinder is a cutting-edge hydraulic component designed to optimize the power and efficiency of tunnel boring machines (tbms). This specialized cylinder plays a vital role in providing the necessary thrust force for the tbm&#8217;s forward movement during excavation. In this informative article, we will delve into the [&hellip;]<\/p>","protected":false},"featured_media":1898,"comment_status":"open","ping_status":"closed","template":"","meta":{"_et_pb_use_builder":"","_et_pb_old_content":"","_et_gb_content_width":""},"product_brand":[],"product_cat":[1519,1549],"product_tag":[1380],"class_list":{"0":"post-1896","1":"product","2":"type-product","3":"status-publish","4":"has-post-thumbnail","6":"product_cat-shield-machine-hydraulic-cylinders","7":"product_cat-single-acting-hydraulic-cylinder","8":"product_tag-hydraulic-cylinder","10":"first","11":"instock","12":"shipping-taxable","13":"product-type-simple"},"amp_enabled":true,"_links":{"self":[{"href":"https:\/\/www.hydraulic-cylinders.net\/sk\/wp-json\/wp\/v2\/product\/1896","targetHints":{"allow":["GET"]}}],"collection":[{"href":"https:\/\/www.hydraulic-cylinders.net\/sk\/wp-json\/wp\/v2\/product"}],"about":[{"href":"https:\/\/www.hydraulic-cylinders.net\/sk\/wp-json\/wp\/v2\/types\/product"}],"replies":[{"embeddable":true,"href":"https:\/\/www.hydraulic-cylinders.net\/sk\/wp-json\/wp\/v2\/comments?post=1896"}],"wp:featuredmedia":[{"embeddable":true,"href":"https:\/\/www.hydraulic-cylinders.net\/sk\/wp-json\/wp\/v2\/media\/1898"}],"wp:attachment":[{"href":"https:\/\/www.hydraulic-cylinders.net\/sk\/wp-json\/wp\/v2\/media?parent=1896"}],"wp:term":[{"taxonomy":"product_brand","embeddable":true,"href":"https:\/\/www.hydraulic-cylinders.net\/sk\/wp-json\/wp\/v2\/product_brand?post=1896"},{"taxonomy":"product_cat","embeddable":true,"href":"https:\/\/www.hydraulic-cylinders.net\/sk\/wp-json\/wp\/v2\/product_cat?post=1896"},{"taxonomy":"product_tag","embeddable":true,"href":"https:\/\/www.hydraulic-cylinders.net\/sk\/wp-json\/wp\/v2\/product_tag?post=1896"}],"curies":[{"name":"pracovn\u00fd list","href":"https:\/\/api.w.org\/{rel}","templated":true}]}}