{"id":18961,"date":"2025-04-07T06:04:25","date_gmt":"2025-04-07T06:04:25","guid":{"rendered":"https:\/\/www.hydraulic-cylinders.net\/product\/boom-cylinder-for-caterpillar-large-excavator-e349dl\/"},"modified":"2025-04-07T06:04:27","modified_gmt":"2025-04-07T06:04:27","slug":"boom-cylinder-for-caterpillar-large-excavator-e349dl","status":"publish","type":"product","link":"https:\/\/www.hydraulic-cylinders.net\/sk\/produkt\/boom-cylinder-for-caterpillar-large-excavator-e349dl\/","title":{"rendered":"Valec v\u00fdlo\u017en\u00edka pre ve\u013ek\u00e9 r\u00fdpadlo Caterpillar E349DL"},"content":{"rendered":"<h1>Valec v\u00fdlo\u017en\u00edka pre ve\u013ek\u00e9 r\u00fdpadlo Caterpillar E349DL<\/h1>\n<h2>Preh\u013ead produktu<\/h2>\n<p>Hydraulick\u00fd valec v\u00fdlo\u017en\u00edka pre ve\u013ek\u00e9 r\u00fdpadlo Caterpillar E349DL je d\u00f4le\u017eit\u00fd komponent ur\u010den\u00fd na zv\u00fd\u0161enie prev\u00e1dzkovej efekt\u00edvnosti \u0165a\u017ek\u00fdch strojov. Tento hydraulick\u00fd valec \u0161pecificky riadi pohyb v\u00fdlo\u017en\u00edka r\u00fdpadla, \u010do umo\u017e\u0148uje jeho plynul\u00e9 zdv\u00edhanie, sp\u00fa\u0161\u0165anie a nakl\u00e1\u0148anie. Spr\u00e1vna funkcia tohto valca je k\u013e\u00fa\u010dov\u00e1 pre r\u00f4zne \u00falohy manipul\u00e1cie s materi\u00e1lom, preto\u017ee priamo ovplyv\u0148uje v\u00fdkon r\u00fdpadla v zlo\u017eit\u00fdch pracovn\u00fdch prostrediach.<\/p>\n<p><img decoding=\"async\" src=\"https:\/\/www.hydraulic-cylinders.net\/wp-content\/uploads\/2025\/04\/songte-company-1.webp\" alt=\"Valec v\u00fdlo\u017en\u00edka pre r\u00fdpadl\u00e1\"><\/p>\n<h2>Vlastnosti produktu<\/h2>\n<ul>\n<li><strong>Vysok\u00e1 pevnos\u0165 a odolnos\u0165:<\/strong> Tento valec v\u00fdlo\u017en\u00edka, vyroben\u00fd z vysokopevnostnej ocele alebo hlin\u00edka, je navrhnut\u00fd tak, aby odolal vysok\u00e9mu tlaku a \u0165a\u017ek\u00e9mu za\u0165a\u017eeniu a z\u00e1rove\u0148 bol prisp\u00f4soben\u00fd n\u00e1ro\u010dn\u00fdm pracovn\u00fdm podmienkam. Je navrhnut\u00fd s oh\u013eadom na odolnos\u0165 vo\u010di opotrebovaniu a kor\u00f3zii, \u010d\u00edm sa predl\u017euje jeho \u017eivotnos\u0165.<\/li>\n<li><strong>Efekt\u00edvna hydraulick\u00e1 prev\u00e1dzka:<\/strong> V\u010faka hydraulick\u00e9mu tlaku oleja dosahuje plynul\u00fd teleskopick\u00fd pohyb, r\u00fdchlo reaguje na ovl\u00e1dacie povely a poskytuje siln\u00e9 tla\u010dn\u00e9 a \u0165a\u017en\u00e9 sily vhodn\u00e9 na manipul\u00e1ciu s \u0165a\u017ek\u00fdmi predmetmi a zlo\u017eit\u00e9 \u00falohy.<\/li>\n<li><strong>R\u00f4zne dostupn\u00e9 typy:<\/strong> Mo\u017enosti zah\u0155\u0148aj\u00fa jedno\u010dinn\u00e9 (hydraulicky ovl\u00e1dan\u00e9 iba v jednom smere) alebo dvoj\u010dinn\u00e9 (hydraulicky ovl\u00e1dan\u00e9 v oboch smeroch) valce, ktor\u00e9 sp\u013a\u0148aj\u00fa r\u00f4zne prev\u00e1dzkov\u00e9 po\u017eiadavky. Niektor\u00e9 modely s\u00fa teleskopick\u00e9, \u010do umo\u017e\u0148uje v\u00e4\u010d\u0161ie vysunutie bez zv\u00e4\u010d\u0161enia vonkaj\u0161\u00edch rozmerov, ide\u00e1lne pre aplik\u00e1cie s obmedzen\u00fdm priestorom.<\/li>\n<\/ul>\n<h2>V\u00fdrobn\u00e1 kapacita<\/h2>\n<p>Na\u0161a spolo\u010dnos\u0165 sa \u0161pecializuje na v\u00fdrobu t\u00fdchto hydraulick\u00fdch valcov, \u010d\u00edm zabezpe\u010duje, \u017ee na\u0161e produkty sl\u00fa\u017eia ako perfektn\u00e1 n\u00e1hrada za existuj\u00face modely.<\/p>\n<p><img decoding=\"async\" src=\"https:\/\/www.hydraulic-cylinders.net\/wp-content\/uploads\/2025\/04\/songte-cylinder-head-with-all-kinds-excavator-models.webp\" alt=\"Hlava valcov bagra\"><\/p>\n<h2>Aplik\u00e1cie valca v\u00fdlo\u017en\u00edka<\/h2>\n<h3>Stavebn\u00e9 stroje<\/h3>\n<p>V r\u00fdpadl\u00e1ch je valec v\u00fdlo\u017en\u00edka nevyhnutn\u00fd na kopanie, nakladanie a premiest\u0148ovanie zeminy alebo sutiny. V r\u00fdpadlov\u00fdch r\u00fdpadl\u00e1ch zohr\u00e1va k\u013e\u00fa\u010dov\u00fa \u00falohu pri v\u00fdkopov\u00fdch pr\u00e1cach aj zdv\u00edhan\u00ed, \u010d\u00edm zabezpe\u010duje prev\u00e1dzkov\u00fa efektivitu a presnos\u0165 pri stavebn\u00fdch \u00faloh\u00e1ch.<\/p>\n<h3>Po\u013enohospod\u00e1rske stroje<\/h3>\n<p>Valce v\u00fdlo\u017en\u00edka, ktor\u00e9 sa pou\u017e\u00edvaj\u00fa v \u010deln\u00fdch naklada\u010doch, s\u00fa zodpovedn\u00e9 za naberanie, zdv\u00edhanie a prepravu p\u00f4dy, sena a in\u00fdch materi\u00e1lov. Ich robustn\u00e1 kon\u0161trukcia im umo\u017e\u0148uje efekt\u00edvne zvl\u00e1da\u0165 n\u00e1roky po\u013enohospod\u00e1rskej pr\u00e1ce.<\/p>\n<h3>R\u00fdpadl\u00e1<\/h3>\n<p>Valec v\u00fdlo\u017en\u00edka umo\u017e\u0148uje ly\u017eici r\u00fdpadla prenikn\u00fa\u0165 do zeme, \u010do u\u013eah\u010duje proces kopania. Jeho presnos\u0165 a v\u00fdkon umo\u017e\u0148uj\u00fa obsluhe vykon\u00e1va\u0165 zlo\u017eit\u00e9 \u00falohy v r\u00f4znych typoch p\u00f4dy.<\/p>\n<h3>Naklada\u010de<\/h3>\n<p>V \u010deln\u00fdch naklada\u010doch pom\u00e1haj\u00fa valce v\u00fdlo\u017en\u00edka efekt\u00edvne zdv\u00edha\u0165 a skl\u00e1pa\u0165 bremena, v\u010faka \u010domu s\u00fa nevyhnutn\u00e9 pre manipul\u00e1ciu s materi\u00e1lom v stavebn\u00edctve a po\u013enohospod\u00e1rstve.<\/p>\n<h2>\u00davahy o dizajne a krit\u00e9ri\u00e1 v\u00fdberu<\/h2>\n<h3>Nosnos\u0165<\/h3>\n<p>Valec v\u00fdlo\u017en\u00edka mus\u00ed by\u0165 navrhnut\u00fd tak, aby zvl\u00e1dol zna\u010dn\u00e9 za\u0165a\u017eenie bez kompromisov v oblasti bezpe\u010dnosti alebo v\u00fdkonu. V\u00fdber valca s vhodnou nosnos\u0165ou zaru\u010duje spo\u013eahlivos\u0165 a dlh\u00fa \u017eivotnos\u0165 v n\u00e1ro\u010dn\u00fdch pracovn\u00fdch prostrediach.<\/p>\n<h3>Tesnenie<\/h3>\n<p>\u00da\u010dinn\u00e9 tesnenie je rozhoduj\u00face pre udr\u017eanie hydraulick\u00e9ho tlaku a zabr\u00e1nenie \u00faniku. Vysokokvalitn\u00e9 tesnenia vyroben\u00e9 z odoln\u00fdch materi\u00e1lov zabezpe\u010duj\u00fa, \u017ee valec bude dlhodobo efekt\u00edvne fungova\u0165.<\/p>\n<h3>Trvanlivos\u0165<\/h3>\n<p>Materi\u00e1ly pou\u017e\u00edvan\u00e9 pri v\u00fdrobe musia by\u0165 odoln\u00e9 vo\u010di opotrebovaniu a kor\u00f3zii. T\u00e1to odolnos\u0165 je nevyhnutn\u00e1 pre dlh\u00fa \u017eivotnos\u0165, najm\u00e4 v n\u00e1ro\u010dn\u00fdch podmienkach typick\u00fdch pre stavenisk\u00e1.<\/p>\n<h3>Bezpe\u010dnos\u0165<\/h3>\n<p>Do n\u00e1vrhu by mali by\u0165 integrovan\u00e9 bezpe\u010dnostn\u00e9 prvky, aby sa zmiernili rizik\u00e1 po\u010das prev\u00e1dzky. Patria sem pretlakov\u00e9 ventily a robustn\u00e1 kon\u0161trukcia, ktor\u00e1 odol\u00e1 nepredv\u00eddan\u00e9mu nam\u00e1haniu.<\/p>\n<h3>Pr\u00edstupnos\u0165 \u00fadr\u017eby<\/h3>\n<p>Kon\u0161trukcia by mala u\u013eah\u010dova\u0165 \u00fadr\u017ebu a umo\u017e\u0148ova\u0165 r\u00fdchle kontroly a opravy. Pr\u00edstupn\u00e9 komponenty zni\u017euj\u00fa prestoje a zvy\u0161uj\u00fa prev\u00e1dzkov\u00fa efektivitu.<\/p>\n<p><img decoding=\"async\" src=\"https:\/\/www.hydraulic-cylinders.net\/wp-content\/uploads\/2025\/04\/songte-oil-pipes-and-spare-parts.webp\" alt=\"\u010casti hydraulick\u00e9ho valca\"><\/p>\n<h2>Tesnenie a mazanie<\/h2>\n<p>Na udr\u017eanie hydraulick\u00e9ho tlaku a zabr\u00e1nenie \u00faniku sa pou\u017e\u00edvaj\u00fa r\u00f4zne tesnenia, ako s\u00fa tesnenia piestov a tesnenia ty\u010d\u00ed. Tesnenia vyroben\u00e9 z materi\u00e1lov odoln\u00fdch vo\u010di opotrebovaniu, ako je polyuret\u00e1n a nitrilov\u00fd kau\u010duk, zvy\u0161uj\u00fa odolnos\u0165. Teleso valca a z\u00e1vitov\u00e9 konce s\u00fa jemne opracovan\u00e9, aby sa zlep\u0161ila odolnos\u0165 vo\u010di opotrebovaniu. Pravideln\u00e9 mazanie hydraulick\u00fdm olejom je nevyhnutn\u00e9 pre udr\u017eanie hladk\u00e9ho chodu a zabr\u00e1nenie po\u0161kodeniu.<\/p>\n<h2>Pravideln\u00e1 kontrola a prevent\u00edvna \u00fadr\u017eba<\/h2>\n<ul>\n<li><strong>Rutinn\u00e1 kontrola:<\/strong> Pravideln\u00e9 kontroly dok\u00e1\u017eu v\u010das odhali\u0165 potenci\u00e1lne probl\u00e9my, ako s\u00fa netesnosti alebo nezvy\u010dajn\u00e9 opotrebovanie, \u010do umo\u017e\u0148uje v\u010dasn\u00fa \u00fadr\u017ebu.<\/li>\n<li><strong>Spr\u00e1vne mazanie:<\/strong> Zabezpe\u010denie dostato\u010dn\u00e9ho mazania valca zni\u017euje trenie a opotrebovanie, \u010d\u00edm sa predl\u017euje jeho \u017eivotnos\u0165.<\/li>\n<li><strong>V\u00fdmena tesnenia:<\/strong> Pravideln\u00e1 v\u00fdmena opotrebovan\u00fdch tesnen\u00ed zabra\u0148uje \u00fanikom hydraulickej kvapaliny a udr\u017eiava \u00fa\u010dinnos\u0165 syst\u00e9mu.<\/li>\n<\/ul>\n<h2>Pokyny na in\u0161tal\u00e1ciu<\/h2>\n<p>Spr\u00e1vna in\u0161tal\u00e1cia valca ramena je nevyhnutn\u00e1 pre optim\u00e1lny v\u00fdkon. Za\u010dnite t\u00fdm, \u017ee sa uist\u00edte, \u017ee v\u0161etky komponenty s\u00fa \u010dist\u00e9 a bez ne\u010dist\u00f4t. Valec presne zarovnajte s mont\u00e1\u017enymi konzolami a na jeho upevnenie pou\u017eite vhodn\u00e9 mont\u00e1\u017ene podpery. Utiahnite v\u0161etky skrutky na u\u0165ahovac\u00ed moment stanoven\u00fd v\u00fdrobcom, aby ste predi\u0161li ich uvo\u013eneniu po\u010das prev\u00e1dzky. Po in\u0161tal\u00e1cii vykonajte d\u00f4kladn\u00fa sk\u00fa\u0161ku, aby ste sa uistili, \u017ee valec funguje pod\u013ea pl\u00e1nu, a skontrolujte, \u010di nevykazuje nejak\u00e9 zn\u00e1mky netesnost\u00ed alebo abnorm\u00e1lnej prev\u00e1dzky.<\/p>\n<h2>Be\u017en\u00e9 \u00falohy \u00fadr\u017eby<\/h2>\n<ul>\n<li><strong>Pravideln\u00e9 kontroly:<\/strong> \u010cast\u00e9 kontroly tesnosti, opotrebovania alebo po\u0161kodenia s\u00fa nevyhnutn\u00e9. Spr\u00e1vne zarovnanie valca po\u010das in\u0161tal\u00e1cie je k\u013e\u00fa\u010dom k predch\u00e1dzaniu prev\u00e1dzkov\u00fdm probl\u00e9mom.<\/li>\n<li><strong>Vhodn\u00e9 mazanie:<\/strong> Pou\u017e\u00edvajte odpor\u00fa\u010dan\u00fd hydraulick\u00fd olej a nan\u00e1\u0161ajte ho dostato\u010dne, aby ste zabezpe\u010dili plynul\u00fd chod. Minimalizuje sa t\u00fdm opotrebenie a predl\u017euje sa funkcia valca.<\/li>\n<li><strong>V\u00fdmena tesnenia:<\/strong> Pravidelne kontrolujte integritu tesnen\u00ed a pod\u013ea potreby ich vymie\u0148ajte. T\u00fdm sa zabr\u00e1ni \u00faniku hydraulickej kvapaliny a udr\u017e\u00ed sa \u00fa\u010dinnos\u0165 syst\u00e9mu.<\/li>\n<\/ul>\n<p><img decoding=\"async\" src=\"https:\/\/www.hydraulic-cylinders.net\/wp-content\/uploads\/2025\/04\/songte-chushion-collar.webp\" alt=\"Vank\u00fa\u0161ov\u00fd golier\"><\/p>\n<h2>Bezpe\u010dnostn\u00e9 aspekty a faktory prostredia<\/h2>\n<p>Pri pou\u017e\u00edvan\u00ed hydraulick\u00fdch valcov v\u00fdlo\u017en\u00edka je mimoriadne d\u00f4le\u017eit\u00e9 dodr\u017eiava\u0165 bezpe\u010dnostn\u00e9 opatrenia. Obsluha mus\u00ed by\u0165 vy\u0161kolen\u00e1 v rozpozn\u00e1van\u00ed riz\u00edk spojen\u00fdch s hydraulick\u00fdmi syst\u00e9mami, ako s\u00fa napr\u00edklad situ\u00e1cie s vysok\u00fdm tlakom alebo potenci\u00e1lne mechanick\u00e9 poruchy. Mali by sa nosi\u0165 ochrann\u00e9 pom\u00f4cky a pr\u00edsne dodr\u017eiava\u0165 bezpe\u010dnostn\u00e9 protokoly na zmiernenie riz\u00edk. Okrem toho s\u00fa na ochranu ekosyst\u00e9mov nevyhnutn\u00e9 environment\u00e1lne aspekty vr\u00e1tane spr\u00e1vnej likvid\u00e1cie hydraulick\u00fdch kvapal\u00edn a minimaliz\u00e1cie \u00fanikov.<\/p>\n<h2>Diagnostika por\u00fach a be\u017en\u00e9 probl\u00e9my<\/h2>\n<ul>\n<li><strong>\u00danik:<\/strong> \u010casto vznik\u00e1 z opotrebovan\u00fdch tesnen\u00ed alebo po\u0161koden\u00fdch armat\u00far. Pravideln\u00e1 kontrola m\u00f4\u017ee pom\u00f4c\u0165 v\u010das odhali\u0165 netesnosti.<\/li>\n<li><strong>Slab\u00fd v\u00fdkon:<\/strong> M\u00f4\u017ee to nazna\u010dova\u0165 nedostato\u010dn\u00e9 mazanie alebo n\u00edzku hladinu hydraulickej kvapaliny. Pravideln\u00e9 kontroly zabezpe\u010duj\u00fa optim\u00e1lnu prev\u00e1dzku syst\u00e9mu.<\/li>\n<li><strong>Nezvy\u010dajn\u00e9 zvuky:<\/strong> \u0160k\u0155\u0148aj\u00face alebo sy\u010diace zvuky m\u00f4\u017eu signalizova\u0165 mechanick\u00e9 probl\u00e9my alebo vzduch v hydraulick\u00fdch potrubiach, \u010do si vy\u017eaduje okam\u017eit\u00e9 vy\u0161etrenie.<\/li>\n<\/ul>\n<h2>Tipy na rie\u0161enie probl\u00e9mov<\/h2>\n<p>Pre efekt\u00edvnu diagnostiku probl\u00e9mov si ve\u010fte z\u00e1znam o v\u0161etk\u00fdch anom\u00e1li\u00e1ch, ktor\u00e9 sa vyskytn\u00fa po\u010das prev\u00e1dzky. Tento z\u00e1znam pou\u017eite na identifik\u00e1ciu vzorcov, ktor\u00e9 m\u00f4\u017eu nazna\u010dova\u0165 konkr\u00e9tne probl\u00e9my, \u010do umo\u017en\u00ed cielen\u00e9 rie\u0161enie probl\u00e9mov. Napr\u00edklad, ak sa spozoruje \u00fanik, skontrolujte tesnenia a armat\u00fary, \u010di nie s\u00fa po\u0161koden\u00e9, a pod\u013ea potreby ich vyme\u0148te. Zav\u00e1dzajte pravideln\u00e9 prevent\u00edvne \u00fadr\u017eb\u00e1rske opatrenia na zmiernenie riz\u00edk, ako je pravideln\u00e9 mazanie a kontroly, aby sa zn\u00ed\u017eila pravdepodobnos\u0165 bud\u00facich probl\u00e9mov.<\/p>\n<p><img decoding=\"async\" src=\"https:\/\/www.hydraulic-cylinders.net\/wp-content\/uploads\/2025\/04\/songte-bushings-with-all-kinds-of-excavator-models.webp\" alt=\"Puzdr\u00e1 pre bagre\"><\/p>\n<h2>Preh\u013ead spolo\u010dnosti<\/h2>\n<p>Sme popredn\u00fdm v\u00fdrobcom n\u00e1hradn\u00fdch hydraulick\u00fdch valcov a poskytujeme komplexn\u00fd sortiment produktov na dom\u00e1cich aj medzin\u00e1rodn\u00fdch trhoch. N\u00e1\u0161 z\u00e1v\u00e4zok k excelentnosti je zrejm\u00fd z na\u0161ich pr\u00edsnych strat\u00e9gi\u00ed riadenia v\u00fdroby, vyu\u017e\u00edvania pokro\u010dil\u00fdch v\u00fdrobn\u00fdch technol\u00f3gi\u00ed a kvalifikovan\u00e9ho person\u00e1lu. S d\u00f4razom na kontrolu kvality zabezpe\u010dujeme, aby ka\u017ed\u00fd hydraulick\u00fd valec sp\u013a\u0148al najvy\u0161\u0161ie \u0161tandardy v\u00fdkonu a spo\u013eahlivosti.<\/p>\n<p>Na\u0161u ponuku produktov dop\u013a\u0148aj\u00fa profesion\u00e1lne slu\u017eby prisp\u00f4sobenia, ktor\u00e9 n\u00e1m umo\u017e\u0148uj\u00fa uspokoji\u0165 jedine\u010dn\u00e9 potreby klientov. Vyu\u017e\u00edvame najmodernej\u0161ie v\u00fdrobn\u00e9 zariadenia a udr\u017eiavame robustn\u00fd popredajn\u00fd servis, aby sme na\u0161im z\u00e1kazn\u00edkom poskytli efekt\u00edvnu podporu.<\/p>\n<p><img decoding=\"async\" src=\"https:\/\/www.hydraulic-cylinders.net\/wp-content\/uploads\/2025\/04\/songte-company-4.webp\" alt=\"V\u00fdrobn\u00fd proces spolo\u010dnosti\"><\/p>\n<p><img decoding=\"async\" src=\"https:\/\/www.hydraulic-cylinders.net\/wp-content\/uploads\/2025\/04\/songte-company-3.webp\" alt=\"Preh\u013ead spolo\u010dnosti\"><\/p>\n<p>Autor: lyl<\/p>","protected":false},"excerpt":{"rendered":"<p>Boom Cylinder For Caterpillar Large Excavator E349DL Product Overview The Boom Cylinder for Caterpillar Large Excavator E349DL is a vital component designed to enhance the operational efficiency of heavy machinery. This hydraulic cylinder specifically controls the movement of the excavator&#8217;s boom, allowing it to lift, lower, and tilt seamlessly. The proper functioning of this cylinder [&hellip;]<\/p>","protected":false},"featured_media":17873,"comment_status":"open","ping_status":"closed","template":"","meta":{"_et_pb_use_builder":"","_et_pb_old_content":"","_et_gb_content_width":""},"product_brand":[],"product_cat":[1546],"product_tag":[1547,1496],"class_list":{"0":"post-18961","1":"product","2":"type-product","3":"status-publish","4":"has-post-thumbnail","6":"product_cat-boom-cylinders","7":"product_tag-boom-cylinders","8":"product_tag-hydraulic-cylinders","10":"first","11":"instock","12":"shipping-taxable","13":"product-type-simple"},"amp_enabled":true,"_links":{"self":[{"href":"https:\/\/www.hydraulic-cylinders.net\/sk\/wp-json\/wp\/v2\/product\/18961","targetHints":{"allow":["GET"]}}],"collection":[{"href":"https:\/\/www.hydraulic-cylinders.net\/sk\/wp-json\/wp\/v2\/product"}],"about":[{"href":"https:\/\/www.hydraulic-cylinders.net\/sk\/wp-json\/wp\/v2\/types\/product"}],"replies":[{"embeddable":true,"href":"https:\/\/www.hydraulic-cylinders.net\/sk\/wp-json\/wp\/v2\/comments?post=18961"}],"wp:featuredmedia":[{"embeddable":true,"href":"https:\/\/www.hydraulic-cylinders.net\/sk\/wp-json\/wp\/v2\/media\/17873"}],"wp:attachment":[{"href":"https:\/\/www.hydraulic-cylinders.net\/sk\/wp-json\/wp\/v2\/media?parent=18961"}],"wp:term":[{"taxonomy":"product_brand","embeddable":true,"href":"https:\/\/www.hydraulic-cylinders.net\/sk\/wp-json\/wp\/v2\/product_brand?post=18961"},{"taxonomy":"product_cat","embeddable":true,"href":"https:\/\/www.hydraulic-cylinders.net\/sk\/wp-json\/wp\/v2\/product_cat?post=18961"},{"taxonomy":"product_tag","embeddable":true,"href":"https:\/\/www.hydraulic-cylinders.net\/sk\/wp-json\/wp\/v2\/product_tag?post=18961"}],"curies":[{"name":"pracovn\u00fd list","href":"https:\/\/api.w.org\/{rel}","templated":true}]}}