{"id":18962,"date":"2025-04-07T06:04:27","date_gmt":"2025-04-07T06:04:27","guid":{"rendered":"https:\/\/www.hydraulic-cylinders.net\/product\/boom-cylinder-for-caterpillar-large-excavator-e349dz\/"},"modified":"2025-04-07T06:04:29","modified_gmt":"2025-04-07T06:04:29","slug":"boom-cylinder-for-caterpillar-large-excavator-e349dz","status":"publish","type":"product","link":"https:\/\/www.hydraulic-cylinders.net\/sk\/produkt\/boom-cylinder-for-caterpillar-large-excavator-e349dz\/","title":{"rendered":"Valec v\u00fdlo\u017en\u00edka pre ve\u013ek\u00e9 r\u00fdpadlo Caterpillar E349DZ"},"content":{"rendered":"<h1>Valec v\u00fdlo\u017en\u00edka pre ve\u013ek\u00e9 r\u00fdpadlo Caterpillar E349DZ<\/h1>\n<h2>Preh\u013ead produktu<\/h2>\n<p>Hydraulick\u00fd valec v\u00fdlo\u017en\u00edka pre ve\u013ek\u00e9 r\u00fdpadlo Caterpillar E349DZ je \u0161pecializovan\u00fd hydraulick\u00fd valec ur\u010den\u00fd na ovl\u00e1danie pohybu v\u00fdlo\u017en\u00edka \u0165a\u017ek\u00fdch strojov. Toto zariadenie je k\u013e\u00fa\u010dov\u00e9 pre efekt\u00edvnu manipul\u00e1ciu s materi\u00e1lmi v r\u00f4znych aplik\u00e1ci\u00e1ch, v\u010faka \u010domu je nevyhnutn\u00e9 pre oper\u00e1torov v stavebn\u00edctve, po\u013enohospod\u00e1rstve a in\u00fdch odvetviach, ktor\u00e9 sa spoliehaj\u00fa na \u0165a\u017ek\u00e9 stroje.<\/p>\n<p><img decoding=\"async\" src=\"https:\/\/www.hydraulic-cylinders.net\/wp-content\/uploads\/2025\/04\/songte-company-1.webp\" alt=\"Valec v\u00fdlo\u017en\u00edka\" \/><\/p>\n<h3>Defin\u00edcia valca vedra<\/h3>\n<p>Hydraulick\u00fd valec ly\u017eice je d\u00f4le\u017eitou s\u00fa\u010das\u0165ou hydraulick\u00fdch syst\u00e9mov, \u0161peci\u00e1lne vytvoren\u00fd na riadenie pohybov r\u00fdpac\u00edch zariaden\u00ed, ako s\u00fa r\u00fdpadl\u00e1, r\u00fdpadlo-naklada\u010de a \u010deln\u00e9 naklada\u010de. Umo\u017e\u0148uje ly\u017eici zdv\u00edha\u0165, sp\u00fa\u0161\u0165a\u0165 a nakl\u00e1\u0148a\u0165, \u010do u\u013eah\u010duje r\u00f4zne \u00falohy manipul\u00e1cie s materi\u00e1lom. Tieto hydraulick\u00e9 valce zohr\u00e1vaj\u00fa z\u00e1sadn\u00fa \u00falohu pri zvy\u0161ovan\u00ed v\u00fdkonu \u0165a\u017ek\u00fdch strojov t\u00fdm, \u017ee poskytuj\u00fa presn\u00e9 ovl\u00e1danie a v\u00fdkon po\u010das prev\u00e1dzky.<\/p>\n<h2>K\u013e\u00fa\u010dov\u00e9 vlastnosti<\/h2>\n<ul>\n<li><strong>Vysok\u00e1 pevnos\u0165 a odolnos\u0165:<\/strong> Zvy\u010dajne s\u00fa vyroben\u00e9 z vysokopevnostnej ocele alebo hlin\u00edka, ktor\u00e9 odol\u00e1vaj\u00fa vysok\u00e9mu tlaku a \u0165a\u017ek\u00fdm za\u0165a\u017eeniam, v\u010faka \u010domu s\u00fa vhodn\u00e9 do n\u00e1ro\u010dn\u00fdch pracovn\u00fdch prostred\u00ed. S\u00fa navrhnut\u00e9 s oh\u013eadom na odolnos\u0165 vo\u010di opotrebovaniu a kor\u00f3zii, \u010d\u00edm predl\u017euj\u00fa \u017eivotnos\u0165 produktu.<\/li>\n<li><strong>Efekt\u00edvna hydraulick\u00e1 prev\u00e1dzka:<\/strong> Vyu\u017e\u00edva hydraulick\u00fd tlak oleja pre plynul\u00e9 vys\u00favanie a zas\u00favanie, r\u00fdchlo reaguje na povely obsluhy a z\u00e1rove\u0148 poskytuje zna\u010dn\u00fa silu tla\u010denia a \u0165ahu, ide\u00e1lne na manipul\u00e1ciu s \u0165a\u017ek\u00fdmi bremenami a zlo\u017eit\u00fdmi \u00falohami.<\/li>\n<li><strong>R\u00f4zne typy:<\/strong> K dispoz\u00edcii s\u00fa v jedno\u010dinnom (hydraulick\u00fd pohon pracuje v jednom smere) alebo dvoj\u010dinnom (hydraulick\u00fd pohon pracuje v oboch smeroch) pre splnenie r\u00f4znych prev\u00e1dzkov\u00fdch po\u017eiadaviek. Niektor\u00e9 modely s\u00fa teleskopick\u00e9, \u010do umo\u017e\u0148uje v\u00e4\u010d\u0161ie vysunutie bez zv\u00e4\u010d\u0161enia vonkaj\u0161\u00edch rozmerov, vhodn\u00e9 pre aplik\u00e1cie s obmedzen\u00fdm priestorom.<\/li>\n<\/ul>\n<p>Tento produkt vyr\u00e1bame a na\u0161e valce dok\u00e1\u017eu tieto hydraulick\u00e9 syst\u00e9my dokonale nahradi\u0165.<\/p>\n<p><img decoding=\"async\" src=\"https:\/\/www.hydraulic-cylinders.net\/wp-content\/uploads\/2025\/04\/songte-cylinder-head-with-all-kinds-excavator-models.webp\" alt=\"V\u00fdmena hydraulick\u00e9ho valca\" \/><\/p>\n<h2>Scen\u00e1re aplik\u00e1ci\u00ed<\/h2>\n<h3>Stavebn\u00e9 stroje<\/h3>\n<p>V r\u00fdpadl\u00e1ch s\u00fa valce v\u00fdlo\u017en\u00edka k\u013e\u00fa\u010dov\u00e9 pre kopanie, nakladanie a premiest\u0148ovanie zeminy alebo sutiny. Poskytuj\u00fa mechanick\u00fa v\u00fdhodu potrebn\u00fa na preniknutie do tvrd\u00e9ho ter\u00e9nu a zdv\u00edhanie zna\u010dn\u00fdch bremien, v\u010faka \u010domu s\u00fa nevyhnutn\u00e9 na stavenisk\u00e1ch. V r\u00fdpadlo-naklada\u010doch valec lopaty pom\u00e1ha pri kopan\u00ed aj zdv\u00edhan\u00ed, \u010d\u00edm zvy\u0161uje v\u0161estrannos\u0165 pri r\u00f4znych \u00faloh\u00e1ch.<\/p>\n<h3>Po\u013enohospod\u00e1rske stroje<\/h3>\n<p>Valce v\u00fdlo\u017en\u00edka, ktor\u00e9 sa pou\u017e\u00edvaj\u00fa v \u010deln\u00fdch naklada\u010doch, u\u013eah\u010duj\u00fa kopanie, zdv\u00edhanie a prepravu p\u00f4dy, sena a in\u00fdch materi\u00e1lov. Ich efekt\u00edvna prev\u00e1dzka umo\u017e\u0148uje po\u013enohospod\u00e1rom optimalizova\u0165 \u00falohy manipul\u00e1cie s materi\u00e1lom, \u010d\u00edm sa zvy\u0161uje produktivita a zni\u017euj\u00fa n\u00e1klady na pracovn\u00fa silu.<\/p>\n<h3>R\u00fdpadl\u00e1<\/h3>\n<p>Valce kor\u010dekov umo\u017e\u0148uj\u00fa r\u00fdpadl\u00e1m efekt\u00edvne prenika\u0165 do p\u00f4dy, \u010do umo\u017e\u0148uje efekt\u00edvne kopanie. Ich kon\u0161trukcia zabezpe\u010duje, \u017ee zvl\u00e1dnu n\u00e1ro\u010dn\u00e9 podmienky nepretr\u017eitej prev\u00e1dzky bez kompromisov vo v\u00fdkone.<\/p>\n<h3>Naklada\u010de<\/h3>\n<p>V \u010deln\u00fdch naklada\u010doch tieto valce pom\u00e1haj\u00fa efekt\u00edvne zdv\u00edha\u0165 a vyklada\u0165 bremen\u00e1. Ich hydraulick\u00e9 schopnosti zabezpe\u010duj\u00fa plynul\u00fa manipul\u00e1ciu s ve\u013ek\u00fdmi mno\u017estvami, v\u010faka \u010domu s\u00fa cenn\u00e9 v stavebn\u00edctve aj po\u013enohospod\u00e1rstve.<\/p>\n<h2>\u00davahy o dizajne<\/h2>\n<h3>Nosnos\u0165<\/h3>\n<p>Pri navrhovan\u00ed valcov ramena je nosnos\u0165 prvorad\u00fdm krit\u00e9riom. Valec mus\u00ed by\u0165 schopn\u00fd zvl\u00e1dnu\u0165 maxim\u00e1lne za\u0165a\u017eenie bez poruchy, \u010d\u00edm sa zabezpe\u010d\u00ed bezpe\u010dnos\u0165 a \u00fa\u010dinnos\u0165 prev\u00e1dzky. V\u00fdrobcovia \u010dasto pou\u017e\u00edvaj\u00fa pokro\u010dil\u00e9 v\u00fdpo\u010dtov\u00e9 techniky a testovanie materi\u00e1lov, aby sa zabezpe\u010dilo, \u017ee valce odol\u00e1vaj\u00fa nam\u00e1haniu, s ktor\u00fdm sa stretn\u00fa v ter\u00e9ne.<\/p>\n<h3>Tesnenie<\/h3>\n<p>Spr\u00e1vne utesnenie je v hydraulick\u00fdch valcoch k\u013e\u00fa\u010dov\u00e9, aby sa zabr\u00e1nilo \u00fanikom a udr\u017eal tlak. Pou\u017eitie vysokokvalitn\u00fdch tesnen\u00ed, ako s\u00fa piestne tesnenia a tesnenia ty\u010d\u00ed vyroben\u00e9 z odoln\u00fdch materi\u00e1lov, ako je polyuret\u00e1n alebo nitrilov\u00e1 guma, zvy\u0161uje spo\u013eahlivos\u0165 valca. Dobre utesnen\u00fd valec zni\u017euje prestoje sp\u00f4soben\u00e9 \u00fadr\u017ebou a prev\u00e1dzkov\u00e9 n\u00e1klady.<\/p>\n<h3>Trvanlivos\u0165<\/h3>\n<p>Trvanlivos\u0165 je pre hydraulick\u00e9 valce prvorad\u00e1 kv\u00f4li drsn\u00e9mu prostrediu, v ktorom pracuj\u00fa. V\u00fdrobcovia pou\u017e\u00edvaj\u00fa robustn\u00e9 materi\u00e1ly a pokro\u010dil\u00e9 technol\u00f3gie povrchov\u00fdch \u00faprav na ochranu pred opotreben\u00edm, \u010d\u00edm zabezpe\u010duj\u00fa dlh\u00fa \u017eivotnos\u0165 a konzistentn\u00fd v\u00fdkon v priebehu \u010dasu.<\/p>\n<h3>Bezpe\u010dnos\u0165<\/h3>\n<p>Bezpe\u010dnostn\u00e9 prvky vr\u00e1tane pretlakov\u00fdch ventilov a ochrany proti pre\u0165a\u017eeniu s\u00fa pri kon\u0161trukcii hydraulick\u00fdch valcov nevyhnutn\u00e9. Tieto opatrenia pom\u00e1haj\u00fa predch\u00e1dza\u0165 katastrofick\u00fdm poruch\u00e1m, ktor\u00e9 by mohli vies\u0165 k nehod\u00e1m na pracovisku. Komplexn\u00e9 bezpe\u010dnostn\u00e9 testovanie a dodr\u017eiavanie priemyseln\u00fdch noriem s\u00fa po\u010das f\u00e1zy kon\u0161trukcie k\u013e\u00fa\u010dov\u00e9 pre zaistenie bezpe\u010dnosti pou\u017e\u00edvate\u013ea.<\/p>\n<h3>Udr\u017eiavate\u013enos\u0165<\/h3>\n<p>Navrhovanie pre hydraulick\u00e9 valce s oh\u013eadom na jednoduch\u00fa \u00fadr\u017ebu je nevyhnutn\u00e9. Funkcie, ako je jednoduch\u00fd pr\u00edstup k tesneniam a mazac\u00edm bodom, umo\u017e\u0148uj\u00fa r\u00fdchlu a efekt\u00edvnu \u00fadr\u017ebu, \u010d\u00edm sa minimalizuj\u00fa prestoje. Dobre navrhnut\u00fd protokol \u00fadr\u017eby prispieva k celkovej \u017eivotnosti a v\u00fdkonu zariadenia.<\/p>\n<p><img decoding=\"async\" src=\"https:\/\/www.hydraulic-cylinders.net\/wp-content\/uploads\/2025\/04\/songte-oil-pipes-and-spare-parts.webp\" alt=\"\u00dadr\u017eba hydraulick\u00e9ho valca\" \/><\/p>\n<h2>Tesnenie a mazanie<\/h2>\n<p>Tesnenie a mazanie hydraulick\u00fdch valcov s\u00fa k\u013e\u00fa\u010dov\u00e9 pre ich efekt\u00edvnu prev\u00e1dzku. Na udr\u017eanie tlaku a zabr\u00e1nenie \u00fanikom sa pou\u017e\u00edvaj\u00fa r\u00f4zne tesnenia vr\u00e1tane tesnen\u00ed piestov a tesnen\u00ed ty\u010d\u00ed. V\u00fdber materi\u00e1lov odoln\u00fdch vo\u010di opotrebovaniu, ako je polyuret\u00e1n a nitrilov\u00e1 guma, zvy\u0161uje odolnos\u0165 t\u00fdchto tesnen\u00ed. Okrem toho, teleso valca a z\u00e1vitov\u00e9 konce prech\u00e1dzaj\u00fa presn\u00fdm obr\u00e1ban\u00edm, aby sa zlep\u0161ila odolnos\u0165 vo\u010di opotrebovaniu.<\/p>\n<p>Pravideln\u00e9 mazanie je nevyhnutn\u00e9 pre optim\u00e1lny v\u00fdkon. Obsluha by mala pravidelne kontrolova\u0165 a dop\u013a\u0148a\u0165 hydraulick\u00fd olej, aby zabezpe\u010dila plynul\u00fd pohyb komponentov, \u010d\u00edm sa pred\u00edde zbyto\u010dn\u00e9mu opotrebovaniu a pred\u013a\u017ei sa \u017eivotnos\u0165 valca. Dobre udr\u017eiavan\u00fd mazac\u00ed syst\u00e9m zvy\u0161uje \u00fa\u010dinnos\u0165 a efekt\u00edvnos\u0165 hydraulick\u00fdch oper\u00e1ci\u00ed.<\/p>\n<h2>Pravideln\u00e1 \u00fadr\u017eba a prevent\u00edvne opatrenia<\/h2>\n<ul>\n<li><strong>Pravideln\u00e9 kontroly:<\/strong> Vykonajte d\u00f4kladn\u00e9 kontroly hydraulick\u00fdch valcov, \u010di nejavia zn\u00e1mky opotrebovania, netesnost\u00ed alebo po\u0161kodenia. V\u010dasn\u00e9 odhalenie probl\u00e9mov m\u00f4\u017ee pred\u00eds\u0165 z\u00e1va\u017enej\u0161\u00edm probl\u00e9mom v bud\u00facnosti.<\/li>\n<li><strong>Spr\u00e1vne mazanie:<\/strong> Uistite sa, \u017ee v\u0161etky pohybliv\u00e9 \u010dasti s\u00fa dostato\u010dne namazan\u00e9 vysokokvalitn\u00fdm hydraulick\u00fdm olejom. To pom\u00e1ha zni\u017eova\u0165 trenie a opotrebovanie a zabezpe\u010duje plynul\u00fd chod.<\/li>\n<li><strong>V\u00fdmena tesnenia:<\/strong> Pravidelne kontrolujte opotrebovanie tesnen\u00ed a v pr\u00edpade potreby ich vyme\u0148te. To je nevyhnutn\u00e9 na zabr\u00e1nenie \u00fanikom a udr\u017eanie hydraulick\u00e9ho tlaku.<\/li>\n<\/ul>\n<h2>Pokyny na in\u0161tal\u00e1ciu<\/h2>\n<p>Pri in\u0161tal\u00e1cii hydraulick\u00fdch valcov dodr\u017eiavajte tieto pokyny, aby ste zabezpe\u010dili spr\u00e1vnu funk\u010dnos\u0165:<\/p>\n<ol>\n<li><strong>Zarovnanie:<\/strong> Zabezpe\u010dte spr\u00e1vne zarovnanie valca s mont\u00e1\u017enymi bodmi. Nespr\u00e1vne zarovnanie m\u00f4\u017ee sp\u00f4sobi\u0165 pred\u010dasn\u00e9 opotrebenie a po\u0161kodenie.<\/li>\n<li><strong>Mont\u00e1\u017ena podpora:<\/strong> Na bezpe\u010dn\u00e9 upevnenie valca pou\u017eite vhodn\u00e9 mont\u00e1\u017ene konzoly. To zais\u0165uje stabilitu a zabra\u0148uje pohybu po\u010das prev\u00e1dzky.<\/li>\n<li><strong>Hydraulick\u00e9 pripojenia:<\/strong> Uistite sa, \u017ee v\u0161etky hydraulick\u00e9 potrubia s\u00fa bezpe\u010dne pripojen\u00e9 a netesn\u00e9. Pred pou\u017eit\u00edm syst\u00e9m otestujte, aby ste sa uistili, \u017ee v\u0161etko funguje spr\u00e1vne.<\/li>\n<li><strong>Z\u00e1vere\u010dn\u00e9 kontroly:<\/strong> Vykonajte d\u00f4kladn\u00fa kontrolu in\u0161tal\u00e1cie a uistite sa, \u017ee v\u0161etky skrutky a spoje s\u00fa utiahnut\u00e9 pod\u013ea \u0161pecifik\u00e1ci\u00ed v\u00fdrobcu.<\/li>\n<\/ol>\n<h2>Be\u017en\u00e9 \u00falohy \u00fadr\u017eby<\/h2>\n<ul>\n<li><strong>Pravideln\u00e9 kontroly:<\/strong> \u010cast\u00e9 kontroly hydraulick\u00e9ho syst\u00e9mu, \u010di nevykazuje netesnosti, opotrebovanie alebo in\u00e9 probl\u00e9my, s\u00fa nevyhnutn\u00e9. Pravideln\u00e9 kontroly pom\u00e1haj\u00fa identifikova\u0165 potenci\u00e1lne probl\u00e9my sk\u00f4r, ako sa zhor\u0161ia.<\/li>\n<li><strong>Vhodn\u00e9 mazanie:<\/strong> Zabezpe\u010dte, aby boli mazacie miesta dostato\u010dne mazan\u00e9 spr\u00e1vnym typom hydraulick\u00e9ho oleja. Spr\u00e1vne mazanie je k\u013e\u00fa\u010dov\u00e9 pre udr\u017eanie \u00fa\u010dinnosti a \u017eivotnosti hydraulick\u00e9ho valca.<\/li>\n<li><strong>V\u00fdmena tesnenia a kontroly kalibr\u00e1cie:<\/strong> Pravidelne vymie\u0148ajte tesnenia a kalibrujte syst\u00e9m, aby ste zabezpe\u010dili presn\u00fa prev\u00e1dzku. T\u00fdm sa zabr\u00e1ni strate tlaku a zv\u00fd\u0161i sa jeho v\u00fdkon.<\/li>\n<\/ul>\n<h2>Bezpe\u010dnostn\u00e9 aspekty<\/h2>\n<p>Pri pou\u017e\u00edvan\u00ed hydraulick\u00fdch valcov s\u00fa bezpe\u010dnostn\u00e9 opatrenia k\u013e\u00fa\u010dov\u00e9. Obsluha by mala by\u0165 vy\u0161kolen\u00e1 v spr\u00e1vnom pou\u017e\u00edvan\u00ed a manipul\u00e1cii s hydraulick\u00fdmi syst\u00e9mami, aby sa predi\u0161lo nehod\u00e1m. Okrem toho by sa mala vykon\u00e1va\u0165 pravideln\u00e1 \u00fadr\u017eba a kontroly, aby sa zabezpe\u010dilo bezpe\u010dn\u00e9 fungovanie syst\u00e9mov. Na minimaliz\u00e1ciu riz\u00edk spojen\u00fdch s poruchami hydraulick\u00fdch syst\u00e9mov sa odpor\u00fa\u010da aj pou\u017e\u00edvanie osobn\u00fdch ochrann\u00fdch prostriedkov (OOP).<\/p>\n<h2>Diagnostika por\u00fach a be\u017en\u00e9 probl\u00e9my<\/h2>\n<ul>\n<li><strong>\u00danik:<\/strong> Jeden z naj\u010dastej\u0161\u00edch probl\u00e9mov, \u010dasto sp\u00f4soben\u00fd opotrebovan\u00fdmi tesneniami. Okam\u017eit\u00e1 kontrola a v\u00fdmena tesnen\u00ed je nevyhnutn\u00e1, aby sa predi\u0161lo strate hydraulick\u00e9ho tlaku.<\/li>\n<li><strong>Pomal\u00e1 prev\u00e1dzka:<\/strong> M\u00f4\u017ee to znamena\u0165 nedostato\u010dn\u00e9 mno\u017estvo hydraulickej kvapaliny alebo vzduch zachyten\u00fd v syst\u00e9me. Skontrolujte hladiny kvapal\u00edn a v pr\u00edpade potreby syst\u00e9m odvzdu\u0161nite.<\/li>\n<li><strong>Prehriatie:<\/strong> Nadmern\u00e9 teplo m\u00f4\u017ee by\u0165 znakom pre\u0165a\u017eenia alebo nedostato\u010dn\u00e9ho mazania. Pravidelne monitorujte teplotu a zabezpe\u010dte spr\u00e1vne mazanie.<\/li>\n<\/ul>\n<h2>Tipy na rie\u0161enie probl\u00e9mov<\/h2>\n<p>Pre efekt\u00edvnu diagnostiku a rie\u0161enie probl\u00e9mov s hydraulick\u00fdmi valcami zv\u00e1\u017ete nasleduj\u00face tipy:<\/p>\n<ul>\n<li>Pravidelne kontrolujte hladiny kvapal\u00edn a pod\u013ea potreby ich dop\u013a\u0148ajte. N\u00edzke hladiny kvapal\u00edn m\u00f4\u017eu vies\u0165 k nedostato\u010dn\u00e9mu tlaku a prev\u00e1dzkovej neefekt\u00edvnosti.<\/li>\n<li>Monitorujte v\u00fdkon hydraulick\u00e9ho syst\u00e9mu. Ak\u00e9ko\u013evek nezvy\u010dajn\u00e9 zvuky alebo zmeny v prev\u00e1dzke by mali by\u0165 okam\u017eite pre\u0161etren\u00e9.<\/li>\n<li>Zav\u00e1dzajte prevent\u00edvne opatrenia \u00fadr\u017eby vr\u00e1tane pravideln\u00fdch kontrol, mazania a v\u010dasnej v\u00fdmeny tesnen\u00ed, aby ste minimalizovali potenci\u00e1lne probl\u00e9my.<\/li>\n<\/ul>\n<p><img decoding=\"async\" src=\"https:\/\/www.hydraulic-cylinders.net\/wp-content\/uploads\/2025\/04\/songte-bushings-with-all-kinds-of-excavator-models.webp\" alt=\"Rie\u0161enie probl\u00e9mov s hydraulick\u00fdmi valcami\" \/><\/p>\n<h2>Preh\u013ead spolo\u010dnosti<\/h2>\n<p>Sme popredn\u00fdm v\u00fdrobcom n\u00e1hradn\u00fdch hydraulick\u00fdch valcov a pon\u00fakame \u0161irok\u00fd sortiment produktov na dom\u00e1com aj medzin\u00e1rodnom trhu. N\u00e1\u0161 z\u00e1v\u00e4zok k excelentnosti a presnej v\u00fdrobe zaru\u010duje, \u017ee sp\u013a\u0148ame rozmanit\u00e9 potreby na\u0161ich klientov. So zameran\u00edm na vysoko kvalitn\u00fa v\u00fdrobu pou\u017e\u00edvame pokro\u010dil\u00e9 v\u00fdrobn\u00e9 techniky a kvalifikovan\u00fa pracovn\u00fa silu na zlep\u0161enie na\u0161ich schopnost\u00ed.<\/p>\n<p>Na\u0161e produkty s\u00fa certifikovan\u00e9 odbornou certifik\u00e1ciou a pon\u00fakame slu\u017eby na mieru, ktor\u00e9 sp\u013a\u0148aj\u00fa \u0161pecifick\u00e9 po\u017eiadavky z\u00e1kazn\u00edkov. Na\u0161e v\u00fdrobn\u00e9 zariadenia s\u00fa vybaven\u00e9 najmodernej\u0161\u00edmi strojmi a komplexn\u00fdm syst\u00e9mom kontroly kvality, \u010do zabezpe\u010duje, \u017ee ka\u017ed\u00fd produkt sp\u013a\u0148a pr\u00edsne \u0161tandardy. Okrem toho poskytujeme v\u00fdnimo\u010dn\u00fa popredajn\u00fa podporu, \u010d\u00edm zabezpe\u010dujeme spokojnos\u0165 z\u00e1kazn\u00edkov a dlhodob\u00e9 partnerstv\u00e1.<\/p>\n<p><img decoding=\"async\" src=\"https:\/\/www.hydraulic-cylinders.net\/wp-content\/uploads\/2025\/04\/songte-company-4.webp\" alt=\"Preh\u013ead spolo\u010dnosti\" \/><br \/>\n<img decoding=\"async\" src=\"https:\/\/www.hydraulic-cylinders.net\/wp-content\/uploads\/2025\/04\/songte-company-3.webp\" alt=\"Na\u0161e v\u00fdrobn\u00e9 zariadenia\" \/><\/p>\n<p>Autor: lyl<\/p>","protected":false},"excerpt":{"rendered":"<p>Boom Cylinder For Caterpillar Large Excavator E349DZ Product Overview The Boom Cylinder for Caterpillar Large Excavator E349DZ is a specialized hydraulic cylinder designed to control the movement of the boom on heavy machinery. This apparatus is crucial in the efficient handling of materials in various applications, making it essential for operators in construction, agriculture, and [&hellip;]<\/p>","protected":false},"featured_media":17874,"comment_status":"open","ping_status":"closed","template":"","meta":{"_et_pb_use_builder":"","_et_pb_old_content":"","_et_gb_content_width":""},"product_brand":[],"product_cat":[1546],"product_tag":[1547,1496],"class_list":{"0":"post-18962","1":"product","2":"type-product","3":"status-publish","4":"has-post-thumbnail","6":"product_cat-boom-cylinders","7":"product_tag-boom-cylinders","8":"product_tag-hydraulic-cylinders","10":"first","11":"instock","12":"shipping-taxable","13":"product-type-simple"},"amp_enabled":true,"_links":{"self":[{"href":"https:\/\/www.hydraulic-cylinders.net\/sk\/wp-json\/wp\/v2\/product\/18962","targetHints":{"allow":["GET"]}}],"collection":[{"href":"https:\/\/www.hydraulic-cylinders.net\/sk\/wp-json\/wp\/v2\/product"}],"about":[{"href":"https:\/\/www.hydraulic-cylinders.net\/sk\/wp-json\/wp\/v2\/types\/product"}],"replies":[{"embeddable":true,"href":"https:\/\/www.hydraulic-cylinders.net\/sk\/wp-json\/wp\/v2\/comments?post=18962"}],"wp:featuredmedia":[{"embeddable":true,"href":"https:\/\/www.hydraulic-cylinders.net\/sk\/wp-json\/wp\/v2\/media\/17874"}],"wp:attachment":[{"href":"https:\/\/www.hydraulic-cylinders.net\/sk\/wp-json\/wp\/v2\/media?parent=18962"}],"wp:term":[{"taxonomy":"product_brand","embeddable":true,"href":"https:\/\/www.hydraulic-cylinders.net\/sk\/wp-json\/wp\/v2\/product_brand?post=18962"},{"taxonomy":"product_cat","embeddable":true,"href":"https:\/\/www.hydraulic-cylinders.net\/sk\/wp-json\/wp\/v2\/product_cat?post=18962"},{"taxonomy":"product_tag","embeddable":true,"href":"https:\/\/www.hydraulic-cylinders.net\/sk\/wp-json\/wp\/v2\/product_tag?post=18962"}],"curies":[{"name":"pracovn\u00fd list","href":"https:\/\/api.w.org\/{rel}","templated":true}]}}