{"id":18965,"date":"2025-04-07T06:04:34","date_gmt":"2025-04-07T06:04:34","guid":{"rendered":"https:\/\/www.hydraulic-cylinders.net\/product\/boom-cylinder-for-caterpillar-large-excavator-e328dlc\/"},"modified":"2025-04-07T06:04:37","modified_gmt":"2025-04-07T06:04:37","slug":"boom-cylinder-for-caterpillar-large-excavator-e328dlc","status":"publish","type":"product","link":"https:\/\/www.hydraulic-cylinders.net\/sk\/produkt\/boom-cylinder-for-caterpillar-large-excavator-e328dlc\/","title":{"rendered":"Valec v\u00fdlo\u017en\u00edka pre ve\u013ek\u00e9 r\u00fdpadlo Caterpillar E328DLC"},"content":{"rendered":"<h1>Valec v\u00fdlo\u017en\u00edka pre ve\u013ek\u00e9 r\u00fdpadlo Caterpillar E328DLC<\/h1>\n<h2>\u00davod do valca v\u00fdlo\u017en\u00edka<\/h2>\n<p>Hydraulick\u00fd valec v\u00fdlo\u017en\u00edka je z\u00e1kladnou s\u00fa\u010das\u0165ou hydraulick\u00fdch syst\u00e9mov, najm\u00e4 vo ve\u013ek\u00fdch r\u00fdpadl\u00e1ch, ako je Caterpillar E328DLC. Tento hydraulick\u00fd valec je \u0161peci\u00e1lne navrhnut\u00fd na ovl\u00e1danie pohybu v\u00fdlo\u017en\u00edka, \u010do umo\u017e\u0148uje zdv\u00edhanie, sp\u00fa\u0161\u0165anie a nakl\u00e1\u0148anie ramena r\u00fdpadla. Efekt\u00edvna prev\u00e1dzka valca v\u00fdlo\u017en\u00edka je k\u013e\u00fa\u010dov\u00e1 pre vykon\u00e1vanie r\u00f4znych \u00faloh manipul\u00e1cie s materi\u00e1lom, v\u010faka \u010domu je nevyhnutnou s\u00fa\u010das\u0165ou \u0165a\u017ek\u00fdch strojov.<\/p>\n<p><img decoding=\"async\" src=\"https:\/\/www.hydraulic-cylinders.net\/wp-content\/uploads\/2025\/04\/songte-company-1.webp\" alt=\"Obr\u00e1zok valca v\u00fdlo\u017en\u00edka\" \/><\/p>\n<h3>Preh\u013ead valcov v\u00fdlo\u017en\u00edka v hydraulick\u00fdch syst\u00e9moch<\/h3>\n<p>V hydraulick\u00fdch syst\u00e9moch funguje valec v\u00fdlo\u017en\u00edka ako multiplik\u00e1tor sily, ktor\u00fd vyu\u017e\u00edva tlak hydraulickej kvapaliny na vytvorenie line\u00e1rneho pohybu. To umo\u017e\u0148uje r\u00fdpadlu vykon\u00e1va\u0165 \u00falohy, ako je kopanie, zdv\u00edhanie \u0165a\u017ek\u00fdch bremien a presn\u00e9 man\u00e9vrovanie. Tlak hydraulickej kvapaliny umo\u017e\u0148uje plynul\u00fa a efekt\u00edvnu prev\u00e1dzku, \u010do je nevyhnutn\u00e9 pre n\u00e1ro\u010dn\u00e9 aplik\u00e1cie. Valec v\u00fdlo\u017en\u00edka, navrhnut\u00fd pre odolnos\u0165 a spo\u013eahlivos\u0165, umo\u017e\u0148uje obsluhe \u013eahko vykon\u00e1va\u0165 zlo\u017eit\u00e9 \u00falohy, v\u010faka \u010domu je k\u013e\u00fa\u010dov\u00fdm komponentom v stavebn\u00edctve a banskom priemysle.<\/p>\n<h2>Vlastnosti valca v\u00fdlo\u017en\u00edka<\/h2>\n<ul>\n<li><strong>Vysok\u00e1 pevnos\u0165 a odolnos\u0165:<\/strong> Valec v\u00fdlo\u017en\u00edka je vyroben\u00fd z vysokopevnostnej ocele alebo hlin\u00edka a je schopn\u00fd odol\u00e1va\u0165 vysok\u00e9mu tlaku a \u0165a\u017ek\u00fdm za\u0165a\u017eeniam. Jeho kon\u0161trukcia zoh\u013ead\u0148uje odolnos\u0165 proti opotrebovaniu a kor\u00f3zii, \u010do zais\u0165uje dlh\u0161iu \u017eivotnos\u0165 v n\u00e1ro\u010dn\u00fdch pracovn\u00fdch podmienkach.<\/li>\n<li><strong>Efekt\u00edvna hydraulick\u00e1 prev\u00e1dzka:<\/strong> Tento valec vyu\u017e\u00edva hydraulick\u00fd tlak kvapaliny a zais\u0165uje plynul\u00e9 vys\u00favanie a zas\u00favanie, \u010d\u00edm vytv\u00e1ra siln\u00e9 tla\u010dn\u00e9 a \u0165ahov\u00e9 sily. Je obzvl\u00e1\u0161\u0165 \u00fa\u010dinn\u00fd pri manipul\u00e1cii s \u0165a\u017ek\u00fdmi predmetmi a pri zlo\u017eit\u00fdch prev\u00e1dzkov\u00fdch \u00faloh\u00e1ch.<\/li>\n<li><strong>R\u00f4zne typy:<\/strong> Valec v\u00fdlo\u017en\u00edka je k dispoz\u00edcii v jedno\u010dinnom (prev\u00e1dzkovom v jednom smere) alebo dvoj\u010dinnom (prev\u00e1dzkovom v oboch smeroch) preveden\u00ed a je mo\u017en\u00e9 ho prisp\u00f4sobi\u0165 r\u00f4znym prev\u00e1dzkov\u00fdm po\u017eiadavk\u00e1m. Niektor\u00e9 modely maj\u00fa teleskopick\u00fa kon\u0161trukciu, ktor\u00e1 umo\u017e\u0148uje v\u00e4\u010d\u0161ie vysunutie bez zv\u00e4\u010d\u0161enia vonkaj\u0161\u00edch rozmerov, \u010do je ide\u00e1lne pre aplik\u00e1cie s obmedzen\u00fdm priestorom.<\/li>\n<\/ul>\n<h3>Na\u0161e v\u00fdrobn\u00e9 kapacity<\/h3>\n<p>\u0160pecializujeme sa na v\u00fdrobu vysoko kvalitn\u00fdch hydraulick\u00fdch valcov v\u00fdlo\u017en\u00edka, ktor\u00e9 dokonale nahr\u00e1dzaj\u00fa existuj\u00face hydraulick\u00e9 valce v r\u00f4znych aplik\u00e1ci\u00e1ch.<\/p>\n<p><img decoding=\"async\" src=\"https:\/\/www.hydraulic-cylinders.net\/wp-content\/uploads\/2025\/04\/songte-cylinder-head-with-all-kinds-excavator-models.webp\" alt=\"Hlava valcov pre bagre\" \/><\/p>\n<h2>Aplik\u00e1cie valca ramena<\/h2>\n<h3>Stavebn\u00e9 stroje<\/h3>\n<p>V r\u00fdpadl\u00e1ch s\u00fa valce v\u00fdlo\u017en\u00edka nevyhnutn\u00e9 pre kopanie, nakladanie a premiest\u0148ovanie zeminy alebo sutiny. Ich schopnos\u0165 u\u013eah\u010di\u0165 kopanie aj zdv\u00edhanie ich rob\u00ed nevyhnutn\u00fdmi pre stavebn\u00e9 projekty, kde je prvorad\u00e1 efektivita a presnos\u0165.<\/p>\n<h3>Po\u013enohospod\u00e1rske stroje<\/h3>\n<p>Pou\u017e\u00edvan\u00e9 v \u010deln\u00fdch naklada\u010doch, valce v\u00fdlo\u017en\u00edka s\u00fa nevyhnutn\u00e9 na naberanie, zdv\u00edhanie a prepravu zeminy, sena a in\u00fdch materi\u00e1lov. V\u0161estrannos\u0165 t\u00fdchto valcov umo\u017e\u0148uje po\u013enohospod\u00e1rom efekt\u00edvne zvl\u00e1da\u0165 r\u00f4zne \u00falohy a zvy\u0161ova\u0165 produktivitu v po\u013enohospod\u00e1rskych prev\u00e1dzkach.<\/p>\n<h3>R\u00fdpadl\u00e1<\/h3>\n<p>Valce v\u00fdlo\u017en\u00edka umo\u017e\u0148uj\u00fa r\u00fdpadl\u00e1m efekt\u00edvne prenika\u0165 do zeme, \u010do umo\u017e\u0148uje efekt\u00edvne kopanie. Ich kon\u0161trukcia zais\u0165uje maxim\u00e1lne vynalo\u017eenie sily, v\u010faka \u010domu s\u00fa vhodn\u00e9 pre r\u00f4zne typy p\u00f4dy a podmienky.<\/p>\n<h3>Naklada\u010de<\/h3>\n<p>V \u010deln\u00fdch naklada\u010doch pom\u00e1haj\u00fa valce v\u00fdlo\u017en\u00edka efekt\u00edvne zdv\u00edha\u0165 a vyklada\u0165 bremena. Ich spo\u013eahliv\u00fd v\u00fdkon zais\u0165uje r\u00fdchle \u010dasy obratu pri nakladan\u00ed a vykladan\u00ed, \u010do je k\u013e\u00fa\u010dov\u00e9 v ru\u0161nom pracovnom prostred\u00ed.<\/p>\n<h2>\u00davahy o dizajne a krit\u00e9ri\u00e1 v\u00fdberu<\/h2>\n<h3>Nosnos\u0165<\/h3>\n<p>Pri v\u00fdbere valca v\u00fdlo\u017en\u00edka je nosnos\u0165 k\u013e\u00fa\u010dov\u00e1. Ur\u010duje, ak\u00fa hmotnos\u0165 dok\u00e1\u017ee valec efekt\u00edvne zvl\u00e1dnu\u0165 po\u010das prev\u00e1dzky. Kon\u0161trukcia mus\u00ed zodpoveda\u0165 maxim\u00e1lnemu potenci\u00e1lnemu za\u0165a\u017eeniu, s ktor\u00fdm sa stret\u00e1vame v konkr\u00e9tnych aplik\u00e1ci\u00e1ch, a zabezpe\u010dova\u0165 tak bezpe\u010dnos\u0165 a \u00fa\u010dinnos\u0165.<\/p>\n<h3>Tesniaci v\u00fdkon<\/h3>\n<p>\u00da\u010dinn\u00e9 tesnenie je nevyhnutn\u00e9 na zabr\u00e1nenie \u00fanikom hydraulickej kvapaliny, ktor\u00e9 m\u00f4\u017eu ohrozi\u0165 \u00fa\u010dinnos\u0165 a bezpe\u010dnos\u0165 syst\u00e9mu. Na udr\u017eanie tlaku a funk\u010dnosti po\u010das dlh\u00e9ho obdobia, a to aj v n\u00e1ro\u010dn\u00fdch podmienkach, sa musia pou\u017e\u00edva\u0165 vysokokvalitn\u00e9 tesnenia.<\/p>\n<h3>Trvanlivos\u0165<\/h3>\n<p>Trvanlivos\u0165 je d\u00f4le\u017eit\u00fdm faktorom pri kon\u0161trukcii valcov v\u00fdlo\u017en\u00edka. Musia odol\u00e1va\u0165 opotrebovaniu a po\u0161kodeniu sp\u00f4soben\u00e9mu neust\u00e1lym pou\u017e\u00edvan\u00edm v n\u00e1ro\u010dn\u00fdch podmienkach. Materi\u00e1ly a n\u00e1tery pou\u017eit\u00e9 pri kon\u0161trukcii zohr\u00e1vaj\u00fa k\u013e\u00fa\u010dov\u00fa \u00falohu pri zvy\u0161ovan\u00ed \u017eivotnosti a spo\u013eahlivosti.<\/p>\n<h2>Utesnenie a mazanie valca v\u00fdlo\u017en\u00edka<\/h2>\n<p>Spr\u00e1vne tesnenie a mazanie s\u00fa nevyhnutn\u00e9 pre udr\u017eanie funk\u010dnosti valcov v\u00fdlo\u017en\u00edka. Na zabezpe\u010denie tesn\u00e9ho uzavretia a zabr\u00e1nenie \u00fanikom sa pou\u017e\u00edvaj\u00fa r\u00f4zne typy tesnen\u00ed, ako s\u00fa piestov\u00e9 tesnenia a tesnenia ty\u010d\u00ed. Tesnenia vyroben\u00e9 z odoln\u00fdch materi\u00e1lov, ako je polyuret\u00e1n a nitrilov\u00e1 guma, poskytuj\u00fa odolnos\u0165 vo\u010di opotrebovaniu a environment\u00e1lnym faktorom.<\/p>\n<p>Teleso valca a z\u00e1vitov\u00e9 povrchy prech\u00e1dzaj\u00fa jemn\u00fdm opracovan\u00edm, aby sa zv\u00fd\u0161ila odolnos\u0165 proti opotrebovaniu, pri\u010dom pravideln\u00e9 mazanie hydraulick\u00fdm olejom je nevyhnutn\u00e9 pre hladk\u00fd chod. Pravideln\u00e9 kontroly s\u00fa potrebn\u00e9 na zabezpe\u010denie neporu\u0161enosti a spr\u00e1vnej funkcie tesnen\u00ed.<\/p>\n<h2>Opatrenia prevent\u00edvnej \u00fadr\u017eby<\/h2>\n<ul>\n<li><strong>Pravideln\u00e9 kontroly:<\/strong> Vykon\u00e1vajte pravideln\u00e9 kontroly, aby ste identifikovali opotrebovanie alebo po\u0161kodenie sk\u00f4r, ako sa premenia na z\u00e1va\u017en\u00e9 probl\u00e9my.<\/li>\n<li><strong>Spr\u00e1vne mazanie:<\/strong> Zabezpe\u010dte, aby bol valec dostato\u010dne namazan\u00fd hydraulick\u00fdm olejom, aby sa zabezpe\u010dila hladk\u00e1 prev\u00e1dzka a zabr\u00e1nilo sa opotrebovaniu.<\/li>\n<li><strong>V\u00fdmena tesnenia:<\/strong> Pravidelne kontrolujte a vymie\u0148ajte tesnenia, aby ste udr\u017eali tlak a v\u00fdkon.<\/li>\n<\/ul>\n<h2>Pokyny na in\u0161tal\u00e1ciu valca ramena<\/h2>\n<p>Spr\u00e1vna in\u0161tal\u00e1cia je rozhoduj\u00faca pre funk\u010dnos\u0165 valca ramena. Za\u010dnite t\u00fdm, \u017ee sa uist\u00edte, \u017ee mont\u00e1\u017ene povrchy s\u00fa \u010dist\u00e9 a bez ne\u010dist\u00f4t. Valec presne zarovnajte s mont\u00e1\u017enymi konzolami pomocou vhodn\u00fdch mont\u00e1\u017enych pr\u00edpravkov na jeho upevnenie. Je nevyhnutn\u00e9 utiahnu\u0165 skrutky pod\u013ea \u0161pecifik\u00e1ci\u00ed v\u00fdrobcu, aby ste predi\u0161li ak\u00e9muko\u013evek nespr\u00e1vnemu zarovnaniu alebo nadmern\u00e9mu nam\u00e1haniu valca. Nakoniec pripojte hydraulick\u00e9 potrubia a pred prev\u00e1dzkou sa uistite, \u017ee nie s\u00fa \u017eiadne netesnosti.<\/p>\n<h2>Be\u017en\u00e9 \u00falohy \u00fadr\u017eby<\/h2>\n<ul>\n<li><strong>Pravideln\u00e9 kontroly:<\/strong> Napl\u00e1nujte si pravideln\u00e9 kontroly stavu valca a h\u013eadajte zn\u00e1mky opotrebovania alebo \u00faniku kvapaliny.<\/li>\n<li><strong>Vhodn\u00e9 mazanie:<\/strong> Valec pravidelne nama\u017ete, aby ste zachovali jeho prev\u00e1dzkov\u00fa \u00fa\u010dinnos\u0165 a predi\u0161li treniu a opotrebovaniu.<\/li>\n<li><strong>V\u00fdmena a kalibr\u00e1cia tesnenia:<\/strong> Sledujte opotrebovanie tesnen\u00ed a v pr\u00edpade potreby ich vyme\u0148te, aby ste zabezpe\u010dili, \u017ee syst\u00e9m zostane pod tlakom a funk\u010dn\u00fd.<\/li>\n<\/ul>\n<h2>Bezpe\u010dnostn\u00e9 aspekty a faktory prostredia<\/h2>\n<p>Pri pou\u017e\u00edvan\u00ed hydraulick\u00fdch valcov ramena je dodr\u017eiavanie bezpe\u010dnostn\u00fdch protokolov prvorad\u00e9. Obsluha by mala by\u0165 vy\u0161kolen\u00e1 v bezpe\u010dn\u00fdch manipula\u010dn\u00fdch postupoch a mala by rozumie\u0165 potenci\u00e1lnym rizik\u00e1m hydraulick\u00fdch syst\u00e9mov. Spr\u00e1vna \u00fadr\u017eba a kontroly tie\u017e prispievaj\u00fa k ochrane \u017eivotn\u00e9ho prostredia minimaliz\u00e1ciou \u00fanikov a rozliatia, ktor\u00e9 by mohli po\u0161kodi\u0165 ekosyst\u00e9m.<\/p>\n<h2>Rie\u0161enie probl\u00e9mov a be\u017en\u00e9 probl\u00e9my<\/h2>\n<ul>\n<li><strong>\u00daniky hydraulickej kvapaliny:<\/strong> Skontrolujte tesnenia a spoje, ak sa vyskytn\u00fa zn\u00e1mky \u00faniku kvapaliny, preto\u017ee to m\u00f4\u017ee nazna\u010dova\u0165 opotrebovan\u00e9 tesnenia alebo nespr\u00e1vne spoje.<\/li>\n<li><strong>Nekonzistentn\u00fd pohyb valca:<\/strong> Skontrolujte, \u010di nie s\u00fa v hydraulick\u00fdch potrubiach upchat\u00e9 alebo \u010di nie je n\u00edzka hladina kvapaliny, \u010do by mohlo ovplyvni\u0165 v\u00fdkon valca.<\/li>\n<li><strong>Nezvy\u010dajn\u00e9 zvuky:<\/strong> Ak valec po\u010das prev\u00e1dzky vyd\u00e1va nezvy\u010dajn\u00e9 zvuky, m\u00f4\u017ee to znamena\u0165 vn\u00fatorn\u00e9 po\u0161kodenie alebo nedostato\u010dn\u00e9 mazanie.<\/li>\n<\/ul>\n<h2>Tipy pre efekt\u00edvnu diagnostiku por\u00fach<\/h2>\n<p>Aby sa efekt\u00edvne diagnostikovali a rie\u0161ili probl\u00e9my s valcom v\u00fdlo\u017en\u00edka, oper\u00e1tori by mali postupova\u0165 systematicky. Pravideln\u00e9 monitorovanie v\u00fdkonu syst\u00e9mu m\u00f4\u017ee pom\u00f4c\u0165 v\u010das identifikova\u0165 potenci\u00e1lne probl\u00e9my. Implement\u00e1cia prevent\u00edvnych opatren\u00ed, ako je be\u017en\u00e1 \u00fadr\u017eba a spr\u00e1vne mazanie, minimalizuje pravdepodobnos\u0165 vzniku z\u00e1va\u017en\u00fdch probl\u00e9mov. Vedenie z\u00e1znamov o \u010dinnostiach \u00fadr\u017eby a sympt\u00f3moch m\u00f4\u017ee pom\u00f4c\u0165 pri odstra\u0148ovan\u00ed probl\u00e9mov, \u010d\u00edm sa zabezpe\u010d\u00ed efekt\u00edvna prev\u00e1dzka a dlh\u00e1 \u017eivotnos\u0165 zariadenia.<\/p>\n<p><img decoding=\"async\" src=\"https:\/\/www.hydraulic-cylinders.net\/wp-content\/uploads\/2025\/04\/songte-bushings-with-all-kinds-of-excavator-models.webp\" alt=\"Puzdr\u00e1 pre modely r\u00fdpadiel\" \/><\/p>\n<h2>O na\u0161ej spolo\u010dnosti<\/h2>\n<p>Sme popredn\u00fdm v\u00fdrobcom n\u00e1hradn\u00fdch hydraulick\u00fdch valcov a poskytujeme komplexn\u00fd sortiment produktov, ktor\u00e9 uspokoja dom\u00e1ci aj medzin\u00e1rodn\u00fd trh. N\u00e1\u0161 z\u00e1v\u00e4zok k excelentnosti sa prejavuje v na\u0161ich prepracovan\u00fdch v\u00fdrobn\u00fdch procesoch, kvalifikovanej pracovnej sile a pokro\u010dil\u00fdch strat\u00e9gi\u00e1ch riadenia v\u00fdroby. Vyu\u017e\u00edvame najmodernej\u0161ie technol\u00f3gie a pr\u00edsne syst\u00e9my kontroly kvality na zlep\u0161enie na\u0161ich v\u00fdrobn\u00fdch kapac\u00edt, \u010d\u00edm zabezpe\u010dujeme, \u017ee sp\u013a\u0148ame rozmanit\u00e9 potreby z\u00e1kazn\u00edkov s presnos\u0165ou a efekt\u00edvnos\u0165ou.<\/p>\n<h3>\u0160pecializ\u00e1cia a certifik\u00e1cia<\/h3>\n<p>Na\u0161a spolo\u010dnos\u0165 sa p\u00fd\u0161i t\u00fdm, \u017ee pon\u00faka slu\u017eby na mieru prisp\u00f4soben\u00e9 jedine\u010dn\u00fdm po\u017eiadavk\u00e1m na\u0161ich klientov. Sme dr\u017eite\u013emi r\u00f4znych medzin\u00e1rodn\u00fdch certifik\u00e1tov, ktor\u00e9 potvrdzuj\u00fa n\u00e1\u0161 z\u00e1v\u00e4zok ku kvalite a spo\u013eahlivosti na\u0161ich produktov.<\/p>\n<h3>V\u00fdrobn\u00e9 zariadenia a popredajn\u00fd servis<\/h3>\n<p>V\u010faka najmodernej\u0161ej v\u00fdrobnej technol\u00f3gii sme schopn\u00ed vyr\u00e1ba\u0165 vysoko kvalitn\u00e9 hydraulick\u00e9 valce za konkurencieschopn\u00e9 ceny. N\u00e1\u0161 \u0161pecializovan\u00fd popredajn\u00fd servis zabezpe\u010duje, \u017ee klienti dostan\u00fa konzistentn\u00fa podporu a poradenstvo po\u010das cel\u00e9ho \u017eivotn\u00e9ho cyklu svojich produktov.<\/p>\n<p><img decoding=\"async\" src=\"https:\/\/www.hydraulic-cylinders.net\/wp-content\/uploads\/2025\/04\/songte-company-4.webp\" alt=\"V\u00fdrobn\u00e9 zariadenie spolo\u010dnosti\" \/><br \/>\n<img decoding=\"async\" src=\"https:\/\/www.hydraulic-cylinders.net\/wp-content\/uploads\/2025\/04\/songte-company-3.webp\" alt=\"Certifik\u00e1cia a kvalita spolo\u010dnosti\" \/><\/p>\n<p>Autor: lyl<\/p>","protected":false},"excerpt":{"rendered":"<p>Boom Cylinder For Caterpillar Large Excavator E328DLC Introduction to Boom Cylinder The boom cylinder is an essential component of hydraulic systems, particularly in large excavators like the Caterpillar E328DLC. This hydraulic cylinder is specifically designed to control the movement of the boom, allowing for the lifting, lowering, and tilting of the excavator&#8217;s arm. The efficient [&hellip;]<\/p>","protected":false},"featured_media":17877,"comment_status":"open","ping_status":"closed","template":"","meta":{"_et_pb_use_builder":"","_et_pb_old_content":"","_et_gb_content_width":""},"product_brand":[],"product_cat":[1546],"product_tag":[1547,1496],"class_list":{"0":"post-18965","1":"product","2":"type-product","3":"status-publish","4":"has-post-thumbnail","6":"product_cat-boom-cylinders","7":"product_tag-boom-cylinders","8":"product_tag-hydraulic-cylinders","10":"first","11":"instock","12":"shipping-taxable","13":"product-type-simple"},"amp_enabled":true,"_links":{"self":[{"href":"https:\/\/www.hydraulic-cylinders.net\/sk\/wp-json\/wp\/v2\/product\/18965","targetHints":{"allow":["GET"]}}],"collection":[{"href":"https:\/\/www.hydraulic-cylinders.net\/sk\/wp-json\/wp\/v2\/product"}],"about":[{"href":"https:\/\/www.hydraulic-cylinders.net\/sk\/wp-json\/wp\/v2\/types\/product"}],"replies":[{"embeddable":true,"href":"https:\/\/www.hydraulic-cylinders.net\/sk\/wp-json\/wp\/v2\/comments?post=18965"}],"wp:featuredmedia":[{"embeddable":true,"href":"https:\/\/www.hydraulic-cylinders.net\/sk\/wp-json\/wp\/v2\/media\/17877"}],"wp:attachment":[{"href":"https:\/\/www.hydraulic-cylinders.net\/sk\/wp-json\/wp\/v2\/media?parent=18965"}],"wp:term":[{"taxonomy":"product_brand","embeddable":true,"href":"https:\/\/www.hydraulic-cylinders.net\/sk\/wp-json\/wp\/v2\/product_brand?post=18965"},{"taxonomy":"product_cat","embeddable":true,"href":"https:\/\/www.hydraulic-cylinders.net\/sk\/wp-json\/wp\/v2\/product_cat?post=18965"},{"taxonomy":"product_tag","embeddable":true,"href":"https:\/\/www.hydraulic-cylinders.net\/sk\/wp-json\/wp\/v2\/product_tag?post=18965"}],"curies":[{"name":"pracovn\u00fd list","href":"https:\/\/api.w.org\/{rel}","templated":true}]}}