{"id":18966,"date":"2025-04-07T06:04:37","date_gmt":"2025-04-07T06:04:37","guid":{"rendered":"https:\/\/www.hydraulic-cylinders.net\/product\/boom-cylinder-for-caterpillar-large-excavator-e330b330c\/"},"modified":"2025-04-07T06:04:39","modified_gmt":"2025-04-07T06:04:39","slug":"boom-cylinder-for-caterpillar-large-excavator-e330b330c","status":"publish","type":"product","link":"https:\/\/www.hydraulic-cylinders.net\/sk\/produkt\/boom-cylinder-for-caterpillar-large-excavator-e330b330c\/","title":{"rendered":"Valec v\u00fdlo\u017en\u00edka pre ve\u013ek\u00e9 r\u00fdpadlo Caterpillar E330B330C"},"content":{"rendered":"<h1>Valec v\u00fdlo\u017en\u00edka pre ve\u013ek\u00e9 r\u00fdpadlo Caterpillar E330B330C<\/h1>\n<h2>Preh\u013ead produktu<\/h2>\n<p>Hydraulick\u00fd valec v\u00fdlo\u017en\u00edka pre ve\u013ek\u00e9 r\u00fdpadl\u00e1 Caterpillar E330B330C je hydraulick\u00fd valec \u0161peci\u00e1lne navrhnut\u00fd na ovl\u00e1danie pohybu v\u00fdlo\u017en\u00edka v \u0165a\u017ek\u00fdch strojoch, ako s\u00fa r\u00fdpadl\u00e1, r\u00fdpadlo-naklada\u010de a \u010deln\u00e9 naklada\u010de. Tento komponent zohr\u00e1va k\u013e\u00fa\u010dov\u00fa \u00falohu pri manipul\u00e1cii s materi\u00e1lom a umo\u017e\u0148uje efekt\u00edvne zdv\u00edhanie, sp\u00fa\u0161\u0165anie a nakl\u00e1\u0148anie v\u00fdlo\u017en\u00edka. Ako hydraulick\u00fd valec je jeho prim\u00e1rnou funkciou vyu\u017e\u00edva\u0165 hydraulick\u00fd tlak na u\u013eah\u010denie plynul\u00fdch a siln\u00fdch pohybov, v\u010faka \u010domu je nevyhnutn\u00fd v r\u00f4znych prev\u00e1dzkov\u00fdch kontextoch.<\/p>\n<p><img decoding=\"async\" src=\"https:\/\/www.hydraulic-cylinders.net\/wp-content\/uploads\/2025\/04\/songte-company-1.webp\" alt=\"Valec v\u00fdlo\u017en\u00edka pre bager\"><\/p>\n<h2>Vlastnosti valca v\u00fdlo\u017en\u00edka<\/h2>\n<ul>\n<li><strong>Vysok\u00e1 pevnos\u0165 a odolnos\u0165:<\/strong> Tieto valce, vyroben\u00e9 z vysokopevnostnej ocele alebo hlin\u00edka, odol\u00e1vaj\u00fa vysok\u00e9mu tlaku a \u0165a\u017ek\u00fdm za\u0165a\u017eeniam a z\u00e1rove\u0148 sa prisp\u00f4sobuj\u00fa n\u00e1ro\u010dn\u00fdm pracovn\u00fdm podmienkam. S kon\u0161trukciou, ktor\u00e1 zoh\u013ead\u0148uje odolnos\u0165 proti opotrebovaniu a ochranu proti kor\u00f3zii pre dlh\u0161iu \u017eivotnos\u0165, s\u00fa kon\u0161trukcie zameran\u00e9 na odolnos\u0165 vo\u010di kor\u00f3zii.<\/li>\n<li><strong>Efekt\u00edvna hydraulick\u00e1 prev\u00e1dzka:<\/strong> Valec vyu\u017e\u00edva hydraulick\u00fd tlak oleja pre plynul\u00e9 vys\u00favanie a zas\u00favanie, \u010do umo\u017e\u0148uje r\u00fdchlu reakciu na ovl\u00e1dacie povely a z\u00e1rove\u0148 poskytuje siln\u00fa tla\u010dn\u00fa a \u0165ahov\u00fa silu vhodn\u00fa na manipul\u00e1ciu s \u0165a\u017ek\u00fdmi predmetmi a zlo\u017eit\u00e9 \u00falohy.<\/li>\n<li><strong>R\u00f4zne typy:<\/strong> V z\u00e1vislosti od prev\u00e1dzkov\u00fdch potrieb si m\u00f4\u017eete vybra\u0165 medzi jedno\u010dinn\u00fdmi (vyu\u017e\u00edvaj\u00facimi hydraulick\u00fa silu v jednom smere) alebo dvoj\u010dinn\u00fdmi (vyu\u017e\u00edvaj\u00facimi hydraulick\u00fa silu v oboch smeroch) valcami. Niektor\u00e9 modely s\u00fa teleskopick\u00e9, \u010do umo\u017e\u0148uje v\u00e4\u010d\u0161ie vysunutie bez zv\u00e4\u010d\u0161enia vonkaj\u0161\u00edch rozmerov, ide\u00e1lne do stiesnen\u00fdch priestorov.<\/li>\n<li><strong>Z\u00e1kazkov\u00e1 v\u00fdroba:<\/strong> Na\u0161e v\u00fdrobn\u00e9 kapacity n\u00e1m umo\u017e\u0148uj\u00fa vytv\u00e1ra\u0165 valce, ktor\u00e9 dokonale nahradia existuj\u00face hydraulick\u00e9 valce, \u010d\u00edm zabezpe\u010duj\u00fa kompatibilitu a v\u00fdkon.<\/li>\n<\/ul>\n<p><img decoding=\"async\" src=\"https:\/\/www.hydraulic-cylinders.net\/wp-content\/uploads\/2025\/04\/songte-cylinder-head-with-all-kinds-excavator-models.webp\" alt=\"R\u00f4zne modely r\u00fdpadiel\"><\/p>\n<h2>Aplik\u00e1cie valca v\u00fdlo\u017en\u00edka<\/h2>\n<h3>Stavebn\u00e9 stroje<\/h3>\n<p>V r\u00fdpadl\u00e1ch s\u00fa valce v\u00fdlo\u017en\u00edka k\u013e\u00fa\u010dov\u00e9 pre kopanie, nakladanie a prepravu zeminy alebo sutiny. Umo\u017e\u0148uj\u00fa vysunutie v\u00fdlo\u017en\u00edka smerom von a nadol, \u010do u\u013eah\u010duje proces v\u00fdkopu. V r\u00fdpadlo-naklada\u010doch valec v\u00fdlo\u017en\u00edka pom\u00e1ha pri kopan\u00ed aj zdv\u00edhan\u00ed, \u010do je nevyhnutn\u00e9 pre efekt\u00edvnu prev\u00e1dzku.<\/p>\n<h3>Po\u013enohospod\u00e1rske stroje<\/h3>\n<p>V \u010deln\u00fdch naklada\u010doch umo\u017e\u0148uj\u00fa valce v\u00fdlo\u017en\u00edka zdv\u00edhanie, naberanie a prepravu p\u00f4dy, sena a in\u00fdch materi\u00e1lov. Ich robustn\u00e1 kon\u0161trukcia zabezpe\u010duje, \u017ee zvl\u00e1dnu n\u00e1roky po\u013enohospod\u00e1rskych \u00faloh a z\u00e1rove\u0148 minimalizuj\u00fa prestoje sp\u00f4soben\u00e9 mechanick\u00fdm po\u0161koden\u00edm.<\/p>\n<h3>R\u00fdpadl\u00e1<\/h3>\n<p>Tieto valce umo\u017e\u0148uj\u00fa ly\u017eici prenikn\u00fa\u0165 do p\u00f4dy, \u010do u\u013eah\u010duje kopanie, ktor\u00e9 je nevyhnutn\u00e9 pre r\u00f4zne stavebn\u00e9 projekty. \u00da\u010dinnos\u0165 valca v\u00fdlo\u017en\u00edka v\u00fdrazne zvy\u0161uje celkov\u00fa produktivitu r\u00fdpadiel, v\u010faka \u010domu s\u00fa nevyhnutn\u00e9 pri n\u00e1ro\u010dn\u00fdch prev\u00e1dzkach.<\/p>\n<h3>Naklada\u010de<\/h3>\n<p>V \u010deln\u00fdch naklada\u010doch valce v\u00fdlo\u017en\u00edka efekt\u00edvne pom\u00e1haj\u00fa pri zdv\u00edhan\u00ed a vykladan\u00ed materi\u00e1lov. Ich schopnos\u0165 poskytova\u0165 siln\u00e9 zdv\u00edhacie kapacity umo\u017e\u0148uje efekt\u00edvnu manipul\u00e1ciu s materi\u00e1lom v stavebn\u00edctve a ter\u00e9nnych \u00faprav\u00e1ch.<\/p>\n<h2>\u00davahy o dizajne a krit\u00e9ri\u00e1 v\u00fdberu<\/h2>\n<h3>Nosnos\u0165<\/h3>\n<p>Pri v\u00fdbere valca v\u00fdlo\u017en\u00edka je nevyhnutn\u00e9 zv\u00e1\u017ei\u0165 jeho nosnos\u0165. Valec mus\u00ed by\u0165 schopn\u00fd unies\u0165 maxim\u00e1lnu hmotnos\u0165 bremien, ktor\u00e9 bude zdv\u00edha\u0165 a s ktor\u00fdmi bude manipulova\u0165. To si vy\u017eaduje znalos\u0165 \u0161pecifick\u00fdch po\u017eiadaviek v\u00e1\u0161ho stroja a dan\u00fdch \u00faloh.<\/p>\n<h3>Tesnenie a trvanlivos\u0165<\/h3>\n<p>Tesnenie je k\u013e\u00fa\u010dov\u00e9 pre efekt\u00edvnu prev\u00e1dzku hydraulick\u00fdch valcov. Vysokokvalitn\u00e9 tesnenia zabra\u0148uj\u00fa \u00faniku hydraulickej kvapaliny, \u010do m\u00f4\u017ee vies\u0165 k prev\u00e1dzkov\u00fdm poruch\u00e1m a zv\u00fd\u0161en\u00fdm n\u00e1kladom na \u00fadr\u017ebu. V\u00fdber materi\u00e1lov ako polyuret\u00e1n a nitrilov\u00fd kau\u010duk zvy\u0161uje trvanlivos\u0165 a odolnos\u0165 vo\u010di opotrebovaniu a environment\u00e1lnym faktorom.<\/p>\n<h3>Bezpe\u010dnostn\u00e9 prvky<\/h3>\n<p>Pri kon\u0161trukcii hydraulick\u00fdch valcov je bezpe\u010dnos\u0165 prvorad\u00e1. Mali by obsahova\u0165 prvky, ako s\u00fa pretlakov\u00e9 ventily a bezpe\u010dnostn\u00e9 z\u00e1mky, aby sa zabr\u00e1nilo n\u00e1hodn\u00fdm pohybom a aby sa chr\u00e1nila obsluha a zariadenie po\u010das prev\u00e1dzky.<\/p>\n<h3>\u00davahy o \u00fadr\u017ebe<\/h3>\n<p>Navrhovanie pre jednoduch\u00fa \u00fadr\u017ebu m\u00f4\u017ee v\u00fdrazne ovplyvni\u0165 \u017eivotnos\u0165 valca v\u00fdlo\u017en\u00edka. Funkcie, ktor\u00e9 umo\u017e\u0148uj\u00fa jednoduch\u00fd pr\u00edstup k tesneniam a mazac\u00edm bodom, m\u00f4\u017eu skr\u00e1ti\u0165 prestoje a u\u013eah\u010di\u0165 obsluhe be\u017en\u00fa \u00fadr\u017ebu.<\/p>\n<p><img decoding=\"async\" src=\"https:\/\/www.hydraulic-cylinders.net\/wp-content\/uploads\/2025\/04\/songte-oil-pipes-and-spare-parts.webp\" alt=\"Olejov\u00e9 potrubia a n\u00e1hradn\u00e9 diely\"><\/p>\n<h2>Tesnenie a mazanie<\/h2>\n<p>Spo\u013eahlivos\u0165 valca v\u00fdlo\u017en\u00edka vo ve\u013ekej miere z\u00e1vis\u00ed od efekt\u00edvneho pou\u017eitia tesnen\u00ed a mazania. R\u00f4zne tesniace rie\u0161enia, ako s\u00fa tesnenia piestov a tesnenia ty\u010d\u00ed, s\u00fa nevyhnutn\u00e9 na udr\u017eanie hydraulickej integrity. Tesnenia vyroben\u00e9 z odoln\u00fdch materi\u00e1lov, ako je polyuret\u00e1n a nitrilov\u00e1 guma, odol\u00e1vaj\u00fa opotrebovaniu a zhor\u0161ovaniu \u017eivotn\u00e9ho prostredia. Okrem toho musia by\u0165 teleso valca a z\u00e1vitov\u00e9 koncov\u00e9 povrchy jemne opracovan\u00e9, aby sa zv\u00fd\u0161ila odolnos\u0165 vo\u010di opotrebovaniu.<\/p>\n<p>Pravideln\u00e9 mazanie dostato\u010dn\u00fdm mno\u017estvom hydraulick\u00e9ho oleja je k\u013e\u00fa\u010dov\u00e9 pre optim\u00e1lny v\u00fdkon. Spr\u00e1vne mazanie zni\u017euje trenie medzi pohybliv\u00fdmi \u010das\u0165ami, \u010d\u00edm predl\u017euje \u017eivotnos\u0165 valca a zabezpe\u010duje plynul\u00fd chod.<\/p>\n<h2>Opatrenia prevent\u00edvnej \u00fadr\u017eby<\/h2>\n<ul>\n<li><strong>Pravideln\u00e9 kontroly:<\/strong> Pravideln\u00e9 kontroly valca, \u010di nevykazuje zn\u00e1mky opotrebovania alebo po\u0161kodenia, m\u00f4\u017eu pred\u00eds\u0165 katastrofick\u00fdm poruch\u00e1m a udr\u017ea\u0165 prev\u00e1dzkov\u00fa \u00fa\u010dinnos\u0165.<\/li>\n<li><strong>Vhodn\u00e9 mazanie:<\/strong> Zabezpe\u010denie dostato\u010dn\u00e9ho mazania valca spr\u00e1vnym hydraulick\u00fdm olejom zv\u00fd\u0161i jeho v\u00fdkon a \u017eivotnos\u0165.<\/li>\n<li><strong>V\u00fdmena tesnenia:<\/strong> V\u010dasn\u00e1 v\u00fdmena opotrebovan\u00fdch tesnen\u00ed m\u00f4\u017ee zabr\u00e1ni\u0165 \u00fanikom a udr\u017ea\u0165 \u00fa\u010dinnos\u0165 hydraulick\u00e9ho syst\u00e9mu.<\/li>\n<\/ul>\n<h2>Pokyny pre spr\u00e1vnu in\u0161tal\u00e1ciu<\/h2>\n<p>Spr\u00e1vna in\u0161tal\u00e1cia valca ramena je nevyhnutn\u00e1 pre jeho v\u00fdkon a dlh\u00fa \u017eivotnos\u0165. Za\u010dnite t\u00fdm, \u017ee sa uist\u00edte, \u017ee je valec spr\u00e1vne zarovnan\u00fd s bodom in\u0161tal\u00e1cie. Na upevnenie valca pou\u017eite vhodn\u00e9 mont\u00e1\u017ene konzoly, aby ste predi\u0161li nespr\u00e1vnemu zarovnaniu, ktor\u00e9 by mohlo vies\u0165 k pred\u010dasn\u00e9mu opotrebovaniu. Je d\u00f4le\u017eit\u00e9 dodr\u017eiava\u0165 \u0161pecifik\u00e1cie v\u00fdrobcu t\u00fdkaj\u00face sa nastavenia kr\u00fatiaceho momentu a pripojen\u00ed, aby ste predi\u0161li hydraulick\u00fdm \u00fanikom.<\/p>\n<p>Pred prev\u00e1dzkou dvakr\u00e1t skontrolujte v\u0161etky pripojenia a uistite sa, \u017ee tesnenia s\u00fa neporu\u0161en\u00e9. Prev\u00e1dzka syst\u00e9mu bez spr\u00e1vnej in\u0161tal\u00e1cie m\u00f4\u017ee vies\u0165 k v\u00e1\u017enemu po\u0161kodeniu a zv\u00fd\u0161en\u00fdm n\u00e1kladom na \u00fadr\u017ebu. Pravidelne kontrolujte proces in\u0161tal\u00e1cie, aby ste zabezpe\u010dili dodr\u017eiavanie osved\u010den\u00fdch postupov.<\/p>\n<h2>Be\u017en\u00e9 \u00falohy \u00fadr\u017eby<\/h2>\n<h3>Pravideln\u00e9 kontroly<\/h3>\n<p>Vykon\u00e1vanie pravideln\u00fdch kontrol je k\u013e\u00fa\u010dov\u00e9 pre identifik\u00e1ciu potenci\u00e1lnych probl\u00e9mov sk\u00f4r, ako sa vyhrotia. H\u013eadajte zn\u00e1mky opotrebovania, ako s\u00fa netesnosti alebo po\u0161kodenie tesnen\u00ed. \u010cast\u00e9 kontroly m\u00f4\u017eu z dlhodob\u00e9ho h\u013eadiska u\u0161etri\u0165 \u010das a zdroje.<\/p>\n<h3>Spr\u00e1vne mazanie<\/h3>\n<p>Zabezpe\u010denie dostato\u010dn\u00e9ho mazania valca v\u00fdlo\u017en\u00edka je nevyhnutn\u00e9 pre plynul\u00fd chod a dlh\u00fa \u017eivotnos\u0165. Pou\u017e\u00edvajte hydraulick\u00fd olej odpor\u00fa\u010dan\u00fd v\u00fdrobcom a dodr\u017eiavajte pl\u00e1n mazania, aby ste predi\u0161li treniu a opotrebovaniu.<\/p>\n<h3>V\u00fdmena tesnenia<\/h3>\n<p>Pravideln\u00e1 v\u00fdmena tesnen\u00ed m\u00f4\u017ee zabr\u00e1ni\u0165 \u00fanikom a udr\u017ea\u0165 \u00fa\u010dinnos\u0165 hydraulick\u00e9ho syst\u00e9mu. Po\u010das kontrol venujte pozornos\u0165 stavu tesnen\u00ed a pod\u013ea potreby ich vyme\u0148te, aby ste zabezpe\u010dili optim\u00e1lny v\u00fdkon.<\/p>\n<p><img decoding=\"async\" src=\"https:\/\/www.hydraulic-cylinders.net\/wp-content\/uploads\/2025\/04\/songte-chushion-collar.webp\" alt=\"Vank\u00fa\u0161ov\u00fd golier\"><\/p>\n<h2>Bezpe\u010dnostn\u00e9 aspekty a faktory prostredia<\/h2>\n<p>Pri pou\u017e\u00edvan\u00ed hydraulick\u00fdch valcov s\u00fa bezpe\u010dnostn\u00e9 opatrenia prvorad\u00e9. Obsluha by mala by\u0165 vy\u0161kolen\u00e1 v oblasti bezpe\u010dnej prev\u00e1dzky strojov a potenci\u00e1lnych nebezpe\u010denstiev spojen\u00fdch s hydraulick\u00fdmi syst\u00e9mami. Zabezpe\u010denie spr\u00e1vnej in\u0161tal\u00e1cie a funk\u010dnosti bezpe\u010dnostn\u00fdch zariaden\u00ed je nevyhnutn\u00e9 na predch\u00e1dzanie nehod\u00e1m a zraneniam. Okrem toho by sa mali uprednostni\u0165 environment\u00e1lne aspekty, ako je spr\u00e1vna likvid\u00e1cia hydraulick\u00fdch kvapal\u00edn a minimaliz\u00e1cia \u00fanikov, aby sa chr\u00e1nil ekosyst\u00e9m.<\/p>\n<h2>Rie\u0161enie probl\u00e9mov a be\u017en\u00e9 probl\u00e9my<\/h2>\n<ul>\n<li><strong>\u00danik:<\/strong> K \u00faniku m\u00f4\u017ee d\u00f4js\u0165 v d\u00f4sledku opotrebovan\u00fdch tesnen\u00ed alebo po\u0161koden\u00fdch komponentov. Pravideln\u00e9 kontroly m\u00f4\u017eu pom\u00f4c\u0165 identifikova\u0165 a odstr\u00e1ni\u0165 tak\u00e9to probl\u00e9my.<\/li>\n<li><strong>Nekonzistentn\u00fd v\u00fdkon:<\/strong> Ak valec v\u00fdlo\u017en\u00edka nereaguje konzistentne, m\u00f4\u017ee to by\u0165 pr\u00edznakom n\u00edzkej hladiny hydraulickej kvapaliny alebo vn\u00fatorn\u00e9ho po\u0161kodenia.<\/li>\n<li><strong>Prehriatie:<\/strong> Nepretr\u017eit\u00e1 prev\u00e1dzka pri vysokom tlaku m\u00f4\u017ee sp\u00f4sobi\u0165 prehriatie. Pravideln\u00e1 \u00fadr\u017eba a monitorovanie hladiny kvapal\u00edn m\u00f4\u017eu tomuto probl\u00e9mu pred\u00eds\u0165.<\/li>\n<\/ul>\n<h2>Tipy na rie\u0161enie por\u00fach<\/h2>\n<p>Pre efekt\u00edvne rie\u0161enie probl\u00e9mov si ve\u010fte z\u00e1znamy o prev\u00e1dzkovom v\u00fdkone a \u00fadr\u017ebe. Tieto z\u00e1znamy m\u00f4\u017eu pom\u00f4c\u0165 v\u010das identifikova\u0165 vzorce a potenci\u00e1lne probl\u00e9my. V pr\u00edpade \u00faniku okam\u017eite vypnite prev\u00e1dzku a skontrolujte tesnenia a armat\u00fary. V pr\u00edpade nekonzistentn\u00e9ho v\u00fdkonu skontrolujte hladiny hydraulickej kvapaliny a h\u013eadajte upchatia v potrubiach.<\/p>\n<p>Zav\u00e1dzanie prevent\u00edvnych opatren\u00ed, ako je be\u017en\u00e1 \u00fadr\u017eba a v\u010dasn\u00e9 opravy, minimalizuje riziko potenci\u00e1lnych probl\u00e9mov a zvy\u0161uje spo\u013eahlivos\u0165 valca v\u00fdlo\u017en\u00edka.<\/p>\n<p><img decoding=\"async\" src=\"https:\/\/www.hydraulic-cylinders.net\/wp-content\/uploads\/2025\/04\/songte-bushings-with-all-kinds-of-excavator-models.webp\" alt=\"Puzdr\u00e1 pre modely r\u00fdpadiel\"><\/p>\n<h2>Preh\u013ead spolo\u010dnosti<\/h2>\n<p>Sme popredn\u00fdm v\u00fdrobcom a ve\u013ekoobchodn\u00edkom n\u00e1hradn\u00fdch hydraulick\u00fdch valcov so \u0161irokou \u0161k\u00e1lou produktov na trhu. Na\u0161e zameranie na v\u00fdnimo\u010dn\u00fa kvalitu je podlo\u017een\u00e9 prec\u00edznymi strat\u00e9giami riadenia v\u00fdroby. Na\u0161a spolo\u010dnos\u0165 vyu\u017e\u00edva technick\u00e9 talenty, pokro\u010dil\u00e9 digit\u00e1lne v\u00fdrobn\u00e9 zariadenia a profesion\u00e1lne testovacie syst\u00e9my na neust\u00e1le zlep\u0161ovanie na\u0161ej v\u00fdrobnej platformy a zabezpe\u010duje tak vysokokvalitn\u00fa v\u00fdrobn\u00fa cestu. V\u010faka robustn\u00fdm kreat\u00edvnym schopnostiam dodr\u017eiavame z\u00e1sady vysokej efektivity, presnosti a kvality, aby sme splnili rozmanit\u00e9 potreby z\u00e1kazn\u00edkov.<\/p>\n<h3>Odbornos\u0165 a \u0161pecializ\u00e1cia<\/h3>\n<p>N\u00e1\u0161 t\u00edm sa sklad\u00e1 zo sk\u00fasen\u00fdch odborn\u00edkov, ktor\u00ed sa venuj\u00fa v\u00fdrobe vysokov\u00fdkonn\u00fdch hydraulick\u00fdch valcov prisp\u00f4soben\u00fdch \u0161pecifik\u00e1ci\u00e1m z\u00e1kazn\u00edka. Pon\u00fakame rie\u0161enia na mieru, ktor\u00e9 sp\u013a\u0148aj\u00fa \u0161pecifick\u00e9 prev\u00e1dzkov\u00e9 po\u017eiadavky s d\u00f4razom na kvalitu a spo\u013eahlivos\u0165.<\/p>\n<h3>Medzin\u00e1rodn\u00e1 certifik\u00e1cia<\/h3>\n<p>Na\u0161e produkty sp\u013a\u0148aj\u00fa medzin\u00e1rodn\u00e9 normy kvality, \u010do zaru\u010duje spo\u013eahlivos\u0165 a v\u00fdkon v r\u00f4znych aplik\u00e1ci\u00e1ch. Uprednost\u0148ujeme z\u00edskanie certifik\u00e1ci\u00ed, ktor\u00e9 posil\u0148uj\u00fa n\u00e1\u0161 z\u00e1v\u00e4zok ku kvalite a bezpe\u010dnosti.<\/p>\n<h3>Z\u00e1kazn\u00edcke slu\u017eby<\/h3>\n<p>Poskytujeme z\u00e1kazkov\u00e9 slu\u017eby pri v\u00fdvoji hydraulick\u00fdch valcov, ktor\u00e9 sp\u013a\u0148aj\u00fa jedine\u010dn\u00e9 \u0161pecifik\u00e1cie. N\u00e1\u0161 technick\u00fd t\u00edm \u00fazko spolupracuje s klientmi na navrhovan\u00ed valcov, ktor\u00e9 vyhovuj\u00fa ich \u0161pecifick\u00fdm potreb\u00e1m strojov a prev\u00e1dzke.<\/p>\n<h3>V\u00fdrobn\u00e9 zariadenia<\/h3>\n<p>Vyu\u017e\u00edvan\u00edm najmodernej\u0161\u00edch v\u00fdrobn\u00fdch technol\u00f3gi\u00ed zabezpe\u010dujeme vysok\u00fa presnos\u0165 a odolnos\u0165 na\u0161ich produktov. Na\u0161e zariadenia s\u00fa vybaven\u00e9 modern\u00fdmi strojmi, ktor\u00e9 zvy\u0161uj\u00fa efektivitu v\u00fdroby a kvalitu produktov.<\/p>\n<h3>Popredajn\u00e9 slu\u017eby<\/h3>\n<p>N\u00e1\u0161 z\u00e1v\u00e4zok k spokojnosti z\u00e1kazn\u00edkov presahuje r\u00e1mec predaja. Pon\u00fakame komplexn\u00fa popredajn\u00fa podporu vr\u00e1tane poradenstva v oblasti \u00fadr\u017eby a pomoci s rie\u0161en\u00edm probl\u00e9mov, \u010d\u00edm zabezpe\u010dujeme, aby klienti z na\u0161ich produktov dostali najlep\u0161iu hodnotu.<\/p>\n<p><img decoding=\"async\" src=\"https:\/\/www.hydraulic-cylinders.net\/wp-content\/uploads\/2025\/04\/songte-company-4.webp\" alt=\"Preh\u013ead spolo\u010dnosti\"><br \/>\n<img decoding=\"async\" src=\"https:\/\/www.hydraulic-cylinders.net\/wp-content\/uploads\/2025\/04\/songte-company-3.webp\" alt=\"V\u00fdrobn\u00fd proces spolo\u010dnosti\"><\/p>\n<p>Autor: lyl<\/p>","protected":false},"excerpt":{"rendered":"<p>Boom Cylinder For Caterpillar Large Excavator E330B330C Product Overview The Boom Cylinder for Caterpillar Large Excavator E330B330C is a hydraulic cylinder specifically designed for controlling the movement of the boom in heavy machinery such as excavators, backhoe loaders, and front-end loaders. This component plays a crucial role in material handling tasks, enabling the boom to [&hellip;]<\/p>","protected":false},"featured_media":17878,"comment_status":"open","ping_status":"closed","template":"","meta":{"_et_pb_use_builder":"","_et_pb_old_content":"","_et_gb_content_width":""},"product_brand":[],"product_cat":[1546],"product_tag":[1547,1496],"class_list":{"0":"post-18966","1":"product","2":"type-product","3":"status-publish","4":"has-post-thumbnail","6":"product_cat-boom-cylinders","7":"product_tag-boom-cylinders","8":"product_tag-hydraulic-cylinders","10":"first","11":"instock","12":"shipping-taxable","13":"product-type-simple"},"amp_enabled":true,"_links":{"self":[{"href":"https:\/\/www.hydraulic-cylinders.net\/sk\/wp-json\/wp\/v2\/product\/18966","targetHints":{"allow":["GET"]}}],"collection":[{"href":"https:\/\/www.hydraulic-cylinders.net\/sk\/wp-json\/wp\/v2\/product"}],"about":[{"href":"https:\/\/www.hydraulic-cylinders.net\/sk\/wp-json\/wp\/v2\/types\/product"}],"replies":[{"embeddable":true,"href":"https:\/\/www.hydraulic-cylinders.net\/sk\/wp-json\/wp\/v2\/comments?post=18966"}],"wp:featuredmedia":[{"embeddable":true,"href":"https:\/\/www.hydraulic-cylinders.net\/sk\/wp-json\/wp\/v2\/media\/17878"}],"wp:attachment":[{"href":"https:\/\/www.hydraulic-cylinders.net\/sk\/wp-json\/wp\/v2\/media?parent=18966"}],"wp:term":[{"taxonomy":"product_brand","embeddable":true,"href":"https:\/\/www.hydraulic-cylinders.net\/sk\/wp-json\/wp\/v2\/product_brand?post=18966"},{"taxonomy":"product_cat","embeddable":true,"href":"https:\/\/www.hydraulic-cylinders.net\/sk\/wp-json\/wp\/v2\/product_cat?post=18966"},{"taxonomy":"product_tag","embeddable":true,"href":"https:\/\/www.hydraulic-cylinders.net\/sk\/wp-json\/wp\/v2\/product_tag?post=18966"}],"curies":[{"name":"pracovn\u00fd list","href":"https:\/\/api.w.org\/{rel}","templated":true}]}}