{"id":18967,"date":"2025-04-07T06:04:39","date_gmt":"2025-04-07T06:04:39","guid":{"rendered":"https:\/\/www.hydraulic-cylinders.net\/product\/boom-cylinder-for-caterpillar-large-excavator-e336dl\/"},"modified":"2025-04-07T06:04:41","modified_gmt":"2025-04-07T06:04:41","slug":"boom-cylinder-for-caterpillar-large-excavator-e336dl","status":"publish","type":"product","link":"https:\/\/www.hydraulic-cylinders.net\/sk\/produkt\/boom-cylinder-for-caterpillar-large-excavator-e336dl\/","title":{"rendered":"Valec v\u00fdlo\u017en\u00edka pre ve\u013ek\u00e9 r\u00fdpadlo Caterpillar E336DL"},"content":{"rendered":"<h1>Valec v\u00fdlo\u017en\u00edka pre ve\u013ek\u00e9 r\u00fdpadlo Caterpillar E336DL<\/h1>\n<h2>Pochopenie valca v\u00fdlo\u017en\u00edka<\/h2>\n<p>Hydraulick\u00fd valec v\u00fdlo\u017en\u00edka je d\u00f4le\u017eitou s\u00fa\u010das\u0165ou hydraulick\u00e9ho syst\u00e9mu \u0165a\u017ek\u00fdch strojov, najm\u00e4 v r\u00fdpadl\u00e1ch, ako je Caterpillar E336DL. Tento hydraulick\u00fd valec je \u0161peci\u00e1lne navrhnut\u00fd na ovl\u00e1danie pohybu v\u00fdlo\u017en\u00edka, ktor\u00fd je zodpovedn\u00fd za zdv\u00edhanie, sp\u00fa\u0161\u0165anie a nakl\u00e1\u0148anie ly\u017eice. Umo\u017e\u0148uje efekt\u00edvnu manipul\u00e1ciu s materi\u00e1lom v stavebn\u00edctve a in\u00fdch priemyseln\u00fdch aplik\u00e1ci\u00e1ch. Fungovanie valca v\u00fdlo\u017en\u00edka je prim\u00e1rne zalo\u017een\u00e9 na hydraulick\u00fdch princ\u00edpoch, kde sa na vytv\u00e1ranie pohybu pou\u017e\u00edva tlakov\u00e1 kvapalina. To nielen zvy\u0161uje \u00fa\u010dinnos\u0165 zariadenia, ale tie\u017e zais\u0165uje plynul\u00e9 a presn\u00e9 ovl\u00e1danie po\u010das prev\u00e1dzky.<\/p>\n<p><img decoding=\"async\" src=\"https:\/\/www.hydraulic-cylinders.net\/wp-content\/uploads\/2025\/04\/songte-company-1.webp\" alt=\"Obr\u00e1zok valca v\u00fdlo\u017en\u00edka\"><\/p>\n<h3>K\u013e\u00fa\u010dov\u00e9 vlastnosti valca v\u00fdlo\u017en\u00edka<\/h3>\n<ul>\n<li><strong>Vysok\u00e1 pevnos\u0165 a odolnos\u0165:<\/strong> Valec v\u00fdlo\u017en\u00edka je vyroben\u00fd z vysokopevnostnej ocele alebo hlin\u00edka a odol\u00e1 vysok\u00e9mu tlaku a \u0165a\u017ek\u00fdm za\u0165a\u017eeniam, v\u010faka \u010domu je vhodn\u00fd do n\u00e1ro\u010dn\u00fdch pracovn\u00fdch prostred\u00ed.<\/li>\n<li><strong>Efekt\u00edvna hydraulick\u00e1 prev\u00e1dzka:<\/strong> Vyu\u017e\u00edva hydraulick\u00fd tlak oleja pre plynul\u00e9 vys\u00favanie a zas\u00favanie, r\u00fdchlo reaguje na prev\u00e1dzkov\u00e9 povely a poskytuje zna\u010dn\u00fa tla\u010dn\u00fa a \u0165a\u017en\u00fa silu.<\/li>\n<li><strong>R\u00f4zne typy:<\/strong> Valce v\u00fdlo\u017en\u00edka sa dod\u00e1vaj\u00fa v jedno\u010dinnom a dvoj\u010dinnom variante, aby vyhoveli r\u00f4znym prev\u00e1dzkov\u00fdm potreb\u00e1m, pri\u010dom niektor\u00e9 modely maj\u00fa teleskopick\u00fa kon\u0161trukciu pre dlh\u0161\u00ed dosah bez zv\u00e4\u010d\u0161enia vonkaj\u0161\u00edch rozmerov.<\/li>\n<li><strong>Odolnos\u0165 proti kor\u00f3zii:<\/strong> Mnoh\u00e9 valce v\u00fdlo\u017en\u00edka s\u00fa navrhnut\u00e9 tak, aby odol\u00e1vali opotrebovaniu a kor\u00f3zii, \u010d\u00edm sa predl\u017euje ich \u017eivotnos\u0165 a zabezpe\u010duje sa konzistentn\u00fd v\u00fdkon v r\u00f4znych podmienkach.<\/li>\n<li><strong>Z\u00e1kazkov\u00e1 v\u00fdroba:<\/strong> Vyr\u00e1bame vysoko kvalitn\u00e9 hydraulick\u00e9 valce, ktor\u00e9 dok\u00e1\u017eu dokonale nahradi\u0165 existuj\u00face, \u010d\u00edm zabezpe\u010dujeme kompatibilitu a v\u00fdkon.<\/li>\n<\/ul>\n<p><img decoding=\"async\" src=\"https:\/\/www.hydraulic-cylinders.net\/wp-content\/uploads\/2025\/04\/songte-cylinder-head-with-all-kinds-excavator-models.webp\" alt=\"Obr\u00e1zok hlavy valcov\"><\/p>\n<h2>Aplik\u00e1cie valca v\u00fdlo\u017en\u00edka<\/h2>\n<h3>Stavebn\u00e9 stroje<\/h3>\n<p>V r\u00fdpadl\u00e1ch zohr\u00e1vaj\u00fa valce v\u00fdlo\u017en\u00edka k\u013e\u00fa\u010dov\u00fa \u00falohu pri kopan\u00ed, nakladan\u00ed a preprave zeminy alebo sutiny. Poskytuj\u00fa potrebn\u00fa silu na zdv\u00edhanie a sp\u00fa\u0161\u0165anie v\u00fdlo\u017en\u00edka, \u010do umo\u017e\u0148uje obsluhe efekt\u00edvne vykon\u00e1va\u0165 \u00falohy. V r\u00fdpadlo-naklada\u010doch tieto valce pom\u00e1haj\u00fa pri kopan\u00ed aj zdv\u00edhan\u00ed, v\u010faka \u010domu s\u00fa nevyhnutn\u00e9 pre v\u0161estrann\u00e9 pou\u017eitie strojov.<\/p>\n<h3>Po\u013enohospod\u00e1rske stroje<\/h3>\n<p>V \u010deln\u00fdch naklada\u010doch sa valce v\u00fdlo\u017en\u00edka pou\u017e\u00edvaj\u00fa na naberanie, zdv\u00edhanie a prepravu materi\u00e1lov, ako je p\u00f4da, seno a in\u00e9 z\u00e1soby. Ich kon\u0161trukcia umo\u017e\u0148uje efekt\u00edvny pohyb a manipul\u00e1ciu s r\u00f4znymi po\u013enohospod\u00e1rskymi produktmi, \u010d\u00edm sa zvy\u0161uje produktivita na farm\u00e1ch.<\/p>\n<h3>V\u00fdkopov\u00e9 pr\u00e1ce<\/h3>\n<p>Valec v\u00fdlo\u017en\u00edka umo\u017e\u0148uje r\u00fdpadl\u00e1m efekt\u00edvne prenika\u0165 do zeme. V\u010faka tomu, \u017ee sa ly\u017eica m\u00f4\u017ee zar\u00fdva\u0165 do p\u00f4dy, s\u00fa tieto valce neoddelite\u013enou s\u00fa\u010das\u0165ou stavebn\u00fdch, ter\u00e9nnych a bansk\u00fdch projektov, kde je potrebn\u00fd hlbok\u00fd v\u00fdkop.<\/p>\n<h3>Nakladacie oper\u00e1cie<\/h3>\n<p>V \u010deln\u00fdch naklada\u010doch u\u013eah\u010duj\u00fa valce v\u00fdlo\u017en\u00edka zdv\u00edhanie a vykladanie materi\u00e1lov. Ich pevnos\u0165 a \u00fa\u010dinnos\u0165 s\u00fa nevyhnutn\u00e9 pre manipul\u00e1ciu s \u0165a\u017ek\u00fdmi bremenami, \u010d\u00edm sa zabezpe\u010duje r\u00fdchly a efekt\u00edvny presun materi\u00e1lov z jedn\u00e9ho miesta na druh\u00e9.<\/p>\n<h2>Kon\u0161truk\u010dn\u00e9 aspekty valcov v\u00fdlo\u017en\u00edka<\/h2>\n<h3>Nosnos\u0165<\/h3>\n<p>Nosnos\u0165 valca v\u00fdlo\u017en\u00edka je kritick\u00fdm kon\u0161truk\u010dn\u00fdm faktorom. Mus\u00ed by\u0165 schopn\u00fd unies\u0165 maxim\u00e1lnu hmotnos\u0165, s ktorou sa r\u00fdpadlo stretne po\u010das prev\u00e1dzky. Dobre navrhnut\u00fd valec zoh\u013eadn\u00ed bezpe\u010dnostn\u00e9 rezervy, aby sa predi\u0161lo poruche pri neo\u010dak\u00e1vanom za\u0165a\u017een\u00ed.<\/p>\n<h3>Tesnenie a trvanlivos\u0165<\/h3>\n<p>\u00da\u010dinn\u00e9 utesnenie je nevyhnutn\u00e9 na zabr\u00e1nenie \u00faniku hydraulickej kvapaliny. To zah\u0155\u0148a pou\u017eitie vysokokvalitn\u00fdch tesnen\u00ed vyroben\u00fdch z odoln\u00fdch materi\u00e1lov, ako je polyuret\u00e1n a nitrilov\u00e1 guma. Spr\u00e1vne utesnenie nielen zvy\u0161uje \u00fa\u010dinnos\u0165, ale prispieva aj k dlhej \u017eivotnosti valca.<\/p>\n<h3>Bezpe\u010dnostn\u00e9 prvky<\/h3>\n<p>Za\u010dlenenie bezpe\u010dnostn\u00fdch prvkov do kon\u0161trukcie je k\u013e\u00fa\u010dov\u00e9 pre ochranu obsluhy a strojov. Patria sem pretlakov\u00e9 ventily a bezpe\u010dnostn\u00e9 z\u00e1mky na zmiernenie riz\u00edk po\u010das prev\u00e1dzky.<\/p>\n<h3>Pr\u00edstupnos\u0165 \u00fadr\u017eby<\/h3>\n<p>Navrhovanie valcov v\u00fdlo\u017en\u00edka pre jednoduch\u00fa \u00fadr\u017ebu je d\u00f4le\u017eit\u00e9. To umo\u017e\u0148uje r\u00fdchle kontroly, opravy a v\u00fdmeny, \u010d\u00edm sa minimalizuj\u00fa prestoje a zvy\u0161uje produktivita.<\/p>\n<p><img decoding=\"async\" src=\"https:\/\/www.hydraulic-cylinders.net\/wp-content\/uploads\/2025\/04\/songte-oil-pipes-and-spare-parts.webp\" alt=\"Obr\u00e1zok ropovodov\"><\/p>\n<h2>Tesnenie a mazanie<\/h2>\n<p>Spr\u00e1vne tesnenie a mazanie s\u00fa nevyhnutn\u00e9 pre v\u00fdkon valcov v\u00fdlo\u017en\u00edka. Na zabr\u00e1nenie \u00faniku kvapaliny sa pou\u017e\u00edvaj\u00fa r\u00f4zne tesniace komponenty vr\u00e1tane tesnen\u00ed piestov a tesnen\u00ed ty\u010d\u00ed. Tesnenia vyroben\u00e9 z odoln\u00fdch materi\u00e1lov, ako je polyuret\u00e1n a nitrilov\u00fd kau\u010duk, pon\u00fakaj\u00fa odolnos\u0165 vo\u010di opotrebovaniu. Teleso valca a z\u00e1vitov\u00e9 konce prech\u00e1dzaj\u00fa jemn\u00fdm opracovan\u00edm, aby sa zv\u00fd\u0161ila odolnos\u0165 a odolnos\u0165 vo\u010di opotrebovaniu. Pravideln\u00e9 mazanie vhodnou hydraulickou kvapalinou je nevyhnutn\u00e9 na udr\u017eanie funk\u010dnosti a dlhej \u017eivotnosti valca, zabezpe\u010denie plynul\u00e9ho chodu a zabr\u00e1nenie opotrebovaniu v priebehu \u010dasu.<\/p>\n<h2>Opatrenia prevent\u00edvnej \u00fadr\u017eby<\/h2>\n<ul>\n<li><strong>Pravideln\u00e9 kontroly:<\/strong> Pravidelne vykon\u00e1vajte vizu\u00e1lne kontroly, aby ste identifikovali ak\u00e9ko\u013evek zn\u00e1mky opotrebovania alebo netesnost\u00ed. V\u010dasn\u00e9 odhalenie probl\u00e9mov m\u00f4\u017ee zabr\u00e1ni\u0165 n\u00e1kladn\u00fdm oprav\u00e1m a dlh\u0161\u00edm prestojom.<\/li>\n<li><strong>Kontroly mazania:<\/strong> Uistite sa, \u017ee hladina hydraulickej kvapaliny je dostato\u010dn\u00e1 a \u017ee sa pou\u017e\u00edva spr\u00e1vny typ kvapaliny. Spr\u00e1vne mazanie minimalizuje trenie a opotrebovanie pohybliv\u00fdch \u010dast\u00ed.<\/li>\n<li><strong>V\u00fdmena tesnen\u00ed:<\/strong> Vyme\u0148te tesnenia, ke\u010f s\u00fa zjavn\u00e9 zn\u00e1mky opotrebovania alebo netesnosti. Pravideln\u00e1 \u00fadr\u017eba tesnen\u00ed predl\u017euje \u017eivotnos\u0165 valca a udr\u017eiava hydraulick\u00fa \u00fa\u010dinnos\u0165.<\/li>\n<\/ul>\n<h2>Pokyny na in\u0161tal\u00e1ciu<\/h2>\n<p>Proper installation of boom cylinders is essential for efficient operation. Begin by ensuring that the cylinder is properly aligned with the mounting brackets. Use appropriate mounting hardware to secure the cylinder and prevent movement during operation. Make sure to connect the hydraulic lines according to the manufacturer&#8217;s specifications, ensuring proper flow direction. After installation, check for leaks and test the operation of the cylinder to ensure functionality. Regularly inspect the installation to maintain performance and safety standards.<\/p>\n<h2>Be\u017en\u00e9 \u00falohy \u00fadr\u017eby<\/h2>\n<ul>\n<li><strong>Pravideln\u00e9 kontroly:<\/strong> Pravideln\u00e9 kontroly opotrebovania s\u00fa k\u013e\u00fa\u010dov\u00e9. Zah\u0155\u0148aj\u00fa h\u013eadanie ak\u00fdchko\u013evek zn\u00e1mok \u00faniku hydraulickej kvapaliny, kontrolu stavu tesnen\u00ed a zabezpe\u010denie integrity kon\u0161trukcie valca. V\u010dasn\u00e1 identifik\u00e1cia potenci\u00e1lnych probl\u00e9mov m\u00f4\u017ee zabr\u00e1ni\u0165 z\u00e1va\u017en\u00fdm poruch\u00e1m.<\/li>\n<li><strong>Spr\u00e1vne mazanie:<\/strong> Uistite sa, \u017ee hydraulick\u00e1 kvapalina je na odpor\u00fa\u010dan\u00fdch \u00farovniach a je spr\u00e1vneho typu. Mazanie zni\u017euje trenie a zabra\u0148uje opotrebovaniu, \u010do je nevyhnutn\u00e9 pre udr\u017eanie \u00fa\u010dinnosti hydraulick\u00e9ho syst\u00e9mu.<\/li>\n<li><strong>V\u00fdmena tesnen\u00ed:<\/strong> Monitor the condition of seals and replace them as needed. Old or worn seals can lead to hydraulic fluid leaks, compromising the cylinder&#8217;s performance and efficiency.<\/li>\n<\/ul>\n<h2>Bezpe\u010dnostn\u00e9 aspekty a faktory prostredia<\/h2>\n<p>Pri pr\u00e1ci s hydraulick\u00fdmi syst\u00e9mami je implement\u00e1cia bezpe\u010dnostn\u00fdch opatren\u00ed k\u013e\u00fa\u010dov\u00e1. V\u017edy dodr\u017eiavajte pokyny v\u00fdrobcu t\u00fdkaj\u00face sa prev\u00e1dzkov\u00fdch tlakov a nosnost\u00ed. Na zaistenie bezpe\u010dnosti je potrebn\u00e9 riadne za\u0161kolenie obsluhy a pravideln\u00e9 kontroly \u00fadr\u017eby. Okrem toho zv\u00e1\u017ete vplyv hydraulick\u00fdch kvapal\u00edn na \u017eivotn\u00e9 prostredie a zabezpe\u010dte spr\u00e1vne met\u00f3dy likvid\u00e1cie ak\u00e9hoko\u013evek odpadu vzniknut\u00e9ho po\u010das \u00fadr\u017eby.<\/p>\n<h2>Rie\u0161enie probl\u00e9mov a be\u017en\u00e9 probl\u00e9my<\/h2>\n<ul>\n<li><strong>\u00danik:<\/strong> Identifikujte zdroj \u00faniku, ku ktor\u00e9mu \u010dasto doch\u00e1dza na tesneniach alebo armat\u00farach. Utiahnutie spojov alebo v\u00fdmena opotrebovan\u00fdch tesnen\u00ed m\u00f4\u017ee \u010dasto probl\u00e9m vyrie\u0161i\u0165.<\/li>\n<li><strong>Nereaguj\u00faci valec:<\/strong> Ak valec nereaguje, skontrolujte hladinu hydraulickej kvapaliny a h\u013eadajte upchatie v hydraulick\u00fdch potrubiach. Zabezpe\u010denie spr\u00e1vneho prietoku kvapaliny je nevyhnutn\u00e9 pre spr\u00e1vnu reakciu.<\/li>\n<li><strong>Nadmern\u00fd hluk:<\/strong> Hluky po\u010das prev\u00e1dzky m\u00f4\u017eu nazna\u010dova\u0165 n\u00edzku hladinu oleja alebo vzduch v syst\u00e9me. Odvzdu\u0161nenie syst\u00e9mu a zabezpe\u010denie dostato\u010dnej hladiny kvapal\u00edn m\u00f4\u017ee tento probl\u00e9m \u010dasto vyrie\u0161i\u0165.<\/li>\n<\/ul>\n<p>Prijatie proakt\u00edvnych opatren\u00ed na diagnostiku a rie\u0161enie t\u00fdchto probl\u00e9mov m\u00f4\u017ee minimalizova\u0165 prestoje a zv\u00fd\u0161i\u0165 efektivitu va\u0161ej prev\u00e1dzky.<\/p>\n<p><img decoding=\"async\" src=\"https:\/\/www.hydraulic-cylinders.net\/wp-content\/uploads\/2025\/04\/songte-bushings-with-all-kinds-of-excavator-models.webp\" alt=\"Obr\u00e1zok puzdier\"><\/p>\n<h2>Preh\u013ead spolo\u010dnosti<\/h2>\n<p>Sme popredn\u00fdm v\u00fdrobcom a ve\u013ekoobchodn\u00edkom hydraulick\u00fdch valcov, \u0161pecializuj\u00facim sa na poskytovanie vysokokvalitn\u00fdch alternat\u00edvnych valcov pre r\u00f4zne aplik\u00e1cie. N\u00e1\u0161 z\u00e1v\u00e4zok k excelentnosti je pod\u010diarknut\u00fd na\u0161imi pokro\u010dil\u00fdmi strat\u00e9giami riadenia v\u00fdroby, ktor\u00e9 vyu\u017e\u00edvaj\u00fa kvalifikovan\u00fd person\u00e1l a \u0161pi\u010dkov\u00e9 v\u00fdrobn\u00e9 zariadenia. Neust\u00e1le zlep\u0161ujeme na\u0161e v\u00fdrobn\u00e9 procesy, aby sme efekt\u00edvne a presne sp\u013a\u0148ali rozmanit\u00e9 potreby z\u00e1kazn\u00edkov. Na\u0161e certifik\u00e1cie odr\u00e1\u017eaj\u00fa na\u0161u integritu a odhodlanie ku kvalite, zatia\u013e \u010do na\u0161e z\u00e1kazn\u00edcke slu\u017eby zabezpe\u010duj\u00fa, \u017ee dok\u00e1\u017eeme efekt\u00edvne splni\u0165 \u0161pecifick\u00e9 po\u017eiadavky klientov.<\/p>\n<p><img decoding=\"async\" src=\"https:\/\/www.hydraulic-cylinders.net\/wp-content\/uploads\/2025\/04\/songte-company-4.webp\" alt=\"Obr\u00e1zok preh\u013eadu spolo\u010dnosti\"><br \/>\n<img decoding=\"async\" src=\"https:\/\/www.hydraulic-cylinders.net\/wp-content\/uploads\/2025\/04\/songte-company-3.webp\" alt=\"Obr\u00e1zok v\u00fdroby spolo\u010dnosti\"><\/p>\n<p>Autor: lyl<\/p>","protected":false},"excerpt":{"rendered":"<p>Boom Cylinder For Caterpillar Large Excavator E336DL Understanding the Boom Cylinder The boom cylinder is a vital component in the hydraulic system of heavy machinery, particularly in excavators like the Caterpillar E336DL. This hydraulic cylinder is specifically designed to control the movement of the boom, which is responsible for lifting, lowering, and tilting the bucket. [&hellip;]<\/p>","protected":false},"featured_media":17879,"comment_status":"open","ping_status":"closed","template":"","meta":{"_et_pb_use_builder":"","_et_pb_old_content":"","_et_gb_content_width":""},"product_brand":[],"product_cat":[1546],"product_tag":[1547,1496],"class_list":{"0":"post-18967","1":"product","2":"type-product","3":"status-publish","4":"has-post-thumbnail","6":"product_cat-boom-cylinders","7":"product_tag-boom-cylinders","8":"product_tag-hydraulic-cylinders","10":"first","11":"instock","12":"shipping-taxable","13":"product-type-simple"},"amp_enabled":true,"_links":{"self":[{"href":"https:\/\/www.hydraulic-cylinders.net\/sk\/wp-json\/wp\/v2\/product\/18967","targetHints":{"allow":["GET"]}}],"collection":[{"href":"https:\/\/www.hydraulic-cylinders.net\/sk\/wp-json\/wp\/v2\/product"}],"about":[{"href":"https:\/\/www.hydraulic-cylinders.net\/sk\/wp-json\/wp\/v2\/types\/product"}],"replies":[{"embeddable":true,"href":"https:\/\/www.hydraulic-cylinders.net\/sk\/wp-json\/wp\/v2\/comments?post=18967"}],"wp:featuredmedia":[{"embeddable":true,"href":"https:\/\/www.hydraulic-cylinders.net\/sk\/wp-json\/wp\/v2\/media\/17879"}],"wp:attachment":[{"href":"https:\/\/www.hydraulic-cylinders.net\/sk\/wp-json\/wp\/v2\/media?parent=18967"}],"wp:term":[{"taxonomy":"product_brand","embeddable":true,"href":"https:\/\/www.hydraulic-cylinders.net\/sk\/wp-json\/wp\/v2\/product_brand?post=18967"},{"taxonomy":"product_cat","embeddable":true,"href":"https:\/\/www.hydraulic-cylinders.net\/sk\/wp-json\/wp\/v2\/product_cat?post=18967"},{"taxonomy":"product_tag","embeddable":true,"href":"https:\/\/www.hydraulic-cylinders.net\/sk\/wp-json\/wp\/v2\/product_tag?post=18967"}],"curies":[{"name":"pracovn\u00fd list","href":"https:\/\/api.w.org\/{rel}","templated":true}]}}