{"id":18975,"date":"2025-04-07T06:05:00","date_gmt":"2025-04-07T06:05:00","guid":{"rendered":"https:\/\/www.hydraulic-cylinders.net\/product\/boom-cylinder-for-caterpillar-large-excavator-e345dl\/"},"modified":"2025-04-07T06:05:21","modified_gmt":"2025-04-07T06:05:21","slug":"boom-cylinder-for-caterpillar-large-excavator-e345dl","status":"publish","type":"product","link":"https:\/\/www.hydraulic-cylinders.net\/sk\/produkt\/boom-cylinder-for-caterpillar-large-excavator-e345dl\/","title":{"rendered":"Valec v\u00fdlo\u017en\u00edka pre ve\u013ek\u00e9 r\u00fdpadlo Caterpillar E345DL"},"content":{"rendered":"<h1>Valec v\u00fdlo\u017en\u00edka pre ve\u013ek\u00e9 r\u00fdpadlo Caterpillar E345DL<\/h1>\n<h2>\u00davod do valca v\u00fdlo\u017en\u00edka<\/h2>\n<p>Hydraulick\u00fd valec v\u00fdlo\u017en\u00edka je k\u013e\u00fa\u010dovou s\u00fa\u010das\u0165ou hydraulick\u00fdch syst\u00e9mov, \u0161peci\u00e1lne navrhnut\u00fd na riadenie pohybu ly\u017e\u00edc v \u0165a\u017ek\u00fdch strojoch, ako s\u00fa r\u00fdpadl\u00e1, r\u00fdpadlo-naklada\u010de a \u010deln\u00e9 naklada\u010de. Tento hydraulick\u00fd valec umo\u017e\u0148uje zdv\u00edhanie, sp\u00fa\u0161\u0165anie a nakl\u00e1\u0148anie ly\u017eice, \u010do u\u013eah\u010duje efekt\u00edvnu manipul\u00e1ciu s materi\u00e1lom. Kon\u0161trukcia a funk\u010dnos\u0165 valcov v\u00fdlo\u017en\u00edka s\u00fa nevyhnutn\u00e9 pre optimaliz\u00e1ciu v\u00fdkonu r\u00fdpadlov\u00fdch zariaden\u00ed.<\/p>\n<p>V hydraulick\u00fdch syst\u00e9moch funguje valec v\u00fdlo\u017en\u00edka tak, \u017ee premie\u0148a hydraulick\u00fd tlak na mechanick\u00fa silu, \u010do umo\u017e\u0148uje plynul\u00e9 a presn\u00e9 pohyby. T\u00e1to oper\u00e1cia je k\u013e\u00fa\u010dov\u00e1 v stavebn\u00fdch a demola\u010dn\u00fdch prostrediach, kde je potrebn\u00e9 zdv\u00edhanie \u0165a\u017ek\u00fdch bremien a presn\u00e9 umiestnenie materi\u00e1lov. So spr\u00e1vnym valcom v\u00fdlo\u017en\u00edka m\u00f4\u017eu oper\u00e1tori maximalizova\u0165 produktivitu a z\u00e1rove\u0148 minimalizova\u0165 prestoje a probl\u00e9my s \u00fadr\u017ebou.<\/p>\n<p><img decoding=\"async\" src=\"https:\/\/www.hydraulic-cylinders.net\/wp-content\/uploads\/2025\/04\/songte-company-1.webp\" alt=\"Valec v\u00fdlo\u017en\u00edka\" \/><\/p>\n<h2>Vlastnosti valca v\u00fdlo\u017en\u00edka<\/h2>\n<ul>\n<li><strong>Vysok\u00e1 pevnos\u0165 a odolnos\u0165:<\/strong> Valec v\u00fdlo\u017en\u00edka, zvy\u010dajne vyroben\u00fd z vysokopevnostnej ocele alebo hlin\u00edka, je navrhnut\u00fd tak, aby odolal vysok\u00e9mu tlaku a \u0165a\u017ek\u00fdm za\u0165a\u017eeniam, v\u010faka \u010domu je ide\u00e1lny do n\u00e1ro\u010dn\u00fdch pracovn\u00fdch prostred\u00ed.<\/li>\n<li><strong>Efekt\u00edvna hydraulick\u00e1 prev\u00e1dzka:<\/strong> Valec vyu\u017e\u00edva hydraulick\u00fd tlak oleja pre plynul\u00e9 vys\u00favanie a zas\u00favanie, \u010do zabezpe\u010duje r\u00fdchlu odozvu na prev\u00e1dzkov\u00e9 povely a dod\u00e1va siln\u00e9 tlakov\u00e9 a \u0165ahov\u00e9 sily.<\/li>\n<li><strong>R\u00f4zne typy:<\/strong> Valec v\u00fdlo\u017en\u00edka, ktor\u00fd je k dispoz\u00edcii v jedno\u010dinnom (prev\u00e1dzkovom v jednom smere) alebo dvoj\u010dinnom (prev\u00e1dzkovom v oboch smeroch), je mo\u017en\u00e9 prisp\u00f4sobi\u0165 r\u00f4znym prev\u00e1dzkov\u00fdm potreb\u00e1m vr\u00e1tane teleskopick\u00fdch modelov pre v\u00e4\u010d\u0161\u00ed dosah bez zv\u00e4\u010d\u0161enia vonkaj\u0161\u00edch rozmerov.<\/li>\n<li><strong>Dizajn s jednoduchou \u00fadr\u017ebou:<\/strong> Kon\u0161trukcia valca v\u00fdlo\u017en\u00edka zoh\u013ead\u0148uje jednoduch\u00fa \u00fadr\u017ebu, \u010d\u00edm sa zabezpe\u010duje jeho prev\u00e1dzkyschopnos\u0165 s minim\u00e1lnymi prestojmi.<\/li>\n<li><strong>Odolnos\u0165 proti kor\u00f3zii:<\/strong> Valce v\u00fdlo\u017en\u00edka s\u00fa navrhnut\u00e9 tak, aby odol\u00e1vali r\u00f4znym vplyvom, a s\u00fa vybaven\u00e9 prvkami, ktor\u00e9 chr\u00e1nia pred kor\u00f3ziou a opotreben\u00edm, \u010d\u00edm sa predl\u017euje ich \u017eivotnos\u0165.<\/li>\n<\/ul>\n<p>Na\u0161a spolo\u010dnos\u0165 vyr\u00e1ba tento produkt za pr\u00edsnych kontrol kvality, \u010d\u00edm zabezpe\u010duje, \u017ee na\u0161e valce ramena s\u00fa perfektnou n\u00e1hradou za existuj\u00face hydraulick\u00e9 valce.<\/p>\n<p><img decoding=\"async\" src=\"https:\/\/www.hydraulic-cylinders.net\/wp-content\/uploads\/2025\/04\/songte-cylinder-head-with-all-kinds-excavator-models.webp\" alt=\"Modely bagrov\" \/><\/p>\n<h2>Aplik\u00e1cie valca v\u00fdlo\u017en\u00edka<\/h2>\n<h3>Stavebn\u00e9 stroje<\/h3>\n<p>V r\u00fdpadl\u00e1ch s\u00fa valce v\u00fdlo\u017en\u00edka nevyhnutn\u00e9 na kopanie, nakladanie a premiest\u0148ovanie zeminy alebo sutiny. Umo\u017e\u0148uj\u00fa ly\u017eici efekt\u00edvne prenika\u0165 do zeme, \u010do umo\u017e\u0148uje efekt\u00edvne v\u00fdkopov\u00e9 pr\u00e1ce. Kon\u0161trukcia valca v\u00fdlo\u017en\u00edka zabezpe\u010duje, \u017ee zvl\u00e1dne n\u00e1ro\u010dn\u00e9 podmienky staven\u00edsk, kde s\u00fa be\u017en\u00e9 \u0165a\u017ek\u00e9 bremen\u00e1 a drsn\u00e9 podmienky.<\/p>\n<h3>Po\u013enohospod\u00e1rske stroje<\/h3>\n<p>V \u010deln\u00fdch naklada\u010doch umo\u017e\u0148uj\u00fa valce v\u00fdlo\u017en\u00edka zdv\u00edhanie, naberanie a prepravu materi\u00e1lov, ako je p\u00f4da a seno. Ich \u00faloha v po\u013enohospod\u00e1rskych strojoch je k\u013e\u00fa\u010dov\u00e1, preto\u017ee zvy\u0161uj\u00fa schopnos\u0165 strojov vykon\u00e1va\u0165 viacero \u00faloh, \u010d\u00edm efekt\u00edvne zvy\u0161uj\u00fa produktivitu na farm\u00e1ch a po\u013enohospod\u00e1rskych lokalit\u00e1ch.<\/p>\n<h3>R\u00fdpadl\u00e1<\/h3>\n<p>V r\u00fdpadl\u00e1ch umo\u017e\u0148uje valec v\u00fdlo\u017en\u00edka prenikn\u00fa\u0165 ly\u017eici do p\u00f4dy, \u010do u\u013eah\u010duje proces kopania. Regul\u00e1ciou polohy ly\u017eice m\u00f4\u017eu oper\u00e1tori dosiahnu\u0165 presn\u00e9 h\u013abky a uhly kopania, \u010d\u00edm sa zlep\u0161uje celkov\u00e1 efektivita pri v\u00fdkopov\u00fdch pr\u00e1cach.<\/p>\n<h3>Naklada\u010de<\/h3>\n<p>V \u010deln\u00fdch naklada\u010doch pom\u00e1haj\u00fa valce v\u00fdlo\u017en\u00edka efekt\u00edvne zdv\u00edha\u0165 a vyklada\u0165 n\u00e1klad. Ich v\u00fdkonn\u00e9 mo\u017enosti vys\u00favania umo\u017e\u0148uj\u00fa obsluhe \u013eahko manipulova\u0165 s materi\u00e1lom, \u010d\u00edm zefekt\u00edv\u0148uj\u00fa proces nakladania a vykladania.<\/p>\n<h2>\u00davahy o dizajne a krit\u00e9ri\u00e1 v\u00fdberu<\/h2>\n<h3>Nosnos\u0165<\/h3>\n<p>Pri v\u00fdbere valca v\u00fdlo\u017en\u00edka je jedn\u00fdm z hlavn\u00fdch krit\u00e9ri\u00ed jeho nosnos\u0165. Valec mus\u00ed by\u0165 schopn\u00fd zvl\u00e1dnu\u0165 maxim\u00e1lne o\u010dak\u00e1van\u00e9 za\u0165a\u017eenie bez kompromisov v oblasti bezpe\u010dnosti alebo v\u00fdkonu. V\u00fdrobcovia \u010dasto \u0161pecifikuj\u00fa nosnosti na z\u00e1klade rozsiahleho testovania, \u010d\u00edm sa zabezpe\u010d\u00ed, \u017ee valec odol\u00e1 extr\u00e9mnym podmienkam prev\u00e1dzky \u0165a\u017ek\u00fdch strojov. Pochopenie hmotnosti manipulovan\u00fdch materi\u00e1lov a frekvenci\u00ed prev\u00e1dzky je nevyhnutn\u00e9 na ur\u010denie vhodnej nosnosti valca.<\/p>\n<h3>Tesniace mechanizmy<\/h3>\n<p>\u00da\u010dinn\u00e9 utesnenie je \u010fal\u0161\u00edm kritick\u00fdm kon\u0161truk\u010dn\u00fdm h\u013eadiskom. Valec v\u00fdlo\u017en\u00edka mus\u00ed by\u0165 vybaven\u00fd vysoko kvalitn\u00fdmi tesneniami, aby sa zabr\u00e1nilo \u00faniku hydraulickej kvapaliny, \u010do m\u00f4\u017ee vies\u0165 k zn\u00ed\u017eeniu \u00fa\u010dinnosti a mo\u017en\u00e9mu po\u0161kodeniu. Materi\u00e1ly pou\u017eit\u00e9 na tesnenia, ako je polyuret\u00e1n alebo nitrilov\u00e1 guma, musia odol\u00e1va\u0165 opotrebovaniu a kor\u00f3zii a z\u00e1rove\u0148 zachov\u00e1va\u0165 spo\u013eahliv\u00e9 tesnenie pod tlakom. \u00dadr\u017eba t\u00fdchto tesnen\u00ed je nevyhnutn\u00e1 pre zabezpe\u010denie dlhodobej funk\u010dnosti hydraulick\u00e9ho syst\u00e9mu.<\/p>\n<h3>Trvanlivos\u0165<\/h3>\n<p>Pri v\u00fdbere valca v\u00fdlo\u017en\u00edka je k\u013e\u00fa\u010dov\u00e1 odolnos\u0165. Valec by mal by\u0165 vyroben\u00fd z materi\u00e1lov, ktor\u00e9 odol\u00e1vaj\u00fa n\u00e1ro\u010dn\u00fdm pracovn\u00fdm podmienkam vr\u00e1tane vystavenia extr\u00e9mnym teplot\u00e1m, vlhkosti a abraz\u00edvnym materi\u00e1lom. Kon\u0161trukcia by mala obsahova\u0165 prvky, ktor\u00e9 zvy\u0161uj\u00fa odolnos\u0165 vo\u010di opotrebovaniu a zabezpe\u010duj\u00fa, \u017ee si valec zachov\u00e1 svoj v\u00fdkon aj v n\u00e1ro\u010dn\u00fdch podmienkach v priebehu \u010dasu.<\/p>\n<h3>Bezpe\u010dnostn\u00e9 prvky<\/h3>\n<p>Bezpe\u010dnos\u0165 je v hydraulick\u00fdch syst\u00e9moch prvorad\u00e1. Kon\u0161trukcia valca v\u00fdlo\u017en\u00edka by mala zah\u0155\u0148a\u0165 bezpe\u010dnostn\u00e9 prvky, ako s\u00fa pretlakov\u00e9 ventily, ktor\u00e9 zabra\u0148uj\u00fa pre\u0165a\u017eeniu syst\u00e9mu, a robustn\u00e9 mont\u00e1\u017ene syst\u00e9my, ktor\u00e9 zabezpe\u010duj\u00fa bezpe\u010dn\u00e9 pripojenie k strojom. Obsluha si mus\u00ed by\u0165 vedom\u00e1 t\u00fdchto bezpe\u010dnostn\u00fdch prvkov a mus\u00ed zabezpe\u010di\u0165 ich spr\u00e1vne fungovanie, aby sa predi\u0161lo nehod\u00e1m a zraneniam na pracovisku.<\/p>\n<h3>Pr\u00edstupnos\u0165 \u00fadr\u017eby<\/h3>\n<p>Jednoduch\u00e1 \u00fadr\u017eba je tie\u017e kritick\u00fdm kon\u0161truk\u010dn\u00fdm aspektom. Valec v\u00fdlo\u017en\u00edka by mal by\u0165 navrhnut\u00fd tak, aby boli komponenty \u013eahko dostupn\u00e9 pre be\u017en\u00e9 kontroly a opravy. Tento kon\u0161truk\u010dn\u00fd aspekt pom\u00e1ha minimalizova\u0165 prestoje a zabezpe\u010duje, \u017ee stroj zostane prev\u00e1dzkyschopn\u00fd, \u010do v kone\u010dnom d\u00f4sledku zvy\u0161uje produktivitu na pracovisk\u00e1ch. V\u00fdrobcovia by mali zv\u00e1\u017ei\u0165 poskytnutie podrobn\u00fdch servisn\u00fdch manu\u00e1lov, ktor\u00e9 popisuj\u00fa postupy a intervaly \u00fadr\u017eby a pom\u00e1haj\u00fa obsluhe udr\u017eiava\u0165 zariadenie v optim\u00e1lnom stave.<\/p>\n<p><img decoding=\"async\" src=\"https:\/\/www.hydraulic-cylinders.net\/wp-content\/uploads\/2025\/04\/songte-oil-pipes-and-spare-parts.webp\" alt=\"Olejov\u00e9 potrubia a n\u00e1hradn\u00e9 diely\" \/><\/p>\n<h2>Utesnenie a mazanie valca v\u00fdlo\u017en\u00edka<\/h2>\n<p>Tesnenie a mazanie valcov v\u00fdlo\u017en\u00edka s\u00fa nevyhnutn\u00e9 pre zabezpe\u010denie ich efekt\u00edvnej prev\u00e1dzky. R\u00f4zne tesniace komponenty, ako s\u00fa tesnenia piestov a tesnenia ty\u010d\u00ed, zohr\u00e1vaj\u00fa k\u013e\u00fa\u010dov\u00fa \u00falohu pri udr\u017eiavan\u00ed hydraulickej kvapaliny v bezpe\u010d\u00ed. Tesnenia vyroben\u00e9 z odoln\u00fdch materi\u00e1lov, ako je polyuret\u00e1n a nitrilov\u00fd kau\u010duk, pon\u00fakaj\u00fa v\u00fdnimo\u010dn\u00fa odolnos\u0165 vo\u010di opotrebovaniu a dok\u00e1\u017eu odola\u0165 n\u00e1ro\u010dn\u00fdm podmienkam v stavebnom a priemyselnom prostred\u00ed.<\/p>\n<p>Teleso valca a z\u00e1vitov\u00e9 koncov\u00e9 plochy s\u00fa prec\u00edzne opracovan\u00e9, aby sa zlep\u0161ila odolnos\u0165 proti opotrebovaniu, \u010do je rozhoduj\u00face pre minimaliz\u00e1ciu \u00faniku a pred\u013a\u017eenie \u017eivotnosti valca. Pravideln\u00e9 mazanie vhodn\u00fdm hydraulick\u00fdm olejom je nevyhnutn\u00e9 na zabezpe\u010denie plynul\u00e9ho chodu a zn\u00ed\u017eenie trenia medzi pohybliv\u00fdmi \u010das\u0165ami. Toto mazanie by sa malo vykon\u00e1va\u0165 pravidelne, aby sa udr\u017eal optim\u00e1lny v\u00fdkon a predi\u0161lo sa potenci\u00e1lnym probl\u00e9mom s\u00favisiacim s opotrebovan\u00edm.<\/p>\n<h2>Pravideln\u00e1 kontrola a prevent\u00edvna \u00fadr\u017eba<\/h2>\n<ul>\n<li><strong>Vizu\u00e1lna kontrola:<\/strong> Pravidelne vykon\u00e1vajte vizu\u00e1lne kontroly, \u010di nejavia zn\u00e1mky opotrebovania, \u00faniku alebo po\u0161kodenia. To pom\u00e1ha identifikova\u0165 probl\u00e9my sk\u00f4r, ako sa premenia na z\u00e1va\u017enej\u0161ie.<\/li>\n<li><strong>Mazanie:<\/strong> Zabezpe\u010dte, aby boli v\u0161etky pohybliv\u00e9 \u010dasti dostato\u010dne namazan\u00e9, aby sa zn\u00ed\u017eilo trenie a opotrebovanie. Napl\u00e1nujte si mazanie pod\u013ea frekvencie pou\u017e\u00edvania, aby ste udr\u017eali optim\u00e1lny v\u00fdkon.<\/li>\n<li><strong>V\u00fdmena tesnenia:<\/strong> Pravidelne kontrolujte stav tesnen\u00ed a pod\u013ea potreby ich vyme\u0148te, aby ste predi\u0161li \u00faniku hydraulickej kvapaliny, ktor\u00fd by mohol ohrozi\u0165 integritu syst\u00e9mu.<\/li>\n<\/ul>\n<h2>Pokyny na in\u0161tal\u00e1ciu valca ramena<\/h2>\n<p>Spr\u00e1vna in\u0161tal\u00e1cia valca ramena je k\u013e\u00fa\u010dov\u00e1 pre jeho optim\u00e1lny v\u00fdkon a dlh\u00fa \u017eivotnos\u0165. Po\u010das in\u0161tal\u00e1cie dodr\u017eujte nasleduj\u00face kroky:<\/p>\n<ol>\n<li><strong>Pripravte si miesto na mont\u00e1\u017e:<\/strong> Pred in\u0161tal\u00e1ciou vy\u010distite mont\u00e1\u017enu plochu od v\u0161etk\u00fdch ne\u010dist\u00f4t alebo star\u00e9ho tmelu, ktor\u00e9 by mohli prek\u00e1\u017ea\u0165 spr\u00e1vnemu zarovnaniu.<\/li>\n<li><strong>Zarovnajte valec:<\/strong> Hydraulick\u00fd valec starostlivo zarovnajte s mont\u00e1\u017enymi bodmi. V pr\u00edpade potreby pou\u017eite zarovn\u00e1vacie n\u00e1stroje na zabezpe\u010denie presnosti.<\/li>\n<li><strong>Zaistite valec:<\/strong> Na bezpe\u010dn\u00e9 upevnenie valca pou\u017eite vhodn\u00e9 mont\u00e1\u017ene konzoly a upev\u0148ovacie prvky. Uistite sa, \u017ee v\u0161etky spoje s\u00fa pevn\u00e9, aby sa zabr\u00e1nilo ich pohybu po\u010das prev\u00e1dzky.<\/li>\n<li><strong>Pripojenie hydraulick\u00fdch potrub\u00ed:<\/strong> Pripojte hydraulick\u00e9 potrubia k valcu a uistite sa, \u017ee s\u00fa spr\u00e1vne namontovan\u00e9, aby sa predi\u0161lo \u00fanikom.<\/li>\n<li><strong>Testovacia prev\u00e1dzka:<\/strong> Po in\u0161tal\u00e1cii vykonajte sk\u00fa\u0161obn\u00fa prev\u00e1dzku, aby ste sa uistili, \u017ee valec funguje pod\u013ea o\u010dak\u00e1van\u00ed. Skontrolujte tesnos\u0165 a v pr\u00edpade potreby vykonajte \u00fapravy.<\/li>\n<\/ol>\n<h2>Be\u017en\u00e9 \u00falohy \u00fadr\u017eby<\/h2>\n<ul>\n<li><strong>Pravideln\u00e9 kontroly:<\/strong> Napl\u00e1nujte si pravideln\u00e9 kontroly, aby ste skontrolovali netesnosti, opotrebovanie a po\u0161kodenia. V\u010dasn\u00e9 odhalenie m\u00f4\u017ee zabr\u00e1ni\u0165 n\u00e1kladn\u00fdm oprav\u00e1m.<\/li>\n<li><strong>Spr\u00e1vne mazanie:<\/strong> Zabezpe\u010dte, aby bol valec mazan\u00fd pod\u013ea \u0161pecifik\u00e1ci\u00ed v\u00fdrobcu, aby sa zabezpe\u010dila hladk\u00e1 prev\u00e1dzka a pred\u013a\u017eila sa jeho \u017eivotnos\u0165.<\/li>\n<li><strong>V\u00fdmena tesnenia:<\/strong> Opotrebovan\u00e9 alebo po\u0161koden\u00e9 tesnenia okam\u017eite vyme\u0148te, aby ste predi\u0161li \u00faniku hydraulickej kvapaliny a zachovali \u00fa\u010dinnos\u0165 syst\u00e9mu.<\/li>\n<\/ul>\n<p>Spr\u00e1vna in\u0161tal\u00e1cia a zarovnanie valca s\u00fa nevyhnutn\u00e9 pre hladk\u00fd chod. Na upevnenie valca pou\u017eite spr\u00e1vne mont\u00e1\u017ene konzoly a zabezpe\u010dte, aby boli v\u0161etky hydraulick\u00e9 pripojenia pevn\u00e9. Pravidelne kontrolujte, opravujte a pod\u013ea potreby vymie\u0148ajte komponenty, aby ste zachovali funk\u010dnos\u0165 hydraulick\u00e9ho syst\u00e9mu. Dodr\u017eiavanie t\u00fdchto postupov m\u00f4\u017ee v\u00fdrazne pred\u013a\u017ei\u0165 \u017eivotnos\u0165 valca v\u00e1\u0161ho ramena.<\/p>\n<p><img decoding=\"async\" src=\"https:\/\/www.hydraulic-cylinders.net\/wp-content\/uploads\/2025\/04\/songte-chushion-collar.webp\" alt=\"Vank\u00fa\u0161ov\u00fd golier\" \/><\/p>\n<h2>Bezpe\u010dnostn\u00e9 aspekty a faktory prostredia<\/h2>\n<p>Bezpe\u010dnostn\u00e9 opatrenia s\u00fa k\u013e\u00fa\u010dov\u00e9 pri pou\u017e\u00edvan\u00ed valcov ramena v hydraulick\u00fdch syst\u00e9moch. Obsluha mus\u00ed by\u0165 vy\u0161kolen\u00e1, aby rozumela rizik\u00e1m spojen\u00fdm s hydraulick\u00fdmi strojmi a d\u00f4le\u017eitosti dodr\u017eiavania bezpe\u010dnostn\u00fdch protokolov. Pou\u017e\u00edvanie osobn\u00fdch ochrann\u00fdch prostriedkov (OOP) je nevyhnutn\u00e9 na ochranu pracovn\u00edkov pred potenci\u00e1lnymi nebezpe\u010denstvami, ako s\u00fa \u00faniky hydraulickej kvapaliny, ktor\u00e9 m\u00f4\u017eu predstavova\u0165 bezpe\u010dnostn\u00e9 rizik\u00e1 a environment\u00e1lne probl\u00e9my.<\/p>\n<p>Je tie\u017e d\u00f4le\u017eit\u00e9 si uvedomova\u0165 vplyv hydraulickej kvapaliny na \u017eivotn\u00e9 prostredie. Spr\u00e1vna likvid\u00e1cia a nakladanie s hydraulick\u00fdmi kvapalinami s\u00fa nevyhnutn\u00e9 na zabr\u00e1nenie kontamin\u00e1cie p\u00f4dy a vodn\u00fdch zdrojov. Dodr\u017eiavanie environment\u00e1lnych predpisov a osved\u010den\u00fdch postupov m\u00f4\u017ee pom\u00f4c\u0165 zmierni\u0165 vplyv hydraulick\u00fdch syst\u00e9mov na \u017eivotn\u00e9 prostredie.<\/p>\n<h2>Diagnostika por\u00fach a be\u017en\u00e9 probl\u00e9my<\/h2>\n<ul>\n<li><strong>\u00danik kvapaliny:<\/strong> Toto je jeden z naj\u010dastej\u0161\u00edch probl\u00e9mov s hydraulick\u00fdmi valcami. Skontrolujte tesnenia a spoje, \u010di nie s\u00fa opotrebovan\u00e9 alebo po\u0161koden\u00e9, \u010do m\u00f4\u017ee vies\u0165 k netesnostiam.<\/li>\n<li><strong>Pomal\u00e1 prev\u00e1dzka:<\/strong> Ak valec pracuje pomaly, m\u00f4\u017ee to znamena\u0165 n\u00edzku hladinu hydraulickej kvapaliny alebo probl\u00e9m s hydraulick\u00fdm \u010derpadlom. Skontrolujte hladiny kvapal\u00edn a skontrolujte \u010derpadlo, \u010di nie je po\u0161koden\u00e9.<\/li>\n<li><strong>Nezvy\u010dajn\u00e9 zvuky:<\/strong> Nezvy\u010dajn\u00e9 zvuky po\u010das prev\u00e1dzky m\u00f4\u017eu poukazova\u0165 na mechanick\u00e9 probl\u00e9my, ako s\u00fa opotrebovan\u00e9 lo\u017eisk\u00e1 alebo nedostato\u010dn\u00e9 mazanie. Presk\u00famajte zdroj hluku a vykonajte n\u00e1pravn\u00e9 opatrenia.<\/li>\n<\/ul>\n<h2>Tipy a rie\u0161enia probl\u00e9mov<\/h2>\n<p>\u00da\u010dinn\u00e9 rie\u0161enie probl\u00e9mov za\u010d\u00edna identifik\u00e1ciou pr\u00edznakov probl\u00e9mu. V pr\u00edpade \u00faniku kvapaliny skontrolujte tesnenia a armat\u00fary, \u010di nie s\u00fa po\u0161koden\u00e9, a v pr\u00edpade potreby ich vyme\u0148te. Ak valec pracuje pomaly, skontrolujte hladinu hydraulickej kvapaliny a v pr\u00edpade n\u00edzkej hladiny ju dopl\u0148te. Okrem toho skontrolujte hydraulick\u00e9 \u010derpadlo, \u010di nem\u00e1 probl\u00e9my s v\u00fdkonom.<\/p>\n<p>Aby ste minimalizovali potenci\u00e1lne probl\u00e9my, stanovte si pravideln\u00fd pl\u00e1n \u00fadr\u017eby, ktor\u00fd zah\u0155\u0148a kontroly, mazanie a r\u00fdchlu opravu v\u0161etk\u00fdch zisten\u00fdch probl\u00e9mov. Vzdel\u00e1vanie oper\u00e1torov v rozpozn\u00e1van\u00ed v\u010dasn\u00fdch pr\u00edznakov probl\u00e9mov m\u00f4\u017ee \u010falej zn\u00ed\u017ei\u0165 riziko z\u00e1va\u017en\u00fdch por\u00fach.<\/p>\n<p><img decoding=\"async\" src=\"https:\/\/www.hydraulic-cylinders.net\/wp-content\/uploads\/2025\/04\/songte-bushings-with-all-kinds-of-excavator-models.webp\" alt=\"Puzdr\u00e1 pre modely r\u00fdpadiel\" \/><\/p>\n<h2>O na\u0161ej spolo\u010dnosti<\/h2>\n<p>Sme popredn\u00fdm v\u00fdrobcom a ve\u013ekoobchodn\u00edkom n\u00e1hradn\u00fdch hydraulick\u00fdch valcov a poskytujeme \u0161irok\u00fd sortiment produktov na dom\u00e1com aj medzin\u00e1rodnom trhu. N\u00e1\u0161 z\u00e1v\u00e4zok k excelentnosti sa odr\u00e1\u017ea v na\u0161ich prec\u00edznych strat\u00e9gi\u00e1ch riadenia v\u00fdroby, ktor\u00e9 vyu\u017e\u00edvaj\u00fa najmodernej\u0161ie technol\u00f3gie a kvalifikovan\u00fa pracovn\u00fa silu.<\/p>\n<p>Na\u0161e zariadenia s\u00fa vybaven\u00e9 modern\u00fdm digit\u00e1lnym v\u00fdrobn\u00fdm vybaven\u00edm a komplexn\u00fdm syst\u00e9mom kontroly kvality. T\u00e1to kombin\u00e1cia n\u00e1m umo\u017e\u0148uje neust\u00e1le zlep\u0161ova\u0165 na\u0161e v\u00fdrobn\u00e9 kapacity a z\u00e1rove\u0148 efekt\u00edvne uspokojova\u0165 rozmanit\u00e9 potreby z\u00e1kazn\u00edkov. Uprednost\u0148ujeme vysok\u00fa efektivitu, presnos\u0165 a kvalitu, aby sme zabezpe\u010dili, \u017ee na\u0161e produkty prekonaj\u00fa o\u010dak\u00e1vania klientov.<\/p>\n<p>Okrem na\u0161ich v\u00fdrobn\u00fdch kapac\u00edt pon\u00fakame aj z\u00e1kazkov\u00e9 slu\u017eby prisp\u00f4soben\u00e9 \u0161pecifick\u00fdm po\u017eiadavk\u00e1m klientov. Na\u0161e medzin\u00e1rodn\u00e9 certifik\u00e1cie potvrdzuj\u00fa n\u00e1\u0161 z\u00e1v\u00e4zok k \u0161tandardom kvality a bezpe\u010dnosti. Poskytujeme tie\u017e v\u00fdnimo\u010dn\u00fa popredajn\u00fa podporu, ktor\u00e1 zabezpe\u010duje, aby na\u0161i klienti mali pr\u00edstup k potrebnej pomoci po\u010das cel\u00e9ho \u017eivotn\u00e9ho cyklu na\u0161ich produktov.<\/p>\n<p><img decoding=\"async\" src=\"https:\/\/www.hydraulic-cylinders.net\/wp-content\/uploads\/2025\/04\/songte-company-4.webp\" alt=\"Obr\u00e1zok spolo\u010dnosti 1\" \/><br \/>\n<img decoding=\"async\" src=\"https:\/\/www.hydraulic-cylinders.net\/wp-content\/uploads\/2025\/04\/songte-company-3.webp\" alt=\"Obr\u00e1zok spolo\u010dnosti 2\" \/><\/p>\n<p>Autor: lyl<\/p>","protected":false},"excerpt":{"rendered":"<p>Boom Cylinder For Caterpillar Large Excavator E345DL Introduction to Boom Cylinder The Boom Cylinder is a critical component in hydraulic systems, specifically designed to manage the movement of buckets in heavy machinery such as excavators, backhoe loaders, and front loaders. This hydraulic cylinder enables the bucket to lift, lower, and tilt, facilitating efficient material handling [&hellip;]<\/p>","protected":false},"featured_media":17872,"comment_status":"open","ping_status":"closed","template":"","meta":{"_et_pb_use_builder":"","_et_pb_old_content":"","_et_gb_content_width":""},"product_brand":[],"product_cat":[1546],"product_tag":[1547,1496],"class_list":{"0":"post-18975","1":"product","2":"type-product","3":"status-publish","4":"has-post-thumbnail","6":"product_cat-boom-cylinders","7":"product_tag-boom-cylinders","8":"product_tag-hydraulic-cylinders","10":"first","11":"instock","12":"shipping-taxable","13":"product-type-simple"},"amp_enabled":true,"_links":{"self":[{"href":"https:\/\/www.hydraulic-cylinders.net\/sk\/wp-json\/wp\/v2\/product\/18975","targetHints":{"allow":["GET"]}}],"collection":[{"href":"https:\/\/www.hydraulic-cylinders.net\/sk\/wp-json\/wp\/v2\/product"}],"about":[{"href":"https:\/\/www.hydraulic-cylinders.net\/sk\/wp-json\/wp\/v2\/types\/product"}],"replies":[{"embeddable":true,"href":"https:\/\/www.hydraulic-cylinders.net\/sk\/wp-json\/wp\/v2\/comments?post=18975"}],"wp:featuredmedia":[{"embeddable":true,"href":"https:\/\/www.hydraulic-cylinders.net\/sk\/wp-json\/wp\/v2\/media\/17872"}],"wp:attachment":[{"href":"https:\/\/www.hydraulic-cylinders.net\/sk\/wp-json\/wp\/v2\/media?parent=18975"}],"wp:term":[{"taxonomy":"product_brand","embeddable":true,"href":"https:\/\/www.hydraulic-cylinders.net\/sk\/wp-json\/wp\/v2\/product_brand?post=18975"},{"taxonomy":"product_cat","embeddable":true,"href":"https:\/\/www.hydraulic-cylinders.net\/sk\/wp-json\/wp\/v2\/product_cat?post=18975"},{"taxonomy":"product_tag","embeddable":true,"href":"https:\/\/www.hydraulic-cylinders.net\/sk\/wp-json\/wp\/v2\/product_tag?post=18975"}],"curies":[{"name":"pracovn\u00fd list","href":"https:\/\/api.w.org\/{rel}","templated":true}]}}