{"id":18981,"date":"2025-04-07T06:05:35","date_gmt":"2025-04-07T06:05:35","guid":{"rendered":"https:\/\/www.hydraulic-cylinders.net\/product\/boom-cylinder-for-caterpillar-wheel-excavator-m3180\/"},"modified":"2025-04-07T06:05:37","modified_gmt":"2025-04-07T06:05:37","slug":"boom-cylinder-for-caterpillar-wheel-excavator-m3180","status":"publish","type":"product","link":"https:\/\/www.hydraulic-cylinders.net\/sk\/produkt\/boom-cylinder-for-caterpillar-wheel-excavator-m3180\/","title":{"rendered":"Valec v\u00fdlo\u017en\u00edka pre kolesov\u00e9 r\u00fdpadlo Caterpillar M3180"},"content":{"rendered":"<h1>Valec v\u00fdlo\u017en\u00edka pre kolesov\u00e9 r\u00fdpadlo Caterpillar M3180<\/h1>\n<h2>\u00davod do valca v\u00fdlo\u017en\u00edka<\/h2>\n<p>Hydraulick\u00fd valec v\u00fdlo\u017en\u00edka je k\u013e\u00fa\u010dovou s\u00fa\u010das\u0165ou \u0165a\u017ek\u00fdch strojov, najm\u00e4 kolesov\u00fdch r\u00fdpadiel Caterpillar, ako je napr\u00edklad M3180. Tento hydraulick\u00fd valec je \u0161peci\u00e1lne navrhnut\u00fd na ovl\u00e1danie pohybu v\u00fdlo\u017en\u00edka, \u010do je nevyhnutn\u00e9 pre r\u00f4zne \u00falohy, ako je zdv\u00edhanie, sp\u00fa\u0161\u0165anie a nakl\u00e1\u0148anie pr\u00edslu\u0161enstva. Funk\u010dnos\u0165 valca v\u00fdlo\u017en\u00edka je v hydraulick\u00fdch syst\u00e9moch prvorad\u00e1, preto\u017ee p\u00f4sob\u00ed ako hnacia sila, ktor\u00e1 ovl\u00e1da prev\u00e1dzkov\u00e9 schopnosti r\u00fdpadla a umo\u017e\u0148uje efekt\u00edvnu manipul\u00e1ciu s materi\u00e1lom.<\/p>\n<p><img decoding=\"async\" src=\"https:\/\/www.hydraulic-cylinders.net\/wp-content\/uploads\/2025\/04\/songte-company-1.webp\" alt=\"Valec v\u00fdlo\u017en\u00edka\" \/><\/p>\n<h3>Defin\u00edcia a preh\u013ead<\/h3>\n<p>Hydraulick\u00fd valec ly\u017eice, tie\u017e zn\u00e1my ako valec ly\u017eice, je \u0161pecializovan\u00fd hydraulick\u00fd valec pou\u017e\u00edvan\u00fd pri prev\u00e1dzke \u0165a\u017ek\u00fdch strojov. Jeho hlavnou funkciou je umo\u017eni\u0165 pohyb pr\u00edslu\u0161enstva, ako s\u00fa ly\u017eice, \u010do im umo\u017e\u0148uje vykon\u00e1va\u0165 \u00falohy, ako je kopanie, zdv\u00edhanie a nakl\u00e1\u0148anie. V hydraulick\u00fdch syst\u00e9moch tieto valce premie\u0148aj\u00fa hydraulick\u00fd tlak na mechanick\u00fa energiu, \u010do umo\u017e\u0148uje plynul\u00e9 a kontrolovan\u00e9 pohyby potrebn\u00e9 v stavebn\u00edctve, po\u013enohospod\u00e1rstve a r\u00f4znych priemyseln\u00fdch aplik\u00e1ci\u00e1ch. Kon\u0161trukcia valca v\u00fdlo\u017en\u00edka zabezpe\u010duje, \u017ee odol\u00e1 pr\u00edsnym po\u017eiadavk\u00e1m ka\u017edodennej prev\u00e1dzky a zachov\u00e1 si funk\u010dnos\u0165 v n\u00e1ro\u010dn\u00fdch prostrediach.<\/p>\n<h2>K\u013e\u00fa\u010dov\u00e9 vlastnosti valca v\u00fdlo\u017en\u00edka<\/h2>\n<ul>\n<li><strong>Vysok\u00e1 pevnos\u0165 a odolnos\u0165:<\/strong> Valec v\u00fdlo\u017en\u00edka, zvy\u010dajne vyroben\u00fd z vysokopevnostnej ocele alebo hlin\u00edka, je navrhnut\u00fd tak, aby odolal vysok\u00e9mu tlaku a \u0165a\u017ek\u00fdm za\u0165a\u017eeniam. Je skon\u0161truovan\u00fd tak, aby odolal n\u00e1ro\u010dn\u00fdm pracovn\u00fdm podmienkam, \u010do zaru\u010duje dlh\u00fa \u017eivotnos\u0165 a spo\u013eahlivos\u0165.<\/li>\n<li><strong>Efekt\u00edvna hydraulick\u00e1 prev\u00e1dzka:<\/strong> V\u010faka tlaku hydraulickej kvapaliny zabezpe\u010duje valec v\u00fdlo\u017en\u00edka plynul\u00e9 vys\u00favanie a zas\u00favanie, \u010do umo\u017e\u0148uje r\u00fdchlu reakciu na povely oper\u00e1tora a poskytuje zna\u010dn\u00e9 tla\u010dn\u00e9 a \u0165a\u017en\u00e9 sily na manipul\u00e1ciu s \u0165a\u017ek\u00fdmi materi\u00e1lmi.<\/li>\n<li><strong>R\u00f4zne typy:<\/strong> Valec v\u00fdlo\u017en\u00edka je mo\u017en\u00e9 prisp\u00f4sobi\u0165 ako jedno\u010dinn\u00fd alebo dvoj\u010dinn\u00fd, v z\u00e1vislosti od prev\u00e1dzkov\u00fdch potrieb. Niektor\u00e9 modely s\u00fa teleskopick\u00e9, \u010do umo\u017e\u0148uje v\u00e4\u010d\u0161\u00ed dosah bez zv\u00e4\u010d\u0161enia vonkaj\u0161\u00edch rozmerov, v\u010faka \u010domu s\u00fa ide\u00e1lne do stiesnen\u00fdch priestorov.<\/li>\n<li><strong>Z\u00e1kazkov\u00e1 v\u00fdroba:<\/strong> \u0160pecializujeme sa na v\u00fdrobu valcov v\u00fdlo\u017en\u00edka, ktor\u00e9 dok\u00e1\u017eu dokonale nahradi\u0165 existuj\u00face hydraulick\u00e9 valce, \u010d\u00edm zabezpe\u010dujeme optim\u00e1lny v\u00fdkon a kompatibilitu s r\u00f4znymi modelmi r\u00fdpadiel.<\/li>\n<li><strong>Pokro\u010dil\u00e9 dizajnov\u00e9 funkcie:<\/strong> Kon\u0161trukcia valca v\u00fdlo\u017en\u00edka, navrhnut\u00e9ho s oh\u013eadom na odolnos\u0165 vo\u010di opotrebovaniu a prevenciu kor\u00f3zie, predl\u017euje jeho prev\u00e1dzkov\u00fa \u017eivotnos\u0165 a z\u00e1rove\u0148 zabezpe\u010duje maxim\u00e1lnu \u00fa\u010dinnos\u0165 jeho hydraulick\u00fdch funkci\u00ed.<\/li>\n<\/ul>\n<p><img decoding=\"async\" src=\"https:\/\/www.hydraulic-cylinders.net\/wp-content\/uploads\/2025\/04\/songte-cylinder-head-with-all-kinds-excavator-models.webp\" alt=\"Hydraulick\u00fd valec\" \/><\/p>\n<h2>Aplik\u00e1cie valca v\u00fdlo\u017en\u00edka<\/h2>\n<h3>Stavebn\u00e9 stroje<\/h3>\n<p>V r\u00fdpadl\u00e1ch s\u00fa valce v\u00fdlo\u017en\u00edka nevyhnutn\u00e9 pre funkcie v\u00fdkopu, nakladania a prepravy zeminy alebo sutiny. Ke\u010f sa v\u00fdlo\u017en\u00edk ot\u00e1\u010da, ly\u017eica dok\u00e1\u017ee efekt\u00edvne nabera\u0165 a pres\u00fava\u0165 materi\u00e1ly, v\u010faka \u010domu je nevyhnutn\u00e1 pre stavebn\u00e9 a demola\u010dn\u00e9 pr\u00e1ce.<\/p>\n<h3>Po\u013enohospod\u00e1rske stroje<\/h3>\n<p>V \u010deln\u00fdch naklada\u010doch s\u00fa valce v\u00fdlo\u017en\u00edka k\u013e\u00fa\u010dov\u00e9 pre \u00falohy, ako je naberanie, zdv\u00edhanie a preprava p\u00f4dy, sena a in\u00fdch materi\u00e1lov. Ich presn\u00e9 ovl\u00e1danie umo\u017e\u0148uje po\u013enohospod\u00e1rom efekt\u00edvne manipulova\u0165 so sypk\u00fdmi materi\u00e1lmi, \u010d\u00edm sa zvy\u0161uje produktivita na farme.<\/p>\n<h3>R\u00fdpadl\u00e1<\/h3>\n<p>V r\u00fdpadl\u00e1ch umo\u017e\u0148uje valec v\u00fdlo\u017en\u00edka prenikn\u00fa\u0165 ly\u017eici do zeme, \u010do u\u013eah\u010duje efekt\u00edvne kopanie. Jeho kon\u0161trukcia umo\u017e\u0148uje premeni\u0165 hydraulick\u00fa energiu na zna\u010dn\u00fa silu, v\u010faka \u010domu je nevyhnutn\u00fd pre hlbok\u00e9 v\u00fdkopy a premiest\u0148ovanie \u0165a\u017ek\u00fdch bremien.<\/p>\n<h3>Naklada\u010de<\/h3>\n<p>V \u010deln\u00fdch naklada\u010doch pom\u00e1haj\u00fa valce v\u00fdlo\u017en\u00edka efekt\u00edvne zdv\u00edha\u0165 a vyklada\u0165 bremena. Poskytuj\u00fa potrebn\u00fa silu na zdv\u00edhanie \u0165a\u017ek\u00fdch materi\u00e1lov, \u010d\u00edm zabezpe\u010duj\u00fa r\u00fdchle a efekt\u00edvne oper\u00e1cie, ktor\u00e9 s\u00fa k\u013e\u00fa\u010dov\u00e9 v stavebn\u00edctve aj pri manipul\u00e1cii s materi\u00e1lom.<\/p>\n<h2>\u00davahy o dizajne a krit\u00e9ri\u00e1 v\u00fdberu<\/h2>\n<h3>Nosnos\u0165<\/h3>\n<p>Nosnos\u0165 valca v\u00fdlo\u017en\u00edka je kritick\u00fdm faktorom pri jeho kon\u0161trukcii. Mus\u00ed by\u0165 schopn\u00fd zvl\u00e1dnu\u0165 maxim\u00e1lne o\u010dak\u00e1van\u00e9 za\u0165a\u017eenie bez ohrozenia \u0161truktur\u00e1lnej integrity. To si vy\u017eaduje d\u00f4kladn\u00e9 in\u017einierstvo, aby sa zabezpe\u010dilo, \u017ee materi\u00e1ly a kon\u0161truk\u010dn\u00e9 met\u00f3dy odol\u00e1vaj\u00fa prev\u00e1dzkov\u00e9mu nam\u00e1haniu.<\/p>\n<h3>Tesniaci v\u00fdkon<\/h3>\n<p>\u00da\u010dinn\u00e9 tesnenie je nevyhnutn\u00e9 na zabr\u00e1nenie \u00faniku hydraulickej kvapaliny, \u010do m\u00f4\u017ee vies\u0165 k neefekt\u00edvnosti a bezpe\u010dnostn\u00fdm rizik\u00e1m. Na udr\u017eanie tlaku a ochranu pred kontaminantmi sa pou\u017e\u00edvaj\u00fa vysokokvalitn\u00e9 tesnenia vyroben\u00e9 z materi\u00e1lov, ako je polyuret\u00e1n alebo nitrilov\u00fd kau\u010duk.<\/p>\n<h3>Trvanlivos\u0165<\/h3>\n<p>Trvanlivos\u0165 je pre valce ramena prvorad\u00e1, najm\u00e4 preto, \u017ee s\u00fa vystaven\u00e9 extr\u00e9mnym podmienkam. V\u00fdber materi\u00e1lov a povrchov\u00fdch \u00faprav m\u00f4\u017ee v\u00fdrazne ovplyvni\u0165 \u017eivotnos\u0165 valca, preto je d\u00f4le\u017eit\u00e9 vybra\u0165 komponenty ur\u010den\u00e9 na odolnos\u0165 vo\u010di opotrebovaniu a kor\u00f3zii.<\/p>\n<h3>Bezpe\u010dnostn\u00e9 prvky<\/h3>\n<p>Bezpe\u010dnostn\u00e9 prvky vr\u00e1tane pretlakov\u00fdch ventilov a robustnej kon\u0161trukcie s\u00fa nevyhnutn\u00e9 na predch\u00e1dzanie poruch\u00e1m, ktor\u00e9 by mohli vies\u0165 k nehod\u00e1m. Dobre navrhnut\u00e1 f\u013ea\u0161a bude obsahova\u0165 tieto bezpe\u010dnostn\u00e9 mechanizmy, aby sa zabezpe\u010dila spo\u013eahliv\u00e1 prev\u00e1dzka za v\u0161etk\u00fdch okolnost\u00ed.<\/p>\n<h3>Pr\u00edstupnos\u0165 \u00fadr\u017eby<\/h3>\n<p>Navrhovanie valcov ramena s oh\u013eadom na \u00fadr\u017ebu umo\u017e\u0148uje jednoduch\u0161ie kontroly a opravy. Funkcie, ako s\u00fa vymenite\u013en\u00e9 tesnenia a \u013eahko pr\u00edstupn\u00e9 armat\u00fary, m\u00f4\u017eu pom\u00f4c\u0165 zabezpe\u010di\u0165 efekt\u00edvne vykon\u00e1vanie \u00fadr\u017eby, minimalizova\u0165 prestoje a zv\u00fd\u0161i\u0165 produktivitu.<\/p>\n<p><img decoding=\"async\" src=\"https:\/\/www.hydraulic-cylinders.net\/wp-content\/uploads\/2025\/04\/songte-oil-pipes-and-spare-parts.webp\" alt=\"Ropn\u00e9 potrubia\" \/><\/p>\n<h2>Tesnenie a mazanie<\/h2>\n<p>Tesnenie a mazanie s\u00fa z\u00e1kladn\u00fdmi aspektmi udr\u017eiavania \u00fa\u010dinnosti a \u017eivotnosti valcov v\u00fdlo\u017en\u00edka. Na zabr\u00e1nenie \u00faniku hydraulickej kvapaliny sa pou\u017e\u00edvaj\u00fa r\u00f4zne tesnenia vr\u00e1tane tesnen\u00ed piestov a tesnen\u00ed ty\u010d\u00ed. Materi\u00e1ly ako polyuret\u00e1n a nitrilov\u00e1 guma sa vyberaj\u00fa pre svoju trvanlivos\u0165 a odolnos\u0165 vo\u010di opotrebovaniu.<\/p>\n<p>Teleso valca a z\u00e1vitov\u00e9 koncov\u00e9 plochy s\u00fa starostlivo opracovan\u00e9, aby sa zv\u00fd\u0161ila odolnos\u0165 proti opotrebovaniu a u\u013eah\u010dilo spr\u00e1vne utesnenie. Pravideln\u00e9 mazanie hydraulick\u00fdm olejom je nevyhnutn\u00e9 na zn\u00ed\u017eenie trenia a tepla, \u010d\u00edm sa zabezpe\u010d\u00ed plynul\u00e1 prev\u00e1dzka. Dodr\u017eiavanie konzistentn\u00e9ho pl\u00e1nu mazania je k\u013e\u00fa\u010dov\u00e9 pre udr\u017eanie optim\u00e1lneho v\u00fdkonu a pred\u013a\u017eenie \u017eivotnosti valca.<\/p>\n<h2>Opatrenia prevent\u00edvnej \u00fadr\u017eby<\/h2>\n<ul>\n<li><strong>Pravideln\u00e9 kontroly:<\/strong> Vykon\u00e1vanie pravideln\u00fdch kontrol valca ramena pom\u00e1ha identifikova\u0165 opotrebovanie alebo potenci\u00e1lne poruchy sk\u00f4r, ako sa stan\u00fa kritick\u00fdmi probl\u00e9mami. Zah\u0155\u0148a to kontrolu netesnost\u00ed, pos\u00fadenie integrity tesnenia a presk\u00famanie celkov\u00e9ho stavu valca.<\/li>\n<li><strong>Spr\u00e1vne mazanie:<\/strong> Zabezpe\u010denie dostato\u010dn\u00e9ho mazania valca v\u00fdlo\u017en\u00edka hydraulick\u00fdm olejom je nevyhnutn\u00e9 pre minimaliz\u00e1ciu trenia a opotrebenia. Pravideln\u00e9 mazanie zv\u00fd\u0161i v\u00fdkon a \u017eivotnos\u0165 valca.<\/li>\n<li><strong>V\u00fdmena tesnenia:<\/strong> Tesnenia sa \u010dasom opotreb\u00favaj\u00fa a musia sa vymeni\u0165, aby sa zachoval \u00fa\u010dinn\u00fd tesniaci v\u00fdkon. Zave\u010fte postup kontroly a v\u00fdmeny tesnen\u00ed, aby ste predi\u0161li \u00fanikom a zabezpe\u010dili efekt\u00edvnu prev\u00e1dzku.<\/li>\n<\/ul>\n<h2>Pokyny na in\u0161tal\u00e1ciu<\/h2>\n<p>Spr\u00e1vna in\u0161tal\u00e1cia valca v\u00fdlo\u017en\u00edka je k\u013e\u00fa\u010dov\u00e1 pre optim\u00e1lny v\u00fdkon. Za\u010dnite t\u00fdm, \u017ee sa uist\u00edte, \u017ee v\u0161etky komponenty s\u00fa \u010dist\u00e9 a bez ne\u010dist\u00f4t, aby ste predi\u0161li riziku kontamin\u00e1cie. Valec presne zarovnajte s mont\u00e1\u017enymi konzolami a na jeho upevnenie pou\u017eite vhodn\u00e9 mont\u00e1\u017ene n\u00e1stroje. Na udr\u017eanie zarovnania a zabr\u00e1nenie nadmern\u00e9mu nam\u00e1haniu valca po\u010das prev\u00e1dzky je nevyhnutn\u00e9 pou\u017ei\u0165 mont\u00e1\u017ene podpery.<\/p>\n<p>Po in\u0161tal\u00e1cii skontrolujte zarovnanie a uistite sa, \u017ee v\u0161etky hydraulick\u00e9 hadice a spoje s\u00fa spr\u00e1vne namontovan\u00e9, aby sa predi\u0161lo \u00fanikom. Po in\u0161tal\u00e1cii napl\u0148te hydraulick\u00fd syst\u00e9m odpor\u00fa\u010dan\u00fdm typom a mno\u017estvom hydraulickej kvapaliny. Nakoniec vykonajte sk\u00fa\u0161obn\u00fa prev\u00e1dzku, aby ste sa uistili, \u017ee v\u0161etko funguje spr\u00e1vne, a pred pravideln\u00fdm pou\u017e\u00edvan\u00edm vykonajte v\u0161etky potrebn\u00e9 nastavenia.<\/p>\n<h2>Be\u017en\u00e9 \u00falohy \u00fadr\u017eby<\/h2>\n<ul>\n<li><strong>Pravideln\u00e9 kontroly:<\/strong> Pravideln\u00e9 kontroly umo\u017e\u0148uj\u00fa oper\u00e1torom v\u010das odhali\u0165 potenci\u00e1lne probl\u00e9my, ako s\u00fa netesnosti alebo nezvy\u010dajn\u00e9 vzorce opotrebovania. Kontrola valca a okolit\u00fdch komponentov zabezpe\u010duje, \u017ee ak\u00e9ko\u013evek men\u0161ie probl\u00e9my je mo\u017en\u00e9 vyrie\u0161i\u0165 sk\u00f4r, ako sa preh\u013abia do v\u00e4\u010d\u0161\u00edch opr\u00e1v.<\/li>\n<li><strong>Vhodn\u00e9 mazanie:<\/strong> Zabezpe\u010denie mazania valca ramena pod\u013ea pokynov v\u00fdrobcu je k\u013e\u00fa\u010dov\u00e9 pre udr\u017eanie jeho v\u00fdkonu. Spr\u00e1vne mazanie zni\u017euje trenie a opotrebovanie, \u010do umo\u017e\u0148uje plynulej\u0161iu prev\u00e1dzku a predl\u017euje \u017eivotnos\u0165 valca.<\/li>\n<li><strong>V\u00fdmena tesnenia:<\/strong> Pravidelne kontrolujte stav tesnen\u00ed a v pr\u00edpade potreby ich vyme\u0148te, aby ste predi\u0161li \u00faniku hydraulickej kvapaliny. T\u00fdm sa zabezpe\u010d\u00ed, \u017ee valec bude pracova\u0165 s maxim\u00e1lnou \u00fa\u010dinnos\u0165ou a zabr\u00e1ni sa potenci\u00e1lnym poruch\u00e1m hydraulickej kvapaliny.<\/li>\n<\/ul>\n<p><img decoding=\"async\" src=\"https:\/\/www.hydraulic-cylinders.net\/wp-content\/uploads\/2025\/04\/songte-chushion-collar.webp\" alt=\"Vank\u00fa\u0161ov\u00fd golier\" \/><\/p>\n<h2>Bezpe\u010dnostn\u00e9 aspekty a faktory prostredia<\/h2>\n<p>Pri pou\u017e\u00edvan\u00ed hydraulick\u00fdch valcov ramena je nevyhnutn\u00e9 uprednostni\u0165 bezpe\u010dnostn\u00e9 opatrenia. Obsluha by mala v\u017edy nosi\u0165 vhodn\u00e9 ochrann\u00e9 prostriedky a dodr\u017eiava\u0165 bezpe\u010dnostn\u00e9 protokoly, aby sa minimalizovalo riziko neh\u00f4d. Pre bezpe\u010dn\u00e9 pou\u017e\u00edvanie je nevyhnutn\u00e9 pochopenie prev\u00e1dzkov\u00fdch limitov valca ramena a zabezpe\u010denie riadneho za\u0161kolenia person\u00e1lu. Okrem toho by sa mali zv\u00e1\u017ei\u0165 aj vplyvy na \u017eivotn\u00e9 prostredie vr\u00e1tane spr\u00e1vnej likvid\u00e1cie hydraulick\u00fdch kvapal\u00edn a \u00fadr\u017eby zariaden\u00ed, aby sa predi\u0161lo \u00fanikom, ktor\u00e9 m\u00f4\u017eu po\u0161kodi\u0165 \u017eivotn\u00e9 prostredie.<\/p>\n<h2>Diagnostika por\u00fach a be\u017en\u00e9 probl\u00e9my<\/h2>\n<ul>\n<li><strong>\u00daniky hydraulickej kvapaliny:<\/strong> Netesnosti m\u00f4\u017eu \u010dasto nazna\u010dova\u0165 opotrebovan\u00e9 tesnenia alebo po\u0161koden\u00e9 komponenty. Pravideln\u00e1 kontrola a \u00fadr\u017eba s\u00fa k\u013e\u00fa\u010dov\u00e9 pre v\u010dasn\u00fa identifik\u00e1ciu t\u00fdchto probl\u00e9mov a zabr\u00e1nenie \u00faniku kvapaliny.<\/li>\n<li><strong>Pomal\u00e1 prev\u00e1dzka:<\/strong> Pomaly funguj\u00faci valec v\u00fdlo\u017en\u00edka m\u00f4\u017ee nazna\u010dova\u0165 n\u00edzku hladinu hydraulickej kvapaliny alebo kontamin\u00e1ciu v syst\u00e9me. Kontrola hladiny a kvality kvapal\u00edn je nevyhnutn\u00e1 pre zabezpe\u010denie optim\u00e1lneho v\u00fdkonu.<\/li>\n<li><strong>Nezvy\u010dajn\u00e9 zvuky:<\/strong> Netypick\u00e9 zvuky po\u010das prev\u00e1dzky m\u00f4\u017eu nazna\u010dova\u0165 mechanick\u00e9 probl\u00e9my, ako je nespr\u00e1vne zarovnanie alebo vn\u00fatorn\u00e9 po\u0161kodenie. Na zabr\u00e1nenie \u010fal\u0161iemu po\u0161kodeniu je potrebn\u00e9 okam\u017eit\u00e9 vy\u0161etrenie.<\/li>\n<\/ul>\n<h2>Tipy na rie\u0161enie probl\u00e9mov<\/h2>\n<p>Ak chcete efekt\u00edvne rie\u0161i\u0165 probl\u00e9my s valcom v\u00fdlo\u017en\u00edka, za\u010dnite kontrolou hladiny hydraulickej kvapaliny a h\u013eadan\u00edm netesnost\u00ed v tesneniach. Pravideln\u00e1 \u00fadr\u017eba m\u00f4\u017ee pred\u00eds\u0165 mnoh\u00fdm be\u017en\u00fdm probl\u00e9mom, preto sa uistite, \u017ee dodr\u017eiavate spr\u00e1vne postupy mazania. Ak probl\u00e9my pretrv\u00e1vaj\u00fa, pozrite si pokyny v\u00fdrobcu, kde n\u00e1jdete konkr\u00e9tne kroky na rie\u0161enie probl\u00e9mov, a zv\u00e1\u017ete zapojenie kvalifikovan\u00fdch technikov do podrobn\u00fdch kontrol a opr\u00e1v.<\/p>\n<p><img decoding=\"async\" src=\"https:\/\/www.hydraulic-cylinders.net\/wp-content\/uploads\/2025\/04\/songte-bushings-with-all-kinds-of-excavator-models.webp\" alt=\"Puzdr\u00e1\" \/><\/p>\n<h2>Preh\u013ead spolo\u010dnosti<\/h2>\n<p>Sme popredn\u00fdm v\u00fdrobcom n\u00e1hradn\u00fdch hydraulick\u00fdch valcov, \u0161pecializuj\u00facim sa na komplexn\u00fd sortiment produktov, ktor\u00e9 uspokoja dom\u00e1ci aj medzin\u00e1rodn\u00fd trh. N\u00e1\u0161 z\u00e1v\u00e4zok k excelentnosti sa odr\u00e1\u017ea v na\u0161ich strat\u00e9gi\u00e1ch presnej v\u00fdroby, ktor\u00e9 s\u00fa podporen\u00e9 pokro\u010dil\u00fdmi technol\u00f3giami a kvalifikovan\u00fdmi odborn\u00edkmi. Uprednost\u0148ujeme zabezpe\u010denie kvality prostredn\u00edctvom pr\u00edsneho testovania a dodr\u017eiavania medzin\u00e1rodn\u00fdch noriem, \u010d\u00edm zabezpe\u010dujeme, aby na\u0161e produkty sp\u013a\u0148ali najvy\u0161\u0161ie \u0161tandardy.<\/p>\n<p>Na\u0161e v\u00fdrobn\u00e9 kapacity s\u00fa doplnen\u00e9 najmodernej\u0161\u00edm vybaven\u00edm, ktor\u00e9 n\u00e1m umo\u017e\u0148uje pon\u00faka\u0165 rie\u0161enia na mieru prisp\u00f4soben\u00e9 \u0161pecifik\u00e1ci\u00e1m klienta. Okrem toho sme hrd\u00ed na to, \u017ee poskytujeme v\u00fdnimo\u010dn\u00fa popredajn\u00fa podporu, \u010d\u00edm zabezpe\u010dujeme, aby na\u0161i klienti dostali poradenstvo a slu\u017eby, ktor\u00e9 potrebuj\u00fa pre optim\u00e1lny v\u00fdkon produktu.<\/p>\n<p><img decoding=\"async\" src=\"https:\/\/www.hydraulic-cylinders.net\/wp-content\/uploads\/2025\/04\/songte-company-4.webp\" alt=\"Preh\u013ead spolo\u010dnosti\" \/><br \/>\n<img decoding=\"async\" src=\"https:\/\/www.hydraulic-cylinders.net\/wp-content\/uploads\/2025\/04\/songte-company-3.webp\" alt=\"Preh\u013ead spolo\u010dnosti\" \/><\/p>\n<p>Autor: lyl<\/p>","protected":false},"excerpt":{"rendered":"<p>Boom Cylinder For Caterpillar Wheel Excavator M3180 Introduction to Boom Cylinder The Boom Cylinder is a critical component found in heavy machinery, particularly in Caterpillar Wheel Excavators like the M3180. This hydraulic cylinder is specifically designed to control the boom&#8217;s movement, which is essential for various tasks such as lifting, lowering, and tilting the attachment. [&hellip;]<\/p>","protected":false},"featured_media":17878,"comment_status":"open","ping_status":"closed","template":"","meta":{"_et_pb_use_builder":"","_et_pb_old_content":"","_et_gb_content_width":""},"product_brand":[],"product_cat":[1546],"product_tag":[1547,1496],"class_list":{"0":"post-18981","1":"product","2":"type-product","3":"status-publish","4":"has-post-thumbnail","6":"product_cat-boom-cylinders","7":"product_tag-boom-cylinders","8":"product_tag-hydraulic-cylinders","10":"first","11":"instock","12":"shipping-taxable","13":"product-type-simple"},"amp_enabled":true,"_links":{"self":[{"href":"https:\/\/www.hydraulic-cylinders.net\/sk\/wp-json\/wp\/v2\/product\/18981","targetHints":{"allow":["GET"]}}],"collection":[{"href":"https:\/\/www.hydraulic-cylinders.net\/sk\/wp-json\/wp\/v2\/product"}],"about":[{"href":"https:\/\/www.hydraulic-cylinders.net\/sk\/wp-json\/wp\/v2\/types\/product"}],"replies":[{"embeddable":true,"href":"https:\/\/www.hydraulic-cylinders.net\/sk\/wp-json\/wp\/v2\/comments?post=18981"}],"wp:featuredmedia":[{"embeddable":true,"href":"https:\/\/www.hydraulic-cylinders.net\/sk\/wp-json\/wp\/v2\/media\/17878"}],"wp:attachment":[{"href":"https:\/\/www.hydraulic-cylinders.net\/sk\/wp-json\/wp\/v2\/media?parent=18981"}],"wp:term":[{"taxonomy":"product_brand","embeddable":true,"href":"https:\/\/www.hydraulic-cylinders.net\/sk\/wp-json\/wp\/v2\/product_brand?post=18981"},{"taxonomy":"product_cat","embeddable":true,"href":"https:\/\/www.hydraulic-cylinders.net\/sk\/wp-json\/wp\/v2\/product_cat?post=18981"},{"taxonomy":"product_tag","embeddable":true,"href":"https:\/\/www.hydraulic-cylinders.net\/sk\/wp-json\/wp\/v2\/product_tag?post=18981"}],"curies":[{"name":"pracovn\u00fd list","href":"https:\/\/api.w.org\/{rel}","templated":true}]}}