{"id":18982,"date":"2025-04-07T06:05:37","date_gmt":"2025-04-07T06:05:37","guid":{"rendered":"https:\/\/www.hydraulic-cylinders.net\/product\/boom-cylinder-for-caterpillar-wheel-excavator-m315dz\/"},"modified":"2025-04-07T06:05:40","modified_gmt":"2025-04-07T06:05:40","slug":"boom-cylinder-for-caterpillar-wheel-excavator-m315dz","status":"publish","type":"product","link":"https:\/\/www.hydraulic-cylinders.net\/sk\/produkt\/boom-cylinder-for-caterpillar-wheel-excavator-m315dz\/","title":{"rendered":"Valec v\u00fdlo\u017en\u00edka pre kolesov\u00e9 r\u00fdpadlo Caterpillar M315DZ"},"content":{"rendered":"<h1>Valec v\u00fdlo\u017en\u00edka pre kolesov\u00e9 r\u00fdpadlo Caterpillar M315DZ<\/h1>\n<h2>Preh\u013ead produktu<\/h2>\n<p>Hydraulick\u00fd valec v\u00fdlo\u017en\u00edka pre kolesov\u00e9 r\u00fdpadlo Caterpillar M315DZ je k\u013e\u00fa\u010dov\u00fd hydraulick\u00fd komponent ur\u010den\u00fd na zlep\u0161enie funk\u010dnosti r\u00fdpadiel. Tento hydraulick\u00fd valec zohr\u00e1va d\u00f4le\u017eit\u00fa \u00falohu pri ovl\u00e1dan\u00ed pohybu v\u00fdlo\u017en\u00edka a u\u013eah\u010duje r\u00f4zne oper\u00e1cie, ako je zdv\u00edhanie, sp\u00fa\u0161\u0165anie a nakl\u00e1\u0148anie ly\u017eice. V\u010faka vyu\u017eitiu hydraulickej kvapaliny a tlaku umo\u017e\u0148uje valec v\u00fdlo\u017en\u00edka \u0165a\u017ek\u00fdm strojom vykon\u00e1va\u0165 z\u00e1kladn\u00e9 \u00falohy v stavebn\u00edctve, po\u013enohospod\u00e1rstve a in\u00fdch odvetviach.<\/p>\n<p><img decoding=\"async\" src=\"https:\/\/www.hydraulic-cylinders.net\/wp-content\/uploads\/2025\/04\/songte-company-1.webp\" alt=\"Valec v\u00fdlo\u017en\u00edka pre bager\" \/><\/p>\n<h2>Vlastnosti valca v\u00fdlo\u017en\u00edka<\/h2>\n<ul>\n<li><strong>Vysok\u00e1 pevnos\u0165 a odolnos\u0165:<\/strong> Tento valec je vyroben\u00fd z vysokopevnostnej ocele alebo hlin\u00edka, tak\u017ee odol\u00e1 vysok\u00e9mu tlaku a \u0165a\u017ek\u00e9mu za\u0165a\u017eeniu, v\u010faka \u010domu je vhodn\u00fd do n\u00e1ro\u010dn\u00fdch pracovn\u00fdch prostred\u00ed. Jeho kon\u0161trukcia tie\u017e zoh\u013ead\u0148uje odolnos\u0165 vo\u010di opotrebovaniu a kor\u00f3zii, \u010d\u00edm sa predl\u017euje jeho \u017eivotnos\u0165.<\/li>\n<li><strong>Efekt\u00edvna hydraulick\u00e1 prev\u00e1dzka:<\/strong> Valec v\u00fdlo\u017en\u00edka vyu\u017e\u00edva tlak hydraulickej kvapaliny pre plynul\u00e9 vys\u00favanie a zas\u00favanie, r\u00fdchlo reaguje na ovl\u00e1dacie povely a poskytuje siln\u00e9 tla\u010dn\u00e9 a \u0165ahov\u00e9 sily, ide\u00e1lne na manipul\u00e1ciu s \u0165a\u017ek\u00fdmi bremenami a zlo\u017eit\u00e9 oper\u00e1cie.<\/li>\n<li><strong>R\u00f4zne typy:<\/strong> Dostupn\u00e9 v jedno\u010dinnom (prev\u00e1dzkovom v jednom smere) alebo dvoj\u010dinnom (prev\u00e1dzkovom v oboch smeroch) preveden\u00ed, pri\u010dom niektor\u00e9 modely s\u00fa teleskopick\u00e9 pre v\u00e4\u010d\u0161\u00ed dosah bez zv\u00e4\u010d\u0161enia vonkaj\u0161\u00edch rozmerov, vhodn\u00e9 pre stiesnen\u00e9 priestory.<\/li>\n<li><strong>Kompatibiln\u00e1 n\u00e1hrada:<\/strong> Na\u0161e produkty dok\u00e1\u017eu dokonale nahradi\u0165 existuj\u00face hydraulick\u00e9 valce, \u010d\u00edm zabezpe\u010dia bezprobl\u00e9mov\u00fa integr\u00e1ciu a funk\u010dnos\u0165 vo va\u0161om strojovom zariaden\u00ed.<\/li>\n<\/ul>\n<p><img decoding=\"async\" src=\"https:\/\/www.hydraulic-cylinders.net\/wp-content\/uploads\/2025\/04\/songte-cylinder-head-with-all-kinds-excavator-models.webp\" alt=\"V\u00fdmena hydraulick\u00e9ho valca\" \/><\/p>\n<h2>Scen\u00e1re aplik\u00e1ci\u00ed<\/h2>\n<h3>Stavebn\u00e9 stroje<\/h3>\n<p>V r\u00fdpadl\u00e1ch s\u00fa valce v\u00fdlo\u017en\u00edka nevyhnutn\u00e9 na kopanie, nakladanie a premiest\u0148ovanie zeminy alebo sutiny. U\u013eah\u010duj\u00fa proces v\u00fdkopu t\u00fdm, \u017ee umo\u017e\u0148uj\u00fa v\u00fdlo\u017en\u00edku prenikn\u00fa\u0165 do zeme a efekt\u00edvne zdv\u00edha\u0165 materi\u00e1ly. V r\u00fdpadlo-naklada\u010doch pom\u00e1haj\u00fa pri kopan\u00ed aj zdv\u00edhan\u00ed, \u010d\u00edm zvy\u0161uj\u00fa produktivitu na stavenisk\u00e1ch.<\/p>\n<h3>Po\u013enohospod\u00e1rske stroje<\/h3>\n<p>Valce v\u00fdlo\u017en\u00edka, ktor\u00e9 sa pou\u017e\u00edvaj\u00fa v \u010deln\u00fdch naklada\u010doch, s\u00fa k\u013e\u00fa\u010dov\u00e9 pre naberanie, zdv\u00edhanie a prepravu p\u00f4dy, sena a in\u00fdch materi\u00e1lov. Poskytuj\u00fa potrebn\u00fa pevnos\u0165 na vykon\u00e1vanie po\u013enohospod\u00e1rskych \u00faloh, \u010d\u00edm zabezpe\u010duj\u00fa efekt\u00edvnu manipul\u00e1ciu s materi\u00e1lom a zlep\u0161uj\u00fa celkov\u00fa efektivitu po\u013enohospod\u00e1rstva.<\/p>\n<h3>R\u00fdpadl\u00e1<\/h3>\n<p>V r\u00fdpadl\u00e1ch umo\u017e\u0148uje valec v\u00fdlo\u017en\u00edka prenikn\u00fa\u0165 do p\u00f4dy, \u010do umo\u017e\u0148uje kopanie. Toto hydraulick\u00e9 ovl\u00e1danie je nevyhnutn\u00e9 pre dosiahnutie po\u017eadovanej h\u013abky kopania a \u00fa\u010dinnosti, v\u010faka \u010domu s\u00fa r\u00fdpadl\u00e1 nevyhnutn\u00e9 v r\u00f4znych odvetviach.<\/p>\n<h3>Naklada\u010de<\/h3>\n<p>V \u010deln\u00fdch naklada\u010doch valce v\u00fdlo\u017en\u00edka efekt\u00edvne pom\u00e1haj\u00fa pri zdv\u00edhan\u00ed a vykladan\u00ed bremien. Zabezpe\u010duj\u00fa plynul\u00fd chod, \u010do umo\u017e\u0148uje obsluhe \u013eahko manipulova\u0165 s r\u00f4znymi materi\u00e1lmi, \u010d\u00edm sa v\u00fdrazne zlep\u0161uj\u00fa procesy nakladania a vykladania.<\/p>\n<h2>\u00davahy o dizajne a krit\u00e9ri\u00e1 v\u00fdberu<\/h2>\n<h3>Nosnos\u0165<\/h3>\n<p>Nosnos\u0165 valca v\u00fdlo\u017en\u00edka je k\u013e\u00fa\u010dov\u00fdm faktorom pre zabezpe\u010denie toho, aby zvl\u00e1dol maxim\u00e1lne o\u010dak\u00e1van\u00e9 za\u0165a\u017eenie po\u010das prev\u00e1dzky. To zah\u0155\u0148a d\u00f4kladn\u00e9 v\u00fdpo\u010dty a testovanie, aby sa zabezpe\u010dila spo\u013eahlivos\u0165 a bezpe\u010dnos\u0165 v r\u00f4znych pracovn\u00fdch podmienkach.<\/p>\n<h3>Tesnenie<\/h3>\n<p>\u00da\u010dinn\u00e9 tesnenie je nevyhnutn\u00e9 na zabr\u00e1nenie \u00faniku hydraulickej kvapaliny, \u010do m\u00f4\u017ee ohrozi\u0165 \u00fa\u010dinnos\u0165 a bezpe\u010dnos\u0165 valca. Musia sa vybra\u0165 vysokokvalitn\u00e9 tesnenia vyroben\u00e9 z odoln\u00fdch materi\u00e1lov, ktor\u00e9 odol\u00e1vaj\u00fa p\u00f4sobiacim sil\u00e1m a zabezpe\u010duj\u00fa tak dlh\u00fa \u017eivotnos\u0165 produktu.<\/p>\n<h3>Trvanlivos\u0165<\/h3>\n<p>Trvanlivos\u0165 valca ramena je prvorad\u00e1, preto\u017ee pracuje v n\u00e1ro\u010dn\u00fdch prostrediach. Materi\u00e1ly a kon\u0161trukcia musia by\u0165 starostlivo vybran\u00e9, aby odol\u00e1vali opotrebovaniu, \u010d\u00edm sa zabezpe\u010d\u00ed dlh\u00e1 \u017eivotnos\u0165 a zn\u00ed\u017ei sa frekvencia v\u00fdmen.<\/p>\n<h3>Bezpe\u010dnos\u0165<\/h3>\n<p>Bezpe\u010dnostn\u00e9 prvky musia by\u0165 integrovan\u00e9 do kon\u0161trukcie, aby sa predi\u0161lo nehod\u00e1m po\u010das prev\u00e1dzky. Patria sem mechanizmy ochrany proti pre\u0165a\u017eeniu a poistn\u00e9 ventily na regul\u00e1ciu tlaku, \u010d\u00edm sa zabezpe\u010d\u00ed bezpe\u010dnos\u0165 zariadenia aj obsluhy po\u010das pou\u017e\u00edvania.<\/p>\n<h3>\u00dadr\u017eba<\/h3>\n<p>\u010eal\u0161\u00edm d\u00f4le\u017eit\u00fdm faktorom je jednoduchos\u0165 \u00fadr\u017eby. Kon\u0161trukcia by mala umo\u017e\u0148ova\u0165 jednoduch\u00fd pr\u00edstup pri kontrol\u00e1ch, oprav\u00e1ch a v\u00fdmen\u00e1ch, \u010do by u\u013eah\u010dovalo pravideln\u00fa \u00fadr\u017ebu a minimalizovalo prestoje.<\/p>\n<p><img decoding=\"async\" src=\"https:\/\/www.hydraulic-cylinders.net\/wp-content\/uploads\/2025\/04\/songte-oil-pipes-and-spare-parts.webp\" alt=\"Hydraulick\u00e9 komponenty\" \/><\/p>\n<h2>Tesnenie a mazanie<\/h2>\n<p>V\u00fdkon hydraulick\u00fdch valcov vo ve\u013ekej miere z\u00e1vis\u00ed od \u00fa\u010dinn\u00fdch tesniacich a mazac\u00edch mechanizmov. R\u00f4zne tesnenia, ako s\u00fa piestne tesnenia a tesnenia ty\u010d\u00ed, s\u00fa k\u013e\u00fa\u010dov\u00e9 pre zabr\u00e1nenie \u00faniku hydraulickej kvapaliny. Tesnenia vyroben\u00e9 z polyuret\u00e1nu, nitrilovej gumy a in\u00fdch materi\u00e1lov odoln\u00fdch vo\u010di oderu s\u00fa uprednost\u0148ovan\u00e9 pre svoju odolnos\u0165. Okrem toho musia by\u0165 teleso valca a z\u00e1vitov\u00e9 konce jemne opracovan\u00e9, aby sa zv\u00fd\u0161ila odolnos\u0165 proti opotrebovaniu. Pravideln\u00e9 mazanie vhodn\u00fdm hydraulick\u00fdm olejom je nevyhnutn\u00e9 na zn\u00ed\u017eenie trenia a pred\u013a\u017eenie \u017eivotnosti valca.<\/p>\n<h2>Pravideln\u00e1 kontrola a prevent\u00edvna \u00fadr\u017eba<\/h2>\n<ul>\n<li><strong>Rutinn\u00e1 kontrola:<\/strong> Pravideln\u00e9 kontroly by sa mali vykon\u00e1va\u0165, aby sa identifikovali ak\u00e9ko\u013evek zn\u00e1mky opotrebovania alebo po\u0161kodenia. V\u010dasn\u00e9 rie\u0161enie men\u0161\u00edch probl\u00e9mov m\u00f4\u017ee v bud\u00facnosti zabr\u00e1ni\u0165 v\u00e4\u010d\u0161\u00edm oprav\u00e1m.<\/li>\n<li><strong>Vhodn\u00e9 mazanie:<\/strong> Pre optim\u00e1lny v\u00fdkon valca je nevyhnutn\u00e9 zabezpe\u010di\u0165, aby bola hladina hydraulick\u00e9ho oleja dostato\u010dn\u00e1 a aby bol pou\u017eit\u00fd spr\u00e1vny typ oleja.<\/li>\n<li><strong>V\u00fdmena tesnenia:<\/strong> Tesnenia by sa mali vymie\u0148a\u0165 v r\u00e1mci be\u017enej \u00fadr\u017eby, aby sa predi\u0161lo \u00fanikom a zabezpe\u010dila sa efekt\u00edvna prev\u00e1dzka valca.<\/li>\n<\/ul>\n<h2>In\u0161tala\u010dn\u00e1 pr\u00edru\u010dka<\/h2>\n<p>Spr\u00e1vna in\u0161tal\u00e1cia valca ramena je k\u013e\u00fa\u010dov\u00e1 pre optim\u00e1lny v\u00fdkon. Za\u010dnite t\u00fdm, \u017ee sa uist\u00edte, \u017ee v\u0161etky komponenty s\u00fa \u010dist\u00e9 a bez ne\u010dist\u00f4t. Spr\u00e1vne zarovnajte valec s mont\u00e1\u017enymi bodmi; nespr\u00e1vne zarovnanie m\u00f4\u017ee vies\u0165 k pred\u010dasn\u00e9mu opotrebovaniu a poruche. Na upevnenie valca na mieste pou\u017eite vhodn\u00e9 mont\u00e1\u017ene konzoly. Uistite sa, \u017ee hydraulick\u00e9 pripojenia s\u00fa tesn\u00e9 a bez \u00fanikov. Po in\u0161tal\u00e1cii skontrolujte v\u0161etky funkcie valca, aby ste sa uistili, \u017ee funguje hladko a pod\u013ea o\u010dak\u00e1vania. Pravidelne kontrolujte in\u0161tal\u00e1ciu, aby ste sa uistili, \u017ee komponenty zost\u00e1vaj\u00fa bezpe\u010dn\u00e9 a zarovnan\u00e9.<\/p>\n<h2>\u00dalohy \u00fadr\u017eby<\/h2>\n<ul>\n<li><strong>Pravideln\u00e9 kontroly:<\/strong> Vykon\u00e1vanie pravideln\u00fdch kontrol pom\u00e1ha v\u010das identifikova\u0165 potenci\u00e1lne probl\u00e9my. Po\u010das prev\u00e1dzky h\u013eadajte netesnosti, opotrebovanie tesnen\u00ed a ak\u00e9ko\u013evek abnorm\u00e1lne zvuky.<\/li>\n<li><strong>Spr\u00e1vne mazanie:<\/strong> Pravidelne nama\u017ete valec vhodn\u00fdm hydraulick\u00fdm olejom, aby ste minimalizovali trenie, ktor\u00e9 m\u00f4\u017ee vies\u0165 k opotrebovaniu.<\/li>\n<li><strong>V\u00fdmena tesnenia:<\/strong> Sledujte tesnenia, \u010di nevykazuj\u00fa zn\u00e1mky opotrebovania, a okam\u017eite ich vyme\u0148te, aby ste predi\u0161li \u00faniku hydraulickej kvapaliny a udr\u017eali tlak v syst\u00e9me.<\/li>\n<\/ul>\n<h2>Bezpe\u010dnostn\u00e9 aspekty a faktory prostredia<\/h2>\n<p>Pri pou\u017e\u00edvan\u00ed hydraulick\u00fdch valcov je implement\u00e1cia bezpe\u010dnostn\u00fdch opatren\u00ed k\u013e\u00fa\u010dov\u00e1. Obsluha by mala by\u0165 vy\u0161kolen\u00e1 v spr\u00e1vnom pou\u017e\u00edvan\u00ed a bezpe\u010dnostn\u00fdch protokoloch, aby sa predi\u0161lo nehod\u00e1m. D\u00f4le\u017eit\u00fa \u00falohu zohr\u00e1vaj\u00fa aj environment\u00e1lne aspekty; zabezpe\u010denie spr\u00e1vneho zaobch\u00e1dzania s hydraulick\u00fdmi kvapalinami zabra\u0148uje rozliatiu a kontamin\u00e1cii.<\/p>\n<h2>Rie\u0161enie be\u017en\u00fdch probl\u00e9mov<\/h2>\n<ul>\n<li><strong>\u00danik:<\/strong> Skontrolujte tesnenia a spoje, \u010di nie s\u00fa po\u0161koden\u00e9 alebo opotrebovan\u00e9. Vyme\u0148te v\u0161etky chybn\u00e9 tesnenia a uistite sa, \u017ee spoje s\u00fa tesn\u00e9, aby ste odstr\u00e1nili netesnosti.<\/li>\n<li><strong>Nekonzistentn\u00fd pohyb:<\/strong> Skontrolujte hladinu hydraulickej kvapaliny a skontrolujte, \u010di sa v syst\u00e9me nenach\u00e1dza vzduch. V pr\u00edpade potreby syst\u00e9m odvzdu\u0161nite, aby sa obnovila jeho spr\u00e1vna prev\u00e1dzka.<\/li>\n<li><strong>Zn\u00ed\u017een\u00fd v\u00fdkon:<\/strong> M\u00f4\u017ee to nazna\u010dova\u0165 probl\u00e9m s hydraulick\u00fdm \u010derpadlom alebo filtrom. Skontrolujte a pod\u013ea potreby vyme\u0148te filtre a skontrolujte funk\u010dnos\u0165 \u010derpadla.<\/li>\n<\/ul>\n<h2>Tipy na rie\u0161enie probl\u00e9mov<\/h2>\n<p>Pre efekt\u00edvnu diagnostiku a rie\u0161enie probl\u00e9mov za\u010dnite s pravidelnou \u00fadr\u017ebou, aby ste predi\u0161li probl\u00e9mom sk\u00f4r, ako vznikn\u00fa. Udr\u017eiavanie \u010distej hydraulickej kvapaliny je nevyhnutn\u00e9, aby sa predi\u0161lo kontamin\u00e1cii, ktor\u00e1 by mohla ovplyvni\u0165 v\u00fdkon. Pravidelne kontrolujte \u00faniky a uistite sa, \u017ee v\u0161etky komponenty funguj\u00fa spr\u00e1vne. Ak sa vyskytn\u00fa ak\u00e9ko\u013evek probl\u00e9my, pozrite si pokyny v\u00fdrobcu, kde n\u00e1jdete konkr\u00e9tnu diagnostiku a rie\u0161enia.<\/p>\n<p><img decoding=\"async\" src=\"https:\/\/www.hydraulic-cylinders.net\/wp-content\/uploads\/2025\/04\/songte-bushings-with-all-kinds-of-excavator-models.webp\" alt=\"Modely bagrov\" \/><\/p>\n<h2>O na\u0161ej spolo\u010dnosti<\/h2>\n<p>Sme popredn\u00fdm v\u00fdrobcom n\u00e1hradn\u00fdch hydraulick\u00fdch valcov a pon\u00fakame komplexn\u00fd sortiment produktov. V\u010faka z\u00e1v\u00e4zku k excelentnosti sme sa stali jedn\u00fdm z popredn\u00fdch v\u00fdrobcov a ve\u013ekoobchodn\u00edkov s hydraulick\u00fdmi valcami na dom\u00e1com aj medzin\u00e1rodnom trhu. Na\u0161a strat\u00e9gia sa zameriava na vysoko kvalitn\u00fa v\u00fdrobu, vyu\u017e\u00edvanie pokro\u010dil\u00fdch v\u00fdrobn\u00fdch technol\u00f3gi\u00ed a pr\u00edsnych syst\u00e9mov kontroly kvality. Na\u0161i kvalifikovan\u00ed pracovn\u00edci v kombin\u00e1cii s najmodernej\u0161\u00edmi digit\u00e1lnymi v\u00fdrobn\u00fdmi zariadeniami zabezpe\u010duj\u00fa, \u017ee sp\u013a\u0148ame rozmanit\u00e9 potreby z\u00e1kazn\u00edkov s vysokou efektivitou, presnos\u0165ou a kvalitou.<\/p>\n<p><img decoding=\"async\" src=\"https:\/\/www.hydraulic-cylinders.net\/wp-content\/uploads\/2025\/04\/songte-company-4.webp\" alt=\"Na\u0161a spolo\u010dnos\u0165\" \/><br \/>\n<img decoding=\"async\" src=\"https:\/\/www.hydraulic-cylinders.net\/wp-content\/uploads\/2025\/04\/songte-company-3.webp\" alt=\"Na\u0161a spolo\u010dnos\u0165\" \/><\/p>\n<p>Sme hrd\u00ed na na\u0161e odborn\u00e9 znalosti, medzin\u00e1rodn\u00e9 certifik\u00e1cie a z\u00e1kazkov\u00e9 slu\u017eby. Na\u0161e v\u00fdrobn\u00e9 zariadenia s\u00fa vybaven\u00e9 najmodernej\u0161ou technol\u00f3giou a poskytujeme v\u00fdnimo\u010dn\u00fa popredajn\u00fa podporu, aby sme zabezpe\u010dili spokojnos\u0165 z\u00e1kazn\u00edkov.<\/p>\n<p>Autor: lyl<\/p>","protected":false},"excerpt":{"rendered":"<p>Boom Cylinder For Caterpillar Wheel Excavator M315DZ Product Overview The Boom Cylinder for Caterpillar Wheel Excavator M315DZ is a critical hydraulic component designed to enhance the functionality of excavators. This hydraulic cylinder plays a vital role in controlling the movement of the boom, facilitating various operations such as lifting, lowering, and tilting the bucket. By [&hellip;]<\/p>","protected":false},"featured_media":17879,"comment_status":"open","ping_status":"closed","template":"","meta":{"_et_pb_use_builder":"","_et_pb_old_content":"","_et_gb_content_width":""},"product_brand":[],"product_cat":[1546],"product_tag":[1547,1496],"class_list":{"0":"post-18982","1":"product","2":"type-product","3":"status-publish","4":"has-post-thumbnail","6":"product_cat-boom-cylinders","7":"product_tag-boom-cylinders","8":"product_tag-hydraulic-cylinders","10":"first","11":"instock","12":"shipping-taxable","13":"product-type-simple"},"amp_enabled":true,"_links":{"self":[{"href":"https:\/\/www.hydraulic-cylinders.net\/sk\/wp-json\/wp\/v2\/product\/18982","targetHints":{"allow":["GET"]}}],"collection":[{"href":"https:\/\/www.hydraulic-cylinders.net\/sk\/wp-json\/wp\/v2\/product"}],"about":[{"href":"https:\/\/www.hydraulic-cylinders.net\/sk\/wp-json\/wp\/v2\/types\/product"}],"replies":[{"embeddable":true,"href":"https:\/\/www.hydraulic-cylinders.net\/sk\/wp-json\/wp\/v2\/comments?post=18982"}],"wp:featuredmedia":[{"embeddable":true,"href":"https:\/\/www.hydraulic-cylinders.net\/sk\/wp-json\/wp\/v2\/media\/17879"}],"wp:attachment":[{"href":"https:\/\/www.hydraulic-cylinders.net\/sk\/wp-json\/wp\/v2\/media?parent=18982"}],"wp:term":[{"taxonomy":"product_brand","embeddable":true,"href":"https:\/\/www.hydraulic-cylinders.net\/sk\/wp-json\/wp\/v2\/product_brand?post=18982"},{"taxonomy":"product_cat","embeddable":true,"href":"https:\/\/www.hydraulic-cylinders.net\/sk\/wp-json\/wp\/v2\/product_cat?post=18982"},{"taxonomy":"product_tag","embeddable":true,"href":"https:\/\/www.hydraulic-cylinders.net\/sk\/wp-json\/wp\/v2\/product_tag?post=18982"}],"curies":[{"name":"pracovn\u00fd list","href":"https:\/\/api.w.org\/{rel}","templated":true}]}}