{"id":18984,"date":"2025-04-07T06:05:44","date_gmt":"2025-04-07T06:05:44","guid":{"rendered":"https:\/\/www.hydraulic-cylinders.net\/product\/boom-cylinder-for-doosan-small-excavator-dh55g\/"},"modified":"2025-04-07T06:05:46","modified_gmt":"2025-04-07T06:05:46","slug":"boom-cylinder-for-doosan-small-excavator-dh55g","status":"publish","type":"product","link":"https:\/\/www.hydraulic-cylinders.net\/sk\/produkt\/boom-cylinder-for-doosan-small-excavator-dh55g\/","title":{"rendered":"Valec v\u00fdlo\u017en\u00edka pre mal\u00e9 r\u00fdpadlo Doosan DH55G"},"content":{"rendered":"<h1>Valec v\u00fdlo\u017en\u00edka pre mal\u00e9 r\u00fdpadlo Doosan DH55G<\/h1>\n<h2>Preh\u013ead valcov v\u00fdlo\u017en\u00edka<\/h2>\n<p>Hydraulick\u00fd valec v\u00fdlo\u017en\u00edka je \u0161pecializovan\u00fd hydraulick\u00fd valec ur\u010den\u00fd na ovl\u00e1danie pohybu v\u00fdlo\u017en\u00edka v r\u00f4znych \u0165a\u017ek\u00fdch strojoch, ako s\u00fa bagre, r\u00fdpadlo-naklada\u010de a \u010deln\u00e9 naklada\u010de. Tento hydraulick\u00fd komponent umo\u017e\u0148uje v\u00fdlo\u017en\u00edku zdv\u00edha\u0165, sp\u00fa\u0161\u0165a\u0165 a nakl\u00e1\u0148a\u0165, \u010do u\u013eah\u010duje efekt\u00edvnu manipul\u00e1ciu s materi\u00e1lom. V hydraulick\u00fdch syst\u00e9moch hr\u00e1 valec v\u00fdlo\u017en\u00edka k\u013e\u00fa\u010dov\u00fa \u00falohu pri premene hydraulick\u00e9ho tlaku na mechanick\u00fa silu, aby sa dosiahli presn\u00e9 pohyby. Tieto valce, ktor\u00e9 s\u00fa zvy\u010dajne vyroben\u00e9 z vysokopevnostn\u00fdch materi\u00e1lov, s\u00fa navrhnut\u00e9 tak, aby odolali n\u00e1ro\u010dn\u00fdm pracovn\u00fdm prostrediam. Ich kon\u0161trukcia zoh\u013ead\u0148uje odolnos\u0165 vo\u010di opotrebovaniu a kor\u00f3zii, \u010d\u00edm sa maximalizuje ich prev\u00e1dzkov\u00e1 \u017eivotnos\u0165.<\/p>\n<p><img decoding=\"async\" src=\"https:\/\/www.hydraulic-cylinders.net\/wp-content\/uploads\/2025\/04\/songte-company-1.webp\" alt=\"Valec v\u00fdlo\u017en\u00edka\"><\/p>\n<h2>Vlastnosti valca v\u00fdlo\u017en\u00edka<\/h2>\n<ul>\n<li><strong>Vysok\u00e1 pevnos\u0165 a odolnos\u0165:<\/strong> Zvy\u010dajne vyroben\u00e9 z vysokopevnostnej ocele alebo hlin\u00edka, schopn\u00e9 odol\u00e1va\u0165 vysok\u00e9mu tlaku a \u0165a\u017ek\u00fdm za\u0165a\u017eeniam, navrhnut\u00e9 tak, aby vydr\u017eali n\u00e1ro\u010dn\u00e9 pracovn\u00e9 podmienky.<\/li>\n<li><strong>Efekt\u00edvna hydraulick\u00e1 prev\u00e1dzka:<\/strong> Vyu\u017e\u00edva hydraulick\u00fd tlak oleja pre plynul\u00e9 vys\u00favanie a zas\u00favanie, r\u00fdchlo reaguje na ovl\u00e1dacie povely a poskytuje siln\u00fa tla\u010dn\u00fa a \u0165ahov\u00fa silu vhodn\u00fa pre \u0165a\u017ek\u00e9 a zlo\u017eit\u00e9 \u00falohy.<\/li>\n<li><strong>R\u00f4zne typy:<\/strong> K dispoz\u00edcii s\u00fa v jedno\u010dinnej (hydraulick\u00fd pohon pou\u017e\u00edvan\u00fd v jednom smere) alebo dvoj\u010dinnej (hydraulick\u00fd pohon pou\u017e\u00edvan\u00fd v oboch smeroch) konfigur\u00e1cii pre splnenie r\u00f4znych prev\u00e1dzkov\u00fdch potrieb, pri\u010dom niektor\u00e9 modely maj\u00fa teleskopick\u00fa kon\u0161trukciu pre v\u00e4\u010d\u0161\u00ed dosah bez zv\u00e4\u010d\u0161enia vonkaj\u0161\u00edch rozmerov.<\/li>\n<\/ul>\n<h2>Na\u0161e v\u00fdrobn\u00e9 mo\u017enosti<\/h2>\n<p>M\u00e1me kapacity na v\u00fdrobu tohto produktu a na\u0161a ponuka dok\u00e1\u017ee dokonale nahradi\u0165 existuj\u00face hydraulick\u00e9 valce na trhu.<\/p>\n<p><img decoding=\"async\" src=\"https:\/\/www.hydraulic-cylinders.net\/wp-content\/uploads\/2025\/04\/songte-cylinder-head-with-all-kinds-excavator-models.webp\" alt=\"Hlava valcov\"><\/p>\n<h2>Aplik\u00e1cie valca v\u00fdlo\u017en\u00edka<\/h2>\n<h3>Stavebn\u00e9 stroje<\/h3>\n<p>V r\u00fdpadl\u00e1ch s\u00fa valce v\u00fdlo\u017en\u00edka k\u013e\u00fa\u010dov\u00e9 pre kopanie, nakladanie a premiest\u0148ovanie zeminy alebo sutiny. Poskytuj\u00fa potrebn\u00fa silu na zdvihnutie ly\u017eice a jej presn\u00e9 umiestnenie, v\u010faka \u010domu s\u00fa nevyhnutn\u00e9 pre stavebn\u00e9 \u00falohy. V r\u00fdpadlo-naklada\u010doch valec v\u00fdlo\u017en\u00edka nielen pom\u00e1ha pri v\u00fdkopov\u00fdch pr\u00e1cach, ale pom\u00e1ha aj pri zdv\u00edhan\u00ed materi\u00e1lov, \u010d\u00edm zvy\u0161uje v\u0161estrannos\u0165 stroja.<\/p>\n<h3>Po\u013enohospod\u00e1rske stroje<\/h3>\n<p>Pri \u010deln\u00fdch naklada\u010doch u\u013eah\u010duj\u00fa valce v\u00fdlo\u017en\u00edka nakladanie, zdv\u00edhanie a prepravu p\u00f4dy, sena a in\u00fdch materi\u00e1lov. Ich robustn\u00e1 kon\u0161trukcia zabezpe\u010duje, \u017ee zvl\u00e1dnu nam\u00e1hanie spojen\u00e9 s po\u013enohospod\u00e1rskymi pr\u00e1cami, \u010d\u00edm sa zvy\u0161uje efektivita po\u013enohospod\u00e1rskych oper\u00e1ci\u00ed.<\/p>\n<h3>R\u00fdpadl\u00e1<\/h3>\n<p>V r\u00fdpadl\u00e1ch umo\u017e\u0148uje valec v\u00fdlo\u017en\u00edka efekt\u00edvne prenikanie ly\u017eice do p\u00f4dy, \u010do zna\u010dne u\u013eah\u010duje a zefekt\u00edv\u0148uje v\u00fdkopov\u00e9 pr\u00e1ce. Hydraulick\u00fd \u00fa\u010dinok zais\u0165uje konzistentn\u00fa aplikovan\u00fa silu a maximalizuje tak v\u00fdkon kopania.<\/p>\n<h3>Naklada\u010de<\/h3>\n<p>V \u010deln\u00fdch naklada\u010doch s\u00fa valce v\u00fdlo\u017en\u00edka nevyhnutn\u00e9 pre efekt\u00edvne zdv\u00edhanie a vykladanie bremien. Umo\u017e\u0148uj\u00fa obsluhe zdv\u00edha\u0165 a nakl\u00e1\u0148a\u0165 ly\u017eicu, \u010d\u00edm sa zabezpe\u010d\u00ed efekt\u00edvna a bezpe\u010dn\u00e1 preprava materi\u00e1lov.<\/p>\n<h2>\u00davahy o dizajne a krit\u00e9ri\u00e1 v\u00fdberu<\/h2>\n<h3>Nosnos\u0165<\/h3>\n<p>Pri v\u00fdbere valca v\u00fdlo\u017en\u00edka je k\u013e\u00fa\u010dov\u00e9 pochopenie nosnosti. Valec mus\u00ed by\u0165 schopn\u00fd zvl\u00e1dnu\u0165 maxim\u00e1lne za\u0165a\u017eenie o\u010dak\u00e1van\u00e9 po\u010das prev\u00e1dzky bez rizika poruchy. To zah\u0155\u0148a aj vyhodnotenie hydraulick\u00e9ho tlaku potrebn\u00e9ho na efekt\u00edvne zdv\u00edhanie a premiest\u0148ovanie materi\u00e1lov.<\/p>\n<h3>Tesnenie<\/h3>\n<p>Tesnenie je nevyhnutn\u00e9 na udr\u017eanie integrity hydraulickej kvapaliny a zabr\u00e1nenie \u00fanikom. Vysokokvalitn\u00e9 tesnenie ochr\u00e1ni valec pred vonkaj\u0161\u00edmi ne\u010distotami a zabezpe\u010d\u00ed optim\u00e1lny v\u00fdkon v priebehu \u010dasu. V\u00fdber tesnen\u00ed vyroben\u00fdch z odoln\u00fdch materi\u00e1lov, ako je polyuret\u00e1n alebo nitrilov\u00e1 guma, m\u00f4\u017ee v\u00fdrazne pred\u013a\u017ei\u0165 \u017eivotnos\u0165 valca.<\/p>\n<h3>Trvanlivos\u0165<\/h3>\n<p>Trvanlivos\u0165 je k\u013e\u00fa\u010dov\u00fdm faktorom pri v\u00fdbere valca ramena. Mal by by\u0165 navrhnut\u00fd tak, aby odolal n\u00e1ro\u010dn\u00fdm podmienkam a opakovan\u00fdm prev\u00e1dzkov\u00fdm cyklom. V\u00fdber materi\u00e1lu a v\u00fdrobn\u00e9 procesy zohr\u00e1vaj\u00fa k\u013e\u00fa\u010dov\u00fa \u00falohu pri ur\u010dovan\u00ed trvanlivosti valca.<\/p>\n<h3>Bezpe\u010dnos\u0165<\/h3>\n<p>Bezpe\u010dnostn\u00e9 prvky by mali by\u0165 v\u017edy prioritou. Kon\u0161trukcia valca ramena mus\u00ed obsahova\u0165 mechanizmy, ktor\u00e9 zabra\u0148uj\u00fa n\u00e1hodn\u00e9mu uvo\u013eneniu a zabezpe\u010duj\u00fa plynul\u00fd chod ramena v r\u00e1mci jeho ur\u010den\u00e9ho rozsahu pohybu. Bezpe\u010dnostn\u00e9 opatrenia, ako s\u00fa pretlakov\u00e9 ventily, pom\u00e1haj\u00fa chr\u00e1ni\u0165 pred pre\u0165a\u017een\u00edm.<\/p>\n<h3>\u00dadr\u017eba<\/h3>\n<p>\u010eal\u0161\u00edm k\u013e\u00fa\u010dov\u00fdm faktorom je jednoduchos\u0165 \u00fadr\u017eby. Kon\u0161trukcia by mala umo\u017e\u0148ova\u0165 jednoduch\u00e9 kontroln\u00e9 a servisn\u00e9 postupy, aby sa hydraulick\u00fd syst\u00e9m udr\u017eal v optim\u00e1lnom prev\u00e1dzkovom stave. Patria sem \u013eahk\u00fd pr\u00edstup k tesneniam, mazac\u00edm bodom a hydraulick\u00fdm pripojeniam.<\/p>\n<p><img decoding=\"async\" src=\"https:\/\/www.hydraulic-cylinders.net\/wp-content\/uploads\/2025\/04\/songte-oil-pipes-and-spare-parts.webp\" alt=\"Olejov\u00e9 potrubia a n\u00e1hradn\u00e9 diely\"><\/p>\n<h2>Tesnenie a mazanie<\/h2>\n<p>\u00da\u010dinn\u00e9 tesnenie a mazanie s\u00fa nevyhnutn\u00e9 pre dlhodob\u00fa prev\u00e1dzku valcov v\u00fdlo\u017en\u00edka. R\u00f4zne tesniace komponenty, ako s\u00fa tesnenia piestov a tesnenia ty\u010d\u00ed, musia by\u0165 vybran\u00e9 z materi\u00e1lov odoln\u00fdch vo\u010di oderu, ako je polyuret\u00e1n alebo nitrilov\u00fd kau\u010duk, aby sa zabezpe\u010dila ich trvanlivos\u0165. V\u0155tanie valca a z\u00e1vitov\u00e9 konce by mali by\u0165 jemne opracovan\u00e9, aby sa zv\u00fd\u0161ila odolnos\u0165 proti opotrebovaniu a zn\u00ed\u017eilo sa riziko \u00fanikov a por\u00fach v priebehu \u010dasu. Pravideln\u00e9 vstrekovanie vhodn\u00e9ho mno\u017estva hydraulick\u00e9ho oleja na mazanie je nevyhnutn\u00e9 pre udr\u017eanie plynul\u00e9ho chodu a zabr\u00e1nenie opotrebovaniu pohybliv\u00fdch \u010dast\u00ed.<\/p>\n<h2>Pravideln\u00e1 kontrola a opatrenia prevent\u00edvnej \u00fadr\u017eby<\/h2>\n<ul>\n<li><strong>\u010cast\u00e9 kontroly:<\/strong> Vykon\u00e1vajte pravideln\u00e9 kontroly, aby ste identifikovali ak\u00e9ko\u013evek zn\u00e1mky opotrebovania, \u00faniku alebo po\u0161kodenia. V\u010dasn\u00e1 identifik\u00e1cia pom\u00e1ha predch\u00e1dza\u0165 z\u00e1va\u017en\u00fdm poruch\u00e1m.<\/li>\n<li><strong>Spr\u00e1vne mazanie:<\/strong> Uistite sa, \u017ee v\u0161etky pohybliv\u00e9 \u010dasti s\u00fa dostato\u010dne namazan\u00e9 pod\u013ea \u0161pecifik\u00e1ci\u00ed v\u00fdrobcu, aby ste predi\u0161li nadmern\u00e9mu opotrebovaniu.<\/li>\n<li><strong>V\u00fdmena tesnenia:<\/strong> Pravidelne kontrolujte opotrebovanie tesnen\u00ed a pod\u013ea potreby ich vyme\u0148te, aby ste zachovali hydraulick\u00fa integritu a zabr\u00e1nili \u00faniku kvapaliny.<\/li>\n<\/ul>\n<h2>Pokyny pre spr\u00e1vnu in\u0161tal\u00e1ciu<\/h2>\n<p>Pre zabezpe\u010denie optim\u00e1lneho v\u00fdkonu dodr\u017eiavajte tieto pokyny na in\u0161tal\u00e1ciu. Najprv sa uistite, \u017ee hydraulick\u00fd valec je spr\u00e1vne zarovnan\u00fd s upev\u0148ovac\u00edmi bodmi stroja. Nespr\u00e1vne zarovnanie m\u00f4\u017ee vies\u0165 k pred\u010dasn\u00e9mu opotrebovaniu alebo poruche. Na upevnenie valca na mieste pou\u017eite vhodn\u00e9 mont\u00e1\u017ene konzoly, ktor\u00e9 umo\u017enia spr\u00e1vnu prev\u00e1dzku bez nadmern\u00e9ho za\u0165a\u017eenia hydraulick\u00e9ho syst\u00e9mu. Po in\u0161tal\u00e1cii je nevyhnutn\u00e9 odvzdu\u0161ni\u0165 syst\u00e9m a pred uveden\u00edm stroja do prev\u00e1dzky skontrolova\u0165 pr\u00edpadn\u00e9 netesnosti. Obozn\u00e1mte sa s po\u017eadovan\u00fdmi \u0161pecifik\u00e1ciami kr\u00fatiaceho momentu pre v\u0161etky spoje, aby ste zabezpe\u010dili bezpe\u010dn\u00fa a bezpe\u010dn\u00fa in\u0161tal\u00e1ciu.<\/p>\n<h2>Be\u017en\u00e9 \u00falohy \u00fadr\u017eby<\/h2>\n<h3>Pravideln\u00e9 kontroly<\/h3>\n<p>Pravideln\u00e9 kontroly s\u00fa k\u013e\u00fa\u010dov\u00e9 pre identifik\u00e1ciu potenci\u00e1lnych probl\u00e9mov sk\u00f4r, ako sa vyhrotia. H\u013eadajte zn\u00e1mky \u00faniku oleja, nezvy\u010dajn\u00e9 zvuky alebo zn\u00ed\u017een\u00fd v\u00fdkon. Stanovte si pravideln\u00fd harmonogram kontrol, aby ste zabezpe\u010dili efekt\u00edvnu a bezpe\u010dn\u00fa prev\u00e1dzku valca ramena.<\/p>\n<h3>Vhodn\u00e9 mazanie<\/h3>\n<p>Spr\u00e1vne mazanie je nevyhnutn\u00e9 pre dlh\u00fa \u017eivotnos\u0165 hydraulick\u00e9ho valca. Pou\u017e\u00edvajte odpor\u00fa\u010dan\u00fd typ hydraulick\u00e9ho oleja a uistite sa, \u017ee je naplnen\u00fd na spr\u00e1vnu hladinu. To pom\u00e1ha zni\u017eova\u0165 trenie a opotrebovanie vn\u00fatorn\u00fdch komponentov, \u010d\u00edm sa podporuje plynul\u00e1 prev\u00e1dzka.<\/p>\n<h3>V\u00fdmena tesnenia a kontroly kalibr\u00e1cie<\/h3>\n<p>V\u00fdmena opotrebovan\u00fdch tesnen\u00ed je k\u013e\u00fa\u010dov\u00e1 pre udr\u017eanie hydraulick\u00e9ho tlaku a prevenciu \u00fanikov. Okrem toho s\u00fa potrebn\u00e9 pravideln\u00e9 kalibra\u010dn\u00e9 kontroly, aby sa zabezpe\u010dilo, \u017ee syst\u00e9m funguje v r\u00e1mci po\u017eadovan\u00fdch \u0161pecifik\u00e1ci\u00ed, \u010do pom\u00e1ha predch\u00e1dza\u0165 nespr\u00e1vnemu zarovnaniu a prev\u00e1dzkovej neefekt\u00edvnosti.<\/p>\n<p><img decoding=\"async\" src=\"https:\/\/www.hydraulic-cylinders.net\/wp-content\/uploads\/2025\/04\/songte-chushion-collar.webp\" alt=\"Vank\u00fa\u0161ov\u00fd golier\"><\/p>\n<h2>Bezpe\u010dnostn\u00e9 aspekty a faktory prostredia<\/h2>\n<p>Pri pou\u017e\u00edvan\u00ed hydraulick\u00fdch valcov s\u00fa bezpe\u010dnostn\u00e9 opatrenia prvorad\u00e9. V\u017edy sa uistite, \u017ee oper\u00e1tori s\u00fa vy\u0161kolen\u00ed v bezpe\u010dn\u00fdch manipula\u010dn\u00fdch postupoch, aby sa minimalizoval po\u010det neh\u00f4d. Pravideln\u00e9 bezpe\u010dnostn\u00e9 audity a kontroly zariaden\u00ed m\u00f4\u017eu pom\u00f4c\u0165 identifikova\u0165 potenci\u00e1lne rizik\u00e1. Okrem toho zv\u00e1\u017ete environment\u00e1lne faktory, ako je likvid\u00e1cia kvapal\u00edn a potenci\u00e1lne \u00faniky, a implementujte strat\u00e9gie na zmiernenie ak\u00fdchko\u013evek nepriazniv\u00fdch vplyvov.<\/p>\n<h2>Rie\u0161enie be\u017en\u00fdch probl\u00e9mov<\/h2>\n<ul>\n<li><strong>\u00danik:<\/strong> Ak z valca v\u00fdlo\u017en\u00edka unik\u00e1 hydraulick\u00e1 kvapalina, skontrolujte opotrebovan\u00e9 tesnenia alebo uvo\u013enen\u00e9 spoje. Probl\u00e9m m\u00f4\u017ee vyrie\u0161i\u0165 utiahnutie spojov alebo v\u00fdmena tesnen\u00ed.<\/li>\n<li><strong>Zn\u00ed\u017een\u00fd v\u00fdkon:<\/strong> Zn\u00ed\u017eenie hydraulick\u00e9ho v\u00fdkonu m\u00f4\u017ee nazna\u010dova\u0165 n\u00edzku hladinu hydraulickej kvapaliny alebo vzduch zachyten\u00fd v syst\u00e9me. Uistite sa, \u017ee je hydraulick\u00e1 kvapalina doplnen\u00e1 a v pr\u00edpade potreby syst\u00e9m odvzdu\u0161nite.<\/li>\n<li><strong>Nezvy\u010dajn\u00e9 zvuky:<\/strong> Zvl\u00e1\u0161tne zvuky po\u010das prev\u00e1dzky m\u00f4\u017eu nazna\u010dova\u0165 mechanick\u00fa poruchu alebo nedostatok mazania. Okam\u017eite presk\u00famajte a odstr\u00e1\u0148te ak\u00e9ko\u013evek zn\u00e1mky opotrebovania alebo po\u0161kodenia.<\/li>\n<\/ul>\n<p>Stanovenie pravideln\u00e9ho pl\u00e1nu \u00fadr\u017eby m\u00f4\u017ee pom\u00f4c\u0165 predch\u00e1dza\u0165 t\u00fdmto probl\u00e9mom a zabezpe\u010di\u0165 optim\u00e1lny v\u00fdkon a dlh\u00fa \u017eivotnos\u0165 hydraulick\u00e9ho valca.<\/p>\n<p><img decoding=\"async\" src=\"https:\/\/www.hydraulic-cylinders.net\/wp-content\/uploads\/2025\/04\/songte-bushings-with-all-kinds-of-excavator-models.webp\" alt=\"Puzdr\u00e1 s modelmi bagrov\"><\/p>\n<h2>O na\u0161ej spolo\u010dnosti<\/h2>\n<p>Sme popredn\u00fdm v\u00fdrobcom n\u00e1hradn\u00fdch hydraulick\u00fdch valcov a pon\u00fakame komplexn\u00fd sortiment produktov. Ako jeden z popredn\u00fdch v\u00fdrobcov a ve\u013ekoobchodn\u00edkov na dom\u00e1com aj medzin\u00e1rodnom trhu kladieme d\u00f4raz na vynikaj\u00facu kvalitu. Na\u0161e pokro\u010dil\u00e9 v\u00fdrobn\u00e9 strat\u00e9gie sa opieraj\u00fa o prepracovan\u00fd pr\u00edstup k riadeniu v\u00fdroby, vyu\u017e\u00edvame kvalifikovan\u00fd person\u00e1l, \u0161pi\u010dkov\u00e9 digit\u00e1lne v\u00fdrobn\u00e9 zariadenia a profesion\u00e1lne testovacie syst\u00e9my. Neust\u00e1le vylep\u0161ujeme na\u0161u v\u00fdrobn\u00fa platformu a zabezpe\u010dujeme tak robustn\u00fa cestu ku kvalite produktov. S princ\u00edpmi vysokej efektivity, presnosti a kvality sa sna\u017e\u00edme uspokoji\u0165 rozmanit\u00e9 potreby na\u0161ich z\u00e1kazn\u00edkov.<\/p>\n<p><img decoding=\"async\" src=\"https:\/\/www.hydraulic-cylinders.net\/wp-content\/uploads\/2025\/04\/songte-company-4.webp\" alt=\"Obr\u00e1zok spolo\u010dnosti 4\"><br \/>\n<img decoding=\"async\" src=\"https:\/\/www.hydraulic-cylinders.net\/wp-content\/uploads\/2025\/04\/songte-company-3.webp\" alt=\"Obr\u00e1zok spolo\u010dnosti 3\"><\/p>\n<p>N\u00e1\u0161 z\u00e1v\u00e4zok k profesionalite, medzin\u00e1rodn\u00fdm certifik\u00e1ci\u00e1m, slu\u017eb\u00e1m na mieru, modern\u00fdm v\u00fdrobn\u00fdm zariadeniam a spo\u013eahlivej popredajnej podpore n\u00e1s odli\u0161uje od ostatn\u00fdch v tomto odvetv\u00ed.<\/p>\n<p>Autor: lyl<\/p>","protected":false},"excerpt":{"rendered":"<p>Boom Cylinder For Doosan Small Excavator DH55G Overview of Boom Cylinders The boom cylinder is a specialized hydraulic cylinder designed to control the movement of the boom in various heavy machinery such as excavators, backhoe loaders, and front loaders. This hydraulic component enables the boom to lift, lower, and tilt, facilitating efficient material handling tasks. [&hellip;]<\/p>","protected":false},"featured_media":17881,"comment_status":"open","ping_status":"closed","template":"","meta":{"_et_pb_use_builder":"","_et_pb_old_content":"","_et_gb_content_width":""},"product_brand":[],"product_cat":[1546],"product_tag":[1547,1496],"class_list":{"0":"post-18984","1":"product","2":"type-product","3":"status-publish","4":"has-post-thumbnail","6":"product_cat-boom-cylinders","7":"product_tag-boom-cylinders","8":"product_tag-hydraulic-cylinders","10":"first","11":"instock","12":"shipping-taxable","13":"product-type-simple"},"amp_enabled":true,"_links":{"self":[{"href":"https:\/\/www.hydraulic-cylinders.net\/sk\/wp-json\/wp\/v2\/product\/18984","targetHints":{"allow":["GET"]}}],"collection":[{"href":"https:\/\/www.hydraulic-cylinders.net\/sk\/wp-json\/wp\/v2\/product"}],"about":[{"href":"https:\/\/www.hydraulic-cylinders.net\/sk\/wp-json\/wp\/v2\/types\/product"}],"replies":[{"embeddable":true,"href":"https:\/\/www.hydraulic-cylinders.net\/sk\/wp-json\/wp\/v2\/comments?post=18984"}],"wp:featuredmedia":[{"embeddable":true,"href":"https:\/\/www.hydraulic-cylinders.net\/sk\/wp-json\/wp\/v2\/media\/17881"}],"wp:attachment":[{"href":"https:\/\/www.hydraulic-cylinders.net\/sk\/wp-json\/wp\/v2\/media?parent=18984"}],"wp:term":[{"taxonomy":"product_brand","embeddable":true,"href":"https:\/\/www.hydraulic-cylinders.net\/sk\/wp-json\/wp\/v2\/product_brand?post=18984"},{"taxonomy":"product_cat","embeddable":true,"href":"https:\/\/www.hydraulic-cylinders.net\/sk\/wp-json\/wp\/v2\/product_cat?post=18984"},{"taxonomy":"product_tag","embeddable":true,"href":"https:\/\/www.hydraulic-cylinders.net\/sk\/wp-json\/wp\/v2\/product_tag?post=18984"}],"curies":[{"name":"pracovn\u00fd list","href":"https:\/\/api.w.org\/{rel}","templated":true}]}}