{"id":19005,"date":"2025-04-07T06:06:44","date_gmt":"2025-04-07T06:06:44","guid":{"rendered":"https:\/\/www.hydraulic-cylinders.net\/product\/boom-cylinder-for-doosan-large-excavator-dh370\/"},"modified":"2025-04-07T06:06:46","modified_gmt":"2025-04-07T06:06:46","slug":"boom-cylinder-for-doosan-large-excavator-dh370","status":"publish","type":"product","link":"https:\/\/www.hydraulic-cylinders.net\/sk\/produkt\/boom-cylinder-for-doosan-large-excavator-dh370\/","title":{"rendered":"Valec v\u00fdlo\u017en\u00edka pre ve\u013ek\u00e9 r\u00fdpadlo Doosan DH370"},"content":{"rendered":"<h1>Valec v\u00fdlo\u017en\u00edka pre ve\u013ek\u00e9 r\u00fdpadlo Doosan DH370<\/h1>\n<h2>Preh\u013ead produktu<\/h2>\n<p>Hydraulick\u00fd valec v\u00fdlo\u017en\u00edka pre ve\u013ek\u00e9 r\u00fdpadlo Doosan DH370 je kritick\u00fdm komponentom ur\u010den\u00fdm pre efekt\u00edvnu prev\u00e1dzku \u0165a\u017ek\u00fdch strojov. Tento hydraulick\u00fd valec je \u0161peci\u00e1lne navrhnut\u00fd na ovl\u00e1danie pohybu ly\u017e\u00edc v r\u00f4znych \u0165a\u017ek\u00fdch zariadeniach vr\u00e1tane r\u00fdpadiel, r\u00fdpadiel-naklada\u010dov a \u010deln\u00fdch naklada\u010dov. Valec v\u00fdlo\u017en\u00edka umo\u017e\u0148uje zdv\u00edhanie, sp\u00fa\u0161\u0165anie a nakl\u00e1\u0148anie ly\u017eice, \u010do u\u013eah\u010duje efekt\u00edvnu manipul\u00e1ciu s materi\u00e1lom. Tieto valce zohr\u00e1vaj\u00fa k\u013e\u00fa\u010dov\u00fa \u00falohu v hydraulick\u00fdch syst\u00e9moch, kde sa na vytv\u00e1ranie pohybu pou\u017e\u00edva tlakov\u00e1 kvapalina, \u010do zabezpe\u010duje presn\u00e9 a \u013eahk\u00e9 premiest\u0148ovanie \u0165a\u017ek\u00fdch bremien.<\/p>\n<p><img decoding=\"async\" src=\"https:\/\/www.hydraulic-cylinders.net\/wp-content\/uploads\/2025\/04\/songte-company-1.webp\" alt=\"Valec v\u00fdlo\u017en\u00edka pre r\u00fdpadlo Doosan DH370\"><\/p>\n<h3>D\u00f4le\u017eitos\u0165 vedierkov\u00fdch valcov<\/h3>\n<p>Hydraulick\u00e9 valce lopaty s\u00fa \u0161peci\u00e1lne navrhnut\u00e9 na ovl\u00e1danie pohybu lopaty v \u0165a\u017ek\u00fdch strojoch. S\u00fa nevyhnutn\u00e9 pre efekt\u00edvne v\u00fdkopov\u00e9 a nakladacie oper\u00e1cie. Ke\u010f s\u00fa pripevnen\u00e9 k bagrom alebo naklada\u010dom, tieto valce premie\u0148aj\u00fa hydraulick\u00fd tlak na mechanick\u00fa silu, \u010do umo\u017e\u0148uje obsluhe efekt\u00edvne vykon\u00e1va\u0165 \u00falohy, ako je kopanie, zdv\u00edhanie a vysyp\u00e1vanie materi\u00e1lov. Presnos\u0165 a v\u00fdkon, ktor\u00e9 pon\u00fakaj\u00fa valce v\u00fdlo\u017en\u00edka, ich robia nevyhnutn\u00fdmi v r\u00f4znych priemyseln\u00fdch aplik\u00e1ci\u00e1ch a umo\u017e\u0148uj\u00fa bezprobl\u00e9mov\u00fa integr\u00e1ciu do hydraulick\u00fdch syst\u00e9mov.<\/p>\n<h2>K\u013e\u00fa\u010dov\u00e9 vlastnosti<\/h2>\n<ul>\n<li><strong>Vysok\u00e1 pevnos\u0165 a odolnos\u0165:<\/strong> Tieto valce s\u00fa vyroben\u00e9 z vysokopevnostnej ocele alebo hlin\u00edka a odol\u00e1vaj\u00fa vysok\u00e9mu tlaku a \u0165a\u017ek\u00fdm za\u0165a\u017eeniam, v\u010faka \u010domu s\u00fa vhodn\u00e9 do n\u00e1ro\u010dn\u00fdch pracovn\u00fdch prostred\u00ed. Ich kon\u0161trukcia zoh\u013ead\u0148uje odolnos\u0165 proti opotrebovaniu a kor\u00f3zii, \u010d\u00edm sa predl\u017euje ich \u017eivotnos\u0165.<\/li>\n<li><strong>Efekt\u00edvna hydraulick\u00e1 prev\u00e1dzka:<\/strong> Tieto valce v\u010faka hydraulick\u00e9mu tlaku oleja zabezpe\u010duj\u00fa plynul\u00e9 vys\u00favanie a zas\u00favanie. R\u00fdchlo reaguj\u00fa na povely obsluhy a poskytuj\u00fa siln\u00e9 tla\u010dn\u00e9 a \u0165ahov\u00e9 sily, ide\u00e1lne na zvl\u00e1dnutie \u0165a\u017ek\u00fdch a zlo\u017eit\u00fdch \u00faloh.<\/li>\n<li><strong>R\u00f4zne typy:<\/strong> Tieto valce, ktor\u00e9 s\u00fa dostupn\u00e9 v jedno\u010dinnom (prev\u00e1dzkovom v jednom smere) alebo dvoj\u010dinnom (prev\u00e1dzkovom v oboch smeroch), uspokoja r\u00f4zne prev\u00e1dzkov\u00e9 potreby. Niektor\u00e9 modely s\u00fa teleskopick\u00e9, \u010do umo\u017e\u0148uje v\u00e4\u010d\u0161ie vysunutie bez zv\u00e4\u010d\u0161enia vonkaj\u0161\u00edch rozmerov, a s\u00fa ide\u00e1lne pre aplik\u00e1cie s obmedzen\u00fdm priestorom.<\/li>\n<li><strong>Prisp\u00f4sobite\u013en\u00e9 rie\u0161enia:<\/strong> Na\u0161e produkty dok\u00e1\u017eu dokonale nahradi\u0165 existuj\u00face hydraulick\u00e9 valce, \u010d\u00edm zabezpe\u010duj\u00fa kompatibilitu a funk\u010dnos\u0165.<\/li>\n<\/ul>\n<p><img decoding=\"async\" src=\"https:\/\/www.hydraulic-cylinders.net\/wp-content\/uploads\/2025\/04\/songte-cylinder-head-with-all-kinds-excavator-models.webp\" alt=\"Modely r\u00fdpadiel s valcom v\u00fdlo\u017en\u00edka\"><\/p>\n<h2>Aplik\u00e1cie<\/h2>\n<h3>Stavebn\u00e9 stroje<\/h3>\n<p>V r\u00fdpadl\u00e1ch s\u00fa valce v\u00fdlo\u017en\u00edka k\u013e\u00fa\u010dov\u00e9 pre kopanie, nakladanie a premiest\u0148ovanie zeminy alebo sutiny. Pon\u00fakaj\u00fa potrebn\u00fa silu na preniknutie do tvrd\u00fdch povrchov, \u010do umo\u017e\u0148uje efekt\u00edvne vykon\u00e1vanie v\u00fdkopov\u00fdch \u00faloh. V r\u00fdpadlo-naklada\u010doch pom\u00e1ha valec lopaty pri kopan\u00ed aj zdv\u00edhan\u00ed, v\u010faka \u010domu je nevyhnutnou s\u00fa\u010das\u0165ou stavenisk\u00e1.<\/p>\n<h3>Po\u013enohospod\u00e1rske stroje<\/h3>\n<p>V \u010deln\u00fdch naklada\u010doch sa valce v\u00fdlo\u017en\u00edka pou\u017e\u00edvaj\u00fa na naberanie, zdv\u00edhanie a prepravu p\u00f4dy, sena a in\u00fdch materi\u00e1lov. Ich v\u0161estrannos\u0165 umo\u017e\u0148uje po\u013enohospod\u00e1rom efekt\u00edvne vykon\u00e1va\u0165 cel\u00fd rad \u00faloh, od pr\u00e1ce na poli a\u017e po prepravu tovaru po farme. Hydraulick\u00e9 ovl\u00e1danie zais\u0165uje, \u017ee s \u0165a\u017ek\u00fdmi bremenami sa d\u00e1 manipulova\u0165 relat\u00edvne \u013eahko.<\/p>\n<h3>R\u00fdpadl\u00e1<\/h3>\n<p>Valec v\u00fdlo\u017en\u00edka umo\u017e\u0148uje r\u00fdpadl\u00e1m vykon\u00e1va\u0165 kopacie \u010dinnosti t\u00fdm, \u017ee umo\u017e\u0148uje ly\u017eici efekt\u00edvne prenika\u0165 do zeme. T\u00e1to schopnos\u0165 je nevyhnutn\u00e1 pre r\u00f4zne stavebn\u00e9 a krajin\u00e1rske projekty, kde je potrebn\u00e9 presn\u00e9 kopanie z\u00e1kladov, priekop a krajin\u00e1rskych prvkov.<\/p>\n<h3>Naklada\u010de<\/h3>\n<p>V \u010deln\u00fdch naklada\u010doch u\u013eah\u010duj\u00fa valce v\u00fdlo\u017en\u00edka efekt\u00edvne zdv\u00edhanie a vykladanie bremien. Ich hydraulick\u00fd v\u00fdkon umo\u017e\u0148uje plynul\u00fa prev\u00e1dzku pri manipul\u00e1cii s materi\u00e1lmi, \u010d\u00edm sa zabezpe\u010duje r\u00fdchle a bezpe\u010dn\u00e9 vykon\u00e1vanie \u00faloh, ako je nakladanie n\u00e1kladn\u00fdch vozidiel a premiest\u0148ovanie zeminy.<\/p>\n<h2>\u00davahy o dizajne a krit\u00e9ri\u00e1 v\u00fdberu<\/h2>\n<h3>Nosnos\u0165<\/h3>\n<p>Pri v\u00fdbere valca v\u00fdlo\u017en\u00edka je jedn\u00fdm z hlavn\u00fdch krit\u00e9ri\u00ed jeho nosnos\u0165. Valec mus\u00ed by\u0165 schopn\u00fd zvl\u00e1dnu\u0165 maxim\u00e1lnu hmotnos\u0165, s ktorou sa stretne po\u010das prev\u00e1dzky. Kvalita materi\u00e1lu a kon\u0161trukcie v\u00fdrazne ovplyv\u0148uje t\u00fato nosnos\u0165 a vy\u0161\u0161ia nosnos\u0165 zais\u0165uje bezpe\u010dnos\u0165 a spo\u013eahlivos\u0165 v intenz\u00edvnych pracovn\u00fdch podmienkach.<\/p>\n<h3>Integrita tesnenia<\/h3>\n<p>Integrita tesnenia je k\u013e\u00fa\u010dov\u00e1 pre udr\u017eanie hydraulick\u00e9ho tlaku vo valci. Vysokokvalitn\u00e9 tesnenia zabra\u0148uj\u00fa \u00faniku kvapaliny, \u010do m\u00f4\u017ee vies\u0165 k strate v\u00fdkonu a potenci\u00e1lnemu po\u0161kodeniu hydraulick\u00e9ho syst\u00e9mu. V\u00fdber tesnen\u00ed vyroben\u00fdch z odoln\u00fdch materi\u00e1lov, ako je polyuret\u00e1n alebo nitrilov\u00e1 guma, zvy\u0161uje \u017eivotnos\u0165 a minimalizuje potrebu \u00fadr\u017eby.<\/p>\n<h3>Trvanlivos\u0165<\/h3>\n<p>Trvanlivos\u0165 je k\u013e\u00fa\u010dov\u00fdm faktorom pri kon\u0161trukcii valcov v\u00fdlo\u017en\u00edka. S\u00fa vystaven\u00e9 extr\u00e9mnym podmienkam vr\u00e1tane prostredia s vysok\u00fdm tlakom a vystavenia prachu, ne\u010distot\u00e1m a vlhkosti. Robustn\u00e1 kon\u0161trukcia s ochrann\u00fdmi povlakmi m\u00f4\u017ee v\u00fdrazne pred\u013a\u017ei\u0165 \u017eivotnos\u0165 valca, \u010d\u00edm sa \u010dasom zv\u00fd\u0161i jeho n\u00e1kladov\u00e1 efekt\u00edvnos\u0165.<\/p>\n<h3>Bezpe\u010dnostn\u00e9 prvky<\/h3>\n<p>Za\u010dlenenie bezpe\u010dnostn\u00fdch prvkov do kon\u0161trukcie hydraulick\u00fdch valcov je prvorad\u00e9. Patria sem pretlakov\u00e9 ventily, ktor\u00e9 zabra\u0148uj\u00fa pretlaku, a kon\u0161trukcie odoln\u00e9 vo\u010di poruche, ktor\u00e9 zabezpe\u010duj\u00fa, \u017ee valec odol\u00e1 neo\u010dak\u00e1van\u00e9mu za\u0165a\u017eeniu bez katastrofick\u00e9ho zlyhania. Bezpe\u010dnostn\u00e9 prvky chr\u00e1nia obsluhu aj strojov\u00e9 zariadenie.<\/p>\n<h3>Pr\u00edstupnos\u0165 \u00fadr\u017eby<\/h3>\n<p>Navrhovanie s oh\u013eadom na pr\u00edstupnos\u0165 pre \u00fadr\u017ebu je nevyhnutn\u00e9 na zabezpe\u010denie toho, aby sa pravideln\u00e9 kontroly a opravy mohli vykon\u00e1va\u0165 bez rozsiahlych prestojov. Funkcie, ako s\u00fa odn\u00edmate\u013en\u00e9 kryty a strategicky umiestnen\u00e9 maznice, m\u00f4\u017eu zjednodu\u0161i\u0165 \u00fadr\u017eb\u00e1rske \u00falohy a pred\u013a\u017ei\u0165 \u017eivotnos\u0165 hydraulick\u00e9ho syst\u00e9mu.<\/p>\n<p><img decoding=\"async\" src=\"https:\/\/www.hydraulic-cylinders.net\/wp-content\/uploads\/2025\/04\/songte-oil-pipes-and-spare-parts.webp\" alt=\"Hydraulick\u00e9 diely a pr\u00edslu\u0161enstvo\"><\/p>\n<h2>Tesnenie a mazanie<\/h2>\n<p>\u00da\u010dinn\u00e9 tesnenie a mazanie s\u00fa nevyhnutn\u00e9 pre v\u00fdkon hydraulick\u00fdch valcov. Pou\u017eitie r\u00f4znych tesniacich komponentov, ako s\u00fa tesnenia piestov a tesnenia ty\u010d\u00ed, je nevyhnutn\u00e9 pre udr\u017eanie hydraulickej integrity. V\u00fdber tesnen\u00ed vyroben\u00fdch z materi\u00e1lov odoln\u00fdch vo\u010di opotrebovaniu, ako je polyuret\u00e1n alebo nitrilov\u00fd kau\u010duk, zvy\u0161uje odolnos\u0165 a zabra\u0148uje \u00fanikom. Teleso valca a z\u00e1vitov\u00e9 koncov\u00e9 plochy prech\u00e1dzaj\u00fa presn\u00fdm spracovan\u00edm, aby sa zlep\u0161ila odolnos\u0165 vo\u010di opotrebovaniu. Okrem toho je pravideln\u00e9 mazanie hydraulick\u00fdm olejom nevyhnutn\u00e9 na zabezpe\u010denie plynul\u00e9ho chodu a zn\u00ed\u017eenie trenia medzi pohybliv\u00fdmi \u010das\u0165ami.<\/p>\n<h2>Opatrenia prevent\u00edvnej \u00fadr\u017eby<\/h2>\n<ul>\n<li><strong>Pravideln\u00e9 kontroly:<\/strong> Vykonajte d\u00f4kladn\u00e9 kontroly hydraulick\u00fdch valcov, aby ste identifikovali ak\u00e9ko\u013evek zn\u00e1mky opotrebovania, netesnost\u00ed alebo po\u0161kodenia. V\u010dasn\u00e9 odhalenie m\u00f4\u017ee pred\u00eds\u0165 z\u00e1va\u017en\u00fdm probl\u00e9mom a pred\u013a\u017ei\u0165 \u017eivotnos\u0165 zariadenia.<\/li>\n<li><strong>Vhodn\u00e9 mazanie:<\/strong> Zabezpe\u010dte pravideln\u00e9 mazanie valcov spr\u00e1vnym typom a mno\u017estvom hydraulick\u00e9ho oleja, aby sa zabezpe\u010dila hladk\u00e1 prev\u00e1dzka a zn\u00ed\u017eilo opotrebovanie komponentov.<\/li>\n<li><strong>V\u00fdmena tesnenia:<\/strong> Pravidelne kontrolujte stav tesnen\u00ed a v pr\u00edpade potreby ich vyme\u0148te, aby ste zachovali \u00fa\u010dinn\u00e9 tesnenie a zabr\u00e1nili \u00faniku hydraulickej kvapaliny.<\/li>\n<\/ul>\n<h2>Pokyny pre spr\u00e1vnu in\u0161tal\u00e1ciu<\/h2>\n<p>Pri in\u0161tal\u00e1cii valca ramena je nevyhnutn\u00e9 dodr\u017eiava\u0165 spr\u00e1vne pokyny, aby sa zabezpe\u010dil optim\u00e1lny v\u00fdkon. Za\u010dnite spr\u00e1vnym zarovnan\u00edm valca s mont\u00e1\u017enymi bodmi. Na upevnenie valca na mieste pou\u017eite vhodn\u00e9 mont\u00e1\u017ene konzoly, aby ste predi\u0161li ak\u00e9muko\u013evek pohybu, ktor\u00fd by mohol vies\u0165 k nespr\u00e1vnemu zarovnaniu. Uistite sa, \u017ee hydraulick\u00e9 potrubia s\u00fa bezpe\u010dne pripojen\u00e9 a nie s\u00fa zalomen\u00e9 alebo po\u0161koden\u00e9. Po in\u0161tal\u00e1cii otestujte valec pri n\u00edzkom za\u0165a\u017een\u00ed, aby ste sa uistili, \u017ee funguje hladko a bez \u00fanikov, a potom ho uve\u010fte do plnej prev\u00e1dzky. Pravidelne kontrolujte in\u0161tal\u00e1ciu, aby ste sa uistili, \u017ee v\u0161etky komponenty zost\u00e1vaj\u00fa bezpe\u010dne upevnen\u00e9 a spr\u00e1vne funguj\u00fa.<\/p>\n<h2>Be\u017en\u00e9 \u00falohy \u00fadr\u017eby<\/h2>\n<h3>Pravideln\u00e9 kontroly<\/h3>\n<p>Pravideln\u00e9 kontroly hydraulick\u00fdch valcov s\u00fa nevyhnutn\u00e9 na identifik\u00e1ciu potenci\u00e1lnych probl\u00e9mov sk\u00f4r, ako sa stan\u00fa z\u00e1va\u017en\u00fdmi. Kontroly by sa mali zamera\u0165 na kontrolu netesnost\u00ed, opotrebovania tesnen\u00ed a ak\u00fdchko\u013evek zn\u00e1mok kor\u00f3zie alebo po\u0161kodenia. Tento proakt\u00edvny pr\u00edstup pom\u00e1ha udr\u017eiava\u0165 \u00fa\u010dinnos\u0165 a spo\u013eahlivos\u0165 hydraulick\u00e9ho syst\u00e9mu.<\/p>\n<h3>Vhodn\u00e9 mazanie<\/h3>\n<p>Spr\u00e1vne mazanie je nevyhnutn\u00e9 pre zabezpe\u010denie hladk\u00e9ho chodu hydraulick\u00fdch valcov. Pou\u017e\u00edvan\u00edm spr\u00e1vneho hydraulick\u00e9ho oleja a jeho pravideln\u00fdm dop\u013a\u0148an\u00edm sa minimalizuje trenie medzi pohybliv\u00fdmi \u010das\u0165ami, \u010d\u00edm sa predl\u017euje \u017eivotnos\u0165 valca. Je d\u00f4le\u017eit\u00e9 dodr\u017eiava\u0165 odpor\u00fa\u010dania v\u00fdrobcu t\u00fdkaj\u00face sa intervalov a mno\u017estva mazania.<\/p>\n<h3>V\u00fdmena tesnenia a kontroly kalibr\u00e1cie<\/h3>\n<p>Tesnenia sa \u010dasom m\u00f4\u017eu opotrebova\u0165 a je potrebn\u00e9 ich vymeni\u0165, aby sa predi\u0161lo \u00fanikom a udr\u017eal sa tlak. Pravideln\u00e1 v\u00fdmena tesnen\u00ed a kalibra\u010dn\u00e9 kontroly s\u00fa k\u013e\u00fa\u010dov\u00e9 pre zabezpe\u010denie maxim\u00e1lnej \u00fa\u010dinnosti hydraulick\u00e9ho valca. Spr\u00e1vna in\u0161tal\u00e1cia a zarovnanie po\u010das t\u00fdchto procesov s\u00fa nevyhnutn\u00e9 pre predch\u00e1dzanie bud\u00facim probl\u00e9mom a zabezpe\u010denie spo\u013eahlivosti.<\/p>\n<p><img decoding=\"async\" src=\"https:\/\/www.hydraulic-cylinders.net\/wp-content\/uploads\/2025\/04\/songte-chushion-collar.webp\" alt=\"Tlmi\u010dov\u00fd golier pre hydraulick\u00fd valec\"><\/p>\n<h2>Bezpe\u010dnostn\u00e9 aspekty a faktory prostredia<\/h2>\n<p>Pri pr\u00e1ci s hydraulick\u00fdmi valcami je implement\u00e1cia bezpe\u010dnostn\u00fdch opatren\u00ed k\u013e\u00fa\u010dov\u00e1 pre predch\u00e1dzanie nehod\u00e1m a zaistenie bezpe\u010dnosti obsluhy. Spr\u00e1vne \u0161kolenie v\u0161etk\u00fdch pracovn\u00edkov manipuluj\u00facich s hydraulick\u00fdmi zariadeniami je nevyhnutn\u00e9. Okrem toho je potrebn\u00e9 starostlivo riadi\u0165 faktory prostredia, ako s\u00fa rozliatie kvapal\u00edn, aby sa minimalizoval vplyv na \u017eivotn\u00e9 prostredie. Pravideln\u00e9 \u0161kolenie a dodr\u017eiavanie bezpe\u010dnostn\u00fdch predpisov pom\u00e1haj\u00fa vytv\u00e1ra\u0165 bezpe\u010dn\u00e9 pracovn\u00e9 prostredie.<\/p>\n<h2>Diagnostika por\u00fach a be\u017en\u00e9 probl\u00e9my<\/h2>\n<ul>\n<li><strong>\u00daniky hydraulickej kvapaliny:<\/strong> K \u00fanikom m\u00f4\u017ee d\u00f4js\u0165 v d\u00f4sledku opotrebovan\u00fdch tesnen\u00ed alebo po\u0161koden\u00fdch had\u00edc. Pravideln\u00e9 kontroly m\u00f4\u017eu pom\u00f4c\u0165 identifikova\u0165 a odstr\u00e1ni\u0165 \u00faniky sk\u00f4r, ako sp\u00f4sobia prev\u00e1dzkov\u00e9 poruchy.<\/li>\n<li><strong>Nekonzistentn\u00fd pohyb valca:<\/strong> M\u00f4\u017ee to by\u0165 sp\u00f4soben\u00e9 vzduchom v hydraulickom syst\u00e9me alebo nedostato\u010dn\u00fdm mno\u017estvom hydraulickej kvapaliny. Odvzdu\u0161nenie syst\u00e9mu a zabezpe\u010denie spr\u00e1vnej hladiny kvapaliny m\u00f4\u017eu tento probl\u00e9m vyrie\u0161i\u0165.<\/li>\n<li><strong>Abnorm\u00e1lne zvuky:<\/strong> Nezvy\u010dajn\u00e9 zvuky po\u010das prev\u00e1dzky m\u00f4\u017eu nazna\u010dova\u0165 vn\u00fatorn\u00e9 opotrebovanie alebo po\u0161kodenie valca. Na zabr\u00e1nenie \u010fal\u0161iemu po\u0161kodeniu je potrebn\u00e1 okam\u017eit\u00e1 kontrola a pr\u00edpadn\u00e1 v\u00fdmena.<\/li>\n<\/ul>\n<h2>Tipy na rie\u0161enie probl\u00e9mov<\/h2>\n<p>Pre efekt\u00edvnu diagnostiku a rie\u0161enie probl\u00e9mov s hydraulick\u00fdmi valcami je nevyhnutn\u00e9 dodr\u017eiava\u0165 systematick\u00fd pr\u00edstup. Za\u010dnite kontrolou hladiny kvapal\u00edn a kontrolou tesnost\u00ed. Ak sa zistia netesnosti, vyme\u0148te opotrebovan\u00e9 tesnenia a uistite sa, \u017ee v\u0161etky spoje s\u00fa tesn\u00e9. V pr\u00edpade nekonzistentn\u00e9ho pohybu odvzdu\u0161nite hydraulick\u00fd syst\u00e9m, aby ste odstr\u00e1nili vzduchov\u00e9 bubliny. Pravideln\u00e1 \u00fadr\u017eba a dodr\u017eiavanie prev\u00e1dzkov\u00fdch pokynov m\u00f4\u017ee v\u00fdrazne zn\u00ed\u017ei\u0165 riziko probl\u00e9mov a pred\u013a\u017ei\u0165 \u017eivotnos\u0165 hydraulick\u00e9ho syst\u00e9mu.<\/p>\n<p><img decoding=\"async\" src=\"https:\/\/www.hydraulic-cylinders.net\/wp-content\/uploads\/2025\/04\/songte-bushings-with-all-kinds-of-excavator-models.webp\" alt=\"Puzdr\u00e1 pre modely r\u00fdpadiel\"><\/p>\n<h2>Preh\u013ead spolo\u010dnosti<\/h2>\n<p>Sme v\u00fdrobcom n\u00e1hradn\u00fdch hydraulick\u00fdch valcov a pon\u00fakame komplexn\u00fd sortiment produktov, v\u010faka ktor\u00fdm sme jedn\u00fdm z popredn\u00fdch v\u00fdrobcov a ve\u013ekoobchodn\u00edkov na dom\u00e1com aj medzin\u00e1rodnom trhu. N\u00e1\u0161 z\u00e1v\u00e4zok k excelentnosti je zakorenen\u00fd v prepracovan\u00fdch strat\u00e9gi\u00e1ch riadenia v\u00fdroby a zameran\u00ed sa na kvalitu. V\u010faka t\u00edmu kvalifikovan\u00fdch odborn\u00edkov, najmodernej\u0161iemu digit\u00e1lnemu v\u00fdrobn\u00e9mu zariadeniu a robustn\u00e9mu testovaciemu syst\u00e9mu neust\u00e1le zlep\u0161ujeme na\u0161e v\u00fdrobn\u00e9 kapacity a zabezpe\u010dujeme vysok\u00fa efektivitu, presnos\u0165 a kvalitu, aby sme splnili rozmanit\u00e9 potreby z\u00e1kazn\u00edkov.<\/p>\n<p><img decoding=\"async\" src=\"https:\/\/www.hydraulic-cylinders.net\/wp-content\/uploads\/2025\/04\/songte-company-4.webp\" alt=\"Preh\u013ead spolo\u010dnosti Songte\"><br \/>\n<img decoding=\"async\" src=\"https:\/\/www.hydraulic-cylinders.net\/wp-content\/uploads\/2025\/04\/songte-company-3.webp\" alt=\"V\u00fdrobn\u00e9 zariadenie\"><\/p>\n<p>Na\u0161e odborn\u00e9 znalosti siahaj\u00fa do r\u00f4znych oblast\u00ed vr\u00e1tane \u0161pecializ\u00e1cie na v\u00fdrobn\u00e9 zariadenia, medzin\u00e1rodn\u00fdch certifik\u00e1ci\u00ed a slu\u017eieb na mieru. Na\u0161e modern\u00e9 v\u00fdrobn\u00e9 zariadenia n\u00e1m umo\u017e\u0148uj\u00fa udr\u017eiava\u0165 pr\u00edsnu kontrolu kvality a zabezpe\u010dova\u0165, aby na\u0161e produkty sp\u013a\u0148ali najvy\u0161\u0161ie \u0161tandardy. N\u00e1\u0161 popredajn\u00fd servis \u010falej zaru\u010duje spokojnos\u0165 z\u00e1kazn\u00edkov t\u00fdm, \u017ee poskytuje podporu a rie\u0161enia prisp\u00f4soben\u00e9 individu\u00e1lnym po\u017eiadavk\u00e1m.<\/p>\n<p>Autor: lyl<\/p>","protected":false},"excerpt":{"rendered":"<p>Boom Cylinder For Doosan Large Excavator DH370 Product Overview The Boom Cylinder for Doosan Large Excavator DH370 is a critical component designed for the effective operation of heavy machinery. This hydraulic cylinder is specifically engineered to control the movement of buckets in various heavy equipment, including excavators, backhoe loaders, and front loaders. The boom cylinder [&hellip;]<\/p>","protected":false},"featured_media":17872,"comment_status":"open","ping_status":"closed","template":"","meta":{"_et_pb_use_builder":"","_et_pb_old_content":"","_et_gb_content_width":""},"product_brand":[],"product_cat":[1546],"product_tag":[1547,1496],"class_list":{"0":"post-19005","1":"product","2":"type-product","3":"status-publish","4":"has-post-thumbnail","6":"product_cat-boom-cylinders","7":"product_tag-boom-cylinders","8":"product_tag-hydraulic-cylinders","10":"first","11":"instock","12":"shipping-taxable","13":"product-type-simple"},"amp_enabled":true,"_links":{"self":[{"href":"https:\/\/www.hydraulic-cylinders.net\/sk\/wp-json\/wp\/v2\/product\/19005","targetHints":{"allow":["GET"]}}],"collection":[{"href":"https:\/\/www.hydraulic-cylinders.net\/sk\/wp-json\/wp\/v2\/product"}],"about":[{"href":"https:\/\/www.hydraulic-cylinders.net\/sk\/wp-json\/wp\/v2\/types\/product"}],"replies":[{"embeddable":true,"href":"https:\/\/www.hydraulic-cylinders.net\/sk\/wp-json\/wp\/v2\/comments?post=19005"}],"wp:featuredmedia":[{"embeddable":true,"href":"https:\/\/www.hydraulic-cylinders.net\/sk\/wp-json\/wp\/v2\/media\/17872"}],"wp:attachment":[{"href":"https:\/\/www.hydraulic-cylinders.net\/sk\/wp-json\/wp\/v2\/media?parent=19005"}],"wp:term":[{"taxonomy":"product_brand","embeddable":true,"href":"https:\/\/www.hydraulic-cylinders.net\/sk\/wp-json\/wp\/v2\/product_brand?post=19005"},{"taxonomy":"product_cat","embeddable":true,"href":"https:\/\/www.hydraulic-cylinders.net\/sk\/wp-json\/wp\/v2\/product_cat?post=19005"},{"taxonomy":"product_tag","embeddable":true,"href":"https:\/\/www.hydraulic-cylinders.net\/sk\/wp-json\/wp\/v2\/product_tag?post=19005"}],"curies":[{"name":"pracovn\u00fd list","href":"https:\/\/api.w.org\/{rel}","templated":true}]}}