{"id":19008,"date":"2025-04-07T06:06:52","date_gmt":"2025-04-07T06:06:52","guid":{"rendered":"https:\/\/www.hydraulic-cylinders.net\/product\/boom-cylinder-for-doosan-large-excavator-dh300-5\/"},"modified":"2025-04-07T06:06:54","modified_gmt":"2025-04-07T06:06:54","slug":"boom-cylinder-for-doosan-large-excavator-dh300-5","status":"publish","type":"product","link":"https:\/\/www.hydraulic-cylinders.net\/sk\/produkt\/boom-cylinder-for-doosan-large-excavator-dh300-5\/","title":{"rendered":"Valec v\u00fdlo\u017en\u00edka pre ve\u013ek\u00e9 r\u00fdpadlo Doosan DH300-5"},"content":{"rendered":"<h1>Valec v\u00fdlo\u017en\u00edka pre ve\u013ek\u00e9 r\u00fdpadlo Doosan DH300-5<\/h1>\n<h2>Preh\u013ead produktu<\/h2>\n<p>Hydraulick\u00fd valec v\u00fdlo\u017en\u00edka pre ve\u013ek\u00e9 r\u00fdpadlo Doosan DH300-5 je k\u013e\u00fa\u010dov\u00fdm komponentom ur\u010den\u00fdm na ovl\u00e1danie pohybu v\u00fdlo\u017en\u00edka v \u0165a\u017ek\u00fdch strojoch. Tento hydraulick\u00fd valec u\u013eah\u010duje zdv\u00edhanie, sp\u00fa\u0161\u0165anie a nakl\u00e1\u0148anie v\u00fdlo\u017en\u00edka r\u00fdpadla, \u010do umo\u017e\u0148uje efekt\u00edvnu manipul\u00e1ciu s materi\u00e1lom. Zohr\u00e1va k\u013e\u00fa\u010dov\u00fa \u00falohu v hydraulick\u00fdch syst\u00e9moch a poskytuje potrebn\u00fa silu na bezpe\u010dn\u00e9 a efekt\u00edvne vykon\u00e1vanie r\u00f4znych oper\u00e1ci\u00ed.<\/p>\n<p><img decoding=\"async\" src=\"https:\/\/www.hydraulic-cylinders.net\/wp-content\/uploads\/2025\/04\/songte-company-1.webp\" alt=\"Valec v\u00fdlo\u017en\u00edka\" \/><\/p>\n<h3>Pochopenie valca vedra<\/h3>\n<p>Hydraulick\u00fd valec ly\u017eice je typ hydraulick\u00e9ho valca \u0161peci\u00e1lne navrhnut\u00e9ho na ovl\u00e1danie pohybu ly\u017e\u00edc v r\u00f4znych \u0165a\u017ek\u00fdch strojoch, ako s\u00fa bagre, r\u00fdpadlo-naklada\u010de a \u010deln\u00e9 naklada\u010de. Tieto valce umo\u017e\u0148uj\u00fa ly\u017eici vykon\u00e1va\u0165 z\u00e1kladn\u00e9 funkcie vr\u00e1tane kopania, zdv\u00edhania a nakl\u00e1\u0148ania, v\u010faka \u010domu s\u00fa nevyhnutn\u00e9 pre stavebn\u00e9 a po\u013enohospod\u00e1rske \u00falohy. Ich funk\u010dnos\u0165 je prim\u00e1rne odvoden\u00e1 od hydraulick\u00e9ho tlaku, ktor\u00fd zais\u0165uje plynul\u00fd a v\u00fdkonn\u00fd chod aj pri \u0165a\u017ek\u00fdch n\u00e1kladoch.<\/p>\n<h2>Vlastnosti valca v\u00fdlo\u017en\u00edka<\/h2>\n<ul>\n<li><strong>Vysok\u00e1 pevnos\u0165 a odolnos\u0165:<\/strong> Tieto valce s\u00fa vyroben\u00e9 z vysokopevnostnej ocele alebo hlin\u00edka, tak\u017ee odol\u00e1vaj\u00fa vysok\u00e9mu tlaku a \u0165a\u017ek\u00fdm za\u0165a\u017eeniam pri prev\u00e1dzke v n\u00e1ro\u010dn\u00fdch podmienkach. Ich kon\u0161trukcia zah\u0155\u0148a odolnos\u0165 vo\u010di opotrebovaniu a kor\u00f3zii, \u010do v\u00fdrazne predl\u017euje ich \u017eivotnos\u0165.<\/li>\n<li><strong>Efekt\u00edvna hydraulick\u00e1 prev\u00e1dzka:<\/strong> Pou\u017eitie hydraulick\u00e9ho oleja umo\u017e\u0148uje plynul\u00e9 vys\u00favanie a zas\u00favanie. Valce r\u00fdchlo reaguj\u00fa na ovl\u00e1dacie povely a poskytuj\u00fa siln\u00e9 tla\u010dn\u00e9 a \u0165a\u017en\u00e9 sily vhodn\u00e9 pre \u0165a\u017ek\u00e9 a zlo\u017eit\u00e9 \u00falohy.<\/li>\n<li><strong>R\u00f4zne typy:<\/strong> V z\u00e1vislosti od prev\u00e1dzkov\u00fdch potrieb si pou\u017e\u00edvatelia m\u00f4\u017eu vybra\u0165 medzi jedno\u010dinn\u00fdmi (vyu\u017e\u00edva hydraulick\u00fa silu v jednom smere) alebo dvoj\u010dinn\u00fdmi (vyu\u017e\u00edva hydraulick\u00fa silu v oboch smeroch) valcami. Niektor\u00e9 modely pon\u00fakaj\u00fa teleskopick\u00e9 prevedenie, ktor\u00e9 poskytuje v\u00e4\u010d\u0161ie vysunutie bez zv\u00e4\u010d\u0161enia vonkaj\u0161\u00edch rozmerov, ide\u00e1lne pre aplik\u00e1cie s obmedzen\u00fdm priestorom.<\/li>\n<\/ul>\n<h3>V\u00fdrobn\u00e1 kapacita<\/h3>\n<p>\u0160pecializujeme sa na v\u00fdrobu tohto produktu a na\u0161e valce s\u00fa navrhnut\u00e9 tak, aby dokonale nahradili existuj\u00face hydraulick\u00e9 valce na trhu.<\/p>\n<p><img decoding=\"async\" src=\"https:\/\/www.hydraulic-cylinders.net\/wp-content\/uploads\/2025\/04\/songte-cylinder-head-with-all-kinds-excavator-models.webp\" alt=\"Modely bagrov\" \/><\/p>\n<h2>Aplik\u00e1cie valca v\u00fdlo\u017en\u00edka<\/h2>\n<ul>\n<li><strong>Stavebn\u00e9 vybavenie:<\/strong> V r\u00fdpadl\u00e1ch s\u00fa valce v\u00fdlo\u017en\u00edka k\u013e\u00fa\u010dov\u00e9 pre kopanie, nakladanie a premiest\u0148ovanie zeminy alebo sutiny. S\u00fa nevyhnutn\u00e9 pri v\u00fdkopov\u00fdch aj zdv\u00edhac\u00edch \u00faloh\u00e1ch vykon\u00e1van\u00fdch r\u00fdpadlo-naklada\u010dmi.<\/li>\n<li><strong>Po\u013enohospod\u00e1rske stroje:<\/strong> Tieto valce, pou\u017e\u00edvan\u00e9 v \u010deln\u00fdch naklada\u010doch, u\u013eah\u010duj\u00fa naberanie, zdv\u00edhanie a prepravu p\u00f4dy, sena a in\u00fdch materi\u00e1lov, \u010d\u00edm zvy\u0161uj\u00fa efektivitu po\u013enohospod\u00e1rstva.<\/li>\n<li><strong>R\u00fdpadl\u00e1:<\/strong> Valec v\u00fdlo\u017en\u00edka umo\u017e\u0148uje ly\u017eici efekt\u00edvne prenika\u0165 do p\u00f4dy, \u010do je nevyhnutn\u00e9 pre kopacie oper\u00e1cie.<\/li>\n<li><strong>Naklada\u010de:<\/strong> V \u010deln\u00fdch naklada\u010doch pom\u00e1haj\u00fa efekt\u00edvne zdv\u00edha\u0165 a vyklada\u0165 n\u00e1klad, \u010d\u00edm optimalizuj\u00fa prev\u00e1dzkov\u00fa produktivitu.<\/li>\n<\/ul>\n<h2>\u00davahy o dizajne a krit\u00e9ri\u00e1 v\u00fdberu<\/h2>\n<h3>Nosnos\u0165<\/h3>\n<p>Nosnos\u0165 hydraulick\u00e9ho valca je z\u00e1kladn\u00fdm kon\u0161truk\u010dn\u00fdm krit\u00e9riom. Mus\u00ed by\u0165 schopn\u00fd unies\u0165 hmotnos\u0165 zdv\u00edhan\u00fdch a manipulovan\u00fdch bremien. To zah\u0155\u0148a vyhodnotenie ve\u013ekosti otvoru valca, ve\u013ekosti ty\u010de a celkovej pevnosti, aby sa zabezpe\u010dilo, \u017ee sp\u013a\u0148a alebo prekra\u010duje po\u017eiadavky stroja, ktor\u00e9mu sl\u00fa\u017ei.<\/p>\n<h3>Tesniaci v\u00fdkon<\/h3>\n<p>Tesnenie je k\u013e\u00fa\u010dov\u00e9 pre funk\u010dnos\u0165 hydraulick\u00fdch valcov. Spr\u00e1vne utesnenie zabra\u0148uje \u00faniku hydraulickej kvapaliny, \u010do m\u00f4\u017ee ohrozi\u0165 v\u00fdkon a bezpe\u010dnos\u0165. V\u00fdber tesniacich materi\u00e1lov, ako je polyuret\u00e1n alebo nitrilov\u00e1 guma, a kon\u0161trukcia tesnen\u00ed musia zoh\u013ead\u0148ova\u0165 prev\u00e1dzkov\u00e9 podmienky, aby sa zabezpe\u010dila dlh\u00e1 \u017eivotnos\u0165 a spo\u013eahlivos\u0165.<\/p>\n<h3>Trvanlivos\u0165<\/h3>\n<p>Pri kon\u0161trukcii hydraulick\u00fdch valcov je prvorad\u00e1 odolnos\u0165. Pou\u017eit\u00e9 materi\u00e1ly musia odol\u00e1va\u0165 oderu, kor\u00f3zii a \u00fanave spojenej s n\u00e1ro\u010dnou prev\u00e1dzkou v n\u00e1ro\u010dn\u00fdch prostrediach. Pravideln\u00e1 \u00fadr\u017eba a kvalita materi\u00e1lov zohr\u00e1vaj\u00fa v\u00fdznamn\u00fa \u00falohu pri pred\u013a\u017een\u00ed \u017eivotnosti valca.<\/p>\n<h3>Bezpe\u010dnostn\u00e9 prvky<\/h3>\n<p>Bezpe\u010dnostn\u00e9 aspekty pri kon\u0161trukcii hydraulick\u00fdch valcov zah\u0155\u0148aj\u00fa za\u010dlenenie poistn\u00fdch ventilov a zabezpe\u010denie toho, aby valce zvl\u00e1dli neo\u010dak\u00e1van\u00e9 tlakov\u00e9 skoky. Tieto funkcie s\u00fa nevyhnutn\u00e9 na predch\u00e1dzanie nehod\u00e1m a poruch\u00e1m zariaden\u00ed po\u010das prev\u00e1dzky.<\/p>\n<h3>Udr\u017eiavate\u013enos\u0165<\/h3>\n<p>Navrhovanie s oh\u013eadom na \u00fadr\u017ebu zah\u0155\u0148a vytv\u00e1ranie hydraulick\u00fdch valcov, ktor\u00e9 sa daj\u00fa \u013eahko kontrolova\u0165, opravova\u0165 a vymie\u0148a\u0165. To zah\u0155\u0148a u\u013eah\u010denie pr\u00edstupu ku kritick\u00fdm komponentom a zabezpe\u010denie \u013eahkej dostupnosti n\u00e1hradn\u00fdch dielov, \u010d\u00edm sa minimalizuj\u00fa prestoje po\u010das servisu.<\/p>\n<p><img decoding=\"async\" src=\"https:\/\/www.hydraulic-cylinders.net\/wp-content\/uploads\/2025\/04\/songte-oil-pipes-and-spare-parts.webp\" alt=\"Hydraulick\u00e9 diely\" \/><\/p>\n<h2>Tesnenie a mazanie<\/h2>\n<p>Hydraulick\u00e9 valce pou\u017e\u00edvaj\u00fa r\u00f4zne tesniace komponenty vr\u00e1tane tesnen\u00ed piestov a tesnen\u00ed ty\u010d\u00ed, ktor\u00e9 s\u00fa nevyhnutn\u00e9 na udr\u017eiavanie tlaku a zabr\u00e1nenie \u00fanikom. Tesnenia vyroben\u00e9 z odoln\u00fdch materi\u00e1lov, ako je polyuret\u00e1n a nitrilov\u00fd kau\u010duk, sa be\u017ene pou\u017e\u00edvaj\u00fa kv\u00f4li ich vlastnostiam odoln\u00fdm vo\u010di opotrebovaniu. Teleso valca a z\u00e1vitov\u00e9 konce s\u00fa jemne opracovan\u00e9, aby sa zv\u00fd\u0161ila odolnos\u0165 vo\u010di opotrebovaniu. Pravideln\u00e9 mazanie vhodn\u00fdm hydraulick\u00fdm olejom je nevyhnutn\u00e9 na zabezpe\u010denie hladk\u00e9ho chodu a zabr\u00e1nenie po\u0161kodenia sp\u00f4soben\u00e9ho tren\u00edm.<\/p>\n<h2>Pravideln\u00e9 kontroly a prevent\u00edvna \u00fadr\u017eba<\/h2>\n<ul>\n<li><strong>Pravideln\u00e9 kontroly:<\/strong> Vykon\u00e1vanie pravideln\u00fdch kontrol hydraulick\u00fdch valcov pom\u00e1ha v\u010das identifikova\u0165 potenci\u00e1lne probl\u00e9my. H\u013eadajte zn\u00e1mky \u00faniku, kor\u00f3zie a opotrebovania, ktor\u00e9 m\u00f4\u017eu nazna\u010dova\u0165 potrebu okam\u017eitej opravy.<\/li>\n<li><strong>Prevent\u00edvna \u00fadr\u017eba:<\/strong> Implement\u00e1cia programu prevent\u00edvnej \u00fadr\u017eby zabezpe\u010duje, \u017ee v\u0161etky pohybliv\u00e9 \u010dasti s\u00fa dostato\u010dne mazan\u00e9 a tesnenia sa pod\u013ea potreby vymie\u0148aj\u00fa, aby sa pred\u013a\u017eila \u017eivotnos\u0165 hydraulick\u00e9ho valca.<\/li>\n<li><strong>V\u010dasn\u00e9 opravy:<\/strong> V\u010dasn\u00e9 rie\u0161enie ak\u00fdchko\u013evek zisten\u00fdch probl\u00e9mov zabra\u0148uje tomu, aby sa drobn\u00e9 probl\u00e9my premenili na z\u00e1va\u017en\u00e9 poruchy, ktor\u00e9 by mohli vies\u0165 k n\u00e1kladn\u00fdm prestojom a oprav\u00e1m.<\/li>\n<\/ul>\n<h2>Pokyny na in\u0161tal\u00e1ciu<\/h2>\n<p>Spr\u00e1vna in\u0161tal\u00e1cia valca v\u00fdlo\u017en\u00edka je k\u013e\u00fa\u010dov\u00e1 pre optim\u00e1lny v\u00fdkon. Za\u010dnite t\u00fdm, \u017ee sa uist\u00edte, \u017ee v\u0161etky mont\u00e1\u017ene povrchy s\u00fa \u010dist\u00e9 a bez ne\u010dist\u00f4t. Valec spr\u00e1vne zarovnajte s mont\u00e1\u017enymi bodmi, aby ste predi\u0161li nadmern\u00e9mu nam\u00e1haniu valca. Na upevnenie valca na mieste sa odpor\u00fa\u010da pou\u017ei\u0165 vhodn\u00e9 mont\u00e1\u017ene konzoly. Hydraulick\u00e9 potrubia by mali by\u0165 pripojen\u00e9 bez zalomenia a v\u0161etky pripojenia by sa mali skontrolova\u0165 na tesnos\u0165. Nakoniec dodr\u017eiavajte \u0161pecifik\u00e1cie v\u00fdrobcu t\u00fdkaj\u00face sa typov hydraulick\u00fdch kvapal\u00edn a hlad\u00edn naplnenia a pred prev\u00e1dzkou sa uistite, \u017ee je syst\u00e9m odvzdu\u0161nen\u00fd.<\/p>\n<h2>Be\u017en\u00e9 \u00falohy \u00fadr\u017eby<\/h2>\n<ul>\n<li><strong>Pravideln\u00e9 kontroly:<\/strong> Napl\u00e1nujte si pravideln\u00e9 kontroly, aby ste sledovali stav hydraulick\u00e9ho valca. H\u013eadajte netesnosti alebo zn\u00e1mky opotrebovania, ktor\u00e9 by mohli nazna\u010dova\u0165 potrebu opravy.<\/li>\n<li><strong>Spr\u00e1vne mazanie:<\/strong> Zabezpe\u010dte dostato\u010dn\u00e9 mazanie hydraulick\u00e9ho valca. Pou\u017e\u00edvajte kvalitn\u00fd hydraulick\u00fd olej pod\u013ea odpor\u00fa\u010dan\u00ed a pravidelne kontrolujte hladinu oleja, aby ste udr\u017eali optim\u00e1lny v\u00fdkon.<\/li>\n<li><strong>V\u00fdmena tesnenia:<\/strong> V pr\u00edpade potreby vyme\u0148te tesnenia, aby ste predi\u0161li \u00fanikom. Po\u010das kontrol skontrolujte tesnenia a vyme\u0148te ich, ak spozorujete ak\u00e9ko\u013evek zn\u00e1mky po\u0161kodenia.<\/li>\n<\/ul>\n<h2>Bezpe\u010dnostn\u00e9 aspekty a faktory prostredia<\/h2>\n<p>Implement\u00e1cia bezpe\u010dnostn\u00fdch opatren\u00ed pri pou\u017e\u00edvan\u00ed hydraulick\u00fdch valcov je nevyhnutn\u00e1 na predch\u00e1dzanie nehod\u00e1m a zaistenie bezpe\u010dnosti obsluhy a person\u00e1lu \u00fadr\u017eby. V\u017edy dodr\u017eiavajte bezpe\u010dnostn\u00e9 pokyny, ako je pou\u017e\u00edvanie osobn\u00fdch ochrann\u00fdch prostriedkov a dodr\u017eiavanie spr\u00e1vnych postupov manipul\u00e1cie po\u010das \u00fadr\u017eby. Okrem toho zoh\u013eadnite faktory prostredia likvid\u00e1ciou hydraulick\u00fdch kvapal\u00edn v s\u00falade s miestnymi predpismi, aby ste minimalizovali vplyv na \u017eivotn\u00e9 prostredie.<\/p>\n<h2>Diagnostika por\u00fach a be\u017en\u00e9 probl\u00e9my<\/h2>\n<ul>\n<li><strong>\u00danik:<\/strong> Jedn\u00fdm z naj\u010dastej\u0161\u00edch probl\u00e9mov je \u00fanik, ktor\u00fd m\u00f4\u017ee nasta\u0165 v d\u00f4sledku opotrebovan\u00fdch tesnen\u00ed alebo po\u0161koden\u00fdch telies valcov. Pravideln\u00e9 kontroly m\u00f4\u017eu pom\u00f4c\u0165 v\u010das odhali\u0165 a rie\u0161i\u0165 \u00fanik.<\/li>\n<li><strong>Zn\u00ed\u017een\u00fd v\u00fdkon:<\/strong> Ak valec negeneruje dostato\u010dn\u00fd v\u00fdkon, m\u00f4\u017ee to nazna\u010dova\u0165 n\u00edzku hladinu hydraulickej kvapaliny alebo vn\u00fatorn\u00e9 po\u0161kodenie. Skontrolujte hladiny kvapal\u00edn a skontrolujte, \u010di nedo\u0161lo k vn\u00fatorn\u00fdm probl\u00e9mom.<\/li>\n<li><strong>Hluk:<\/strong> Nezvy\u010dajn\u00e9 zvuky po\u010das prev\u00e1dzky m\u00f4\u017eu nazna\u010dova\u0165 vzduch v hydraulickom syst\u00e9me, nedostato\u010dn\u00e9 mazanie alebo mechanick\u00e9 opotrebovanie. Okam\u017eite presk\u00famajte a odstr\u00e1\u0148te zdroj hluku.<\/li>\n<\/ul>\n<h2>Tipy na rie\u0161enie probl\u00e9mov<\/h2>\n<p>Pre efekt\u00edvnu diagnostiku a rie\u0161enie probl\u00e9mov s hydraulick\u00fdmi valcami za\u010dnite kontrolou v\u0161etk\u00fdch spojov, \u010di nedoch\u00e1dza k \u00fanikom, a zabezpe\u010den\u00edm dostato\u010dnej hladiny hydraulickej kvapaliny. Ak sa vyskytn\u00fa probl\u00e9my s v\u00fdkonom, skontrolujte tesnenia a vn\u00fatorn\u00e9 komponenty, \u010di nie s\u00fa po\u0161koden\u00e9. Zave\u010fte prevent\u00edvne opatrenia, ako je pravideln\u00e1 \u00fadr\u017eba a v\u010dasn\u00e9 opravy, aby ste minimalizovali potenci\u00e1lne probl\u00e9my a pred\u013a\u017eili \u017eivotnos\u0165 hydraulick\u00fdch valcov.<\/p>\n<p><img decoding=\"async\" src=\"https:\/\/www.hydraulic-cylinders.net\/wp-content\/uploads\/2025\/04\/songte-bushings-with-all-kinds-of-excavator-models.webp\" alt=\"Puzdr\u00e1 bagerov\" \/><\/p>\n<h2>Preh\u013ead spolo\u010dnosti<\/h2>\n<p>Sme popredn\u00fdm v\u00fdrobcom n\u00e1hradn\u00fdch hydraulick\u00fdch valcov a pon\u00fakame komplexn\u00fd sortiment produktov, ktor\u00e9 uspokoja dom\u00e1ci aj medzin\u00e1rodn\u00fd trh. N\u00e1\u0161 z\u00e1v\u00e4zok k excelentnosti je zrejm\u00fd z na\u0161ich prec\u00edznych v\u00fdrobn\u00fdch strat\u00e9gi\u00ed a zamerania sa na kvalitu. V\u010faka vyu\u017e\u00edvaniu kvalifikovan\u00fdch pracovn\u00edkov, pokro\u010dil\u00fdch v\u00fdrobn\u00fdch technol\u00f3gi\u00ed a robustn\u00fdch syst\u00e9mov kontroly kvality neust\u00e1le zlep\u0161ujeme na\u0161e v\u00fdrobn\u00e9 kapacity, aby sme splnili rozmanit\u00e9 potreby z\u00e1kazn\u00edkov.<\/p>\n<p><img decoding=\"async\" src=\"https:\/\/www.hydraulic-cylinders.net\/wp-content\/uploads\/2025\/04\/songte-company-4.webp\" alt=\"Preh\u013ead spolo\u010dnosti\" \/><br \/>\n<img decoding=\"async\" src=\"https:\/\/www.hydraulic-cylinders.net\/wp-content\/uploads\/2025\/04\/songte-company-3.webp\" alt=\"Tov\u00e1re\u0148 spolo\u010dnosti\" \/><\/p>\n<p>Na\u0161e odborn\u00e9 znalosti sa roz\u0161iruj\u00fa na medzin\u00e1rodn\u00e9 certifik\u00e1cie, slu\u017eby na mieru, najmodernej\u0161ie v\u00fdrobn\u00e9 zariadenia a v\u00fdnimo\u010dn\u00fa popredajn\u00fa podporu, \u010d\u00edm zabezpe\u010dujeme, \u017ee na\u0161i klienti dostan\u00fa vysoko kvalitn\u00e9 produkty prisp\u00f4soben\u00e9 ich \u0161pecifick\u00fdm po\u017eiadavk\u00e1m.<\/p>\n<p>Autor: lyl<\/p>","protected":false},"excerpt":{"rendered":"<p>Boom Cylinder For Doosan Large Excavator DH300-5 Product Overview The Boom Cylinder for Doosan Large Excavator DH300-5 is a critical component designed to control the movement of the boom in heavy machinery. This hydraulic cylinder facilitates the lifting, lowering, and tilting of the excavator&#8217;s boom, enabling efficient material handling tasks. It plays a pivotal role [&hellip;]<\/p>","protected":false},"featured_media":17875,"comment_status":"open","ping_status":"closed","template":"","meta":{"_et_pb_use_builder":"","_et_pb_old_content":"","_et_gb_content_width":""},"product_brand":[],"product_cat":[1546],"product_tag":[1547,1496],"class_list":{"0":"post-19008","1":"product","2":"type-product","3":"status-publish","4":"has-post-thumbnail","6":"product_cat-boom-cylinders","7":"product_tag-boom-cylinders","8":"product_tag-hydraulic-cylinders","10":"first","11":"instock","12":"shipping-taxable","13":"product-type-simple"},"amp_enabled":true,"_links":{"self":[{"href":"https:\/\/www.hydraulic-cylinders.net\/sk\/wp-json\/wp\/v2\/product\/19008","targetHints":{"allow":["GET"]}}],"collection":[{"href":"https:\/\/www.hydraulic-cylinders.net\/sk\/wp-json\/wp\/v2\/product"}],"about":[{"href":"https:\/\/www.hydraulic-cylinders.net\/sk\/wp-json\/wp\/v2\/types\/product"}],"replies":[{"embeddable":true,"href":"https:\/\/www.hydraulic-cylinders.net\/sk\/wp-json\/wp\/v2\/comments?post=19008"}],"wp:featuredmedia":[{"embeddable":true,"href":"https:\/\/www.hydraulic-cylinders.net\/sk\/wp-json\/wp\/v2\/media\/17875"}],"wp:attachment":[{"href":"https:\/\/www.hydraulic-cylinders.net\/sk\/wp-json\/wp\/v2\/media?parent=19008"}],"wp:term":[{"taxonomy":"product_brand","embeddable":true,"href":"https:\/\/www.hydraulic-cylinders.net\/sk\/wp-json\/wp\/v2\/product_brand?post=19008"},{"taxonomy":"product_cat","embeddable":true,"href":"https:\/\/www.hydraulic-cylinders.net\/sk\/wp-json\/wp\/v2\/product_cat?post=19008"},{"taxonomy":"product_tag","embeddable":true,"href":"https:\/\/www.hydraulic-cylinders.net\/sk\/wp-json\/wp\/v2\/product_tag?post=19008"}],"curies":[{"name":"pracovn\u00fd list","href":"https:\/\/api.w.org\/{rel}","templated":true}]}}