{"id":19018,"date":"2025-04-07T06:07:25","date_gmt":"2025-04-07T06:07:25","guid":{"rendered":"https:\/\/www.hydraulic-cylinders.net\/product\/boom-cylinder-for-doosan-large-excavator-dh360\/"},"modified":"2025-04-07T06:07:27","modified_gmt":"2025-04-07T06:07:27","slug":"boom-cylinder-for-doosan-large-excavator-dh360","status":"publish","type":"product","link":"https:\/\/www.hydraulic-cylinders.net\/sk\/produkt\/boom-cylinder-for-doosan-large-excavator-dh360\/","title":{"rendered":"Valec v\u00fdlo\u017en\u00edka pre ve\u013ek\u00e9 r\u00fdpadlo Doosan DH360"},"content":{"rendered":"<h1>Valec v\u00fdlo\u017en\u00edka pre ve\u013ek\u00e9 r\u00fdpadlo Doosan DH360<\/h1>\n<h2>Preh\u013ead produktu<\/h2>\n<p>Hydraulick\u00fd valec v\u00fdlo\u017en\u00edka pre ve\u013ek\u00e9 r\u00fdpadlo Doosan DH360 je z\u00e1kladn\u00fd hydraulick\u00fd komponent ur\u010den\u00fd na u\u013eah\u010denie pohybu v\u00fdlo\u017en\u00edka r\u00fdpadla. Tento hydraulick\u00fd valec hr\u00e1 k\u013e\u00fa\u010dov\u00fa \u00falohu pri ovl\u00e1dan\u00ed zdv\u00edhania, sp\u00fa\u0161\u0165ania a nakl\u00e1\u0148ania ly\u017eice, \u010d\u00edm zefekt\u00edv\u0148uje r\u00f4zne \u00falohy manipul\u00e1cie s materi\u00e1lom. Hydraulick\u00fd valec ly\u017eice je \u0161pecializovan\u00fd hydraulick\u00fd valec, ktor\u00fd umo\u017e\u0148uje \u0165a\u017ek\u00fdm strojom, ako s\u00fa r\u00fdpadl\u00e1, r\u00fdpadlo-naklada\u010de a \u010deln\u00e9 naklada\u010de, efekt\u00edvny v\u00fdkon. Vyu\u017eit\u00edm tlaku hydraulickej kvapaliny umo\u017e\u0148uje presn\u00e9 a kontrolovan\u00e9 pohyby, \u010d\u00edm zabezpe\u010duje, \u017ee obsluha m\u00f4\u017ee vykon\u00e1va\u0165 \u00falohy \u013eahko a presne.<\/p>\n<p><img decoding=\"async\" src=\"https:\/\/www.hydraulic-cylinders.net\/wp-content\/uploads\/2025\/04\/songte-company-1.webp\" alt=\"Valec v\u00fdlo\u017en\u00edka pre bager\"><\/p>\n<h2>Vlastnosti valca v\u00fdlo\u017en\u00edka<\/h2>\n<ul>\n<li><strong>Vysok\u00e1 pevnos\u0165 a odolnos\u0165:<\/strong> Tento valec je vyroben\u00fd z vysokopevnostnej ocele alebo hlin\u00edka, tak\u017ee odol\u00e1 vysok\u00e9mu tlaku a \u0165a\u017ek\u00fdm za\u0165a\u017eeniam, v\u010faka \u010domu je ide\u00e1lny do n\u00e1ro\u010dn\u00fdch pracovn\u00fdch prostred\u00ed.<\/li>\n<li><strong>Efekt\u00edvna hydraulick\u00e1 prev\u00e1dzka:<\/strong> Valec vyu\u017e\u00edva hydraulick\u00fd tlak oleja pre plynul\u00e9 vys\u00favanie a zas\u00favanie, \u010d\u00edm zabezpe\u010duje r\u00fdchlu reakciu na ovl\u00e1dacie povely a generuje zna\u010dn\u00fa tla\u010dn\u00fa a \u0165a\u017en\u00fa silu.<\/li>\n<li><strong>R\u00f4zne typy:<\/strong> K dispoz\u00edcii s\u00fa v jedno\u010dinnom (vyu\u017e\u00edvaj\u00facom hydraulick\u00fa silu v jednom smere) alebo dvoj\u010dinnom (vyu\u017e\u00edvaj\u00facom hydraulick\u00fa silu v oboch smeroch) preveden\u00ed, aby sp\u013a\u0148ali r\u00f4zne prev\u00e1dzkov\u00e9 potreby, pri\u010dom niektor\u00e9 modely maj\u00fa teleskopick\u00e9 prevedenie pre v\u00e4\u010d\u0161ie vysunutie bez zv\u00e4\u010d\u0161enia vonkaj\u0161\u00edch rozmerov.<\/li>\n<li><strong>Odolnos\u0165 proti kor\u00f3zii:<\/strong> Navrhnut\u00e9 s vlastnos\u0165ami odoln\u00fdmi vo\u010di opotrebovaniu a antikor\u00f3zii pre zv\u00fd\u0161enie odolnosti a v\u00fdrazn\u00e9 pred\u013a\u017eenie \u017eivotnosti produktu.<\/li>\n<li><strong>Prisp\u00f4sobite\u013en\u00e9 mo\u017enosti:<\/strong> Na\u0161e produkty dok\u00e1\u017eu dokonale nahradi\u0165 r\u00f4zne hydraulick\u00e9 valce a poskytn\u00fa\u0165 klientom rie\u0161enia na mieru pod\u013ea \u0161pecifick\u00fdch po\u017eiadaviek.<\/li>\n<\/ul>\n<p><img decoding=\"async\" src=\"https:\/\/www.hydraulic-cylinders.net\/wp-content\/uploads\/2025\/04\/songte-cylinder-head-with-all-kinds-excavator-models.webp\" alt=\"Modely bagrov\"><\/p>\n<h2>Aplik\u00e1cie valca v\u00fdlo\u017en\u00edka<\/h2>\n<h3>Stavebn\u00e9 stroje<\/h3>\n<p>V r\u00fdpadl\u00e1ch je valec v\u00fdlo\u017en\u00edka nevyhnutn\u00fd pre kopanie, nakladanie a premiest\u0148ovanie zeminy alebo sutiny. Umo\u017e\u0148uje obsluhe efekt\u00edvne man\u00e9vrova\u0165 s ly\u017eicou, \u010d\u00edm zabezpe\u010duje praktick\u00fa a efekt\u00edvnu manipul\u00e1ciu s materi\u00e1lmi na stavenisk\u00e1ch. Bez spo\u013eahliv\u00e9ho valca v\u00fdlo\u017en\u00edka by bola funk\u010dnos\u0165 r\u00fdpadla v\u00e1\u017ene ohrozen\u00e1, \u010do by malo vplyv na produktivitu a prev\u00e1dzkov\u00fa efektivitu.<\/p>\n<h3>Po\u013enohospod\u00e1rske stroje<\/h3>\n<p>V \u010deln\u00fdch naklada\u010doch hr\u00e1 valec v\u00fdlo\u017en\u00edka k\u013e\u00fa\u010dov\u00fa \u00falohu pri naberan\u00ed, zdv\u00edhan\u00ed a preprave p\u00f4dy, sena a in\u00fdch materi\u00e1lov. T\u00e1to aplik\u00e1cia je obzvl\u00e1\u0161\u0165 d\u00f4le\u017eit\u00e1 v po\u013enohospod\u00e1rskom prostred\u00ed, kde musia stroje spo\u013eahlivo fungova\u0165, aby efekt\u00edvne plnili \u00falohy. Robustn\u00fd valec v\u00fdlo\u017en\u00edka zais\u0165uje, \u017ee po\u013enohospod\u00e1rske \u00falohy je mo\u017en\u00e9 vykon\u00e1va\u0165 s minim\u00e1lnymi prestojmi a maxim\u00e1lnou efektivitou.<\/p>\n<h3>R\u00fdpadl\u00e1<\/h3>\n<p>Valec v\u00fdlo\u017en\u00edka umo\u017e\u0148uje ly\u017eici efekt\u00edvne prenika\u0165 do p\u00f4dy a dosahova\u0165 kopac\u00ed pohyb potrebn\u00fd pre v\u00fdkopov\u00e9 pr\u00e1ce. Jeho v\u00fdkon je nevyhnutn\u00fd pre \u00faspe\u0161n\u00fa prev\u00e1dzku r\u00fdpadiel, na ktor\u00e9 sa spoliehaj\u00fa r\u00f4zne stavebn\u00e9 a zemn\u00e9 projekty. \u00da\u010dinnos\u0165 valca v\u00fdlo\u017en\u00edka priamo s\u00favis\u00ed s celkov\u00fdm v\u00fdkonom r\u00fdpadla.<\/p>\n<h3>Naklada\u010de<\/h3>\n<p>V \u010deln\u00fdch naklada\u010doch pom\u00e1haj\u00fa valce v\u00fdlo\u017en\u00edka efekt\u00edvne zdv\u00edha\u0165 a vyklada\u0165 bremena. Umo\u017e\u0148uj\u00fa obsluhe manipulova\u0165 s \u0165a\u017ek\u00fdmi materi\u00e1lmi, \u010d\u00edm zabezpe\u010duj\u00fa bezpe\u010dn\u00fa a efekt\u00edvnu prev\u00e1dzku. Schopnos\u0165 ovl\u00e1da\u0165 uhol a v\u00fd\u0161ku v\u00fdlo\u017en\u00edka umo\u017e\u0148uje presn\u00e9 vykladanie a umiest\u0148ovanie materi\u00e1lu, \u010d\u00edm sa zvy\u0161uje vyu\u017eite\u013enos\u0165 naklada\u010da na stavenisku.<\/p>\n<h2>\u00davahy o dizajne a krit\u00e9ri\u00e1 v\u00fdberu<\/h2>\n<h3>Nosnos\u0165<\/h3>\n<p>Nosnos\u0165 valca v\u00fdlo\u017en\u00edka je prvorad\u00fdm kon\u0161truk\u010dn\u00fdm krit\u00e9riom. Mus\u00ed by\u0165 schopn\u00fd unies\u0165 maxim\u00e1lnu hmotnos\u0165 bremena, aby sa zabezpe\u010dila bezpe\u010dnos\u0165 a \u00fa\u010dinnos\u0165 po\u010das prev\u00e1dzky. V\u00fdrobcovia zvy\u010dajne \u0161pecifikuj\u00fa menovit\u00e9 za\u0165a\u017eenie, ktor\u00e9 mus\u00ed by\u0165 v s\u00falade s ur\u010den\u00fdm pou\u017eit\u00edm stroja, aby sa predi\u0161lo poruche pri \u0165a\u017ek\u00fdch \u00faloh\u00e1ch. Spr\u00e1vne pos\u00fadenie nosnosti zabezpe\u010duje, \u017ee pre konkr\u00e9tne aplik\u00e1cie sa vyberie spr\u00e1vny valec, \u010d\u00edm sa zv\u00fd\u0161i v\u00fdkon a zn\u00ed\u017ei pravdepodobnos\u0165 neh\u00f4d.<\/p>\n<h3>Integrita tesnenia<\/h3>\n<p>Integrita tesnenia je k\u013e\u00fa\u010dov\u00e1 pre udr\u017eanie \u00fa\u010dinnosti hydraulick\u00e9ho syst\u00e9mu. Vysokokvalitn\u00e9 tesnenia zabra\u0148uj\u00fa \u00faniku hydraulickej kvapaliny, \u010do m\u00f4\u017ee vies\u0165 k zn\u00ed\u017eeniu v\u00fdkonu a potenci\u00e1lnemu zlyhaniu syst\u00e9mu. V\u00fdber tesniacich materi\u00e1lov, ako je polyuret\u00e1n alebo nitrilov\u00e1 guma, je nevyhnutn\u00fd pre zabezpe\u010denie dlhotrvaj\u00faceho v\u00fdkonu za r\u00f4znych podmienok. Spr\u00e1vny n\u00e1vrh tesnenia prispieva k zv\u00fd\u0161enej odolnosti a prev\u00e1dzkovej spo\u013eahlivosti, \u010do z neho rob\u00ed z\u00e1kladn\u00fd faktor pri v\u00fdbere valca v\u00fdlo\u017en\u00edka.<\/p>\n<h3>Trvanlivos\u0165<\/h3>\n<p>Trvanlivos\u0165 je k\u013e\u00fa\u010dov\u00fdm aspektom kon\u0161trukcie hydraulick\u00e9ho valca. Materi\u00e1ly pou\u017eit\u00e9 pri v\u00fdrobe musia odol\u00e1va\u0165 opotrebovaniu a \u00fanave v priebehu \u010dasu, najm\u00e4 pri vystaven\u00ed drsn\u00fdm podmienkam. Pokro\u010dil\u00e9 v\u00fdrobn\u00e9 techniky a v\u00fdber materi\u00e1lov prispievaj\u00fa k dlhej \u017eivotnosti valca v\u00fdlo\u017en\u00edka, \u010do mu umo\u017e\u0148uje odol\u00e1va\u0165 n\u00e1ro\u010dn\u00fdm aplik\u00e1ci\u00e1m s vysokou z\u00e1\u0165a\u017eou. Odoln\u00e1 kon\u0161trukcia minimalizuje potrebu \u00fadr\u017eby a zni\u017euje frekvenciu v\u00fdmen, \u010d\u00edm pon\u00faka prev\u00e1dzkovate\u013eom n\u00e1kladovo efekt\u00edvne rie\u0161enia.<\/p>\n<h3>Bezpe\u010dnostn\u00e9 prvky<\/h3>\n<p>Za\u010dlenenie bezpe\u010dnostn\u00fdch prvkov do kon\u0161trukcie valcov v\u00fdlo\u017en\u00edka je nevyhnutn\u00e9 na ochranu obsluhy aj strojov. Medzi tieto prvky m\u00f4\u017eu patri\u0165 pretlakov\u00e9 ventily, ktor\u00e9 zabra\u0148uj\u00fa pre\u0165a\u017eeniu, a bezpe\u010dnostn\u00e9 mechanizmy, ktor\u00e9 zabezpe\u010duj\u00fa kontrolovan\u00fa prev\u00e1dzku aj v nepriazniv\u00fdch podmienkach. D\u00f4raz na bezpe\u010dnos\u0165 nielen zvy\u0161uje prev\u00e1dzkov\u00fa integritu strojov, ale aj posil\u0148uje d\u00f4veru medzi pou\u017e\u00edvate\u013emi, \u010do z nej rob\u00ed kritick\u00fd faktor po\u010das f\u00e1zy n\u00e1vrhu.<\/p>\n<h3>Udr\u017eiavate\u013enos\u0165<\/h3>\n<p>\u00dadr\u017eba je v\u00fdznamn\u00fdm faktorom pri kon\u0161trukcii hydraulick\u00fdch valcov. Jednoduch\u00fd pr\u00edstup ku komponentom na kontrolu, \u00fadr\u017ebu a v\u00fdmenu je nevyhnutn\u00fd pre minimaliz\u00e1ciu prestojov. Kon\u0161trukcie valcov, ktor\u00e9 umo\u017e\u0148uj\u00fa jednoduch\u00fa demont\u00e1\u017e a op\u00e4tovn\u00fa mont\u00e1\u017e, u\u013eah\u010duj\u00fa be\u017en\u00e9 \u00fadr\u017eb\u00e1rske \u00falohy a zabezpe\u010duj\u00fa, aby oper\u00e1tori mohli udr\u017eiava\u0165 stroj v bezprobl\u00e9movom chode. Uprednost\u0148ovan\u00edm \u00fadr\u017eby m\u00f4\u017eu v\u00fdrobcovia optimalizova\u0165 prev\u00e1dzkov\u00fa efektivitu a zv\u00fd\u0161i\u0165 spokojnos\u0165 pou\u017e\u00edvate\u013eov.<\/p>\n<p><img decoding=\"async\" src=\"https:\/\/www.hydraulic-cylinders.net\/wp-content\/uploads\/2025\/04\/songte-oil-pipes-and-spare-parts.webp\" alt=\"Hydraulick\u00e9 diely\"><\/p>\n<h2>Tesnenie a mazanie hydraulick\u00e9ho valca<\/h2>\n<p>\u00da\u010dinn\u00e9 tesnenie a mazanie s\u00fa k\u013e\u00fa\u010dov\u00e9 pre spr\u00e1vne fungovanie hydraulick\u00fdch valcov. Na zabr\u00e1nenie \u00faniku kvapaliny a udr\u017eanie tlaku v syst\u00e9me sa pou\u017e\u00edvaj\u00fa r\u00f4zne tesniace komponenty, ako s\u00fa tesnenia piestov a tesnenia ty\u010d\u00ed. Tesniace materi\u00e1ly, ako je polyuret\u00e1n a nitrilov\u00e1 guma, sa vyberaj\u00fa pre svoju odolnos\u0165 proti opotrebovaniu a trvanlivos\u0165, \u010do zais\u0165uje dlhotrvaj\u00faci v\u00fdkon aj pri vysokom tlaku. Okrem toho sa teleso valca a z\u00e1vitov\u00e9 konce jemne obr\u00e1baj\u00fa, aby sa zv\u00fd\u0161ila odolnos\u0165 proti opotrebovaniu a zlep\u0161ili sa tesniace schopnosti.<\/p>\n<p>Pravideln\u00e9 mazanie je nevyhnutn\u00e9 pre optim\u00e1lnu prev\u00e1dzku a vy\u017eaduje si pravideln\u00e9 vstrekovanie hydraulick\u00e9ho oleja, aby sa minimalizovalo trenie a opotrebovanie pohybliv\u00fdch \u010dast\u00ed. Spr\u00e1vne postupy mazania nielen predl\u017euj\u00fa \u017eivotnos\u0165 hydraulick\u00e9ho valca, ale prispievaj\u00fa aj k celkovej \u00fa\u010dinnosti hydraulick\u00e9ho syst\u00e9mu, \u010do z neho rob\u00ed k\u013e\u00fa\u010dov\u00fd aspekt strat\u00e9gi\u00ed \u00fadr\u017eby.<\/p>\n<h2>Pravideln\u00e1 \u00fadr\u017eba a prevent\u00edvne opatrenia<\/h2>\n<ul>\n<li><strong>Rutinn\u00e1 kontrola:<\/strong> Vykon\u00e1vajte pravideln\u00e9 kontroly, aby ste identifikovali zn\u00e1mky opotrebovania alebo po\u0161kodenia. Tento proakt\u00edvny pr\u00edstup m\u00f4\u017ee pom\u00f4c\u0165 predch\u00e1dza\u0165 n\u00e1kladn\u00fdm oprav\u00e1m a zabezpe\u010di\u0165 bezpe\u010dn\u00fa prev\u00e1dzku.<\/li>\n<li><strong>Mazanie:<\/strong> Pravidelne dop\u013a\u0148ajte hydraulick\u00fd olej, aby ste udr\u017eali optim\u00e1lnu hladinu mazania. Spr\u00e1vne mazanie zni\u017euje trenie a opotrebovanie komponentov, \u010d\u00edm predl\u017euje \u017eivotnos\u0165.<\/li>\n<li><strong>V\u00fdmena tesnenia:<\/strong> Sledujte stav tesnen\u00ed a pod\u013ea potreby ich vyme\u0148te. Opotrebovan\u00e9 tesnenia m\u00f4\u017eu vies\u0165 k \u00faniku kvapaliny, zhor\u0161eniu v\u00fdkonu a potenci\u00e1lne k poruch\u00e1m syst\u00e9mu.<\/li>\n<\/ul>\n<h2>Pokyny na in\u0161tal\u00e1ciu<\/h2>\n<p>Spr\u00e1vna in\u0161tal\u00e1cia hydraulick\u00e9ho valca je pre jeho prev\u00e1dzku mimoriadne d\u00f4le\u017eit\u00e1. Za\u010dnite t\u00fdm, \u017ee sa uist\u00edte, \u017ee miesto in\u0161tal\u00e1cie je \u010dist\u00e9 a bez ak\u00fdchko\u013evek ne\u010dist\u00f4t, ktor\u00e9 by mohli ohrozi\u0165 jeho v\u00fdkon. Spr\u00e1vne zarovnanie valca s mont\u00e1\u017enymi konzolami je nevyhnutn\u00e9; nespr\u00e1vne zarovnanie m\u00f4\u017ee vies\u0165 k nadmern\u00e9mu opotrebovaniu a pred\u010dasn\u00e9mu zlyhaniu. Na pevn\u00e9 upevnenie valca sa odpor\u00fa\u010da pou\u017ei\u0165 vhodn\u00e9 mont\u00e1\u017ene podpery. Dodr\u017eiavanie \u0161pecifik\u00e1ci\u00ed v\u00fdrobcu t\u00fdkaj\u00facich sa kr\u00fatiacich momentov a v\u00f4l\u00ed zabezpe\u010d\u00ed efekt\u00edvnu prev\u00e1dzku valca.<\/p>\n<p>Po in\u0161tal\u00e1cii je nevyhnutn\u00e9 skontrolova\u0165, \u010di s\u00fa hydraulick\u00e9 pripojenia bezpe\u010dn\u00e9 a bez \u00fanikov. Vykonanie d\u00f4kladnej sk\u00fa\u0161obnej prev\u00e1dzky syst\u00e9mu pom\u00f4\u017ee identifikova\u0165 ak\u00e9ko\u013evek probl\u00e9my pred uveden\u00edm valca do be\u017enej prev\u00e1dzky. Pravideln\u00e1 kontrola procesu in\u0161tal\u00e1cie a vykon\u00e1vanie potrebn\u00fdch \u00faprav m\u00f4\u017ee v\u00fdrazne zlep\u0161i\u0165 v\u00fdkon a \u017eivotnos\u0165 valca.<\/p>\n<h2>Be\u017en\u00e9 \u00falohy \u00fadr\u017eby<\/h2>\n<h3>Rutinn\u00e1 kontrola<\/h3>\n<p>Pravideln\u00e9 kontroly s\u00fa nevyhnutn\u00e9 na zabezpe\u010denie optim\u00e1lneho fungovania hydraulick\u00e9ho valca. Po\u010das prev\u00e1dzky kontrolujte zn\u00e1mky opotrebovania, netesnosti a ak\u00e9ko\u013evek nezvy\u010dajn\u00e9 zvuky. Tento proakt\u00edvny pr\u00edstup identifikuje potenci\u00e1lne probl\u00e9my sk\u00f4r, ako sa vyhrotia, \u010d\u00edm zais\u0165uje bezpe\u010dnos\u0165 a \u00fa\u010dinnos\u0165.<\/p>\n<h3>Spr\u00e1vne mazanie<\/h3>\n<p>Udr\u017eiavanie dostato\u010dn\u00e9ho mazania je k\u013e\u00fa\u010dov\u00e9 pre dlh\u00fa \u017eivotnos\u0165 hydraulick\u00e9ho valca. Hladiny oleja by sa mali pravidelne monitorova\u0165 a pod\u013ea potreby by sa mala dop\u013a\u0148a\u0165 vhodn\u00e1 hydraulick\u00e1 kvapalina. Spr\u00e1vne mazanie minimalizuje trenie, \u010do zni\u017euje opotrebovanie komponentov valca, a t\u00fdm predl\u017euje \u017eivotnos\u0165.<\/p>\n<h3>V\u00fdmena a kalibr\u00e1cia tesnenia<\/h3>\n<p>V\u00fdmena tesnen\u00ed pri prv\u00fdch zn\u00e1mkach opotrebenia je nevyhnutn\u00e1 na prevenciu \u00fanikov a udr\u017eanie tlaku v syst\u00e9me. Pravideln\u00e1 kalibr\u00e1cia hydraulick\u00e9ho syst\u00e9mu zabezpe\u010duje, \u017ee pracuje v r\u00e1mci stanoven\u00fdch parametrov, \u010d\u00edm sa optimalizuje v\u00fdkon. Spr\u00e1vne nastavenie a \u00fadr\u017eba tesnen\u00ed zabezpe\u010duje spo\u013eahliv\u00fa prev\u00e1dzku a predl\u017euje \u017eivotnos\u0165 hydraulick\u00e9ho valca.<\/p>\n<p><img decoding=\"async\" src=\"https:\/\/www.hydraulic-cylinders.net\/wp-content\/uploads\/2025\/04\/songte-chushion-collar.webp\" alt=\"Vank\u00fa\u0161ov\u00fd golier\"><\/p>\n<h2>Bezpe\u010dnostn\u00e9 aspekty a faktory prostredia<\/h2>\n<p>Pri pou\u017e\u00edvan\u00ed hydraulick\u00fdch valcov je nevyhnutn\u00e9 dodr\u017eiava\u0165 bezpe\u010dnostn\u00e9 opatrenia. Obsluha by mala by\u0165 vy\u0161kolen\u00e1 v spr\u00e1vnej manipul\u00e1cii so zariadeniami a mala by si by\u0165 vedom\u00e1 riz\u00edk spojen\u00fdch s hydraulick\u00fdmi syst\u00e9mami. Bezpe\u010dnostn\u00e9 prvky by mali by\u0165 v\u017edy na mieste, aby sa predi\u0161lo nehod\u00e1m, a mala by sa vykon\u00e1va\u0165 pravideln\u00e1 \u00fadr\u017eba, aby sa zabezpe\u010dila spr\u00e1vna funkcia valcov. Pri n\u00e1vrhu a v\u00fdbere hydraulick\u00fdch valcov je potrebn\u00e9 zoh\u013eadni\u0165 aj faktory prostredia, ako s\u00fa kol\u00edsanie teploty a vystavenie koroz\u00edvnym l\u00e1tkam, aby sa zabezpe\u010dil spo\u013eahliv\u00fd v\u00fdkon za r\u00f4znych podmienok.<\/p>\n<h2>Rie\u0161enie probl\u00e9mov a be\u017en\u00e9 probl\u00e9my<\/h2>\n<ul>\n<li><strong>\u00danik:<\/strong> Jedn\u00fdm z naj\u010dastej\u0161\u00edch probl\u00e9mov je \u00fanik kvapaliny, \u010dasto sp\u00f4soben\u00fd opotrebovan\u00fdmi tesneniami alebo nespr\u00e1vnou in\u0161tal\u00e1ciou. Pravidelne kontrolujte tesnenia a pod\u013ea potreby ich vymie\u0148ajte, aby ste predi\u0161li \u00faniku kvapaliny.<\/li>\n<li><strong>Nekonzistentn\u00fd pohyb:<\/strong> Ak sa valec pohybuje nekonzistentne alebo trhavo, m\u00f4\u017ee to znamena\u0165 vzduch v hydraulick\u00fdch potrubiach alebo nedostato\u010dn\u00e9 mazanie. Odvzdu\u0161nite syst\u00e9m a zabezpe\u010dte spr\u00e1vnu hladinu oleja, aby ste obnovili plynul\u00fd chod.<\/li>\n<li><strong>Strata tlaku:<\/strong> N\u00e1hla strata tlaku m\u00f4\u017ee nazna\u010dova\u0165 vn\u00fatorn\u00e9 po\u0161kodenie alebo netesnosti. Vykonajte d\u00f4kladn\u00fa kontrolu, aby ste identifikovali zdroj probl\u00e9mu a okam\u017eite ho odstr\u00e1\u0148te.<\/li>\n<\/ul>\n<h2>Tipy na rie\u0161enie probl\u00e9mov a prevent\u00edvne opatrenia<\/h2>\n<p>Aby sa efekt\u00edvne diagnostikovali a rie\u0161ili probl\u00e9my s hydraulick\u00fdmi valcami, oper\u00e1tori by mali pravidelne kontrolova\u0165 \u00faniky a monitorova\u0165 ich v\u00fdkon. Implement\u00e1cia prevent\u00edvnych opatren\u00ed, ako je be\u017en\u00e1 \u00fadr\u017eba a spr\u00e1vne mazanie, minimalizuje riziko vzniku probl\u00e9mov. Vedenie podrobn\u00e9ho z\u00e1znamu o kontrol\u00e1ch a \u00fadr\u017eb\u00e1rskych \u010dinnostiach umo\u017e\u0148uje identifikova\u0165 vzorce a proakt\u00edvne rie\u0161i\u0165 potenci\u00e1lne probl\u00e9my.<\/p>\n<p><img decoding=\"async\" src=\"https:\/\/www.hydraulic-cylinders.net\/wp-content\/uploads\/2025\/04\/songte-bushings-with-all-kinds-of-excavator-models.webp\" alt=\"Puzdr\u00e1 pre modely r\u00fdpadiel\"><\/p>\n<h2>Preh\u013ead spolo\u010dnosti<\/h2>\n<p>Sme popredn\u00fd v\u00fdrobca a ve\u013ekoobchodn\u00edk \u0161pecializuj\u00faci sa na n\u00e1hradn\u00e9 hydraulick\u00e9 valce. N\u00e1\u0161 rozsiahly sortiment produktov n\u00e1s etabloval ako popredn\u00e9ho hr\u00e1\u010da na dom\u00e1com aj medzin\u00e1rodnom trhu. Dodr\u017eiavame pr\u00edsne \u0161tandardy kvality a pou\u017e\u00edvame prec\u00edzne v\u00fdrobn\u00e9 strat\u00e9gie, ktor\u00e9 vyu\u017e\u00edvaj\u00fa pokro\u010dil\u00e9 technol\u00f3gie a odborn\u00e9 znalosti. Na\u0161e zameranie na vysoko efekt\u00edvnu v\u00fdrobu, presn\u00e9 in\u017einierstvo a vynikaj\u00facu kvalitu zaru\u010duje, \u017ee efekt\u00edvne sp\u013a\u0148ame rozmanit\u00e9 po\u017eiadavky z\u00e1kazn\u00edkov.<\/p>\n<p>Na\u0161e produkty s\u00fa podporen\u00e9 medzin\u00e1rodn\u00fdmi certifik\u00e1ciami, ktor\u00e9 dokazuj\u00fa n\u00e1\u0161 z\u00e1v\u00e4zok ku kvalite a bezpe\u010dnosti. Poskytujeme tie\u017e slu\u017eby na mieru prisp\u00f4soben\u00e9 individu\u00e1lnym potreb\u00e1m klientov, \u010d\u00edm zabezpe\u010dujeme, aby ka\u017ed\u00fd produkt sp\u013a\u0148al \u0161pecifick\u00e9 prev\u00e1dzkov\u00e9 po\u017eiadavky. Na\u0161e najmodernej\u0161ie v\u00fdrobn\u00e9 zariadenia a pr\u00edsne testovacie syst\u00e9my zaru\u010duj\u00fa, \u017ee ka\u017ed\u00fd hydraulick\u00fd valec, ktor\u00fd vyr\u00e1bame, sp\u013a\u0148a najvy\u0161\u0161ie \u0161tandardy v\u00fdkonu a spo\u013eahlivosti.<\/p>\n<p><img decoding=\"async\" src=\"https:\/\/www.hydraulic-cylinders.net\/wp-content\/uploads\/2025\/04\/songte-company-4.webp\" alt=\"V\u00fdrobn\u00e9 zariadenie spolo\u010dnosti\"><br \/>\n<img decoding=\"async\" src=\"https:\/\/www.hydraulic-cylinders.net\/wp-content\/uploads\/2025\/04\/songte-company-3.webp\" alt=\"V\u00fdrobn\u00e9 zariadenia spolo\u010dnosti\"><\/p>\n<p>Autor: lyl<\/p>","protected":false},"excerpt":{"rendered":"<p>Boom Cylinder For Doosan Large Excavator DH360 Product Overview The Boom Cylinder for Doosan Large Excavator DH360 is an essential hydraulic component designed to facilitate the movement of the excavator&#8217;s boom. This hydraulic cylinder plays a critical role in controlling the lifting, lowering, and tilting of the bucket, thereby streamlining various material handling tasks. A [&hellip;]<\/p>","protected":false},"featured_media":17870,"comment_status":"open","ping_status":"closed","template":"","meta":{"_et_pb_use_builder":"","_et_pb_old_content":"","_et_gb_content_width":""},"product_brand":[],"product_cat":[1546],"product_tag":[1547,1496],"class_list":{"0":"post-19018","1":"product","2":"type-product","3":"status-publish","4":"has-post-thumbnail","6":"product_cat-boom-cylinders","7":"product_tag-boom-cylinders","8":"product_tag-hydraulic-cylinders","10":"first","11":"instock","12":"shipping-taxable","13":"product-type-simple"},"amp_enabled":true,"_links":{"self":[{"href":"https:\/\/www.hydraulic-cylinders.net\/sk\/wp-json\/wp\/v2\/product\/19018","targetHints":{"allow":["GET"]}}],"collection":[{"href":"https:\/\/www.hydraulic-cylinders.net\/sk\/wp-json\/wp\/v2\/product"}],"about":[{"href":"https:\/\/www.hydraulic-cylinders.net\/sk\/wp-json\/wp\/v2\/types\/product"}],"replies":[{"embeddable":true,"href":"https:\/\/www.hydraulic-cylinders.net\/sk\/wp-json\/wp\/v2\/comments?post=19018"}],"wp:featuredmedia":[{"embeddable":true,"href":"https:\/\/www.hydraulic-cylinders.net\/sk\/wp-json\/wp\/v2\/media\/17870"}],"wp:attachment":[{"href":"https:\/\/www.hydraulic-cylinders.net\/sk\/wp-json\/wp\/v2\/media?parent=19018"}],"wp:term":[{"taxonomy":"product_brand","embeddable":true,"href":"https:\/\/www.hydraulic-cylinders.net\/sk\/wp-json\/wp\/v2\/product_brand?post=19018"},{"taxonomy":"product_cat","embeddable":true,"href":"https:\/\/www.hydraulic-cylinders.net\/sk\/wp-json\/wp\/v2\/product_cat?post=19018"},{"taxonomy":"product_tag","embeddable":true,"href":"https:\/\/www.hydraulic-cylinders.net\/sk\/wp-json\/wp\/v2\/product_tag?post=19018"}],"curies":[{"name":"pracovn\u00fd list","href":"https:\/\/api.w.org\/{rel}","templated":true}]}}