{"id":19025,"date":"2025-04-07T06:07:43","date_gmt":"2025-04-07T06:07:43","guid":{"rendered":"https:\/\/www.hydraulic-cylinders.net\/product\/boom-cylinder-for-hyundai-small-excavator-r80-7\/"},"modified":"2025-04-07T06:07:45","modified_gmt":"2025-04-07T06:07:45","slug":"boom-cylinder-for-hyundai-small-excavator-r80-7","status":"publish","type":"product","link":"https:\/\/www.hydraulic-cylinders.net\/sk\/produkt\/boom-cylinder-for-hyundai-small-excavator-r80-7\/","title":{"rendered":"Valec v\u00fdlo\u017en\u00edka pre mal\u00e9 r\u00fdpadlo Hyundai R80-7"},"content":{"rendered":"<h1>Valec v\u00fdlo\u017en\u00edka pre mal\u00e9 r\u00fdpadlo Hyundai R80-7<\/h1>\n<h2>Preh\u013ead produktu<\/h2>\n<p>Hydraulick\u00fd valec v\u00fdlo\u017en\u00edka pre mal\u00e9 r\u00fdpadlo Hyundai R80-7 je d\u00f4le\u017eitou s\u00fa\u010das\u0165ou hydraulick\u00e9ho syst\u00e9mu r\u00fdpadiel. Tento hydraulick\u00fd valec je \u0161peci\u00e1lne navrhnut\u00fd na ovl\u00e1danie pohybu v\u00fdlo\u017en\u00edka, \u010do umo\u017e\u0148uje jeho zdv\u00edhanie, sp\u00fa\u0161\u0165anie a nakl\u00e1\u0148anie. Efekt\u00edvna prev\u00e1dzka t\u00fdchto valcov je k\u013e\u00fa\u010dov\u00e1 pre cel\u00fd rad \u00faloh manipul\u00e1cie s materi\u00e1lom, \u010do umo\u017e\u0148uje obsluhe vykon\u00e1va\u0165 kopanie, nakladanie a prepravu s presnos\u0165ou. Ako nevyhnutn\u00e1 s\u00fa\u010das\u0165 \u0165a\u017ek\u00fdch strojov zabezpe\u010duj\u00fa valce v\u00fdlo\u017en\u00edka, \u017ee r\u00fdpadl\u00e1 sa m\u00f4\u017eu efekt\u00edvne man\u00e9vrova\u0165 v r\u00f4znych prostrediach, \u010di u\u017e ide o stavenisk\u00e1, ter\u00e9nne \u00fapravy alebo bansk\u00e9 pr\u00e1ce.<\/p>\n<p><img decoding=\"async\" src=\"https:\/\/www.hydraulic-cylinders.net\/wp-content\/uploads\/2025\/04\/songte-company-1.webp\" alt=\"Obr\u00e1zok valca v\u00fdlo\u017en\u00edka\"><\/p>\n<h3>Defin\u00edcia a preh\u013ead valcov s ko\u0161\u00edkom<\/h3>\n<p>Hydraulick\u00e9 valce ly\u017e\u00edc s\u00fa \u0161peci\u00e1lne pou\u017e\u00edvan\u00e9 na ovl\u00e1danie \u010dinnosti ly\u017e\u00edc v \u0165a\u017ek\u00fdch strojoch, ako s\u00fa bagre, r\u00fdpadlo-naklada\u010de a \u010deln\u00e9 naklada\u010de. Tieto valce zohr\u00e1vaj\u00fa k\u013e\u00fa\u010dov\u00fa \u00falohu pri umo\u017enen\u00ed ly\u017eici vykon\u00e1va\u0165 pohyby nevyhnutn\u00e9 pre efekt\u00edvnu manipul\u00e1ciu s materi\u00e1lom. Premenou hydraulick\u00e9ho tlaku na mechanick\u00fa silu umo\u017e\u0148uj\u00fa valce ly\u017e\u00edc presn\u00e9 zdv\u00edhanie, sp\u00fa\u0161\u0165anie a nakl\u00e1\u0148anie ly\u017eice, v\u010faka \u010domu s\u00fa nevyhnutn\u00e9 v r\u00f4znych stavebn\u00fdch a po\u013enohospod\u00e1rskych aplik\u00e1ci\u00e1ch.<\/p>\n<h2>Vlastnosti valca v\u00fdlo\u017en\u00edka<\/h2>\n<ul>\n<li><strong>Vysok\u00e1 pevnos\u0165 a odolnos\u0165:<\/strong> Tento valec je vyroben\u00fd z vysokopevnostnej ocele alebo hlin\u00edka, tak\u017ee odol\u00e1 vysok\u00e9mu tlaku a \u0165a\u017ek\u00fdm za\u0165a\u017eeniam a z\u00e1rove\u0148 je schopn\u00fd odol\u00e1va\u0165 n\u00e1ro\u010dn\u00fdm pracovn\u00fdm podmienkam. Jeho kon\u0161trukcia tie\u017e zah\u0155\u0148a odolnos\u0165 vo\u010di opotrebovaniu a kor\u00f3zii, \u010do predl\u017euje jeho \u017eivotnos\u0165.<\/li>\n<li><strong>Efekt\u00edvna hydraulick\u00e1 prev\u00e1dzka:<\/strong> Vyu\u017eitie hydraulick\u00e9ho tlaku oleja umo\u017e\u0148uje plynul\u00e9 vys\u00favanie a zas\u00favanie, \u010do umo\u017e\u0148uje r\u00fdchlu reakciu na povely oper\u00e1tora a poskytuje siln\u00e9 tla\u010dn\u00e9 a \u0165ahov\u00e9 sily vhodn\u00e9 pre \u0165a\u017ek\u00e9 zdv\u00edhanie a zlo\u017eit\u00e9 \u00falohy.<\/li>\n<li><strong>R\u00f4zne typy:<\/strong> K dispoz\u00edcii s\u00fa v jedno\u010dinnom (hydraulick\u00fd \u00fa\u010dinok v jednom smere) alebo dvoj\u010dinnom (hydraulick\u00fd \u00fa\u010dinok v oboch smeroch) preveden\u00ed pod\u013ea prev\u00e1dzkov\u00fdch potrieb. Niektor\u00e9 modely maj\u00fa teleskopick\u00e9 kon\u0161trukcie, ktor\u00e9 umo\u017e\u0148uj\u00fa v\u00e4\u010d\u0161ie vysunutie bez zv\u00e4\u010d\u0161enia vonkaj\u0161\u00edch rozmerov, \u010do je ide\u00e1lne pre aplik\u00e1cie s obmedzen\u00fdm priestorom.<\/li>\n<\/ul>\n<h3>Na\u0161e v\u00fdrobn\u00e9 mo\u017enosti<\/h3>\n<p>Tento produkt vyr\u00e1bame tak, aby dokonale nahradil r\u00f4zne hydraulick\u00e9 valce a zabezpe\u010dil tak kompatibilitu a v\u00fdkon vo va\u0161ich strojoch.<\/p>\n<p><img decoding=\"async\" src=\"https:\/\/www.hydraulic-cylinders.net\/wp-content\/uploads\/2025\/04\/songte-cylinder-head-with-all-kinds-excavator-models.webp\" alt=\"Obr\u00e1zok modelov bagrov\"><\/p>\n<h2>Aplik\u00e1cie hydraulick\u00e9ho valca<\/h2>\n<h3>Stavebn\u00e9 stroje<\/h3>\n<p>V r\u00fdpadl\u00e1ch s\u00fa valce v\u00fdlo\u017en\u00edka nevyhnutn\u00e9 na kopanie, nakladanie a premiest\u0148ovanie zeminy alebo sutiny. Umo\u017e\u0148uj\u00fa ly\u017eici dosiahnu\u0165 r\u00f4zne h\u013abky a uhly, \u010do u\u013eah\u010duje efekt\u00edvne v\u00fdkopov\u00e9 procesy. Presn\u00fd pohyb riaden\u00fd t\u00fdmito valcami umo\u017e\u0148uje efekt\u00edvnu manipul\u00e1ciu s materi\u00e1lom a skracuje celkov\u00fd \u010das potrebn\u00fd na stavebn\u00e9 projekty.<\/p>\n<h3>Po\u013enohospod\u00e1rske stroje<\/h3>\n<p>V \u010deln\u00fdch naklada\u010doch s\u00fa valce v\u00fdlo\u017en\u00edka nevyhnutn\u00e9 na naberanie, zdv\u00edhanie a prepravu p\u00f4dy, sena a in\u00fdch materi\u00e1lov. Ich kon\u0161trukcia umo\u017e\u0148uje robustn\u00fa zdv\u00edhaciu kapacitu, ktor\u00e1 je nevyhnutn\u00e1 pre po\u013enohospod\u00e1rske \u00falohy, ktor\u00e9 vy\u017eaduj\u00fa efekt\u00edvny presun ve\u013ek\u00e9ho mno\u017estva materi\u00e1lu. Mo\u017enos\u0165 nakl\u00e1\u0148ania a nastavovania ly\u017eice zvy\u0161uje v\u0161estrannos\u0165 stroja v r\u00f4znych po\u013enohospod\u00e1rskych aplik\u00e1ci\u00e1ch.<\/p>\n<h3>R\u00fdpadl\u00e1<\/h3>\n<p>V\u010faka hydraulick\u00e9mu p\u00f4sobeniu valca v\u00fdlo\u017en\u00edka m\u00f4\u017eu r\u00fdpadl\u00e1 efekt\u00edvne prenika\u0165 do p\u00f4dy pri kopan\u00ed. To umo\u017e\u0148uje oper\u00e1torom vykon\u00e1va\u0165 hlbok\u00e9 v\u00fdkopy, kl\u00e1s\u0165 z\u00e1klady pre stavebn\u00e9 alebo ter\u00e9nne projekty a zabezpe\u010dova\u0165 optim\u00e1lny v\u00fdkon a produktivitu.<\/p>\n<h3>Naklada\u010de<\/h3>\n<p>Pri \u010deln\u00fdch naklada\u010doch pom\u00e1haj\u00fa valce v\u00fdlo\u017en\u00edka efekt\u00edvne zdv\u00edha\u0165 a vyklada\u0165 bremen\u00e1. Hydraulick\u00fd pohyb zais\u0165uje presn\u00e9 zdv\u00edhanie a umiest\u0148ovanie \u0165a\u017ek\u00fdch bremien, \u010d\u00edm sa zvy\u0161uje funk\u010dnos\u0165 naklada\u010da pri manipul\u00e1cii s materi\u00e1lom.<\/p>\n<h2>\u00davahy o dizajne a krit\u00e9ri\u00e1 v\u00fdberu<\/h2>\n<ul>\n<li><strong>Nosnos\u0165:<\/strong> Pri navrhovan\u00ed valcov ramena je nosnos\u0165 kritick\u00fdm faktorom. Valec mus\u00ed by\u0165 schopn\u00fd zvl\u00e1dnu\u0165 maxim\u00e1lne za\u0165a\u017eenie o\u010dak\u00e1van\u00e9 po\u010das jeho prev\u00e1dzky. Kon\u0161trukcia by mala zabezpe\u010di\u0165, aby pou\u017eit\u00e9 materi\u00e1ly a kon\u0161truk\u010dn\u00e9 met\u00f3dy odolali nam\u00e1haniu bez poruchy.<\/li>\n<li><strong>Tesnenie:<\/strong> \u00da\u010dinn\u00e9 utesnenie je nevyhnutn\u00e9 na zabr\u00e1nenie \u00faniku hydraulickej kvapaliny, \u010do by mohlo ohrozi\u0165 \u00fa\u010dinnos\u0165 a v\u00fdkon valca. V\u00fdber tesniacich materi\u00e1lov je k\u013e\u00fa\u010dov\u00fd, preto\u017ee musia odol\u00e1va\u0165 hydraulick\u00e9mu tlaku a z\u00e1rove\u0148 poskytova\u0165 spo\u013eahliv\u00fa bari\u00e9ru proti vonkaj\u0161\u00edm ne\u010distot\u00e1m.<\/li>\n<li><strong>Trvanlivos\u0165:<\/strong> \u017divotnos\u0165 hydraulick\u00e9ho valca je v\u00fdrazne ovplyvnen\u00e1 jeho materi\u00e1lmi a kvalitou kon\u0161trukcie. Odoln\u00e9 materi\u00e1ly s\u00fa nevyhnutn\u00e9 na to, aby odol\u00e1vali opotrebovaniu, najm\u00e4 v n\u00e1ro\u010dn\u00fdch pracovn\u00fdch prostrediach, a zabezpe\u010duj\u00fa, \u017ee si valec zachov\u00e1 svoju prev\u00e1dzkov\u00fa integritu v priebehu \u010dasu.<\/li>\n<li><strong>Bezpe\u010dnos\u0165:<\/strong> Do n\u00e1vrhu by mali by\u0165 integrovan\u00e9 bezpe\u010dnostn\u00e9 prvky, aby sa zmiernili rizik\u00e1 po\u010das prev\u00e1dzky. Patria sem pretlakov\u00e9 ventily, ktor\u00e9 zabra\u0148uj\u00fa pretlaku, a robustn\u00e9 mont\u00e1\u017ene syst\u00e9my, ktor\u00e9 zabezpe\u010duj\u00fa stabiln\u00fa prev\u00e1dzku.<\/li>\n<li><strong>\u00dadr\u017eba:<\/strong> Kon\u0161trukcia by mala umo\u017e\u0148ova\u0165 jednoduch\u00fd pr\u00edstup k \u00fadr\u017ebe komponentov, ako s\u00fa tesnenia a mazacie body. Toto zoh\u013eadnenie pom\u00e1ha minimalizova\u0165 prestoje a pred\u013a\u017ei\u0165 \u017eivotnos\u0165 valca.<\/li>\n<\/ul>\n<p><img decoding=\"async\" src=\"https:\/\/www.hydraulic-cylinders.net\/wp-content\/uploads\/2025\/04\/songte-oil-pipes-and-spare-parts.webp\" alt=\"Obr\u00e1zok hydraulick\u00fdch dielov\"><\/p>\n<h2>Tesnenie a mazanie hydraulick\u00e9ho valca<\/h2>\n<p>Spr\u00e1vne tesnenie a mazanie s\u00fa k\u013e\u00fa\u010dov\u00e9 pre efekt\u00edvnu prev\u00e1dzku hydraulick\u00fdch valcov. Na udr\u017eanie integrity hydraulick\u00e9ho syst\u00e9mu sa pou\u017e\u00edvaj\u00fa r\u00f4zne tesnenia, ako s\u00fa tesnenia piestov a tesnenia ty\u010d\u00ed. Tesnenia vyroben\u00e9 z materi\u00e1lov, ako je polyuret\u00e1n a nitrilov\u00fd kau\u010duk, sa vyberaj\u00fa pre svoju odolnos\u0165 a odolnos\u0165 vo\u010di opotrebovaniu. Teleso valca a z\u00e1vitov\u00e9 konce s\u00fa starostlivo upraven\u00e9, aby sa zv\u00fd\u0161ila odolnos\u0165 proti opotrebovaniu. Pravideln\u00e9 mazanie vhodn\u00fdmi hydraulick\u00fdmi olejmi je nevyhnutn\u00e9 na minimaliz\u00e1ciu trenia a pred\u013a\u017eenie \u017eivotnosti valca, \u010d\u00edm sa zabezpe\u010d\u00ed plynul\u00e1 prev\u00e1dzka po\u010das pou\u017e\u00edvania.<\/p>\n<h2>Opatrenia prevent\u00edvnej \u00fadr\u017eby<\/h2>\n<ul>\n<li><strong>Pravideln\u00e9 kontroly:<\/strong> Vykon\u00e1vajte pravideln\u00e9 kontroly hydraulick\u00e9ho valca, \u010di nejav\u00ed zn\u00e1mky opotrebovania, netesnost\u00ed alebo po\u0161kodenia. V\u010dasn\u00e9 odhalenie probl\u00e9mov m\u00f4\u017ee zabr\u00e1ni\u0165 nepredv\u00eddan\u00fdm poruch\u00e1m a pred\u013a\u017ei\u0165 \u017eivotnos\u0165 zariadenia.<\/li>\n<li><strong>Spr\u00e1vne mazanie:<\/strong> Zabezpe\u010dte, aby bol valec dostato\u010dne namazan\u00fd odpor\u00fa\u010dan\u00fdm hydraulick\u00fdm olejom, aby sa zn\u00ed\u017eilo trenie a opotrebovanie. To je k\u013e\u00fa\u010dov\u00e9 pre udr\u017eanie optim\u00e1lnej prev\u00e1dzkovej \u00fa\u010dinnosti.<\/li>\n<li><strong>V\u00fdmena tesnenia:<\/strong> Pravidelne kontrolujte tesnenia, \u010di nevykazuj\u00fa zn\u00e1mky po\u0161kodenia alebo opotrebovania. V\u010dasn\u00e1 v\u00fdmena tesnen\u00ed m\u00f4\u017ee zabr\u00e1ni\u0165 \u00fanikom a udr\u017ea\u0165 hydraulick\u00fd tlak, \u010d\u00edm sa zabezpe\u010d\u00ed efekt\u00edvne fungovanie valca.<\/li>\n<\/ul>\n<h2>Pokyny na in\u0161tal\u00e1ciu<\/h2>\n<p>Pre spr\u00e1vnu in\u0161tal\u00e1ciu valca ramena postupujte pod\u013ea t\u00fdchto krokov: uistite sa, \u017ee pracovn\u00fd priestor je \u010dist\u00fd a bezpe\u010dn\u00fd. Valec starostlivo zarovnajte s jeho mont\u00e1\u017enymi konzolami, aby ste predi\u0161li nespr\u00e1vnemu zarovnaniu, ktor\u00e9 m\u00f4\u017ee vies\u0165 k pred\u010dasn\u00e9mu opotrebovaniu alebo poruche. Na \u00fa\u010dinn\u00e9 upevnenie valca pou\u017eite vhodn\u00e9 mont\u00e1\u017ene konzoly. Je nevyhnutn\u00e9 skontrolova\u0165, \u010di nie s\u00fa nejak\u00e9 prek\u00e1\u017eky, ktor\u00e9 by mohli br\u00e1ni\u0165 \u010dinnosti valca. Nakoniec otestujte in\u0161tal\u00e1ciu tak, \u017ee valec prejde cel\u00fdm jeho rozsahom pohybu a skontrolujete, \u010di nedoch\u00e1dza k netesnostiam alebo nezvy\u010dajn\u00fdm zvukom.<\/p>\n<p><img decoding=\"async\" src=\"https:\/\/www.hydraulic-cylinders.net\/wp-content\/uploads\/2025\/04\/songte-chushion-collar.webp\" alt=\"Obr\u00e1zok vank\u00fa\u0161ov\u00e9ho goliera\"><\/p>\n<h2>\u00dalohy \u00fadr\u017eby<\/h2>\n<ul>\n<li><strong>Pravideln\u00e9 kontroly:<\/strong> Napl\u00e1nujte si pravideln\u00e9 kontroly na pos\u00fadenie stavu hydraulick\u00e9ho valca. Patria sem kontrola netesnost\u00ed, opotrebovania a ak\u00fdchko\u013evek zn\u00e1mok po\u0161kodenia.<\/li>\n<li><strong>Vhodn\u00e9 mazanie:<\/strong> Pravidelne nama\u017ete valec pod\u013ea odpor\u00fa\u010dan\u00ed v\u00fdrobcu, aby ste zabezpe\u010dili hladk\u00fd chod a minimalizovali opotrebovanie.<\/li>\n<li><strong>V\u00fdmena a kalibr\u00e1cia tesnenia:<\/strong> Sledujte tesnenia, \u010di nie s\u00fa opotrebovan\u00e9, a pod\u013ea potreby ich vyme\u0148te. Kalibra\u010dn\u00e9 kontroly s\u00fa nevyhnutn\u00e9 na udr\u017eanie presnosti pohybov valca a predch\u00e1dzanie prev\u00e1dzkov\u00fdm probl\u00e9mom.<\/li>\n<\/ul>\n<h2>Bezpe\u010dnostn\u00e9 aspekty a faktory prostredia<\/h2>\n<p>Pri pou\u017e\u00edvan\u00ed hydraulick\u00fdch valcov v\u00fdlo\u017en\u00edka s\u00fa bezpe\u010dnostn\u00e9 opatrenia prvorad\u00e9, aby sa predi\u0161lo nehod\u00e1m a zabezpe\u010dila bezpe\u010dn\u00e1 prev\u00e1dzka. Obsluha by mala by\u0165 vy\u0161kolen\u00e1 v spr\u00e1vnom pou\u017e\u00edvan\u00ed hydraulick\u00fdch syst\u00e9mov a o d\u00f4le\u017eitosti dodr\u017eiavania bezpe\u010dnostn\u00fdch protokolov. Pri n\u00e1vrhu hydraulick\u00fdch syst\u00e9mov zohr\u00e1vaj\u00fa k\u013e\u00fa\u010dov\u00fa \u00falohu aj environment\u00e1lne aspekty, aby sa minimalizovali \u00faniky kvapal\u00edn a zn\u00ed\u017eil vplyv na \u017eivotn\u00e9 prostredie.<\/p>\n<h2>Diagnostika por\u00fach a be\u017en\u00e9 probl\u00e9my<\/h2>\n<ul>\n<li><strong>Strata tlaku:<\/strong> M\u00f4\u017ee k tomu d\u00f4js\u0165 v d\u00f4sledku netesnost\u00ed v hydraulickom syst\u00e9me. Skontrolujte neporu\u0161enos\u0165 spojov a tesnen\u00ed.<\/li>\n<li><strong>Nerovnomern\u00fd pohyb:<\/strong> Ak sa valec pohybuje nerovnomerne, skontrolujte, \u010di v syst\u00e9me nie s\u00fa prek\u00e1\u017eky alebo nespr\u00e1vne zarovnania.<\/li>\n<li><strong>Hlu\u010dn\u00e1 prev\u00e1dzka:<\/strong> Nezvy\u010dajn\u00e9 zvuky m\u00f4\u017eu nazna\u010dova\u0165 n\u00edzke hladiny mazania alebo mechanick\u00e9 opotrebovanie. Zabezpe\u010dte spr\u00e1vnu hladinu mazania a skontrolujte opotrebovanie.<\/li>\n<\/ul>\n<h2>Tipy na rie\u0161enie probl\u00e9mov<\/h2>\n<p>Pre efekt\u00edvnu diagnostiku a rie\u0161enie probl\u00e9mov s hydraulick\u00fdmi valcami za\u010dnite vizu\u00e1lnou kontrolou syst\u00e9mu, \u010di nedoch\u00e1dza k \u00fanikom alebo fyzick\u00e9mu po\u0161kodeniu. V pr\u00edpade straty tlaku sledujte hydraulick\u00e9 potrubia, \u010di nevykazuj\u00fa zn\u00e1mky po\u0161kodenia. Ak sa valec nepohybuje pod\u013ea o\u010dak\u00e1vania, skontrolujte, \u010di je hladina hydraulickej kvapaliny dostato\u010dn\u00e1, a skontrolujte pr\u00edpadn\u00e9 upchatia. Pravideln\u00e1 \u00fadr\u017eba a v\u010dasn\u00e9 opravy m\u00f4\u017eu predch\u00e1dza\u0165 mnoh\u00fdm be\u017en\u00fdm probl\u00e9mom a zabezpe\u010di\u0165 tak dlh\u00fa \u017eivotnos\u0165 a spo\u013eahlivos\u0165 hydraulick\u00e9ho syst\u00e9mu.<\/p>\n<p><img decoding=\"async\" src=\"https:\/\/www.hydraulic-cylinders.net\/wp-content\/uploads\/2025\/04\/songte-bushings-with-all-kinds-of-excavator-models.webp\" alt=\"Obr\u00e1zok puzdier\"><\/p>\n<h2>O na\u0161ej spolo\u010dnosti<\/h2>\n<p>Sme popredn\u00fdm v\u00fdrobcom n\u00e1hradn\u00fdch hydraulick\u00fdch valcov a pon\u00fakame komplexn\u00fd sortiment produktov, v\u010faka ktor\u00fdm sme sa etablovali ako jeden z popredn\u00fdch v\u00fdrobcov a ve\u013ekoobchodn\u00edkov s hydraulick\u00fdmi valcami na dom\u00e1com aj medzin\u00e1rodnom trhu. N\u00e1\u0161 z\u00e1v\u00e4zok k excelentnosti je zrejm\u00fd z na\u0161ich prec\u00edznych strat\u00e9gi\u00ed riadenia v\u00fdroby, ktor\u00e9 podporujeme kvalifikovanou pracovnou silou, pokro\u010dil\u00fdm digit\u00e1lnym v\u00fdrobn\u00fdm zariaden\u00edm a pr\u00edsnymi testovac\u00edmi syst\u00e9mami. Neust\u00e1le vylep\u0161ujeme na\u0161e v\u00fdrobn\u00e9 platformy a kvalitu produktov, aby sme sp\u013a\u0148ali rozmanit\u00e9 potreby z\u00e1kazn\u00edkov s vysokou \u00fa\u010dinnos\u0165ou, presnos\u0165ou a kvalitou.<\/p>\n<p><img decoding=\"async\" src=\"https:\/\/www.hydraulic-cylinders.net\/wp-content\/uploads\/2025\/04\/songte-company-4.webp\" alt=\"Obr\u00e1zok spolo\u010dnosti\"><br \/>\n<img decoding=\"async\" src=\"https:\/\/www.hydraulic-cylinders.net\/wp-content\/uploads\/2025\/04\/songte-company-3.webp\" alt=\"Obr\u00e1zok prev\u00e1dzky spolo\u010dnosti\"><\/p>\n<p>Na\u0161e odborn\u00e9 znalosti zah\u0155\u0148aj\u00fa \u0161pecializovan\u00e9 slu\u017eby, medzin\u00e1rodn\u00e9 certifik\u00e1cie a rie\u0161enia na mieru. Vyu\u017e\u00edvame modern\u00e9 v\u00fdrobn\u00e9 zariadenia a pon\u00fakame v\u00fdnimo\u010dn\u00fd popredajn\u00fd servis, aby sme zabezpe\u010dili spokojnos\u0165 z\u00e1kazn\u00edkov.<\/p>\n<p>Autor: lyl<\/p>","protected":false},"excerpt":{"rendered":"<p>Boom Cylinder For Hyundai Small Excavator R80-7 Product Overview The Boom Cylinder for Hyundai Small Excavator R80-7 is a vital component in the hydraulic system of excavators. This hydraulic cylinder is specifically designed to control the movement of the boom, allowing it to lift, lower, and tilt. The efficient operation of these cylinders is crucial [&hellip;]<\/p>","protected":false},"featured_media":17877,"comment_status":"open","ping_status":"closed","template":"","meta":{"_et_pb_use_builder":"","_et_pb_old_content":"","_et_gb_content_width":""},"product_brand":[],"product_cat":[1546],"product_tag":[1547,1496],"class_list":{"0":"post-19025","1":"product","2":"type-product","3":"status-publish","4":"has-post-thumbnail","6":"product_cat-boom-cylinders","7":"product_tag-boom-cylinders","8":"product_tag-hydraulic-cylinders","10":"first","11":"instock","12":"shipping-taxable","13":"product-type-simple"},"amp_enabled":true,"_links":{"self":[{"href":"https:\/\/www.hydraulic-cylinders.net\/sk\/wp-json\/wp\/v2\/product\/19025","targetHints":{"allow":["GET"]}}],"collection":[{"href":"https:\/\/www.hydraulic-cylinders.net\/sk\/wp-json\/wp\/v2\/product"}],"about":[{"href":"https:\/\/www.hydraulic-cylinders.net\/sk\/wp-json\/wp\/v2\/types\/product"}],"replies":[{"embeddable":true,"href":"https:\/\/www.hydraulic-cylinders.net\/sk\/wp-json\/wp\/v2\/comments?post=19025"}],"wp:featuredmedia":[{"embeddable":true,"href":"https:\/\/www.hydraulic-cylinders.net\/sk\/wp-json\/wp\/v2\/media\/17877"}],"wp:attachment":[{"href":"https:\/\/www.hydraulic-cylinders.net\/sk\/wp-json\/wp\/v2\/media?parent=19025"}],"wp:term":[{"taxonomy":"product_brand","embeddable":true,"href":"https:\/\/www.hydraulic-cylinders.net\/sk\/wp-json\/wp\/v2\/product_brand?post=19025"},{"taxonomy":"product_cat","embeddable":true,"href":"https:\/\/www.hydraulic-cylinders.net\/sk\/wp-json\/wp\/v2\/product_cat?post=19025"},{"taxonomy":"product_tag","embeddable":true,"href":"https:\/\/www.hydraulic-cylinders.net\/sk\/wp-json\/wp\/v2\/product_tag?post=19025"}],"curies":[{"name":"pracovn\u00fd list","href":"https:\/\/api.w.org\/{rel}","templated":true}]}}