{"id":19028,"date":"2025-04-07T06:07:50","date_gmt":"2025-04-07T06:07:50","guid":{"rendered":"https:\/\/www.hydraulic-cylinders.net\/product\/boom-cylinder-for-hyundai-small-excavator-r110-7-9\/"},"modified":"2025-04-07T06:07:52","modified_gmt":"2025-04-07T06:07:52","slug":"boom-cylinder-for-hyundai-small-excavator-r110-7-9","status":"publish","type":"product","link":"https:\/\/www.hydraulic-cylinders.net\/sk\/produkt\/boom-cylinder-for-hyundai-small-excavator-r110-7-9\/","title":{"rendered":"Valec v\u00fdlo\u017en\u00edka pre mal\u00e9 r\u00fdpadlo Hyundai R110-7-9"},"content":{"rendered":"<h1>Valec v\u00fdlo\u017en\u00edka pre mal\u00e9 r\u00fdpadlo Hyundai R110-7-9<\/h1>\n<h2>Preh\u013ead produktu<\/h2>\n<p>Hydraulick\u00fd valec v\u00fdlo\u017en\u00edka pre mal\u00e9 r\u00fdpadl\u00e1 Hyundai R110-7-9 je k\u013e\u00fa\u010dov\u00fdm komponentom ur\u010den\u00fdm na zv\u00fd\u0161enie prev\u00e1dzkovej \u00fa\u010dinnosti r\u00fdpadiel. Hydraulick\u00fd valec ly\u017eice je typ hydraulick\u00e9ho valca, ktor\u00fd sa \u0161peci\u00e1lne pou\u017e\u00edva na ovl\u00e1danie pohybu ly\u017e\u00edc v r\u00f4znych \u0165a\u017ek\u00fdch strojoch, ako s\u00fa r\u00fdpadl\u00e1, r\u00fdpadlo-naklada\u010de a \u010deln\u00e9 naklada\u010de. Umo\u017e\u0148uje ly\u017eici zdv\u00edha\u0165, sp\u00fa\u0161\u0165a\u0165 a nakl\u00e1\u0148a\u0165, \u010do efekt\u00edvne u\u013eah\u010duje manipul\u00e1ciu s materi\u00e1lom.<\/p>\n<p>These hydraulic cylinders play a vital role in a machine&#8217;s hydraulic system, converting hydraulic pressure into mechanical force to perform heavy-duty tasks with precision and power. The design and application of boom cylinders are crucial for the functionality and reliability of excavators in various working environments.<\/p>\n<p><img decoding=\"async\" src=\"https:\/\/www.hydraulic-cylinders.net\/wp-content\/uploads\/2025\/04\/songte-company-1.webp\" alt=\"Valec v\u00fdlo\u017en\u00edka\"><\/p>\n<h2>Vlastnosti valca v\u00fdlo\u017en\u00edka<\/h2>\n<ul>\n<li><strong>Vysok\u00e1 pevnos\u0165 a odolnos\u0165:<\/strong> Tento valec v\u00fdlo\u017en\u00edka, vyroben\u00fd z vysokopevnostnej ocele alebo hlin\u00edka, je schopn\u00fd odol\u00e1va\u0165 vysok\u00e9mu tlaku a ve\u013ek\u00e9mu za\u0165a\u017eeniu, v\u010faka \u010domu je vhodn\u00fd do n\u00e1ro\u010dn\u00fdch pracovn\u00fdch prostred\u00ed. Jeho kon\u0161trukcia zoh\u013ead\u0148uje odolnos\u0165 vo\u010di opotrebovaniu a kor\u00f3zii, \u010d\u00edm sa predl\u017euje jeho \u017eivotnos\u0165.<\/li>\n<li><strong>Efekt\u00edvna hydraulick\u00e1 prev\u00e1dzka:<\/strong> Vyu\u017eitie hydraulick\u00e9ho tlaku oleja umo\u017e\u0148uje plynul\u00e9 vys\u00favanie a zas\u00favanie, \u010do umo\u017e\u0148uje r\u00fdchlu reakciu na ovl\u00e1dacie povely a poskytuje robustn\u00fa tla\u010dn\u00fa a \u0165a\u017en\u00fa silu, ide\u00e1lnu na manipul\u00e1ciu s \u0165a\u017ek\u00fdmi predmetmi a zlo\u017eit\u00e9 \u00falohy.<\/li>\n<li><strong>R\u00f4zne typy:<\/strong> Mo\u017enosti zah\u0155\u0148aj\u00fa jedno\u010dinn\u00e9 (vyu\u017e\u00edvaj\u00face hydraulick\u00fa silu v jednom smere) alebo dvoj\u010dinn\u00e9 (vyu\u017e\u00edvaj\u00face hydraulick\u00fa silu v oboch smeroch) valce, ktor\u00e9 sp\u013a\u0148aj\u00fa r\u00f4zne prev\u00e1dzkov\u00e9 potreby, pri\u010dom niektor\u00e9 modely s\u00fa navrhnut\u00e9 ako teleskopick\u00e9, \u010do umo\u017e\u0148uje v\u00e4\u010d\u0161ie vysunutie bez zv\u00e4\u010d\u0161enia vonkaj\u0161\u00edch rozmerov, vhodn\u00e9 pre aplik\u00e1cie s obmedzen\u00fdm priestorom.<\/li>\n<li><strong>Z\u00e1kazkov\u00e1 v\u00fdroba:<\/strong> Na\u0161a spolo\u010dnos\u0165 sa \u0161pecializuje na v\u00fdrobu tohto produktu, \u010d\u00edm zabezpe\u010duje, \u017ee dok\u00e1\u017ee dokonale nahradi\u0165 existuj\u00face hydraulick\u00e9 valce v r\u00f4znych aplik\u00e1ci\u00e1ch.<\/li>\n<li><strong>Zabezpe\u010denie kvality:<\/strong> V\u0161etky produkty prech\u00e1dzaj\u00fa pr\u00edsnym testovan\u00edm a kontrolami kvality, aby sp\u013a\u0148ali priemyseln\u00e9 \u0161tandardy a o\u010dak\u00e1vania z\u00e1kazn\u00edkov.<\/li>\n<\/ul>\n<p><img decoding=\"async\" src=\"https:\/\/www.hydraulic-cylinders.net\/wp-content\/uploads\/2025\/04\/songte-cylinder-head-with-all-kinds-excavator-models.webp\" alt=\"Modely bagrov\"><\/p>\n<h2>Aplik\u00e1cie valca v\u00fdlo\u017en\u00edka<\/h2>\n<h3>Stavebn\u00e9 stroje<\/h3>\n<p>V r\u00fdpadl\u00e1ch je valec v\u00fdlo\u017en\u00edka nevyhnutn\u00fd na kopanie, nakladanie a prepravu zeminy alebo sutiny. Jeho presn\u00e9 ovl\u00e1danie umo\u017e\u0148uje obsluhe efekt\u00edvne vykon\u00e1va\u0165 \u00falohy a z\u00e1rove\u0148 dodr\u017eiava\u0165 bezpe\u010dnostn\u00e9 normy. Schopnos\u0165 zdv\u00edha\u0165 a sp\u00fa\u0161\u0165a\u0165 ly\u017eicu umo\u017e\u0148uje plynul\u00e9 prechody medzi \u00falohami, \u010d\u00edm sa zlep\u0161uje celkov\u00e1 produktivita na stavenisk\u00e1ch.<\/p>\n<h3>Po\u013enohospod\u00e1rske stroje<\/h3>\n<p>Pou\u017e\u00edvan\u00fd v \u010deln\u00fdch naklada\u010doch, valec v\u00fdlo\u017en\u00edka pom\u00e1ha pri naberan\u00ed, zdv\u00edhan\u00ed a preprave p\u00f4dy, sena a in\u00fdch materi\u00e1lov. Jeho robustn\u00e1 kon\u0161trukcia zais\u0165uje spo\u013eahliv\u00fd v\u00fdkon v po\u013enohospod\u00e1rskych aplik\u00e1ci\u00e1ch, zvy\u0161uje produktivitu a u\u013eah\u010duje v\u010dasn\u00e9 oper\u00e1cie po\u010das kritick\u00fdch obdob\u00ed po\u013enohospod\u00e1rstva.<\/p>\n<h3>R\u00fdpadl\u00e1<\/h3>\n<p>V r\u00fdpadl\u00e1ch umo\u017e\u0148uje valec ly\u017eice efekt\u00edvne kopanie t\u00fdm, \u017ee umo\u017e\u0148uje ly\u017eici prenikn\u00fa\u0165 do p\u00f4dy. T\u00e1to funkcia je k\u013e\u00fa\u010dov\u00e1 pre v\u00fdkopov\u00e9 pr\u00e1ce, zlep\u0161uje efektivitu odstra\u0148ovania zeminy a ur\u00fdch\u013euje dokon\u010denie projektu.<\/p>\n<h3>Naklada\u010de<\/h3>\n<p>V \u010deln\u00fdch naklada\u010doch u\u013eah\u010duj\u00fa valce v\u00fdlo\u017en\u00edka zdv\u00edhacie a vykl\u00e1pacie oper\u00e1cie. Ich schopnos\u0165 zvl\u00e1dnu\u0165 \u0165a\u017ek\u00e9 bremen\u00e1 zais\u0165uje efekt\u00edvny presun materi\u00e1lu, \u010do je nevyhnutn\u00e9 pre r\u00f4zne stavebn\u00e9 a krajin\u00e1rske projekty.<\/p>\n<h2>\u00davahy o dizajne a \u0161tandardy v\u00fdberu<\/h2>\n<h3>Nosnos\u0165<\/h3>\n<p>Nosnos\u0165 je z\u00e1kladn\u00fdm kon\u0161truk\u010dn\u00fdm faktorom pri v\u00fdbere valca v\u00fdlo\u017en\u00edka. Pochopenie hmotnosti manipulovan\u00fdch materi\u00e1lov a maxim\u00e1lneho za\u0165a\u017eenia, ktor\u00e9 mus\u00ed valec zdvihn\u00fa\u0165, je k\u013e\u00fa\u010dov\u00e9. V\u00fdrobcovia poskytuj\u00fa \u0161pecifik\u00e1cie, ktor\u00e9 stanovuj\u00fa limity za\u0165a\u017eenia, \u010d\u00edm zabezpe\u010duj\u00fa bezpe\u010dnos\u0165 a prev\u00e1dzkov\u00fa \u00fa\u010dinnos\u0165. Valec s nedostato\u010dnou nosnos\u0165ou m\u00f4\u017ee vies\u0165 k poruche hydraulick\u00e9ho syst\u00e9mu alebo po\u0161kodeniu zariadenia, \u010do m\u00e1 za n\u00e1sledok n\u00e1kladn\u00e9 opravy a prestoje.<\/p>\n<h3>Tesnenie<\/h3>\n<p>Spo\u013eahliv\u00e9 tesnenie je nevyhnutn\u00e9 na udr\u017eanie hydraulick\u00e9ho tlaku a zabr\u00e1nenie \u00fanikom. Vysokokvalitn\u00e9 tesnenia sa vyberaj\u00fa na z\u00e1klade pracovn\u00e9ho prostredia a typu hydraulickej kvapaliny. Kon\u0161trukcia by mala zah\u0155\u0148a\u0165 pokro\u010dil\u00fa technol\u00f3giu tesnenia, aby sa minimalizovalo opotrebenie a zabezpe\u010dila dlh\u00e1 \u017eivotnos\u0165, \u010do v\u00fdznamne ovplyv\u0148uje celkov\u00fd v\u00fdkon valca v\u00fdlo\u017en\u00edka.<\/p>\n<h3>Trvanlivos\u0165<\/h3>\n<p>Durability refers to the cylinder&#8217;s ability to withstand harsh operating conditions, including extreme temperatures, heavy loads, and abrasive materials. Materials used in construction must be resistant to fatigue and wear. Manufacturers often incorporate protective coatings to enhance corrosion resistance, ensuring the cylinder maintains its integrity over time.<\/p>\n<h3>Bezpe\u010dnos\u0165<\/h3>\n<p>Bezpe\u010dnos\u0165 je v hydraulick\u00fdch syst\u00e9moch prvorad\u00e1. Spr\u00e1vny n\u00e1vrh mus\u00ed zoh\u013ead\u0148ova\u0165 potenci\u00e1l hydraulick\u00fdch por\u00fach a zabezpe\u010di\u0165, aby boli k dispoz\u00edcii z\u00e1lo\u017en\u00e9 syst\u00e9my na predch\u00e1dzanie nehod\u00e1m. Valec by mal by\u0165 vybaven\u00fd poistn\u00fdmi ventilmi a in\u00fdmi mechanizmami na ochranu obsluhy a zariadenia po\u010das prev\u00e1dzky.<\/p>\n<h3>\u00dadr\u017eba<\/h3>\n<p>Ease of maintenance is a key factor in the design of a boom cylinder. Accessibility to critical components for inspection, lubrication, and repairs can significantly reduce downtime. Manufacturers should provide clear guidelines for maintenance routines to help operators maintain optimal performance and extend the cylinder&#8217;s lifespan.<\/p>\n<p><img decoding=\"async\" src=\"https:\/\/www.hydraulic-cylinders.net\/wp-content\/uploads\/2025\/04\/songte-oil-pipes-and-spare-parts.webp\" alt=\"Olejov\u00e9 potrubia a n\u00e1hradn\u00e9 diely\"><\/p>\n<h2>Tesnenie a mazanie<\/h2>\n<p>Tesnenie a mazanie s\u00fa k\u013e\u00fa\u010dov\u00e9 pre efekt\u00edvnu prev\u00e1dzku hydraulick\u00fdch valcov. Na udr\u017eanie hydraulick\u00e9ho tlaku a zabr\u00e1nenie \u00fanikom sa pou\u017e\u00edvaj\u00fa r\u00f4zne tesnenia, ako s\u00fa piestne tesnenia a ty\u010dov\u00e9 tesnenia. Tesnenia vyroben\u00e9 z polyuret\u00e1nu a nitrilov\u00e9ho kau\u010duku sa be\u017ene pou\u017e\u00edvaj\u00fa kv\u00f4li ich odolnosti proti oderu a dlhej \u017eivotnosti. Okrem toho sa teleso valca a z\u00e1vitov\u00e9 koncov\u00e9 povrchy jemne oprac\u00favaj\u00fa, aby sa zv\u00fd\u0161ila odolnos\u0165 proti opotrebovaniu. Pravideln\u00e9 mazanie vhodn\u00fdm hydraulick\u00fdm olejom je nevyhnutn\u00e9 na zabezpe\u010denie hladkej prev\u00e1dzky a zabr\u00e1nenie opotrebovaniu, \u010do si vy\u017eaduje pravideln\u00e9 kontroly a \u00fadr\u017ebu na doplnenie hladiny oleja a udr\u017eanie v\u00fdkonu valca.<\/p>\n<h2>Opatrenia prevent\u00edvnej \u00fadr\u017eby<\/h2>\n<ul>\n<li><strong>Pravideln\u00e9 kontroly:<\/strong> Vykon\u00e1vanie pravideln\u00fdch kontrol opotrebovania m\u00f4\u017ee pom\u00f4c\u0165 identifikova\u0165 potenci\u00e1lne probl\u00e9my sk\u00f4r, ako sa premenia na z\u00e1va\u017en\u00e9 probl\u00e9my. Obsluha by mala skontrolova\u0165 tesnenia, hadice a hydraulick\u00e9 spoje, \u010di netesnia alebo nie s\u00fa po\u0161koden\u00e9.<\/li>\n<li><strong>Spr\u00e1vne mazanie:<\/strong> Zabezpe\u010denie dostato\u010dn\u00e9ho mazania pohybliv\u00fdch \u010dast\u00ed je nevyhnutn\u00e9 na zn\u00ed\u017eenie trenia a opotrebenia. Obsluha by mala dodr\u017eiava\u0165 odpor\u00fa\u010dania v\u00fdrobcu t\u00fdkaj\u00face sa typov maz\u00edv a intervalov aplik\u00e1cie.<\/li>\n<li><strong>V\u00fdmena tesnenia:<\/strong> Seals should be replaced according to the manufacturer&#8217;s guidelines or when signs of wear are evident. Regularly replacing seals helps maintain hydraulic pressure and prevents leaks.<\/li>\n<\/ul>\n<h2>Pokyny na in\u0161tal\u00e1ciu<\/h2>\n<p>Spr\u00e1vna in\u0161tal\u00e1cia valca ramena je k\u013e\u00fa\u010dov\u00e1 pre optim\u00e1lny v\u00fdkon a bezpe\u010dnos\u0165. Za\u010dnite t\u00fdm, \u017ee sa uist\u00edte, \u017ee miesto in\u0161tal\u00e1cie je \u010dist\u00e9 a bez ne\u010dist\u00f4t. Valec starostlivo zarovnajte s mont\u00e1\u017enymi konzolami, aby ste predi\u0161li nespr\u00e1vnemu zarovnaniu, ktor\u00e9 m\u00f4\u017ee vies\u0165 k pred\u010dasn\u00e9mu opotrebovaniu alebo poruche. Na pevn\u00e9 upevnenie valca sa odpor\u00fa\u010da pou\u017ei\u0165 vhodn\u00e9 mont\u00e1\u017ene konzoly. Utiahnite v\u0161etky upev\u0148ovacie komponenty pod\u013ea stanoven\u00fdch hodn\u00f4t kr\u00fatiaceho momentu, aby ste zabezpe\u010dili stabilitu po\u010das prev\u00e1dzky. Po in\u0161tal\u00e1cii otestujte valec pod n\u00edzkym tlakom, aby ste pred pln\u00fdm prev\u00e1dzkov\u00fdm pou\u017eit\u00edm potvrdili spr\u00e1vne zarovnanie a funk\u010dnos\u0165.<\/p>\n<h2>Be\u017en\u00e9 \u00falohy \u00fadr\u017eby<\/h2>\n<ul>\n<li><strong>Pravideln\u00e9 kontroly:<\/strong> Inspect the cylinder for signs of wear, leaks, or damage. Regular assessments can prevent unexpected failures and extend the equipment&#8217;s lifespan.<\/li>\n<li><strong>Spr\u00e1vne mazanie:<\/strong> Maintaining appropriate lubrication levels is essential for optimal operation. Ensure that all moving parts are adequately lubricated according to the manufacturer&#8217;s guidelines.<\/li>\n<li><strong>V\u00fdmena tesnenia:<\/strong> Sledujte tesnenia, \u010di nevykazuj\u00fa zn\u00e1mky opotrebovania, a v pr\u00edpade potreby ich vyme\u0148te, aby ste predi\u0161li \u00fanikom a udr\u017eali hydraulick\u00fd tlak.<\/li>\n<\/ul>\n<p>In addition to these tasks, it&#8217;s crucial to ensure that the cylinder is correctly aligned during installation. Utilize proper tools to achieve the correct alignment, which will reduce wear and enhance the cylinder&#8217;s overall performance. Regularly checking, repairing, and replacing components as needed will further support the longevity and efficiency of the boom cylinder. Implementing these maintenance strategies will help prevent premature failure and ensure reliability in demanding conditions.<\/p>\n<p><img decoding=\"async\" src=\"https:\/\/www.hydraulic-cylinders.net\/wp-content\/uploads\/2025\/04\/songte-chushion-collar.webp\" alt=\"Vank\u00fa\u0161ov\u00fd golier\"><\/p>\n<h2>Bezpe\u010dnostn\u00e9 aspekty a faktory prostredia<\/h2>\n<p>Pri pou\u017e\u00edvan\u00ed hydraulick\u00fdch valcov s\u00fa bezpe\u010dnostn\u00e9 opatrenia prvorad\u00e9. Obsluha mus\u00ed by\u0165 vy\u0161kolen\u00e1 v bezpe\u010dnej manipul\u00e1cii s hydraulick\u00fdmi syst\u00e9mami a mus\u00ed rozpozna\u0165 potenci\u00e1lne rizik\u00e1, ako s\u00fa napr\u00edklad tlakov\u00e9 v\u00fdbuchy alebo poruchy zariadenia. Osobn\u00e9 ochrann\u00e9 prostriedky (OOP) by sa mali nosi\u0165 v\u017edy a po\u010das \u00fadr\u017eby a prev\u00e1dzky sa musia dodr\u017eiava\u0165 spr\u00e1vne postupy. Okrem toho by v\u00fdrobcovia mali po\u010das v\u00fdroby zoh\u013eadni\u0165 environment\u00e1lne faktory a zabezpe\u010di\u0165, aby pou\u017eit\u00e9 materi\u00e1ly boli bezpe\u010dn\u00e9 a udr\u017eate\u013en\u00e9, \u010d\u00edm sa minimalizuje ekologick\u00fd vplyv v\u00fdroby a pou\u017e\u00edvania hydraulick\u00fdch valcov.<\/p>\n<h2>Rie\u0161enie probl\u00e9mov a be\u017en\u00e9 probl\u00e9my<\/h2>\n<ul>\n<li><strong>\u00danik:<\/strong> \u00danik je jedn\u00fdm z naj\u010dastej\u0161\u00edch probl\u00e9mov, s ktor\u00fdmi sa stret\u00e1vame pri hydraulick\u00fdch valcoch. M\u00f4\u017ee to by\u0165 sp\u00f4soben\u00e9 opotrebovan\u00fdmi tesneniami, po\u0161koden\u00fdmi hadicami alebo uvo\u013enen\u00fdmi spojmi. Pravideln\u00e9 kontroly m\u00f4\u017eu pom\u00f4c\u0165 tieto probl\u00e9my identifikova\u0165 a v\u010das odstr\u00e1ni\u0165.<\/li>\n<li><strong>Strata energie:<\/strong> Ak valec vykazuje stratu zdv\u00edhacej sily, m\u00f4\u017ee to znamena\u0165 probl\u00e9m s hladinou hydraulickej kvapaliny, vzduchom v syst\u00e9me alebo vn\u00fatorn\u00fdmi netesnos\u0165ami. Obsluha by mala skontrolova\u0165 hladiny hydraulickej kvapaliny a v pr\u00edpade potreby syst\u00e9m odvzdu\u0161ni\u0165.<\/li>\n<li><strong>Nekonzistentn\u00fd pohyb:<\/strong> Ak sa valec v\u00fdlo\u017en\u00edka nevys\u00fava alebo nezas\u00fava plynulo, m\u00f4\u017ee to by\u0165 pr\u00edznakom vn\u00fatorn\u00e9ho opotrebenia alebo kontamin\u00e1cie hydraulick\u00e9ho oleja. Vy\u010distenie alebo v\u00fdmena hydraulick\u00e9ho oleja a kontrola vn\u00fatorn\u00fdch komponentov m\u00f4\u017eu tento probl\u00e9m vyrie\u0161i\u0165.<\/li>\n<\/ul>\n<h2>Tipy na rie\u0161enie probl\u00e9mov<\/h2>\n<p>Aby sa efekt\u00edvne rie\u0161ili probl\u00e9my s valcom v\u00fdlo\u017en\u00edka, oper\u00e1tori by mali dodr\u017eiava\u0165 systematick\u00e9 postupy. Za\u010dnite kontrolou hladiny hydraulickej kvapaliny a kontrolou \u00fanikov. Ak je kvapalina n\u00edzka, dopl\u0148te ju a sledujte, \u010di sa v\u00fdkon zlep\u0161uje. Nekonzistentn\u00fd pohyb sa d\u00e1 \u010dasto napravi\u0165 kontrolou a v\u00fdmenou kontaminovanej hydraulickej kvapaliny. Pravideln\u00e9 prevent\u00edvne \u00fadr\u017eb\u00e1rske opatrenia, ako s\u00fa kontroly a pl\u00e1novan\u00e9 v\u00fdmeny, minimalizuj\u00fa riziko por\u00fach a zabezpe\u010dia plynul\u00fd chod valca. Vypracovanie denn\u00edka \u00fadr\u017eby m\u00f4\u017ee pom\u00f4c\u0165 sledova\u0165 servisn\u00e9 intervaly a identifikova\u0165 vzorce vo v\u00fdkone, \u010do \u010falej pom\u00e1ha pri prevent\u00edvnych opatreniach.<\/p>\n<p><img decoding=\"async\" src=\"https:\/\/www.hydraulic-cylinders.net\/wp-content\/uploads\/2025\/04\/songte-bushings-with-all-kinds-of-excavator-models.webp\" alt=\"Puzdr\u00e1 pre modely r\u00fdpadiel\"><\/p>\n<h2>O na\u0161ej spolo\u010dnosti<\/h2>\n<p>Sme v\u00fdrobcovia \u0161pecializuj\u00faci sa na alternat\u00edvne hydraulick\u00e9 valce a pon\u00fakaj\u00faci komplexn\u00fd sortiment produktov. Na\u0161a spolo\u010dnos\u0165 sa stala jedn\u00fdm z popredn\u00fdch v\u00fdrobcov a ve\u013ekoobchodn\u00edkov s hydraulick\u00fdmi valcami na dom\u00e1com aj medzin\u00e1rodnom trhu. Dodr\u017eiavame z\u00e1sady excelentnosti v kvalite a vyu\u017e\u00edvame prepracovan\u00e9 strat\u00e9gie riadenia v\u00fdroby. Na\u0161e zameranie na technick\u00e9 talenty, modern\u00e9 v\u00fdrobn\u00e9 zariadenia a profesion\u00e1lne testovacie syst\u00e9my neust\u00e1le zvy\u0161uje na\u0161e v\u00fdrobn\u00e9 kapacity.<\/p>\n<p>Disponujeme siln\u00fdmi kreat\u00edvnymi schopnos\u0165ami, zachov\u00e1vame si vysok\u00fa efektivitu, presnos\u0165 a kvalitu, aby sme splnili rozmanit\u00e9 potreby z\u00e1kazn\u00edkov. N\u00e1\u0161 z\u00e1v\u00e4zok poskytova\u0165 profesion\u00e1lne slu\u017eby dop\u013a\u0148aj\u00fa medzin\u00e1rodn\u00e9 certifik\u00e1cie, rie\u0161enia na mieru a robustn\u00e1 popredajn\u00e1 podpora, \u010d\u00edm zabezpe\u010dujeme spokojnos\u0165 z\u00e1kazn\u00edkov v ka\u017edej f\u00e1ze \u017eivotn\u00e9ho cyklu produktu.<\/p>\n<p><img decoding=\"async\" src=\"https:\/\/www.hydraulic-cylinders.net\/wp-content\/uploads\/2025\/04\/songte-company-4.webp\" alt=\"Obr\u00e1zok spolo\u010dnosti 4\"><br \/>\n<img decoding=\"async\" src=\"https:\/\/www.hydraulic-cylinders.net\/wp-content\/uploads\/2025\/04\/songte-company-3.webp\" alt=\"Obr\u00e1zok spolo\u010dnosti 3\"><\/p>\n<p>Autor: lyl<\/p>","protected":false},"excerpt":{"rendered":"<p>Boom Cylinder For Hyundai Small Excavator R110-7-9 Product Overview The Boom Cylinder for Hyundai Small Excavator R110-7-9 is a critical component designed for enhancing the operational efficiency of excavators. A bucket cylinder is a type of hydraulic cylinder specifically used to control the movement of buckets in various heavy machinery, such as excavators, backhoe loaders, [&hellip;]<\/p>","protected":false},"featured_media":17880,"comment_status":"open","ping_status":"closed","template":"","meta":{"_et_pb_use_builder":"","_et_pb_old_content":"","_et_gb_content_width":""},"product_brand":[],"product_cat":[1546],"product_tag":[1547,1496],"class_list":{"0":"post-19028","1":"product","2":"type-product","3":"status-publish","4":"has-post-thumbnail","6":"product_cat-boom-cylinders","7":"product_tag-boom-cylinders","8":"product_tag-hydraulic-cylinders","10":"first","11":"instock","12":"shipping-taxable","13":"product-type-simple"},"amp_enabled":true,"_links":{"self":[{"href":"https:\/\/www.hydraulic-cylinders.net\/sk\/wp-json\/wp\/v2\/product\/19028","targetHints":{"allow":["GET"]}}],"collection":[{"href":"https:\/\/www.hydraulic-cylinders.net\/sk\/wp-json\/wp\/v2\/product"}],"about":[{"href":"https:\/\/www.hydraulic-cylinders.net\/sk\/wp-json\/wp\/v2\/types\/product"}],"replies":[{"embeddable":true,"href":"https:\/\/www.hydraulic-cylinders.net\/sk\/wp-json\/wp\/v2\/comments?post=19028"}],"wp:featuredmedia":[{"embeddable":true,"href":"https:\/\/www.hydraulic-cylinders.net\/sk\/wp-json\/wp\/v2\/media\/17880"}],"wp:attachment":[{"href":"https:\/\/www.hydraulic-cylinders.net\/sk\/wp-json\/wp\/v2\/media?parent=19028"}],"wp:term":[{"taxonomy":"product_brand","embeddable":true,"href":"https:\/\/www.hydraulic-cylinders.net\/sk\/wp-json\/wp\/v2\/product_brand?post=19028"},{"taxonomy":"product_cat","embeddable":true,"href":"https:\/\/www.hydraulic-cylinders.net\/sk\/wp-json\/wp\/v2\/product_cat?post=19028"},{"taxonomy":"product_tag","embeddable":true,"href":"https:\/\/www.hydraulic-cylinders.net\/sk\/wp-json\/wp\/v2\/product_tag?post=19028"}],"curies":[{"name":"pracovn\u00fd list","href":"https:\/\/api.w.org\/{rel}","templated":true}]}}