{"id":19029,"date":"2025-04-07T06:07:53","date_gmt":"2025-04-07T06:07:53","guid":{"rendered":"https:\/\/www.hydraulic-cylinders.net\/product\/boom-cylinder-for-hyundai-small-excavator-r150-7-9\/"},"modified":"2025-04-07T06:07:56","modified_gmt":"2025-04-07T06:07:56","slug":"boom-cylinder-for-hyundai-small-excavator-r150-7-9","status":"publish","type":"product","link":"https:\/\/www.hydraulic-cylinders.net\/sk\/produkt\/boom-cylinder-for-hyundai-small-excavator-r150-7-9\/","title":{"rendered":"Valec v\u00fdlo\u017en\u00edka pre mal\u00e9 r\u00fdpadlo Hyundai R150-7-9"},"content":{"rendered":"<h1>Valec v\u00fdlo\u017en\u00edka pre mal\u00e9 r\u00fdpadlo Hyundai R150-7-9<\/h1>\n<h2>Preh\u013ead produktu<\/h2>\n<p>Hydraulick\u00fd valec v\u00fdlo\u017en\u00edka pre mal\u00e9 r\u00fdpadlo Hyundai R150-7-9 je d\u00f4le\u017eit\u00fd komponent navrhnut\u00fd \u0161peci\u00e1lne na man\u00e9vrovanie s ly\u017eicou r\u00fdpadla. Tieto hydraulick\u00e9 valce zohr\u00e1vaj\u00fa k\u013e\u00fa\u010dov\u00fa \u00falohu pri riaden\u00ed pohybu \u0165a\u017ek\u00fdch strojov, \u010do umo\u017e\u0148uje zdv\u00edhanie, sp\u00fa\u0161\u0165anie a nakl\u00e1\u0148anie ly\u017eice. Ako hydraulick\u00fd valec je nevyhnutn\u00fd pri r\u00f4znych \u00faloh\u00e1ch manipul\u00e1cie s materi\u00e1lom, v\u010faka \u010domu je nevyhnutnou s\u00fa\u010das\u0165ou stavebn\u00fdch a v\u00fdkopov\u00fdch zariaden\u00ed.<\/p>\n<p><img decoding=\"async\" src=\"https:\/\/www.hydraulic-cylinders.net\/wp-content\/uploads\/2025\/04\/songte-company-1.webp\" alt=\"Valec v\u00fdlo\u017en\u00edka pre bager\" \/><\/p>\n<h3>Defin\u00edcia a funk\u010dnos\u0165<\/h3>\n<p>Hydraulick\u00fd valec ly\u017eice je typ hydraulick\u00e9ho valca \u0161peci\u00e1lne navrhnut\u00e9ho pre \u0165a\u017ek\u00e9 stroje, ako s\u00fa bagre, r\u00fdpadlo-naklada\u010de a \u010deln\u00e9 naklada\u010de. Umo\u017e\u0148uje riaden\u00fd pohyb ly\u017eice, \u010do u\u013eah\u010duje \u00falohy, ako je kopanie, zdv\u00edhanie a efekt\u00edvna preprava materi\u00e1lov. Tento hydraulick\u00fd syst\u00e9m funguje na princ\u00edpe tlaku kvapaliny, \u010do umo\u017e\u0148uje plynul\u00fd a efekt\u00edvny pohyb, ktor\u00fd je nevyhnutn\u00fd pre ve\u013ekoobjemov\u00e9 pr\u00e1ce.<\/p>\n<h2>Vlastnosti produktu<\/h2>\n<ul>\n<li><strong>Vysok\u00e1 pevnos\u0165 a odolnos\u0165:<\/strong> Tento valec je vyroben\u00fd z vysokopevnostnej ocele alebo hlin\u00edka, tak\u017ee odol\u00e1 vysok\u00e9mu tlaku a \u0165a\u017ek\u00fdm za\u0165a\u017eeniam, v\u010faka \u010domu je vhodn\u00fd do n\u00e1ro\u010dn\u00fdch pracovn\u00fdch prostred\u00ed.<\/li>\n<li><strong>Efekt\u00edvna hydraulick\u00e1 prev\u00e1dzka:<\/strong> Vyu\u017e\u00edva hydraulick\u00fd tlak oleja pre plynul\u00e9 vys\u00favanie a zas\u00favanie, \u010d\u00edm poskytuje siln\u00e9 tla\u010dn\u00e9 a \u0165a\u017en\u00e9 sily na zvl\u00e1dnutie \u0165a\u017ek\u00fdch alebo zlo\u017eit\u00fdch \u00faloh.<\/li>\n<li><strong>R\u00f4zne typy:<\/strong> K dispoz\u00edcii s\u00fa v jedno\u010dinnom (hydraulick\u00fd pohon sa pou\u017e\u00edva v jednom smere) alebo dvoj\u010dinnom (hydraulick\u00fd pohon sa pou\u017e\u00edva v oboch smeroch) prevedeniach, ktor\u00e9 vyhovuj\u00fa r\u00f4znym prev\u00e1dzkov\u00fdm po\u017eiadavk\u00e1m. Niektor\u00e9 modely maj\u00fa teleskopick\u00fa kon\u0161trukciu pre dlh\u0161\u00ed dosah bez zv\u00e4\u010d\u0161enia vonkaj\u0161\u00edch rozmerov, ide\u00e1lne pre stiesnen\u00e9 priestory.<\/li>\n<li><strong>Z\u00e1kazkov\u00e1 v\u00fdroba:<\/strong> Na\u0161e produkty dok\u00e1\u017eu dokonale nahradi\u0165 tieto hydraulick\u00e9 valce, \u010d\u00edm zabezpe\u010duj\u00fa kompatibilitu a funk\u010dnos\u0165.<\/li>\n<\/ul>\n<p><img decoding=\"async\" src=\"https:\/\/www.hydraulic-cylinders.net\/wp-content\/uploads\/2025\/04\/songte-cylinder-head-with-all-kinds-excavator-models.webp\" alt=\"Modely bagrov\" \/><\/p>\n<h2>Scen\u00e1re aplik\u00e1ci\u00ed<\/h2>\n<h3>Stavebn\u00e9 stroje<\/h3>\n<p>V stavebn\u00fdch strojoch, najm\u00e4 v bagroch, s\u00fa valce v\u00fdlo\u017en\u00edka nevyhnutn\u00e9 na v\u00fdkopov\u00e9 pr\u00e1ce, nakladanie a premiest\u0148ovanie zeminy alebo sutiny. Ke\u010f s\u00fa namontovan\u00e9 na r\u00fdpadlo-naklada\u010doch, tieto valce s\u00fa k\u013e\u00fa\u010dov\u00e9 pre kopanie aj zdv\u00edhanie, \u010do umo\u017e\u0148uje efekt\u00edvnu manipul\u00e1ciu s materi\u00e1lom na r\u00f4znych stavenisk\u00e1ch.<\/p>\n<h3>Po\u013enohospod\u00e1rske stroje<\/h3>\n<p>V po\u013enohospod\u00e1rskych strojoch sa valce v\u00fdlo\u017en\u00edka pou\u017e\u00edvaj\u00fa v \u010deln\u00fdch naklada\u010doch na naberanie, zdv\u00edhanie a prepravu p\u00f4dy, sena a in\u00fdch materi\u00e1lov. Ich robustn\u00e1 kon\u0161trukcia zabezpe\u010duje, \u017ee zvl\u00e1dnu n\u00e1ro\u010dn\u00e9 po\u013enohospod\u00e1rske \u00falohy a prispievaj\u00fa k efekt\u00edvnemu riadeniu farmy.<\/p>\n<h3>R\u00fdpadl\u00e1<\/h3>\n<p>Pri r\u00fdpadl\u00e1ch u\u013eah\u010duj\u00fa valce ly\u017eice kopanie t\u00fdm, \u017ee umo\u017e\u0148uj\u00fa ly\u017eici efekt\u00edvne prenika\u0165 do zeme. T\u00e1to funkcia je nevyhnutn\u00e1 pre \u0161irok\u00fa \u0161k\u00e1lu v\u00fdkopov\u00fdch projektov, od pr\u00edpravy staveniska a\u017e po \u00fapravu ter\u00e9nu.<\/p>\n<h3>Naklada\u010de<\/h3>\n<p>V \u010deln\u00fdch naklada\u010doch pom\u00e1haj\u00fa valce v\u00fdlo\u017en\u00edka efekt\u00edvne zdv\u00edha\u0165 a vyklada\u0165 bremena. Ich kon\u0161trukcia umo\u017e\u0148uje r\u00fdchlu a bezpe\u010dn\u00fa prev\u00e1dzku, \u010d\u00edm sa zvy\u0161uje produktivita na stavenisk\u00e1ch.<\/p>\n<h2>\u00davahy o dizajne<\/h2>\n<h3>Nosnos\u0165<\/h3>\n<p>Nosnos\u0165 valca ramena je prvorad\u00e1 a ur\u010duje, ak\u00fa hmotnos\u0165 dok\u00e1\u017ee bezpe\u010dne zvl\u00e1dnu\u0165. Je nevyhnutn\u00e9 vybra\u0165 valec dimenzovan\u00fd na \u0161pecifick\u00e9 za\u0165a\u017eenie, s ktor\u00fdm sa stret\u00e1vame pri prev\u00e1dzke, aby sa zabezpe\u010dila bezpe\u010dnos\u0165 a \u00fa\u010dinnos\u0165.<\/p>\n<h3>Tesnenie<\/h3>\n<p>\u00da\u010dinn\u00e9 tesnenie je k\u013e\u00fa\u010dov\u00e9 pre zabr\u00e1nenie \u00faniku hydraulickej kvapaliny a udr\u017eanie tlaku v syst\u00e9me. Vysokokvalitn\u00e9 tesnenia sa vyberaj\u00fa tak, aby zodpovedali prev\u00e1dzkov\u00fdm podmienkam, ktor\u00e9 m\u00f4\u017eu zah\u0155\u0148a\u0165 vysok\u00e9 tlaky a meniace sa teploty, \u010d\u00edm sa zvy\u0161uje spo\u013eahlivos\u0165.<\/p>\n<h3>Trvanlivos\u0165<\/h3>\n<p>Trvanlivos\u0165 je v\u00fdznamn\u00fdm faktorom pri kon\u0161trukcii valcov v\u00fdlo\u017en\u00edka, preto\u017ee musia odol\u00e1va\u0165 n\u00e1ro\u010dn\u00fdm podmienkam. Materi\u00e1ly sa vyberaj\u00fa pre svoju odolnos\u0165 vo\u010di opotrebovaniu a kor\u00f3zii, \u010do prispieva k dlh\u0161ej \u017eivotnosti.<\/p>\n<h3>Bezpe\u010dnos\u0165<\/h3>\n<p>Bezpe\u010dnostn\u00e9 aspekty zah\u0155\u0148aj\u00fa prvky, ktor\u00e9 zabra\u0148uj\u00fa nadmern\u00e9mu natiahnutiu a potenci\u00e1lnym poruch\u00e1m pri za\u0165a\u017een\u00ed. Spr\u00e1vne kon\u0161truk\u010dn\u00e9 a v\u00fdrobn\u00e9 normy s\u00fa nevyhnutn\u00e9 na zabezpe\u010denie efekt\u00edvneho fungovania v\u0161etk\u00fdch bezpe\u010dnostn\u00fdch mechanizmov.<\/p>\n<h3>Udr\u017eiavate\u013enos\u0165<\/h3>\n<p>V neposlednom rade je nevyhnutn\u00e1 jednoduch\u00e1 \u00fadr\u017eba. Kon\u0161truk\u010dn\u00e9 prvky, ktor\u00e9 umo\u017e\u0148uj\u00fa r\u00fdchle kontroly, v\u00fdmenu tesnen\u00ed a dop\u013a\u0148anie hydraulickej kvapaliny, prispievaj\u00fa k minimaliz\u00e1cii prestojov a zlep\u0161eniu prev\u00e1dzkovej efekt\u00edvnosti.<\/p>\n<p><img decoding=\"async\" src=\"https:\/\/www.hydraulic-cylinders.net\/wp-content\/uploads\/2025\/04\/songte-oil-pipes-and-spare-parts.webp\" alt=\"Olejov\u00e9 potrubia a n\u00e1hradn\u00e9 diely\" \/><\/p>\n<h2>Tesnenie a mazanie<\/h2>\n<p>Spr\u00e1vne tesnenie a mazanie s\u00fa k\u013e\u00fa\u010dov\u00e9 pre efekt\u00edvnu prev\u00e1dzku hydraulick\u00fdch valcov. Na zabezpe\u010denie toho, aby hydraulick\u00e1 kvapalina zostala vo valci, sa pou\u017e\u00edvaj\u00fa r\u00f4zne tesnenia, ako s\u00fa tesnenia piestov a tesnenia ty\u010d\u00ed. V\u00fdber tesnen\u00ed vyroben\u00fdch z odoln\u00fdch materi\u00e1lov, ako je polyuret\u00e1n a nitrilov\u00fd kau\u010duk, zvy\u0161uje odolnos\u0165 proti opotrebovaniu a predl\u017euje \u017eivotnos\u0165 valca. Okrem toho teleso valca a z\u00e1vitov\u00e9 konce prech\u00e1dzaj\u00fa jemn\u00fdm spracovan\u00edm, aby sa zlep\u0161ila odolnos\u0165 proti opotrebovaniu. Pravideln\u00e9 mazanie hydraulick\u00fdm olejom je nevyhnutn\u00e9 na minimaliz\u00e1ciu trenia a opotrebenia, \u010d\u00edm sa zabezpe\u010d\u00ed plynul\u00e1 prev\u00e1dzka a pred\u013a\u017ei \u017eivotnos\u0165 valca.<\/p>\n<h2>\u00dadr\u017eb\u00e1rske opatrenia<\/h2>\n<ul>\n<li><strong>Pravideln\u00e9 kontroly:<\/strong> Vykon\u00e1vajte pravideln\u00e9 kontroly, aby ste identifikovali ak\u00e9ko\u013evek zn\u00e1mky opotrebovania, netesnost\u00ed alebo po\u0161kodenia. V\u010dasn\u00e9 odhalenie probl\u00e9mov m\u00f4\u017ee zabr\u00e1ni\u0165 z\u00e1va\u017enej\u0161\u00edm probl\u00e9mom a n\u00e1kladn\u00fdm oprav\u00e1m.<\/li>\n<li><strong>Vhodn\u00e9 mazanie:<\/strong> Uistite sa, \u017ee hydraulick\u00fd olej je naplnen\u00fd na spr\u00e1vnu hladinu a je v dobrom stave. V pr\u00edpade potreby olej vyme\u0148te, aby ste udr\u017eali optim\u00e1lny v\u00fdkon a predi\u0161li kontamin\u00e1cii.<\/li>\n<li><strong>V\u00fdmena tesnenia:<\/strong> Pravidelne kontrolujte opotrebovanie tesnen\u00ed a pod\u013ea potreby ich vyme\u0148te, aby ste predi\u0161li \u00faniku hydraulickej kvapaliny a udr\u017eali \u00fa\u010dinn\u00fd tlak v syst\u00e9me.<\/li>\n<\/ul>\n<h2>Pokyny na in\u0161tal\u00e1ciu<\/h2>\n<p>Spr\u00e1vna in\u0161tal\u00e1cia valca v\u00fdlo\u017en\u00edka je rozhoduj\u00faca pre optim\u00e1lny v\u00fdkon. Za\u010dnite t\u00fdm, \u017ee sa uist\u00edte, \u017ee v\u0161etky komponenty s\u00fa \u010dist\u00e9 a nepo\u0161koden\u00e9. Valec spr\u00e1vne zarovnajte s mont\u00e1\u017enymi konzolami a na jeho upevnenie pou\u017eite vhodn\u00e9 mont\u00e1\u017ene podpery. V\u0161etky upev\u0148ovacie prvky utiahnite pod\u013ea \u0161pecifik\u00e1ci\u00ed v\u00fdrobcu, aby ste predi\u0161li ich uvo\u013eneniu po\u010das prev\u00e1dzky. Po in\u0161tal\u00e1cii pred pou\u017eit\u00edm skontrolujte spr\u00e1vne zarovnanie a plynul\u00fd chod. Pravidelne kontrolujte in\u0161tal\u00e1ciu, \u010di nevykazuje zn\u00e1mky nespr\u00e1vneho zarovnania alebo opotrebovania, a pod\u013ea potreby vykonajte \u00fapravy na zachovanie v\u00fdkonu a bezpe\u010dnosti.<\/p>\n<h2>Be\u017en\u00e9 \u00falohy \u00fadr\u017eby<\/h2>\n<h3>Pravideln\u00e9 kontroly<\/h3>\n<p>Vykon\u00e1vanie pravideln\u00fdch kontrol je nevyhnutn\u00e9 na udr\u017eanie funk\u010dnosti valcov ramena. Tieto kontroly by sa mali zamera\u0165 na identifik\u00e1ciu netesnost\u00ed, opotrebovania alebo ak\u00fdchko\u013evek nezrovnalost\u00ed v prev\u00e1dzke. Vykonan\u00edm t\u00fdchto kontrol m\u00f4\u017eete zabezpe\u010di\u0165, aby valec zostal v optim\u00e1lnom prev\u00e1dzkovom stave a rie\u0161i\u0165 ak\u00e9ko\u013evek probl\u00e9my sk\u00f4r, ako sa zhor\u0161ia.<\/p>\n<h3>Vhodn\u00e9 mazanie<\/h3>\n<p>Mazanie je kritick\u00fdm aspektom \u00fadr\u017eby hydraulick\u00fdch valcov. Zabezpe\u010dte pravideln\u00e9 dop\u013a\u0148anie hydraulick\u00e9ho oleja a jeho spr\u00e1vneho typu pre v\u00e1\u0161 konkr\u00e9tny valec. Spr\u00e1vne mazanie minimalizuje trenie, \u010d\u00edm sa zni\u017euje opotrebovanie, \u010do v kone\u010dnom d\u00f4sledku predl\u017euje \u017eivotnos\u0165 valca.<\/p>\n<h3>V\u00fdmena tesnenia<\/h3>\n<p>Tesnenia s\u00fa d\u00f4le\u017eit\u00e9 komponenty, ktor\u00e9 si vy\u017eaduj\u00fa pravideln\u00fa v\u00fdmenu, aby sa predi\u0161lo \u00fanikom a udr\u017eal hydraulick\u00fd tlak. Tesnenia kontrolujte po\u010das be\u017enej \u00fadr\u017eby a pod\u013ea potreby ich vyme\u0148te. Tento postup nielen zlep\u0161uje \u00fa\u010dinnos\u0165, ale aj zvy\u0161uje bezpe\u010dnos\u0165 t\u00fdm, \u017ee zabra\u0148uje \u00faniku hydraulickej kvapaliny.<\/p>\n<p><img decoding=\"async\" src=\"https:\/\/www.hydraulic-cylinders.net\/wp-content\/uploads\/2025\/04\/songte-chushion-collar.webp\" alt=\"Vank\u00fa\u0161ov\u00fd golier\" \/><\/p>\n<h2>Bezpe\u010dnostn\u00e9 aspekty<\/h2>\n<p>Pri pr\u00e1ci s hydraulick\u00fdmi valcami je nevyhnutn\u00e9 zavies\u0165 bezpe\u010dnostn\u00e9 opatrenia na predch\u00e1dzanie nehod\u00e1m. Pred vykonan\u00edm \u00fadr\u017eby alebo opr\u00e1v v\u017edy skontrolujte, \u010di je hydraulick\u00fd syst\u00e9m bez tlaku. Pri kontrole alebo manipul\u00e1cii s hydraulick\u00fdmi komponentmi pou\u017e\u00edvajte osobn\u00e9 ochrann\u00e9 prostriedky (OOP) a dodr\u017eiavajte pokyny v\u00fdrobcu t\u00fdkaj\u00face sa prev\u00e1dzky a \u00fadr\u017eby, aby ste zaistili bezpe\u010dnos\u0165.<\/p>\n<h2>Rie\u0161enie probl\u00e9mov a be\u017en\u00e9 probl\u00e9my<\/h2>\n<h3>\u010cast\u00e9 probl\u00e9my<\/h3>\n<ul>\n<li><strong>\u00daniky hydraulickej kvapaliny:<\/strong> K \u00fanikom m\u00f4\u017ee d\u00f4js\u0165 v d\u00f4sledku po\u0161koden\u00fdch tesnen\u00ed alebo had\u00edc. Pravideln\u00e9 kontroly m\u00f4\u017eu pom\u00f4c\u0165 v\u010das identifikova\u0165 a odstr\u00e1ni\u0165 \u00faniky.<\/li>\n<li><strong>Nedostato\u010dn\u00fd zdvih valca:<\/strong> Ak sa valec \u00faplne nevysunie alebo nezasunie, m\u00f4\u017ee to by\u0165 sp\u00f4soben\u00e9 upchat\u00edm alebo nedostatkom hydraulickej kvapaliny. Skontrolujte, \u010di nie s\u00fa prek\u00e1\u017eky a \u010di je hladina kvapaliny dostato\u010dn\u00e1.<\/li>\n<li><strong>Pomal\u00e1 prev\u00e1dzka:<\/strong> Pomal\u00e1 prev\u00e1dzka m\u00f4\u017ee nazna\u010dova\u0165 n\u00edzku hladinu hydraulickej kvapaliny alebo jej zne\u010distenie. Pravidelne monitorujte a udr\u017eiavajte kvalitu kvapaliny, aby ste predi\u0161li probl\u00e9mom s v\u00fdkonom.<\/li>\n<\/ul>\n<h3>Tipy na rie\u0161enie probl\u00e9mov<\/h3>\n<p>Na efekt\u00edvne rie\u0161enie t\u00fdchto probl\u00e9mov v\u017edy za\u010dnite konzult\u00e1ciou pokynov v\u00fdrobcu. V pr\u00edpade \u00faniku hydraulickej kvapaliny skontrolujte tesnenia a hadice, \u010di nie s\u00fa po\u0161koden\u00e9, a v pr\u00edpade potreby ich vyme\u0148te. V pr\u00edpade nedostato\u010dn\u00e9ho zdvihu odstr\u00e1\u0148te v\u0161etky upchatia a uistite sa, \u017ee hydraulick\u00fd syst\u00e9m je naplnen\u00fd na spr\u00e1vnu \u00farove\u0148. Probl\u00e9my s pomalou prev\u00e1dzkou m\u00f4\u017eu vy\u017eadova\u0165 kontrolu kvapal\u00edn \u2013 zv\u00e1\u017ete v\u00fdmenu kontaminovanej kvapaliny, aby ste obnovili v\u00fdkon. Pravideln\u00e1 \u00fadr\u017eba a kontroly m\u00f4\u017eu zabr\u00e1ni\u0165 vzniku mnoh\u00fdch z t\u00fdchto probl\u00e9mov.<\/p>\n<p><img decoding=\"async\" src=\"https:\/\/www.hydraulic-cylinders.net\/wp-content\/uploads\/2025\/04\/songte-bushings-with-all-kinds-of-excavator-models.webp\" alt=\"Puzdr\u00e1 pre modely r\u00fdpadiel\" \/><\/p>\n<h2>Preh\u013ead spolo\u010dnosti<\/h2>\n<p>Sme v\u00fdrobca \u0161pecializuj\u00faci sa na v\u00fdmenu hydraulick\u00fdch valcov a pon\u00fakaj\u00faci komplexn\u00fd sortiment produktov. Ako jeden z popredn\u00fdch v\u00fdrobcov a ve\u013ekoobchodn\u00edkov na dom\u00e1com aj medzin\u00e1rodnom trhu dodr\u017eiavame najvy\u0161\u0161ie \u0161tandardy kvality. Na\u0161a strat\u00e9gia riadenia v\u00fdroby kladie d\u00f4raz na presnos\u0165 a efekt\u00edvnos\u0165, vyu\u017e\u00edva modern\u00e9 v\u00fdrobn\u00e9 zariadenia a profesion\u00e1lne testovacie syst\u00e9my. So siln\u00fdm zameran\u00edm na inov\u00e1cie neust\u00e1le zlep\u0161ujeme na\u0161e v\u00fdrobn\u00e9 kapacity, aby sme uspokojili rozmanit\u00e9 potreby z\u00e1kazn\u00edkov prostredn\u00edctvom vysokej efekt\u00edvnosti, presnosti a kvality.<\/p>\n<h3>Odborn\u00e1 expert\u00edza<\/h3>\n<p>N\u00e1\u0161 t\u00edm sa sklad\u00e1 zo sk\u00fasen\u00fdch odborn\u00edkov, ktor\u00ed sa venuj\u00fa v\u00fdrobe vysokokvalitn\u00fdch hydraulick\u00fdch valcov. Pon\u00fakame medzin\u00e1rodn\u00e9 certifik\u00e1cie, ktor\u00e9 zaru\u010duj\u00fa, \u017ee na\u0161e produkty sp\u013a\u0148aj\u00fa glob\u00e1lne \u0161tandardy. Okrem toho poskytujeme slu\u017eby na mieru prisp\u00f4soben\u00e9 \u0161pecifick\u00fdm po\u017eiadavk\u00e1m klientov, \u010d\u00edm zabezpe\u010dujeme spokojnos\u0165 v r\u00f4znych aplik\u00e1ci\u00e1ch.<\/p>\n<h3>Pokro\u010dil\u00e9 vybavenie<\/h3>\n<p>Na\u0161e v\u00fdrobn\u00e9 zariadenia s\u00fa vybaven\u00e9 najmodernej\u0161ou technol\u00f3giou, ktor\u00e1 n\u00e1m umo\u017e\u0148uje vyr\u00e1ba\u0165 valce s vysokou presnos\u0165ou a \u00fa\u010dinnos\u0165ou. T\u00e1to invest\u00edcia do technol\u00f3gi\u00ed zabezpe\u010duje, \u017ee dok\u00e1\u017eeme uspokoji\u0165 rast\u00face po\u017eiadavky trhu s hydraulick\u00fdmi valcami.<\/p>\n<h3>Komplexn\u00fd popredajn\u00fd servis<\/h3>\n<p>Spokojnos\u0165 z\u00e1kazn\u00edkov je pre n\u00e1s prioritou a pon\u00fakame rozsiahlu popredajn\u00fa podporu. N\u00e1\u0161 \u0161pecializovan\u00fd servisn\u00fd t\u00edm je v\u00e1m k dispoz\u00edcii s ak\u00fdmiko\u013evek ot\u00e1zkami alebo probl\u00e9mami, ktor\u00e9 m\u00f4\u017eu vznikn\u00fa\u0165 po zak\u00fapen\u00ed, a zabezpe\u010duje tak pre na\u0161ich klientov bezprobl\u00e9mov\u00fd z\u00e1\u017eitok.<\/p>\n<p><img decoding=\"async\" src=\"https:\/\/www.hydraulic-cylinders.net\/wp-content\/uploads\/2025\/04\/songte-company-4.webp\" alt=\"Preh\u013ead spolo\u010dnosti\" \/><br \/>\n<img decoding=\"async\" src=\"https:\/\/www.hydraulic-cylinders.net\/wp-content\/uploads\/2025\/04\/songte-company-3.webp\" alt=\"V\u00fdrobn\u00e9 zariadenie\" \/><\/p>\n<p>Autor: lyl<\/p>","protected":false},"excerpt":{"rendered":"<p>Boom Cylinder For Hyundai Small Excavator R150-7-9 Product Overview The Boom Cylinder for Hyundai Small Excavator R150-7-9 is a vital component designed specifically for maneuvering the bucket of excavators. These hydraulic cylinders play a crucial role in controlling the movement of heavy machinery, enabling the bucket to lift, lower, and tilt. As a hydraulic cylinder, [&hellip;]<\/p>","protected":false},"featured_media":17881,"comment_status":"open","ping_status":"closed","template":"","meta":{"_et_pb_use_builder":"","_et_pb_old_content":"","_et_gb_content_width":""},"product_brand":[],"product_cat":[1546],"product_tag":[1547,1496],"class_list":{"0":"post-19029","1":"product","2":"type-product","3":"status-publish","4":"has-post-thumbnail","6":"product_cat-boom-cylinders","7":"product_tag-boom-cylinders","8":"product_tag-hydraulic-cylinders","10":"first","11":"instock","12":"shipping-taxable","13":"product-type-simple"},"amp_enabled":true,"_links":{"self":[{"href":"https:\/\/www.hydraulic-cylinders.net\/sk\/wp-json\/wp\/v2\/product\/19029","targetHints":{"allow":["GET"]}}],"collection":[{"href":"https:\/\/www.hydraulic-cylinders.net\/sk\/wp-json\/wp\/v2\/product"}],"about":[{"href":"https:\/\/www.hydraulic-cylinders.net\/sk\/wp-json\/wp\/v2\/types\/product"}],"replies":[{"embeddable":true,"href":"https:\/\/www.hydraulic-cylinders.net\/sk\/wp-json\/wp\/v2\/comments?post=19029"}],"wp:featuredmedia":[{"embeddable":true,"href":"https:\/\/www.hydraulic-cylinders.net\/sk\/wp-json\/wp\/v2\/media\/17881"}],"wp:attachment":[{"href":"https:\/\/www.hydraulic-cylinders.net\/sk\/wp-json\/wp\/v2\/media?parent=19029"}],"wp:term":[{"taxonomy":"product_brand","embeddable":true,"href":"https:\/\/www.hydraulic-cylinders.net\/sk\/wp-json\/wp\/v2\/product_brand?post=19029"},{"taxonomy":"product_cat","embeddable":true,"href":"https:\/\/www.hydraulic-cylinders.net\/sk\/wp-json\/wp\/v2\/product_cat?post=19029"},{"taxonomy":"product_tag","embeddable":true,"href":"https:\/\/www.hydraulic-cylinders.net\/sk\/wp-json\/wp\/v2\/product_tag?post=19029"}],"curies":[{"name":"pracovn\u00fd list","href":"https:\/\/api.w.org\/{rel}","templated":true}]}}