{"id":1906,"date":"2023-10-19T06:58:04","date_gmt":"2023-10-19T06:58:04","guid":{"rendered":"https:\/\/hydraulic-cylinders.net\/?post_type=product&#038;p=1906"},"modified":"2025-04-11T02:51:49","modified_gmt":"2025-04-11T02:51:49","slug":"double-shield-tbm-support-shoe-cylinder","status":"publish","type":"product","link":"https:\/\/www.hydraulic-cylinders.net\/sk\/produkt\/double-shield-tbm-support-shoe-cylinder\/","title":{"rendered":"Dvojit\u00fd \u0161t\u00edt TBM podporn\u00fd valec p\u00e4tky"},"content":{"rendered":"<h1 style=\"text-align: center;\"><strong>Dvojit\u00fd \u0161t\u00edt TBM podporn\u00fd valec p\u00e4tky<\/strong><\/h1>\n<p><img loading=\"lazy\" decoding=\"async\" class=\"aligncenter wp-image-1907\" src=\"https:\/\/hydraulic-cylinders.net\/wp-content\/uploads\/2023\/10\/support-shoe-cylinder-1-2-300x300.webp\" alt=\"\" width=\"400\" height=\"400\" \/><\/p>\n<p>Dvojit\u00fd \u0161t\u00edtov\u00fd valec pre podpern\u00fa p\u00e4tku TBM je \u0161pi\u010dkov\u00fd hydraulick\u00fd komponent navrhnut\u00fd na zv\u00fd\u0161enie efektivity a bezpe\u010dnosti razenia tunelov. Tento \u0161pecializovan\u00fd valec zohr\u00e1va k\u013e\u00fa\u010dov\u00fa \u00falohu pri podopieran\u00ed \u0161t\u00edtu dvoj\u0161t\u00edtov\u00e9ho tunelov\u00e9ho raziaceho stroja (TBM), \u010d\u00edm zabezpe\u010duje stabilitu a ochranu po\u010das razenia. Tento informat\u00edvny \u010dl\u00e1nok presk\u00fama k\u013e\u00fa\u010dov\u00e9 vlastnosti, sp\u00f4soby pou\u017eitia a pokyny na \u00fadr\u017ebu dvoj\u0161t\u00edtov\u00e9ho valca pre podpern\u00fa p\u00e4tku TBM.<\/p>\n<p>Dvojit\u00fd \u0161t\u00edtov\u00fd valec TBM s opornou p\u00e4tkou je d\u00f4le\u017eit\u00fdm komponentom, ktor\u00fd zvy\u0161uje efektivitu a bezpe\u010dnos\u0165 razenia tunelov s dvojit\u00fdm \u0161t\u00edtom. V\u010faka vylep\u0161enej stabilite, presn\u00e9mu ovl\u00e1daniu, dvoj\u010dinn\u00e9mu dizajnu, odolnosti a spo\u013eahlivosti tento valec zais\u0165uje bezpe\u010dn\u00fa podporu a ochranu \u0161t\u00edtu TBM po\u010das razenia. Dodr\u017eiavan\u00edm odpor\u00fa\u010dan\u00fdch met\u00f3d pou\u017e\u00edvania a pravideln\u00fdch postupov \u00fadr\u017eby bude dvojit\u00fd \u0161t\u00edtov\u00fd valec TBM s opornou p\u00e4tkou aj na\u010falej poskytova\u0165 vynikaj\u00faci v\u00fdkon a prispieva\u0165 k \u00faspechu tunelovac\u00edch projektov. Vysk\u00fa\u0161ajte efektivitu a bezpe\u010dnos\u0165 dvojit\u00e9ho \u0161t\u00edtov\u00e9ho valca TBM s opornou p\u00e4tkou, ktor\u00fd prin\u00e1\u0161a revol\u00faciu v razen\u00ed tunelov v\u010faka pokro\u010dilej technol\u00f3gii a spo\u013eahlivosti.<\/p>\n<p>K\u013e\u00fa\u010dov\u00e9 charakteristiky valca s opornou p\u00e4tkou pre dvojit\u00fd \u0161t\u00edt TBM:<\/p>\n<ul>\n<li>Zv\u00fd\u0161en\u00e1 stabilita a \u00fanosnos\u0165: Dvojit\u00fd podporn\u00fd valec pre TBM je navrhnut\u00fd tak, aby poskytoval v\u00fdnimo\u010dn\u00fa stabilitu a \u00fanosnos\u0165 \u0161t\u00edtu TBM. Jeho robustn\u00e1 kon\u0161trukcia a prec\u00edzne spracovanie zabezpe\u010duj\u00fa, \u017ee \u0161t\u00edt zostane po\u010das v\u00fdkopu bezpe\u010dne na svojom mieste, \u010d\u00edm sa minimalizuje riziko zr\u00fatenia podlo\u017eia a zais\u0165uje sa bezpe\u010dnos\u0165 raziaceho t\u00edmu.<\/li>\n<li>Presn\u00e9 ovl\u00e1danie a polohovanie: Tento valec je vybaven\u00fd pokro\u010dil\u00fdmi hydraulick\u00fdmi ovl\u00e1dac\u00edmi syst\u00e9mami a pon\u00faka presn\u00e9 ovl\u00e1danie polohovania oporn\u00fdch p\u00e4tiek. To umo\u017e\u0148uje obsluhe upravi\u0165 orient\u00e1ciu a zarovnanie p\u00e4tiek tak, aby zodpovedali \u0161pecifick\u00fdm podmienkam ter\u00e9nu, \u010d\u00edm sa zabezpe\u010d\u00ed presn\u00e9 a efekt\u00edvne v\u00fdkopov\u00e9 pr\u00e1ce.<\/li>\n<li>Dvoj\u010dinn\u00e1 kon\u0161trukcia: Dvojit\u00fd \u0161t\u00edt valca podpornej p\u00e4tky tbm m\u00e1 dvoj\u010dinn\u00fa kon\u0161trukciu, \u010do znamen\u00e1, \u017ee m\u00f4\u017ee vyv\u00edja\u0165 silu v smere vys\u00favania aj zas\u00favania. T\u00e1to schopnos\u0165 umo\u017e\u0148uje v\u0161estrann\u00fd a kontrolovan\u00fd pohyb podporn\u00fdch p\u00e4tiek, \u010d\u00edm poskytuje optim\u00e1lnu oporu a stabilitu po\u010das razenia tunela.<\/li>\n<li>Trvanlivos\u0165 a spo\u013eahlivos\u0165: Dvojit\u00fd \u0161t\u00edtov\u00fd valec podpernej p\u00e4tky TBM je vyroben\u00fd z vysoko kvalitn\u00fdch materi\u00e1lov a je navrhnut\u00fd tak, aby odolal n\u00e1ro\u010dn\u00fdm podmienkam, s ktor\u00fdmi sa stret\u00e1vame po\u010das razenia tunelov. Znesie \u0165a\u017ek\u00e9 za\u0165a\u017eenie, vibr\u00e1cie a n\u00e1razy, \u010d\u00edm zais\u0165uje dlhodob\u00fa odolnos\u0165, minimalizuje prestoje a zni\u017euje n\u00e1klady na \u00fadr\u017ebu.<\/li>\n<\/ul>\n<h2><strong>Parameter valca s dvojit\u00fdm \u0161t\u00edtom TBM:<\/strong><\/h2>\n<table border=\"1\" cellspacing=\"0\" cellpadding=\"0\">\n<tbody>\n<tr>\n<td>N\u00e1zov produktu<\/td>\n<td>Dvojit\u00fd \u0161t\u00edtov\u00fd valec na podporu p\u00e4tky tunelov\u00e9ho v\u0155tacieho stroja<\/td>\n<\/tr>\n<tr>\n<td>Vlastnosti:<\/td>\n<td>Poskytuje posuv pri razen\u00ed tunelov fr\u00e9zovacou hlavou<\/td>\n<\/tr>\n<tr>\n<td>Priemer otvoru:<\/td>\n<td>320 mm\uff5e700 mm<\/td>\n<\/tr>\n<tr>\n<td>Priemer ty\u010de:<\/td>\n<td>220 mm\uff5e500 mm<br \/>\nZdvih: 300 mm\uff5e1200 mm<\/td>\n<\/tr>\n<tr>\n<td>Tlak:<\/td>\n<td>a\u017e 35 MPa<\/td>\n<\/tr>\n<tr>\n<td>Aplik\u00e1cie:<\/td>\n<td>Dvojit\u00fd \u0161t\u00edtov\u00fd tunelov\u00fd v\u0155tac\u00ed stroj<\/td>\n<\/tr>\n<\/tbody>\n<\/table>\n<h2><strong>Pou\u017eitie valca s dvojit\u00fdm \u0161t\u00edtom TBM:<\/strong><\/h2>\n<p><img loading=\"lazy\" decoding=\"async\" class=\"alignnone wp-image-1909 size-full\" src=\"https:\/\/hydraulic-cylinders.net\/wp-content\/uploads\/2023\/10\/double-shield-tbm-cylinder-1.webp\" alt=\"\" width=\"709\" height=\"473\" srcset=\"https:\/\/hydraulic-cylinders.net\/wp-content\/uploads\/2023\/10\/double-shield-tbm-cylinder-1.webp 709w, https:\/\/hydraulic-cylinders.net\/wp-content\/uploads\/2023\/10\/double-shield-tbm-cylinder-1-480x320.webp 480w\" sizes=\"(min-width: 0px) and (max-width: 480px) 480px, (min-width: 481px) 709px, 100vw\" \/><\/p>\n<h2><strong>Sp\u00f4sob pou\u017eitia <\/strong><strong>Dvojit\u00fd \u0161t\u00edt TBM podporn\u00fd valec p\u00e4tky<\/strong><strong>:<\/strong><\/h2>\n<ul>\n<li><strong>In\u0161tal\u00e1cia valca:<\/strong>\u00a0 Nain\u0161talujte valec s dvojit\u00fdm \u0161t\u00edtom pre TBM pod\u013ea pokynov v\u00fdrobcu. Na zabezpe\u010denie spr\u00e1vneho zarovnania a bezpe\u010dn\u00e9ho upevnenia ku kon\u0161trukcii podpornej p\u00e4tky TBM pou\u017eite vhodn\u00e9 mont\u00e1\u017ene konzoly alebo pr\u00edslu\u0161enstvo.<\/li>\n<li><strong>Integr\u00e1cia hydraulick\u00e9ho syst\u00e9mu:<\/strong> Pripojte valec k hydraulick\u00e9mu syst\u00e9mu TBM pomocou kompatibiln\u00fdch had\u00edc a spojok. Skontrolujte, \u010di s\u00fa v\u0161etky pripojenia bezpe\u010dn\u00e9, bez \u00fanikov a dostato\u010dne utiahnut\u00e9, aby sa zabezpe\u010dil optim\u00e1lny hydraulick\u00fd v\u00fdkon.<\/li>\n<li><strong>Ovl\u00e1danie a polohovanie:<\/strong>\u00a0 Obozn\u00e1mte sa s pravidlami \u0161pecifick\u00fdmi pre valec podpornej p\u00e4tky dvojit\u00e9ho \u0161t\u00edtu TBM. Pomocou t\u00fdchto ovl\u00e1dac\u00edch prvkov upravte polohu, zarovnanie a uhol podporn\u00fdch p\u00e4tiek pod\u013ea potreby. Dodr\u017eiavajte pokyny a odpor\u00fa\u010dania v\u00fdrobcu TBM pre optim\u00e1lne umiestnenie podporn\u00fdch p\u00e4tiek na z\u00e1klade podmienok ter\u00e9nu.<\/li>\n<li><strong>Bezpe\u010dnostn\u00e9 opatrenia:<\/strong>\u00a0 Dodr\u017eiavajte v\u0161etky bezpe\u010dnostn\u00e9 protokoly a pokyny v\u00fdrobcu TBM. Zabezpe\u010dte, aby boli oper\u00e1tori vy\u0161kolen\u00ed v bezpe\u010dnej obsluhe TBM a dvojit\u00e9ho \u0161t\u00edtov\u00e9ho valca s opornou p\u00e4tkou TBM. Pravidelne kontrolujte bezpe\u010dnostn\u00e9 mechanizmy a vykon\u00e1vajte \u00fadr\u017ebu pod\u013ea odpor\u00fa\u010dan\u00ed, aby ste zabezpe\u010dili ich spr\u00e1vne fungovanie.<\/li>\n<\/ul>\n<h2><strong>Ako zostroji\u0165 hydraulick\u00fd valec?<\/strong><\/h2>\n<p>V\u00fdroba hydraulick\u00e9ho valca si vy\u017eaduje pokro\u010dil\u00e9 technick\u00e9 znalosti, \u0161pecializovan\u00e9 vybavenie a pr\u00edstup k vysokokvalitn\u00fdm materi\u00e1lom. Vzh\u013eadom na zlo\u017eitos\u0165 a presnos\u0165 je to zvy\u010dajne \u00faloha, ktor\u00fa vykon\u00e1vaj\u00fa profesion\u00e1lni v\u00fdrobcovia. Tu je v\u0161ak v\u0161eobecn\u00fd preh\u013ead krokov potrebn\u00fdch na v\u00fdrobu hydraulick\u00e9ho valca:<\/p>\n<ol>\n<li><strong>Dizajn a in\u017einierstvo:<\/strong>\n<ul>\n<li>Ur\u010dte \u0161pecifick\u00e9 po\u017eiadavky a \u0161pecifik\u00e1cie hydraulick\u00e9ho valca, ako je d\u013a\u017eka zdvihu, priemer otvoru, prev\u00e1dzkov\u00fd tlak a nosnos\u0165.<\/li>\n<li>Na vytvorenie podrobn\u00e9ho pl\u00e1nu, ktor\u00fd zah\u0155\u0148a rozmery valca, vn\u00fatorn\u00e9 komponenty a tesnenia, pou\u017eite softv\u00e9r CAD (po\u010d\u00edta\u010dom podporovan\u00e9 navrhovanie).<\/li>\n<\/ul>\n<\/li>\n<li><strong>V\u00fdber materi\u00e1lu:<\/strong>\n<ul>\n<li>Pre hydraulick\u00e9 aplik\u00e1cie vyberte vysokokvalitn\u00e9 materi\u00e1ly, ako je oce\u013e alebo hlin\u00edk na valec valca, piest a koncov\u00e9 uz\u00e1very.<\/li>\n<li>Vyberte vhodn\u00e9 tesnenia, ako napr\u00edklad O-kr\u00fa\u017eky alebo tesnenia piestov, ktor\u00e9 dok\u00e1\u017eu odola\u0165 prev\u00e1dzkov\u00fdm podmienkam a s\u00fa kompatibiln\u00e9 s kvapalinami.<\/li>\n<\/ul>\n<\/li>\n<li><strong>Obr\u00e1banie:<\/strong>\n<ul>\n<li>Na v\u00fdrobu komponentov valca pod\u013ea kon\u0161truk\u010dn\u00fdch \u0161pecifik\u00e1ci\u00ed pou\u017eite presn\u00e9 obr\u00e1bacie zariadenia, ako s\u00fa s\u00fastruhy, fr\u00e9zky a br\u00fasky.<\/li>\n<li>Opracujte valec valca, koncov\u00e9 uz\u00e1very, piest, ty\u010d a \u010fal\u0161ie vn\u00fatorn\u00e9 komponenty na po\u017eadovan\u00e9 rozmery a tolerancie.<\/li>\n<\/ul>\n<\/li>\n<li><strong>Mont\u00e1\u017e:<\/strong>\n<ul>\n<li>D\u00f4kladne vy\u010distite v\u0161etky komponenty, aby ste odstr\u00e1nili v\u0161etky ne\u010distoty alebo ne\u010distoty.<\/li>\n<li>Nain\u0161talujte tesnenia do ur\u010den\u00fdch dr\u00e1\u017eok na pieste, koncov\u00fdch uz\u00e1veroch a ty\u010di.<\/li>\n<li>Opatrne vlo\u017ete piest do valca a dbajte na spr\u00e1vne zarovnanie a v\u00f4\u013eu.<\/li>\n<li>Pripevnite koncov\u00e9 uz\u00e1very k valcu valca a zabezpe\u010dte bezpe\u010dn\u00e9 a bez\u00fate\u0161n\u00e9 spojenie.<\/li>\n<li>Vlo\u017ete ty\u010d do piestu a zaistite ju vhodn\u00fdmi upev\u0148ovac\u00edmi prvkami.<\/li>\n<li>Na pripojenie kvapaliny pripojte hydraulick\u00e9 spoje alebo porty ku koncov\u00fdm uz\u00e1verom.<\/li>\n<\/ul>\n<\/li>\n<li><strong>Testovanie a kontrola kvality:<\/strong>\n<ul>\n<li>Vykonajte tlakov\u00fa sk\u00fa\u0161ku, aby ste sa uistili, \u017ee f\u013ea\u0161a vydr\u017e\u00ed \u0161pecifikovan\u00fd prev\u00e1dzkov\u00fd tlak bez \u00fanikov alebo por\u00fach.<\/li>\n<li>Overte spr\u00e1vnu funkciu valca jeho vys\u00favan\u00edm a zas\u00favan\u00edm za kontrolovan\u00fdch podmienok.<\/li>\n<li>Skontrolujte v\u0161etky komponenty, \u010di neobsahuj\u00fa chyby alebo nedokonalosti, a uistite sa, \u017ee sp\u013a\u0148aj\u00fa po\u017eadovan\u00e9 \u0161pecifik\u00e1cie.<\/li>\n<li>Vykonajte kontroly kvality, aby ste sa uistili, \u017ee f\u013ea\u0161a sp\u013a\u0148a bezpe\u010dnostn\u00e9 a regula\u010dn\u00e9 po\u017eiadavky.<\/li>\n<\/ul>\n<\/li>\n<\/ol>\n<h2><strong>Schopnos\u0165 a kapacita tov\u00e1rne:<\/strong><\/h2>\n<h3>(1) Mont\u00e1\u017e<\/h3>\n<p>Disponujeme prvotriednou nez\u00e1vislou v\u00fdskumnou a v\u00fdvojovou mont\u00e1\u017enou platformou. Diel\u0148a na v\u00fdrobu hydraulick\u00fdch valcov m\u00e1 \u0161tyri poloautomatick\u00e9 mont\u00e1\u017ene linky zdv\u00edhac\u00edch valcov a jednu automatick\u00fa mont\u00e1\u017enu linku nakl\u00e1pac\u00edch valcov s projektovanou ro\u010dnou v\u00fdrobnou kapacitou 1 mili\u00f3n kusov. Diel\u0148a na v\u00fdrobu \u0161peci\u00e1lnych valcov je vybaven\u00e1 r\u00f4znymi \u0161pecifik\u00e1ciami poloautomatick\u00e9ho syst\u00e9mu \u010distenia a mont\u00e1\u017ee s projektovanou ro\u010dnou v\u00fdrobnou kapacitou 200 000 kusov a je vybaven\u00e1 zn\u00e1mym CNC obr\u00e1bac\u00edm zariaden\u00edm, obr\u00e1bac\u00edm centrom, \u0161peci\u00e1lnym zariaden\u00edm na vysoko presn\u00e9 spracovanie valcov, robotick\u00fdm zv\u00e1rac\u00edm strojom, automatick\u00fdm \u010distiacim strojom, automatick\u00fdm mont\u00e1\u017enym strojom valcov a automatickou lakovacou v\u00fdrobnou linkou. Existuj\u00face kritick\u00e9 zariadenia maj\u00fa viac ako 300 s\u00faprav (s\u00e1d). Optim\u00e1lne alokovanie a efekt\u00edvne vyu\u017e\u00edvanie zdrojov zariaden\u00ed zabezpe\u010duje po\u017eiadavky na presnos\u0165 v\u00fdrobkov a sp\u013a\u0148a po\u017eiadavky na vysok\u00fa kvalitu v\u00fdrobkov.<\/p>\n<p><img loading=\"lazy\" decoding=\"async\" class=\"alignnone wp-image-626\" src=\"https:\/\/hydraulic-cylinders.net\/wp-content\/uploads\/2023\/08\/hydraulic-cylinder-product-1-300x158.webp\" alt=\"\" width=\"495\" height=\"260\" srcset=\"https:\/\/hydraulic-cylinders.net\/wp-content\/uploads\/2023\/08\/hydraulic-cylinder-product-1-300x158.webp 495w, https:\/\/hydraulic-cylinders.net\/wp-content\/uploads\/2023\/08\/hydraulic-cylinder-product-1-480x252.webp 480w\" sizes=\"(min-width: 0px) and (max-width: 480px) 480px, (min-width: 481px) 495px, 100vw\" \/> <img loading=\"lazy\" decoding=\"async\" class=\"alignnone wp-image-627\" src=\"https:\/\/hydraulic-cylinders.net\/wp-content\/uploads\/2023\/08\/hydraulic-cylinder-product-2-300x189.webp\" alt=\"\" width=\"413\" height=\"260\" \/><\/p>\n<h3>(2) Obr\u00e1banie<\/h3>\n<p>Obr\u00e1bacia diel\u0148a je vybaven\u00e1 prisp\u00f4soben\u00fdm s\u00fastru\u017en\u00edckym centrom na \u0161ikm\u00e9 ko\u013eajnice, obr\u00e1bac\u00edm centrom, vysokor\u00fdchlostn\u00fdm honovac\u00edm strojom, zv\u00e1rac\u00edm robotom a \u010fal\u0161\u00edm s\u00favisiacim zariaden\u00edm, ktor\u00e9 dok\u00e1\u017ee spracova\u0165 valcov\u00e9 r\u00fary s maxim\u00e1lnym vn\u00fatorn\u00fdm priemerom 400 mm a maxim\u00e1lnou d\u013a\u017ekou 6 metrov.<\/p>\n<p><img loading=\"lazy\" decoding=\"async\" class=\"alignnone wp-image-628 size-large\" src=\"https:\/\/hydraulic-cylinders.net\/wp-content\/uploads\/2023\/08\/hydraulic-cylinder-product-3-1024x391.webp\" alt=\"\" width=\"1024\" height=\"391\" srcset=\"https:\/\/hydraulic-cylinders.net\/wp-content\/uploads\/2023\/08\/hydraulic-cylinder-product-3-980x374.webp 980w, https:\/\/hydraulic-cylinders.net\/wp-content\/uploads\/2023\/08\/hydraulic-cylinder-product-3-480x183.webp 480w\" sizes=\"(min-width: 0px) and (max-width: 480px) 480px, (min-width: 481px) and (max-width: 980px) 980px, (min-width: 981px) 1024px, 100vw\" \/><\/p>\n<h3>(3) Zv\u00e1ranie<\/h3>\n<p><img loading=\"lazy\" decoding=\"async\" class=\"alignnone wp-image-629 size-large\" src=\"https:\/\/hydraulic-cylinders.net\/wp-content\/uploads\/2023\/08\/hydraulic-cylinder-product-4-1024x510.webp\" alt=\"\" width=\"1024\" height=\"510\" srcset=\"https:\/\/hydraulic-cylinders.net\/wp-content\/uploads\/2023\/08\/hydraulic-cylinder-product-4-980x488.webp 980w, https:\/\/hydraulic-cylinders.net\/wp-content\/uploads\/2023\/08\/hydraulic-cylinder-product-4-480x239.webp 480w\" sizes=\"(min-width: 0px) and (max-width: 480px) 480px, (min-width: 481px) and (max-width: 980px) 980px, (min-width: 981px) 1024px, 100vw\" \/><\/p>\n<h3>(4) Ma\u013eovanie a natieranie<\/h3>\n<p>S mal\u00fdmi a stredne ve\u013ek\u00fdmi valcov\u00fdmi automatick\u00fdmi linkami na nan\u00e1\u0161anie farieb na vodnej b\u00e1ze, na dosiahnutie automatick\u00e9ho nakladania a vykladania robotmi a automatick\u00e9ho striekania, je projektovan\u00e1 kapacita 4000 kusov za smenu;<br \/>\nM\u00e1me tie\u017e poloautomatick\u00fa linku na v\u00fdrobu farieb pre ve\u013ek\u00e9 valce poh\u00e1\u0148an\u00e9 re\u0165azou s projektovanou kapacitou 60 kusov za smenu.<\/p>\n<p><img loading=\"lazy\" decoding=\"async\" class=\"alignnone wp-image-630\" src=\"https:\/\/hydraulic-cylinders.net\/wp-content\/uploads\/2023\/08\/hydraulic-cylinder-product-5-300x213.webp\" alt=\"\" width=\"366\" height=\"260\" \/> <img loading=\"lazy\" decoding=\"async\" class=\"alignnone wp-image-631\" src=\"https:\/\/hydraulic-cylinders.net\/wp-content\/uploads\/2023\/08\/hydraulic-cylinder-product-6-300x225.webp\" alt=\"\" width=\"347\" height=\"260\" \/><\/p>\n<h3>(5) Testovanie<\/h3>\n<p>Disponujeme prvotriednymi kontroln\u00fdmi zariadeniami a sk\u00fa\u0161obn\u00fdmi zariadeniami, ktor\u00e9 zabezpe\u010duj\u00fa, \u017ee v\u00fdkonnos\u0165 valca sp\u013a\u0148a po\u017eiadavky.<\/p>\n<p><img loading=\"lazy\" decoding=\"async\" class=\"alignnone wp-image-632\" src=\"https:\/\/hydraulic-cylinders.net\/wp-content\/uploads\/2023\/08\/hydraulic-cylinder-product-8-300x200.webp\" alt=\"\" width=\"389\" height=\"260\" \/><\/p>\n<p>&nbsp;<\/p>\n<p>&nbsp;<\/p>\n<p>Sme jedn\u00fdm z najlep\u0161\u00edch v\u00fdrobcov hydraulick\u00fdch valcov. Pon\u00fakame komplexn\u00e9 hydraulick\u00e9 valce. Poskytujeme aj zodpovedaj\u00face <a href=\"https:\/\/hzpt.com\/agricultural-pto-gearbox\/\" target=\"_blank\" rel=\"noopener\">po\u013enohospod\u00e1rske prevodovky<\/a>Na\u0161e produkty sme vyv\u00e1\u017eali klientom po celom svete a v\u010faka vynikaj\u00facej kvalite produktov a popredajn\u00e9mu servisu sme si z\u00edskali dobr\u00fa reput\u00e1ciu. V\u00edtame z\u00e1kazn\u00edkov doma aj v zahrani\u010d\u00ed, ktor\u00ed n\u00e1s kontaktuj\u00fa za \u00fa\u010delom rokovania o obchodn\u00fdch z\u00e1le\u017eitostiach, v\u00fdmeny inform\u00e1ci\u00ed a <a href=\"https:\/\/www.hydraulic-cylinders.net\/sk\/contact-us\/\">spolupracova\u0165 s nami<\/a>!<\/p>\n<p>&nbsp;<\/p>","protected":false},"excerpt":{"rendered":"<p>Double Shield TBM Support Shoe Cylinder The double shield TBM support shoe cylinder is a cutting-edge hydraulic component designed to enhance tunnel boring operations&#8217; efficiency and safety. This specialized cylinder plays a crucial role in supporting the shield of a double-shield tunnel boring machine (TBM), ensuring stability and protection during excavation. This informative article will [&hellip;]<\/p>","protected":false},"featured_media":1908,"comment_status":"open","ping_status":"closed","template":"","meta":{"_et_pb_use_builder":"","_et_pb_old_content":"","_et_gb_content_width":""},"product_brand":[],"product_cat":[1519,1549],"product_tag":[1380],"class_list":{"0":"post-1906","1":"product","2":"type-product","3":"status-publish","4":"has-post-thumbnail","6":"product_cat-shield-machine-hydraulic-cylinders","7":"product_cat-single-acting-hydraulic-cylinder","8":"product_tag-hydraulic-cylinder","10":"first","11":"instock","12":"shipping-taxable","13":"product-type-simple"},"amp_enabled":true,"_links":{"self":[{"href":"https:\/\/www.hydraulic-cylinders.net\/sk\/wp-json\/wp\/v2\/product\/1906","targetHints":{"allow":["GET"]}}],"collection":[{"href":"https:\/\/www.hydraulic-cylinders.net\/sk\/wp-json\/wp\/v2\/product"}],"about":[{"href":"https:\/\/www.hydraulic-cylinders.net\/sk\/wp-json\/wp\/v2\/types\/product"}],"replies":[{"embeddable":true,"href":"https:\/\/www.hydraulic-cylinders.net\/sk\/wp-json\/wp\/v2\/comments?post=1906"}],"wp:featuredmedia":[{"embeddable":true,"href":"https:\/\/www.hydraulic-cylinders.net\/sk\/wp-json\/wp\/v2\/media\/1908"}],"wp:attachment":[{"href":"https:\/\/www.hydraulic-cylinders.net\/sk\/wp-json\/wp\/v2\/media?parent=1906"}],"wp:term":[{"taxonomy":"product_brand","embeddable":true,"href":"https:\/\/www.hydraulic-cylinders.net\/sk\/wp-json\/wp\/v2\/product_brand?post=1906"},{"taxonomy":"product_cat","embeddable":true,"href":"https:\/\/www.hydraulic-cylinders.net\/sk\/wp-json\/wp\/v2\/product_cat?post=1906"},{"taxonomy":"product_tag","embeddable":true,"href":"https:\/\/www.hydraulic-cylinders.net\/sk\/wp-json\/wp\/v2\/product_tag?post=1906"}],"curies":[{"name":"pracovn\u00fd list","href":"https:\/\/api.w.org\/{rel}","templated":true}]}}