{"id":19075,"date":"2025-04-07T06:11:36","date_gmt":"2025-04-07T06:11:36","guid":{"rendered":"https:\/\/www.hydraulic-cylinders.net\/product\/boom-cylinder-for-kobelco-middle-excavator-sk270d-8\/"},"modified":"2025-04-07T06:11:39","modified_gmt":"2025-04-07T06:11:39","slug":"boom-cylinder-for-kobelco-middle-excavator-sk270d-8","status":"publish","type":"product","link":"https:\/\/www.hydraulic-cylinders.net\/sk\/produkt\/boom-cylinder-for-kobelco-middle-excavator-sk270d-8\/","title":{"rendered":"Valec v\u00fdlo\u017en\u00edka pre stredn\u00fd bager Kobelco SK270D-8"},"content":{"rendered":"<h1>Valec v\u00fdlo\u017en\u00edka pre stredn\u00fd bager Kobelco SK270D-8<\/h1>\n<h2>Preh\u013ead produktu<\/h2>\n<p>Hydraulick\u00fd valec v\u00fdlo\u017en\u00edka pre stredn\u00fd bager Kobelco SK270D-8 je z\u00e1kladn\u00fd hydraulick\u00fd komponent navrhnut\u00fd na optimaliz\u00e1ciu funk\u010dnosti bagrov. Zohr\u00e1va k\u013e\u00fa\u010dov\u00fa \u00falohu pri riaden\u00ed pohybu ly\u017eice, \u010do umo\u017e\u0148uje presn\u00e9 zdv\u00edhanie, sp\u00fa\u0161\u0165anie a nakl\u00e1\u0148anie. Tento hydraulick\u00fd valec je navrhnut\u00fd \u0161peci\u00e1lne pre \u0165a\u017ek\u00e9 stroje a zais\u0165uje efekt\u00edvnu manipul\u00e1ciu s materi\u00e1lom.<\/p>\n<p>Hydraulick\u00fd valec, tie\u017e zn\u00e1my ako hydraulick\u00fd valec, je navrhnut\u00fd na riadenie r\u00f4znych pohybov spojen\u00fdch s \u0165a\u017ek\u00fdmi zariadeniami, ako s\u00fa bagre, r\u00fdpadl\u00e1 a \u010deln\u00e9 naklada\u010de. Vyu\u017eit\u00edm hydraulick\u00e9ho tlaku umo\u017e\u0148uje ly\u017eici vykon\u00e1va\u0165 \u00falohy, ktor\u00e9 vy\u017eaduj\u00fa zna\u010dn\u00fa silu, v\u010faka \u010domu je d\u00f4le\u017eit\u00fdm prvkom v stavebn\u00edctve, ban\u00edctve a po\u013enohospod\u00e1rstve.<\/p>\n<p><img decoding=\"async\" src=\"https:\/\/www.hydraulic-cylinders.net\/wp-content\/uploads\/2025\/04\/songte-company-1.webp\" alt=\"Valec v\u00fdlo\u017en\u00edka pre r\u00fdpadlo Kobelco\" \/><\/p>\n<h2>Vlastnosti valca v\u00fdlo\u017en\u00edka<\/h2>\n<ul>\n<li>\n<h3>Vysok\u00e1 pevnos\u0165 a odolnos\u0165<\/h3>\n<p>Valec v\u00fdlo\u017en\u00edka je vyroben\u00fd z vysokopevnostnej ocele alebo hlin\u00edka a je schopn\u00fd odol\u00e1va\u0165 vysok\u00e9mu tlaku a \u0165a\u017ek\u00fdm za\u0165a\u017eeniam. Jeho kon\u0161trukcia zah\u0155\u0148a odolnos\u0165 vo\u010di opotrebovaniu a kor\u00f3zii, \u010do v\u00fdrazne predl\u017euje jeho \u017eivotnos\u0165.<\/p>\n<\/li>\n<li>\n<h3>Efekt\u00edvna hydraulick\u00e1 prev\u00e1dzka<\/h3>\n<p>V\u010faka hydraulick\u00e9mu tlaku oleja vykon\u00e1va valec plynul\u00e9 vys\u00favanie a zas\u00favanie a je schopn\u00fd r\u00fdchlo reagova\u0165 na povely oper\u00e1tora. T\u00e1to funkcia poskytuje zna\u010dn\u00fa silu pri tla\u010den\u00ed a \u0165ahu, v\u010faka \u010domu je vhodn\u00fd na manipul\u00e1ciu s \u0165a\u017ek\u00fdmi predmetmi a zlo\u017eit\u00e9 \u00falohy.<\/p>\n<\/li>\n<li>\n<h3>R\u00f4zne typy<\/h3>\n<p>V z\u00e1vislosti od prev\u00e1dzkov\u00fdch potrieb je mo\u017en\u00e9 valec zvoli\u0165 v jedno\u010dinnom (hydraulick\u00fd v jednom smere) alebo dvoj\u010dinnom (hydraulick\u00fd v oboch smeroch) preveden\u00ed. Niektor\u00e9 modely s\u00fa teleskopick\u00e9, \u010do umo\u017e\u0148uje v\u00e4\u010d\u0161ie vysunutie bez zv\u00e4\u010d\u0161enia vonkaj\u0161\u00edch rozmerov, ide\u00e1lne pre aplik\u00e1cie s obmedzen\u00fdm priestorom.<\/p>\n<\/li>\n<li>\n<h3>Kompatibilita s r\u00f4znymi modelmi<\/h3>\n<p>Tento produkt je navrhnut\u00fd tak, aby dokonale nahradil r\u00f4zne hydraulick\u00e9 valce a zabezpe\u010dil tak bezprobl\u00e9mov\u00fa integr\u00e1ciu s existuj\u00facimi strojmi.<\/p>\n<\/li>\n<li>\n<h3>Mo\u017enosti z\u00e1kazkovej v\u00fdroby<\/h3>\n<p>Pon\u00fakame rie\u0161enia na mieru prisp\u00f4soben\u00e9 \u0161pecifick\u00fdm prev\u00e1dzkov\u00fdm po\u017eiadavk\u00e1m a zabezpe\u010dujeme, aby na\u0161e produkty sp\u013a\u0148ali r\u00f4zne priemyseln\u00e9 \u0161tandardy.<\/p>\n<\/li>\n<\/ul>\n<p><img decoding=\"async\" src=\"https:\/\/www.hydraulic-cylinders.net\/wp-content\/uploads\/2025\/04\/songte-cylinder-head-with-all-kinds-excavator-models.webp\" alt=\"Kompatibilita modelov bagrov\" \/><\/p>\n<h2>Aplik\u00e1cie valca v\u00fdlo\u017en\u00edka<\/h2>\n<h3>Stavebn\u00e9 stroje<\/h3>\n<p>V stavebn\u00fdch strojoch sa valec v\u00fdlo\u017en\u00edka nach\u00e1dza v bagroch a hr\u00e1 d\u00f4le\u017eit\u00fa \u00falohu pri kopan\u00ed, nakladan\u00ed a premiest\u0148ovan\u00ed zeminy alebo sutiny. V r\u00fdpadlo-naklada\u010doch valec lopaty nielen pom\u00e1ha pri v\u00fdkopov\u00fdch pr\u00e1cach, ale pom\u00e1ha aj pri zdv\u00edhac\u00edch \u00faloh\u00e1ch, \u010d\u00edm zvy\u0161uje v\u0161estrannos\u0165 a efektivitu stroja na stavenisk\u00e1ch.<\/p>\n<h3>Po\u013enohospod\u00e1rske stroje<\/h3>\n<p>Po\u013enohospod\u00e1rske stroje, najm\u00e4 \u010deln\u00e9 naklada\u010de, vyu\u017e\u00edvaj\u00fa valce v\u00fdlo\u017en\u00edka na naberanie, zdv\u00edhanie a prepravu p\u00f4dy, sena a in\u00fdch materi\u00e1lov. \u00da\u010dinnos\u0165 a pevnos\u0165, ktor\u00fa valec v\u00fdlo\u017en\u00edka poskytuje, umo\u017e\u0148uje efekt\u00edvnu prev\u00e1dzku v po\u013enohospod\u00e1rskom sektore a zabezpe\u010duje produktivitu pri \u00faloh\u00e1ch, ako je nakladanie a obr\u00e1banie p\u00f4dy.<\/p>\n<h3>R\u00fdpadl\u00e1<\/h3>\n<p>V r\u00fdpadl\u00e1ch umo\u017e\u0148uje valec ly\u017eice kopanie t\u00fdm, \u017ee umo\u017e\u0148uje ly\u017eici efekt\u00edvne prenika\u0165 do p\u00f4dy. T\u00e1to funkcia je k\u013e\u00fa\u010dov\u00e1 pre dosiahnutie h\u013abky v stavebn\u00fdch a zemn\u00fdch projektoch, \u010d\u00edm sa zabezpe\u010duje, \u017ee r\u00fdpadl\u00e1 m\u00f4\u017eu efekt\u00edvne vykon\u00e1va\u0165 svoje \u00falohy.<\/p>\n<h3>Naklada\u010de<\/h3>\n<p>V \u010deln\u00fdch naklada\u010doch pom\u00e1haj\u00fa valce v\u00fdlo\u017en\u00edka efekt\u00edvne zdv\u00edha\u0165 a skl\u00e1pa\u0165 bremena. T\u00e1to schopnos\u0165 je k\u013e\u00fa\u010dov\u00e1 pre oper\u00e1cie, ktor\u00e9 vy\u017eaduj\u00fa pohyb \u0165a\u017ek\u00fdch materi\u00e1lov, a zabezpe\u010duje, \u017ee naklada\u010d m\u00f4\u017ee optim\u00e1lne vykon\u00e1va\u0165 r\u00f4zne \u00falohy.<\/p>\n<h2>\u00davahy o dizajne a krit\u00e9ri\u00e1 v\u00fdberu<\/h2>\n<h3>Nosnos\u0165<\/h3>\n<p>Jedn\u00fdm z hlavn\u00fdch faktorov pri n\u00e1vrhu valca v\u00fdlo\u017en\u00edka je jeho nosnos\u0165. Mus\u00ed by\u0165 navrhnut\u00fd tak, aby zvl\u00e1dol maxim\u00e1lnu hmotnos\u0165, ktorej bude vystaven\u00fd po\u010das prev\u00e1dzky. V\u00fdber materi\u00e1lu, geometria kon\u0161trukcie a celkov\u00e1 kon\u0161trukcia zohr\u00e1vaj\u00fa v\u00fdznamn\u00fa \u00falohu pri ur\u010dovan\u00ed nosn\u00fdch charakterist\u00edk. V\u00fdber valca s dostato\u010dnou nosnos\u0165ou zais\u0165uje bezpe\u010dnos\u0165 a dlh\u00fa \u017eivotnos\u0165, \u010d\u00edm sa predch\u00e1dza potenci\u00e1lnym poruch\u00e1m po\u010das n\u00e1ro\u010dn\u00fdch \u00faloh.<\/p>\n<h3>Tesniace mechanizmy<\/h3>\n<p>Tesnenie zohr\u00e1va v hydraulick\u00fdch valcoch k\u013e\u00fa\u010dov\u00fa \u00falohu, preto\u017ee zabra\u0148uje \u00faniku kvapaliny a udr\u017eiava tlak. Vysokokvalitn\u00e9 tesnenia vyroben\u00e9 z odoln\u00fdch materi\u00e1lov, ako je polyuret\u00e1n alebo nitrilov\u00e1 guma, s\u00fa nevyhnutn\u00e9. Kon\u0161trukcia mus\u00ed zabezpe\u010di\u0165 optim\u00e1lne tesnenie po\u010das celej prev\u00e1dzkovej \u017eivotnosti valca, \u010do zni\u017euje frekvenciu \u00fadr\u017eby a zlep\u0161uje celkov\u00fd v\u00fdkon.<\/p>\n<h3>Trvanlivos\u0165<\/h3>\n<p>Pri kon\u0161trukcii hydraulick\u00fdch valcov je prvorad\u00e1 trvanlivos\u0165. Na pred\u013a\u017eenie \u017eivotnosti valca je potrebn\u00e9 zv\u00e1\u017ei\u0165 faktory, ako je odolnos\u0165 proti opotrebovaniu a ochrana proti kor\u00f3zii, najm\u00e4 v n\u00e1ro\u010dn\u00fdch prev\u00e1dzkov\u00fdch podmienkach. \u00dapravy, ako je povrchov\u00e9 kalenie alebo nan\u00e1\u0161anie ochrann\u00fdch n\u00e1terov, m\u00f4\u017eu v\u00fdrazne zv\u00fd\u0161i\u0165 \u017eivotnos\u0165 a spo\u013eahlivos\u0165 valca.<\/p>\n<h3>Bezpe\u010dnostn\u00e9 prvky<\/h3>\n<p>Za\u010dlenenie bezpe\u010dnostn\u00fdch prvkov do kon\u0161trukcie valcov v\u00fdlo\u017en\u00edka je nevyhnutn\u00e9. Patria sem mechanizmy, ktor\u00e9 zabra\u0148uj\u00fa nadmern\u00e9mu natiahnutiu a zabezpe\u010duj\u00fa, aby valec fungoval v r\u00e1mci stanoven\u00fdch limitov. Pravideln\u00e9 bezpe\u010dnostn\u00e9 kontroly a dodr\u017eiavanie bezpe\u010dnostn\u00fdch protokolov s\u00fa nevyhnutn\u00e9 na predch\u00e1dzanie nehod\u00e1m a zaistenie bezpe\u010dnosti obsluhy po\u010das prev\u00e1dzky stroja.<\/p>\n<h3>Udr\u017eiavate\u013enos\u0165<\/h3>\n<p>Jednoduch\u00e1 \u00fadr\u017eba je d\u00f4le\u017eit\u00fdm kon\u0161truk\u010dn\u00fdm krit\u00e9riom. Valec by mal by\u0165 navrhnut\u00fd tak, aby umo\u017e\u0148oval \u013eahk\u00fd pr\u00edstup ku komponentom, ktor\u00e9 vy\u017eaduj\u00fa pravideln\u00e9 kontroly alebo v\u00fdmeny. Modul\u00e1rne kon\u0161trukcie m\u00f4\u017eu u\u013eah\u010di\u0165 opravy a v\u00fdmeny, minimalizova\u0165 prestoje a zabezpe\u010di\u0165, aby stroj zostal prev\u00e1dzkyschopn\u00fd.<\/p>\n<p><img decoding=\"async\" src=\"https:\/\/www.hydraulic-cylinders.net\/wp-content\/uploads\/2025\/04\/songte-oil-pipes-and-spare-parts.webp\" alt=\"Hydraulick\u00e9 n\u00e1hradn\u00e9 diely\" \/><\/p>\n<h2>Tesnenie a mazanie<\/h2>\n<p>\u00da\u010dinnos\u0165 hydraulick\u00e9ho valca do zna\u010dnej miery z\u00e1vis\u00ed od jeho tesniacich a mazac\u00edch syst\u00e9mov. Na udr\u017eanie hydraulickej integrity sa pou\u017e\u00edvaj\u00fa r\u00f4zne typy tesnen\u00ed, ako s\u00fa piestne tesnenia a ty\u010dov\u00e9 tesnenia. Tesnenia vyroben\u00e9 z materi\u00e1lov odoln\u00fdch vo\u010di oderu, ako je polyuret\u00e1n alebo nitrilov\u00fd kau\u010duk, sa uprednost\u0148uj\u00fa, preto\u017ee odol\u00e1vaj\u00fa opotrebovaniu. Teleso valca a z\u00e1vitov\u00e9 \u010deln\u00e9 plochy s\u00fa \u010dasto jemne opracovan\u00e9, aby sa zv\u00fd\u0161ila odolnos\u0165. Pravideln\u00e9 mazanie hydraulick\u00fdm olejom je nevyhnutn\u00e9 na zabezpe\u010denie hladk\u00e9ho chodu a zabr\u00e1nenie opotrebovaniu, \u010d\u00edm sa udr\u017eiava prev\u00e1dzkov\u00e1 \u00fa\u010dinnos\u0165 valca.<\/p>\n<h2>Opatrenia prevent\u00edvnej \u00fadr\u017eby<\/h2>\n<ul>\n<li>\n<h3>Pravideln\u00e9 kontroly<\/h3>\n<p>Stanovenie harmonogramu pravideln\u00fdch kontrol je k\u013e\u00fa\u010dov\u00e9. Kontrola zn\u00e1mok opotrebovania, netesnost\u00ed alebo po\u0161kodenia zabezpe\u010d\u00ed v\u010dasn\u00fa identifik\u00e1ciu potenci\u00e1lnych probl\u00e9mov. Kontroly by mali zah\u0155\u0148a\u0165 vyhodnotenie stavu tesnen\u00ed, ty\u010d\u00ed a telies valcov, \u010do umo\u017en\u00ed v\u010dasn\u00e9 opravy alebo v\u00fdmeny.<\/p>\n<\/li>\n<li>\n<h3>Spr\u00e1vne mazanie<\/h3>\n<p>Zabezpe\u010denie dostato\u010dn\u00e9ho mazania je nevyhnutn\u00e9 pre dlh\u00fa \u017eivotnos\u0165 valca ramena. Pou\u017e\u00edvanie vhodn\u00e9ho typu a mno\u017estva hydraulick\u00e9ho oleja zni\u017euje trenie a opotrebovanie pohybliv\u00fdch \u010dast\u00ed. Zave\u010fte postup kontroly hladiny oleja a jeho dop\u013a\u0148ania pod\u013ea potreby, aby ste predi\u0161li chodu nasucho.<\/p>\n<\/li>\n<li>\n<h3>V\u00fdmena tesnenia<\/h3>\n<p>Pravideln\u00e9 hodnotenie stavu tesnen\u00ed je d\u00f4le\u017eit\u00e9 pre udr\u017eanie hydraulick\u00e9ho tlaku. Pri zisten\u00ed opotrebenia je potrebn\u00e1 v\u010dasn\u00e1 v\u00fdmena, aby sa predi\u0161lo \u00fanikom. Dodr\u017eiavanie pokynov v\u00fdrobcu pre v\u00fdmenu tesnen\u00ed zabezpe\u010duje optim\u00e1lny v\u00fdkon a dlh\u00fa \u017eivotnos\u0165.<\/p>\n<\/li>\n<\/ul>\n<h2>Pokyny na in\u0161tal\u00e1ciu<\/h2>\n<p>Spr\u00e1vna in\u0161tal\u00e1cia valca ramena je nevyhnutn\u00e1 pre jeho v\u00fdkon. Za\u010dnite t\u00fdm, \u017ee sa uist\u00edte, \u017ee v\u0161etky komponenty s\u00fa \u010dist\u00e9 a bez ne\u010dist\u00f4t. Valec spr\u00e1vne zarovnajte, aby ste predi\u0161li zbyto\u010dn\u00e9mu nam\u00e1haniu, v pr\u00edpade potreby pou\u017eite nastavovacie n\u00e1stroje. Na upevnenie valca na mieste sa odpor\u00fa\u010da pou\u017ei\u0165 vhodn\u00e9 mont\u00e1\u017ene konzoly. Pre bezpe\u010dn\u00e9 upevnenie dodr\u017eiavajte \u0161pecifik\u00e1cie v\u00fdrobcu t\u00fdkaj\u00face sa nastavenia kr\u00fatiaceho momentu na skrutk\u00e1ch. Po in\u0161tal\u00e1cii skontrolujte spr\u00e1vnu funkciu tak, \u017ee valec cyklicky prejde cel\u00fdm rozsahom pohybu a zabezpe\u010d\u00edte plynul\u00fd chod bez nezvy\u010dajn\u00e9ho hluku alebo odporu. Pravidelne si pre\u010d\u00edtajte in\u0161tala\u010dn\u00e9 n\u00e1vody a pokyny pre konkr\u00e9tne modely, aby ste zabezpe\u010dili s\u00falad s bezpe\u010dnostn\u00fdmi protokolmi.<\/p>\n<h2>\u00dalohy \u00fadr\u017eby<\/h2>\n<h3>Pravideln\u00e9 kontroly<\/h3>\n<p>Pravideln\u00e9 kontroly stavu valca ramena s\u00fa nevyhnutn\u00e9. H\u013eadajte ak\u00e9ko\u013evek zn\u00e1mky \u00faniku hydraulickej kvapaliny alebo fyzick\u00e9ho po\u0161kodenia. Pravideln\u00e9 kontroly \u00fadr\u017eby m\u00f4\u017eu pom\u00f4c\u0165 identifikova\u0165 potenci\u00e1lne probl\u00e9my sk\u00f4r, ako sa preh\u013abia do n\u00e1kladn\u00fdch opr\u00e1v alebo prev\u00e1dzkov\u00fdch prestojov.<\/p>\n<h3>Vhodn\u00e9 mazanie<\/h3>\n<p>Spr\u00e1vne mazanie je nevyhnutn\u00e9 na zabr\u00e1nenie opotrebovaniu a udr\u017eanie integrity hydraulick\u00e9ho syst\u00e9mu. Pravidelne kontrolujte hladiny maziva a uistite sa, \u017ee pou\u017e\u00edvate spr\u00e1vny typ hydraulick\u00e9ho oleja. Dodr\u017eiavanie odpor\u00fa\u010dan\u00ed v\u00fdrobcu t\u00fdkaj\u00facich sa mazac\u00edch pl\u00e1nov pom\u00f4\u017ee pred\u013a\u017ei\u0165 \u017eivotnos\u0165 hydraulick\u00e9ho valca.<\/p>\n<h3>V\u00fdmena tesnenia a kontroly kalibr\u00e1cie<\/h3>\n<p>Zabezpe\u010dte pravideln\u00fa kontrolu tesnen\u00ed a ich v\u00fdmenu pod\u013ea potreby, aby sa zachovala optim\u00e1lna funkcia. Kalibra\u010dn\u00e9 kontroly by mali by\u0165 s\u00fa\u010das\u0165ou be\u017enej \u00fadr\u017eby; zabezpe\u010duj\u00fa, \u017ee valec pracuje v r\u00e1mci stanoven\u00fdch parametrov, \u010d\u00edm sa zvy\u0161uje bezpe\u010dnos\u0165 a v\u00fdkon. Implement\u00e1cia systematick\u00e9ho pr\u00edstupu ku kalibr\u00e1cii pom\u00f4\u017ee udr\u017ea\u0165 vysok\u00e9 prev\u00e1dzkov\u00e9 \u0161tandardy.<\/p>\n<p><img decoding=\"async\" src=\"https:\/\/www.hydraulic-cylinders.net\/wp-content\/uploads\/2025\/04\/songte-chushion-collar.webp\" alt=\"In\u0161tal\u00e1cia hydraulick\u00e9ho valca\" \/><\/p>\n<h2>Bezpe\u010dnostn\u00e9 aspekty a faktory prostredia<\/h2>\n<p>Bezpe\u010dnostn\u00e9 opatrenia s\u00fa pri pr\u00e1ci s hydraulick\u00fdmi valcami k\u013e\u00fa\u010dov\u00e9. Obsluha mus\u00ed by\u0165 vy\u0161kolen\u00e1, aby rozumela rizik\u00e1m spojen\u00fdm s tlakov\u00fdmi syst\u00e9mami. Nosenie vhodn\u00fdch osobn\u00fdch ochrann\u00fdch prostriedkov (OOP) je nevyhnutn\u00e9 na minimaliz\u00e1ciu rizika zranenia. Okrem toho by sa mali bra\u0165 do \u00favahy environment\u00e1lne aspekty, aby sa zabr\u00e1nilo \u00faniku hydraulickej kvapaliny, ktor\u00e1 by mohla potenci\u00e1lne po\u0161kodi\u0165 ekosyst\u00e9m. Zavedenie opatren\u00ed na zabr\u00e1nenie \u00faniku a pou\u017e\u00edvanie biologicky odb\u00farate\u013en\u00fdch hydraulick\u00fdch kvapal\u00edn, pokia\u013e je to mo\u017en\u00e9, m\u00f4\u017ee prispie\u0165 k environment\u00e1lnej udr\u017eate\u013enosti.<\/p>\n<h2>Diagnostika por\u00fach a be\u017en\u00e9 probl\u00e9my<\/h2>\n<ul>\n<li>\n<h3>\u00danik<\/h3>\n<p>\u00daniky hydraulick\u00e9ho syst\u00e9mu s\u00fa be\u017en\u00fdm probl\u00e9mom, ktor\u00fd m\u00f4\u017ee vznikn\u00fa\u0165 v d\u00f4sledku opotrebovan\u00fdch tesnen\u00ed alebo armat\u00far. Pravideln\u00e9 kontroly m\u00f4\u017eu pom\u00f4c\u0165 v\u010das identifikova\u0165 \u00faniky a zn\u00ed\u017ei\u0165 riziko prev\u00e1dzkov\u00fdch por\u00fach.<\/p>\n<\/li>\n<li>\n<h3>Zn\u00ed\u017een\u00fd v\u00fdkon<\/h3>\n<p>Ak valec vykazuje zn\u00ed\u017een\u00fd v\u00fdkon, m\u00f4\u017ee to nazna\u010dova\u0165 n\u00edzku hladinu hydraulickej kvapaliny, vzduch v syst\u00e9me alebo vn\u00fatorn\u00e9 opotrebenie. V\u010dasn\u00e9 rie\u0161enie t\u00fdchto faktorov m\u00f4\u017ee obnovi\u0165 funk\u010dnos\u0165.<\/p>\n<\/li>\n<li>\n<h3>Nezvy\u010dajn\u00e9 zvuky<\/h3>\n<p>Nezvy\u010dajn\u00e9 zvuky po\u010das prev\u00e1dzky m\u00f4\u017eu signalizova\u0165 mechanick\u00e9 probl\u00e9my vo valci. Pravideln\u00e1 \u00fadr\u017eba a kontroly m\u00f4\u017eu pom\u00f4c\u0165 diagnostikova\u0165 a odstr\u00e1ni\u0165 potenci\u00e1lne probl\u00e9my sk\u00f4r, ako sa zhor\u0161ia.<\/p>\n<\/li>\n<\/ul>\n<h2>Tipy na rie\u0161enie probl\u00e9mov<\/h2>\n<p>Pre efekt\u00edvnu diagnostiku a rie\u0161enie probl\u00e9mov s valcom ramena za\u010dnite vizu\u00e1lnou kontrolou netesnost\u00ed alebo zn\u00e1mok opotrebovania. Skontrolujte hladiny hydraulickej kvapaliny a v pr\u00edpade potreby ju dopl\u0148te. Ak probl\u00e9my s v\u00fdkonom pretrv\u00e1vaj\u00fa, pozrite si pr\u00edru\u010dky v\u00fdrobcu o rie\u0161en\u00ed probl\u00e9mov, kde n\u00e1jdete konkr\u00e9tne rie\u0161enia. Zave\u010fte prevent\u00edvne opatrenia, ako s\u00fa pravideln\u00e9 kontroly \u00fadr\u017eby, aby ste minimalizovali prev\u00e1dzkov\u00e9 probl\u00e9my, a t\u00fdm zn\u00ed\u017eili pravdepodobnos\u0165 z\u00e1va\u017en\u00fdch por\u00fach v bud\u00facnosti.<\/p>\n<p><img decoding=\"async\" src=\"https:\/\/www.hydraulic-cylinders.net\/wp-content\/uploads\/2025\/04\/songte-bushings-with-all-kinds-of-excavator-models.webp\" alt=\"Komponenty hydraulick\u00e9ho valca\" \/><\/p>\n<h2>O na\u0161ej spolo\u010dnosti<\/h2>\n<p>Sme v\u00fdrobcom n\u00e1hradn\u00fdch hydraulick\u00fdch valcov a pon\u00fakame komplexn\u00fd sortiment produktov. N\u00e1\u0161 z\u00e1v\u00e4zok k excelentnosti n\u00e1s etabloval ako popredn\u00e9ho v\u00fdrobcu a ve\u013ekoobchodn\u00e9ho distrib\u00fatora na dom\u00e1com aj medzin\u00e1rodnom trhu. Dodr\u017eiavame vysok\u00e9 \u0161tandardy kvality, vyu\u017e\u00edvame presn\u00e9 v\u00fdrobn\u00e9 strat\u00e9gie a najmodernej\u0161ie digit\u00e1lne zariadenia. N\u00e1\u0161 t\u00edm technick\u00fdch expertov a na\u0161e \u0161pecializovan\u00e9 testovacie syst\u00e9my neust\u00e1le zlep\u0161uj\u00fa na\u0161e v\u00fdrobn\u00e9 kapacity, \u010d\u00edm zabezpe\u010dujeme efekt\u00edvne a \u00fa\u010dinn\u00e9 uspokojovanie r\u00f4znorod\u00fdch po\u017eiadaviek z\u00e1kazn\u00edkov.<\/p>\n<p>Na\u0161a \u0161pecializ\u00e1cia sa roz\u0161iruje aj na z\u00e1kazkov\u00e9 slu\u017eby prisp\u00f4soben\u00e9 \u0161pecifick\u00fdm prev\u00e1dzkov\u00fdm potreb\u00e1m. Vlastn\u00edme medzin\u00e1rodn\u00e9 certifik\u00e1ty, ktor\u00e9 potvrdzuj\u00fa n\u00e1\u0161 s\u00falad s glob\u00e1lnymi \u0161tandardmi, \u010do pod\u010diarkuje n\u00e1\u0161 z\u00e1v\u00e4zok dod\u00e1va\u0165 vysokokvalitn\u00e9 produkty. Na\u0161e modern\u00e9 v\u00fdrobn\u00e9 zariadenia n\u00e1m umo\u017e\u0148uj\u00fa udr\u017eiava\u0165 presnos\u0165 vo v\u00fdrobe, zatia\u013e \u010do n\u00e1\u0161 \u0161pecializovan\u00fd popredajn\u00fd servis zais\u0165uje spokojnos\u0165 a podporu z\u00e1kazn\u00edkov dlho po zak\u00fapen\u00ed.<\/p>\n<p><img decoding=\"async\" src=\"https:\/\/www.hydraulic-cylinders.net\/wp-content\/uploads\/2025\/04\/songte-company-4.webp\" alt=\"Na\u0161e v\u00fdrobn\u00e9 zariadenie\" \/><br \/>\n<img decoding=\"async\" src=\"https:\/\/www.hydraulic-cylinders.net\/wp-content\/uploads\/2025\/04\/songte-company-3.webp\" alt=\"V\u00fdroba hydraulick\u00fdch valcov\" \/><\/p>\n<p>Autor: lyl<\/p>","protected":false},"excerpt":{"rendered":"<p>Boom Cylinder For Kobelco Middle Excavator SK270D-8 Product Overview The Boom Cylinder for Kobelco Middle Excavator SK270D-8 is an essential hydraulic component designed to optimize the functionality of excavators. It plays a critical role in controlling the movement of the bucket, allowing for precise elevation, lowering, and tilting. This hydraulic cylinder is engineered specifically for [&hellip;]<\/p>","protected":false},"featured_media":17881,"comment_status":"open","ping_status":"closed","template":"","meta":{"_et_pb_use_builder":"","_et_pb_old_content":"","_et_gb_content_width":""},"product_brand":[],"product_cat":[1546],"product_tag":[1547,1496],"class_list":{"0":"post-19075","1":"product","2":"type-product","3":"status-publish","4":"has-post-thumbnail","6":"product_cat-boom-cylinders","7":"product_tag-boom-cylinders","8":"product_tag-hydraulic-cylinders","10":"first","11":"instock","12":"shipping-taxable","13":"product-type-simple"},"amp_enabled":true,"_links":{"self":[{"href":"https:\/\/www.hydraulic-cylinders.net\/sk\/wp-json\/wp\/v2\/product\/19075","targetHints":{"allow":["GET"]}}],"collection":[{"href":"https:\/\/www.hydraulic-cylinders.net\/sk\/wp-json\/wp\/v2\/product"}],"about":[{"href":"https:\/\/www.hydraulic-cylinders.net\/sk\/wp-json\/wp\/v2\/types\/product"}],"replies":[{"embeddable":true,"href":"https:\/\/www.hydraulic-cylinders.net\/sk\/wp-json\/wp\/v2\/comments?post=19075"}],"wp:featuredmedia":[{"embeddable":true,"href":"https:\/\/www.hydraulic-cylinders.net\/sk\/wp-json\/wp\/v2\/media\/17881"}],"wp:attachment":[{"href":"https:\/\/www.hydraulic-cylinders.net\/sk\/wp-json\/wp\/v2\/media?parent=19075"}],"wp:term":[{"taxonomy":"product_brand","embeddable":true,"href":"https:\/\/www.hydraulic-cylinders.net\/sk\/wp-json\/wp\/v2\/product_brand?post=19075"},{"taxonomy":"product_cat","embeddable":true,"href":"https:\/\/www.hydraulic-cylinders.net\/sk\/wp-json\/wp\/v2\/product_cat?post=19075"},{"taxonomy":"product_tag","embeddable":true,"href":"https:\/\/www.hydraulic-cylinders.net\/sk\/wp-json\/wp\/v2\/product_tag?post=19075"}],"curies":[{"name":"pracovn\u00fd list","href":"https:\/\/api.w.org\/{rel}","templated":true}]}}