{"id":19079,"date":"2025-04-07T06:11:52","date_gmt":"2025-04-07T06:11:52","guid":{"rendered":"https:\/\/www.hydraulic-cylinders.net\/product\/boom-cylinder-for-kobelco-middle-excavator-sk260lc-8\/"},"modified":"2025-04-07T06:11:55","modified_gmt":"2025-04-07T06:11:55","slug":"boom-cylinder-for-kobelco-middle-excavator-sk260lc-8","status":"publish","type":"product","link":"https:\/\/www.hydraulic-cylinders.net\/sk\/produkt\/boom-cylinder-for-kobelco-middle-excavator-sk260lc-8\/","title":{"rendered":"Valec v\u00fdlo\u017en\u00edka pre stredn\u00fd bager Kobelco SK260LC-8"},"content":{"rendered":"<h1>Valec v\u00fdlo\u017en\u00edka pre stredn\u00fd bager Kobelco SK260LC-8<\/h1>\n<h2>Preh\u013ead produktu<\/h2>\n<p>Hydraulick\u00fd valec v\u00fdlo\u017en\u00edka je k\u013e\u00fa\u010dovou s\u00fa\u010das\u0165ou \u0165a\u017ek\u00fdch strojov, najm\u00e4 v r\u00fdpadl\u00e1ch, ako je Kobelco SK260LC-8. Tento hydraulick\u00fd valec je \u0161peci\u00e1lne navrhnut\u00fd na ovl\u00e1danie pohybu ly\u017eice pri r\u00f4znych stavebn\u00fdch a zemn\u00fdch pr\u00e1cach. Umo\u017e\u0148uje ly\u017eici zdv\u00edha\u0165, sp\u00fa\u0161\u0165a\u0165 a nakl\u00e1\u0148a\u0165, \u010d\u00edm sa manipul\u00e1cia s materi\u00e1lom zefekt\u00edv\u0148uje. Valec ly\u017eice hr\u00e1 k\u013e\u00fa\u010dov\u00fa \u00falohu v hydraulickom syst\u00e9me, preto\u017ee vyu\u017e\u00edva silu hydraulickej kvapaliny na vytv\u00e1ranie pohybu a sily, \u010d\u00edm umo\u017e\u0148uje bezprobl\u00e9mov\u00fa prev\u00e1dzku \u0165a\u017ek\u00fdch zariaden\u00ed.<\/p>\n<p><img decoding=\"async\" src=\"https:\/\/www.hydraulic-cylinders.net\/wp-content\/uploads\/2025\/04\/songte-company-1.webp\" alt=\"Valec v\u00fdlo\u017en\u00edka pre bager\" \/><\/p>\n<h2>K\u013e\u00fa\u010dov\u00e9 vlastnosti<\/h2>\n<ul>\n<li><strong>Vysok\u00e1 pevnos\u0165 a odolnos\u0165:<\/strong> Valec v\u00fdlo\u017en\u00edka je vyroben\u00fd z vysokopevnostnej ocele alebo hlin\u00edka a odol\u00e1 vysok\u00e9mu tlaku a \u0165a\u017ek\u00fdm za\u0165a\u017eeniam, v\u010faka \u010domu je vhodn\u00fd do n\u00e1ro\u010dn\u00fdch pracovn\u00fdch podmienok. Jeho kon\u0161trukcia zoh\u013ead\u0148uje odolnos\u0165 proti opotrebovaniu a kor\u00f3zii, \u010d\u00edm sa predl\u017euje jeho \u017eivotnos\u0165.<\/li>\n<li><strong>Efekt\u00edvna hydraulick\u00e1 prev\u00e1dzka:<\/strong> Vyu\u017e\u00edva hydraulick\u00fd tlak oleja na dosiahnutie plynul\u00e9ho vys\u00favania a zas\u00favania, \u010do umo\u017e\u0148uje r\u00fdchlu reakciu na ovl\u00e1dacie povely a poskytuje siln\u00e9 tla\u010dn\u00e9 a \u0165ahov\u00e9 sily, ide\u00e1lne pre \u0165a\u017ek\u00e9 a zlo\u017eit\u00e9 \u00falohy.<\/li>\n<li><strong>R\u00f4zne typy:<\/strong> K dispoz\u00edcii s\u00fa v jedno\u010dinnom (hydraulick\u00fd pohon pou\u017e\u00edvan\u00fd v jednom smere) alebo dvoj\u010dinnom (hydraulick\u00fd pohon pou\u017e\u00edvan\u00fd v oboch smeroch) pre splnenie r\u00f4znych prev\u00e1dzkov\u00fdch potrieb. Niektor\u00e9 modely s\u00fa teleskopick\u00e9, \u010do umo\u017e\u0148uje v\u00e4\u010d\u0161ie vysunutie bez zv\u00e4\u010d\u0161enia vonkaj\u0161\u00edch rozmerov, vhodn\u00e9 pre aplik\u00e1cie s obmedzen\u00fdm priestorom.<\/li>\n<li><strong>Z\u00e1kazkov\u00e1 v\u00fdroba:<\/strong> Na\u0161e produkty dok\u00e1\u017eu dokonale nahradi\u0165 r\u00f4zne hydraulick\u00e9 valce, \u010d\u00edm zabezpe\u010duj\u00fa kompatibilitu a v\u00fdkon.<\/li>\n<\/ul>\n<p><img decoding=\"async\" src=\"https:\/\/www.hydraulic-cylinders.net\/wp-content\/uploads\/2025\/04\/songte-cylinder-head-with-all-kinds-excavator-models.webp\" alt=\"Z\u00e1kazkov\u00e9 hydraulick\u00e9 valce\" \/><\/p>\n<h2>Aplik\u00e1cie<\/h2>\n<h3>Stavebn\u00e9 stroje<\/h3>\n<p>V r\u00fdpadl\u00e1ch je valec v\u00fdlo\u017en\u00edka nevyhnutn\u00fd na kopanie, nakladanie a premiest\u0148ovanie zeminy alebo sutiny. Umo\u017e\u0148uje obsluhe vykon\u00e1va\u0165 presn\u00e9 v\u00fdkopov\u00e9 oper\u00e1cie ovl\u00e1dan\u00edm uhla a h\u013abky ly\u017eice. Schopnos\u0165 valca v\u00fdlo\u017en\u00edka zdv\u00edha\u0165 \u0165a\u017ek\u00e9 bremen\u00e1 zabezpe\u010duje efekt\u00edvnu prev\u00e1dzku stavenisk\u00e1, minimalizuje prestoje a maximalizuje produktivitu.<\/p>\n<h3>Po\u013enohospod\u00e1rske stroje<\/h3>\n<p>Hydraulick\u00e9 valce v\u00fdlo\u017en\u00edka, ktor\u00e9 sa pou\u017e\u00edvaj\u00fa v \u010deln\u00fdch naklada\u010doch, s\u00fa k\u013e\u00fa\u010dov\u00e9 pre naberanie, zdv\u00edhanie a prepravu p\u00f4dy, sena a in\u00fdch materi\u00e1lov. Hydraulick\u00fd v\u00fdkon, ktor\u00fd tieto valce poskytuj\u00fa, umo\u017e\u0148uje po\u013enohospod\u00e1rom r\u00fdchlo a efekt\u00edvne zvl\u00e1da\u0165 ve\u013ek\u00e9 mno\u017estv\u00e1 materi\u00e1lu, \u010d\u00edm sa zlep\u0161uje celkov\u00e1 po\u013enohospod\u00e1rska produktivita.<\/p>\n<h3>R\u00fdpadl\u00e1<\/h3>\n<p>Valec v\u00fdlo\u017en\u00edka umo\u017e\u0148uje r\u00fdpadl\u00e1m efekt\u00edvne prenika\u0165 do p\u00f4dy, \u010do u\u013eah\u010duje kopanie. Jeho robustn\u00e1 kon\u0161trukcia zais\u0165uje spo\u013eahlivos\u0165 po\u010das rozsiahleho pou\u017e\u00edvania v r\u00f4znych p\u00f4dnych podmienkach, \u010d\u00edm sa zvy\u0161uje celkov\u00fd v\u00fdkon r\u00fdpadla a zni\u017euj\u00fa n\u00e1klady na \u00fadr\u017ebu.<\/p>\n<h3>Naklada\u010de<\/h3>\n<p>V \u010deln\u00fdch naklada\u010doch pom\u00e1haj\u00fa valce v\u00fdlo\u017en\u00edka efekt\u00edvne zdv\u00edha\u0165 a vyklada\u0165 bremen\u00e1. Hydraulick\u00fd syst\u00e9m poskytuje potrebn\u00fa silu na manipul\u00e1ciu s ve\u013ek\u00fdmi hmotnos\u0165ami, \u010d\u00edm sa zabezpe\u010d\u00ed hladk\u00e1 a presn\u00e1 preprava materi\u00e1lov na po\u017eadovan\u00e9 miesto.<\/p>\n<h2>\u00davahy o dizajne<\/h2>\n<h3>Nosnos\u0165<\/h3>\n<p>Nosnos\u0165 valca v\u00fdlo\u017en\u00edka sa mus\u00ed starostlivo vyhodnoti\u0165, aby sa zabezpe\u010dilo, \u017ee sp\u013a\u0148a po\u017eiadavky stroja, v ktorom sa pou\u017e\u00edva. V\u00fdber materi\u00e1lu a kon\u0161truk\u010dn\u00e9 parametre zohr\u00e1vaj\u00fa v\u00fdznamn\u00fa \u00falohu pri ur\u010dovan\u00ed pevnosti a stability valca pri za\u0165a\u017een\u00ed. Valec s nedostato\u010dnou nosnos\u0165ou riskuje poruchu, \u010do m\u00f4\u017ee vies\u0165 k n\u00e1kladn\u00fdm prestojom a bezpe\u010dnostn\u00fdm rizik\u00e1m.<\/p>\n<h3>Tesniaci v\u00fdkon<\/h3>\n<p>\u00da\u010dinn\u00e9 tesnenie je nevyhnutn\u00e9 na udr\u017eanie hydraulick\u00e9ho tlaku a zabr\u00e1nenie \u00faniku kvapaliny. Musia sa pou\u017ei\u0165 vysokokvalitn\u00e9 tesniace materi\u00e1ly, aby odolali tlakom, s ktor\u00fdmi sa hydraulick\u00e9 syst\u00e9my be\u017ene stret\u00e1vaj\u00fa. Pravideln\u00e1 kontrola tesnen\u00ed je k\u013e\u00fa\u010dov\u00e1 pre udr\u017eanie integrity a v\u00fdkonu syst\u00e9mu, preto\u017ee opotrebovan\u00e9 alebo po\u0161koden\u00e9 tesnenia m\u00f4\u017eu vies\u0165 k v\u00fdraznej prev\u00e1dzkovej neefekt\u00edvnosti.<\/p>\n<h3>Trvanlivos\u0165<\/h3>\n<p>Trvanlivos\u0165 je k\u013e\u00fa\u010dov\u00fdm faktorom pri kon\u0161trukcii valcov v\u00fdlo\u017en\u00edka. Schopnos\u0165 odol\u00e1va\u0165 opotrebovaniu z neust\u00e1leho pou\u017e\u00edvania v n\u00e1ro\u010dn\u00fdch prostrediach je nevyhnutn\u00e1 pre dlhodob\u00fa spo\u013eahlivos\u0165. To zah\u0155\u0148a v\u00fdber materi\u00e1lov, ktor\u00e9 odol\u00e1vaj\u00fa oderu a environment\u00e1lnym faktorom, ako aj pou\u017eitie ochrann\u00fdch n\u00e1terov, ktor\u00e9 zabra\u0148uj\u00fa kor\u00f3zii.<\/p>\n<h3>Bezpe\u010dnostn\u00e9 prvky<\/h3>\n<p>Za\u010dlenenie bezpe\u010dnostn\u00fdch prvkov do kon\u0161trukcie hydraulick\u00fdch valcov v\u00fdlo\u017en\u00edka je nevyhnutn\u00e9 na predch\u00e1dzanie nehod\u00e1m. Patria sem prvky, ako s\u00fa pretlakov\u00e9 ventily, ktor\u00e9 zabra\u0148uj\u00fa pretlaku a zabezpe\u010duj\u00fa, aby valec mohol bezpe\u010dne unies\u0165 za\u0165a\u017eenie po\u010das neo\u010dak\u00e1van\u00fdch por\u00fach. Bezpe\u010dnos\u0165 by mala by\u0165 v\u017edy najvy\u0161\u0161ou prioritou pri kon\u0161trukcii hydraulick\u00e9ho syst\u00e9mu.<\/p>\n<h3>Pr\u00edstupnos\u0165 \u00fadr\u017eby<\/h3>\n<p>Navrhnutie valcov v\u00fdlo\u017en\u00edka pre jednoduch\u00fa \u00fadr\u017ebu zabezpe\u010duje, \u017ee pravideln\u00e9 kontroly sa daj\u00fa vykon\u00e1va\u0165 bez probl\u00e9mov. Funkcie, ako s\u00fa \u013eahko dostupn\u00e9 maznice a \u0161tandardizovan\u00e9 komponenty, m\u00f4\u017eu v\u00fdrazne skr\u00e1ti\u0165 \u010das a n\u00e1klady na \u00fadr\u017ebu, \u010d\u00edm sa zlep\u0161\u00ed celkov\u00e1 \u017eivotnos\u0165 hydraulick\u00e9ho syst\u00e9mu.<\/p>\n<p><img decoding=\"async\" src=\"https:\/\/www.hydraulic-cylinders.net\/wp-content\/uploads\/2025\/04\/songte-oil-pipes-and-spare-parts.webp\" alt=\"Komponenty hydraulick\u00e9ho valca\" \/><\/p>\n<h2>Tesnenie a mazanie<\/h2>\n<p>\u00da\u010dinn\u00e9 tesnenie a mazanie s\u00fa k\u013e\u00fa\u010dov\u00e9 pre prev\u00e1dzkov\u00fa \u00fa\u010dinnos\u0165 valcov v\u00fdlo\u017en\u00edka. R\u00f4zne tesnenia, ako s\u00fa piestne tesnenia a tesnenia ty\u010d\u00ed, sa zvy\u010dajne vyr\u00e1baj\u00fa z odoln\u00fdch materi\u00e1lov, ako je polyuret\u00e1n a nitrilov\u00fd kau\u010duk. Tieto materi\u00e1ly sa vyberaj\u00fa pre svoju odolnos\u0165 vo\u010di opotrebovaniu a schopnos\u0165 udr\u017eiava\u0165 hydraulick\u00fd tlak. Teleso valca a z\u00e1vitov\u00e9 konce prech\u00e1dzaj\u00fa jemn\u00fdm spracovan\u00edm, aby sa zv\u00fd\u0161ila odolnos\u0165 vo\u010di opotrebovaniu. Pravideln\u00e9 mazanie hydraulick\u00fdm olejom je nevyhnutn\u00e9 na zn\u00ed\u017eenie trenia a zabr\u00e1nenie po\u0161kodeniu vn\u00fatorn\u00fdch komponentov. Na udr\u017eanie optim\u00e1lneho v\u00fdkonu a dlhej \u017eivotnosti by sa mali stanovi\u0165 spr\u00e1vne intervaly a postupy mazania.<\/p>\n<h2>Pravideln\u00e1 kontrola a prevent\u00edvna \u00fadr\u017eba<\/h2>\n<ul>\n<li><strong>Rutinn\u00e1 kontrola:<\/strong> Pravidelne kontrolujte valce ramena, \u010di nejavia zn\u00e1mky opotrebovania, netesnost\u00ed alebo po\u0161kodenia. V\u010dasn\u00e9 odhalenie probl\u00e9mov m\u00f4\u017ee zabr\u00e1ni\u0165 v\u00e1\u017enym poruch\u00e1m a n\u00e1kladn\u00fdm oprav\u00e1m.<\/li>\n<li><strong>Vhodn\u00e9 mazanie:<\/strong> Dbajte na pravideln\u00fa v\u00fdmenu alebo dop\u013a\u0148anie hydraulick\u00e9ho oleja. Spr\u00e1vne mazanie minimalizuje trenie a opotrebovanie pohybliv\u00fdch \u010dast\u00ed, \u010d\u00edm predl\u017euje \u017eivotnos\u0165 valca.<\/li>\n<li><strong>V\u00fdmena tesnenia:<\/strong> Sledujte tesnenia, \u010di nevykazuj\u00fa zn\u00e1mky opotrebenia, a v pr\u00edpade potreby ich vyme\u0148te, aby ste zabezpe\u010dili integritu hydraulick\u00e9ho syst\u00e9mu.<\/li>\n<\/ul>\n<h2>Pokyny na in\u0161tal\u00e1ciu<\/h2>\n<p>Spr\u00e1vna in\u0161tal\u00e1cia valca ramena je k\u013e\u00fa\u010dov\u00e1 pre jeho v\u00fdkon a bezpe\u010dnos\u0165. Pre zabezpe\u010denie spr\u00e1vnej in\u0161tal\u00e1cie dodr\u017eiavajte tieto pokyny:<\/p>\n<ul>\n<li><strong>Zarovnanie:<\/strong> Uistite sa, \u017ee valec je spr\u00e1vne zarovnan\u00fd s mont\u00e1\u017enymi bodmi na stroji. Nespr\u00e1vne zarovnanie m\u00f4\u017ee vies\u0165 k pred\u010dasn\u00e9mu opotrebeniu a potenci\u00e1lnej poruche.<\/li>\n<li><strong>Pou\u017eite vhodn\u00e9 mont\u00e1\u017ene konzoly:<\/strong> Valec zaistite spr\u00e1vnymi konzolami, aby ste predi\u0161li ak\u00e9muko\u013evek pohybu po\u010das prev\u00e1dzky, ktor\u00fd by mohol sp\u00f4sobi\u0165 nam\u00e1hanie a po\u0161kodenie.<\/li>\n<li><strong>Testovanie:<\/strong> Po in\u0161tal\u00e1cii otestujte syst\u00e9m pod za\u0165a\u017een\u00edm, aby ste sa uistili, \u017ee valec funguje spr\u00e1vne a bezpe\u010dne.<\/li>\n<\/ul>\n<h2>Be\u017en\u00e9 \u00falohy \u00fadr\u017eby<\/h2>\n<ul>\n<li><strong>Pravideln\u00e9 kontroly:<\/strong> Napl\u00e1nujte si pravideln\u00e9 kontroly, aby ste v\u010das odhalili potenci\u00e1lne probl\u00e9my. T\u00fdm sa m\u00f4\u017ee pred\u00eds\u0165 neo\u010dak\u00e1van\u00fdm poruch\u00e1m a n\u00e1kladn\u00fdm prestojom.<\/li>\n<li><strong>Spr\u00e1vne mazanie:<\/strong> Pre zabezpe\u010denie hladk\u00e9ho chodu udr\u017eiavajte spr\u00e1vnu hladinu mazania. Nedostato\u010dn\u00e9 mazanie m\u00f4\u017ee vies\u0165 k zv\u00fd\u0161en\u00e9mu treniu a opotrebovaniu.<\/li>\n<li><strong>V\u00fdmena a kalibr\u00e1cia tesnenia:<\/strong> Monitorujte tesnenia, \u010di nie s\u00fa opotrebovan\u00e9, a pod\u013ea potreby ich vyme\u0148te, aby sa zachovala integrita syst\u00e9mu. Kalibra\u010dn\u00e9 kontroly zabezpe\u010duj\u00fa, aby valec fungoval v r\u00e1mci navrhnut\u00fdch parametrov.<\/li>\n<\/ul>\n<h2>Bezpe\u010dnostn\u00e9 aspekty a faktory prostredia<\/h2>\n<p>Pri pou\u017e\u00edvan\u00ed hydraulick\u00fdch valcov v\u00fdlo\u017en\u00edka je potrebn\u00e9 dodr\u017eiava\u0165 bezpe\u010dnostn\u00e9 opatrenia na ochranu obsluhy a zariaden\u00ed. Spr\u00e1vne \u0161kolenie o pou\u017e\u00edvan\u00ed hydraulick\u00fdch syst\u00e9mov a dodr\u017eiavanie bezpe\u010dnostn\u00fdch protokolov m\u00f4\u017ee v\u00fdrazne zn\u00ed\u017ei\u0165 riziko neh\u00f4d. Okrem toho by sa mal zv\u00e1\u017ei\u0165 vplyv hydraulick\u00fdch kvapal\u00edn a materi\u00e1lov na \u017eivotn\u00e9 prostredie a zabezpe\u010di\u0165 s\u00falad s predpismi na minimaliz\u00e1ciu ekologickej stopy.<\/p>\n<h2>Diagnostika por\u00fach a be\u017en\u00e9 probl\u00e9my<\/h2>\n<ul>\n<li><strong>Probl\u00e9my s \u00fanikom:<\/strong> \u00daniky hydraulickej kvapaliny m\u00f4\u017eu nazna\u010dova\u0165 zlyhanie alebo po\u0161kodenie tesnenia. Na identifik\u00e1ciu a okam\u017eit\u00fa opravu \u00fanikov s\u00fa potrebn\u00e9 pravideln\u00e9 kontroly.<\/li>\n<li><strong>Zn\u00ed\u017een\u00fd v\u00fdkon:<\/strong> Ak valec nereaguje pod\u013ea o\u010dak\u00e1vania, presk\u00famajte mo\u017en\u00e9 pr\u00ed\u010diny, ako napr\u00edklad n\u00edzku hladinu hydraulickej kvapaliny alebo vzduch v syst\u00e9me.<\/li>\n<li><strong>Hluk a vibr\u00e1cie:<\/strong> Nezvy\u010dajn\u00e9 zvuky po\u010das prev\u00e1dzky m\u00f4\u017eu signalizova\u0165 mechanick\u00e9 probl\u00e9my. Na zabr\u00e1nenie \u010fal\u0161iemu po\u0161kodeniu je potrebn\u00e9 okam\u017eit\u00e9 vy\u0161etrenie.<\/li>\n<\/ul>\n<h2>Tipy na rie\u0161enie probl\u00e9mov<\/h2>\n<p>Na efekt\u00edvnu diagnostiku a rie\u0161enie probl\u00e9mov s valcami v\u00fdlo\u017en\u00edka:<\/p>\n<ul>\n<li>V\u017edy kontrolujte hladinu kvapal\u00edn a skontrolujte, \u010di netesnosti netesnia. \u00daniky ihne\u010f odstr\u00e1\u0148te, aby ste predi\u0161li \u010fal\u0161\u00edm komplik\u00e1ci\u00e1m.<\/li>\n<li>Monitorujte prev\u00e1dzku valca, \u010di nevyd\u00e1va abnorm\u00e1lne zvuky alebo probl\u00e9my s v\u00fdkonom. Pravideln\u00e1 \u00fadr\u017eba m\u00f4\u017ee pom\u00f4c\u0165 v\u010das odhali\u0165 probl\u00e9my.<\/li>\n<li>Zav\u00e1dzajte prevent\u00edvne opatrenia, ako s\u00fa pravideln\u00e9 kontroly a v\u010dasn\u00e1 v\u00fdmena opotrebovan\u00fdch komponentov, aby ste minimalizovali potenci\u00e1lne probl\u00e9my.<\/li>\n<\/ul>\n<p><img decoding=\"async\" src=\"https:\/\/www.hydraulic-cylinders.net\/wp-content\/uploads\/2025\/04\/songte-bushings-with-all-kinds-of-excavator-models.webp\" alt=\"Puzdr\u00e1 bagerov\" \/><\/p>\n<h2>Preh\u013ead spolo\u010dnosti<\/h2>\n<p>Sme popredn\u00fdm v\u00fdrobcom hydraulick\u00fdch valcov, \u0161pecializuj\u00facim sa na n\u00e1hradn\u00e9 diely pre r\u00f4zne modely. N\u00e1\u0161 rozsiahly sortiment n\u00e1s rad\u00ed medzi popredn\u00fdch dod\u00e1vate\u013eov na dom\u00e1com aj medzin\u00e1rodnom trhu. Dodr\u017eiavame z\u00e1sady excelentnosti v kvalite, ktor\u00e9 podporujeme prepracovanou strat\u00e9giou riadenia v\u00fdroby. N\u00e1\u0161 t\u00edm pozost\u00e1va zo sk\u00fasen\u00fdch odborn\u00edkov, ktor\u00ed pou\u017e\u00edvaj\u00fa modern\u00e9 v\u00fdrobn\u00e9 zariadenia a pr\u00edsne testovacie syst\u00e9my, \u010d\u00edm zabezpe\u010dujeme, \u017ee na\u0161e produkty sp\u013a\u0148aj\u00fa a prekra\u010duj\u00fa priemyseln\u00e9 \u0161tandardy. Zaviazali sme sa k vysokej efektivite, presnosti a kvalite, aby sme uspokojili rozmanit\u00e9 potreby na\u0161ich z\u00e1kazn\u00edkov.<\/p>\n<p><img decoding=\"async\" src=\"https:\/\/www.hydraulic-cylinders.net\/wp-content\/uploads\/2025\/04\/songte-company-4.webp\" alt=\"V\u00fdrobn\u00e9 zariadenie spolo\u010dnosti\" \/><br \/>\n<img decoding=\"async\" src=\"https:\/\/www.hydraulic-cylinders.net\/wp-content\/uploads\/2025\/04\/songte-company-3.webp\" alt=\"V\u00fdrobn\u00e1 linka spolo\u010dnosti\" \/><\/p>\n<p>N\u00e1\u0161 z\u00e1v\u00e4zok sa roz\u0161iruje na poskytovanie slu\u017eieb na mieru, medzin\u00e1rodn\u00fdch certifik\u00e1ci\u00ed a komplexnej popredajnej podpory. V\u010faka modern\u00e9mu v\u00fdrobn\u00e9mu zariadeniu a zjednodu\u0161en\u00e9mu v\u00fdrobn\u00e9mu procesu zabezpe\u010dujeme, aby na\u0161e hydraulick\u00e9 valce boli nielen efekt\u00edvne, ale aj prisp\u00f4soben\u00e9 \u0161pecifick\u00fdm po\u017eiadavk\u00e1m klientov.<\/p>\n<p>Autor: lyl<\/p>","protected":false},"excerpt":{"rendered":"<p>Boom Cylinder For Kobelco Middle Excavator SK260LC-8 Product Overview The Boom Cylinder is a critical component in heavy machinery, particularly in excavators like the Kobelco SK260LC-8. This hydraulic cylinder is specifically designed to control the movement of the bucket in various construction and earth-moving tasks. It enables the bucket to lift, lower, and tilt, making [&hellip;]<\/p>","protected":false},"featured_media":17870,"comment_status":"open","ping_status":"closed","template":"","meta":{"_et_pb_use_builder":"","_et_pb_old_content":"","_et_gb_content_width":""},"product_brand":[],"product_cat":[1546],"product_tag":[1547,1496],"class_list":{"0":"post-19079","1":"product","2":"type-product","3":"status-publish","4":"has-post-thumbnail","6":"product_cat-boom-cylinders","7":"product_tag-boom-cylinders","8":"product_tag-hydraulic-cylinders","10":"first","11":"instock","12":"shipping-taxable","13":"product-type-simple"},"amp_enabled":true,"_links":{"self":[{"href":"https:\/\/www.hydraulic-cylinders.net\/sk\/wp-json\/wp\/v2\/product\/19079","targetHints":{"allow":["GET"]}}],"collection":[{"href":"https:\/\/www.hydraulic-cylinders.net\/sk\/wp-json\/wp\/v2\/product"}],"about":[{"href":"https:\/\/www.hydraulic-cylinders.net\/sk\/wp-json\/wp\/v2\/types\/product"}],"replies":[{"embeddable":true,"href":"https:\/\/www.hydraulic-cylinders.net\/sk\/wp-json\/wp\/v2\/comments?post=19079"}],"wp:featuredmedia":[{"embeddable":true,"href":"https:\/\/www.hydraulic-cylinders.net\/sk\/wp-json\/wp\/v2\/media\/17870"}],"wp:attachment":[{"href":"https:\/\/www.hydraulic-cylinders.net\/sk\/wp-json\/wp\/v2\/media?parent=19079"}],"wp:term":[{"taxonomy":"product_brand","embeddable":true,"href":"https:\/\/www.hydraulic-cylinders.net\/sk\/wp-json\/wp\/v2\/product_brand?post=19079"},{"taxonomy":"product_cat","embeddable":true,"href":"https:\/\/www.hydraulic-cylinders.net\/sk\/wp-json\/wp\/v2\/product_cat?post=19079"},{"taxonomy":"product_tag","embeddable":true,"href":"https:\/\/www.hydraulic-cylinders.net\/sk\/wp-json\/wp\/v2\/product_tag?post=19079"}],"curies":[{"name":"pracovn\u00fd list","href":"https:\/\/api.w.org\/{rel}","templated":true}]}}