{"id":19094,"date":"2025-04-07T06:12:30","date_gmt":"2025-04-07T06:12:30","guid":{"rendered":"https:\/\/www.hydraulic-cylinders.net\/product\/boom-cylinder-for-yugong-wy15-7\/"},"modified":"2025-04-07T06:12:32","modified_gmt":"2025-04-07T06:12:32","slug":"boom-cylinder-for-yugong-wy15-7","status":"publish","type":"product","link":"https:\/\/www.hydraulic-cylinders.net\/sk\/produkt\/boom-cylinder-for-yugong-wy15-7\/","title":{"rendered":"Valec v\u00fdlo\u017en\u00edka pre Yugong WY15-7"},"content":{"rendered":"<h1>Valec v\u00fdlo\u017en\u00edka pre Yugong WY15-7<\/h1>\n<h2>Preh\u013ead produktu<\/h2>\n<p>Hydraulick\u00fd valec v\u00fdlo\u017en\u00edka pre Yugong WY15-7 je \u0161pecializovan\u00fd hydraulick\u00fd valec ur\u010den\u00fd na ovl\u00e1danie pohybu ly\u017e\u00edc v r\u00f4znych \u0165a\u017ek\u00fdch strojoch. Hydraulick\u00e9 valce s\u00fa k\u013e\u00fa\u010dov\u00fdmi komponentmi hydraulick\u00fdch syst\u00e9mov, ktor\u00e9 umo\u017e\u0148uj\u00fa presn\u00e9 ovl\u00e1danie pohybu a polohovania zariaden\u00ed. Tento konkr\u00e9tny valec v\u00fdlo\u017en\u00edka je neoddelite\u013enou s\u00fa\u010das\u0165ou funkcie r\u00fdpadiel, r\u00fdpadiel-naklada\u010dov a \u010deln\u00fdch naklada\u010dov, \u010do umo\u017e\u0148uje efekt\u00edvne zdv\u00edhanie, sp\u00fa\u0161\u0165anie a nakl\u00e1\u0148anie ly\u017eice, \u010d\u00edm sa u\u013eah\u010duje manipul\u00e1cia s materi\u00e1lom.<\/p>\n<p>Hydraulick\u00e9 valce lopaty s\u00fa \u0161peci\u00e1lne pou\u017e\u00edvan\u00e9 na riadenie \u010dinnosti kopac\u00edch a zdv\u00edhac\u00edch pr\u00edslu\u0161enstva a p\u00f4sobia ako chrbtica mnoh\u00fdch oper\u00e1ci\u00ed stavebn\u00fdch a po\u013enohospod\u00e1rskych strojov. V\u00fdkon hydraulick\u00e9ho syst\u00e9mu v kombin\u00e1cii s mechanickou v\u00fdhodou, ktor\u00fa poskytuje valec, umo\u017e\u0148uje \u013eahk\u00fa manipul\u00e1ciu s \u0165a\u017ek\u00fdmi bremenami. S d\u00f4razom na spo\u013eahlivos\u0165 a v\u00fdkon, valec v\u00fdlo\u017en\u00edka pre Yugong WY15-7 zais\u0165uje, \u017ee oper\u00e1tori m\u00f4\u017eu vykon\u00e1va\u0165 \u00falohy bezpe\u010dne a efekt\u00edvne.<\/p>\n<p><img decoding=\"async\" src=\"https:\/\/www.hydraulic-cylinders.net\/wp-content\/uploads\/2025\/04\/songte-company-1.webp\" alt=\"Valec v\u00fdlo\u017en\u00edka pre Yugong WY15-7\"><\/p>\n<h2>Vlastnosti valca v\u00fdlo\u017en\u00edka pre Yugong WY15-7<\/h2>\n<ul>\n<li><strong>Vysok\u00e1 pevnos\u0165 a odolnos\u0165:<\/strong> Tento valec, vyroben\u00fd z vysokopevnostnej ocele alebo hlin\u00edka, odol\u00e1 vysok\u00e9mu tlaku a ve\u013ek\u00e9mu za\u0165a\u017eeniu, v\u010faka \u010domu je vhodn\u00fd do n\u00e1ro\u010dn\u00fdch pracovn\u00fdch prostred\u00ed. Kon\u0161trukcia zoh\u013ead\u0148uje odolnos\u0165 vo\u010di opotrebovaniu a kor\u00f3zii, \u010d\u00edm sa predl\u017euje jeho \u017eivotnos\u0165.<\/li>\n<li><strong>Efekt\u00edvna hydraulick\u00e1 prev\u00e1dzka:<\/strong> Tento valec vyu\u017e\u00edva hydraulick\u00fd tlak oleja na dosiahnutie plynul\u00e9ho zas\u00favania a vys\u00favania, r\u00fdchlo reaguje na povely oper\u00e1tora a poskytuje siln\u00fa tla\u010dn\u00fa a \u0165ahov\u00fa silu, ide\u00e1lnu na zvl\u00e1dnutie \u0165a\u017ek\u00fdch a zlo\u017eit\u00fdch \u00faloh.<\/li>\n<li><strong>R\u00f4zne mo\u017enosti:<\/strong> Valec v\u00fdlo\u017en\u00edka je k dispoz\u00edcii v jedno\u010dinnom (hydraulick\u00fd \u00fa\u010dinok v jednom smere) alebo dvoj\u010dinnom (hydraulick\u00fd \u00fa\u010dinok v oboch smeroch) pre splnenie r\u00f4znych prev\u00e1dzkov\u00fdch po\u017eiadaviek. Niektor\u00e9 modely maj\u00fa teleskopick\u00e9 kon\u0161trukcie, ktor\u00e9 umo\u017e\u0148uj\u00fa v\u00e4\u010d\u0161ie vysunutie bez zv\u00e4\u010d\u0161enia vonkaj\u0161\u00edch rozmerov, \u010do je ide\u00e1lne pre aplik\u00e1cie s obmedzen\u00fdm priestorom.<\/li>\n<li><strong>Presn\u00e9 in\u017einierstvo:<\/strong> Ka\u017ed\u00fd valec je vyroben\u00fd s presnos\u0165ou, aby sa zabezpe\u010dil optim\u00e1lny v\u00fdkon a dlh\u00e1 \u017eivotnos\u0165, pri\u010dom do v\u00fdrobn\u00e9ho procesu s\u00fa za\u010dlenen\u00e9 pokro\u010dil\u00e9 technol\u00f3gie.<\/li>\n<li><strong>Kompatibilita:<\/strong> Na\u0161e produkty sl\u00fa\u017eia ako perfektn\u00e1 n\u00e1hrada za r\u00f4zne hydraulick\u00e9 valce, \u010d\u00edm zabezpe\u010duj\u00fa bezprobl\u00e9mov\u00fa integr\u00e1ciu a prev\u00e1dzku v r\u00f4znych modeloch strojov.<\/li>\n<\/ul>\n<p><img decoding=\"async\" src=\"https:\/\/www.hydraulic-cylinders.net\/wp-content\/uploads\/2025\/04\/songte-cylinder-head-with-all-kinds-excavator-models.webp\" alt=\"Kompatibilita s modelmi bagrov\"><\/p>\n<h2>Pou\u017eitie valca v\u00fdlo\u017en\u00edka pre Yugong WY15-7<\/h2>\n<h3>Stavebn\u00e9 stroje<\/h3>\n<p>V r\u00fdpadl\u00e1ch hr\u00e1 valec v\u00fdlo\u017en\u00edka d\u00f4le\u017eit\u00fa \u00falohu pri kopan\u00ed, nakladan\u00ed a premiest\u0148ovan\u00ed zeminy alebo sutiny. Umo\u017e\u0148uje presn\u00e9 ovl\u00e1danie polohy ly\u017eice, \u010do umo\u017e\u0148uje obsluhe pracova\u0165 efekt\u00edvne a \u00fa\u010dinne. V r\u00fdpadlo-naklada\u010doch pom\u00e1ha valec ly\u017eice nielen pri v\u00fdkopov\u00fdch pr\u00e1cach, ale aj pri zdv\u00edhan\u00ed, v\u010faka \u010domu je nevyhnutn\u00fd na vykon\u00e1vanie r\u00f4znych \u00faloh na stavenisk\u00e1ch.<\/p>\n<h3>Po\u013enohospod\u00e1rske stroje<\/h3>\n<p>V \u010deln\u00fdch naklada\u010doch je valec v\u00fdlo\u017en\u00edka k\u013e\u00fa\u010dov\u00fd pre naberanie, zdv\u00edhanie a prepravu p\u00f4dy, sena a in\u00fdch materi\u00e1lov. Tento hydraulick\u00fd komponent zais\u0165uje r\u00fdchle a minim\u00e1lne \u00fasilie pri vykon\u00e1van\u00ed po\u013enohospod\u00e1rskych \u00faloh, \u010d\u00edm sa zvy\u0161uje produktivita po\u013enohospod\u00e1rskych oper\u00e1ci\u00ed.<\/p>\n<h3>R\u00fdpadl\u00e1<\/h3>\n<p>Valec v\u00fdlo\u017en\u00edka u\u013eah\u010duje kopanie t\u00fdm, \u017ee umo\u017e\u0148uje ly\u017eici efekt\u00edvne prenikn\u00fa\u0165 do p\u00f4dy. T\u00e1to kon\u0161trukcia je nevyhnutn\u00e1 pre dosiahnutie hlbok\u00fdch v\u00fdkopov a zabezpe\u010denie toho, aby oper\u00e1tori mohli vykon\u00e1va\u0165 svoje \u00falohy bez nadmern\u00e9ho za\u0165a\u017eenia strojov.<\/p>\n<h3>Naklada\u010de<\/h3>\n<p>V \u010deln\u00fdch naklada\u010doch je valec v\u00fdlo\u017en\u00edka zodpovedn\u00fd za efekt\u00edvne zdv\u00edhanie a vykladanie bremien. Jeho spo\u013eahliv\u00fd v\u00fdkon zais\u0165uje r\u00fdchlu prepravu materi\u00e1lov, \u010d\u00edm sa skracuj\u00fa prestoje a zvy\u0161uje celkov\u00e1 produktivita na pracovisku.<\/p>\n<h2>\u00davahy o dizajne a krit\u00e9ri\u00e1 v\u00fdberu<\/h2>\n<h3>Nosnos\u0165<\/h3>\n<p>Pri v\u00fdbere valca v\u00fdlo\u017en\u00edka je jedn\u00fdm z hlavn\u00fdch krit\u00e9ri\u00ed jeho nosnos\u0165. Valec mus\u00ed by\u0165 schopn\u00fd unies\u0165 maxim\u00e1lnu hmotnos\u0165, ktor\u00fa zvl\u00e1dne po\u010das prev\u00e1dzky. To zah\u0155\u0148a vyhodnotenie \u0161pecifik\u00e1ci\u00ed hydraulick\u00e9ho syst\u00e9mu a zabezpe\u010denie toho, aby valec mohol doda\u0165 po\u017eadovan\u00fa silu bez ohrozenia bezpe\u010dnosti alebo v\u00fdkonu. D\u00f4kladn\u00e1 anal\u00fdza po\u017eiadaviek na za\u0165a\u017eenie je nevyhnutn\u00e1 na zabr\u00e1nenie poruche valca a zabezpe\u010denie bezpe\u010dnej prev\u00e1dzky.<\/p>\n<h3>Tesniaci v\u00fdkon<\/h3>\n<p>Tesnenie je kritick\u00fdm aspektom kon\u0161trukcie hydraulick\u00e9ho valca. Pre udr\u017eanie optim\u00e1lneho v\u00fdkonu a \u00fa\u010dinnosti musia tesnenia zabr\u00e1ni\u0165 \u00faniku hydraulickej kvapaliny a z\u00e1rove\u0148 umo\u017eni\u0165 plynul\u00fd pohyb valca. Vysokokvalitn\u00e9 tesnenia (ako s\u00fa tesnenia piestov a ty\u010d\u00ed) vyroben\u00e9 z odoln\u00fdch materi\u00e1lov, ako je polyuret\u00e1n alebo nitrilov\u00e1 guma, s\u00fa nevyhnutn\u00e9 na udr\u017eanie tlaku a minimaliz\u00e1ciu opotrebenia. Spr\u00e1vne tesnenie prispieva k dlhej \u017eivotnosti komponentu a cel\u00e9ho hydraulick\u00e9ho syst\u00e9mu.<\/p>\n<h3>Trvanlivos\u0165<\/h3>\n<p>Trvanlivos\u0165 je pre hydraulick\u00e9 valce k\u013e\u00fa\u010dov\u00e1, najm\u00e4 v n\u00e1ro\u010dn\u00fdch prostrediach. Materi\u00e1ly pou\u017eit\u00e9 pri v\u00fdrobe musia odol\u00e1va\u0165 opotrebovaniu, kor\u00f3zii a vystaveniu extr\u00e9mnym podmienkam. Be\u017ene sa pou\u017e\u00edva vysokopevnostn\u00e1 oce\u013e alebo hlin\u00edk s povrchov\u00fdmi \u00fapravami na zv\u00fd\u0161enie odolnosti vo\u010di oderu a environment\u00e1lnym faktorom. V\u00fdber odoln\u00fdch materi\u00e1lov zabezpe\u010duje, \u017ee valec bude spo\u013eahlivo fungova\u0165 po\u010das celej svojej pl\u00e1novanej \u017eivotnosti.<\/p>\n<h3>Bezpe\u010dnostn\u00e9 prvky<\/h3>\n<p>Bezpe\u010dnos\u0165 je pri pr\u00e1ci s \u0165a\u017ek\u00fdmi strojmi mimoriadne d\u00f4le\u017eit\u00e1. Valec v\u00fdlo\u017en\u00edka by mal by\u0165 vybaven\u00fd bezpe\u010dnostn\u00fdmi prvkami, ako s\u00fa pretlakov\u00e9 ventily, ktor\u00e9 zabra\u0148uj\u00fa pretlaku, ako aj bezpe\u010dnostn\u00fdmi poistkami, ktor\u00e9 dok\u00e1\u017eu valec zablokova\u0165 v pr\u00edpade straty hydraulick\u00e9ho tlaku. Tieto prvky chr\u00e1nia obsluhu aj zariadenie pred potenci\u00e1lnymi nehodami alebo zraneniami.<\/p>\n<h3>Udr\u017eiavate\u013enos\u0165<\/h3>\n<p>Jednoduch\u00e1 \u00fadr\u017eba je \u010fal\u0161\u00edm k\u013e\u00fa\u010dov\u00fdm faktorom pri kon\u0161trukcii hydraulick\u00e9ho valca. Valec by mal umo\u017e\u0148ova\u0165 jednoduch\u00e9 \u00fadr\u017eb\u00e1rske \u00falohy, ako je v\u00fdmena oleja, v\u00fdmena tesnen\u00ed a kontroly. Pr\u00edstupn\u00e1 kon\u0161trukcia m\u00f4\u017ee v\u00fdrazne zn\u00ed\u017ei\u0165 prestoje a n\u00e1klady na \u00fadr\u017ebu, \u010d\u00edm sa zabezpe\u010d\u00ed, \u017ee oper\u00e1tori m\u00f4\u017eu udr\u017eiava\u0165 svoje stroje v optim\u00e1lnom prev\u00e1dzkovom stave s minim\u00e1lnymi probl\u00e9mami.<\/p>\n<p><img decoding=\"async\" src=\"https:\/\/www.hydraulic-cylinders.net\/wp-content\/uploads\/2025\/04\/songte-oil-pipes-and-spare-parts.webp\" alt=\"N\u00e1hradn\u00e9 diely pre hydraulick\u00e9 valce\"><\/p>\n<h2>Tesnenie a mazanie<\/h2>\n<p>\u00da\u010dinn\u00e9 tesnenie a mazanie s\u00fa nevyhnutn\u00e9 pre optim\u00e1lny v\u00fdkon hydraulick\u00fdch valcov. R\u00f4zne tesniace prvky, ako s\u00fa tesnenia piestov a tesnenia ty\u010d\u00ed, zohr\u00e1vaj\u00fa k\u013e\u00fa\u010dov\u00fa \u00falohu pri udr\u017eiavan\u00ed tlaku a predch\u00e1dzan\u00ed \u00fanikom. Tesnenia vyroben\u00e9 z materi\u00e1lov odoln\u00fdch vo\u010di opotrebovaniu, ako je polyuret\u00e1n a nitrilov\u00e1 guma, sa be\u017ene pou\u017e\u00edvaj\u00fa kv\u00f4li ich odolnosti a flexibilite.<\/p>\n<p>Teleso valca a z\u00e1vitov\u00e9 koncov\u00e9 plochy s\u00fa jemne opracovan\u00e9, aby sa zv\u00fd\u0161ila odolnos\u0165 proti opotrebovaniu a zabezpe\u010dilo spr\u00e1vne ulo\u017eenie. Pravideln\u00e9 mazanie hydraulick\u00fdm olejom je nevyhnutn\u00e9 na minimaliz\u00e1ciu trenia a opotrebenia, \u010do prispieva k dlhej \u017eivotnosti a \u00fa\u010dinnosti hydraulick\u00e9ho syst\u00e9mu. Spr\u00e1vne postupy mazania pom\u00e1haj\u00fa udr\u017eiava\u0165 optim\u00e1lny v\u00fdkon valca a predch\u00e1dza\u0165 pred\u010dasn\u00e9mu zlyhaniu, \u010do v kone\u010dnom d\u00f4sledku zni\u017euje n\u00e1klady na \u00fadr\u017ebu.<\/p>\n<h2>Pravideln\u00e1 kontrola a prevent\u00edvna \u00fadr\u017eba<\/h2>\n<ul>\n<li><strong>Vizu\u00e1lne kontroly:<\/strong> Mali by sa vykon\u00e1va\u0165 pravideln\u00e9 vizu\u00e1lne kontroly, aby sa skontrolovali ak\u00e9ko\u013evek zn\u00e1mky opotrebovania, netesnost\u00ed alebo fyzick\u00e9ho po\u0161kodenia. V\u010dasn\u00e1 identifik\u00e1cia probl\u00e9mov m\u00f4\u017ee zabr\u00e1ni\u0165 \u010fal\u0161iemu po\u0161kodeniu a n\u00e1kladn\u00fdm oprav\u00e1m.<\/li>\n<li><strong>\u00dadr\u017eba mazania:<\/strong> Zabezpe\u010denie dostato\u010dn\u00e9ho naplnenia hydraulick\u00e9ho oleja a jeho pravidelnej v\u00fdmeny je k\u013e\u00fa\u010dov\u00e9 pre udr\u017eanie \u00fa\u010dinnosti valca. Zanedbanie mazania m\u00f4\u017ee vies\u0165 k zv\u00fd\u0161en\u00e9mu opotrebovaniu.<\/li>\n<li><strong>V\u00fdmena tesnenia:<\/strong> Tesnenia sa \u010dasom m\u00f4\u017eu opotrebova\u0165 a je potrebn\u00e9 ich vymeni\u0165, aby sa zachoval optim\u00e1lny tesniaci v\u00fdkon. Pravideln\u00e9 kontroly m\u00f4\u017eu pom\u00f4c\u0165 identifikova\u0165, kedy je potrebn\u00e9 tesnenia vymeni\u0165.<\/li>\n<\/ul>\n<h2>Pokyny na in\u0161tal\u00e1ciu<\/h2>\n<p>Spr\u00e1vna in\u0161tal\u00e1cia valca v\u00fdlo\u017en\u00edka pre Yugong WY15-7 je nevyhnutn\u00e1 pre jeho v\u00fdkon a dlh\u00fa \u017eivotnos\u0165. Za\u010dnite t\u00fdm, \u017ee sa uist\u00edte, \u017ee pracovn\u00fd priestor je \u010dist\u00fd a bez ne\u010dist\u00f4t. Valec presne zarovnajte s mont\u00e1\u017enymi konzolami, aby ste predi\u0161li nespr\u00e1vnemu zarovnaniu, ktor\u00e9 m\u00f4\u017ee vies\u0165 k pred\u010dasn\u00e9mu opotrebovaniu. Na pevn\u00e9 upevnenie valca sa odpor\u00fa\u010da pou\u017ei\u0165 vhodn\u00e9 mont\u00e1\u017ene konzoly.<\/p>\n<p>Po\u010das in\u0161tal\u00e1cie sa uistite, \u017ee v\u0161etky hydraulick\u00e9 pripojenia s\u00fa tesn\u00e9 a bez \u00fanikov. Skontrolujte hladiny hydraulickej kvapaliny a uistite sa, \u017ee syst\u00e9m je odvzdu\u0161nen\u00fd. Po in\u0161tal\u00e1cii vykonajte d\u00f4kladn\u00fa kontrolu a prev\u00e1dzkov\u00fa sk\u00fa\u0161ku, aby ste sa uistili, \u017ee valec funguje hladko a efekt\u00edvne. Spr\u00e1vna in\u0161tal\u00e1cia nielen zvy\u0161uje v\u00fdkon, ale aj v\u00fdrazne predl\u017euje \u017eivotnos\u0165 hydraulick\u00e9ho valca.<\/p>\n<h2>Be\u017en\u00e9 \u00falohy \u00fadr\u017eby<\/h2>\n<h3>Pravideln\u00e9 kontroly<\/h3>\n<p>Vykon\u00e1vanie pravideln\u00fdch kontrol je k\u013e\u00fa\u010dov\u00e9 pre identifik\u00e1ciu potenci\u00e1lnych probl\u00e9mov sk\u00f4r, ako sa vyhrotia. Prev\u00e1dzkovatelia by mali pravidelne kontrolova\u0165, \u010di sa na valci neobjavia zn\u00e1mky \u00faniku hydraulickej kvapaliny, opotrebovania alebo po\u0161kodenia. V\u010dasn\u00e9 odhalenie probl\u00e9mov m\u00f4\u017ee u\u0161etri\u0165 \u010das a n\u00e1klady na opravu, \u010d\u00edm sa zabezpe\u010d\u00ed, \u017ee hydraulick\u00fd syst\u00e9m zostane funk\u010dn\u00fd a bezpe\u010dn\u00fd.<\/p>\n<h3>Vhodn\u00e9 mazanie<\/h3>\n<p>Spr\u00e1vne mazanie hydraulick\u00e9ho valca je nevyhnutn\u00e9 pre jeho funk\u010dnos\u0165. Pravidelne kontrolujte hladinu hydraulickej kvapaliny a pod\u013ea potreby ju dopl\u0148te. Pou\u017eitie spr\u00e1vneho typu hydraulick\u00e9ho oleja zabezpe\u010d\u00ed hladk\u00fd a efekt\u00edvny chod valca, \u010d\u00edm sa zn\u00ed\u017ei opotrebovanie vn\u00fatorn\u00fdch komponentov.<\/p>\n<h3>V\u00fdmena tesnenia a kontroly kalibr\u00e1cie<\/h3>\n<p>Tesnenia sa \u010dasom m\u00f4\u017eu opotrebova\u0165 a na udr\u017eanie optim\u00e1lneho v\u00fdkonu je potrebn\u00e9 ich vymeni\u0165. Zara\u010fte pravideln\u00e9 kontroly na pos\u00fadenie stavu tesnen\u00ed a pod\u013ea potreby vykonajte ich v\u00fdmenu. Okrem toho pravidelne kalibrujte hydraulick\u00fd syst\u00e9m, aby ste zabezpe\u010dili spr\u00e1vne a efekt\u00edvne fungovanie v\u0161etk\u00fdch komponentov, \u010d\u00edm sa zlep\u0161\u00ed celkov\u00fd v\u00fdkon stroja.<\/p>\n<p><img decoding=\"async\" src=\"https:\/\/www.hydraulic-cylinders.net\/wp-content\/uploads\/2025\/04\/songte-chushion-collar.webp\" alt=\"Tlmi\u010dov\u00fd golier pre hydraulick\u00fd valec\"><\/p>\n<h2>Bezpe\u010dnostn\u00e9 aspekty a faktory prostredia<\/h2>\n<p>Implement\u00e1cia bezpe\u010dnostn\u00fdch opatren\u00ed pri pou\u017e\u00edvan\u00ed hydraulick\u00fdch valcov je nevyhnutn\u00e1 na predch\u00e1dzanie nehod\u00e1m a zaistenie bezpe\u010dnosti obsluhy. Obsluha by mala by\u0165 vy\u0161kolen\u00e1, aby rozumela rizik\u00e1m spojen\u00fdm s hydraulick\u00fdmi syst\u00e9mami vr\u00e1tane mo\u017enosti n\u00e1hlych por\u00fach alebo \u00fanikov hydraulickej kvapaliny. Spr\u00e1vna \u00fadr\u017eba hydraulick\u00e9ho syst\u00e9mu nielen zlep\u0161uje jeho v\u00fdkon, ale tie\u017e zni\u017euje riziko kontamin\u00e1cie \u017eivotn\u00e9ho prostredia hydraulick\u00fdmi kvapalinami.<\/p>\n<h2>Diagnostika por\u00fach a be\u017en\u00e9 probl\u00e9my<\/h2>\n<ul>\n<li><strong>\u00daniky hydraulickej kvapaliny:<\/strong> Jedn\u00fdm z naj\u010dastej\u0161\u00edch probl\u00e9mov s hydraulick\u00fdmi valcami je \u00fanik kvapaliny. M\u00f4\u017ee to by\u0165 sp\u00f4soben\u00e9 opotrebovan\u00fdmi tesneniami alebo po\u0161koden\u00fdmi komponentmi. Pravideln\u00e9 kontroly by sa mali zamera\u0165 na integritu tesnenia a stav valca, aby sa predi\u0161lo \u00fanikom.<\/li>\n<li><strong>Nekonzistentn\u00fd pohyb:<\/strong> Ak sa valec nevys\u00fava alebo nezas\u00fava plynulo, m\u00f4\u017ee to znamena\u0165 n\u00edzku hladinu hydraulickej kvapaliny, vzduch v syst\u00e9me alebo vn\u00fatorn\u00e9 opotrebenie. Kontrola hladiny kvapaliny a odvzdu\u0161nenie m\u00f4\u017eu tento probl\u00e9m \u010dasto vyrie\u0161i\u0165.<\/li>\n<li><strong>Prehriatie:<\/strong> K prehriatiu m\u00f4\u017ee d\u00f4js\u0165 v d\u00f4sledku nadmern\u00e9ho za\u0165a\u017eenia alebo nedostato\u010dn\u00e9ho mazania. Monitorovanie prev\u00e1dzkov\u00fdch podmienok a zabezpe\u010denie spr\u00e1vneho mazania m\u00f4\u017ee pom\u00f4c\u0165 predch\u00e1dza\u0165 prehriatiu a n\u00e1sledn\u00e9mu po\u0161kodeniu.<\/li>\n<\/ul>\n<h2>Tipy na rie\u0161enie probl\u00e9mov<\/h2>\n<p>Pri diagnostikovan\u00ed probl\u00e9mov s valcom v\u00fdlo\u017en\u00edka je d\u00f4le\u017eit\u00e9 systematicky identifikova\u0165 potenci\u00e1lne probl\u00e9my. Za\u010dnite kontrolou hladiny kvapal\u00edn a kontrolou netesnost\u00ed. Ak pr\u00edznaky pretrv\u00e1vaj\u00fa, skontrolujte hydraulick\u00fd syst\u00e9m, \u010di neobsahuje vzduchov\u00e9 bubliny alebo nerovnomern\u00fd tlak. Pravideln\u00e1 \u00fadr\u017eba a v\u010dasn\u00e9 opravy s\u00fa nevyhnutn\u00e9 pre minimaliz\u00e1ciu probl\u00e9mov a zabezpe\u010denie efekt\u00edvnej prev\u00e1dzky.<\/p>\n<p>Prevent\u00edvne opatrenia, ako je dodr\u017eiavanie pl\u00e1novan\u00fdch \u00fadr\u017eb\u00e1rskych postupov a udr\u017eiavanie \u010distoty hydraulick\u00e9ho syst\u00e9mu, m\u00f4\u017eu v\u00fdrazne zn\u00ed\u017ei\u0165 pravdepodobnos\u0165 vzniku z\u00e1va\u017en\u00fdch probl\u00e9mov. Spr\u00e1vnou \u00fadr\u017ebou valca m\u00f4\u017eu obsluha pred\u013a\u017ei\u0165 jeho \u017eivotnos\u0165 a spo\u013eahlivos\u0165.<\/p>\n<p><img decoding=\"async\" src=\"https:\/\/www.hydraulic-cylinders.net\/wp-content\/uploads\/2025\/04\/songte-bushings-with-all-kinds-of-excavator-models.webp\" alt=\"Puzdr\u00e1 pre modely r\u00fdpadiel\"><\/p>\n<h2>O na\u0161ej spolo\u010dnosti<\/h2>\n<p>Sme popredn\u00fdm v\u00fdrobcom a ve\u013ekoobchodn\u00edkom hydraulick\u00fdch valcov, \u0161pecializuj\u00facim sa na poskytovanie vysokokvalitn\u00fdch alternat\u00edv pre r\u00f4zne hydraulick\u00e9 komponenty. N\u00e1\u0161 \u0161irok\u00fd sortiment produktov n\u00e1s etabloval ako v\u00fdznamn\u00e9ho hr\u00e1\u010da na dom\u00e1com aj medzin\u00e1rodnom trhu. Zaviazali sme sa k excelentnosti a vyu\u017e\u00edvame prepracovan\u00e9 v\u00fdrobn\u00e9 strat\u00e9gie a pokro\u010dil\u00e9 postupy riadenia v\u00fdroby.<\/p>\n<p>Na\u0161e ponuky s\u00fa podporen\u00e9 kvalifikovan\u00fdmi technikmi, najmodernej\u0161\u00edmi v\u00fdrobn\u00fdmi zariadeniami a komplexn\u00fdmi testovac\u00edmi syst\u00e9mami, ktor\u00e9 zvy\u0161uj\u00fa na\u0161e v\u00fdrobn\u00e9 mo\u017enosti. Sna\u017e\u00edme sa uspokoji\u0165 rozmanit\u00e9 potreby z\u00e1kazn\u00edkov s efekt\u00edvnos\u0165ou, presnos\u0165ou a kvalitou a zabezpe\u010dujeme, aby na\u0161e produkty sp\u013a\u0148ali medzin\u00e1rodn\u00e9 normy a certifik\u00e1cie.<\/p>\n<p><img decoding=\"async\" src=\"https:\/\/www.hydraulic-cylinders.net\/wp-content\/uploads\/2025\/04\/songte-company-4.webp\" alt=\"Zariadenia na\u0161ej spolo\u010dnosti\"><br \/>\n<img decoding=\"async\" src=\"https:\/\/www.hydraulic-cylinders.net\/wp-content\/uploads\/2025\/04\/songte-company-3.webp\" alt=\"V\u00fdrobn\u00fd proces\"><\/p>\n<p>Autor: lyl<\/p>","protected":false},"excerpt":{"rendered":"<p>Boom Cylinder For Yugong WY15-7 Product Overview The Boom Cylinder for Yugong WY15-7 is a specialized hydraulic cylinder designed for controlling the movement of buckets in various heavy machinery. Hydraulic cylinders are critical components in hydraulic systems, allowing for precise control of the movement and positioning of equipment. This particular boom cylinder is integral to [&hellip;]<\/p>","protected":false},"featured_media":17870,"comment_status":"open","ping_status":"closed","template":"","meta":{"_et_pb_use_builder":"","_et_pb_old_content":"","_et_gb_content_width":""},"product_brand":[],"product_cat":[1546],"product_tag":[1547,1496],"class_list":{"0":"post-19094","1":"product","2":"type-product","3":"status-publish","4":"has-post-thumbnail","6":"product_cat-boom-cylinders","7":"product_tag-boom-cylinders","8":"product_tag-hydraulic-cylinders","10":"first","11":"instock","12":"shipping-taxable","13":"product-type-simple"},"amp_enabled":true,"_links":{"self":[{"href":"https:\/\/www.hydraulic-cylinders.net\/sk\/wp-json\/wp\/v2\/product\/19094","targetHints":{"allow":["GET"]}}],"collection":[{"href":"https:\/\/www.hydraulic-cylinders.net\/sk\/wp-json\/wp\/v2\/product"}],"about":[{"href":"https:\/\/www.hydraulic-cylinders.net\/sk\/wp-json\/wp\/v2\/types\/product"}],"replies":[{"embeddable":true,"href":"https:\/\/www.hydraulic-cylinders.net\/sk\/wp-json\/wp\/v2\/comments?post=19094"}],"wp:featuredmedia":[{"embeddable":true,"href":"https:\/\/www.hydraulic-cylinders.net\/sk\/wp-json\/wp\/v2\/media\/17870"}],"wp:attachment":[{"href":"https:\/\/www.hydraulic-cylinders.net\/sk\/wp-json\/wp\/v2\/media?parent=19094"}],"wp:term":[{"taxonomy":"product_brand","embeddable":true,"href":"https:\/\/www.hydraulic-cylinders.net\/sk\/wp-json\/wp\/v2\/product_brand?post=19094"},{"taxonomy":"product_cat","embeddable":true,"href":"https:\/\/www.hydraulic-cylinders.net\/sk\/wp-json\/wp\/v2\/product_cat?post=19094"},{"taxonomy":"product_tag","embeddable":true,"href":"https:\/\/www.hydraulic-cylinders.net\/sk\/wp-json\/wp\/v2\/product_tag?post=19094"}],"curies":[{"name":"pracovn\u00fd list","href":"https:\/\/api.w.org\/{rel}","templated":true}]}}