{"id":19095,"date":"2025-04-07T06:12:32","date_gmt":"2025-04-07T06:12:32","guid":{"rendered":"https:\/\/www.hydraulic-cylinders.net\/product\/boom-cylinder-for-yugong-wy75-7-8\/"},"modified":"2025-04-07T06:12:34","modified_gmt":"2025-04-07T06:12:34","slug":"boom-cylinder-for-yugong-wy75-7-8","status":"publish","type":"product","link":"https:\/\/www.hydraulic-cylinders.net\/sk\/produkt\/boom-cylinder-for-yugong-wy75-7-8\/","title":{"rendered":"Valec v\u00fdlo\u017en\u00edka pre Yugong WY75-7-8"},"content":{"rendered":"<h1>Valec v\u00fdlo\u017en\u00edka pre Yugong WY75-7-8<\/h1>\n<h2>\u00davod do valca v\u00fdlo\u017en\u00edka<\/h2>\n<p>Hydraulick\u00fd valec v\u00fdlo\u017en\u00edka je \u0161pecializovan\u00fd hydraulick\u00fd valec, ktor\u00fd zohr\u00e1va k\u013e\u00fa\u010dov\u00fa \u00falohu pri riaden\u00ed pohybu ly\u017e\u00edc v r\u00f4znych \u0165a\u017ek\u00fdch strojoch, ako s\u00fa bagre, r\u00fdpadlo-naklada\u010de a \u010deln\u00e9 naklada\u010de. Tento hydraulick\u00fd komponent umo\u017e\u0148uje ly\u017eici zdv\u00edha\u0165, sp\u00fa\u0161\u0165a\u0165 a nakl\u00e1\u0148a\u0165, \u010do u\u013eah\u010duje efekt\u00edvnu manipul\u00e1ciu s materi\u00e1lom. Valce ly\u017e\u00edc s\u00fa navrhnut\u00e9 tak, aby poskytovali siln\u00e9 a presn\u00e9 pohyby, v\u010faka \u010domu s\u00fa nevyhnutn\u00e9 pre stavebn\u00e9, po\u013enohospod\u00e1rske a priemyseln\u00e9 aplik\u00e1cie.<\/p>\n<p><img decoding=\"async\" src=\"https:\/\/www.hydraulic-cylinders.net\/wp-content\/uploads\/2025\/04\/songte-company-1.webp\" alt=\"Valec v\u00fdlo\u017en\u00edka pre r\u00fdpadl\u00e1\"><\/p>\n<h3>Defin\u00edcia a preh\u013ead<\/h3>\n<p>V hydraulick\u00fdch syst\u00e9moch je valec v\u00fdlo\u017en\u00edka nevyhnutn\u00fd pre vykon\u00e1vanie n\u00e1ro\u010dn\u00fdch \u00faloh. Tento valec pracuje s pou\u017eit\u00edm tlakovej hydraulickej kvapaliny na vytvorenie pohybu. Schopnos\u0165 vys\u00fava\u0165 a zas\u00fava\u0165 valec sa premieta do v\u0161estrannosti ly\u017eice pri efekt\u00edvnej manipul\u00e1cii s r\u00f4znymi materi\u00e1lmi. \u010ci u\u017e ide o kopanie do zeme alebo zdv\u00edhanie \u0165a\u017ek\u00fdch bremien, v\u00fdkon valca v\u00fdlo\u017en\u00edka je k\u013e\u00fa\u010dov\u00fd pri ur\u010dovan\u00ed celkovej \u00fa\u010dinnosti stroja.<\/p>\n<h2>Vlastnosti valca v\u00fdlo\u017en\u00edka<\/h2>\n<ul>\n<li><strong>Vysok\u00e1 pevnos\u0165 a odolnos\u0165:<\/strong> Valec v\u00fdlo\u017en\u00edka, zvy\u010dajne vyroben\u00fd z vysokopevnostnej ocele alebo hlin\u00edka, odol\u00e1 vysok\u00e9mu tlaku a \u0165a\u017ek\u00e9mu za\u0165a\u017eeniu, v\u010faka \u010domu je vhodn\u00fd do n\u00e1ro\u010dn\u00fdch pracovn\u00fdch prostred\u00ed. Kon\u0161trukcia tie\u017e kladie d\u00f4raz na odolnos\u0165 vo\u010di opotrebovaniu a ochranu proti kor\u00f3zii, aby sa pred\u013a\u017eila jeho \u017eivotnos\u0165.<\/li>\n<li><strong>Efekt\u00edvna hydraulick\u00e1 prev\u00e1dzka:<\/strong> Valec vyu\u017e\u00edva hydraulick\u00fd tlak oleja na dosiahnutie plynul\u00e9ho a citliv\u00e9ho vys\u00favania a zas\u00favania, \u010d\u00edm poskytuje robustn\u00fa tla\u010dn\u00fa a \u0165a\u017en\u00fa silu nevyhnutn\u00fa na zvl\u00e1dnutie \u0165a\u017ek\u00fdch alebo zlo\u017eit\u00fdch \u00faloh.<\/li>\n<li><strong>R\u00f4zne typy:<\/strong> Valec v\u00fdlo\u017en\u00edka je k dispoz\u00edcii v jedno\u010dinnom (prev\u00e1dzkovom v jednom smere) alebo dvoj\u010dinnom (prev\u00e1dzkovom v oboch smeroch) preveden\u00ed a je mo\u017en\u00e9 ho prisp\u00f4sobi\u0165 r\u00f4znym prev\u00e1dzkov\u00fdm potreb\u00e1m. Niektor\u00e9 modely s\u00fa teleskopick\u00e9, \u010do umo\u017e\u0148uje v\u00e4\u010d\u0161ie vysunutie bez zv\u00e4\u010d\u0161enia vonkaj\u0161\u00edch rozmerov, v\u010faka \u010domu s\u00fa ide\u00e1lne pre aplik\u00e1cie s obmedzen\u00fdm priestorom.<\/li>\n<li><strong>Z\u00e1kazkov\u00e1 v\u00fdroba:<\/strong> \u0160pecializujeme sa na v\u00fdrobu tohto produktu, aby sme zabezpe\u010dili, \u017ee na\u0161e valce dok\u00e1\u017eu dokonale nahradi\u0165 existuj\u00face hydraulick\u00e9 valce v strojoch a poskytn\u00fa spo\u013eahliv\u00fd v\u00fdkon.<\/li>\n<li><strong>Kompatibilita s r\u00f4znymi modelmi:<\/strong> Na\u0161e valce v\u00fdlo\u017en\u00edka s\u00fa navrhnut\u00e9 tak, aby bezprobl\u00e9movo fungovali s viacer\u00fdmi modelmi r\u00fdpadiel, \u010do zais\u0165uje v\u0161estrannos\u0165 v r\u00f4znych aplik\u00e1ci\u00e1ch.<\/li>\n<\/ul>\n<p><img decoding=\"async\" src=\"https:\/\/www.hydraulic-cylinders.net\/wp-content\/uploads\/2025\/04\/songte-cylinder-head-with-all-kinds-excavator-models.webp\" alt=\"Kompatibilita valcov v\u00fdlo\u017en\u00edka\"><\/p>\n<h2>Scen\u00e1re aplik\u00e1ci\u00ed<\/h2>\n<h3>Stavebn\u00e9 stroje<\/h3>\n<p>Valce v\u00fdlo\u017en\u00edka sa nach\u00e1dzaj\u00fa predov\u0161etk\u00fdm v bagroch, kde zohr\u00e1vaj\u00fa k\u013e\u00fa\u010dov\u00fa \u00falohu pri kopan\u00ed, nakladan\u00ed a premiest\u0148ovan\u00ed zeminy alebo sutiny. Poskytuj\u00fa potrebn\u00fa silu na preniknutie do p\u00f4dy a zdv\u00edhanie materi\u00e1lov, v\u010faka \u010domu s\u00fa na stavenisk\u00e1ch neocenite\u013en\u00e9. V r\u00fdpadlo-naklada\u010doch pom\u00e1haj\u00fa valce v\u00fdlo\u017en\u00edka nielen pri v\u00fdkopov\u00fdch, ale aj pri zdv\u00edhac\u00edch oper\u00e1ci\u00e1ch, \u010d\u00edm sa zvy\u0161uje ich u\u017eito\u010dnos\u0165.<\/p>\n<h3>Po\u013enohospod\u00e1rske stroje<\/h3>\n<p>V \u010deln\u00fdch naklada\u010doch sa valce v\u00fdlo\u017en\u00edka pou\u017e\u00edvaj\u00fa na efekt\u00edvne naberanie, zdv\u00edhanie a prepravu p\u00f4dy, sena a in\u00fdch materi\u00e1lov. Ich kon\u0161trukcia umo\u017e\u0148uje \u013eahk\u00fa man\u00e9vrovate\u013enos\u0165 a manipul\u00e1ciu s po\u013enohospod\u00e1rskymi produktmi, \u010d\u00edm v\u00fdrazne zvy\u0161uje produktivitu na farm\u00e1ch.<\/p>\n<h3>R\u00fdpadl\u00e1<\/h3>\n<p>Pri r\u00fdpadl\u00e1ch umo\u017e\u0148uj\u00fa valce v\u00fdlo\u017en\u00edka efekt\u00edvne prenikanie ly\u017eice do p\u00f4dy, \u010d\u00edm sa zlep\u0161uje kopanie. To umo\u017e\u0148uje hlb\u0161ie a efekt\u00edvnej\u0161ie v\u00fdkopov\u00e9 pr\u00e1ce, ktor\u00e9 s\u00fa k\u013e\u00fa\u010dov\u00e9 pre pr\u00edpravu staveniska v r\u00f4znych stavebn\u00fdch projektoch.<\/p>\n<h3>Naklada\u010de<\/h3>\n<p>V \u010deln\u00fdch naklada\u010doch pom\u00e1haj\u00fa valce v\u00fdlo\u017en\u00edka pri efekt\u00edvnom zdv\u00edhan\u00ed a vykladan\u00ed bremien. Poskytuj\u00fa potrebn\u00fd v\u00fdkon na manipul\u00e1ciu s \u0165a\u017ek\u00fdmi materi\u00e1lmi a zabezpe\u010duj\u00fa plynul\u00fd chod po\u010das nakladania a vykladania.<\/p>\n<h2>\u00davahy o dizajne a krit\u00e9ri\u00e1 v\u00fdberu<\/h2>\n<h3>Nosnos\u0165<\/h3>\n<p>Pri v\u00fdbere valca v\u00fdlo\u017en\u00edka je prvorad\u00e9 pochopenie jeho nosnosti. Valec mus\u00ed by\u0165 schopn\u00fd zvl\u00e1dnu\u0165 maxim\u00e1lne o\u010dak\u00e1van\u00e9 za\u0165a\u017eenie bez kompromisov v oblasti bezpe\u010dnosti alebo v\u00fdkonu. V\u00fdrobcovia poskytuj\u00fa \u0161pecifik\u00e1cie, ktor\u00e9 podrobne opisuj\u00fa maxim\u00e1lne za\u0165a\u017eenie, ktor\u00e9 valec dok\u00e1\u017ee zvl\u00e1dnu\u0165, a ktor\u00e9 by mali by\u0165 v s\u00falade s prev\u00e1dzkov\u00fdmi po\u017eiadavkami stroja.<\/p>\n<h3>Tesnenie a trvanlivos\u0165<\/h3>\n<p>Tesnenie je kritick\u00fdm aspektom kon\u0161trukcie valca v\u00fdlo\u017en\u00edka. \u00da\u010dinn\u00e9 tesnenia zabra\u0148uj\u00fa \u00faniku hydraulickej kvapaliny, \u010d\u00edm zabezpe\u010duj\u00fa optim\u00e1lny v\u00fdkon a dlh\u00fa \u017eivotnos\u0165. Tesnenia vyroben\u00e9 z odoln\u00fdch materi\u00e1lov, ako je polyuret\u00e1n alebo nitrilov\u00e1 guma, zvy\u0161uj\u00fa odolnos\u0165 valca vo\u010di opotrebovaniu a environment\u00e1lnym faktorom, \u010d\u00edm chr\u00e1nia jeho funk\u010dnos\u0165 v priebehu \u010dasu. Pravideln\u00e9 kontroly a \u00fadr\u017eba tesnen\u00ed s\u00fa nevyhnutn\u00e9 na predch\u00e1dzanie prev\u00e1dzkov\u00fdm poruch\u00e1m.<\/p>\n<h3>Bezpe\u010dnostn\u00e9 prvky<\/h3>\n<p>Bezpe\u010dnos\u0165 je pri kon\u0161trukcii hydraulick\u00fdch valcov prvorad\u00fdm krit\u00e9riom. Prvky, ako s\u00fa pretlakov\u00e9 ventily, m\u00f4\u017eu zabr\u00e1ni\u0165 pre\u0165a\u017eeniu, zatia\u013e \u010do robustn\u00e9 kon\u0161truk\u010dn\u00e9 materi\u00e1ly zvy\u0161uj\u00fa schopnos\u0165 valca odol\u00e1va\u0165 vysok\u00e9mu tlaku. Tak\u00e9to prvky s\u00fa k\u013e\u00fa\u010dov\u00e9 pre zabezpe\u010denie bezpe\u010dnej prev\u00e1dzky, najm\u00e4 v n\u00e1ro\u010dn\u00fdch prostrediach. S\u00fa\u010das\u0165ou \u00fadr\u017eby by mali by\u0165 kontroly na identifik\u00e1ciu ak\u00fdchko\u013evek potenci\u00e1lnych bezpe\u010dnostn\u00fdch riz\u00edk.<\/p>\n<h3>\u00dadr\u017eba a opravite\u013enos\u0165<\/h3>\n<p>\u010eal\u0161\u00edm d\u00f4le\u017eit\u00fdm faktorom je jednoduchos\u0165 \u00fadr\u017eby a opravy. Dobre navrhnut\u00fd valec ramena by mal pon\u00faka\u0165 jednoduch\u00fd pr\u00edstup k svojim komponentom na opravu alebo v\u00fdmenu. Na zabezpe\u010denie nepretr\u017eitej funk\u010dnosti a v\u00fdkonu by sa mali stanovi\u0165 pravideln\u00e9 pl\u00e1ny \u00fadr\u017eby vr\u00e1tane kontrol a v\u00fdmeny dielov.<\/p>\n<p><img decoding=\"async\" src=\"https:\/\/www.hydraulic-cylinders.net\/wp-content\/uploads\/2025\/04\/songte-oil-pipes-and-spare-parts.webp\" alt=\"\u010casti hydraulick\u00e9ho valca\"><\/p>\n<h2>Tesnenie a mazanie<\/h2>\n<p>V\u00fdkon valca v\u00fdlo\u017en\u00edka vo ve\u013ekej miere z\u00e1vis\u00ed od \u00fa\u010dinn\u00e9ho tesnenia a mazania. Na udr\u017eanie hydraulick\u00e9ho tlaku a ochranu pred vonkaj\u0161\u00edmi ne\u010distotami sa pou\u017e\u00edvaj\u00fa r\u00f4zne tesnenia, ako s\u00fa piestne tesnenia a ty\u010dov\u00e9 tesnenia. Tesnenia vyroben\u00e9 z materi\u00e1lov odoln\u00fdch vo\u010di opotrebovaniu, ako je polyuret\u00e1n a nitrilov\u00e1 guma, s\u00fa uprednost\u0148ovan\u00e9 kv\u00f4li ich dlhej \u017eivotnosti a spo\u013eahlivosti.<\/p>\n<p>Okrem toho s\u00fa teleso valca a z\u00e1vitov\u00e9 koncov\u00e9 plochy presne opracovan\u00e9, aby sa zv\u00fd\u0161ila odolnos\u0165 vo\u010di opotrebovaniu. Pravideln\u00e9 mazanie vhodn\u00fdm hydraulick\u00fdm olejom je nevyhnutn\u00e9 pre hladk\u00fd chod pohybliv\u00fdch \u010dast\u00ed, \u010d\u00edm sa zni\u017euje trenie a opotrebovanie.<\/p>\n<h2>Opatrenia prevent\u00edvnej \u00fadr\u017eby<\/h2>\n<ul>\n<li><strong>Pravideln\u00e9 kontroly:<\/strong> Pravideln\u00e9 kontroly tesnost\u00ed, kor\u00f3zie a opotrebovania s\u00fa nevyhnutn\u00e9 na identifik\u00e1ciu probl\u00e9mov sk\u00f4r, ako sa vyhrotia. Skontrolujte tesnenia a armat\u00fary, \u010di nevykazuj\u00fa zn\u00e1mky opotrebovania, a v pr\u00edpade potreby ich vyme\u0148te.<\/li>\n<li><strong>Mazanie:<\/strong> Zabezpe\u010dte spr\u00e1vne mazanie v odpor\u00fa\u010dan\u00fdch intervaloch, aby sa zachoval v\u00fdkon valca. Pou\u017e\u00edvajte predp\u00edsan\u00fd hydraulick\u00fd olej, aby ste predi\u0161li probl\u00e9mom s kompatibilitou.<\/li>\n<li><strong>V\u00fdmena tesnenia:<\/strong> Ako s\u00fa\u010das\u0165 \u00fadr\u017eby pl\u00e1nujte pravideln\u00fa v\u00fdmenu tesnen\u00ed, aby ste zabezpe\u010dili optim\u00e1lny v\u00fdkon a predi\u0161li \u00fanikom. Monitorujte degrad\u00e1ciu tesnen\u00ed, najm\u00e4 v n\u00e1ro\u010dn\u00fdch podmienkach.<\/li>\n<\/ul>\n<h2>Pokyny na in\u0161tal\u00e1ciu<\/h2>\n<p>Spr\u00e1vna in\u0161tal\u00e1cia valca v\u00fdlo\u017en\u00edka je k\u013e\u00fa\u010dov\u00e1 pre optim\u00e1lny v\u00fdkon. Pred in\u0161tal\u00e1ciou za\u010dnite t\u00fdm, \u017ee sa uist\u00edte, \u017ee v\u0161etky komponenty s\u00fa \u010dist\u00e9 a bez ne\u010dist\u00f4t. Na presn\u00e9 zarovnanie valca v stroji pou\u017eite vhodn\u00e9 zarovn\u00e1vacie n\u00e1stroje. Na upevnenie valca na mieste sa odpor\u00fa\u010da pou\u017ei\u0165 vhodn\u00e9 mont\u00e1\u017ene konzoly, aby sa predi\u0161lo ak\u00e9muko\u013evek nespr\u00e1vnemu zarovnaniu po\u010das prev\u00e1dzky.<\/p>\n<p>Pri upev\u0148ovan\u00ed valca dodr\u017eiavajte pokyny v\u00fdrobcu t\u00fdkaj\u00face sa nastavenia kr\u00fatiaceho momentu, aby ste predi\u0161li po\u0161kodeniu. Po in\u0161tal\u00e1cii skontrolujte tesnos\u0165 hydraulick\u00fdch pripojen\u00ed a uistite sa, \u017ee hladina hydraulickej kvapaliny je dostato\u010dn\u00e1. Pred pln\u00fdm prev\u00e1dzkov\u00fdm pou\u017eit\u00edm otestujte funk\u010dnos\u0165 valca za kontrolovan\u00fdch podmienok, aby ste sa uistili o spr\u00e1vnej in\u0161tal\u00e1cii.<\/p>\n<h2>Be\u017en\u00e9 \u00falohy \u00fadr\u017eby<\/h2>\n<h3>Pravideln\u00e9 kontroly<\/h3>\n<p>Vykon\u00e1vanie pravideln\u00fdch kontrol je k\u013e\u00fa\u010dov\u00e9 pre v\u010dasn\u00fa identifik\u00e1ciu potenci\u00e1lnych probl\u00e9mov. Skontrolujte zn\u00e1mky opotrebovania, netesnost\u00ed a po\u0161kodenia hydraulick\u00e9ho syst\u00e9mu. Pravideln\u00e9 kontroly pom\u00e1haj\u00fa udr\u017eiava\u0165 celkov\u00fd stav strojov a zabezpe\u010duj\u00fa bezpe\u010dn\u00fa prev\u00e1dzku.<\/p>\n<h3>Spr\u00e1vne mazanie<\/h3>\n<p>Spr\u00e1vne mazanie je nevyhnutn\u00e9 na minimaliz\u00e1ciu trenia a opotrebenia medzi pohybliv\u00fdmi \u010das\u0165ami. Uistite sa, \u017ee hladina hydraulick\u00e9ho oleja je dostato\u010dn\u00e1 a na mazanie pou\u017e\u00edvajte odpor\u00fa\u010dan\u00fd typ oleja. Nedostato\u010dn\u00e9 mazanie m\u00f4\u017ee vies\u0165 k pred\u010dasn\u00e9mu opotrebovaniu a poruche valca.<\/p>\n<h3>V\u00fdmena tesnenia a kontrola kalibr\u00e1cie<\/h3>\n<p>Pravidelne vymie\u0148ajte opotrebovan\u00e9 tesnenia, aby ste udr\u017eali hydraulick\u00fd tlak a predi\u0161li \u00fanikom. Mali by sa vykon\u00e1va\u0165 kalibra\u010dn\u00e9 kontroly, aby sa zabezpe\u010dilo, \u017ee valec pracuje v r\u00e1mci stanoven\u00fdch parametrov. Spr\u00e1vne utesnenie a kalibr\u00e1cia s\u00fa nevyhnutn\u00e9 pre pred\u013a\u017eenie \u017eivotnosti valca v\u00fdlo\u017en\u00edka.<\/p>\n<p><img decoding=\"async\" src=\"https:\/\/www.hydraulic-cylinders.net\/wp-content\/uploads\/2025\/04\/songte-chushion-collar.webp\" alt=\"Tlmi\u010d valca v\u00fdlo\u017en\u00edka\"><\/p>\n<h2>Bezpe\u010dnostn\u00e9 aspekty a faktory prostredia<\/h2>\n<p>Pri pou\u017e\u00edvan\u00ed hydraulick\u00fdch valcov ramena je nevyhnutn\u00e9 dodr\u017eiava\u0165 bezpe\u010dnostn\u00e9 opatrenia, aby sa predi\u0161lo nehod\u00e1m. Obsluha by mala nosi\u0165 vhodn\u00e9 osobn\u00e9 ochrann\u00e9 prostriedky (OOP) a dodr\u017eiava\u0165 bezpe\u010dnostn\u00e9 protokoly, aby sa minimalizovali rizik\u00e1 po\u010das prev\u00e1dzky. Faktory prostredia, ako s\u00fa extr\u00e9mne teploty, m\u00f4\u017eu ovplyvni\u0165 vlastnosti hydraulickej kvapaliny a t\u00fdm aj v\u00fdkon. Pre zachovanie \u00fa\u010dinnosti sa uistite, \u017ee valec je vhodn\u00fd pre prev\u00e1dzkov\u00e9 prostredie.<\/p>\n<h2>Rie\u0161enie probl\u00e9mov a be\u017en\u00e9 probl\u00e9my<\/h2>\n<ul>\n<li><strong>\u00danik:<\/strong> Ak zist\u00edte netesnosti, skontrolujte tesnenia a armat\u00fary, \u010di nie s\u00fa opotrebovan\u00e9. Po\u0161koden\u00e9 komponenty ihne\u010f vyme\u0148te, aby ste predi\u0161li \u00faniku hydraulickej kvapaliny.<\/li>\n<li><strong>Strata energie:<\/strong> Zn\u00ed\u017eenie v\u00fdkonu m\u00f4\u017ee nazna\u010dova\u0165 n\u00edzku hladinu hydraulickej kvapaliny alebo vn\u00fatorn\u00e9 po\u0161kodenie. Skontrolujte hladiny kvapal\u00edn a v pr\u00edpade potreby zv\u00e1\u017ete vykonanie vn\u00fatorn\u00fdch kontrol.<\/li>\n<li><strong>Nezvy\u010dajn\u00e9 zvuky:<\/strong> Hluky po\u010das prev\u00e1dzky m\u00f4\u017eu nazna\u010dova\u0165 pr\u00edtomnos\u0165 vzduchu v syst\u00e9me alebo opotrebovan\u00e9 komponenty. Odvzdu\u0161nite hydraulick\u00fd syst\u00e9m a skontrolujte, \u010di nevykazuje mechanick\u00e9 probl\u00e9my.<\/li>\n<\/ul>\n<p>Zavedenie prevent\u00edvnych opatren\u00ed m\u00f4\u017ee v\u00fdrazne zn\u00ed\u017ei\u0165 v\u00fdskyt t\u00fdchto probl\u00e9mov a zabezpe\u010di\u0165 hladk\u00fd chod valca v\u00fdlo\u017en\u00edka.<\/p>\n<p><img decoding=\"async\" src=\"https:\/\/www.hydraulic-cylinders.net\/wp-content\/uploads\/2025\/04\/songte-bushings-with-all-kinds-of-excavator-models.webp\" alt=\"Puzdr\u00e1 valcov v\u00fdlo\u017en\u00edka\"><\/p>\n<h2>O na\u0161ej spolo\u010dnosti<\/h2>\n<p>Sme popredn\u00fdm v\u00fdrobcom n\u00e1hradn\u00fdch hydraulick\u00fdch valcov a pon\u00fakame komplexn\u00fd sortiment produktov, ktor\u00e9 uspokoja dom\u00e1ci aj medzin\u00e1rodn\u00fd trh. N\u00e1\u0161 z\u00e1v\u00e4zok k excelentnosti sa odr\u00e1\u017ea v na\u0161ich najmodernej\u0161\u00edch v\u00fdrobn\u00fdch postupoch, ktor\u00e9 s\u00fa poh\u00e1\u0148an\u00e9 strat\u00e9giou d\u00f4kladn\u00e9ho riadenia v\u00fdroby.<\/p>\n<p>So zameran\u00edm na kvalitu vyu\u017e\u00edvame pokro\u010dil\u00e9 technol\u00f3gie, kvalifikovan\u00fd person\u00e1l a robustn\u00fd testovac\u00ed syst\u00e9m na vylep\u0161enie na\u0161ej v\u00fdrobnej platformy. Tento integrovan\u00fd pr\u00edstup n\u00e1m umo\u017e\u0148uje uspokojova\u0165 rozmanit\u00e9 potreby z\u00e1kazn\u00edkov s vysokou efektivitou, presnos\u0165ou a kvalitou.<\/p>\n<p>N\u00e1\u0161 z\u00e1v\u00e4zok poskytova\u0165 profesion\u00e1lne slu\u017eby je posilnen\u00fd medzin\u00e1rodn\u00fdmi certifik\u00e1ciami, ktor\u00e9 n\u00e1m umo\u017e\u0148uj\u00fa pon\u00faka\u0165 rie\u0161enia na mieru, ktor\u00e9 s\u00fa v s\u00falade s priemyseln\u00fdmi \u0161tandardmi. Uprednost\u0148ujeme spokojnos\u0165 z\u00e1kazn\u00edkov prostredn\u00edctvom responz\u00edvnej popredajnej podpory a slu\u017eieb na mieru, \u010d\u00edm zabezpe\u010dujeme, aby na\u0161i klienti dostali tie najlep\u0161ie produkty pre svoje aplik\u00e1cie.<\/p>\n<p><img decoding=\"async\" src=\"https:\/\/www.hydraulic-cylinders.net\/wp-content\/uploads\/2025\/04\/songte-company-4.webp\" alt=\"Preh\u013ead na\u0161ej spolo\u010dnosti\"><br \/>\n<img decoding=\"async\" src=\"https:\/\/www.hydraulic-cylinders.net\/wp-content\/uploads\/2025\/04\/songte-company-3.webp\" alt=\"Zariadenia spolo\u010dnosti\"><\/p>\n<p>Autor: lyl<\/p>","protected":false},"excerpt":{"rendered":"<p>Boom Cylinder For Yugong WY75-7-8 Introduction to Boom Cylinder A boom cylinder is a specialized hydraulic cylinder that plays a critical role in controlling the movement of buckets in various heavy machinery such as excavators, backhoe loaders, and front loaders. This hydraulic component enables the bucket to lift, lower, and tilt, facilitating efficient material handling [&hellip;]<\/p>","protected":false},"featured_media":17871,"comment_status":"open","ping_status":"closed","template":"","meta":{"_et_pb_use_builder":"","_et_pb_old_content":"","_et_gb_content_width":""},"product_brand":[],"product_cat":[1546],"product_tag":[1547,1496],"class_list":{"0":"post-19095","1":"product","2":"type-product","3":"status-publish","4":"has-post-thumbnail","6":"product_cat-boom-cylinders","7":"product_tag-boom-cylinders","8":"product_tag-hydraulic-cylinders","10":"first","11":"instock","12":"shipping-taxable","13":"product-type-simple"},"amp_enabled":true,"_links":{"self":[{"href":"https:\/\/www.hydraulic-cylinders.net\/sk\/wp-json\/wp\/v2\/product\/19095","targetHints":{"allow":["GET"]}}],"collection":[{"href":"https:\/\/www.hydraulic-cylinders.net\/sk\/wp-json\/wp\/v2\/product"}],"about":[{"href":"https:\/\/www.hydraulic-cylinders.net\/sk\/wp-json\/wp\/v2\/types\/product"}],"replies":[{"embeddable":true,"href":"https:\/\/www.hydraulic-cylinders.net\/sk\/wp-json\/wp\/v2\/comments?post=19095"}],"wp:featuredmedia":[{"embeddable":true,"href":"https:\/\/www.hydraulic-cylinders.net\/sk\/wp-json\/wp\/v2\/media\/17871"}],"wp:attachment":[{"href":"https:\/\/www.hydraulic-cylinders.net\/sk\/wp-json\/wp\/v2\/media?parent=19095"}],"wp:term":[{"taxonomy":"product_brand","embeddable":true,"href":"https:\/\/www.hydraulic-cylinders.net\/sk\/wp-json\/wp\/v2\/product_brand?post=19095"},{"taxonomy":"product_cat","embeddable":true,"href":"https:\/\/www.hydraulic-cylinders.net\/sk\/wp-json\/wp\/v2\/product_cat?post=19095"},{"taxonomy":"product_tag","embeddable":true,"href":"https:\/\/www.hydraulic-cylinders.net\/sk\/wp-json\/wp\/v2\/product_tag?post=19095"}],"curies":[{"name":"pracovn\u00fd list","href":"https:\/\/api.w.org\/{rel}","templated":true}]}}