{"id":19100,"date":"2025-04-07T06:12:55","date_gmt":"2025-04-07T06:12:55","guid":{"rendered":"https:\/\/www.hydraulic-cylinders.net\/product\/boom-cylinder-for-grand-cme85-9\/"},"modified":"2025-04-07T06:12:58","modified_gmt":"2025-04-07T06:12:58","slug":"boom-cylinder-for-grand-cme85-9","status":"publish","type":"product","link":"https:\/\/www.hydraulic-cylinders.net\/sk\/produkt\/boom-cylinder-for-grand-cme85-9\/","title":{"rendered":"Valec v\u00fdlo\u017en\u00edka pre Grand CME85-9"},"content":{"rendered":"<h1>Valec v\u00fdlo\u017en\u00edka pre Grand CME85-9<\/h1>\n<h2>\u00davod do valcov v\u00fdlo\u017en\u00edka<\/h2>\n<p>Hydraulick\u00fd valec v\u00fdlo\u017en\u00edka je d\u00f4le\u017eitou s\u00fa\u010das\u0165ou hydraulick\u00fdch syst\u00e9mov, \u0161peci\u00e1lne navrhnut\u00fd na ovl\u00e1danie pohybu ly\u017e\u00edc v r\u00f4znych \u0165a\u017ek\u00fdch strojoch, ako s\u00fa r\u00fdpadl\u00e1, r\u00fdpadlo-naklada\u010de a \u010deln\u00e9 naklada\u010de. Tento hydraulick\u00fd valec je zodpovedn\u00fd za zdv\u00edhanie, sp\u00fa\u0161\u0165anie a nakl\u00e1\u0148anie ly\u017eice, \u010do u\u013eah\u010duje efekt\u00edvnu manipul\u00e1ciu s materi\u00e1lom. Umo\u017e\u0148uje oper\u00e1torom vykon\u00e1va\u0165 \u00falohy, ako je kopanie, zdv\u00edhanie a preprava materi\u00e1lov, s presnos\u0165ou a \u013eahkos\u0165ou.<\/p>\n<p><img decoding=\"async\" src=\"https:\/\/www.hydraulic-cylinders.net\/wp-content\/uploads\/2025\/04\/songte-company-1.webp\" alt=\"Obr\u00e1zok valca v\u00fdlo\u017en\u00edka\" \/><\/p>\n<h3>Funk\u010dnos\u0165 a preh\u013ead<\/h3>\n<p>Valec lopaty, z\u00e1kladn\u00e1 s\u00fa\u010das\u0165 hydraulick\u00e9ho syst\u00e9mu, pracuje s hydraulickou kvapalinou na vytv\u00e1ranie tlaku, ktor\u00fd sa premieta do mechanick\u00e9ho pohybu. Kon\u0161trukcia umo\u017e\u0148uje kontrolovan\u00fa a plynul\u00fa prev\u00e1dzku, \u010d\u00edm sa zabezpe\u010duje optim\u00e1lne fungovanie \u0165a\u017ek\u00fdch strojov za r\u00f4znych podmienok. V\u010faka hydraulickej sile dok\u00e1\u017ee valec v\u00fdlo\u017en\u00edka efekt\u00edvne zvl\u00e1da\u0165 \u0165a\u017ek\u00e9 bremen\u00e1 a dynamick\u00e9 aplik\u00e1cie, v\u010faka \u010domu je k\u013e\u00fa\u010dov\u00fdm prvkom v stavebn\u00edctve a po\u013enohospod\u00e1rstve.<\/p>\n<h2>Vlastnosti valca ramena<\/h2>\n<ul>\n<li><strong>Vysok\u00e1 pevnos\u0165 a odolnos\u0165:<\/strong> Valce v\u00fdlo\u017en\u00edka, vyroben\u00e9 z vysokopevnostnej ocele alebo hlin\u00edka, odol\u00e1vaj\u00fa vysok\u00e9mu tlaku a \u0165a\u017ek\u00fdm za\u0165a\u017eeniam, s\u00fa ide\u00e1lne do n\u00e1ro\u010dn\u00fdch pracovn\u00fdch podmienok. S\u00fa navrhnut\u00e9 s oh\u013eadom na odolnos\u0165 vo\u010di opotrebovaniu a kor\u00f3zii, \u010do predl\u017euje ich \u017eivotnos\u0165.<\/li>\n<li><strong>Efekt\u00edvna hydraulick\u00e1 prev\u00e1dzka:<\/strong> V\u010faka tlaku hydraulick\u00e9ho oleja pre plynul\u00e9 vys\u00favanie a zas\u00favanie tieto valce r\u00fdchlo reaguj\u00fa na ovl\u00e1dacie povely a poskytuj\u00fa siln\u00e9 tla\u010dn\u00e9 a \u0165ahov\u00e9 sily vhodn\u00e9 na zvl\u00e1dnutie \u0165a\u017ek\u00fdch a zlo\u017eit\u00fdch \u00faloh.<\/li>\n<li><strong>R\u00f4zne typy:<\/strong> V z\u00e1vislosti od prev\u00e1dzkov\u00fdch potrieb si pou\u017e\u00edvatelia m\u00f4\u017eu vybra\u0165 medzi jedno\u010dinn\u00fdmi (vyu\u017e\u00edvaj\u00facimi hydraulick\u00fa silu v jednom smere) a dvoj\u010dinn\u00fdmi (vyu\u017e\u00edvaj\u00facimi hydraulick\u00fa silu v oboch smeroch) valcami. Niektor\u00e9 modely s\u00fa teleskopick\u00e9, \u010do umo\u017e\u0148uje v\u00e4\u010d\u0161ie vysunutie bez zv\u00e4\u010d\u0161enia vonkaj\u0161\u00edch rozmerov, vhodn\u00e9 pre aplik\u00e1cie s obmedzen\u00fdm priestorom.<\/li>\n<li><strong>Z\u00e1kazkov\u00e1 v\u00fdroba:<\/strong> Na\u0161e produkty dok\u00e1\u017eu dokonale nahradi\u0165 r\u00f4zne hydraulick\u00e9 valce a zabezpe\u010duj\u00fa kompatibilitu s existuj\u00facimi strojmi.<\/li>\n<li><strong>Komplexn\u00e1 kontrola kvality:<\/strong> Ka\u017ed\u00fd valec v\u00fdlo\u017en\u00edka prech\u00e1dza pr\u00edsnym testovan\u00edm a kontrolami kvality, aby sa zabezpe\u010dilo splnenie \u0161tandardov odolnosti a v\u00fdkonu, a t\u00fdm aj spokojnos\u0165 z\u00e1kazn\u00edkov.<\/li>\n<\/ul>\n<p><img decoding=\"async\" src=\"https:\/\/www.hydraulic-cylinders.net\/wp-content\/uploads\/2025\/04\/songte-cylinder-head-with-all-kinds-excavator-models.webp\" alt=\"Modely bagrov\" \/><\/p>\n<h2>Scen\u00e1re pou\u017eitia valcov v\u00fdlo\u017en\u00edka<\/h2>\n<h3>Stavebn\u00e9 stroje<\/h3>\n<p>V r\u00fdpadl\u00e1ch s\u00fa valce v\u00fdlo\u017en\u00edka k\u013e\u00fa\u010dov\u00e9 pre kopanie, nakladanie a premiest\u0148ovanie zeminy alebo sutiny. Nielen\u017ee u\u013eah\u010duj\u00fa proces kopania, ale pom\u00e1haj\u00fa aj pri zdv\u00edhan\u00ed \u0165a\u017ek\u00fdch bremien, v\u010faka \u010domu s\u00fa nevyhnutn\u00e9 na stavenisk\u00e1ch, kde je prvorad\u00e1 efektivita a pevnos\u0165.<\/p>\n<h3>Po\u013enohospod\u00e1rske stroje<\/h3>\n<p>V \u010deln\u00fdch naklada\u010doch sa valce v\u00fdlo\u017en\u00edka pou\u017e\u00edvaj\u00fa na naberanie, zdv\u00edhanie a prepravu p\u00f4dy, sena a in\u00fdch materi\u00e1lov. Ich robustn\u00e1 kon\u0161trukcia umo\u017e\u0148uje efekt\u00edvne vykon\u00e1vanie r\u00f4znych po\u013enohospod\u00e1rskych \u00faloh a zabezpe\u010duje produktivitu na farm\u00e1ch a v po\u013enohospod\u00e1rskych prev\u00e1dzkach.<\/p>\n<h3>R\u00fdpadl\u00e1<\/h3>\n<p>V r\u00fdpadl\u00e1ch umo\u017e\u0148uje valec v\u00fdlo\u017en\u00edka efekt\u00edvne prenikanie ly\u017eice do p\u00f4dy, \u010d\u00edm sa zlep\u0161uje kopac\u00ed \u00fa\u010dinok. Jeho hydraulick\u00fd pohon zais\u0165uje r\u00fdchle a efekt\u00edvne vykon\u00e1vanie v\u00fdkopov\u00fdch pr\u00e1c, \u010d\u00edm sa maximalizuje produktivita na stavenisk\u00e1ch.<\/p>\n<h3>Naklada\u010de<\/h3>\n<p>V \u010deln\u00fdch naklada\u010doch zohr\u00e1vaj\u00fa valce v\u00fdlo\u017en\u00edka k\u013e\u00fa\u010dov\u00fa \u00falohu pri zdv\u00edhan\u00ed a vykladan\u00ed bremien. Ich schopnos\u0165 manipulova\u0165 s \u0165a\u017ek\u00fdmi materi\u00e1lmi a z\u00e1rove\u0148 zachov\u00e1va\u0165 stabilitu ich rob\u00ed nevyhnutn\u00fdmi pre efekt\u00edvnu manipul\u00e1ciu s materi\u00e1lom v r\u00f4znych odvetviach.<\/p>\n<h2>\u00davahy o dizajne a \u0161tandardy v\u00fdberu<\/h2>\n<h3>Nosnos\u0165<\/h3>\n<p>Jedn\u00fdm z najd\u00f4le\u017eitej\u0161\u00edch faktorov pri n\u00e1vrhu valcov ramena je ich nosnos\u0165. Valec mus\u00ed by\u0165 schopn\u00fd unies\u0165 maxim\u00e1lne hmotnosti, s ktor\u00fdmi sa stretne po\u010das prev\u00e1dzky, bez rizika poruchy. To zabezpe\u010duje, \u017ee strojn\u00e9 zariadenie m\u00f4\u017ee fungova\u0165 bezpe\u010dne a efekt\u00edvne, najm\u00e4 vo vysoko nam\u00e1han\u00fdch prostrediach.<\/p>\n<h3>Tesnenie<\/h3>\n<p>\u00da\u010dinn\u00e9 tesnenie je v hydraulick\u00fdch valcoch k\u013e\u00fa\u010dov\u00e9, aby sa zabr\u00e1nilo \u00faniku kvapaliny, \u010do m\u00f4\u017ee ohrozi\u0165 v\u00fdkon a bezpe\u010dnos\u0165. Vysokokvalitn\u00e9 tesnenia vyroben\u00e9 z odoln\u00fdch materi\u00e1lov s\u00fa nevyhnutn\u00e9 na udr\u017eanie hydraulick\u00e9ho tlaku a pred\u013a\u017eenie \u017eivotnosti.<\/p>\n<h3>Trvanlivos\u0165<\/h3>\n<p>Materi\u00e1ly pou\u017e\u00edvan\u00e9 pri v\u00fdrobe valcov ramena musia poskytova\u0165 v\u00fdnimo\u010dn\u00fa odolnos\u0165. To zah\u0155\u0148a odolnos\u0165 vo\u010di opotrebovaniu, ako aj schopnos\u0165 odol\u00e1va\u0165 drsn\u00fdm podmienkam prostredia. Dobre navrhnut\u00fd valec pon\u00faka dlh\u00fa \u017eivotnos\u0165, \u010d\u00edm sa minimalizuje potreba v\u00fdmeny.<\/p>\n<h3>Bezpe\u010dnostn\u00e9 prvky<\/h3>\n<p>Bezpe\u010dnos\u0165 je v hydraulick\u00fdch syst\u00e9moch mimoriadne d\u00f4le\u017eit\u00e1. Valce ramena by mali by\u0165 vybaven\u00e9 bezpe\u010dnostn\u00fdmi prvkami, ako s\u00fa pretlakov\u00e9 ventily, a mali by ma\u0165 robustn\u00fa kon\u0161trukciu, aby sa predi\u0161lo katastrofick\u00fdm poruch\u00e1m. Pravideln\u00e9 bezpe\u010dnostn\u00e9 kontroly a dodr\u017eiavanie prev\u00e1dzkov\u00fdch pokynov \u010falej zvy\u0161uj\u00fa bezpe\u010dnos\u0165 hydraulick\u00fdch zariaden\u00ed.<\/p>\n<h3>\u00dadr\u017eba a opravite\u013enos\u0165<\/h3>\n<p>Navrhovanie valcov v\u00fdlo\u017en\u00edka s oh\u013eadom na \u00fadr\u017ebu umo\u017e\u0148uje jednoduch\u0161ie opravy a v\u00fdmeny. Funkcie, ako s\u00fa pr\u00edstupn\u00e9 tesnenia a mazacie body, zabezpe\u010duj\u00fa, \u017ee be\u017en\u00fa \u00fadr\u017ebu je mo\u017en\u00e9 vykon\u00e1va\u0165 s minim\u00e1lnymi prestojmi, \u010do prispieva k celkovej efekt\u00edvnosti prev\u00e1dzky.<\/p>\n<p><img decoding=\"async\" src=\"https:\/\/www.hydraulic-cylinders.net\/wp-content\/uploads\/2025\/04\/songte-oil-pipes-and-spare-parts.webp\" alt=\"Olejov\u00e9 potrubia a n\u00e1hradn\u00e9 diely\" \/><\/p>\n<h2>Tesnenie a mazanie valcov v\u00fdlo\u017en\u00edka<\/h2>\n<p>Spr\u00e1vne tesnenie a mazanie s\u00fa k\u013e\u00fa\u010dov\u00e9 pre funk\u010dnos\u0165 valcov v\u00fdlo\u017en\u00edka. Na zabezpe\u010denie tesn\u00e9ho utesnenia a zabr\u00e1nenie \u00faniku hydraulickej kvapaliny sa pou\u017e\u00edvaj\u00fa r\u00f4zne tesnenia, ako napr\u00edklad tesnenia piestov a ty\u010d\u00ed. Materi\u00e1ly ako polyuret\u00e1n a nitrilov\u00e1 guma sa be\u017ene pou\u017e\u00edvaj\u00fa pre svoju odolnos\u0165 vo\u010di opotrebovaniu a dlh\u00fa \u017eivotnos\u0165.<\/p>\n<p>Povrchy telesa valca a z\u00e1vitov\u00fdch koncov s\u00fa prec\u00edzne opracovan\u00e9, aby sa zv\u00fd\u0161ila odolnos\u0165 a zn\u00ed\u017eilo opotrebenie. Je tie\u017e nevyhnutn\u00e9 pravidelne dop\u013a\u0148a\u0165 hydraulick\u00fd olej, aby sa udr\u017ealo optim\u00e1lne mazanie, zabezpe\u010dila sa plynul\u00e1 prev\u00e1dzka a zn\u00ed\u017eilo sa trenie medzi pohybliv\u00fdmi \u010das\u0165ami.<\/p>\n<h2>Pravideln\u00e1 kontrola a opatrenia prevent\u00edvnej \u00fadr\u017eby<\/h2>\n<ul>\n<li><strong>Rutinn\u00e1 kontrola:<\/strong> Pravidelne vykon\u00e1vajte vizu\u00e1lne kontroly valca, \u010di nevykazuje zn\u00e1mky opotrebovania, netesnost\u00ed alebo po\u0161kodenia. Tento proakt\u00edvny pr\u00edstup dok\u00e1\u017ee identifikova\u0165 probl\u00e9my sk\u00f4r, ako sa premenia na v\u00e4\u010d\u0161ie probl\u00e9my.<\/li>\n<li><strong>Vhodn\u00e9 mazanie:<\/strong> Udr\u017eiavajte spr\u00e1vnu hladinu mazania v hydraulickom syst\u00e9me. Pravidelne kontrolujte hladinu a kvalitu oleja, aby ste zabezpe\u010dili bezprobl\u00e9mov\u00fa prev\u00e1dzku hydraulick\u00e9ho syst\u00e9mu.<\/li>\n<li><strong>V\u00fdmena tesnenia:<\/strong> Sledujte stav tesnen\u00ed a v pr\u00edpade potreby ich vyme\u0148te, aby ste predi\u0161li \u00fanikom a zachovali integritu syst\u00e9mu.<\/li>\n<\/ul>\n<h2>Pokyny na in\u0161tal\u00e1ciu valcov v\u00fdlo\u017en\u00edka<\/h2>\n<p>Spr\u00e1vna in\u0161tal\u00e1cia valcov ramena je nevyhnutn\u00e1 pre ich v\u00fdkon a dlh\u00fa \u017eivotnos\u0165. Za\u010dnite t\u00fdm, \u017ee sa uist\u00edte, \u017ee mont\u00e1\u017ene povrchy s\u00fa \u010dist\u00e9 a bez ne\u010dist\u00f4t. Zarovnajte valec s mont\u00e1\u017enymi bodmi na stroji, aby ste zabezpe\u010dili spr\u00e1vne ulo\u017eenie.<\/p>\n<p>Na pevn\u00e9 upevnenie valca na mieste pou\u017eite vhodn\u00e9 mont\u00e1\u017ene konzoly, ktor\u00e9 zabr\u00e1nia jeho pohybu po\u010das prev\u00e1dzky. Po in\u0161tal\u00e1cii vykonajte d\u00f4kladn\u00fa kontrolu, aby ste overili, \u010di s\u00fa v\u0161etky pripojenia tesn\u00e9 a \u010di s\u00fa hydraulick\u00e9 vedenia spr\u00e1vne veden\u00e9 bez zalomen\u00ed alebo ostr\u00fdch ohybov.<\/p>\n<p>Po in\u0161tal\u00e1cii skontrolujte tesnos\u0165 hydraulick\u00e9ho syst\u00e9mu a vykonajte tlakov\u00fa sk\u00fa\u0161ku, aby ste sa uistili o jeho funk\u010dnosti. Je nevyhnutn\u00e9 dodr\u017eiava\u0165 odpor\u00fa\u010dania v\u00fdrobcu pre in\u0161tal\u00e1ciu, aby ste sa v bud\u00facnosti vyhli potenci\u00e1lnym probl\u00e9mom.<\/p>\n<h2>Be\u017en\u00e9 \u00falohy \u00fadr\u017eby<\/h2>\n<ul>\n<li><strong>Pravideln\u00e9 kontroly:<\/strong> Napl\u00e1nujte si \u010dast\u00e9 kontroly, aby ste v\u010das odhalili potenci\u00e1lne probl\u00e9my. Patria sem kontrola netesnost\u00ed, opotrebovania a akejko\u013evek abnorm\u00e1lnej prev\u00e1dzky.<\/li>\n<li><strong>Spr\u00e1vne mazanie:<\/strong> Uistite sa, \u017ee hydraulick\u00fd olej je na spr\u00e1vnej hladine a v dobrom stave. Vyme\u0148te v\u0161etok kontaminovan\u00fd olej, aby ste zachovali optim\u00e1lny v\u00fdkon.<\/li>\n<li><strong>V\u00fdmena tesnenia a kontroly kalibr\u00e1cie:<\/strong> Pravidelne kontrolujte tesnenia, \u010di nie s\u00fa opotrebovan\u00e9, a pod\u013ea potreby ich vyme\u0148te, aby ste predi\u0161li \u00fanikom. Hydraulick\u00fd syst\u00e9m pravidelne kalibrujte, aby ste zachovali presnos\u0165 a \u00fa\u010dinnos\u0165.<\/li>\n<\/ul>\n<p>Spr\u00e1vna in\u0161tal\u00e1cia, mazanie a nastavenie valcov v\u00fdlo\u017en\u00edka s\u00fa k\u013e\u00fa\u010dov\u00e9 pre ich v\u00fdkon. Po\u010das in\u0161tal\u00e1cie zabezpe\u010dte spr\u00e1vne zarovnanie valca a na jeho upevnenie pou\u017eite vhodn\u00e9 podporn\u00e9 konzoly. Dodr\u017eujte odpor\u00fa\u010dan\u00e9 postupy kontroly, opravy a v\u00fdmeny, aby ste maximalizovali \u017eivotnos\u0165 produktu.<\/p>\n<p><img decoding=\"async\" src=\"https:\/\/www.hydraulic-cylinders.net\/wp-content\/uploads\/2025\/04\/songte-chushion-collar.webp\" alt=\"Vank\u00fa\u0161ov\u00fd golier\" \/><\/p>\n<h2>Bezpe\u010dnostn\u00e9 aspekty a faktory prostredia<\/h2>\n<p>Pri pou\u017e\u00edvan\u00ed hydraulick\u00fdch valcov v\u00fdlo\u017en\u00edka je nevyhnutn\u00e9 uprednostni\u0165 bezpe\u010dnostn\u00e9 opatrenia na ochranu obsluhy a zariadenia. Zabezpe\u010dte dodr\u017eiavanie v\u0161etk\u00fdch bezpe\u010dnostn\u00fdch protokolov, aby sa minimalizovali rizik\u00e1 spojen\u00e9 s hydraulick\u00fdmi syst\u00e9mami, najm\u00e4 pri pr\u00e1ci s \u0165a\u017ek\u00fdmi bremenami. \u0160kolenie obsluhy o spr\u00e1vnom pou\u017e\u00edvan\u00ed strojov vybaven\u00fdch valcami v\u00fdlo\u017en\u00edka m\u00f4\u017ee v\u00fdrazne zv\u00fd\u0161i\u0165 bezpe\u010dnos\u0165 na pracovisk\u00e1ch.<\/p>\n<h2>Rie\u0161enie probl\u00e9mov a be\u017en\u00e9 probl\u00e9my<\/h2>\n<ul>\n<li><strong>\u00danik:<\/strong> Jedn\u00fdm z naj\u010dastej\u0161\u00edch probl\u00e9mov s valcami v\u00fdlo\u017en\u00edka je netesnos\u0165, \u010dasto sp\u00f4soben\u00e1 opotrebovan\u00fdmi tesneniami alebo po\u0161koden\u00fdmi komponentmi. Pravideln\u00e1 \u00fadr\u017eba a v\u010dasn\u00e1 v\u00fdmena m\u00f4\u017eu tomuto probl\u00e9mu pred\u00eds\u0165.<\/li>\n<li><strong>Slab\u00fd v\u00fdkon:<\/strong> Ak valec nefunguje hladko, m\u00f4\u017ee to by\u0165 sp\u00f4soben\u00e9 vzduchom v hydraulickom syst\u00e9me alebo nedostato\u010dn\u00fdm mno\u017estvom hydraulickej kvapaliny. Odvzdu\u0161nite syst\u00e9m a skontrolujte hladiny kvapal\u00edn, aby ste obnovili jeho funk\u010dnos\u0165.<\/li>\n<li><strong>Neo\u010dak\u00e1van\u00fd pohyb:<\/strong> Ak sa valec neo\u010dak\u00e1vane pohybuje, skontrolujte ovl\u00e1dac\u00ed syst\u00e9m, \u010di nie je poru\u0161en\u00fd. Uistite sa, \u017ee ovl\u00e1dacie prvky funguj\u00fa spr\u00e1vne a \u017ee \u017eiadne prek\u00e1\u017eky neovplyv\u0148uj\u00fa prev\u00e1dzku.<\/li>\n<\/ul>\n<p>Pre efekt\u00edvne rie\u0161enie probl\u00e9mov je nevyhnutn\u00e9 vykona\u0165 d\u00f4kladn\u00fa diagnostiku a dodr\u017eiava\u0165 protokoly na rie\u0161enie probl\u00e9mov. Zave\u010fte prevent\u00edvne opatrenia na minimaliz\u00e1ciu v\u00fdskytu be\u017en\u00fdch probl\u00e9mov a zabezpe\u010dte spo\u013eahliv\u00fd a efekt\u00edvny hydraulick\u00fd syst\u00e9m.<\/p>\n<p><img decoding=\"async\" src=\"https:\/\/www.hydraulic-cylinders.net\/wp-content\/uploads\/2025\/04\/songte-bushings-with-all-kinds-of-excavator-models.webp\" alt=\"Puzdr\u00e1 pre modely r\u00fdpadiel\" \/><\/p>\n<h2>O na\u0161ej spolo\u010dnosti<\/h2>\n<p>Sme popredn\u00fdm v\u00fdrobcom n\u00e1hradn\u00fdch hydraulick\u00fdch valcov a pon\u00fakame komplexn\u00fd sortiment produktov, ktor\u00e9 uspokoja rozmanit\u00e9 potreby trhu. N\u00e1\u0161 z\u00e1v\u00e4zok k vynikaj\u00facej kvalite n\u00e1s etabloval ako popredn\u00e9ho hr\u00e1\u010da na dom\u00e1com aj medzin\u00e1rodnom trhu. V\u010faka pokro\u010dil\u00fdm v\u00fdrobn\u00fdm strat\u00e9gi\u00e1m a zameraniu na presnos\u0165 zvy\u0161ujeme na\u0161e v\u00fdrobn\u00e9 kapacity.<\/p>\n<p>N\u00e1\u0161 t\u00edm kvalifikovan\u00fdch odborn\u00edkov vyu\u017e\u00edva \u0161pi\u010dkov\u00e9 digit\u00e1lne v\u00fdrobn\u00e9 zariadenia a \u0161pecializovan\u00e9 testovacie syst\u00e9my, aby zabezpe\u010dil, \u017ee ka\u017ed\u00fd produkt sp\u013a\u0148a pr\u00edsne \u0161tandardy kvality. Uprednost\u0148ujeme efekt\u00edvnos\u0165, presnos\u0165 a vysoko kvalitn\u00e9 v\u00fdstupy, aby sme splnili rozmanit\u00e9 po\u017eiadavky na\u0161ich z\u00e1kazn\u00edkov.<\/p>\n<p>Pon\u00fakame slu\u017eby na mieru prisp\u00f4soben\u00e9 \u0161pecifick\u00fdm potreb\u00e1m klientov a zabezpe\u010dujeme, aby na\u0161e produkty dokonale vyhovovali r\u00f4znym aplik\u00e1ci\u00e1m. Na\u0161a popredajn\u00e1 podpora zaru\u010duje, \u017ee klienti dostan\u00fa potrebn\u00fa pomoc, a t\u00fdm podporujeme dlhodob\u00e9 vz\u0165ahy zalo\u017een\u00e9 na spokojnosti a d\u00f4vere.<\/p>\n<p><img decoding=\"async\" src=\"https:\/\/www.hydraulic-cylinders.net\/wp-content\/uploads\/2025\/04\/songte-company-4.webp\" alt=\"Obr\u00e1zok spolo\u010dnosti 1\" \/><br \/>\n<img decoding=\"async\" src=\"https:\/\/www.hydraulic-cylinders.net\/wp-content\/uploads\/2025\/04\/songte-company-3.webp\" alt=\"Obr\u00e1zok spolo\u010dnosti 2\" \/><\/p>\n<p>Autor: lyl<\/p>","protected":false},"excerpt":{"rendered":"<p>Boom Cylinder For Grand CME85-9 Introduction to Boom Cylinders The Boom Cylinder is a vital component in hydraulic systems, specifically designed for controlling the movement of buckets in various heavy machinery such as excavators, backhoe loaders, and front-end loaders. This hydraulic cylinder is responsible for raising, lowering, and tilting the bucket, facilitating efficient material handling [&hellip;]<\/p>","protected":false},"featured_media":17876,"comment_status":"open","ping_status":"closed","template":"","meta":{"_et_pb_use_builder":"","_et_pb_old_content":"","_et_gb_content_width":""},"product_brand":[],"product_cat":[1546],"product_tag":[1547,1496],"class_list":{"0":"post-19100","1":"product","2":"type-product","3":"status-publish","4":"has-post-thumbnail","6":"product_cat-boom-cylinders","7":"product_tag-boom-cylinders","8":"product_tag-hydraulic-cylinders","10":"first","11":"instock","12":"shipping-taxable","13":"product-type-simple"},"amp_enabled":true,"_links":{"self":[{"href":"https:\/\/www.hydraulic-cylinders.net\/sk\/wp-json\/wp\/v2\/product\/19100","targetHints":{"allow":["GET"]}}],"collection":[{"href":"https:\/\/www.hydraulic-cylinders.net\/sk\/wp-json\/wp\/v2\/product"}],"about":[{"href":"https:\/\/www.hydraulic-cylinders.net\/sk\/wp-json\/wp\/v2\/types\/product"}],"replies":[{"embeddable":true,"href":"https:\/\/www.hydraulic-cylinders.net\/sk\/wp-json\/wp\/v2\/comments?post=19100"}],"wp:featuredmedia":[{"embeddable":true,"href":"https:\/\/www.hydraulic-cylinders.net\/sk\/wp-json\/wp\/v2\/media\/17876"}],"wp:attachment":[{"href":"https:\/\/www.hydraulic-cylinders.net\/sk\/wp-json\/wp\/v2\/media?parent=19100"}],"wp:term":[{"taxonomy":"product_brand","embeddable":true,"href":"https:\/\/www.hydraulic-cylinders.net\/sk\/wp-json\/wp\/v2\/product_brand?post=19100"},{"taxonomy":"product_cat","embeddable":true,"href":"https:\/\/www.hydraulic-cylinders.net\/sk\/wp-json\/wp\/v2\/product_cat?post=19100"},{"taxonomy":"product_tag","embeddable":true,"href":"https:\/\/www.hydraulic-cylinders.net\/sk\/wp-json\/wp\/v2\/product_tag?post=19100"}],"curies":[{"name":"pracovn\u00fd list","href":"https:\/\/api.w.org\/{rel}","templated":true}]}}