{"id":19114,"date":"2025-04-07T06:13:31","date_gmt":"2025-04-07T06:13:31","guid":{"rendered":"https:\/\/www.hydraulic-cylinders.net\/product\/boom-cylinder-for-volvo-middle-excavator-ec200bp\/"},"modified":"2025-04-07T06:13:33","modified_gmt":"2025-04-07T06:13:33","slug":"boom-cylinder-for-volvo-middle-excavator-ec200bp","status":"publish","type":"product","link":"https:\/\/www.hydraulic-cylinders.net\/sk\/produkt\/boom-cylinder-for-volvo-middle-excavator-ec200bp\/","title":{"rendered":"Valec v\u00fdlo\u017en\u00edka pre stredn\u00e9 r\u00fdpadlo Volvo EC200BP"},"content":{"rendered":"<h1>Valec v\u00fdlo\u017en\u00edka pre stredn\u00e9 r\u00fdpadlo Volvo EC200BP<\/h1>\n<h2>Preh\u013ead produktu<\/h2>\n<p>Hydraulick\u00fd valec v\u00fdlo\u017en\u00edka pre stredn\u00e9 r\u00fdpadlo Volvo EC200BP je z\u00e1kladnou s\u00fa\u010das\u0165ou hydraulick\u00e9ho syst\u00e9mu r\u00fdpadiel. Tento hydraulick\u00fd valec je \u0161peci\u00e1lne navrhnut\u00fd na ovl\u00e1danie pohybu v\u00fdlo\u017en\u00edka, \u010do umo\u017e\u0148uje presn\u00e9 zdv\u00edhanie, sp\u00fa\u0161\u0165anie a nakl\u00e1\u0148anie. V \u0165a\u017ek\u00fdch strojoch, ako s\u00fa r\u00fdpadl\u00e1, r\u00fdpadl\u00e1-naklada\u010de a \u010deln\u00e9 naklada\u010de, hr\u00e1 valec ly\u017eice k\u013e\u00fa\u010dov\u00fa \u00falohu pri efekt\u00edvnom zvl\u00e1dan\u00ed \u00faloh prepravy materi\u00e1lu.<\/p>\n<p><img decoding=\"async\" src=\"https:\/\/www.hydraulic-cylinders.net\/wp-content\/uploads\/2025\/04\/songte-company-1.webp\" alt=\"Valec v\u00fdlo\u017en\u00edka\" \/><\/p>\n<h3>Defin\u00edcia valca vedra<\/h3>\n<p>Hydraulick\u00fd valec ly\u017eice je typ hydraulick\u00e9ho valca ur\u010den\u00e9ho na ovl\u00e1danie pohybu ly\u017eice v r\u00f4znych \u0165a\u017ek\u00fdch strojoch. Umo\u017e\u0148uje ly\u017eici zdv\u00edha\u0165, sp\u00fa\u0161\u0165a\u0165 a nakl\u00e1\u0148a\u0165, \u010do u\u013eah\u010duje efekt\u00edvnu manipul\u00e1ciu s materi\u00e1lom. Prev\u00e1dzka t\u00fdchto valcov je nevyhnutn\u00e1 a umo\u017e\u0148uje \u0161irok\u00fa \u0161k\u00e1lu aplik\u00e1ci\u00ed od v\u00fdkopov\u00fdch pr\u00e1c a\u017e po zdv\u00edhanie a prepravu materi\u00e1lov.<\/p>\n<h2>K\u013e\u00fa\u010dov\u00e9 vlastnosti valca v\u00fdlo\u017en\u00edka<\/h2>\n<ul>\n<li><strong>Vysok\u00e1 pevnos\u0165 a odolnos\u0165:<\/strong> Tieto valce, ktor\u00e9 s\u00fa zvy\u010dajne vyroben\u00e9 z vysokopevnostnej ocele alebo hlin\u00edka, odol\u00e1vaj\u00fa vysok\u00e9mu tlaku a \u0165a\u017ek\u00fdm za\u0165a\u017eeniam, v\u010faka \u010domu s\u00fa vhodn\u00e9 do n\u00e1ro\u010dn\u00fdch pracovn\u00fdch prostred\u00ed.<\/li>\n<li><strong>Efekt\u00edvna hydraulick\u00e1 prev\u00e1dzka:<\/strong> Na dosiahnutie plynul\u00e9ho vys\u00favania a zas\u00favania pou\u017e\u00edvaj\u00fa hydraulick\u00fd tlak oleja, \u010d\u00edm poskytuj\u00fa siln\u00fa \u0165a\u017en\u00fa a tla\u010dn\u00fa silu na manipul\u00e1ciu s \u0165a\u017ek\u00fdmi materi\u00e1lmi a zlo\u017eit\u00fdmi \u00falohami.<\/li>\n<li><strong>R\u00f4zne typy:<\/strong> K dispoz\u00edcii s\u00fa jedno\u010dinn\u00e9 (s hydraulick\u00fdm pohonom v jednom smere) alebo dvoj\u010dinn\u00e9 (s hydraulick\u00fdm pohonom v oboch smeroch) konfigur\u00e1cie, niektor\u00e9 modely maj\u00fa dokonca teleskopick\u00fa kon\u0161trukciu pre v\u00e4\u010d\u0161\u00ed dosah bez zv\u00e4\u010d\u0161enia vonkaj\u0161\u00edch rozmerov.<\/li>\n<li><strong>Odolnos\u0165 proti kor\u00f3zii:<\/strong> Navrhnut\u00e9 z materi\u00e1lov, ktor\u00e9 odol\u00e1vaj\u00fa kor\u00f3zii a opotrebovaniu, \u010d\u00edm sa predl\u017euje \u017eivotnos\u0165 a spo\u013eahlivos\u0165 valca.<\/li>\n<li><strong>Presn\u00e9 in\u017einierstvo:<\/strong> Vyroben\u00e9 s vysokou presnos\u0165ou pre zaistenie optim\u00e1lneho v\u00fdkonu a spo\u013eahlivosti v n\u00e1ro\u010dn\u00fdch aplik\u00e1ci\u00e1ch.<\/li>\n<\/ul>\n<p>N\u00e1\u0161 produkt dok\u00e1\u017ee dokonale nahradi\u0165 tieto hydraulick\u00e9 valce a pon\u00faka v\u00fdnimo\u010dn\u00fd v\u00fdkon a spo\u013eahlivos\u0165.<\/p>\n<p><img decoding=\"async\" src=\"https:\/\/www.hydraulic-cylinders.net\/wp-content\/uploads\/2025\/04\/songte-cylinder-head-with-all-kinds-excavator-models.webp\" alt=\"Hydraulick\u00fd valec pre bagre\" \/><\/p>\n<h2>Aplik\u00e1cie valca v\u00fdlo\u017en\u00edka<\/h2>\n<h3>Stavebn\u00e9 stroje<\/h3>\n<p>V r\u00fdpadl\u00e1ch s\u00fa valce v\u00fdlo\u017en\u00edka k\u013e\u00fa\u010dov\u00e9 pre kopanie, nakladanie a premiest\u0148ovanie zeminy alebo sutiny. Ich kon\u0161trukcia umo\u017e\u0148uje obsluhe dosiahnu\u0165 maxim\u00e1lne preniknutie do zeme, v\u010faka \u010domu s\u00fa v\u00fdkopov\u00e9 \u00falohy efekt\u00edvne a \u00fa\u010dinn\u00e9. Schopnos\u0165 ovl\u00e1da\u0165 uhol v\u00fdlo\u017en\u00edka zvy\u0161uje v\u0161estrannos\u0165 r\u00fdpadiel na stavenisk\u00e1ch a umo\u017e\u0148uje vykon\u00e1va\u0165 r\u00f4zne typy pr\u00e1c od ter\u00e9nnych \u00faprav a\u017e po v\u00fdkopov\u00e9 pr\u00e1ce.<\/p>\n<h3>Po\u013enohospod\u00e1rske stroje<\/h3>\n<p>Pou\u017eitie valcov v\u00fdlo\u017en\u00edka v \u010deln\u00fdch naklada\u010doch umo\u017e\u0148uje efekt\u00edvne naberanie, zdv\u00edhanie a prepravu p\u00f4dy, sena a in\u00fdch materi\u00e1lov. Ich robustnos\u0165 zabezpe\u010duje, \u017ee po\u013enohospod\u00e1ri m\u00f4\u017eu manipulova\u0165 s \u0165a\u017ek\u00fdmi bremenami bez ob\u00e1v z poruchy zariaden\u00ed, \u010d\u00edm sa zvy\u0161uje produktivita po\u010das zberu \u00farody a obhospodarovania p\u00f4dy.<\/p>\n<h3>R\u00fdpadl\u00e1<\/h3>\n<p>In excavators, boom cylinders facilitate digging by allowing the bucket to penetrate deeply into the soil. This capability significantly increases the machine&#8217;s overall digging efficiency, making it an indispensable part of the equipment during excavation projects.<\/p>\n<h3>Naklada\u010de<\/h3>\n<p>V \u010deln\u00fdch naklada\u010doch prispievaj\u00fa valce v\u00fdlo\u017en\u00edka k efekt\u00edvnemu zdv\u00edhaniu a vykladaniu materi\u00e1lov. T\u00e1to funkcia je nevyhnutn\u00e1 pre oper\u00e1cie, ako je nakladanie n\u00e1kladn\u00fdch vozidiel alebo distrib\u00facia materi\u00e1lov na stavenisku, \u010d\u00edm sa zabezpe\u010duje r\u00fdchle a efekt\u00edvne dokon\u010denie \u00faloh.<\/p>\n<h2>\u00davahy o dizajne a krit\u00e9ri\u00e1 v\u00fdberu<\/h2>\n<h3>Nosnos\u0165<\/h3>\n<p>Pri v\u00fdbere valca ramena je prvorad\u00e9 pochopenie nosnosti. Valec mus\u00ed by\u0165 schopn\u00fd zvl\u00e1dnu\u0165 maxim\u00e1lnu hmotnos\u0165, ktorej bude vystaven\u00fd po\u010das prev\u00e1dzky. Valec s nedostato\u010dnou nosnos\u0165ou m\u00f4\u017ee zlyha\u0165, \u010do vedie k n\u00e1kladn\u00fdm prestojom a potenci\u00e1lnym bezpe\u010dnostn\u00fdm rizik\u00e1m.<\/p>\n<h3>Integrita tesnenia<\/h3>\n<p>Tesnenie je v hydraulick\u00fdch valcoch k\u013e\u00fa\u010dov\u00e9, aby sa zabr\u00e1nilo \u00faniku kvapaliny a zabezpe\u010dila sa efekt\u00edvna prev\u00e1dzka. Vysokokvalitn\u00e9 tesnenia vyroben\u00e9 z odoln\u00fdch materi\u00e1lov, ako je polyuret\u00e1n alebo nitrilov\u00e1 guma, s\u00fa nevyhnutn\u00e9 na zachovanie integrity tesnenia v priebehu \u010dasu, a to aj pri extr\u00e9mnych zmen\u00e1ch tlaku a teploty.<\/p>\n<h3>Trvanlivos\u0165<\/h3>\n<p>Trvanlivos\u0165 valca ramena je ovplyvnen\u00e1 jeho materi\u00e1lmi a kon\u0161truk\u010dn\u00fdmi met\u00f3dami. Valce musia odol\u00e1va\u0165 n\u00e1ro\u010dn\u00fdm prev\u00e1dzkov\u00fdm podmienkam vr\u00e1tane vystavenia r\u00f4znym \u017eivlom a intenz\u00edvnemu pou\u017e\u00edvaniu. V\u00fdber produktu navrhnut\u00e9ho pre dlh\u00fa \u017eivotnos\u0165 m\u00f4\u017ee v\u00fdrazne zn\u00ed\u017ei\u0165 n\u00e1klady na \u00fadr\u017ebu a zv\u00fd\u0161i\u0165 celkov\u00fa \u00fa\u010dinnos\u0165.<\/p>\n<h3>Bezpe\u010dnostn\u00e9 prvky<\/h3>\n<p>Za\u010dlenenie bezpe\u010dnostn\u00fdch prvkov do kon\u0161trukcie valca v\u00fdlo\u017en\u00edka je nevyhnutn\u00e9 pre ochranu obsluhy a zariadenia. Medzi tieto prvky m\u00f4\u017eu patri\u0165 pretlakov\u00e9 ventily a pokro\u010dil\u00e9 blokovacie mechanizmy, ktor\u00e9 zabra\u0148uj\u00fa n\u00e1hodn\u00fdm pohybom po\u010das \u00fadr\u017eby alebo prev\u00e1dzky.<\/p>\n<h3>\u00davahy o \u00fadr\u017ebe<\/h3>\n<p>Jednoduch\u00e1 \u00fadr\u017eba je pri v\u00fdbere valca v\u00fdlo\u017en\u00edka k\u013e\u00fa\u010dov\u00fdm faktorom. Komponenty by mali by\u0165 navrhnut\u00e9 pre jednoduch\u00fa kontrolu a opravu, \u010do by umo\u017enilo minim\u00e1lne prestoje a zabezpe\u010dilo by, \u017ee stroj zostane \u010do najdlh\u0161ie prev\u00e1dzkyschopn\u00fd. Pravideln\u00e9 kontroly \u00fadr\u017eby s\u00fa k\u013e\u00fa\u010dov\u00e9 pre pred\u013a\u017eenie \u017eivotnosti zariadenia.<\/p>\n<p><img decoding=\"async\" src=\"https:\/\/www.hydraulic-cylinders.net\/wp-content\/uploads\/2025\/04\/songte-oil-pipes-and-spare-parts.webp\" alt=\"Hydraulick\u00e9 komponenty\" \/><\/p>\n<h2>Tesnenie a mazanie valca<\/h2>\n<p>\u00da\u010dinn\u00e9 tesnenie a mazanie s\u00fa nevyhnutn\u00e9 pre hladk\u00fd chod hydraulick\u00fdch valcov. Na zabr\u00e1nenie \u00faniku kvapaliny a udr\u017eanie tlaku sa pou\u017e\u00edvaj\u00fa r\u00f4zne tesniace komponenty, ako s\u00fa tesnenia piestov a tesnenia ty\u010d\u00ed. Vysokokvalitn\u00e9 tesniace materi\u00e1ly, ako je polyuret\u00e1n a nitrilov\u00e1 guma, sa vyberaj\u00fa pre svoju odolnos\u0165 vo\u010di opotrebovaniu. Okrem toho s\u00fa teleso valca a z\u00e1vitov\u00e9 koncov\u00e9 povrchy jemne opracovan\u00e9, aby sa zv\u00fd\u0161ila odolnos\u0165. Pravideln\u00e9 mazanie vhodn\u00fdm hydraulick\u00fdm olejom je nevyhnutn\u00e9 na zabezpe\u010denie hladk\u00e9ho chodu a zabr\u00e1nenie opotrebovaniu v priebehu \u010dasu.<\/p>\n<h2>Pravideln\u00e1 kontrola a opatrenia prevent\u00edvnej \u00fadr\u017eby<\/h2>\n<ul>\n<li><strong>Rutinn\u00e1 kontrola:<\/strong> Pravideln\u00e9 kontroly \u00fanikov, opotrebovania alebo po\u0161kodenia zabezpe\u010duj\u00fa v\u010dasn\u00e9 odhalenie potenci\u00e1lnych probl\u00e9mov, ktor\u00e9 by sa mohli eskalova\u0165, ak by sa nerie\u0161ili.<\/li>\n<li><strong>Mazanie:<\/strong> Pravideln\u00e9 mazanie valca spr\u00e1vnym typom hydraulick\u00e9ho oleja je nevyhnutn\u00e9 pre udr\u017eanie v\u00fdkonu a pred\u013a\u017eenie \u017eivotnosti tesnen\u00ed.<\/li>\n<li><strong>V\u00fdmena tesnenia:<\/strong> Kontrola opotrebovania tesnen\u00ed a ich v\u00fdmena v pr\u00edpade potreby je k\u013e\u00fa\u010dov\u00e1 pre udr\u017eanie hydraulickej integrity a prevenciu \u00fanikov.<\/li>\n<\/ul>\n<h2>Pokyny na in\u0161tal\u00e1ciu<\/h2>\n<p>Proper installation of the boom cylinder is crucial for optimal performance. Start by ensuring that all mounting points are free of debris and damage. Align the cylinder correctly, using appropriate installation brackets to secure it in place. It is essential to follow the manufacturer&#8217;s specifications regarding torque settings and positioning. After installation, test the cylinder&#8217;s operation to ensure it functions as intended and check for any signs of leakage. Regularly review the installation and adjust as needed to maintain alignment.<\/p>\n<h2>Be\u017en\u00e9 \u00falohy \u00fadr\u017eby<\/h2>\n<ul>\n<li><strong>Pravideln\u00e9 kontroly:<\/strong> Vykon\u00e1vanie pravideln\u00fdch kontrol opotrebovania, netesnost\u00ed a celkov\u00e9ho stavu m\u00f4\u017ee pred\u00eds\u0165 z\u00e1va\u017enej\u0161\u00edm probl\u00e9mom. V\u010dasn\u00e9 odhalenie je k\u013e\u00fa\u010dom k predch\u00e1dzaniu poruch\u00e1m.<\/li>\n<li><strong>Spr\u00e1vne mazanie:<\/strong> Zabezpe\u010denie dostato\u010dn\u00e9ho mazania valca zabra\u0148uje nadmern\u00e9mu opotrebovaniu, predl\u017euje jeho \u017eivotnos\u0165 a zlep\u0161uje v\u00fdkon.<\/li>\n<li><strong>V\u00fdmena tesnenia a kontroly kalibr\u00e1cie:<\/strong> Pravideln\u00e1 kontrola a v\u00fdmena opotrebovan\u00fdch tesnen\u00ed pom\u00e1ha udr\u017eiava\u0165 tlak a \u00fa\u010dinnos\u0165 v hydraulickom syst\u00e9me. Kalibra\u010dn\u00e9 kontroly zabezpe\u010duj\u00fa, \u017ee valec pracuje v r\u00e1mci stanoven\u00fdch limitov.<\/li>\n<\/ul>\n<h2>Bezpe\u010dnostn\u00e9 aspekty a faktory prostredia<\/h2>\n<p>Pri pou\u017e\u00edvan\u00ed hydraulick\u00fdch produktov, ako s\u00fa napr\u00edklad valce v\u00fdlo\u017en\u00edka, s\u00fa bezpe\u010dnostn\u00e9 opatrenia prvorad\u00e9. Spr\u00e1vne \u0161kolenie obsluhy pom\u00e1ha minimalizova\u0165 riziko neh\u00f4d. Okrem toho dodr\u017eiavanie environment\u00e1lnych pokynov po\u010das \u00fadr\u017eby a prev\u00e1dzky m\u00f4\u017ee zn\u00ed\u017ei\u0165 vplyv na \u017eivotn\u00e9 prostredie a zabezpe\u010di\u0165 spr\u00e1vnu likvid\u00e1ciu hydraulick\u00fdch kvapal\u00edn, aby sa predi\u0161lo kontamin\u00e1cii.<\/p>\n<h2>Rie\u0161enie probl\u00e9mov a be\u017en\u00e9 probl\u00e9my<\/h2>\n<ul>\n<li><strong>\u00daniky hydraulickej kvapaliny:<\/strong> \u00daniky, ktor\u00e9 s\u00fa be\u017ene sp\u00f4soben\u00e9 opotrebovan\u00fdmi tesneniami, m\u00f4\u017eu vies\u0165 k zn\u00ed\u017eeniu v\u00fdkonu. Tesnenia pravidelne kontrolujte a pod\u013ea potreby ich vymie\u0148ajte.<\/li>\n<li><strong>Pomal\u00fd alebo nepravideln\u00fd pohyb:<\/strong> \u010casto to nazna\u010duje vzduch v hydraulickom syst\u00e9me alebo n\u00edzku hladinu kvapal\u00edn. Odvzdu\u0161nenie syst\u00e9mu a zabezpe\u010denie spr\u00e1vnej hladiny kvapal\u00edn m\u00f4\u017ee tieto probl\u00e9my vyrie\u0161i\u0165.<\/li>\n<li><strong>Nezvy\u010dajn\u00e9 zvuky:<\/strong> Hluky po\u010das prev\u00e1dzky m\u00f4\u017eu signalizova\u0165 vn\u00fatorn\u00e9 po\u0161kodenie alebo nedostatok mazania. Okam\u017eite pre\u0161etrite, aby ste predi\u0161li \u010fal\u0161iemu po\u0161kodeniu.<\/li>\n<\/ul>\n<h2>Tipy a rie\u0161enia probl\u00e9mov<\/h2>\n<p>Pre efekt\u00edvnu diagnostiku a rie\u0161enie probl\u00e9mov dodr\u017eiavajte tieto pokyny:<\/p>\n<ul>\n<li>Skontrolujte hladinu oleja a v pr\u00edpade potreby ho dopl\u0148te, aby ste predi\u0161li probl\u00e9mom s n\u00edzkym tlakom.<\/li>\n<li>Skontrolujte tesnenia a vyme\u0148te ich, aby ste odstr\u00e1nili netesnosti a zachovali integritu syst\u00e9mu.<\/li>\n<li>Uistite sa, \u017ee v\u0161etky spoje s\u00fa pevn\u00e9 a bez opotrebenia, aby ste predi\u0161li \u00faniku vzduchu.<\/li>\n<\/ul>\n<p><img decoding=\"async\" src=\"https:\/\/www.hydraulic-cylinders.net\/wp-content\/uploads\/2025\/04\/songte-bushings-with-all-kinds-of-excavator-models.webp\" alt=\"Hydraulick\u00e9 puzdro\" \/><\/p>\n<h2>Preh\u013ead spolo\u010dnosti<\/h2>\n<p>Sme v\u00fdrobcom n\u00e1hradn\u00fdch hydraulick\u00fdch valcov a pon\u00fakame komplexn\u00fd sortiment produktov. Ako jeden z popredn\u00fdch v\u00fdrobcov a ve\u013ekoobchodn\u00edkov na dom\u00e1com aj medzin\u00e1rodnom trhu sa riadime z\u00e1sadami excelentnosti v kvalite. Na\u0161a prec\u00edzna v\u00fdrobn\u00e1 diel\u0148a vyu\u017e\u00edva modern\u00e9 digit\u00e1lne v\u00fdrobn\u00e9 zariadenia a profesion\u00e1lne testovacie syst\u00e9my, \u010d\u00edm neust\u00e1le zlep\u0161ujeme na\u0161e v\u00fdrobn\u00e9 kapacity. Sme hrd\u00ed na vysok\u00fa efektivitu, presnos\u0165 a kvalitu, aby sme splnili rozmanit\u00e9 potreby z\u00e1kazn\u00edkov.<\/p>\n<p><img decoding=\"async\" src=\"https:\/\/www.hydraulic-cylinders.net\/wp-content\/uploads\/2025\/04\/songte-company-4.webp\" alt=\"Preh\u013ead spolo\u010dnosti\" \/><br \/>\n<img decoding=\"async\" src=\"https:\/\/www.hydraulic-cylinders.net\/wp-content\/uploads\/2025\/04\/songte-company-3.webp\" alt=\"Zariadenie spolo\u010dnosti\" \/><\/p>\n<p>N\u00e1\u0161 z\u00e1v\u00e4zok sa roz\u0161iruje na profesion\u00e1lne slu\u017eby, medzin\u00e1rodn\u00e9 certifik\u00e1cie a rie\u0161enia na mieru. V\u010faka najmodernej\u0161iemu v\u00fdrobn\u00e9mu zariadeniu a \u0161pecializovan\u00e9mu popredajn\u00e9mu servisu zabezpe\u010dujeme spokojnos\u0165 z\u00e1kazn\u00edkov a neust\u00e1lu podporu pre v\u0161etky na\u0161e produkty.<\/p>\n<p>Autor: lyl<\/p>","protected":false},"excerpt":{"rendered":"<p>Boom Cylinder For Volvo Middle Excavator EC200BP Product Overview The Boom Cylinder for Volvo Middle Excavator EC200BP is an essential component in the hydraulic system of excavators. This hydraulic cylinder is specifically designed to control the movement of the boom, allowing for precise lifting, lowering, and tilting. In heavy machinery such as excavators, backhoes, and [&hellip;]<\/p>","protected":false},"featured_media":17875,"comment_status":"open","ping_status":"closed","template":"","meta":{"_et_pb_use_builder":"","_et_pb_old_content":"","_et_gb_content_width":""},"product_brand":[],"product_cat":[1546],"product_tag":[1547,1496],"class_list":{"0":"post-19114","1":"product","2":"type-product","3":"status-publish","4":"has-post-thumbnail","6":"product_cat-boom-cylinders","7":"product_tag-boom-cylinders","8":"product_tag-hydraulic-cylinders","10":"first","11":"instock","12":"shipping-taxable","13":"product-type-simple"},"amp_enabled":true,"_links":{"self":[{"href":"https:\/\/www.hydraulic-cylinders.net\/sk\/wp-json\/wp\/v2\/product\/19114","targetHints":{"allow":["GET"]}}],"collection":[{"href":"https:\/\/www.hydraulic-cylinders.net\/sk\/wp-json\/wp\/v2\/product"}],"about":[{"href":"https:\/\/www.hydraulic-cylinders.net\/sk\/wp-json\/wp\/v2\/types\/product"}],"replies":[{"embeddable":true,"href":"https:\/\/www.hydraulic-cylinders.net\/sk\/wp-json\/wp\/v2\/comments?post=19114"}],"wp:featuredmedia":[{"embeddable":true,"href":"https:\/\/www.hydraulic-cylinders.net\/sk\/wp-json\/wp\/v2\/media\/17875"}],"wp:attachment":[{"href":"https:\/\/www.hydraulic-cylinders.net\/sk\/wp-json\/wp\/v2\/media?parent=19114"}],"wp:term":[{"taxonomy":"product_brand","embeddable":true,"href":"https:\/\/www.hydraulic-cylinders.net\/sk\/wp-json\/wp\/v2\/product_brand?post=19114"},{"taxonomy":"product_cat","embeddable":true,"href":"https:\/\/www.hydraulic-cylinders.net\/sk\/wp-json\/wp\/v2\/product_cat?post=19114"},{"taxonomy":"product_tag","embeddable":true,"href":"https:\/\/www.hydraulic-cylinders.net\/sk\/wp-json\/wp\/v2\/product_tag?post=19114"}],"curies":[{"name":"pracovn\u00fd list","href":"https:\/\/api.w.org\/{rel}","templated":true}]}}