{"id":19123,"date":"2025-04-07T06:14:02","date_gmt":"2025-04-07T06:14:02","guid":{"rendered":"https:\/\/www.hydraulic-cylinders.net\/product\/boom-cylinder-for-volvo-large-excavator-ec480d\/"},"modified":"2025-04-07T06:14:04","modified_gmt":"2025-04-07T06:14:04","slug":"boom-cylinder-for-volvo-large-excavator-ec480d","status":"publish","type":"product","link":"https:\/\/www.hydraulic-cylinders.net\/sk\/produkt\/boom-cylinder-for-volvo-large-excavator-ec480d\/","title":{"rendered":"Valec v\u00fdlo\u017en\u00edka pre ve\u013ek\u00e9 r\u00fdpadlo Volvo EC480D"},"content":{"rendered":"<h1>Valec v\u00fdlo\u017en\u00edka pre ve\u013ek\u00e9 r\u00fdpadlo Volvo EC480D<\/h1>\n<h2>Preh\u013ead produktu<\/h2>\n<p>Hydraulick\u00fd valec v\u00fdlo\u017en\u00edka pre ve\u013ek\u00e9 r\u00fdpadlo Volvo EC480D je d\u00f4le\u017eit\u00fd hydraulick\u00fd komponent ur\u010den\u00fd na ovl\u00e1danie pohybu ramena r\u00fdpadla. Tento hydraulick\u00fd valec zohr\u00e1va k\u013e\u00fa\u010dov\u00fa \u00falohu pri u\u013eah\u010dovan\u00ed zdv\u00edhania, sp\u00fa\u0161\u0165ania a nakl\u00e1\u0148ania ly\u017eice r\u00fdpadla, \u010do umo\u017e\u0148uje efekt\u00edvnu manipul\u00e1ciu s materi\u00e1lom. Valec ly\u017eice je \u0161peci\u00e1lne navrhnut\u00fd tak, aby odolal n\u00e1ro\u010dn\u00fdm podmienkam pri \u0165a\u017ek\u00fdch aplik\u00e1ci\u00e1ch, v\u010faka \u010domu je nevyhnutnou s\u00fa\u010das\u0165ou stavebn\u00fdch a v\u00fdkopov\u00fdch strojov.<\/p>\n<p><img decoding=\"async\" src=\"https:\/\/www.hydraulic-cylinders.net\/wp-content\/uploads\/2025\/04\/songte-company-1.webp\" alt=\"Valec v\u00fdlo\u017en\u00edka pre Volvo EC480D\" \/><\/p>\n<h2>Vlastnosti valca v\u00fdlo\u017en\u00edka<\/h2>\n<ul>\n<li><strong>Vysok\u00e1 pevnos\u0165 a odolnos\u0165:<\/strong> Tieto valce, vyroben\u00e9 z vysokopevnostnej ocele alebo hlin\u00edka, s\u00fa navrhnut\u00e9 tak, aby odolali vysok\u00e9mu tlaku a \u0165a\u017ek\u00e9mu za\u0165a\u017eeniu a z\u00e1rove\u0148 odol\u00e1vali opotrebeniu a kor\u00f3zii.<\/li>\n<li><strong>Efekt\u00edvna hydraulick\u00e1 prev\u00e1dzka:<\/strong> Valec vyu\u017e\u00edva hydraulick\u00fd tlak oleja pre plynul\u00e9 vys\u00favanie a zas\u00favanie, \u010do umo\u017e\u0148uje r\u00fdchlu reakciu na povely oper\u00e1tora a poskytuje zna\u010dn\u00fa \u0165a\u017en\u00fa a tla\u010dn\u00fa silu pre \u0165a\u017ek\u00e9 a zlo\u017eit\u00e9 \u00falohy.<\/li>\n<li><strong>R\u00f4zne dostupn\u00e9 typy:<\/strong> Mo\u017enosti zah\u0155\u0148aj\u00fa jedno\u010dinn\u00e9 (pracuj\u00face v jednom smere) alebo dvoj\u010dinn\u00e9 (pracuj\u00face v oboch smeroch) valce, pri\u010dom niektor\u00e9 modely maj\u00fa teleskopick\u00fa kon\u0161trukciu pre v\u00e4\u010d\u0161\u00ed dosah bez zv\u00e4\u010d\u0161enia vonkaj\u0161\u00edch rozmerov.<\/li>\n<\/ul>\n<h2>V\u00fdrobn\u00e9 kapacity<\/h2>\n<p>M\u00e1me kapacity na v\u00fdrobu tohto produktu a poskytujeme hydraulick\u00e9 valce, ktor\u00e9 dokonale nahradia existuj\u00face modely. Na\u0161e valce s\u00fa skon\u0161truovan\u00e9 tak, aby sp\u013a\u0148ali alebo prekra\u010dovali priemyseln\u00e9 \u0161tandardy, \u010d\u00edm zabezpe\u010duj\u00fa kompatibilitu a spo\u013eahlivos\u0165 v r\u00f4znych aplik\u00e1ci\u00e1ch.<\/p>\n<p><img decoding=\"async\" src=\"https:\/\/www.hydraulic-cylinders.net\/wp-content\/uploads\/2025\/04\/songte-cylinder-head-with-all-kinds-excavator-models.webp\" alt=\"Modely bagrov\" \/><\/p>\n<h2>Aplik\u00e1cie valca v\u00fdlo\u017en\u00edka<\/h2>\n<h3>Stavebn\u00e9 stroje<\/h3>\n<p>V r\u00fdpadl\u00e1ch je valec v\u00fdlo\u017en\u00edka k\u013e\u00fa\u010dov\u00fd pre kopanie, nakladanie a premiest\u0148ovanie zeminy alebo sutiny. Umo\u017e\u0148uje r\u00fdpadlu efekt\u00edvne vykon\u00e1va\u0165 \u00falohy v\u00fdkopu a pr\u00edpravy staveniska. V r\u00fdpadl\u00e1ch-naklada\u010doch pom\u00e1ha valec lopaty pri v\u00fdkopov\u00fdch pr\u00e1cach aj pri zdv\u00edhan\u00ed bremien, \u010d\u00edm sa zvy\u0161uje prev\u00e1dzkov\u00e1 efektivita.<\/p>\n<h3>Po\u013enohospod\u00e1rske stroje<\/h3>\n<p>V \u010deln\u00fdch naklada\u010doch hr\u00e1 valec v\u00fdlo\u017en\u00edka d\u00f4le\u017eit\u00fa \u00falohu pri naberan\u00ed, zdv\u00edhan\u00ed a preprave p\u00f4dy, sena a in\u00fdch materi\u00e1lov. T\u00e1to v\u0161estrannos\u0165 ho rob\u00ed neocenite\u013en\u00fdm v po\u013enohospod\u00e1rskom prostred\u00ed, kde je k\u013e\u00fa\u010dov\u00e1 r\u00fdchla a efekt\u00edvna manipul\u00e1cia s materi\u00e1lom.<\/p>\n<h3>R\u00fdpadl\u00e1<\/h3>\n<p>Valec v\u00fdlo\u017en\u00edka je zodpovedn\u00fd za to, aby ly\u017eica mohla prenikn\u00fa\u0165 do zeme po\u010das v\u00fdkopov\u00fdch pr\u00e1c. T\u00e1to schopnos\u0165 je neoddelite\u013enou s\u00fa\u010das\u0165ou ka\u017ed\u00e9ho v\u00fdkopov\u00e9ho projektu a zabezpe\u010duje efekt\u00edvne a \u00fa\u010dinn\u00e9 vykon\u00e1vanie \u00faloh.<\/p>\n<h3>Naklada\u010de<\/h3>\n<p>V \u010deln\u00fdch naklada\u010doch pom\u00e1ha valec v\u00fdlo\u017en\u00edka pri zdv\u00edhan\u00ed a vykladan\u00ed bremien, \u010d\u00edm zabezpe\u010duje z\u00e1kladn\u00fa funk\u010dnos\u0165 pri \u00faloh\u00e1ch, ako je odstra\u0148ovanie ne\u010dist\u00f4t a premiest\u0148ovanie materi\u00e1lov. Jeho kon\u0161trukcia zabezpe\u010duje, \u017ee obsluha m\u00f4\u017ee dosiahnu\u0165 optim\u00e1lny zdv\u00edhac\u00ed v\u00fdkon.<\/p>\n<h2>\u00davahy o dizajne a krit\u00e9ri\u00e1 v\u00fdberu<\/h2>\n<h3>Nosnos\u0165<\/h3>\n<p>Pri v\u00fdbere valca v\u00fdlo\u017en\u00edka je nosnos\u0165 prvorad\u00fdm faktorom. Je nevyhnutn\u00e9, aby valec zvl\u00e1dol maxim\u00e1lne za\u0165a\u017eenie, ktor\u00e9 bude po\u010das prev\u00e1dzky p\u00f4sobi\u0165. Nedostato\u010dn\u00e1 nosnos\u0165 m\u00f4\u017ee vies\u0165 k poruche zariadenia alebo k bezpe\u010dnostn\u00fdm rizik\u00e1m.<\/p>\n<h3>Tesniaci v\u00fdkon<\/h3>\n<p>\u00da\u010dinn\u00e9 tesnenie je nevyhnutn\u00e9 na zabr\u00e1nenie \u00faniku hydraulickej kvapaliny, ktor\u00fd m\u00f4\u017ee ohrozi\u0165 \u00fa\u010dinnos\u0165 syst\u00e9mu a vies\u0165 k potenci\u00e1lnym environment\u00e1lnym rizik\u00e1m. Na zabezpe\u010denie dlhej \u017eivotnosti a spo\u013eahlivosti s\u00fa nevyhnutn\u00e9 vysoko kvalitn\u00e9 tesnenia vyroben\u00e9 z odoln\u00fdch materi\u00e1lov.<\/p>\n<h3>Trvanlivos\u0165<\/h3>\n<p>Trvanlivos\u0165 je k\u013e\u00fa\u010dov\u00fdm faktorom pri kon\u0161trukcii hydraulick\u00fdch valcov. Pou\u017eitie vysokokvalitn\u00fdch materi\u00e1lov a pokro\u010dil\u00fdch v\u00fdrobn\u00fdch techn\u00edk zvy\u0161uje odolnos\u0165 valca vo\u010di opotrebovaniu, \u010d\u00edm zabezpe\u010duje, \u017ee vydr\u017e\u00ed n\u00e1ro\u010dn\u00e9 prev\u00e1dzkov\u00e9 podmienky po\u010das dlh\u0161ej \u017eivotnosti.<\/p>\n<h3>Bezpe\u010dnostn\u00e9 prvky<\/h3>\n<p>Za\u010dlenenie bezpe\u010dnostn\u00fdch prvkov do kon\u0161trukcie valca v\u00fdlo\u017en\u00edka je k\u013e\u00fa\u010dov\u00e9. Tieto m\u00f4\u017eu zah\u0155\u0148a\u0165 pretlakov\u00e9 ventily a mechanizmy ochrany proti prasknutiu, aby sa predi\u0161lo katastrof\u00e1lnym poruch\u00e1m po\u010das prev\u00e1dzky.<\/p>\n<h3>Udr\u017eiavate\u013enos\u0165<\/h3>\n<p>Kon\u0161trukcia s oh\u013eadom na \u00fadr\u017ebu zabezpe\u010duje, \u017ee valec v\u00fdlo\u017en\u00edka sa d\u00e1 \u013eahko servisova\u0165 a opravova\u0165. Funkcie, ako s\u00fa pr\u00edstupn\u00e9 tesnenia a jasn\u00e9 pokyny na \u00fadr\u017ebu, prispievaj\u00fa k dlh\u0161ej prev\u00e1dzkovej \u017eivotnosti a skr\u00e1teniu prestojov.<\/p>\n<p><img decoding=\"async\" src=\"https:\/\/www.hydraulic-cylinders.net\/wp-content\/uploads\/2025\/04\/songte-oil-pipes-and-spare-parts.webp\" alt=\"Hydraulick\u00e9 diely\" \/><\/p>\n<h2>Tesnenie a mazanie<\/h2>\n<p>Tesniaci a mazac\u00ed syst\u00e9m valca v\u00fdlo\u017en\u00edka je pre jeho efekt\u00edvnu prev\u00e1dzku mimoriadne d\u00f4le\u017eit\u00fd. R\u00f4zne tesnenia, ako s\u00fa tesnenia piestov a ty\u010d\u00ed, sa musia vybera\u0165 pre ich odolnos\u0165 vo\u010di opotrebovaniu a \u010dasto s\u00fa vyroben\u00e9 z polyuret\u00e1nu alebo nitrilovej gumy. Okrem toho s\u00fa teleso valca a z\u00e1vitov\u00e9 konce starostlivo opracovan\u00e9, aby sa zv\u00fd\u0161ila odolnos\u0165 vo\u010di opotrebovaniu. Pravideln\u00e9 mazanie hydraulick\u00fdm olejom je nevyhnutn\u00e9 na zabr\u00e1nenie trenia a pred\u013a\u017eenie prev\u00e1dzkovej \u017eivotnosti valca.<\/p>\n<h2>Opatrenia prevent\u00edvnej \u00fadr\u017eby<\/h2>\n<ul>\n<li><strong>Pravideln\u00e9 kontroly:<\/strong> Vykon\u00e1vajte pravideln\u00e9 kontroly tesnost\u00ed, opotrebovania a celkovej funk\u010dnosti. V\u010dasn\u00e9 odhalenie probl\u00e9mov m\u00f4\u017ee zabr\u00e1ni\u0165 vzniku z\u00e1va\u017enej\u0161\u00edch probl\u00e9mov.<\/li>\n<li><strong>Spr\u00e1vne mazanie:<\/strong> Uistite sa, \u017ee hydraulick\u00fd olej m\u00e1 odpor\u00fa\u010dan\u00fa hladinu a kvalitu. Pravidelne vymie\u0148ajte olej, aby ste udr\u017eali optim\u00e1lny v\u00fdkon.<\/li>\n<li><strong>V\u00fdmena tesnenia:<\/strong> Pravidelne kontrolujte tesnenia, \u010di nie s\u00fa opotrebovan\u00e9, a v pr\u00edpade potreby ich vyme\u0148te, aby ste predi\u0161li \u00fanikom a zachovali ich \u00fa\u010dinnos\u0165.<\/li>\n<\/ul>\n<h2>Pokyny na in\u0161tal\u00e1ciu<\/h2>\n<p>Spr\u00e1vna in\u0161tal\u00e1cia valca ramena je k\u013e\u00fa\u010dov\u00e1 pre zabezpe\u010denie jeho \u00fa\u010dinnosti a dlhej \u017eivotnosti. Pre spr\u00e1vnu in\u0161tal\u00e1ciu postupujte pod\u013ea t\u00fdchto krokov:<\/p>\n<ol>\n<li>Uistite sa, \u017ee valec je spr\u00e1vne zarovnan\u00fd s mont\u00e1\u017enymi bodmi, aby ste predi\u0161li nadmern\u00e9mu nam\u00e1haniu po\u010das prev\u00e1dzky.<\/li>\n<li>Na pevn\u00e9 upevnenie valca pou\u017eite vhodn\u00e9 mont\u00e1\u017ene konzoly, aby ste minimalizovali vibr\u00e1cie a pohyb.<\/li>\n<li>Pred prev\u00e1dzkou skontrolujte tesnos\u0165 hydraulick\u00fdch spojov a uistite sa, \u017ee v\u0161etky armat\u00fary s\u00fa pevn\u00e9 a bezpe\u010dn\u00e9.<\/li>\n<li>Po in\u0161tal\u00e1cii otestujte syst\u00e9m pri n\u00edzkom tlaku, aby ste overili jeho spr\u00e1vnu funkciu, a potom ho nastavte na pln\u00fd prev\u00e1dzkov\u00fd tlak.<\/li>\n<li>Zdokumentujte v\u0161etky \u00fapravy vykonan\u00e9 po\u010das in\u0161tal\u00e1cie pre bud\u00face pou\u017eitie a \u00fadr\u017ebu.<\/li>\n<\/ol>\n<p><img decoding=\"async\" src=\"https:\/\/www.hydraulic-cylinders.net\/wp-content\/uploads\/2025\/04\/songte-chushion-collar.webp\" alt=\"Vank\u00fa\u0161ov\u00fd golier\" \/><\/p>\n<h2>Bezpe\u010dnostn\u00e9 a environment\u00e1lne aspekty<\/h2>\n<p>Pri pou\u017e\u00edvan\u00ed hydraulick\u00fdch valcov s\u00fa bezpe\u010dnostn\u00e9 opatrenia prvorad\u00e9. Obsluha by mala by\u0165 vy\u0161kolen\u00e1 v bezpe\u010dnej manipul\u00e1cii s hydraulick\u00fdmi zariadeniami a mala by si by\u0165 vedom\u00e1 potenci\u00e1lnych nebezpe\u010denstiev, ako je napr\u00edklad n\u00e1hle uvo\u013enenie tlaku. Musia sa zoh\u013eadni\u0165 aj environment\u00e1lne aspekty, najm\u00e4 pokia\u013e ide o \u00faniky hydraulickej kvapaliny, ktor\u00e9 m\u00f4\u017eu sp\u00f4sobi\u0165 zna\u010dn\u00e9 zne\u010distenie. Zavedenie opatren\u00ed na zachyt\u00e1vanie a spr\u00e1vnych postupov likvid\u00e1cie hydraulick\u00fdch kvapal\u00edn je nevyhnutn\u00e9 na minimaliz\u00e1ciu vplyvu na \u017eivotn\u00e9 prostredie.<\/p>\n<h2>Diagnostika por\u00fach a be\u017en\u00e9 probl\u00e9my<\/h2>\n<ul>\n<li><strong>\u00danik:<\/strong> Jedn\u00fdm z naj\u010dastej\u0161\u00edch probl\u00e9mov s\u00fa netesnosti, ktor\u00e9 m\u00f4\u017eu prameni\u0165 z opotrebovan\u00fdch tesnen\u00ed alebo nespr\u00e1vnej in\u0161tal\u00e1cie.<\/li>\n<li><strong>Zn\u00ed\u017een\u00fd v\u00fdkon:<\/strong> Ak valec nereaguje dostato\u010dne, skontrolujte hladinu hydraulickej kvapaliny, upchatie alebo poruchu komponentov.<\/li>\n<li><strong>Zvl\u00e1\u0161tne zvuky:<\/strong> Nezvy\u010dajn\u00e9 zvuky m\u00f4\u017eu nazna\u010dova\u0165 vn\u00fatorn\u00e9 opotrebenie alebo nedostatok mazania, \u010do si vy\u017eaduje okam\u017eit\u00fa kontrolu.<\/li>\n<\/ul>\n<h2>Tipy na rie\u0161enie probl\u00e9mov<\/h2>\n<p>Na efekt\u00edvnu diagnostiku a rie\u0161enie probl\u00e9mov s valcom v\u00fdlo\u017en\u00edka:<\/p>\n<ul>\n<li>Pravidelne kontrolujte a udr\u017eiavajte hladinu hydraulickej kvapaliny, aby ste zabezpe\u010dili optim\u00e1lny v\u00fdkon.<\/li>\n<li>Skontrolujte tesnenia a v pr\u00edpade potreby ich vyme\u0148te, aby ste predi\u0161li \u00fanikom.<\/li>\n<li>Sledujte valec, \u010di nevyd\u00e1va nezvy\u010dajn\u00e9 zvuky alebo pohyby, ktor\u00e9 by mohli nazna\u010dova\u0165 z\u00e1kladn\u00e9 probl\u00e9my.<\/li>\n<\/ul>\n<p><img decoding=\"async\" src=\"https:\/\/www.hydraulic-cylinders.net\/wp-content\/uploads\/2025\/04\/songte-bushings-with-all-kinds-of-excavator-models.webp\" alt=\"Komponenty puzdier\" \/><\/p>\n<h2>Preh\u013ead spolo\u010dnosti<\/h2>\n<p>Sme popredn\u00fdm v\u00fdrobcom n\u00e1hradn\u00fdch hydraulick\u00fdch valcov a pon\u00fakame \u0161irok\u00fd sortiment produktov na dom\u00e1com aj medzin\u00e1rodnom trhu. N\u00e1\u0161 z\u00e1v\u00e4zok k excelentnosti sa odr\u00e1\u017ea v na\u0161ich prec\u00edznych v\u00fdrobn\u00fdch procesoch, ktor\u00e9 s\u00fa podporen\u00e9 modern\u00fdmi strojmi a \u0161pecializovan\u00fdm t\u00edmom technick\u00fdch expertov. Uprednost\u0148ujeme vysoko kvalitn\u00fa v\u00fdrobu a spokojnos\u0165 z\u00e1kazn\u00edkov, \u010d\u00edm zabezpe\u010dujeme, aby na\u0161e produkty sp\u013a\u0148ali rozmanit\u00e9 potreby. Na\u0161e medzin\u00e1rodn\u00e9 certifik\u00e1cie preukazuj\u00fa dodr\u017eiavanie priemyseln\u00fdch \u0161tandardov, zatia\u013e \u010do na\u0161e rie\u0161enia na mieru uspokojuj\u00fa \u0161pecifick\u00e9 po\u017eiadavky klientov.<\/p>\n<p><img decoding=\"async\" src=\"https:\/\/www.hydraulic-cylinders.net\/wp-content\/uploads\/2025\/04\/songte-company-4.webp\" alt=\"V\u00fdroba spolo\u010dnosti\" \/><br \/>\n<img decoding=\"async\" src=\"https:\/\/www.hydraulic-cylinders.net\/wp-content\/uploads\/2025\/04\/songte-company-3.webp\" alt=\"V\u00fdrobn\u00e9 zariadenie\" \/><\/p>\n<p>Autor: lyl<\/p>","protected":false},"excerpt":{"rendered":"<p>Boom Cylinder For Volvo Large Excavator EC480D Product Overview The Boom Cylinder for the Volvo Large Excavator EC480D is a vital hydraulic component designed to control the movement of the excavator&#8217;s arm. This hydraulic cylinder plays a crucial role in facilitating the raising, lowering, and tilting of the excavator&#8217;s bucket, enabling efficient material handling operations. [&hellip;]<\/p>","protected":false},"featured_media":17869,"comment_status":"open","ping_status":"closed","template":"","meta":{"_et_pb_use_builder":"","_et_pb_old_content":"","_et_gb_content_width":""},"product_brand":[],"product_cat":[1546],"product_tag":[1547,1496],"class_list":{"0":"post-19123","1":"product","2":"type-product","3":"status-publish","4":"has-post-thumbnail","6":"product_cat-boom-cylinders","7":"product_tag-boom-cylinders","8":"product_tag-hydraulic-cylinders","10":"first","11":"instock","12":"shipping-taxable","13":"product-type-simple"},"amp_enabled":true,"_links":{"self":[{"href":"https:\/\/www.hydraulic-cylinders.net\/sk\/wp-json\/wp\/v2\/product\/19123","targetHints":{"allow":["GET"]}}],"collection":[{"href":"https:\/\/www.hydraulic-cylinders.net\/sk\/wp-json\/wp\/v2\/product"}],"about":[{"href":"https:\/\/www.hydraulic-cylinders.net\/sk\/wp-json\/wp\/v2\/types\/product"}],"replies":[{"embeddable":true,"href":"https:\/\/www.hydraulic-cylinders.net\/sk\/wp-json\/wp\/v2\/comments?post=19123"}],"wp:featuredmedia":[{"embeddable":true,"href":"https:\/\/www.hydraulic-cylinders.net\/sk\/wp-json\/wp\/v2\/media\/17869"}],"wp:attachment":[{"href":"https:\/\/www.hydraulic-cylinders.net\/sk\/wp-json\/wp\/v2\/media?parent=19123"}],"wp:term":[{"taxonomy":"product_brand","embeddable":true,"href":"https:\/\/www.hydraulic-cylinders.net\/sk\/wp-json\/wp\/v2\/product_brand?post=19123"},{"taxonomy":"product_cat","embeddable":true,"href":"https:\/\/www.hydraulic-cylinders.net\/sk\/wp-json\/wp\/v2\/product_cat?post=19123"},{"taxonomy":"product_tag","embeddable":true,"href":"https:\/\/www.hydraulic-cylinders.net\/sk\/wp-json\/wp\/v2\/product_tag?post=19123"}],"curies":[{"name":"pracovn\u00fd list","href":"https:\/\/api.w.org\/{rel}","templated":true}]}}