{"id":19179,"date":"2025-04-07T06:16:44","date_gmt":"2025-04-07T06:16:44","guid":{"rendered":"https:\/\/www.hydraulic-cylinders.net\/product\/boom-cylinder-for-xcmg-small-excavator-xe6oca\/"},"modified":"2025-04-07T06:16:46","modified_gmt":"2025-04-07T06:16:46","slug":"boom-cylinder-for-xcmg-small-excavator-xe6oca","status":"publish","type":"product","link":"https:\/\/www.hydraulic-cylinders.net\/sk\/produkt\/boom-cylinder-for-xcmg-small-excavator-xe6oca\/","title":{"rendered":"Valec v\u00fdlo\u017en\u00edka pre mal\u00e9 r\u00fdpadlo XCMG XE6OCA"},"content":{"rendered":"<h1>Valec v\u00fdlo\u017en\u00edka pre mal\u00e9 r\u00fdpadlo XCMG XE6OCA<\/h1>\n<h2>Pochopenie valca v\u00fdlo\u017en\u00edka<\/h2>\n<p>Hydraulick\u00fd valec v\u00fdlo\u017en\u00edka je k\u013e\u00fa\u010dov\u00fdm hydraulick\u00fdm komponentom pou\u017e\u00edvan\u00fdm v \u0165a\u017ek\u00fdch strojoch, najm\u00e4 v r\u00fdpadl\u00e1ch. Jeho prim\u00e1rnou funkciou je ovl\u00e1da\u0165 pohyb v\u00fdlo\u017en\u00edka, \u010do je nevyhnutn\u00e9 pre r\u00f4zne \u00falohy, ako je kopanie, zdv\u00edhanie a preprava materi\u00e1lov. Valec v\u00fdlo\u017en\u00edka umo\u017e\u0148uje vys\u00favanie a zas\u00favanie v\u00fdlo\u017en\u00edka, \u010d\u00edm poskytuje flexibilitu a presnos\u0165 pri prev\u00e1dzke. Tento hydraulick\u00fd valec, navrhnut\u00fd tak, aby odolal zna\u010dn\u00e9mu tlaku a za\u0165a\u017eeniu, zohr\u00e1va k\u013e\u00fa\u010dov\u00fa \u00falohu pri zvy\u0161ovan\u00ed celkovej \u00fa\u010dinnosti r\u00fdpadiel a in\u00fdch \u0165a\u017ek\u00fdch zariaden\u00ed.<\/p>\n<p><img decoding=\"async\" src=\"https:\/\/www.hydraulic-cylinders.net\/wp-content\/uploads\/2025\/04\/songte-company-1.webp\" alt=\"Valec v\u00fdlo\u017en\u00edka pre bager\"><\/p>\n<h2>Vlastnosti valca v\u00fdlo\u017en\u00edka<\/h2>\n<ul>\n<li><strong>Vysok\u00e1 pevnos\u0165 a odolnos\u0165:<\/strong> Valec v\u00fdlo\u017en\u00edka je vyroben\u00fd z vysokopevnostnej ocele alebo hlin\u00edka a odol\u00e1 vysok\u00e9mu tlaku a \u0165a\u017ek\u00fdm za\u0165a\u017eeniam, v\u010faka \u010domu je vhodn\u00fd do n\u00e1ro\u010dn\u00fdch pracovn\u00fdch prostred\u00ed.<\/li>\n<li><strong>Efekt\u00edvna hydraulick\u00e1 prev\u00e1dzka:<\/strong> Vyu\u017e\u00edva hydraulick\u00fd tlak oleja na plynul\u00e9 vys\u00favanie a zas\u00favanie, r\u00fdchlo reaguje na ovl\u00e1dacie povely a poskytuje zna\u010dn\u00e9 sily tla\u010denia a \u0165ahu.<\/li>\n<li><strong>R\u00f4zne typy:<\/strong> K dispoz\u00edcii s\u00fa jedno\u010dinn\u00e9 (hydraulick\u00fd pohon v jednom smere) alebo dvoj\u010dinn\u00e9 (hydraulick\u00fd pohon v oboch smeroch) modely, ktor\u00e9 vyhovuj\u00fa r\u00f4znym prev\u00e1dzkov\u00fdm potreb\u00e1m.<\/li>\n<li><strong>Priestorovo efekt\u00edvne n\u00e1vrhy:<\/strong> Niektor\u00e9 modely maj\u00fa teleskopick\u00fa kon\u0161trukciu, ktor\u00e1 umo\u017e\u0148uje v\u00e4\u010d\u0161ie vysunutie bez zv\u00e4\u010d\u0161enia vonkaj\u0161\u00edch rozmerov, \u010do je ide\u00e1lne pre aplik\u00e1cie s obmedzen\u00fdm priestorom.<\/li>\n<li><strong>Odolnos\u0165 proti kor\u00f3zii:<\/strong> Navrhnut\u00e9 s prvkami, ktor\u00e9 zvy\u0161uj\u00fa odolnos\u0165 vo\u010di opotrebovaniu a kor\u00f3zii, \u010do vedie k dlh\u0161ej prev\u00e1dzkovej \u017eivotnosti.<\/li>\n<\/ul>\n<p>Na\u0161e produkty dokonale nahr\u00e1dzaj\u00fa r\u00f4zne hydraulick\u00e9 valce a zais\u0165uj\u00fa spo\u013eahlivos\u0165 a v\u00fdkon.<\/p>\n<p><img decoding=\"async\" src=\"https:\/\/www.hydraulic-cylinders.net\/wp-content\/uploads\/2025\/04\/songte-cylinder-head-with-all-kinds-excavator-models.webp\" alt=\"Hlava hydraulick\u00e9ho valca\"><\/p>\n<h2>Aplik\u00e1cie valca v\u00fdlo\u017en\u00edka<\/h2>\n<h3>Stavebn\u00e9 stroje<\/h3>\n<p>V r\u00fdpadl\u00e1ch je valec v\u00fdlo\u017en\u00edka neoddelite\u013enou s\u00fa\u010das\u0165ou kopania, nakladania a premiest\u0148ovania zeminy alebo sutiny. Umo\u017e\u0148uje v\u00fdlo\u017en\u00edku dosiahnu\u0165 r\u00f4zne v\u00fd\u0161ky a uhly, \u010do umo\u017e\u0148uje obsluhe efekt\u00edvne vykon\u00e1va\u0165 zlo\u017eit\u00e9 \u00falohy. V r\u00fdpadlo-naklada\u010doch valec v\u00fdlo\u017en\u00edka pom\u00e1ha pri kopan\u00ed aj zdv\u00edhan\u00ed, \u010d\u00edm poskytuje v\u0161estrannos\u0165 v r\u00f4znych stavebn\u00fdch scen\u00e1roch.<\/p>\n<h3>Po\u013enohospod\u00e1rske stroje<\/h3>\n<p>In front-end loaders, the boom cylinder is essential for scooping, lifting, and transporting soil, hay, and other materials. The ability to control the boom&#8217;s position allows farmers to handle tasks more effectively, contributing to increased productivity and reduced labor costs.<\/p>\n<h3>R\u00fdpadl\u00e1<\/h3>\n<p>Valec v\u00fdlo\u017en\u00edka u\u013eah\u010duje kopanie t\u00fdm, \u017ee umo\u017e\u0148uje ly\u017eici prenikn\u00fa\u0165 do p\u00f4dy. T\u00e1to schopnos\u0165 je k\u013e\u00fa\u010dov\u00e1 pre v\u00fdkopov\u00e9 pr\u00e1ce, preto\u017ee zabezpe\u010duje, \u017ee obsluha m\u00f4\u017ee dosiahnu\u0165 hlb\u0161ie a \u013eahko manipulova\u0165 s v\u00e4\u010d\u0161\u00edm mno\u017estvom materi\u00e1lu.<\/p>\n<h3>Naklada\u010de<\/h3>\n<p>V \u010deln\u00fdch naklada\u010doch prispieva valec v\u00fdlo\u017en\u00edka k efekt\u00edvnemu zdv\u00edhaniu a vykladaniu materi\u00e1lov. Jeho presn\u00e9 ovl\u00e1danie umo\u017e\u0148uje obsluhe zvl\u00e1da\u0165 \u0165a\u017ek\u00e9 bremen\u00e1 bez kompromisov v oblasti stability alebo bezpe\u010dnosti.<\/p>\n<h2>\u00davahy o dizajne a krit\u00e9ri\u00e1 v\u00fdberu<\/h2>\n<h3>Nosnos\u0165<\/h3>\n<p>Pri v\u00fdbere valca v\u00fdlo\u017en\u00edka je d\u00f4le\u017eit\u00e9 zv\u00e1\u017ei\u0165 nosnos\u0165 po\u017eadovan\u00fa pre va\u0161e konkr\u00e9tne aplik\u00e1cie. Valec mus\u00ed by\u0165 schopn\u00fd zvl\u00e1dnu\u0165 maxim\u00e1lnu hmotnos\u0165, s ktorou sa stretne po\u010das prev\u00e1dzky. To zah\u0155\u0148a pos\u00fadenie limitov hydraulick\u00e9ho tlaku a \u0161truktur\u00e1lnej integrity materi\u00e1lu valca.<\/p>\n<h3>Tesniaci v\u00fdkon<\/h3>\n<p>Tesnenia s\u00fa nevyhnutn\u00e9 na zabr\u00e1nenie \u00faniku hydraulickej kvapaliny a zabezpe\u010denie optim\u00e1lneho v\u00fdkonu valca. Na udr\u017eanie tlaku a prev\u00e1dzkovej \u00fa\u010dinnosti sa musia pou\u017e\u00edva\u0165 vysokokvalitn\u00e9 tesnenia vyroben\u00e9 z odoln\u00fdch materi\u00e1lov. Osobitn\u00e1 pozornos\u0165 by sa mala venova\u0165 kon\u0161trukcii tesnenia, aby odolalo r\u00f4znym prev\u00e1dzkov\u00fdm podmienkam.<\/p>\n<h3>Trvanlivos\u0165<\/h3>\n<p>Trvanlivos\u0165 je kritick\u00fdm faktorom; valec ramena mus\u00ed odol\u00e1va\u0165 extr\u00e9mnym podmienkam prostredia vr\u00e1tane teplotn\u00fdch v\u00fdkyvov a vystavenia r\u00f4znym chemik\u00e1li\u00e1m. V\u00fdber materi\u00e1lov, ktor\u00e9 pon\u00fakaj\u00fa odolnos\u0165 vo\u010di opotrebovaniu a kor\u00f3zii, predl\u017euje \u017eivotnos\u0165 valca.<\/p>\n<h3>Bezpe\u010dnostn\u00e9 prvky<\/h3>\n<p>Bezpe\u010dnos\u0165 je v hydraulick\u00fdch syst\u00e9moch prvorad\u00e1. Kon\u0161trukcia mus\u00ed obsahova\u0165 prvky, ktor\u00e9 zabra\u0148uj\u00fa n\u00e1hodn\u00fdm pohybom, ako je ochrana proti pre\u0165a\u017eeniu a poistn\u00e9 ventily. Tieto prvky pom\u00e1haj\u00fa zmierni\u0165 rizik\u00e1 po\u010das prev\u00e1dzky a zvy\u0161uj\u00fa d\u00f4veru pou\u017e\u00edvate\u013ea.<\/p>\n<h3>Pr\u00edstupnos\u0165 \u00fadr\u017eby<\/h3>\n<p>Nakoniec je nevyhnutn\u00fd jednoduch\u00fd pr\u00edstup pre \u00fadr\u017eb\u00e1rske \u00falohy. Dobre navrhnut\u00fd valec v\u00fdlo\u017en\u00edka by mal umo\u017e\u0148ova\u0165 jednoduch\u00fa kontrolu, v\u00fdmenu tesnenia a mazanie bez nutnosti rozsiahlej demont\u00e1\u017ee.<\/p>\n<p><img decoding=\"async\" src=\"https:\/\/www.hydraulic-cylinders.net\/wp-content\/uploads\/2025\/04\/songte-oil-pipes-and-spare-parts.webp\" alt=\"\u010casti hydraulick\u00e9ho valca\"><\/p>\n<h2>Tesnenie a mazanie<\/h2>\n<p>\u00da\u010dinnos\u0165 valca v\u00fdlo\u017en\u00edka v\u00fdrazne z\u00e1vis\u00ed od spr\u00e1vneho utesnenia a mazania. R\u00f4zne tesnenia, ako s\u00fa piestne tesnenia a tesnenia ty\u010d\u00ed, s\u00fa k\u013e\u00fa\u010dov\u00e9 pre udr\u017eanie hydraulick\u00e9ho tlaku a zabr\u00e1nenie \u00faniku. Materi\u00e1ly ako polyuret\u00e1n a nitrilov\u00e1 guma sa be\u017ene pou\u017e\u00edvaj\u00fa pre svoju vynikaj\u00facu odolnos\u0165 proti opotrebovaniu. Teleso valca a z\u00e1vitov\u00e9 konce s\u00fa jemne opracovan\u00e9, aby sa zv\u00fd\u0161ila odolnos\u0165 a zabr\u00e1nilo sa opotrebovaniu. Pravideln\u00e9 mazanie hydraulick\u00fdm olejom je nevyhnutn\u00e9 pre zabezpe\u010denie hladk\u00e9ho chodu a pred\u013a\u017eenie \u017eivotnosti valca.<\/p>\n<h2>Pravideln\u00e1 kontrola a prevent\u00edvna \u00fadr\u017eba<\/h2>\n<ul>\n<li><strong>Pravideln\u00e9 kontroly:<\/strong> Mali by sa vykon\u00e1va\u0165 pravideln\u00e9 kontroly, aby sa v\u010das identifikovali ak\u00e9ko\u013evek zn\u00e1mky opotrebovania alebo po\u0161kodenia, \u010do umo\u017en\u00ed v\u010dasn\u00e9 opravy a pred\u00edde sa z\u00e1va\u017en\u00fdm poruch\u00e1m.<\/li>\n<li><strong>Vhodn\u00e9 mazanie:<\/strong> Zabezpe\u010denie dostato\u010dn\u00e9ho mazania pom\u00e1ha minimalizova\u0165 trenie a opotrebovanie pohybliv\u00fdch \u010dast\u00ed, \u010do prispieva k plynulej\u0161iemu chodu.<\/li>\n<li><strong>V\u00fdmena tesnenia:<\/strong> Pravideln\u00e1 v\u00fdmena tesnen\u00ed je nevyhnutn\u00e1 pre udr\u017eanie hydraulickej \u00fa\u010dinnosti a prevenciu \u00fanikov.<\/li>\n<\/ul>\n<h2>Pokyny pre spr\u00e1vnu in\u0161tal\u00e1ciu<\/h2>\n<p>Spr\u00e1vna in\u0161tal\u00e1cia valca v\u00fdlo\u017en\u00edka je k\u013e\u00fa\u010dov\u00e1 pre optim\u00e1lny v\u00fdkon. Za\u010dnite t\u00fdm, \u017ee sa uist\u00edte, \u017ee pracovn\u00fd priestor je \u010dist\u00fd a bez ne\u010dist\u00f4t. Valec presne zarovnajte s mont\u00e1\u017enymi konzolami, aby ste predi\u0161li nespr\u00e1vnemu zarovnaniu, ktor\u00e9 m\u00f4\u017ee vies\u0165 k pred\u010dasn\u00e9mu opotrebovaniu. Na pevn\u00e9 upevnenie valca pou\u017eite vhodn\u00e9 mont\u00e1\u017ene konzoly. Starostlivo nastavte v\u0161etky hydraulick\u00e9 pripojenia a uistite sa, \u017ee nie s\u00fa \u017eiadne netesnosti. Nakoniec po in\u0161tal\u00e1cii vykonajte d\u00f4kladn\u00fa prev\u00e1dzkov\u00fa sk\u00fa\u0161ku, aby ste overili, \u010di v\u0161etky pohyby funguj\u00fa spr\u00e1vne a bezpe\u010dne.<\/p>\n<h2>Be\u017en\u00e9 \u00falohy \u00fadr\u017eby<\/h2>\n<h3>Pravideln\u00e9 kontroly<\/h3>\n<p>Vykon\u00e1vanie pravideln\u00fdch kontrol umo\u017e\u0148uje identifikova\u0165 potenci\u00e1lne probl\u00e9my, ako s\u00fa netesnosti alebo nerovnomern\u00e9 opotrebovanie. Tieto kontroly by mali by\u0165 systematick\u00e9 a mali by zah\u0155\u0148a\u0165 v\u0161etky prev\u00e1dzkov\u00e9 aspekty f\u013ea\u0161e.<\/p>\n<h3>Spr\u00e1vne mazanie<\/h3>\n<p>Zabezpe\u010denie dostato\u010dn\u00e9ho mazania valca v\u00fdlo\u017en\u00edka je nevyhnutn\u00e9 pre prevenciu opotrebenia. Pravidelne kontrolujte mazac\u00ed syst\u00e9m a zabezpe\u010dte, aby bola udr\u017eiavan\u00e1 hladina hydraulick\u00e9ho oleja, pri\u010dom pod\u013ea potreby aplikujte mazivo.<\/p>\n<h3>V\u00fdmena tesnenia a kontroly kalibr\u00e1cie<\/h3>\n<p>V\u00fdmena tesnen\u00ed by sa mala vykon\u00e1va\u0165 ako s\u00fa\u010das\u0165 be\u017enej \u00fadr\u017eby, aby sa predi\u0161lo \u00fanikom. Kalibra\u010dn\u00e9 kontroly zabezpe\u010duj\u00fa, \u017ee valec pracuje v r\u00e1mci stanoven\u00fdch parametrov, \u010d\u00edm sa zvy\u0161uje \u00fa\u010dinnos\u0165 a bezpe\u010dnos\u0165 po\u010das prev\u00e1dzky.<\/p>\n<p><img decoding=\"async\" src=\"https:\/\/www.hydraulic-cylinders.net\/wp-content\/uploads\/2025\/04\/songte-chushion-collar.webp\" alt=\"Tlmi\u010dov\u00fd golier pre hydraulick\u00fd valec\"><\/p>\n<h2>Bezpe\u010dnostn\u00e9 aspekty a faktory prostredia<\/h2>\n<p>Pri pou\u017e\u00edvan\u00ed hydraulick\u00fdch valcov je implement\u00e1cia bezpe\u010dnostn\u00fdch opatren\u00ed k\u013e\u00fa\u010dov\u00e1. Obsluha by mala by\u0165 vy\u0161kolen\u00e1 v bezpe\u010dn\u00fdch prev\u00e1dzkov\u00fdch postupoch, aby sa zmiernili rizik\u00e1 spojen\u00e9 s hydraulick\u00fdmi syst\u00e9mami. Pravideln\u00e9 bezpe\u010dnostn\u00e9 audity a dodr\u017eiavanie prev\u00e1dzkov\u00fdch pokynov pom\u00e1haj\u00fa zabezpe\u010di\u0165 bezpe\u010dn\u00e9 pracovn\u00e9 prostredie. Okrem toho by sa mali riadi\u0165 faktory prostredia, ako je vystavenie koroz\u00edvnym prvkom, aby sa pred\u013a\u017eila \u017eivotnos\u0165 hydraulick\u00fdch komponentov.<\/p>\n<h2>Diagnostika por\u00fach a be\u017en\u00e9 probl\u00e9my<\/h2>\n<ul>\n<li><strong>\u00danik:<\/strong> \u00danik m\u00f4\u017ee nazna\u010dova\u0165 poruchu tesnenia; skontrolujte, \u010di nie je po\u0161koden\u00e9, a v pr\u00edpade potreby vyme\u0148te tesnenia.<\/li>\n<li><strong>Slab\u00fd v\u00fdkon:<\/strong> Ak sa valec nevys\u00fava alebo nezas\u00fava plynulo, skontrolujte, \u010di nie je upchat\u00fd alebo \u010di nie je n\u00edzka hladina hydraulickej kvapaliny.<\/li>\n<li><strong>Nezvy\u010dajn\u00e9 zvuky:<\/strong> Hluky m\u00f4\u017eu signalizova\u0165 mechanick\u00e9 probl\u00e9my alebo nedostato\u010dn\u00e9 mazanie; okam\u017eite ich presk\u00famajte a vyrie\u0161te.<\/li>\n<\/ul>\n<h2>Tipy a rie\u0161enia probl\u00e9mov<\/h2>\n<p>Aby oper\u00e1tori mohli efekt\u00edvne diagnostikova\u0165 a rie\u0161i\u0165 probl\u00e9my, mali by si vies\u0165 z\u00e1znamy o v\u00fdkone a v\u0161etk\u00fdch nezrovnalostiach pozorovan\u00fdch po\u010das prev\u00e1dzky. Pravideln\u00e9 \u0161kolenia a aktualiz\u00e1cie postupov \u00fadr\u017eby m\u00f4\u017eu \u010falej minimalizova\u0165 potenci\u00e1lne probl\u00e9my. Na pred\u013a\u017eenie \u017eivotnosti valca ramena pou\u017e\u00edvajte prevent\u00edvne opatrenia, ako je v\u010dasn\u00e1 \u00fadr\u017eba a kontroly.<\/p>\n<p><img decoding=\"async\" src=\"https:\/\/www.hydraulic-cylinders.net\/wp-content\/uploads\/2025\/04\/songte-bushings-with-all-kinds-of-excavator-models.webp\" alt=\"Puzdr\u00e1 pre modely r\u00fdpadiel\"><\/p>\n<h2>Preh\u013ead spolo\u010dnosti<\/h2>\n<p>Sme popredn\u00fdm v\u00fdrobcom hydraulick\u00fdch valcov, \u0161pecializuj\u00facim sa na vysokokvalitn\u00e9 n\u00e1hradn\u00e9 diely. N\u00e1\u0161 rozsiahly sortiment produktov n\u00e1s etabloval ako popredn\u00e9ho hr\u00e1\u010da na dom\u00e1com aj medzin\u00e1rodnom trhu. Zaviazali sme sa k excelentnosti a vyu\u017e\u00edvame prepracovan\u00e9 v\u00fdrobn\u00e9 postupy a najmodernej\u0161ie technologick\u00e9 pokroky na zv\u00fd\u0161enie kvality produktov. V\u010faka kvalifikovan\u00e9mu person\u00e1lu, modern\u00e9mu v\u00fdrobn\u00e9mu zariadeniu a robustn\u00fdm testovac\u00edm syst\u00e9mom neust\u00e1le uspokojujeme rozmanit\u00e9 potreby z\u00e1kazn\u00edkov s efekt\u00edvnos\u0165ou a presnos\u0165ou. Na\u0161e zameranie na kvalitu zaru\u010duje, \u017ee dod\u00e1vame spo\u013eahliv\u00e9 rie\u0161enia pre hydraulick\u00e9 syst\u00e9my.<\/p>\n<p>Na\u0161a \u0161pecializ\u00e1cia sa roz\u0161iruje na medzin\u00e1rodn\u00e9 certifik\u00e1cie, slu\u017eby na mieru, modern\u00e9 v\u00fdrobn\u00e9 zariadenia a v\u00fdnimo\u010dn\u00fa popredajn\u00fa podporu.<\/p>\n<p><img decoding=\"async\" src=\"https:\/\/www.hydraulic-cylinders.net\/wp-content\/uploads\/2025\/04\/songte-company-4.webp\" alt=\"Obr\u00e1zok 1 z preh\u013eadu spolo\u010dnosti\"><\/p>\n<p><img decoding=\"async\" src=\"https:\/\/www.hydraulic-cylinders.net\/wp-content\/uploads\/2025\/04\/songte-company-3.webp\" alt=\"Obr\u00e1zok 2 z preh\u013eadu spolo\u010dnosti\"><\/p>\n<p>Autor: lyl<\/p>","protected":false},"excerpt":{"rendered":"<p>Boom Cylinder For XCMG Small Excavator XE6OCA Understanding the Boom Cylinder The boom cylinder is a critical hydraulic component used in heavy machinery, particularly in excavators. Its primary function is to control the movement of the boom, which is essential for various tasks such as digging, lifting, and transporting materials. The boom cylinder allows the [&hellip;]<\/p>","protected":false},"featured_media":17880,"comment_status":"open","ping_status":"closed","template":"","meta":{"_et_pb_use_builder":"","_et_pb_old_content":"","_et_gb_content_width":""},"product_brand":[],"product_cat":[1546],"product_tag":[1547,1496],"class_list":{"0":"post-19179","1":"product","2":"type-product","3":"status-publish","4":"has-post-thumbnail","6":"product_cat-boom-cylinders","7":"product_tag-boom-cylinders","8":"product_tag-hydraulic-cylinders","10":"first","11":"instock","12":"shipping-taxable","13":"product-type-simple"},"amp_enabled":true,"_links":{"self":[{"href":"https:\/\/www.hydraulic-cylinders.net\/sk\/wp-json\/wp\/v2\/product\/19179","targetHints":{"allow":["GET"]}}],"collection":[{"href":"https:\/\/www.hydraulic-cylinders.net\/sk\/wp-json\/wp\/v2\/product"}],"about":[{"href":"https:\/\/www.hydraulic-cylinders.net\/sk\/wp-json\/wp\/v2\/types\/product"}],"replies":[{"embeddable":true,"href":"https:\/\/www.hydraulic-cylinders.net\/sk\/wp-json\/wp\/v2\/comments?post=19179"}],"wp:featuredmedia":[{"embeddable":true,"href":"https:\/\/www.hydraulic-cylinders.net\/sk\/wp-json\/wp\/v2\/media\/17880"}],"wp:attachment":[{"href":"https:\/\/www.hydraulic-cylinders.net\/sk\/wp-json\/wp\/v2\/media?parent=19179"}],"wp:term":[{"taxonomy":"product_brand","embeddable":true,"href":"https:\/\/www.hydraulic-cylinders.net\/sk\/wp-json\/wp\/v2\/product_brand?post=19179"},{"taxonomy":"product_cat","embeddable":true,"href":"https:\/\/www.hydraulic-cylinders.net\/sk\/wp-json\/wp\/v2\/product_cat?post=19179"},{"taxonomy":"product_tag","embeddable":true,"href":"https:\/\/www.hydraulic-cylinders.net\/sk\/wp-json\/wp\/v2\/product_tag?post=19179"}],"curies":[{"name":"pracovn\u00fd list","href":"https:\/\/api.w.org\/{rel}","templated":true}]}}