{"id":19183,"date":"2025-04-07T06:17:01","date_gmt":"2025-04-07T06:17:01","guid":{"rendered":"https:\/\/www.hydraulic-cylinders.net\/product\/boom-cylinder-for-xcmg-small-excavator-xe40\/"},"modified":"2025-04-07T06:17:03","modified_gmt":"2025-04-07T06:17:03","slug":"boom-cylinder-for-xcmg-small-excavator-xe40","status":"publish","type":"product","link":"https:\/\/www.hydraulic-cylinders.net\/sk\/produkt\/boom-cylinder-for-xcmg-small-excavator-xe40\/","title":{"rendered":"Valec v\u00fdlo\u017en\u00edka pre mal\u00e9 r\u00fdpadlo XCMG XE40"},"content":{"rendered":"<h1>Valec v\u00fdlo\u017en\u00edka pre mal\u00e9 r\u00fdpadlo XCMG XE40<\/h1>\n<h2>Preh\u013ead produktu<\/h2>\n<p>Hydraulick\u00fd valec v\u00fdlo\u017en\u00edka pre mal\u00e9 r\u00fdpadlo XCMG XE40 je k\u013e\u00fa\u010dov\u00fd hydraulick\u00fd komponent ur\u010den\u00fd na zv\u00fd\u0161enie v\u00fdkonu mal\u00fdch r\u00fdpadiel. Tento hydraulick\u00fd valec zohr\u00e1va d\u00f4le\u017eit\u00fa \u00falohu pri ovl\u00e1dan\u00ed pohybu v\u00fdlo\u017en\u00edka, \u010do je nevyhnutn\u00e9 pre r\u00f4zne zemn\u00e9 pr\u00e1ce. Umo\u017e\u0148uje plynul\u00e9 vys\u00favanie a zas\u00favanie v\u00fdlo\u017en\u00edka, \u010do u\u013eah\u010duje presn\u00e9 kopanie, zdv\u00edhanie a premiest\u0148ovanie materi\u00e1lov, v\u010faka \u010domu je nevyhnutnou s\u00fa\u010das\u0165ou stavebn\u00fdch a v\u00fdkopov\u00fdch strojov.<\/p>\n<p><img decoding=\"async\" src=\"https:\/\/www.hydraulic-cylinders.net\/wp-content\/uploads\/2025\/04\/songte-company-1.webp\" alt=\"Valec v\u00fdlo\u017en\u00edka\"><\/p>\n<h3>Definovanie valca vedra<\/h3>\n<p>Hydraulick\u00fd valec ly\u017eice, \u010do je typ hydraulick\u00e9ho valca, je \u0161peci\u00e1lne navrhnut\u00fd na ovl\u00e1danie pohybu ly\u017e\u00edc v \u0165a\u017ek\u00fdch strojoch, ako s\u00fa bagre, r\u00fdpadlo-naklada\u010de a \u010deln\u00e9 naklada\u010de. Umo\u017e\u0148uje ly\u017eici zdv\u00edha\u0165, sp\u00fa\u0161\u0165a\u0165 a nakl\u00e1\u0148a\u0165, \u010do umo\u017e\u0148uje efekt\u00edvnu manipul\u00e1ciu s materi\u00e1lom. V\u010faka svojej robustnej kon\u0161trukcii dok\u00e1\u017ee valec ly\u017eice odola\u0165 vysok\u00fdm tlakom a za\u0165a\u017eeniam typick\u00fdm v stavebnom prostred\u00ed, \u010d\u00edm zais\u0165uje optim\u00e1lny v\u00fdkon a spo\u013eahlivos\u0165.<\/p>\n<h2>Vlastnosti valca v\u00fdlo\u017en\u00edka<\/h2>\n<ul>\n<li><strong>Vysok\u00e1 pevnos\u0165 a odolnos\u0165:<\/strong> Valec je vyroben\u00fd z vysokopevnostnej ocele alebo hlin\u00edka a je skon\u0161truovan\u00fd tak, aby odolal vysok\u00e9mu tlaku a \u0165a\u017ek\u00fdm za\u0165a\u017eeniam, v\u010faka \u010domu je vhodn\u00fd do n\u00e1ro\u010dn\u00fdch pracovn\u00fdch prostred\u00ed.<\/li>\n<li><strong>Efekt\u00edvna hydraulick\u00e1 prev\u00e1dzka:<\/strong> Vyu\u017e\u00edva hydraulick\u00fd tlak oleja pre plynul\u00e9 vys\u00favanie a zas\u00favanie, \u010d\u00edm poskytuje r\u00fdchlu odozvu na povely oper\u00e1tora a v\u00fdkonn\u00e9 tla\u010dn\u00e9 a \u0165ahov\u00e9 schopnosti.<\/li>\n<li><strong>R\u00f4zne typy:<\/strong> K dispoz\u00edcii s\u00fa v jedno\u010dinnom (prev\u00e1dzkovom v jednom smere) alebo dvoj\u010dinnom (prev\u00e1dzkovom v oboch smeroch) preveden\u00ed a niektor\u00e9 modely s\u00fa teleskopick\u00e9, \u010do umo\u017e\u0148uje v\u00e4\u010d\u0161ie vysunutie bez zv\u00e4\u010d\u0161enia vonkaj\u0161\u00edch rozmerov.<\/li>\n<li><strong>Prisp\u00f4sobite\u013en\u00e9 mo\u017enosti:<\/strong> R\u00f4zne \u0161pecifik\u00e1cie je mo\u017en\u00e9 prisp\u00f4sobi\u0165 tak, aby sp\u013a\u0148ali \u0161pecifick\u00e9 prev\u00e1dzkov\u00e9 po\u017eiadavky, \u010do poskytuje v\u0161estrannos\u0165 pre r\u00f4zne aplik\u00e1cie.<\/li>\n<li><strong>\u00dadr\u017eba priate\u013esk\u00e1:<\/strong> Valec je navrhnut\u00fd pre jednoduch\u00fa \u00fadr\u017ebu, servis a opravy sa daj\u00fa vykon\u00e1va\u0165 s minim\u00e1lnymi prestojmi, \u010do zabezpe\u010duje nepretr\u017eit\u00fa prev\u00e1dzku.<\/li>\n<\/ul>\n<p>Tento produkt vieme vyrobi\u0165 a na\u0161e valce dok\u00e1\u017eu dokonale nahradi\u0165 existuj\u00face hydraulick\u00e9 valce.<\/p>\n<p><img decoding=\"async\" src=\"https:\/\/www.hydraulic-cylinders.net\/wp-content\/uploads\/2025\/04\/songte-cylinder-head-with-all-kinds-excavator-models.webp\" alt=\"Valce pre bagre\"><\/p>\n<h2>Aplik\u00e1cie valca v\u00fdlo\u017en\u00edka<\/h2>\n<h3>Stavebn\u00e9 stroje<\/h3>\n<p>V r\u00fdpadl\u00e1ch je valec v\u00fdlo\u017en\u00edka nevyhnutn\u00fd na kopanie, nakladanie a premiest\u0148ovanie zeminy alebo sutiny. Jeho schopnos\u0165 vys\u00fava\u0165 sa a zas\u00fava\u0165 umo\u017e\u0148uje obsluhe dosiahnu\u0165 r\u00f4zne h\u013abky a polohy, \u010d\u00edm sa zvy\u0161uje efektivita a produktivita na pracovisk\u00e1ch.<\/p>\n<h3>Po\u013enohospod\u00e1rske stroje<\/h3>\n<p>V \u010deln\u00fdch naklada\u010doch sa valec v\u00fdlo\u017en\u00edka pou\u017e\u00edva na naberanie, zdv\u00edhanie a prepravu p\u00f4dy, sena a in\u00fdch materi\u00e1lov. Zvy\u0161uje schopnos\u0165 naklada\u010da manipulova\u0165 s r\u00f4znymi bremenami, v\u010faka \u010domu je d\u00f4le\u017eitou s\u00fa\u010das\u0165ou po\u013enohospod\u00e1rskych oper\u00e1ci\u00ed.<\/p>\n<h3>R\u00fdpadl\u00e1<\/h3>\n<p>V r\u00fdpadl\u00e1ch u\u013eah\u010duje valec v\u00fdlo\u017en\u00edka kopanie t\u00fdm, \u017ee umo\u017e\u0148uje ly\u017eici efekt\u00edvne prenika\u0165 do p\u00f4dy. T\u00e1to schopnos\u0165 je k\u013e\u00fa\u010dov\u00e1 pre dosiahnutie presn\u00e9ho v\u00fdkopu v r\u00f4znych ter\u00e9nnych podmienkach.<\/p>\n<h3>Naklada\u010de<\/h3>\n<p>V \u010deln\u00fdch naklada\u010doch pom\u00e1ha valec v\u00fdlo\u017en\u00edka efekt\u00edvne zdv\u00edha\u0165 a vyklada\u0165 materi\u00e1ly. Efekt\u00edvna prev\u00e1dzka naklada\u010da je vo ve\u013ekej miere z\u00e1visl\u00e1 od v\u00fdkonu valca v\u00fdlo\u017en\u00edka, \u010do prispieva k celkovej produktivite.<\/p>\n<h2>\u00davahy o dizajne a krit\u00e9ri\u00e1 v\u00fdberu<\/h2>\n<h3>Nosnos\u0165<\/h3>\n<p>Nosnos\u0165 valca v\u00fdlo\u017en\u00edka je kritick\u00fdm faktorom v procese n\u00e1vrhu. Mus\u00ed by\u0165 schopn\u00fd unies\u0165 maxim\u00e1lnu hmotnos\u0165, ktor\u00fa r\u00fdpadlo zdvihne alebo presunie. Materi\u00e1ly pou\u017eit\u00e9 pri v\u00fdrobe, spolu s rozmermi valca, s\u00fa starostlivo vybran\u00e9 tak, aby sa zabezpe\u010dila primeran\u00e1 pevnos\u0165 a spo\u013eahlivos\u0165 pri za\u0165a\u017een\u00ed.<\/p>\n<h3>Tesnenie<\/h3>\n<p>\u00da\u010dinn\u00e9 tesnenie je pre v\u00fdkon hydraulick\u00fdch valcov rozhoduj\u00face. Pou\u017eitie vysokokvalitn\u00fdch tesnen\u00ed zabra\u0148uje \u00faniku hydraulickej kvapaliny, \u010do m\u00f4\u017ee ohrozi\u0165 \u00fa\u010dinnos\u0165 valca a vies\u0165 k n\u00e1kladn\u00fdm oprav\u00e1m. Tesnenia sa musia vybera\u0165 na z\u00e1klade ich odolnosti a kompatibility s hydraulick\u00fdmi olejmi, aby sa zabezpe\u010dila dlh\u00e1 \u017eivotnos\u0165.<\/p>\n<h3>Trvanlivos\u0165<\/h3>\n<p>Trvanlivos\u0165 je nevyhnutn\u00e1 pre ak\u00fdko\u013evek hydraulick\u00fd komponent, najm\u00e4 v n\u00e1ro\u010dn\u00fdch aplik\u00e1ci\u00e1ch, ako je stavebn\u00edctvo. Materi\u00e1ly a povrchov\u00e9 \u00fapravy pou\u017eit\u00e9 pri kon\u0161trukcii valca musia odol\u00e1va\u0165 opotrebovaniu a kor\u00f3zii, aby sa zabezpe\u010dilo, \u017ee valec m\u00f4\u017ee efekt\u00edvne fungova\u0165 dlh\u0161\u00ed \u010das aj v n\u00e1ro\u010dn\u00fdch podmienkach.<\/p>\n<h3>Bezpe\u010dnos\u0165<\/h3>\n<p>Bezpe\u010dnostn\u00e9 aspekty s\u00fa neoddelite\u013enou s\u00fa\u010das\u0165ou kon\u0161trukcie hydraulick\u00fdch valcov. Aby sa predi\u0161lo nehod\u00e1m a zabezpe\u010dila sa bezpe\u010dn\u00e1 prev\u00e1dzka po\u010das v\u0161etk\u00fdch \u00faloh, musia by\u0165 zahrnut\u00e9 prvky, ako s\u00fa pretlakov\u00e9 ventily a bezpe\u010dnostn\u00e9 zastavovacie mechanizmy.<\/p>\n<h3>Udr\u017eiavate\u013enos\u0165<\/h3>\n<p>Navrhovanie s oh\u013eadom na \u00fadr\u017ebu je k\u013e\u00fa\u010dov\u00e9 pre zabezpe\u010denie dlhej \u017eivotnosti valca v\u00fdlo\u017en\u00edka. To zah\u0155\u0148a jednoduch\u00fd pr\u00edstup ku k\u013e\u00fa\u010dov\u00fdm komponentom na kontrolu a opravu, ako aj jasn\u00e9 pokyny pre be\u017en\u00e9 postupy \u00fadr\u017eby, aby sa predi\u0161lo poruch\u00e1m.<\/p>\n<p><img decoding=\"async\" src=\"https:\/\/www.hydraulic-cylinders.net\/wp-content\/uploads\/2025\/04\/songte-oil-pipes-and-spare-parts.webp\" alt=\"Hydraulick\u00e9 komponenty\"><\/p>\n<h2>Tesnenie a mazanie<\/h2>\n<p>Spr\u00e1vne tesnenie a mazanie s\u00fa nevyhnutn\u00e9 pre v\u00fdkon a dlh\u00fa \u017eivotnos\u0165 valca v\u00fdlo\u017en\u00edka. Na udr\u017eanie tlaku a zabr\u00e1nenie \u00fanikom sa pou\u017e\u00edvaj\u00fa r\u00f4zne tesnenia, vr\u00e1tane tesnen\u00ed piestov a tesnen\u00ed ty\u010d\u00ed. Tieto tesnenia s\u00fa \u010dasto vyroben\u00e9 z odoln\u00fdch materi\u00e1lov, ako je polyuret\u00e1n a nitrilov\u00e1 guma, ktor\u00e9 odol\u00e1vaj\u00fa n\u00e1ro\u010dn\u00fdm podmienkam. Teleso valca a z\u00e1vitov\u00e9 konce s\u00fa presne opracovan\u00e9, aby sa zv\u00fd\u0161ila odolnos\u0165 proti opotrebovaniu a zabezpe\u010dilo sa tesn\u00e9 utesnenie. Pravideln\u00e9 mazanie hydraulick\u00fdm olejom je nevyhnutn\u00e9 na minimaliz\u00e1ciu trenia a opotrebenia, \u010d\u00edm sa predl\u017euje \u017eivotnos\u0165 valca.<\/p>\n<h2>Opatrenia prevent\u00edvnej \u00fadr\u017eby<\/h2>\n<ul>\n<li><strong>Pravideln\u00e9 kontroly:<\/strong> Vykon\u00e1vajte pravideln\u00e9 kontroly tesnost\u00ed, opotrebovania a po\u0161kodenia. V\u010dasn\u00e9 odhalenie probl\u00e9mov m\u00f4\u017ee zabr\u00e1ni\u0165 n\u00e1kladn\u00fdm oprav\u00e1m a prestojom.<\/li>\n<li><strong>Mazanie:<\/strong> Zabezpe\u010dte, aby bol valec dostato\u010dne mazan\u00fd vhodn\u00fdm hydraulick\u00fdm olejom, aby sa zabezpe\u010dila hladk\u00e1 prev\u00e1dzka a zn\u00ed\u017eilo opotrebenie.<\/li>\n<li><strong>V\u00fdmena tesnenia:<\/strong> Sledujte tesnenia, \u010di nevykazuj\u00fa zn\u00e1mky opotrebovania, a v pr\u00edpade potreby ich vyme\u0148te, aby ste predi\u0161li \u00fanikom a zachovali v\u00fdkon.<\/li>\n<\/ul>\n<h2>Pokyny na in\u0161tal\u00e1ciu<\/h2>\n<p>Spr\u00e1vna in\u0161tal\u00e1cia valca v\u00fdlo\u017en\u00edka je k\u013e\u00fa\u010dov\u00e1 pre optim\u00e1lny v\u00fdkon. Za\u010dnite t\u00fdm, \u017ee sa uist\u00edte, \u017ee mont\u00e1\u017ene konzoly s\u00fa spr\u00e1vne zarovnan\u00e9, aby sa predi\u0161lo nespr\u00e1vnemu zarovnaniu. Na upevnenie valca na mieste pou\u017eite vhodn\u00e9 mont\u00e1\u017ene podpery, ktor\u00e9 u\u013eah\u010dia presn\u00e9 zarovnanie s prev\u00e1dzkov\u00fdmi komponentmi r\u00fdpadla. Je nevyhnutn\u00e9 dotiahnu\u0165 v\u0161etky skrutky pod\u013ea \u0161pecifik\u00e1ci\u00ed v\u00fdrobcu, aby sa predi\u0161lo ich uvo\u013eneniu po\u010das prev\u00e1dzky. Po in\u0161tal\u00e1cii otestujte valec vykonan\u00edm s\u00e9rie prev\u00e1dzkov\u00fdch kontrol, aby ste sa uistili, \u017ee funguje spr\u00e1vne.<\/p>\n<h2>Be\u017en\u00e9 \u00falohy \u00fadr\u017eby<\/h2>\n<ul>\n<li><strong>Pravideln\u00e9 kontroly:<\/strong> Vykon\u00e1vanie pravideln\u00fdch kontrol pom\u00e1ha identifikova\u0165 potenci\u00e1lne probl\u00e9my sk\u00f4r, ako sa vyhrotia, \u010d\u00edm sa zabezpe\u010d\u00ed pokra\u010duj\u00faca prev\u00e1dzka a bezpe\u010dnos\u0165.<\/li>\n<li><strong>Spr\u00e1vne mazanie:<\/strong> Dostato\u010dn\u00e9 mazanie je nevyhnutn\u00e9 pre plynul\u00fd chod a dlh\u00fa \u017eivotnos\u0165; napl\u00e1nujte si pravideln\u00e9 intervaly mazania pod\u013ea pou\u017e\u00edvania.<\/li>\n<li><strong>V\u00fdmena tesnenia:<\/strong> Pravidelne kontrolujte opotrebovanie tesnen\u00ed a vyme\u0148te ich, aby ste predi\u0161li \u00faniku hydraulickej kvapaliny, ktor\u00fd m\u00f4\u017ee zhor\u0161i\u0165 v\u00fdkon.<\/li>\n<\/ul>\n<h2>Bezpe\u010dnostn\u00e9 a environment\u00e1lne aspekty<\/h2>\n<p>Pri pr\u00e1ci s hydraulick\u00fdmi valcami s\u00fa bezpe\u010dnostn\u00e9 opatrenia prvorad\u00e9. Obsluha by mala absolvova\u0165 riadne \u0161kolenie o pou\u017e\u00edvan\u00ed strojov a pr\u00edslu\u0161n\u00fdch hydraulick\u00fdch syst\u00e9mov. Okrem toho zabezpe\u010denie spr\u00e1vneho fungovania v\u0161etk\u00fdch bezpe\u010dnostn\u00fdch mechanizmov m\u00f4\u017ee pred\u00eds\u0165 nehod\u00e1m. Mali by sa zoh\u013eadni\u0165 aj environment\u00e1lne aspekty, ako je spr\u00e1vna likvid\u00e1cia hydraulick\u00fdch kvapal\u00edn a materi\u00e1lov pou\u017e\u00edvan\u00fdch pri \u00fadr\u017ebe s cie\u013eom minimalizova\u0165 ekologick\u00fd dopad.<\/p>\n<h2>Rie\u0161enie probl\u00e9mov a be\u017en\u00e9 probl\u00e9my<\/h2>\n<ul>\n<li><strong>Netesn\u00e9 tesnenia:<\/strong> To \u010dasto nazna\u010duje opotrebovanie a vy\u017eaduje si okam\u017eit\u00fa pozornos\u0165 a v\u00fdmenu opotrebovan\u00fdch tesnen\u00ed, aby sa zabr\u00e1nilo \u00faniku kvapaliny.<\/li>\n<li><strong>Zn\u00ed\u017een\u00fd v\u00fdkon:<\/strong> Ak sa valec spr\u00e1vne nevys\u00fava alebo nezas\u00fava, skontrolujte hladinu hydraulickej kvapaliny a skontrolujte, \u010di nie je upchat\u00fd alebo po\u0161koden\u00fd.<\/li>\n<li><strong>Nezvy\u010dajn\u00e9 zvuky:<\/strong> Nezvy\u010dajn\u00e9 zvuky po\u010das prev\u00e1dzky m\u00f4\u017eu signalizova\u0165 vn\u00fatorn\u00e9 po\u0161kodenie alebo nedostatok mazania, \u010do si vy\u017eaduje okam\u017eit\u00fa kontrolu a \u00fadr\u017ebu.<\/li>\n<\/ul>\n<h2>Tipy na rie\u0161enie probl\u00e9mov a prevent\u00edvne opatrenia<\/h2>\n<p>Aby bolo mo\u017en\u00e9 efekt\u00edvne diagnostikova\u0165 a rie\u0161i\u0165 probl\u00e9my s valcom v\u00fdlo\u017en\u00edka, oper\u00e1tori by si mali udr\u017eiava\u0165 preh\u013ead o pr\u00edznakoch potenci\u00e1lnych por\u00fach. Implement\u00e1cia be\u017en\u00fdch prevent\u00edvnych opatren\u00ed, ako s\u00fa pravideln\u00e9 kontroly a v\u010dasn\u00e1 \u00fadr\u017eba, m\u00f4\u017ee zn\u00ed\u017ei\u0165 pravdepodobnos\u0165 probl\u00e9mov. Spr\u00e1vne \u0161kolenie a informovanos\u0165 m\u00f4\u017eu oper\u00e1torom umo\u017eni\u0165 r\u00fdchlo rie\u0161i\u0165 probl\u00e9my a zabezpe\u010di\u0165 spo\u013eahlivos\u0165 a bezpe\u010dnos\u0165 stroja.<\/p>\n<p><img decoding=\"async\" src=\"https:\/\/www.hydraulic-cylinders.net\/wp-content\/uploads\/2025\/04\/songte-bushings-with-all-kinds-of-excavator-models.webp\" alt=\"Komponenty bagra\"><\/p>\n<h2>Profil spolo\u010dnosti<\/h2>\n<p>Sme v\u00fdrobca \u0161pecializuj\u00faci sa na alternat\u00edvne hydraulick\u00e9 valce a m\u00f4\u017eeme sa pochv\u00e1li\u0165 komplexn\u00fdm sortimentom produktov, v\u010faka ktor\u00e9mu sme jedn\u00fdm z popredn\u00fdch v\u00fdrobcov a ve\u013ekoobchodn\u00edkov na dom\u00e1com aj medzin\u00e1rodnom trhu. N\u00e1\u0161 z\u00e1v\u00e4zok k excelentnosti v kvalite je podporen\u00fd prepracovanou strat\u00e9giou riadenia v\u00fdroby, ktor\u00e1 vyu\u017e\u00edva kvalifikovan\u00fd technick\u00fd person\u00e1l, najmodernej\u0161ie digit\u00e1lne v\u00fdrobn\u00e9 zariadenia a \u0161pecializovan\u00e9 testovacie syst\u00e9my. Neust\u00e1le vylep\u0161ujeme na\u0161e v\u00fdrobn\u00e9 platformy, \u010d\u00edm zabezpe\u010dujeme vysok\u00fa efektivitu, presnos\u0165 a kvalitu, aby sme splnili rozmanit\u00e9 potreby z\u00e1kazn\u00edkov.<\/p>\n<p><img decoding=\"async\" src=\"https:\/\/www.hydraulic-cylinders.net\/wp-content\/uploads\/2025\/04\/songte-company-4.webp\" alt=\"Preh\u013ead spolo\u010dnosti\"><br \/>\n<img decoding=\"async\" src=\"https:\/\/www.hydraulic-cylinders.net\/wp-content\/uploads\/2025\/04\/songte-company-3.webp\" alt=\"V\u00fdrobn\u00e9 zariadenia\"><\/p>\n<p>Na\u0161a spolo\u010dnos\u0165 pon\u00faka odborn\u00e9 znalosti, medzin\u00e1rodn\u00e9 certifik\u00e1cie, prisp\u00f4soben\u00e9 slu\u017eby, modern\u00e9 v\u00fdrobn\u00e9 zariadenia a v\u00fdnimo\u010dn\u00fa popredajn\u00fa podporu, \u010d\u00edm zabezpe\u010duje, \u017ee sp\u013a\u0148ame a prekon\u00e1vame o\u010dak\u00e1vania na\u0161ich z\u00e1kazn\u00edkov.<\/p>\n<p>Autor: lyl<\/p>","protected":false},"excerpt":{"rendered":"<p>Boom Cylinder For XCMG Small Excavator XE40 Product Overview The Boom Cylinder for XCMG Small Excavator XE40 is a crucial hydraulic component designed to enhance the performance of small excavators. This hydraulic cylinder plays a vital role in controlling the movement of the boom, which is essential for various earth-moving tasks. By allowing the boom [&hellip;]<\/p>","protected":false},"featured_media":17869,"comment_status":"open","ping_status":"closed","template":"","meta":{"_et_pb_use_builder":"","_et_pb_old_content":"","_et_gb_content_width":""},"product_brand":[],"product_cat":[1546],"product_tag":[1547,1496],"class_list":{"0":"post-19183","1":"product","2":"type-product","3":"status-publish","4":"has-post-thumbnail","6":"product_cat-boom-cylinders","7":"product_tag-boom-cylinders","8":"product_tag-hydraulic-cylinders","10":"first","11":"instock","12":"shipping-taxable","13":"product-type-simple"},"amp_enabled":true,"_links":{"self":[{"href":"https:\/\/www.hydraulic-cylinders.net\/sk\/wp-json\/wp\/v2\/product\/19183","targetHints":{"allow":["GET"]}}],"collection":[{"href":"https:\/\/www.hydraulic-cylinders.net\/sk\/wp-json\/wp\/v2\/product"}],"about":[{"href":"https:\/\/www.hydraulic-cylinders.net\/sk\/wp-json\/wp\/v2\/types\/product"}],"replies":[{"embeddable":true,"href":"https:\/\/www.hydraulic-cylinders.net\/sk\/wp-json\/wp\/v2\/comments?post=19183"}],"wp:featuredmedia":[{"embeddable":true,"href":"https:\/\/www.hydraulic-cylinders.net\/sk\/wp-json\/wp\/v2\/media\/17869"}],"wp:attachment":[{"href":"https:\/\/www.hydraulic-cylinders.net\/sk\/wp-json\/wp\/v2\/media?parent=19183"}],"wp:term":[{"taxonomy":"product_brand","embeddable":true,"href":"https:\/\/www.hydraulic-cylinders.net\/sk\/wp-json\/wp\/v2\/product_brand?post=19183"},{"taxonomy":"product_cat","embeddable":true,"href":"https:\/\/www.hydraulic-cylinders.net\/sk\/wp-json\/wp\/v2\/product_cat?post=19183"},{"taxonomy":"product_tag","embeddable":true,"href":"https:\/\/www.hydraulic-cylinders.net\/sk\/wp-json\/wp\/v2\/product_tag?post=19183"}],"curies":[{"name":"pracovn\u00fd list","href":"https:\/\/api.w.org\/{rel}","templated":true}]}}