{"id":19184,"date":"2025-04-07T06:17:04","date_gmt":"2025-04-07T06:17:04","guid":{"rendered":"https:\/\/www.hydraulic-cylinders.net\/product\/boom-cylinder-for-xcmg-small-excavator-xe65ca\/"},"modified":"2025-04-07T06:17:06","modified_gmt":"2025-04-07T06:17:06","slug":"boom-cylinder-for-xcmg-small-excavator-xe65ca","status":"publish","type":"product","link":"https:\/\/www.hydraulic-cylinders.net\/sk\/produkt\/boom-cylinder-for-xcmg-small-excavator-xe65ca\/","title":{"rendered":"Valec v\u00fdlo\u017en\u00edka pre mal\u00e9 r\u00fdpadlo XCMG XE65CA"},"content":{"rendered":"<h1>Valec v\u00fdlo\u017en\u00edka pre mal\u00e9 r\u00fdpadlo XCMG XE65CA<\/h1>\n<h2>Preh\u013ead produktu<\/h2>\n<p>Hydraulick\u00fd valec v\u00fdlo\u017en\u00edka pre mal\u00e9 r\u00fdpadlo XCMG XE65CA je z\u00e1kladnou s\u00fa\u010das\u0165ou hydraulick\u00e9ho syst\u00e9mu r\u00fdpadiel. Tento hydraulick\u00fd valec je \u0161peci\u00e1lne navrhnut\u00fd na ovl\u00e1danie pohybu v\u00fdlo\u017en\u00edka, \u010do umo\u017e\u0148uje jeho zdv\u00edhanie, sp\u00fa\u0161\u0165anie a nakl\u00e1\u0148anie. T\u00e1to schopnos\u0165 je k\u013e\u00fa\u010dov\u00e1 pre r\u00f4zne \u00falohy manipul\u00e1cie s materi\u00e1lom v stavebn\u00edctve a pri prev\u00e1dzke \u0165a\u017ek\u00fdch strojov. Valec v\u00fdlo\u017en\u00edka zohr\u00e1va d\u00f4le\u017eit\u00fa \u00falohu pri umo\u017enen\u00ed efekt\u00edvnej prev\u00e1dzky zariaden\u00ed, ako s\u00fa r\u00fdpadl\u00e1, r\u00fdpadlo-naklada\u010de a \u010deln\u00e9 naklada\u010de. U\u013eah\u010den\u00edm presn\u00e9ho pohybu v\u00fdlo\u017en\u00edka tento hydraulick\u00fd valec zvy\u0161uje celkov\u00fd v\u00fdkon a produktivitu stroja.<\/p>\n<p><img decoding=\"async\" src=\"https:\/\/www.hydraulic-cylinders.net\/wp-content\/uploads\/2025\/04\/songte-company-1.webp\" alt=\"Valec v\u00fdlo\u017en\u00edka\"><\/p>\n<h3>Defin\u00edcia a funk\u010dnos\u0165<\/h3>\n<p>Hydraulick\u00e9 valce, ako napr\u00edklad valec v\u00fdlo\u017en\u00edka, s\u00fa zariadenia, ktor\u00e9 premie\u0148aj\u00fa hydraulick\u00fa energiu na mechanick\u00fa energiu. S\u00fa navrhnut\u00e9 tak, aby generovali line\u00e1rny pohyb vyu\u017eit\u00edm tlaku hydraulickej kvapaliny. Valec v\u00fdlo\u017en\u00edka umo\u017e\u0148uje plynul\u00fd chod v\u00fdlo\u017en\u00edka r\u00fdpadla, \u010do umo\u017e\u0148uje obsluhe vykon\u00e1va\u0165 cel\u00fd rad \u00faloh vr\u00e1tane efekt\u00edvneho kopania, zdv\u00edhania a premiest\u0148ovania materi\u00e1lov.<\/p>\n<h2>Vlastnosti valca ramena<\/h2>\n<ul>\n<li><strong>Vysok\u00e1 pevnos\u0165 a odolnos\u0165:<\/strong> Tieto valce s\u00fa vyroben\u00e9 z vysokopevnostnej ocele alebo hlin\u00edka, tak\u017ee odol\u00e1vaj\u00fa vysok\u00e9mu tlaku a \u0165a\u017ek\u00e9mu za\u0165a\u017eeniu, v\u010faka \u010domu s\u00fa vhodn\u00e9 do n\u00e1ro\u010dn\u00fdch pracovn\u00fdch prostred\u00ed. S\u00fa navrhnut\u00e9 s oh\u013eadom na odolnos\u0165 vo\u010di opotrebovaniu a kor\u00f3zii, aby sa pred\u013a\u017eila ich \u017eivotnos\u0165.<\/li>\n<li><strong>Efekt\u00edvna hydraulick\u00e1 prev\u00e1dzka:<\/strong> V\u010faka hydraulick\u00e9mu tlaku oleja zabezpe\u010duje valec plynul\u00e9 vys\u00favanie a zas\u00favanie, \u010do umo\u017e\u0148uje r\u00fdchle reakcie na ovl\u00e1dacie povely a dosahuje siln\u00e9 tla\u010dn\u00e9 a \u0165ahov\u00e9 sily, ide\u00e1lne na zvl\u00e1dnutie \u0165a\u017ek\u00fdch a zlo\u017eit\u00fdch \u00faloh.<\/li>\n<li><strong>R\u00f4zne typy:<\/strong> V z\u00e1vislosti od prev\u00e1dzkov\u00fdch potrieb si pou\u017e\u00edvatelia m\u00f4\u017eu vybra\u0165 medzi jedno\u010dinn\u00fdmi (pracuj\u00facimi v jednom smere) alebo dvoj\u010dinn\u00fdmi (pracuj\u00facimi v oboch smeroch) valcami. Niektor\u00e9 modely s\u00fa teleskopick\u00e9, \u010do umo\u017e\u0148uje v\u00e4\u010d\u0161ie vysunutie bez zv\u00e4\u010d\u0161enia vonkaj\u0161\u00edch rozmerov, v\u010faka \u010domu s\u00fa vhodn\u00e9 pre aplik\u00e1cie s obmedzen\u00fdm priestorom.<\/li>\n<li><strong>Vynikaj\u00faci tesniaci v\u00fdkon:<\/strong> Tieto valce s\u00fa navrhnut\u00e9 tak, aby minimalizovali \u00faniky a zabezpe\u010dili efekt\u00edvnu prev\u00e1dzku, a pou\u017e\u00edvaj\u00fa vysoko kvalitn\u00e9 tesnenia, ktor\u00e9 udr\u017eiavaj\u00fa tlak a integritu kvapaliny.<\/li>\n<li><strong>Prisp\u00f4sobite\u013en\u00e9 mo\u017enosti:<\/strong> Na\u0161e valce je mo\u017en\u00e9 prisp\u00f4sobi\u0165 \u0161pecifick\u00fdm aplika\u010dn\u00fdm po\u017eiadavk\u00e1m, \u010do zabezpe\u010duje bezprobl\u00e9mov\u00fa integr\u00e1ciu a v\u00fdkon v r\u00f4znych strojoch.<\/li>\n<\/ul>\n<p><img decoding=\"async\" src=\"https:\/\/www.hydraulic-cylinders.net\/wp-content\/uploads\/2025\/04\/songte-cylinder-head-with-all-kinds-excavator-models.webp\" alt=\"Hlava valcov\"><\/p>\n<h2>Aplik\u00e1cie valca ramena<\/h2>\n<h3>Stavebn\u00e9 stroje<\/h3>\n<p>V r\u00fdpadl\u00e1ch s\u00fa valce v\u00fdlo\u017en\u00edka k\u013e\u00fa\u010dov\u00e9 pre kopanie, nakladanie a prepravu zeminy alebo sutiny. Umo\u017e\u0148uj\u00fa efekt\u00edvny pohyb v\u00fdlo\u017en\u00edka, \u010do umo\u017e\u0148uje obsluhe vykon\u00e1va\u0165 r\u00f4zne \u00falohy s presnos\u0165ou. V r\u00fdpadlo-naklada\u010doch pom\u00e1ha valec v\u00fdlo\u017en\u00edka pri v\u00fdkopov\u00fdch pr\u00e1cach aj zdv\u00edhan\u00ed, \u010d\u00edm zvy\u0161uje v\u0161estrannos\u0165 na stavenisk\u00e1ch.<\/p>\n<h3>Po\u013enohospod\u00e1rske stroje<\/h3>\n<p>V \u010deln\u00fdch naklada\u010doch s\u00fa valce v\u00fdlo\u017en\u00edka zodpovedn\u00e9 za naberanie, zdv\u00edhanie a prepravu p\u00f4dy, sena a in\u00fdch materi\u00e1lov. Ich schopnos\u0165 plynule fungova\u0165 pri r\u00f4znych za\u0165a\u017eeniach je nevyhnutn\u00e1 pre po\u013enohospod\u00e1rske \u00falohy, v\u010faka \u010domu s\u00fa nevyhnutn\u00e9 pre po\u013enohospod\u00e1rov a po\u013enohospod\u00e1rskych dod\u00e1vate\u013eov.<\/p>\n<h3>V\u00fdkopov\u00e9 \u00falohy<\/h3>\n<p>Valec v\u00fdlo\u017en\u00edka umo\u017e\u0148uje r\u00fdpadl\u00e1m efekt\u00edvne prenika\u0165 do zeme, \u010do umo\u017e\u0148uje efekt\u00edvne kopanie. T\u00e1to schopnos\u0165 je nevyhnutn\u00e1 v stavebn\u00edctve, ter\u00e9nnych \u00faprav\u00e1ch a pr\u00edprave staveniska, kde je potrebn\u00e9 presn\u00e9 odstr\u00e1nenie zeminy.<\/p>\n<h3>Nakladacie oper\u00e1cie<\/h3>\n<p>V \u010deln\u00fdch naklada\u010doch pom\u00e1haj\u00fa valce v\u00fdlo\u017en\u00edka pri efekt\u00edvnom zdv\u00edhan\u00ed a vykladan\u00ed bremien. T\u00e1to funkcia je obzvl\u00e1\u0161\u0165 d\u00f4le\u017eit\u00e1 v stavebn\u00edctve a manipul\u00e1cii s materi\u00e1lom, kde s\u00fa efektivita a r\u00fdchlos\u0165 k\u013e\u00fa\u010dov\u00e9.<\/p>\n<h2>\u00davahy o dizajne a krit\u00e9ri\u00e1 v\u00fdberu<\/h2>\n<h3>Nosnos\u0165<\/h3>\n<p>Pri v\u00fdbere valca v\u00fdlo\u017en\u00edka je nevyhnutn\u00e9 zv\u00e1\u017ei\u0165 jeho nosnos\u0165, ktor\u00e1 priamo ovplyv\u0148uje jeho schopnos\u0165 bezpe\u010dne a efekt\u00edvne vykon\u00e1va\u0165 \u00falohy. Valec mus\u00ed by\u0165 navrhnut\u00fd tak, aby zvl\u00e1dol maxim\u00e1lnu hmotnos\u0165, s ktorou sa stretne po\u010das prev\u00e1dzky, \u010d\u00edm sa zabezpe\u010d\u00ed bezpe\u010dnos\u0165 aj spo\u013eahlivos\u0165.<\/p>\n<h3>Tesnenie a trvanlivos\u0165<\/h3>\n<p>Tesniaci syst\u00e9m v hydraulickom valci je k\u013e\u00fa\u010dov\u00fd pre udr\u017eanie prev\u00e1dzkovej \u00fa\u010dinnosti. Vysokokvalitn\u00e9 tesnenia zabra\u0148uj\u00fa \u00faniku kvapaliny, \u010do m\u00f4\u017ee vies\u0165 k zn\u00ed\u017eeniu v\u00fdkonu a potenci\u00e1lnemu zlyhaniu strojov. Materi\u00e1ly pou\u017eit\u00e9 v t\u00fdchto tesneniach musia tie\u017e odol\u00e1va\u0165 n\u00e1ro\u010dn\u00fdm pracovn\u00fdm podmienkam, \u010d\u00edm sa zabezpe\u010d\u00ed dlhotrvaj\u00faca \u017eivotnos\u0165.<\/p>\n<h3>Bezpe\u010dnostn\u00e9 prvky<\/h3>\n<p>Bezpe\u010dnos\u0165 je pri hydraulick\u00fdch syst\u00e9moch prvorad\u00e1. Kon\u0161trukcia mus\u00ed zah\u0155\u0148a\u0165 bezpe\u010dnostn\u00e9 prvky a mechanizmy na zn\u00ed\u017eenie tlaku, aby sa predi\u0161lo nehod\u00e1m v d\u00f4sledku pre\u0165a\u017eenia alebo hydraulick\u00fdch por\u00fach. Zabezpe\u010denie t\u00fdchto bezpe\u010dnostn\u00fdch prvkov je nevyhnutn\u00e9 pre bezpe\u010dnos\u0165 obsluhy aj zariadenia.<\/p>\n<h3>\u00dadr\u017eba a opravy<\/h3>\n<p>\u010eal\u0161\u00edm d\u00f4le\u017eit\u00fdm aspektom, ktor\u00fd treba zv\u00e1\u017ei\u0165, je jednoduchos\u0165 \u00fadr\u017eby. Hydraulick\u00e9 valce by mali by\u0165 navrhnut\u00e9 tak, aby umo\u017e\u0148ovali jednoduch\u00fa kontrolu a servis, \u010do by umo\u017e\u0148ovalo pravideln\u00e9 kontroly \u00fadr\u017eby bez v\u00fdrazn\u00fdch prestojov. Tento aspekt zvy\u0161uje \u017eivotnos\u0165 a spo\u013eahlivos\u0165 zariadenia.<\/p>\n<p><img decoding=\"async\" src=\"https:\/\/www.hydraulic-cylinders.net\/wp-content\/uploads\/2025\/04\/songte-oil-pipes-and-spare-parts.webp\" alt=\"Olejov\u00e9 potrubia a n\u00e1hradn\u00e9 diely\"><\/p>\n<h2>Tesnenie a mazanie hydraulick\u00e9ho valca<\/h2>\n<p>Tesniaci syst\u00e9m valcov v\u00fdlo\u017en\u00edka zah\u0155\u0148a r\u00f4zne tesniace prvky, ako s\u00fa tesnenia piestov a tesnenia ty\u010d\u00ed, ktor\u00e9 s\u00fa k\u013e\u00fa\u010dov\u00e9 pre udr\u017eanie integrity hydraulickej kvapaliny. Tesnenia vyroben\u00e9 z materi\u00e1lov ako polyuret\u00e1n a nitrilov\u00fd kau\u010duk s\u00fa vybran\u00e9 pre ich vlastnosti odoln\u00e9 vo\u010di opotrebovaniu. Okrem toho s\u00fa teleso valca a z\u00e1vitov\u00e9 koncov\u00e9 plochy jemne opracovan\u00e9, aby sa zv\u00fd\u0161ila odolnos\u0165 vo\u010di opotrebovaniu. Pravideln\u00e9 mazanie vhodn\u00fdm mno\u017estvom hydraulick\u00e9ho oleja je nevyhnutn\u00e9 na zabezpe\u010denie hladkej prev\u00e1dzky a pred\u013a\u017eenie \u017eivotnosti tesnen\u00ed a valca.<\/p>\n<h2>Opatrenia prevent\u00edvnej \u00fadr\u017eby<\/h2>\n<ul>\n<li><strong>Pravideln\u00e9 kontroly:<\/strong> Vykon\u00e1vajte pravideln\u00e9 kontroly na zistenie opotrebovania tesnen\u00ed, armat\u00far a telesa valca. Pravideln\u00e1 kontrola netesnost\u00ed a po\u0161kodenia m\u00f4\u017ee zabr\u00e1ni\u0165 \u010fal\u0161iemu zhor\u0161ovaniu stavu a n\u00e1kladn\u00fdm oprav\u00e1m.<\/li>\n<li><strong>Vhodn\u00e9 mazanie:<\/strong> Uistite sa, \u017ee hydraulick\u00fd valec je dostato\u010dne namazan\u00fd, preto\u017ee to zabra\u0148uje treniu a opotrebovaniu. Na udr\u017eanie optim\u00e1lneho v\u00fdkonu pou\u017e\u00edvajte iba odpor\u00fa\u010dan\u00e9 maziv\u00e1.<\/li>\n<li><strong>V\u00fdmena tesnenia:<\/strong> Tesnenia pravidelne vymie\u0148ajte na z\u00e1klade pou\u017e\u00edvania a opotrebovania. Pravideln\u00e1 v\u00fdmena opotrebovan\u00fdch tesnen\u00ed zais\u0165uje efekt\u00edvnu prev\u00e1dzku hydraulick\u00e9ho syst\u00e9mu a zabra\u0148uje \u00fanikom.<\/li>\n<\/ul>\n<h2>Pokyny na in\u0161tal\u00e1ciu valca ramena<\/h2>\n<p>Spr\u00e1vna in\u0161tal\u00e1cia valca v\u00fdlo\u017en\u00edka je nevyhnutn\u00e1 pre optim\u00e1lny v\u00fdkon. Za\u010dnite t\u00fdm, \u017ee sa uist\u00edte, \u017ee v\u0161etky mont\u00e1\u017ene povrchy s\u00fa \u010dist\u00e9 a bez ne\u010dist\u00f4t. Valec presne zarovnajte s mont\u00e1\u017enymi konzolami pomocou vhodn\u00fdch mont\u00e1\u017enych pr\u00edpravkov alebo up\u00ednac\u00edch prvkov, aby ste po\u010das mont\u00e1\u017ee zachovali zarovnanie. Valec zaistite pomocou \u0161pecifikovan\u00fdch upev\u0148ovac\u00edch prvkov a nastaven\u00ed kr\u00fatiaceho momentu od v\u00fdrobcu. Pred testovan\u00edm syst\u00e9mu pri prev\u00e1dzkovom za\u0165a\u017een\u00ed skontrolujte, \u010di s\u00fa v\u0161etky hydraulick\u00e9 pripojenia pevn\u00e9 a bez netesnost\u00ed. Pravidelne monitorujte in\u0161tal\u00e1ciu, \u010di nevykazuje zn\u00e1mky nespr\u00e1vneho zarovnania alebo opotrebenia, a probl\u00e9my okam\u017eite rie\u0161te, aby ste zachovali v\u00fdkon.<\/p>\n<h2>Be\u017en\u00e9 \u00falohy \u00fadr\u017eby<\/h2>\n<h3>Pravideln\u00e9 kontroly<\/h3>\n<p>Pravideln\u00e9 kontroly valca ramena s\u00fa nevyhnutn\u00e9 na identifik\u00e1ciu potenci\u00e1lnych probl\u00e9mov sk\u00f4r, ako sa zhor\u0161ia. Skontrolujte, \u010di na tele valca nie s\u00fa \u017eiadne zn\u00e1mky opotrebenia, ako s\u00fa \u0161krabance alebo prelia\u010diny, a skontrolujte tesnenia, \u010di nevykazuj\u00fa zn\u00e1mky \u00faniku kvapaliny. V\u010dasn\u00e9 odhalenie probl\u00e9mov umo\u017e\u0148uje prija\u0165 prevent\u00edvne opatrenia a zabezpe\u010di\u0165, aby valec fungoval efekt\u00edvne a bezpe\u010dne.<\/p>\n<h3>Vhodn\u00e9 mazanie<\/h3>\n<p>Udr\u017eiavanie spr\u00e1vneho mazania je nevyhnutn\u00e9 pre dlh\u00fa \u017eivotnos\u0165 hydraulick\u00e9ho valca. Zabezpe\u010dte, aby ste pou\u017e\u00edvali spr\u00e1vny typ hydraulick\u00e9ho oleja a aby ste ho pravidelne dop\u013a\u0148ali pod\u013ea odpor\u00fa\u010dan\u00ed v\u00fdrobcu. Spr\u00e1vne mazanie minimalizuje trenie a opotrebenie, \u010d\u00edm sa zvy\u0161uje v\u00fdkon a \u017eivotnos\u0165 valca.<\/p>\n<h3>V\u00fdmena tesnenia a kontroly kalibr\u00e1cie<\/h3>\n<p>Pravidelne kontrolujte stav tesnen\u00ed a v pr\u00edpade potreby ich vyme\u0148te, aby ste predi\u0161li \u00fanikom. Kalibra\u010dn\u00e9 kontroly zabezpe\u010duj\u00fa, \u017ee valec funguje v r\u00e1mci svojich kon\u0161truk\u010dn\u00fdch \u0161pecifik\u00e1ci\u00ed a udr\u017eiava spr\u00e1vny tlak a funk\u010dnos\u0165. Tento proces je nevyhnutn\u00fd na zabezpe\u010denie efekt\u00edvnej prev\u00e1dzky a prevenciu mechanick\u00fdch por\u00fach.<\/p>\n<p><img decoding=\"async\" src=\"https:\/\/www.hydraulic-cylinders.net\/wp-content\/uploads\/2025\/04\/songte-chushion-collar.webp\" alt=\"Vank\u00fa\u0161ov\u00fd golier\"><\/p>\n<h2>Bezpe\u010dnostn\u00e9 aspekty a faktory prostredia<\/h2>\n<p>Pri pr\u00e1ci s hydraulick\u00fdmi syst\u00e9mami je nevyhnutn\u00e9 uprednostni\u0165 bezpe\u010dnostn\u00e9 opatrenia. Obsluha by mala by\u0165 vy\u0161kolen\u00e1 v bezpe\u010dnej manipul\u00e1cii s hydraulick\u00fdmi zariadeniami a mala by si by\u0165 vedom\u00e1 potenci\u00e1lnych riz\u00edk spojen\u00fdch s \u00fanikmi hydraulickej kvapaliny. Implement\u00e1cia bezpe\u010dnostn\u00fdch protokolov, ako je pou\u017e\u00edvanie osobn\u00fdch ochrann\u00fdch prostriedkov (OOP) a vykon\u00e1vanie pravideln\u00fdch bezpe\u010dnostn\u00fdch auditov, m\u00f4\u017ee pom\u00f4c\u0165 zmierni\u0165 rizik\u00e1 a zabezpe\u010di\u0165 bezpe\u010dn\u00e9 pracovn\u00e9 prostredie.<\/p>\n<h2>Rie\u0161enie probl\u00e9mov a be\u017en\u00e9 probl\u00e9my<\/h2>\n<ul>\n<li><strong>Strata energie:<\/strong> Ak valec ramena vykazuje stratu v\u00fdkonu alebo pomal\u00fd pohyb, m\u00f4\u017ee to znamena\u0165 n\u00edzku hladinu hydraulickej kvapaliny alebo vzduch v syst\u00e9me. Skontrolujte hladiny kvapal\u00edn a v pr\u00edpade potreby syst\u00e9m odvzdu\u0161nite.<\/li>\n<li><strong>\u00danik:<\/strong> \u00daniky hydraulickej kvapaliny m\u00f4\u017eu ovplyvni\u0165 v\u00fdkon valca. Skontrolujte tesnenia a spoje, \u010di nie s\u00fa opotrebovan\u00e9 alebo po\u0161koden\u00e9, a vyme\u0148te v\u0161etky chybn\u00e9 komponenty.<\/li>\n<li><strong>Nespr\u00e1vne zarovnanie:<\/strong> Ak valec nefunguje hladko, skontrolujte zarovnanie mont\u00e1\u017enych konzol a samotn\u00e9ho valca. Nespr\u00e1vne zarovnanie m\u00f4\u017ee sp\u00f4sobi\u0165 nerovnomern\u00e9 opotrebovanie a potenci\u00e1lne po\u0161kodenie.<\/li>\n<\/ul>\n<p>Pre efekt\u00edvnu diagnostiku a rie\u0161enie probl\u00e9mov by sa oper\u00e1tori mali obozn\u00e1mi\u0165 s be\u017en\u00fdmi prev\u00e1dzkov\u00fdmi parametrami hydraulick\u00e9ho syst\u00e9mu. Pravideln\u00e9 \u0161kolenia a \u00fadr\u017eb\u00e1rske postupy m\u00f4\u017eu v\u00fdrazne zn\u00ed\u017ei\u0165 v\u00fdskyt probl\u00e9mov a zabezpe\u010di\u0165 plynul\u00fa prev\u00e1dzku.<\/p>\n<p><img decoding=\"async\" src=\"https:\/\/www.hydraulic-cylinders.net\/wp-content\/uploads\/2025\/04\/songte-bushings-with-all-kinds-of-excavator-models.webp\" alt=\"Puzdr\u00e1 s modelmi bagrov\"><\/p>\n<h2>O na\u0161ej spolo\u010dnosti<\/h2>\n<p>Sme popredn\u00fdm v\u00fdrobcom a ve\u013ekoobchodn\u00edkom hydraulick\u00fdch valcov, \u0161pecializuj\u00facim sa na poskytovanie vysokokvalitn\u00fdch n\u00e1hrad pre r\u00f4zne hydraulick\u00e9 syst\u00e9my. N\u00e1\u0161 rozsiahly sortiment produktov n\u00e1s etabloval ako k\u013e\u00fa\u010dov\u00e9ho hr\u00e1\u010da na dom\u00e1com aj medzin\u00e1rodnom trhu. Dr\u017e\u00edme sa excelentnosti v kvalite a vyu\u017e\u00edvame prepracovan\u00fa strat\u00e9giu riadenia v\u00fdroby. Na\u0161a spolo\u010dnos\u0165 neust\u00e1le vylep\u0161uje svoju v\u00fdrobn\u00fa platformu prostredn\u00edctvom pokro\u010dil\u00fdch technol\u00f3gi\u00ed, \u0161pi\u010dkov\u00fdch v\u00fdrobn\u00fdch zariaden\u00ed a profesion\u00e1lnych testovac\u00edch syst\u00e9mov.<\/p>\n<p>Na\u0161e schopnosti zah\u0155\u0148aj\u00fa:<\/p>\n<ul>\n<li><strong>Odborn\u00e1 odbornos\u0165:<\/strong> N\u00e1\u0161 t\u00edm sa sklad\u00e1 z kvalifikovan\u00fdch odborn\u00edkov s rozsiahlymi sk\u00fasenos\u0165ami v oblasti hydraulick\u00fdch syst\u00e9mov.<\/li>\n<li><strong>Medzin\u00e1rodn\u00e9 certifik\u00e1cie:<\/strong> Na\u0161e produkty sp\u013a\u0148aj\u00fa medzin\u00e1rodn\u00e9 \u0161tandardy, \u010do zaru\u010duje spo\u013eahlivos\u0165 a bezpe\u010dnos\u0165.<\/li>\n<li><strong>Slu\u017eby prisp\u00f4sobenia:<\/strong> Pon\u00fakame rie\u0161enia \u0161it\u00e9 na mieru, ktor\u00e9 sp\u013a\u0148aj\u00fa \u0161pecifick\u00e9 potreby z\u00e1kazn\u00edkov a prev\u00e1dzkov\u00e9 po\u017eiadavky.<\/li>\n<li><strong>Najmodernej\u0161ie vybavenie:<\/strong> Na\u0161e v\u00fdrobn\u00e9 zariadenie je vybaven\u00e9 modern\u00fdmi strojmi na zv\u00fd\u0161enie efektivity a presnosti v\u00fdroby.<\/li>\n<li><strong>Komplexn\u00e1 popredajn\u00e1 podpora:<\/strong> Zaviazali sme sa poskytova\u0165 v\u00fdnimo\u010dn\u00fd z\u00e1kazn\u00edcky servis a podporu a zabezpe\u010dova\u0165 spokojnos\u0165 po\u010das cel\u00e9ho \u017eivotn\u00e9ho cyklu produktu.<\/li>\n<\/ul>\n<p><img decoding=\"async\" src=\"https:\/\/www.hydraulic-cylinders.net\/wp-content\/uploads\/2025\/04\/songte-company-4.webp\" alt=\"Preh\u013ead spolo\u010dnosti\"><br \/>\n<img decoding=\"async\" src=\"https:\/\/www.hydraulic-cylinders.net\/wp-content\/uploads\/2025\/04\/songte-company-3.webp\" alt=\"Zariadenia spolo\u010dnosti\"><\/p>\n<p>Autor: lyl<\/p>","protected":false},"excerpt":{"rendered":"<p>Boom Cylinder For XCMG Small Excavator XE65CA Product Overview The Boom Cylinder for XCMG Small Excavator XE65CA is an essential component in the hydraulic system of excavators. This hydraulic cylinder is specifically designed to control the movement of the boom, allowing it to lift, lower, and tilt. This capability is crucial for various material handling [&hellip;]<\/p>","protected":false},"featured_media":17870,"comment_status":"open","ping_status":"closed","template":"","meta":{"_et_pb_use_builder":"","_et_pb_old_content":"","_et_gb_content_width":""},"product_brand":[],"product_cat":[1546],"product_tag":[1547,1496],"class_list":{"0":"post-19184","1":"product","2":"type-product","3":"status-publish","4":"has-post-thumbnail","6":"product_cat-boom-cylinders","7":"product_tag-boom-cylinders","8":"product_tag-hydraulic-cylinders","10":"first","11":"instock","12":"shipping-taxable","13":"product-type-simple"},"amp_enabled":true,"_links":{"self":[{"href":"https:\/\/www.hydraulic-cylinders.net\/sk\/wp-json\/wp\/v2\/product\/19184","targetHints":{"allow":["GET"]}}],"collection":[{"href":"https:\/\/www.hydraulic-cylinders.net\/sk\/wp-json\/wp\/v2\/product"}],"about":[{"href":"https:\/\/www.hydraulic-cylinders.net\/sk\/wp-json\/wp\/v2\/types\/product"}],"replies":[{"embeddable":true,"href":"https:\/\/www.hydraulic-cylinders.net\/sk\/wp-json\/wp\/v2\/comments?post=19184"}],"wp:featuredmedia":[{"embeddable":true,"href":"https:\/\/www.hydraulic-cylinders.net\/sk\/wp-json\/wp\/v2\/media\/17870"}],"wp:attachment":[{"href":"https:\/\/www.hydraulic-cylinders.net\/sk\/wp-json\/wp\/v2\/media?parent=19184"}],"wp:term":[{"taxonomy":"product_brand","embeddable":true,"href":"https:\/\/www.hydraulic-cylinders.net\/sk\/wp-json\/wp\/v2\/product_brand?post=19184"},{"taxonomy":"product_cat","embeddable":true,"href":"https:\/\/www.hydraulic-cylinders.net\/sk\/wp-json\/wp\/v2\/product_cat?post=19184"},{"taxonomy":"product_tag","embeddable":true,"href":"https:\/\/www.hydraulic-cylinders.net\/sk\/wp-json\/wp\/v2\/product_tag?post=19184"}],"curies":[{"name":"pracovn\u00fd list","href":"https:\/\/api.w.org\/{rel}","templated":true}]}}